{"id":15674,"date":"2024-12-19T08:18:26","date_gmt":"2024-12-19T08:18:26","guid":{"rendered":"https:\/\/anivet.lt\/elparduotuve\/?post_type=product&#038;p=15674"},"modified":"2026-01-09T10:16:17","modified_gmt":"2026-01-09T10:16:17","slug":"eukanuba-breed-specific-sausas-maistas-vakaru-skotijos-terjerams-su-vistiena-25kg","status":"publish","type":"product","link":"https:\/\/anivet.lt\/elparduotuve\/produktas\/eukanuba-breed-specific-sausas-maistas-vakaru-skotijos-terjerams-su-vistiena-25kg\/","title":{"rendered":"Eukanuba Breed Specific sausas maistas Vakar\u0173 \u0160kotijos terjerams su vi\u0161tiena 2,5kg"},"content":{"rendered":"<ul>\n<li><span style=\"font-weight: 400;\">Daugiau prebiotik\u0173: Skatina sveik\u0105 vir\u0161kinim\u0105 ir padeda efektyviau \u012fsisavinti maistines med\u017eiagas.<\/span><\/li>\n<li style=\"font-weight: 400;\" aria-level=\"1\"><span style=\"font-weight: 400;\">Omega-6 ir Omega-3 riebal\u0173 r\u016bg\u0161tys: Palaiko sveik\u0105 od\u0105 ir spindint\u012f kail\u012f.<\/span><\/li>\n<li style=\"font-weight: 400;\" aria-level=\"1\"><span style=\"font-weight: 400;\">Gyv\u016bniniai baltymai: Stiprina raumenis ir palaiko aktyv\u0173 gyvenimo b\u016bd\u0105.<\/span><\/li>\n<li style=\"font-weight: 400;\" aria-level=\"1\"><span style=\"font-weight: 400;\">Dant\u0173 prie\u017ei\u016bros sistema: Sud\u0117tyje esantys mineralai ir \u201eDentaDefense\u201c padeda i\u0161laikyti stiprius ir sveikus dantis.<\/span><\/li>\n<li style=\"font-weight: 400;\" aria-level=\"1\"><span style=\"font-weight: 400;\">Antioksidantai: Vitaminai E ir beta karotinas stiprina imunin\u0119 sistem\u0105 ir padeda ilgiau i\u0161laikyti augintinio energij\u0105.<\/span><\/li>\n<\/ul>\n<p><span style=\"font-weight: 400;\">\u0160is pa\u0161aras, sukurtas bendradarbiaujant su veterinarais ir rekomenduojamas veis\u0117j\u0173, yra 100% visavertis ir subalansuotas. Tinka kasdieniam naudojimui, u\u017etikrinant sveik\u0105 gyvenimo b\u016bd\u0105 ir puiki\u0105 augintinio savijaut\u0105, nepriklausomai nuo jo dyd\u017eio ar aktyvumo lygio.<\/span><\/p>\n","protected":false},"excerpt":{"rendered":"<p><span style=\"font-weight: 400;\">Subalansuota mityba, pritaikyta Vakar\u0173 \u0160kotijos terjerams ir kitoms ma\u017e\u0173 bei vidutini\u0173 veisli\u0173 \u0161unims, tokioms kaip \u0160kotijos terjerai, kernterjerai, val\u0173 terjerai ir cverg\u0161nauceriai. \u0160is pa\u0161aras skirtas palaikyti puiki\u0105 \u0161uns sveikat\u0105 ir energij\u0105 kasdien.<\/span><\/p>\n","protected":false},"featured_media":15675,"template":"","meta":[],"product_brand":[],"product_cat":[101,103,104,322],"product_tag":[],"class_list":{"0":"post-15674","1":"product","2":"type-product","3":"status-publish","4":"has-post-thumbnail","6":"product_cat-sunims","7":"product_cat-sunu-maistas","8":"product_cat-sausas-maistas","9":"product_cat-eukanuba-sunu-maistas","10":"pa_prekinis-zenklas-eukanuba","12":"first","13":"instock","14":"taxable","15":"shipping-taxable","16":"purchasable","17":"product-type-simple"},"yoast_head":"<!-- This site is optimized with the Yoast SEO Premium plugin v27.1 (Yoast SEO v27.5) - https:\/\/yoast.com\/product\/yoast-seo-premium-wordpress\/ -->\n<title>Eukanuba Breed Specific sausas maistas Vakar\u0173 \u0160kotijos terjerams su vi\u0161tiena 2,5kg - anivet.lt<\/title>\n<meta name=\"description\" content=\"Subalansuota mityba, pritaikyta Vakar\u0173 \u0160kotijos terjerams ir kitoms ma\u017e\u0173 bei vidutini\u0173 veisli\u0173 \u0161unims, tokioms kaip \u0160kotijos terjerai, kernterjerai, val\u0173 terjerai ir cverg\u0161nauceriai. \u0160is pa\u0161aras skirtas palaikyti puiki\u0105 \u0161uns sveikat\u0105 ir energij\u0105 kasdien.\" \/>\n<meta name=\"robots\" content=\"index, follow, max-snippet:-1, max-image-preview:large, max-video-preview:-1\" \/>\n<link rel=\"canonical\" href=\"https:\/\/anivet.lt\/elparduotuve\/produktas\/eukanuba-breed-specific-sausas-maistas-vakaru-skotijos-terjerams-su-vistiena-25kg\/\" \/>\n<meta property=\"og:locale\" content=\"lt_LT\" \/>\n<meta property=\"og:type\" content=\"article\" \/>\n<meta property=\"og:title\" content=\"Eukanuba Breed Specific sausas maistas Vakar\u0173 \u0160kotijos terjerams su vi\u0161tiena 2,5kg\" \/>\n<meta property=\"og:description\" content=\"Subalansuota mityba, pritaikyta Vakar\u0173 \u0160kotijos terjerams ir kitoms ma\u017e\u0173 bei vidutini\u0173 veisli\u0173 \u0161unims, tokioms kaip \u0160kotijos terjerai, kernterjerai, val\u0173 terjerai ir cverg\u0161nauceriai. \u0160is pa\u0161aras skirtas palaikyti puiki\u0105 \u0161uns sveikat\u0105 ir energij\u0105 kasdien.\" \/>\n<meta property=\"og:url\" content=\"https:\/\/anivet.lt\/elparduotuve\/produktas\/eukanuba-breed-specific-sausas-maistas-vakaru-skotijos-terjerams-su-vistiena-25kg\/\" \/>\n<meta property=\"og:site_name\" content=\"anivet.lt\" \/>\n<meta property=\"article:modified_time\" content=\"2026-01-09T10:16:17+00:00\" \/>\n<meta property=\"og:image\" content=\"https:\/\/anivet.lt\/elparduotuve\/wp-content\/uploads\/2024\/12\/854.jpg\" \/>\n\t<meta property=\"og:image:width\" content=\"400\" \/>\n\t<meta property=\"og:image:height\" content=\"400\" \/>\n\t<meta property=\"og:image:type\" content=\"image\/jpeg\" \/>\n<meta name=\"twitter:card\" content=\"summary_large_image\" \/>\n<meta name=\"twitter:label1\" content=\"Est. reading time\" \/>\n\t<meta name=\"twitter:data1\" content=\"1 minut\u0117\" \/>\n<script type=\"application\/ld+json\" class=\"yoast-schema-graph\">{\"@context\":\"https:\\\/\\\/schema.org\",\"@graph\":[{\"@type\":\"WebPage\",\"@id\":\"https:\\\/\\\/anivet.lt\\\/elparduotuve\\\/produktas\\\/eukanuba-breed-specific-sausas-maistas-vakaru-skotijos-terjerams-su-vistiena-25kg\\\/\",\"url\":\"https:\\\/\\\/anivet.lt\\\/elparduotuve\\\/produktas\\\/eukanuba-breed-specific-sausas-maistas-vakaru-skotijos-terjerams-su-vistiena-25kg\\\/\",\"name\":\"Eukanuba Breed Specific sausas maistas Vakar\u0173 \u0160kotijos terjerams su vi\u0161tiena 2,5kg - anivet.lt\",\"isPartOf\":{\"@id\":\"https:\\\/\\\/anivet.lt\\\/elparduotuve\\\/#website\"},\"primaryImageOfPage\":{\"@id\":\"https:\\\/\\\/anivet.lt\\\/elparduotuve\\\/produktas\\\/eukanuba-breed-specific-sausas-maistas-vakaru-skotijos-terjerams-su-vistiena-25kg\\\/#primaryimage\"},\"image\":{\"@id\":\"https:\\\/\\\/anivet.lt\\\/elparduotuve\\\/produktas\\\/eukanuba-breed-specific-sausas-maistas-vakaru-skotijos-terjerams-su-vistiena-25kg\\\/#primaryimage\"},\"thumbnailUrl\":\"https:\\\/\\\/anivet.lt\\\/elparduotuve\\\/wp-content\\\/uploads\\\/2024\\\/12\\\/854.jpg\",\"datePublished\":\"2024-12-19T08:18:26+00:00\",\"dateModified\":\"2026-01-09T10:16:17+00:00\",\"description\":\"Subalansuota mityba, pritaikyta Vakar\u0173 \u0160kotijos terjerams ir kitoms ma\u017e\u0173 bei vidutini\u0173 veisli\u0173 \u0161unims, tokioms kaip \u0160kotijos terjerai, kernterjerai, val\u0173 terjerai ir cverg\u0161nauceriai. \u0160is pa\u0161aras skirtas palaikyti puiki\u0105 \u0161uns sveikat\u0105 ir energij\u0105 kasdien.\",\"breadcrumb\":{\"@id\":\"https:\\\/\\\/anivet.lt\\\/elparduotuve\\\/produktas\\\/eukanuba-breed-specific-sausas-maistas-vakaru-skotijos-terjerams-su-vistiena-25kg\\\/#breadcrumb\"},\"inLanguage\":\"lt-LT\",\"potentialAction\":[{\"@type\":\"ReadAction\",\"target\":[\"https:\\\/\\\/anivet.lt\\\/elparduotuve\\\/produktas\\\/eukanuba-breed-specific-sausas-maistas-vakaru-skotijos-terjerams-su-vistiena-25kg\\\/\"]}]},{\"@type\":\"ImageObject\",\"inLanguage\":\"lt-LT\",\"@id\":\"https:\\\/\\\/anivet.lt\\\/elparduotuve\\\/produktas\\\/eukanuba-breed-specific-sausas-maistas-vakaru-skotijos-terjerams-su-vistiena-25kg\\\/#primaryimage\",\"url\":\"https:\\\/\\\/anivet.lt\\\/elparduotuve\\\/wp-content\\\/uploads\\\/2024\\\/12\\\/854.jpg\",\"contentUrl\":\"https:\\\/\\\/anivet.lt\\\/elparduotuve\\\/wp-content\\\/uploads\\\/2024\\\/12\\\/854.jpg\",\"width\":400,\"height\":400,\"caption\":\"Eukanuba Breed Specific sausas maistas Vakar\u0173 \u0160kotijos terjerams su vi\u0161tiena 2,5kg\"},{\"@type\":\"BreadcrumbList\",\"@id\":\"https:\\\/\\\/anivet.lt\\\/elparduotuve\\\/produktas\\\/eukanuba-breed-specific-sausas-maistas-vakaru-skotijos-terjerams-su-vistiena-25kg\\\/#breadcrumb\",\"itemListElement\":[{\"@type\":\"ListItem\",\"position\":1,\"name\":\"Home\",\"item\":\"https:\\\/\\\/anivet.lt\\\/elparduotuve\\\/\"},{\"@type\":\"ListItem\",\"position\":2,\"name\":\"Produktai\",\"item\":\"https:\\\/\\\/anivet.lt\\\/elparduotuve\\\/produktai\\\/\"},{\"@type\":\"ListItem\",\"position\":3,\"name\":\"Eukanuba Breed Specific sausas maistas Vakar\u0173 \u0160kotijos terjerams su vi\u0161tiena 2,5kg\"}]},{\"@type\":\"WebSite\",\"@id\":\"https:\\\/\\\/anivet.lt\\\/elparduotuve\\\/#website\",\"url\":\"https:\\\/\\\/anivet.lt\\\/elparduotuve\\\/\",\"name\":\"anivet.lt\",\"description\":\"Viskas J\u016bs\u0173 \u0161uns, kat\u0117s prie\u017ei\u016brai\",\"publisher\":{\"@id\":\"https:\\\/\\\/anivet.lt\\\/elparduotuve\\\/#organization\"},\"alternateName\":\"Viskas J\u016bs\u0173 \u0161uns, kat\u0117s prie\u017ei\u016brai\",\"potentialAction\":[{\"@type\":\"SearchAction\",\"target\":{\"@type\":\"EntryPoint\",\"urlTemplate\":\"https:\\\/\\\/anivet.lt\\\/elparduotuve\\\/?s={search_term_string}\"},\"query-input\":{\"@type\":\"PropertyValueSpecification\",\"valueRequired\":true,\"valueName\":\"search_term_string\"}}],\"inLanguage\":\"lt-LT\"},{\"@type\":\"Organization\",\"@id\":\"https:\\\/\\\/anivet.lt\\\/elparduotuve\\\/#organization\",\"name\":\"Viskas J\u016bs\u0173 \u0161uns, kat\u0117s prie\u017ei\u016brai\",\"url\":\"https:\\\/\\\/anivet.lt\\\/elparduotuve\\\/\",\"logo\":{\"@type\":\"ImageObject\",\"inLanguage\":\"lt-LT\",\"@id\":\"https:\\\/\\\/anivet.lt\\\/elparduotuve\\\/#\\\/schema\\\/logo\\\/image\\\/\",\"url\":\"https:\\\/\\\/anivet.lt\\\/elparduotuve\\\/wp-content\\\/uploads\\\/2023\\\/06\\\/logo2.jpg\",\"contentUrl\":\"https:\\\/\\\/anivet.lt\\\/elparduotuve\\\/wp-content\\\/uploads\\\/2023\\\/06\\\/logo2.jpg\",\"width\":655,\"height\":194,\"caption\":\"Viskas J\u016bs\u0173 \u0161uns, kat\u0117s prie\u017ei\u016brai\"},\"image\":{\"@id\":\"https:\\\/\\\/anivet.lt\\\/elparduotuve\\\/#\\\/schema\\\/logo\\\/image\\\/\"}}]}<\/script>\n<!-- \/ Yoast SEO Premium plugin. -->","yoast_head_json":{"title":"Eukanuba Breed Specific sausas maistas Vakar\u0173 \u0160kotijos terjerams su vi\u0161tiena 2,5kg - anivet.lt","description":"Subalansuota mityba, pritaikyta Vakar\u0173 \u0160kotijos terjerams ir kitoms ma\u017e\u0173 bei vidutini\u0173 veisli\u0173 \u0161unims, tokioms kaip \u0160kotijos terjerai, kernterjerai, val\u0173 terjerai ir cverg\u0161nauceriai. \u0160is pa\u0161aras skirtas palaikyti puiki\u0105 \u0161uns sveikat\u0105 ir energij\u0105 kasdien.","robots":{"index":"index","follow":"follow","max-snippet":"max-snippet:-1","max-image-preview":"max-image-preview:large","max-video-preview":"max-video-preview:-1"},"canonical":"https:\/\/anivet.lt\/elparduotuve\/produktas\/eukanuba-breed-specific-sausas-maistas-vakaru-skotijos-terjerams-su-vistiena-25kg\/","og_locale":"lt_LT","og_type":"article","og_title":"Eukanuba Breed Specific sausas maistas Vakar\u0173 \u0160kotijos terjerams su vi\u0161tiena 2,5kg","og_description":"Subalansuota mityba, pritaikyta Vakar\u0173 \u0160kotijos terjerams ir kitoms ma\u017e\u0173 bei vidutini\u0173 veisli\u0173 \u0161unims, tokioms kaip \u0160kotijos terjerai, kernterjerai, val\u0173 terjerai ir cverg\u0161nauceriai. \u0160is pa\u0161aras skirtas palaikyti puiki\u0105 \u0161uns sveikat\u0105 ir energij\u0105 kasdien.","og_url":"https:\/\/anivet.lt\/elparduotuve\/produktas\/eukanuba-breed-specific-sausas-maistas-vakaru-skotijos-terjerams-su-vistiena-25kg\/","og_site_name":"anivet.lt","article_modified_time":"2026-01-09T10:16:17+00:00","og_image":[{"width":400,"height":400,"url":"https:\/\/anivet.lt\/elparduotuve\/wp-content\/uploads\/2024\/12\/854.jpg","type":"image\/jpeg"}],"twitter_card":"summary_large_image","twitter_misc":{"Est. reading time":"1 minut\u0117"},"schema":{"@context":"https:\/\/schema.org","@graph":[{"@type":"WebPage","@id":"https:\/\/anivet.lt\/elparduotuve\/produktas\/eukanuba-breed-specific-sausas-maistas-vakaru-skotijos-terjerams-su-vistiena-25kg\/","url":"https:\/\/anivet.lt\/elparduotuve\/produktas\/eukanuba-breed-specific-sausas-maistas-vakaru-skotijos-terjerams-su-vistiena-25kg\/","name":"Eukanuba Breed Specific sausas maistas Vakar\u0173 \u0160kotijos terjerams su vi\u0161tiena 2,5kg - anivet.lt","isPartOf":{"@id":"https:\/\/anivet.lt\/elparduotuve\/#website"},"primaryImageOfPage":{"@id":"https:\/\/anivet.lt\/elparduotuve\/produktas\/eukanuba-breed-specific-sausas-maistas-vakaru-skotijos-terjerams-su-vistiena-25kg\/#primaryimage"},"image":{"@id":"https:\/\/anivet.lt\/elparduotuve\/produktas\/eukanuba-breed-specific-sausas-maistas-vakaru-skotijos-terjerams-su-vistiena-25kg\/#primaryimage"},"thumbnailUrl":"https:\/\/anivet.lt\/elparduotuve\/wp-content\/uploads\/2024\/12\/854.jpg","datePublished":"2024-12-19T08:18:26+00:00","dateModified":"2026-01-09T10:16:17+00:00","description":"Subalansuota mityba, pritaikyta Vakar\u0173 \u0160kotijos terjerams ir kitoms ma\u017e\u0173 bei vidutini\u0173 veisli\u0173 \u0161unims, tokioms kaip \u0160kotijos terjerai, kernterjerai, val\u0173 terjerai ir cverg\u0161nauceriai. \u0160is pa\u0161aras skirtas palaikyti puiki\u0105 \u0161uns sveikat\u0105 ir energij\u0105 kasdien.","breadcrumb":{"@id":"https:\/\/anivet.lt\/elparduotuve\/produktas\/eukanuba-breed-specific-sausas-maistas-vakaru-skotijos-terjerams-su-vistiena-25kg\/#breadcrumb"},"inLanguage":"lt-LT","potentialAction":[{"@type":"ReadAction","target":["https:\/\/anivet.lt\/elparduotuve\/produktas\/eukanuba-breed-specific-sausas-maistas-vakaru-skotijos-terjerams-su-vistiena-25kg\/"]}]},{"@type":"ImageObject","inLanguage":"lt-LT","@id":"https:\/\/anivet.lt\/elparduotuve\/produktas\/eukanuba-breed-specific-sausas-maistas-vakaru-skotijos-terjerams-su-vistiena-25kg\/#primaryimage","url":"https:\/\/anivet.lt\/elparduotuve\/wp-content\/uploads\/2024\/12\/854.jpg","contentUrl":"https:\/\/anivet.lt\/elparduotuve\/wp-content\/uploads\/2024\/12\/854.jpg","width":400,"height":400,"caption":"Eukanuba Breed Specific sausas maistas Vakar\u0173 \u0160kotijos terjerams su vi\u0161tiena 2,5kg"},{"@type":"BreadcrumbList","@id":"https:\/\/anivet.lt\/elparduotuve\/produktas\/eukanuba-breed-specific-sausas-maistas-vakaru-skotijos-terjerams-su-vistiena-25kg\/#breadcrumb","itemListElement":[{"@type":"ListItem","position":1,"name":"Home","item":"https:\/\/anivet.lt\/elparduotuve\/"},{"@type":"ListItem","position":2,"name":"Produktai","item":"https:\/\/anivet.lt\/elparduotuve\/produktai\/"},{"@type":"ListItem","position":3,"name":"Eukanuba Breed Specific sausas maistas Vakar\u0173 \u0160kotijos terjerams su vi\u0161tiena 2,5kg"}]},{"@type":"WebSite","@id":"https:\/\/anivet.lt\/elparduotuve\/#website","url":"https:\/\/anivet.lt\/elparduotuve\/","name":"anivet.lt","description":"Viskas J\u016bs\u0173 \u0161uns, kat\u0117s prie\u017ei\u016brai","publisher":{"@id":"https:\/\/anivet.lt\/elparduotuve\/#organization"},"alternateName":"Viskas J\u016bs\u0173 \u0161uns, kat\u0117s prie\u017ei\u016brai","potentialAction":[{"@type":"SearchAction","target":{"@type":"EntryPoint","urlTemplate":"https:\/\/anivet.lt\/elparduotuve\/?s={search_term_string}"},"query-input":{"@type":"PropertyValueSpecification","valueRequired":true,"valueName":"search_term_string"}}],"inLanguage":"lt-LT"},{"@type":"Organization","@id":"https:\/\/anivet.lt\/elparduotuve\/#organization","name":"Viskas J\u016bs\u0173 \u0161uns, kat\u0117s prie\u017ei\u016brai","url":"https:\/\/anivet.lt\/elparduotuve\/","logo":{"@type":"ImageObject","inLanguage":"lt-LT","@id":"https:\/\/anivet.lt\/elparduotuve\/#\/schema\/logo\/image\/","url":"https:\/\/anivet.lt\/elparduotuve\/wp-content\/uploads\/2023\/06\/logo2.jpg","contentUrl":"https:\/\/anivet.lt\/elparduotuve\/wp-content\/uploads\/2023\/06\/logo2.jpg","width":655,"height":194,"caption":"Viskas J\u016bs\u0173 \u0161uns, kat\u0117s prie\u017ei\u016brai"},"image":{"@id":"https:\/\/anivet.lt\/elparduotuve\/#\/schema\/logo\/image\/"}}]}},"_links":{"self":[{"href":"https:\/\/anivet.lt\/elparduotuve\/wp-json\/wp\/v2\/product\/15674","targetHints":{"allow":["GET"]}}],"collection":[{"href":"https:\/\/anivet.lt\/elparduotuve\/wp-json\/wp\/v2\/product"}],"about":[{"href":"https:\/\/anivet.lt\/elparduotuve\/wp-json\/wp\/v2\/types\/product"}],"wp:featuredmedia":[{"embeddable":true,"href":"https:\/\/anivet.lt\/elparduotuve\/wp-json\/wp\/v2\/media\/15675"}],"wp:attachment":[{"href":"https:\/\/anivet.lt\/elparduotuve\/wp-json\/wp\/v2\/media?parent=15674"}],"wp:term":[{"taxonomy":"product_brand","embeddable":true,"href":"https:\/\/anivet.lt\/elparduotuve\/wp-json\/wp\/v2\/product_brand?post=15674"},{"taxonomy":"product_cat","embeddable":true,"href":"https:\/\/anivet.lt\/elparduotuve\/wp-json\/wp\/v2\/product_cat?post=15674"},{"taxonomy":"product_tag","embeddable":true,"href":"https:\/\/anivet.lt\/elparduotuve\/wp-json\/wp\/v2\/product_tag?post=15674"}],"curies":[{"name":"wp","href":"https:\/\/api.w.org\/{rel}","templated":true}]}}