{"id":15683,"date":"2024-12-19T09:01:45","date_gmt":"2024-12-19T09:01:45","guid":{"rendered":"https:\/\/anivet.lt\/elparduotuve\/?post_type=product&#038;p=15683"},"modified":"2025-05-27T13:32:36","modified_gmt":"2025-05-27T13:32:36","slug":"eukanuba-breed-specific-sausas-maistas-vokieciu-aviganiams-su-vistiena-12kg","status":"publish","type":"product","link":"https:\/\/anivet.lt\/elparduotuve\/produktas\/eukanuba-breed-specific-sausas-maistas-vokieciu-aviganiams-su-vistiena-12kg\/","title":{"rendered":"Eukanuba Breed Specific sausas maistas Vokie\u010di\u0173 aviganiams su vi\u0161tiena 12kg"},"content":{"rendered":"<p><span style=\"font-weight: 400;\">Specialiai pritaikytas Vokie\u010di\u0173 aviganiams, u\u017etikrinantis j\u0173 sveikat\u0105, energij\u0105 ir optimal\u0173 gyvenimo b\u016bd\u0105. \u0160is pa\u0161aras taip pat tinkamas kitoms didel\u0117ms aktyvioms \u0161un\u0173 veisl\u0117ms, siekiant palaikyti j\u0173 gerov\u0119.<\/span><\/p>\n<ul>\n<li style=\"font-weight: 400;\" aria-level=\"1\"><span style=\"font-weight: 400;\">Prebiotikai ir runkeli\u0173 mink\u0161timas: Skatina sveik\u0105 vir\u0161kinim\u0105 ir ger\u0105 maistini\u0173 med\u017eiag\u0173 \u012fsisavinim\u0105.<\/span><\/li>\n<li style=\"font-weight: 400;\" aria-level=\"1\"><span style=\"font-weight: 400;\">Gliukozaminas ir chondroitinas: Palaiko sveikus s\u0105narius ir s\u0105nari\u0173 judrum\u0105, svarbu aktyviems \u0161unims.<\/span><\/li>\n<li style=\"font-weight: 400;\" aria-level=\"1\"><span style=\"font-weight: 400;\">DentaDefense technologija: Padeda i\u0161laikyti dantis \u0161varius ir sveikus.<\/span><\/li>\n<li style=\"font-weight: 400;\" aria-level=\"1\"><span style=\"font-weight: 400;\">L-karnitinas: Skatina riebal\u0173 deginim\u0105, i\u0161laikant liesus raumenis ir ma\u017einant s\u0105nari\u0173 apkrov\u0105.<\/span><\/li>\n<li style=\"font-weight: 400;\" aria-level=\"1\"><span style=\"font-weight: 400;\">Omega-6 ir Omega-3 riebal\u0173 r\u016bg\u0161tys: Palaiko sveik\u0105 od\u0105 ir \u017evilgant\u012f kail\u012f, gerindamos bendr\u0105 i\u0161vaizd\u0105.<\/span><\/li>\n<\/ul>\n<p><span style=\"font-weight: 400;\">\u0160is 100% visavertis ir subalansuotas pa\u0161aras, praturtintas auk\u0161tos kokyb\u0117s baltymais, vitaminais ir mineralais, padeda j\u016bs\u0173 \u0161uniui i\u0161likti stipriam, energingam ir sveikam. Idealiai tinka kasdieniam naudojimui, palaikant Vokie\u010di\u0173 aviganio aktyvum\u0105 ir gyvenimo kokyb\u0119.<\/span><\/p>\n","protected":false},"excerpt":{"rendered":"<p>Specialiai pritaikytas Vokie\u010di\u0173 aviganiams, u\u017etikrinantis j\u0173 sveikat\u0105, energij\u0105 ir optimal\u0173 gyvenimo b\u016bd\u0105. \u0160is pa\u0161aras taip pat tinkamas kitoms didel\u0117ms aktyvioms<\/p>\n","protected":false},"featured_media":15684,"template":"","meta":[],"product_brand":[],"product_cat":[101,103,104,322],"product_tag":[],"class_list":{"0":"post-15683","1":"product","2":"type-product","3":"status-publish","4":"has-post-thumbnail","6":"product_cat-sunims","7":"product_cat-sunu-maistas","8":"product_cat-sausas-maistas","9":"product_cat-eukanuba-sunu-maistas","10":"pa_prekinis-zenklas-eukanuba","12":"first","13":"instock","14":"taxable","15":"shipping-taxable","16":"purchasable","17":"product-type-simple"},"yoast_head":"<!-- This site is optimized with the Yoast SEO Premium plugin v27.1 (Yoast SEO v27.5) - https:\/\/yoast.com\/product\/yoast-seo-premium-wordpress\/ -->\n<title>Eukanuba Breed Specific sausas maistas Vokie\u010di\u0173 aviganiams su vi\u0161tiena 12kg - anivet.lt<\/title>\n<meta name=\"description\" content=\"Specialiai pritaikytas Vokie\u010di\u0173 aviganiams, u\u017etikrinantis j\u0173 sveikat\u0105, energij\u0105 ir optimal\u0173 gyvenimo b\u016bd\u0105. \u0160is pa\u0161aras taip pat tinkamas kitoms didel\u0117ms\" \/>\n<meta name=\"robots\" content=\"index, follow, max-snippet:-1, max-image-preview:large, max-video-preview:-1\" \/>\n<link rel=\"canonical\" href=\"https:\/\/anivet.lt\/elparduotuve\/produktas\/eukanuba-breed-specific-sausas-maistas-vokieciu-aviganiams-su-vistiena-12kg\/\" \/>\n<meta property=\"og:locale\" content=\"lt_LT\" \/>\n<meta property=\"og:type\" content=\"article\" \/>\n<meta property=\"og:title\" content=\"Eukanuba Breed Specific sausas maistas Vokie\u010di\u0173 aviganiams su vi\u0161tiena 12kg\" \/>\n<meta property=\"og:description\" content=\"Specialiai pritaikytas Vokie\u010di\u0173 aviganiams, u\u017etikrinantis j\u0173 sveikat\u0105, energij\u0105 ir optimal\u0173 gyvenimo b\u016bd\u0105. \u0160is pa\u0161aras taip pat tinkamas kitoms didel\u0117ms\" \/>\n<meta property=\"og:url\" content=\"https:\/\/anivet.lt\/elparduotuve\/produktas\/eukanuba-breed-specific-sausas-maistas-vokieciu-aviganiams-su-vistiena-12kg\/\" \/>\n<meta property=\"og:site_name\" content=\"anivet.lt\" \/>\n<meta property=\"article:modified_time\" content=\"2025-05-27T13:32:36+00:00\" \/>\n<meta property=\"og:image\" content=\"https:\/\/anivet.lt\/elparduotuve\/wp-content\/uploads\/2024\/12\/860.jpg\" \/>\n\t<meta property=\"og:image:width\" content=\"400\" \/>\n\t<meta property=\"og:image:height\" content=\"400\" \/>\n\t<meta property=\"og:image:type\" content=\"image\/jpeg\" \/>\n<meta name=\"twitter:card\" content=\"summary_large_image\" \/>\n<meta name=\"twitter:label1\" content=\"Est. reading time\" \/>\n\t<meta name=\"twitter:data1\" content=\"1 minut\u0117\" \/>\n<script type=\"application\/ld+json\" class=\"yoast-schema-graph\">{\"@context\":\"https:\\\/\\\/schema.org\",\"@graph\":[{\"@type\":\"WebPage\",\"@id\":\"https:\\\/\\\/anivet.lt\\\/elparduotuve\\\/produktas\\\/eukanuba-breed-specific-sausas-maistas-vokieciu-aviganiams-su-vistiena-12kg\\\/\",\"url\":\"https:\\\/\\\/anivet.lt\\\/elparduotuve\\\/produktas\\\/eukanuba-breed-specific-sausas-maistas-vokieciu-aviganiams-su-vistiena-12kg\\\/\",\"name\":\"Eukanuba Breed Specific sausas maistas Vokie\u010di\u0173 aviganiams su vi\u0161tiena 12kg - anivet.lt\",\"isPartOf\":{\"@id\":\"https:\\\/\\\/anivet.lt\\\/elparduotuve\\\/#website\"},\"primaryImageOfPage\":{\"@id\":\"https:\\\/\\\/anivet.lt\\\/elparduotuve\\\/produktas\\\/eukanuba-breed-specific-sausas-maistas-vokieciu-aviganiams-su-vistiena-12kg\\\/#primaryimage\"},\"image\":{\"@id\":\"https:\\\/\\\/anivet.lt\\\/elparduotuve\\\/produktas\\\/eukanuba-breed-specific-sausas-maistas-vokieciu-aviganiams-su-vistiena-12kg\\\/#primaryimage\"},\"thumbnailUrl\":\"https:\\\/\\\/anivet.lt\\\/elparduotuve\\\/wp-content\\\/uploads\\\/2024\\\/12\\\/860.jpg\",\"datePublished\":\"2024-12-19T09:01:45+00:00\",\"dateModified\":\"2025-05-27T13:32:36+00:00\",\"description\":\"Specialiai pritaikytas Vokie\u010di\u0173 aviganiams, u\u017etikrinantis j\u0173 sveikat\u0105, energij\u0105 ir optimal\u0173 gyvenimo b\u016bd\u0105. \u0160is pa\u0161aras taip pat tinkamas kitoms didel\u0117ms\",\"breadcrumb\":{\"@id\":\"https:\\\/\\\/anivet.lt\\\/elparduotuve\\\/produktas\\\/eukanuba-breed-specific-sausas-maistas-vokieciu-aviganiams-su-vistiena-12kg\\\/#breadcrumb\"},\"inLanguage\":\"lt-LT\",\"potentialAction\":[{\"@type\":\"ReadAction\",\"target\":[\"https:\\\/\\\/anivet.lt\\\/elparduotuve\\\/produktas\\\/eukanuba-breed-specific-sausas-maistas-vokieciu-aviganiams-su-vistiena-12kg\\\/\"]}]},{\"@type\":\"ImageObject\",\"inLanguage\":\"lt-LT\",\"@id\":\"https:\\\/\\\/anivet.lt\\\/elparduotuve\\\/produktas\\\/eukanuba-breed-specific-sausas-maistas-vokieciu-aviganiams-su-vistiena-12kg\\\/#primaryimage\",\"url\":\"https:\\\/\\\/anivet.lt\\\/elparduotuve\\\/wp-content\\\/uploads\\\/2024\\\/12\\\/860.jpg\",\"contentUrl\":\"https:\\\/\\\/anivet.lt\\\/elparduotuve\\\/wp-content\\\/uploads\\\/2024\\\/12\\\/860.jpg\",\"width\":400,\"height\":400,\"caption\":\"Eukanuba Breed Specific sausas maistas Vokie\u010di\u0173 aviganiams su vi\u0161tiena 12kg\"},{\"@type\":\"BreadcrumbList\",\"@id\":\"https:\\\/\\\/anivet.lt\\\/elparduotuve\\\/produktas\\\/eukanuba-breed-specific-sausas-maistas-vokieciu-aviganiams-su-vistiena-12kg\\\/#breadcrumb\",\"itemListElement\":[{\"@type\":\"ListItem\",\"position\":1,\"name\":\"Home\",\"item\":\"https:\\\/\\\/anivet.lt\\\/elparduotuve\\\/\"},{\"@type\":\"ListItem\",\"position\":2,\"name\":\"Produktai\",\"item\":\"https:\\\/\\\/anivet.lt\\\/elparduotuve\\\/produktai\\\/\"},{\"@type\":\"ListItem\",\"position\":3,\"name\":\"Eukanuba Breed Specific sausas maistas Vokie\u010di\u0173 aviganiams su vi\u0161tiena 12kg\"}]},{\"@type\":\"WebSite\",\"@id\":\"https:\\\/\\\/anivet.lt\\\/elparduotuve\\\/#website\",\"url\":\"https:\\\/\\\/anivet.lt\\\/elparduotuve\\\/\",\"name\":\"anivet.lt\",\"description\":\"Viskas J\u016bs\u0173 \u0161uns, kat\u0117s prie\u017ei\u016brai\",\"publisher\":{\"@id\":\"https:\\\/\\\/anivet.lt\\\/elparduotuve\\\/#organization\"},\"alternateName\":\"Viskas J\u016bs\u0173 \u0161uns, kat\u0117s prie\u017ei\u016brai\",\"potentialAction\":[{\"@type\":\"SearchAction\",\"target\":{\"@type\":\"EntryPoint\",\"urlTemplate\":\"https:\\\/\\\/anivet.lt\\\/elparduotuve\\\/?s={search_term_string}\"},\"query-input\":{\"@type\":\"PropertyValueSpecification\",\"valueRequired\":true,\"valueName\":\"search_term_string\"}}],\"inLanguage\":\"lt-LT\"},{\"@type\":\"Organization\",\"@id\":\"https:\\\/\\\/anivet.lt\\\/elparduotuve\\\/#organization\",\"name\":\"Viskas J\u016bs\u0173 \u0161uns, kat\u0117s prie\u017ei\u016brai\",\"url\":\"https:\\\/\\\/anivet.lt\\\/elparduotuve\\\/\",\"logo\":{\"@type\":\"ImageObject\",\"inLanguage\":\"lt-LT\",\"@id\":\"https:\\\/\\\/anivet.lt\\\/elparduotuve\\\/#\\\/schema\\\/logo\\\/image\\\/\",\"url\":\"https:\\\/\\\/anivet.lt\\\/elparduotuve\\\/wp-content\\\/uploads\\\/2023\\\/06\\\/logo2.jpg\",\"contentUrl\":\"https:\\\/\\\/anivet.lt\\\/elparduotuve\\\/wp-content\\\/uploads\\\/2023\\\/06\\\/logo2.jpg\",\"width\":655,\"height\":194,\"caption\":\"Viskas J\u016bs\u0173 \u0161uns, kat\u0117s prie\u017ei\u016brai\"},\"image\":{\"@id\":\"https:\\\/\\\/anivet.lt\\\/elparduotuve\\\/#\\\/schema\\\/logo\\\/image\\\/\"}}]}<\/script>\n<!-- \/ Yoast SEO Premium plugin. -->","yoast_head_json":{"title":"Eukanuba Breed Specific sausas maistas Vokie\u010di\u0173 aviganiams su vi\u0161tiena 12kg - anivet.lt","description":"Specialiai pritaikytas Vokie\u010di\u0173 aviganiams, u\u017etikrinantis j\u0173 sveikat\u0105, energij\u0105 ir optimal\u0173 gyvenimo b\u016bd\u0105. \u0160is pa\u0161aras taip pat tinkamas kitoms didel\u0117ms","robots":{"index":"index","follow":"follow","max-snippet":"max-snippet:-1","max-image-preview":"max-image-preview:large","max-video-preview":"max-video-preview:-1"},"canonical":"https:\/\/anivet.lt\/elparduotuve\/produktas\/eukanuba-breed-specific-sausas-maistas-vokieciu-aviganiams-su-vistiena-12kg\/","og_locale":"lt_LT","og_type":"article","og_title":"Eukanuba Breed Specific sausas maistas Vokie\u010di\u0173 aviganiams su vi\u0161tiena 12kg","og_description":"Specialiai pritaikytas Vokie\u010di\u0173 aviganiams, u\u017etikrinantis j\u0173 sveikat\u0105, energij\u0105 ir optimal\u0173 gyvenimo b\u016bd\u0105. \u0160is pa\u0161aras taip pat tinkamas kitoms didel\u0117ms","og_url":"https:\/\/anivet.lt\/elparduotuve\/produktas\/eukanuba-breed-specific-sausas-maistas-vokieciu-aviganiams-su-vistiena-12kg\/","og_site_name":"anivet.lt","article_modified_time":"2025-05-27T13:32:36+00:00","og_image":[{"width":400,"height":400,"url":"https:\/\/anivet.lt\/elparduotuve\/wp-content\/uploads\/2024\/12\/860.jpg","type":"image\/jpeg"}],"twitter_card":"summary_large_image","twitter_misc":{"Est. reading time":"1 minut\u0117"},"schema":{"@context":"https:\/\/schema.org","@graph":[{"@type":"WebPage","@id":"https:\/\/anivet.lt\/elparduotuve\/produktas\/eukanuba-breed-specific-sausas-maistas-vokieciu-aviganiams-su-vistiena-12kg\/","url":"https:\/\/anivet.lt\/elparduotuve\/produktas\/eukanuba-breed-specific-sausas-maistas-vokieciu-aviganiams-su-vistiena-12kg\/","name":"Eukanuba Breed Specific sausas maistas Vokie\u010di\u0173 aviganiams su vi\u0161tiena 12kg - anivet.lt","isPartOf":{"@id":"https:\/\/anivet.lt\/elparduotuve\/#website"},"primaryImageOfPage":{"@id":"https:\/\/anivet.lt\/elparduotuve\/produktas\/eukanuba-breed-specific-sausas-maistas-vokieciu-aviganiams-su-vistiena-12kg\/#primaryimage"},"image":{"@id":"https:\/\/anivet.lt\/elparduotuve\/produktas\/eukanuba-breed-specific-sausas-maistas-vokieciu-aviganiams-su-vistiena-12kg\/#primaryimage"},"thumbnailUrl":"https:\/\/anivet.lt\/elparduotuve\/wp-content\/uploads\/2024\/12\/860.jpg","datePublished":"2024-12-19T09:01:45+00:00","dateModified":"2025-05-27T13:32:36+00:00","description":"Specialiai pritaikytas Vokie\u010di\u0173 aviganiams, u\u017etikrinantis j\u0173 sveikat\u0105, energij\u0105 ir optimal\u0173 gyvenimo b\u016bd\u0105. \u0160is pa\u0161aras taip pat tinkamas kitoms didel\u0117ms","breadcrumb":{"@id":"https:\/\/anivet.lt\/elparduotuve\/produktas\/eukanuba-breed-specific-sausas-maistas-vokieciu-aviganiams-su-vistiena-12kg\/#breadcrumb"},"inLanguage":"lt-LT","potentialAction":[{"@type":"ReadAction","target":["https:\/\/anivet.lt\/elparduotuve\/produktas\/eukanuba-breed-specific-sausas-maistas-vokieciu-aviganiams-su-vistiena-12kg\/"]}]},{"@type":"ImageObject","inLanguage":"lt-LT","@id":"https:\/\/anivet.lt\/elparduotuve\/produktas\/eukanuba-breed-specific-sausas-maistas-vokieciu-aviganiams-su-vistiena-12kg\/#primaryimage","url":"https:\/\/anivet.lt\/elparduotuve\/wp-content\/uploads\/2024\/12\/860.jpg","contentUrl":"https:\/\/anivet.lt\/elparduotuve\/wp-content\/uploads\/2024\/12\/860.jpg","width":400,"height":400,"caption":"Eukanuba Breed Specific sausas maistas Vokie\u010di\u0173 aviganiams su vi\u0161tiena 12kg"},{"@type":"BreadcrumbList","@id":"https:\/\/anivet.lt\/elparduotuve\/produktas\/eukanuba-breed-specific-sausas-maistas-vokieciu-aviganiams-su-vistiena-12kg\/#breadcrumb","itemListElement":[{"@type":"ListItem","position":1,"name":"Home","item":"https:\/\/anivet.lt\/elparduotuve\/"},{"@type":"ListItem","position":2,"name":"Produktai","item":"https:\/\/anivet.lt\/elparduotuve\/produktai\/"},{"@type":"ListItem","position":3,"name":"Eukanuba Breed Specific sausas maistas Vokie\u010di\u0173 aviganiams su vi\u0161tiena 12kg"}]},{"@type":"WebSite","@id":"https:\/\/anivet.lt\/elparduotuve\/#website","url":"https:\/\/anivet.lt\/elparduotuve\/","name":"anivet.lt","description":"Viskas J\u016bs\u0173 \u0161uns, kat\u0117s prie\u017ei\u016brai","publisher":{"@id":"https:\/\/anivet.lt\/elparduotuve\/#organization"},"alternateName":"Viskas J\u016bs\u0173 \u0161uns, kat\u0117s prie\u017ei\u016brai","potentialAction":[{"@type":"SearchAction","target":{"@type":"EntryPoint","urlTemplate":"https:\/\/anivet.lt\/elparduotuve\/?s={search_term_string}"},"query-input":{"@type":"PropertyValueSpecification","valueRequired":true,"valueName":"search_term_string"}}],"inLanguage":"lt-LT"},{"@type":"Organization","@id":"https:\/\/anivet.lt\/elparduotuve\/#organization","name":"Viskas J\u016bs\u0173 \u0161uns, kat\u0117s prie\u017ei\u016brai","url":"https:\/\/anivet.lt\/elparduotuve\/","logo":{"@type":"ImageObject","inLanguage":"lt-LT","@id":"https:\/\/anivet.lt\/elparduotuve\/#\/schema\/logo\/image\/","url":"https:\/\/anivet.lt\/elparduotuve\/wp-content\/uploads\/2023\/06\/logo2.jpg","contentUrl":"https:\/\/anivet.lt\/elparduotuve\/wp-content\/uploads\/2023\/06\/logo2.jpg","width":655,"height":194,"caption":"Viskas J\u016bs\u0173 \u0161uns, kat\u0117s prie\u017ei\u016brai"},"image":{"@id":"https:\/\/anivet.lt\/elparduotuve\/#\/schema\/logo\/image\/"}}]}},"_links":{"self":[{"href":"https:\/\/anivet.lt\/elparduotuve\/wp-json\/wp\/v2\/product\/15683","targetHints":{"allow":["GET"]}}],"collection":[{"href":"https:\/\/anivet.lt\/elparduotuve\/wp-json\/wp\/v2\/product"}],"about":[{"href":"https:\/\/anivet.lt\/elparduotuve\/wp-json\/wp\/v2\/types\/product"}],"wp:featuredmedia":[{"embeddable":true,"href":"https:\/\/anivet.lt\/elparduotuve\/wp-json\/wp\/v2\/media\/15684"}],"wp:attachment":[{"href":"https:\/\/anivet.lt\/elparduotuve\/wp-json\/wp\/v2\/media?parent=15683"}],"wp:term":[{"taxonomy":"product_brand","embeddable":true,"href":"https:\/\/anivet.lt\/elparduotuve\/wp-json\/wp\/v2\/product_brand?post=15683"},{"taxonomy":"product_cat","embeddable":true,"href":"https:\/\/anivet.lt\/elparduotuve\/wp-json\/wp\/v2\/product_cat?post=15683"},{"taxonomy":"product_tag","embeddable":true,"href":"https:\/\/anivet.lt\/elparduotuve\/wp-json\/wp\/v2\/product_tag?post=15683"}],"curies":[{"name":"wp","href":"https:\/\/api.w.org\/{rel}","templated":true}]}}