{"id":15685,"date":"2024-12-19T09:17:08","date_gmt":"2024-12-19T09:17:08","guid":{"rendered":"https:\/\/anivet.lt\/elparduotuve\/?post_type=product&#038;p=15685"},"modified":"2025-11-28T15:43:29","modified_gmt":"2025-11-28T15:43:29","slug":"eukanuba-weight-control-sausas-maistas-sterilizuotoms-katems-su-vistiena","status":"publish","type":"product","link":"https:\/\/anivet.lt\/elparduotuve\/produktas\/eukanuba-weight-control-sausas-maistas-sterilizuotoms-katems-su-vistiena\/","title":{"rendered":"Eukanuba Weight Control sausas maistas sterilizuotoms kat\u0117ms su vi\u0161tiena"},"content":{"rendered":"<p><span style=\"font-weight: 400;\">Subalansuotas maistas, pritaikytas sterilizuotoms kat\u0117ms, siekiant palaikyti tinkam\u0105 k\u016bno svor\u012f, sveik\u0105 vir\u0161kinim\u0105 ir bendr\u0105 gerov\u0119. Auk\u0161tos kokyb\u0117s ingredientai u\u017etikrina 100% visavert\u0119 mityb\u0105, tinkam\u0105 kasdieniam naudojimui.<\/span><\/p>\n<ul>\n<li style=\"font-weight: 400;\" aria-level=\"1\"><span style=\"font-weight: 400;\">21% ma\u017eiau riebal\u0173: Padeda reguliuoti svor\u012f ir palaikyti sveik\u0105 k\u016bno sud\u0117jim\u0105.<\/span><\/li>\n<li style=\"font-weight: 400;\" aria-level=\"1\"><span style=\"font-weight: 400;\">Didelis gyv\u016bnini\u0173 baltym\u0173 kiekis: 86% viso baltym\u0173 kiekio u\u017etikrina lies\u0173 raumen\u0173 palaikym\u0105.<\/span><\/li>\n<li style=\"font-weight: 400;\" aria-level=\"1\"><span style=\"font-weight: 400;\">Prebiotikai ir skaidulos: Palaiko sveik\u0105 \u017earnyn\u0105 ir optimal\u0173 vir\u0161kinim\u0105.<\/span><\/li>\n<li style=\"font-weight: 400;\" aria-level=\"1\"><span style=\"font-weight: 400;\">Sveiki \u0161lapimo takai: Speciali formul\u0117 padeda palaikyti \u0161lapimo tak\u0173 sveikat\u0105.<\/span><\/li>\n<li style=\"font-weight: 400;\" aria-level=\"1\"><span style=\"font-weight: 400;\">Omega-6 ir Omega-3 riebal\u0173 r\u016bg\u0161tys: Skatina sveik\u0105 od\u0105 ir blizgant\u012f kail\u012f.<\/span><\/li>\n<\/ul>\n<p><span style=\"font-weight: 400;\">\u0160is pa\u0161aras taip pat praturtintas antioksidantais, kurie stiprina nat\u016bral\u0173 organizmo atsparum\u0105 ir palaiko gyvybingum\u0105. Be dirbtini\u0173 kvapi\u0173j\u0173 med\u017eiag\u0173, da\u017eikli\u0173 ir GMO, tai puikus pasirinkimas j\u016bs\u0173 sterilizuotai katei, u\u017etikrinant sveikat\u0105 ir puiki\u0105 savijaut\u0105 kiekvien\u0105 dien\u0105.<\/span><\/p>\n","protected":false},"excerpt":{"rendered":"<p>Subalansuotas maistas, pritaikytas sterilizuotoms kat\u0117ms, siekiant palaikyti tinkam\u0105 k\u016bno svor\u012f, sveik\u0105 vir\u0161kinim\u0105 ir bendr\u0105 gerov\u0119. Auk\u0161tos kokyb\u0117s ingredientai u\u017etikrina 100%<\/p>\n","protected":false},"featured_media":15688,"template":"","meta":[],"product_brand":[],"product_cat":[114,115,102,340],"product_tag":[],"class_list":{"0":"post-15685","1":"product","2":"type-product","3":"status-publish","4":"has-post-thumbnail","6":"product_cat-kaciu-maistas","7":"product_cat-sausas-maistas-ir-skanestai-katems","8":"product_cat-katems","9":"product_cat-eukanuba-kaciu-maistas","10":"pa_prekinis-zenklas-eukanuba","12":"first","13":"instock","14":"taxable","15":"shipping-taxable","16":"purchasable","17":"product-type-variable"},"yoast_head":"<!-- This site is optimized with the Yoast SEO Premium plugin v27.1 (Yoast SEO v27.5) - https:\/\/yoast.com\/product\/yoast-seo-premium-wordpress\/ -->\n<title>Eukanuba Weight Control sausas maistas sterilizuotoms kat\u0117ms su vi\u0161tiena - anivet.lt<\/title>\n<meta name=\"description\" content=\"Subalansuotas maistas, pritaikytas sterilizuotoms kat\u0117ms, siekiant palaikyti tinkam\u0105 k\u016bno svor\u012f, sveik\u0105 vir\u0161kinim\u0105 ir bendr\u0105 gerov\u0119. Auk\u0161tos kokyb\u0117s\" \/>\n<meta name=\"robots\" content=\"index, follow, max-snippet:-1, max-image-preview:large, max-video-preview:-1\" \/>\n<link rel=\"canonical\" href=\"https:\/\/anivet.lt\/elparduotuve\/produktas\/eukanuba-weight-control-sausas-maistas-sterilizuotoms-katems-su-vistiena\/\" \/>\n<meta property=\"og:locale\" content=\"lt_LT\" \/>\n<meta property=\"og:type\" content=\"article\" \/>\n<meta property=\"og:title\" content=\"Eukanuba Weight Control sausas maistas sterilizuotoms kat\u0117ms su vi\u0161tiena\" \/>\n<meta property=\"og:description\" content=\"Subalansuotas maistas, pritaikytas sterilizuotoms kat\u0117ms, siekiant palaikyti tinkam\u0105 k\u016bno svor\u012f, sveik\u0105 vir\u0161kinim\u0105 ir bendr\u0105 gerov\u0119. Auk\u0161tos kokyb\u0117s\" \/>\n<meta property=\"og:url\" content=\"https:\/\/anivet.lt\/elparduotuve\/produktas\/eukanuba-weight-control-sausas-maistas-sterilizuotoms-katems-su-vistiena\/\" \/>\n<meta property=\"og:site_name\" content=\"anivet.lt\" \/>\n<meta property=\"article:modified_time\" content=\"2025-11-28T15:43:29+00:00\" \/>\n<meta property=\"og:image\" content=\"https:\/\/anivet.lt\/elparduotuve\/wp-content\/uploads\/2024\/12\/kate.jpg\" \/>\n\t<meta property=\"og:image:width\" content=\"400\" \/>\n\t<meta property=\"og:image:height\" content=\"400\" \/>\n\t<meta property=\"og:image:type\" content=\"image\/jpeg\" \/>\n<meta name=\"twitter:card\" content=\"summary_large_image\" \/>\n<meta name=\"twitter:label1\" content=\"Est. reading time\" \/>\n\t<meta name=\"twitter:data1\" content=\"1 minut\u0117\" \/>\n<script type=\"application\/ld+json\" class=\"yoast-schema-graph\">{\"@context\":\"https:\\\/\\\/schema.org\",\"@graph\":[{\"@type\":\"WebPage\",\"@id\":\"https:\\\/\\\/anivet.lt\\\/elparduotuve\\\/produktas\\\/eukanuba-weight-control-sausas-maistas-sterilizuotoms-katems-su-vistiena\\\/\",\"url\":\"https:\\\/\\\/anivet.lt\\\/elparduotuve\\\/produktas\\\/eukanuba-weight-control-sausas-maistas-sterilizuotoms-katems-su-vistiena\\\/\",\"name\":\"Eukanuba Weight Control sausas maistas sterilizuotoms kat\u0117ms su vi\u0161tiena - anivet.lt\",\"isPartOf\":{\"@id\":\"https:\\\/\\\/anivet.lt\\\/elparduotuve\\\/#website\"},\"primaryImageOfPage\":{\"@id\":\"https:\\\/\\\/anivet.lt\\\/elparduotuve\\\/produktas\\\/eukanuba-weight-control-sausas-maistas-sterilizuotoms-katems-su-vistiena\\\/#primaryimage\"},\"image\":{\"@id\":\"https:\\\/\\\/anivet.lt\\\/elparduotuve\\\/produktas\\\/eukanuba-weight-control-sausas-maistas-sterilizuotoms-katems-su-vistiena\\\/#primaryimage\"},\"thumbnailUrl\":\"https:\\\/\\\/anivet.lt\\\/elparduotuve\\\/wp-content\\\/uploads\\\/2024\\\/12\\\/kate.jpg\",\"datePublished\":\"2024-12-19T09:17:08+00:00\",\"dateModified\":\"2025-11-28T15:43:29+00:00\",\"description\":\"Subalansuotas maistas, pritaikytas sterilizuotoms kat\u0117ms, siekiant palaikyti tinkam\u0105 k\u016bno svor\u012f, sveik\u0105 vir\u0161kinim\u0105 ir bendr\u0105 gerov\u0119. Auk\u0161tos kokyb\u0117s\",\"breadcrumb\":{\"@id\":\"https:\\\/\\\/anivet.lt\\\/elparduotuve\\\/produktas\\\/eukanuba-weight-control-sausas-maistas-sterilizuotoms-katems-su-vistiena\\\/#breadcrumb\"},\"inLanguage\":\"lt-LT\",\"potentialAction\":[{\"@type\":\"ReadAction\",\"target\":[\"https:\\\/\\\/anivet.lt\\\/elparduotuve\\\/produktas\\\/eukanuba-weight-control-sausas-maistas-sterilizuotoms-katems-su-vistiena\\\/\"]}]},{\"@type\":\"ImageObject\",\"inLanguage\":\"lt-LT\",\"@id\":\"https:\\\/\\\/anivet.lt\\\/elparduotuve\\\/produktas\\\/eukanuba-weight-control-sausas-maistas-sterilizuotoms-katems-su-vistiena\\\/#primaryimage\",\"url\":\"https:\\\/\\\/anivet.lt\\\/elparduotuve\\\/wp-content\\\/uploads\\\/2024\\\/12\\\/kate.jpg\",\"contentUrl\":\"https:\\\/\\\/anivet.lt\\\/elparduotuve\\\/wp-content\\\/uploads\\\/2024\\\/12\\\/kate.jpg\",\"width\":400,\"height\":400,\"caption\":\"Eukanuba Weight Control sausas maistas sterilizuotoms kat\u0117ms su vi\u0161tiena\"},{\"@type\":\"BreadcrumbList\",\"@id\":\"https:\\\/\\\/anivet.lt\\\/elparduotuve\\\/produktas\\\/eukanuba-weight-control-sausas-maistas-sterilizuotoms-katems-su-vistiena\\\/#breadcrumb\",\"itemListElement\":[{\"@type\":\"ListItem\",\"position\":1,\"name\":\"Home\",\"item\":\"https:\\\/\\\/anivet.lt\\\/elparduotuve\\\/\"},{\"@type\":\"ListItem\",\"position\":2,\"name\":\"Produktai\",\"item\":\"https:\\\/\\\/anivet.lt\\\/elparduotuve\\\/produktai\\\/\"},{\"@type\":\"ListItem\",\"position\":3,\"name\":\"Eukanuba Weight Control sausas maistas sterilizuotoms kat\u0117ms su vi\u0161tiena\"}]},{\"@type\":\"WebSite\",\"@id\":\"https:\\\/\\\/anivet.lt\\\/elparduotuve\\\/#website\",\"url\":\"https:\\\/\\\/anivet.lt\\\/elparduotuve\\\/\",\"name\":\"anivet.lt\",\"description\":\"Viskas J\u016bs\u0173 \u0161uns, kat\u0117s prie\u017ei\u016brai\",\"publisher\":{\"@id\":\"https:\\\/\\\/anivet.lt\\\/elparduotuve\\\/#organization\"},\"alternateName\":\"Viskas J\u016bs\u0173 \u0161uns, kat\u0117s prie\u017ei\u016brai\",\"potentialAction\":[{\"@type\":\"SearchAction\",\"target\":{\"@type\":\"EntryPoint\",\"urlTemplate\":\"https:\\\/\\\/anivet.lt\\\/elparduotuve\\\/?s={search_term_string}\"},\"query-input\":{\"@type\":\"PropertyValueSpecification\",\"valueRequired\":true,\"valueName\":\"search_term_string\"}}],\"inLanguage\":\"lt-LT\"},{\"@type\":\"Organization\",\"@id\":\"https:\\\/\\\/anivet.lt\\\/elparduotuve\\\/#organization\",\"name\":\"Viskas J\u016bs\u0173 \u0161uns, kat\u0117s prie\u017ei\u016brai\",\"url\":\"https:\\\/\\\/anivet.lt\\\/elparduotuve\\\/\",\"logo\":{\"@type\":\"ImageObject\",\"inLanguage\":\"lt-LT\",\"@id\":\"https:\\\/\\\/anivet.lt\\\/elparduotuve\\\/#\\\/schema\\\/logo\\\/image\\\/\",\"url\":\"https:\\\/\\\/anivet.lt\\\/elparduotuve\\\/wp-content\\\/uploads\\\/2023\\\/06\\\/logo2.jpg\",\"contentUrl\":\"https:\\\/\\\/anivet.lt\\\/elparduotuve\\\/wp-content\\\/uploads\\\/2023\\\/06\\\/logo2.jpg\",\"width\":655,\"height\":194,\"caption\":\"Viskas J\u016bs\u0173 \u0161uns, kat\u0117s prie\u017ei\u016brai\"},\"image\":{\"@id\":\"https:\\\/\\\/anivet.lt\\\/elparduotuve\\\/#\\\/schema\\\/logo\\\/image\\\/\"}}]}<\/script>\n<!-- \/ Yoast SEO Premium plugin. -->","yoast_head_json":{"title":"Eukanuba Weight Control sausas maistas sterilizuotoms kat\u0117ms su vi\u0161tiena - anivet.lt","description":"Subalansuotas maistas, pritaikytas sterilizuotoms kat\u0117ms, siekiant palaikyti tinkam\u0105 k\u016bno svor\u012f, sveik\u0105 vir\u0161kinim\u0105 ir bendr\u0105 gerov\u0119. Auk\u0161tos kokyb\u0117s","robots":{"index":"index","follow":"follow","max-snippet":"max-snippet:-1","max-image-preview":"max-image-preview:large","max-video-preview":"max-video-preview:-1"},"canonical":"https:\/\/anivet.lt\/elparduotuve\/produktas\/eukanuba-weight-control-sausas-maistas-sterilizuotoms-katems-su-vistiena\/","og_locale":"lt_LT","og_type":"article","og_title":"Eukanuba Weight Control sausas maistas sterilizuotoms kat\u0117ms su vi\u0161tiena","og_description":"Subalansuotas maistas, pritaikytas sterilizuotoms kat\u0117ms, siekiant palaikyti tinkam\u0105 k\u016bno svor\u012f, sveik\u0105 vir\u0161kinim\u0105 ir bendr\u0105 gerov\u0119. Auk\u0161tos kokyb\u0117s","og_url":"https:\/\/anivet.lt\/elparduotuve\/produktas\/eukanuba-weight-control-sausas-maistas-sterilizuotoms-katems-su-vistiena\/","og_site_name":"anivet.lt","article_modified_time":"2025-11-28T15:43:29+00:00","og_image":[{"width":400,"height":400,"url":"https:\/\/anivet.lt\/elparduotuve\/wp-content\/uploads\/2024\/12\/kate.jpg","type":"image\/jpeg"}],"twitter_card":"summary_large_image","twitter_misc":{"Est. reading time":"1 minut\u0117"},"schema":{"@context":"https:\/\/schema.org","@graph":[{"@type":"WebPage","@id":"https:\/\/anivet.lt\/elparduotuve\/produktas\/eukanuba-weight-control-sausas-maistas-sterilizuotoms-katems-su-vistiena\/","url":"https:\/\/anivet.lt\/elparduotuve\/produktas\/eukanuba-weight-control-sausas-maistas-sterilizuotoms-katems-su-vistiena\/","name":"Eukanuba Weight Control sausas maistas sterilizuotoms kat\u0117ms su vi\u0161tiena - anivet.lt","isPartOf":{"@id":"https:\/\/anivet.lt\/elparduotuve\/#website"},"primaryImageOfPage":{"@id":"https:\/\/anivet.lt\/elparduotuve\/produktas\/eukanuba-weight-control-sausas-maistas-sterilizuotoms-katems-su-vistiena\/#primaryimage"},"image":{"@id":"https:\/\/anivet.lt\/elparduotuve\/produktas\/eukanuba-weight-control-sausas-maistas-sterilizuotoms-katems-su-vistiena\/#primaryimage"},"thumbnailUrl":"https:\/\/anivet.lt\/elparduotuve\/wp-content\/uploads\/2024\/12\/kate.jpg","datePublished":"2024-12-19T09:17:08+00:00","dateModified":"2025-11-28T15:43:29+00:00","description":"Subalansuotas maistas, pritaikytas sterilizuotoms kat\u0117ms, siekiant palaikyti tinkam\u0105 k\u016bno svor\u012f, sveik\u0105 vir\u0161kinim\u0105 ir bendr\u0105 gerov\u0119. Auk\u0161tos kokyb\u0117s","breadcrumb":{"@id":"https:\/\/anivet.lt\/elparduotuve\/produktas\/eukanuba-weight-control-sausas-maistas-sterilizuotoms-katems-su-vistiena\/#breadcrumb"},"inLanguage":"lt-LT","potentialAction":[{"@type":"ReadAction","target":["https:\/\/anivet.lt\/elparduotuve\/produktas\/eukanuba-weight-control-sausas-maistas-sterilizuotoms-katems-su-vistiena\/"]}]},{"@type":"ImageObject","inLanguage":"lt-LT","@id":"https:\/\/anivet.lt\/elparduotuve\/produktas\/eukanuba-weight-control-sausas-maistas-sterilizuotoms-katems-su-vistiena\/#primaryimage","url":"https:\/\/anivet.lt\/elparduotuve\/wp-content\/uploads\/2024\/12\/kate.jpg","contentUrl":"https:\/\/anivet.lt\/elparduotuve\/wp-content\/uploads\/2024\/12\/kate.jpg","width":400,"height":400,"caption":"Eukanuba Weight Control sausas maistas sterilizuotoms kat\u0117ms su vi\u0161tiena"},{"@type":"BreadcrumbList","@id":"https:\/\/anivet.lt\/elparduotuve\/produktas\/eukanuba-weight-control-sausas-maistas-sterilizuotoms-katems-su-vistiena\/#breadcrumb","itemListElement":[{"@type":"ListItem","position":1,"name":"Home","item":"https:\/\/anivet.lt\/elparduotuve\/"},{"@type":"ListItem","position":2,"name":"Produktai","item":"https:\/\/anivet.lt\/elparduotuve\/produktai\/"},{"@type":"ListItem","position":3,"name":"Eukanuba Weight Control sausas maistas sterilizuotoms kat\u0117ms su vi\u0161tiena"}]},{"@type":"WebSite","@id":"https:\/\/anivet.lt\/elparduotuve\/#website","url":"https:\/\/anivet.lt\/elparduotuve\/","name":"anivet.lt","description":"Viskas J\u016bs\u0173 \u0161uns, kat\u0117s prie\u017ei\u016brai","publisher":{"@id":"https:\/\/anivet.lt\/elparduotuve\/#organization"},"alternateName":"Viskas J\u016bs\u0173 \u0161uns, kat\u0117s prie\u017ei\u016brai","potentialAction":[{"@type":"SearchAction","target":{"@type":"EntryPoint","urlTemplate":"https:\/\/anivet.lt\/elparduotuve\/?s={search_term_string}"},"query-input":{"@type":"PropertyValueSpecification","valueRequired":true,"valueName":"search_term_string"}}],"inLanguage":"lt-LT"},{"@type":"Organization","@id":"https:\/\/anivet.lt\/elparduotuve\/#organization","name":"Viskas J\u016bs\u0173 \u0161uns, kat\u0117s prie\u017ei\u016brai","url":"https:\/\/anivet.lt\/elparduotuve\/","logo":{"@type":"ImageObject","inLanguage":"lt-LT","@id":"https:\/\/anivet.lt\/elparduotuve\/#\/schema\/logo\/image\/","url":"https:\/\/anivet.lt\/elparduotuve\/wp-content\/uploads\/2023\/06\/logo2.jpg","contentUrl":"https:\/\/anivet.lt\/elparduotuve\/wp-content\/uploads\/2023\/06\/logo2.jpg","width":655,"height":194,"caption":"Viskas J\u016bs\u0173 \u0161uns, kat\u0117s prie\u017ei\u016brai"},"image":{"@id":"https:\/\/anivet.lt\/elparduotuve\/#\/schema\/logo\/image\/"}}]}},"_links":{"self":[{"href":"https:\/\/anivet.lt\/elparduotuve\/wp-json\/wp\/v2\/product\/15685","targetHints":{"allow":["GET"]}}],"collection":[{"href":"https:\/\/anivet.lt\/elparduotuve\/wp-json\/wp\/v2\/product"}],"about":[{"href":"https:\/\/anivet.lt\/elparduotuve\/wp-json\/wp\/v2\/types\/product"}],"wp:featuredmedia":[{"embeddable":true,"href":"https:\/\/anivet.lt\/elparduotuve\/wp-json\/wp\/v2\/media\/15688"}],"wp:attachment":[{"href":"https:\/\/anivet.lt\/elparduotuve\/wp-json\/wp\/v2\/media?parent=15685"}],"wp:term":[{"taxonomy":"product_brand","embeddable":true,"href":"https:\/\/anivet.lt\/elparduotuve\/wp-json\/wp\/v2\/product_brand?post=15685"},{"taxonomy":"product_cat","embeddable":true,"href":"https:\/\/anivet.lt\/elparduotuve\/wp-json\/wp\/v2\/product_cat?post=15685"},{"taxonomy":"product_tag","embeddable":true,"href":"https:\/\/anivet.lt\/elparduotuve\/wp-json\/wp\/v2\/product_tag?post=15685"}],"curies":[{"name":"wp","href":"https:\/\/api.w.org\/{rel}","templated":true}]}}