{"id":15705,"date":"2024-12-21T08:26:41","date_gmt":"2024-12-21T08:26:41","guid":{"rendered":"https:\/\/anivet.lt\/elparduotuve\/?post_type=product&#038;p=15705"},"modified":"2026-02-25T18:14:24","modified_gmt":"2026-02-25T18:14:24","slug":"vetexpert-4t-vet-diet-renal-elimination-sunims-esant-inkstu-nepakankamumui","status":"publish","type":"product","link":"https:\/\/anivet.lt\/elparduotuve\/produktas\/vetexpert-4t-vet-diet-renal-elimination-sunims-esant-inkstu-nepakankamumui\/","title":{"rendered":"VetExpert 4T Vet. Diet Renal Elimination \u0161unims esant inkst\u0173 nepakankamumui"},"content":{"rendered":"<ul>\n<li><span style=\"font-weight: 400;\">Dviguba funkcija: Skirtas \u0161unims, sergantiems inkst\u0173 nepakankamumu ir turintiems maisto netoleravim\u0105.<\/span><\/li>\n<li style=\"font-weight: 400;\" aria-level=\"1\"><span style=\"font-weight: 400;\">Monoproteinin\u0117 dieta: Triu\u0161iena \u2013 vienintelis gyv\u016bnini\u0173 baltym\u0173 \u0161altinis, u\u017etikrinantis lengv\u0105 vir\u0161kinim\u0105.<\/span><\/li>\n<li style=\"font-weight: 400;\" aria-level=\"1\"><span style=\"font-weight: 400;\">Be glitimo: Rudieji ir baltieji ry\u017eiai \u2013 vienintelis angliavandeni\u0173 \u0161altinis, tinkantis jautriems \u0161unims.<\/span><\/li>\n<li style=\"font-weight: 400;\" aria-level=\"1\"><span style=\"font-weight: 400;\">Praturtinta omega-3 riebal\u0173 r\u016bg\u0161timis: Lin\u0173 s\u0117menys teikia antioksidacin\u0119 apsaug\u0105, svarbi\u0105 esant l\u0117tiniam inkst\u0173 nepakankamumui.<\/span><\/li>\n<li style=\"font-weight: 400;\" aria-level=\"1\"><span style=\"font-weight: 400;\">\u0160lapimo tak\u0173 apsauga: Spanguol\u0117s padeda suma\u017einti bakterini\u0173 infekcij\u0173 rizik\u0105.<\/span><\/li>\n<\/ul>\n<p><span style=\"font-weight: 400;\">Puikus pasirinkimas, u\u017etikrinantis tinkam\u0105 mityb\u0105, geresn\u0119 savijaut\u0105 ir j\u016bs\u0173 augintinio gyvenimo kokyb\u0119. Pa\u0161aras ne tik skanus, bet ir naudingas, tod\u0117l idealiai tinka kasdieniam naudojimui.<\/span><\/p>\n","protected":false},"excerpt":{"rendered":"<p><span style=\"font-weight: 400;\">Specializuotas dietinis pa\u0161aras, sukurtas \u0161unims, ken\u010diantiems nuo l\u0117tinio inkst\u0173 nepakankamumo ir maisto netoleravimo. \u0160is vienbaltyminis pa\u0161aras pasi\u017eymi subalansuota sud\u0117timi, praturtinta svarbiausiomis med\u017eiagomis, kurios palaiko inkst\u0173 ir vir\u0161kinimo sveikat\u0105.<\/span><\/p>\n","protected":false},"featured_media":15721,"template":"","meta":[],"product_brand":[],"product_cat":[101,103,107,564],"product_tag":[],"class_list":{"0":"post-15705","1":"product","2":"type-product","3":"status-publish","4":"has-post-thumbnail","6":"product_cat-sunims","7":"product_cat-sunu-maistas","8":"product_cat-veterinarine-dieta","9":"product_cat-vet-expert-sunu-maistas","10":"pa_prekinis-zenklas-vetexpert","12":"first","13":"instock","14":"taxable","15":"shipping-taxable","16":"purchasable","17":"product-type-variable"},"yoast_head":"<!-- This site is optimized with the Yoast SEO Premium plugin v27.1 (Yoast SEO v27.5) - https:\/\/yoast.com\/product\/yoast-seo-premium-wordpress\/ -->\n<title>VetExpert 4T Vet. Diet Renal Elimination \u0161unims esant inkst\u0173 nepakankamumui - anivet.lt<\/title>\n<meta name=\"description\" content=\"Specializuotas dietinis pa\u0161aras, sukurtas \u0161unims, ken\u010diantiems nuo l\u0117tinio inkst\u0173 nepakankamumo ir maisto netoleravimo. \u0160is vienbaltyminis pa\u0161aras pasi\u017eymi subalansuota sud\u0117timi, praturtinta svarbiausiomis med\u017eiagomis, kurios palaiko inkst\u0173 ir vir\u0161kinimo sveikat\u0105.\" \/>\n<meta name=\"robots\" content=\"index, follow, max-snippet:-1, max-image-preview:large, max-video-preview:-1\" \/>\n<link rel=\"canonical\" href=\"https:\/\/anivet.lt\/elparduotuve\/produktas\/vetexpert-4t-vet-diet-renal-elimination-sunims-esant-inkstu-nepakankamumui\/\" \/>\n<meta property=\"og:locale\" content=\"lt_LT\" \/>\n<meta property=\"og:type\" content=\"article\" \/>\n<meta property=\"og:title\" content=\"VetExpert 4T Vet. Diet Renal Elimination \u0161unims esant inkst\u0173 nepakankamumui\" \/>\n<meta property=\"og:description\" content=\"Specializuotas dietinis pa\u0161aras, sukurtas \u0161unims, ken\u010diantiems nuo l\u0117tinio inkst\u0173 nepakankamumo ir maisto netoleravimo. \u0160is vienbaltyminis pa\u0161aras pasi\u017eymi subalansuota sud\u0117timi, praturtinta svarbiausiomis med\u017eiagomis, kurios palaiko inkst\u0173 ir vir\u0161kinimo sveikat\u0105.\" \/>\n<meta property=\"og:url\" content=\"https:\/\/anivet.lt\/elparduotuve\/produktas\/vetexpert-4t-vet-diet-renal-elimination-sunims-esant-inkstu-nepakankamumui\/\" \/>\n<meta property=\"og:site_name\" content=\"anivet.lt\" \/>\n<meta property=\"article:modified_time\" content=\"2026-02-25T18:14:24+00:00\" \/>\n<meta property=\"og:image\" content=\"https:\/\/anivet.lt\/elparduotuve\/wp-content\/uploads\/2024\/12\/4T-Vet.-diet-Renal-Elimination-dog-2kg.jpg\" \/>\n\t<meta property=\"og:image:width\" content=\"1000\" \/>\n\t<meta property=\"og:image:height\" content=\"1234\" \/>\n\t<meta property=\"og:image:type\" content=\"image\/jpeg\" \/>\n<meta name=\"twitter:card\" content=\"summary_large_image\" \/>\n<meta name=\"twitter:label1\" content=\"Est. reading time\" \/>\n\t<meta name=\"twitter:data1\" content=\"1 minut\u0117\" \/>\n<script type=\"application\/ld+json\" class=\"yoast-schema-graph\">{\"@context\":\"https:\\\/\\\/schema.org\",\"@graph\":[{\"@type\":\"WebPage\",\"@id\":\"https:\\\/\\\/anivet.lt\\\/elparduotuve\\\/produktas\\\/vetexpert-4t-vet-diet-renal-elimination-sunims-esant-inkstu-nepakankamumui\\\/\",\"url\":\"https:\\\/\\\/anivet.lt\\\/elparduotuve\\\/produktas\\\/vetexpert-4t-vet-diet-renal-elimination-sunims-esant-inkstu-nepakankamumui\\\/\",\"name\":\"VetExpert 4T Vet. Diet Renal Elimination \u0161unims esant inkst\u0173 nepakankamumui - anivet.lt\",\"isPartOf\":{\"@id\":\"https:\\\/\\\/anivet.lt\\\/elparduotuve\\\/#website\"},\"primaryImageOfPage\":{\"@id\":\"https:\\\/\\\/anivet.lt\\\/elparduotuve\\\/produktas\\\/vetexpert-4t-vet-diet-renal-elimination-sunims-esant-inkstu-nepakankamumui\\\/#primaryimage\"},\"image\":{\"@id\":\"https:\\\/\\\/anivet.lt\\\/elparduotuve\\\/produktas\\\/vetexpert-4t-vet-diet-renal-elimination-sunims-esant-inkstu-nepakankamumui\\\/#primaryimage\"},\"thumbnailUrl\":\"https:\\\/\\\/anivet.lt\\\/elparduotuve\\\/wp-content\\\/uploads\\\/2024\\\/12\\\/4T-Vet.-diet-Renal-Elimination-dog-2kg.jpg\",\"datePublished\":\"2024-12-21T08:26:41+00:00\",\"dateModified\":\"2026-02-25T18:14:24+00:00\",\"description\":\"Specializuotas dietinis pa\u0161aras, sukurtas \u0161unims, ken\u010diantiems nuo l\u0117tinio inkst\u0173 nepakankamumo ir maisto netoleravimo. \u0160is vienbaltyminis pa\u0161aras pasi\u017eymi subalansuota sud\u0117timi, praturtinta svarbiausiomis med\u017eiagomis, kurios palaiko inkst\u0173 ir vir\u0161kinimo sveikat\u0105.\",\"breadcrumb\":{\"@id\":\"https:\\\/\\\/anivet.lt\\\/elparduotuve\\\/produktas\\\/vetexpert-4t-vet-diet-renal-elimination-sunims-esant-inkstu-nepakankamumui\\\/#breadcrumb\"},\"inLanguage\":\"lt-LT\",\"potentialAction\":[{\"@type\":\"ReadAction\",\"target\":[\"https:\\\/\\\/anivet.lt\\\/elparduotuve\\\/produktas\\\/vetexpert-4t-vet-diet-renal-elimination-sunims-esant-inkstu-nepakankamumui\\\/\"]}]},{\"@type\":\"ImageObject\",\"inLanguage\":\"lt-LT\",\"@id\":\"https:\\\/\\\/anivet.lt\\\/elparduotuve\\\/produktas\\\/vetexpert-4t-vet-diet-renal-elimination-sunims-esant-inkstu-nepakankamumui\\\/#primaryimage\",\"url\":\"https:\\\/\\\/anivet.lt\\\/elparduotuve\\\/wp-content\\\/uploads\\\/2024\\\/12\\\/4T-Vet.-diet-Renal-Elimination-dog-2kg.jpg\",\"contentUrl\":\"https:\\\/\\\/anivet.lt\\\/elparduotuve\\\/wp-content\\\/uploads\\\/2024\\\/12\\\/4T-Vet.-diet-Renal-Elimination-dog-2kg.jpg\",\"width\":1000,\"height\":1234,\"caption\":\"VetExpert 4T Vet. Diet Renal Elimination \u0161unims esant inkst\u0173 nepakankamumui\"},{\"@type\":\"BreadcrumbList\",\"@id\":\"https:\\\/\\\/anivet.lt\\\/elparduotuve\\\/produktas\\\/vetexpert-4t-vet-diet-renal-elimination-sunims-esant-inkstu-nepakankamumui\\\/#breadcrumb\",\"itemListElement\":[{\"@type\":\"ListItem\",\"position\":1,\"name\":\"Home\",\"item\":\"https:\\\/\\\/anivet.lt\\\/elparduotuve\\\/\"},{\"@type\":\"ListItem\",\"position\":2,\"name\":\"Produktai\",\"item\":\"https:\\\/\\\/anivet.lt\\\/elparduotuve\\\/produktai\\\/\"},{\"@type\":\"ListItem\",\"position\":3,\"name\":\"VetExpert 4T Vet. Diet Renal Elimination \u0161unims esant inkst\u0173 nepakankamumui\"}]},{\"@type\":\"WebSite\",\"@id\":\"https:\\\/\\\/anivet.lt\\\/elparduotuve\\\/#website\",\"url\":\"https:\\\/\\\/anivet.lt\\\/elparduotuve\\\/\",\"name\":\"anivet.lt\",\"description\":\"Viskas J\u016bs\u0173 \u0161uns, kat\u0117s prie\u017ei\u016brai\",\"publisher\":{\"@id\":\"https:\\\/\\\/anivet.lt\\\/elparduotuve\\\/#organization\"},\"alternateName\":\"Viskas J\u016bs\u0173 \u0161uns, kat\u0117s prie\u017ei\u016brai\",\"potentialAction\":[{\"@type\":\"SearchAction\",\"target\":{\"@type\":\"EntryPoint\",\"urlTemplate\":\"https:\\\/\\\/anivet.lt\\\/elparduotuve\\\/?s={search_term_string}\"},\"query-input\":{\"@type\":\"PropertyValueSpecification\",\"valueRequired\":true,\"valueName\":\"search_term_string\"}}],\"inLanguage\":\"lt-LT\"},{\"@type\":\"Organization\",\"@id\":\"https:\\\/\\\/anivet.lt\\\/elparduotuve\\\/#organization\",\"name\":\"Viskas J\u016bs\u0173 \u0161uns, kat\u0117s prie\u017ei\u016brai\",\"url\":\"https:\\\/\\\/anivet.lt\\\/elparduotuve\\\/\",\"logo\":{\"@type\":\"ImageObject\",\"inLanguage\":\"lt-LT\",\"@id\":\"https:\\\/\\\/anivet.lt\\\/elparduotuve\\\/#\\\/schema\\\/logo\\\/image\\\/\",\"url\":\"https:\\\/\\\/anivet.lt\\\/elparduotuve\\\/wp-content\\\/uploads\\\/2023\\\/06\\\/logo2.jpg\",\"contentUrl\":\"https:\\\/\\\/anivet.lt\\\/elparduotuve\\\/wp-content\\\/uploads\\\/2023\\\/06\\\/logo2.jpg\",\"width\":655,\"height\":194,\"caption\":\"Viskas J\u016bs\u0173 \u0161uns, kat\u0117s prie\u017ei\u016brai\"},\"image\":{\"@id\":\"https:\\\/\\\/anivet.lt\\\/elparduotuve\\\/#\\\/schema\\\/logo\\\/image\\\/\"}}]}<\/script>\n<!-- \/ Yoast SEO Premium plugin. -->","yoast_head_json":{"title":"VetExpert 4T Vet. Diet Renal Elimination \u0161unims esant inkst\u0173 nepakankamumui - anivet.lt","description":"Specializuotas dietinis pa\u0161aras, sukurtas \u0161unims, ken\u010diantiems nuo l\u0117tinio inkst\u0173 nepakankamumo ir maisto netoleravimo. \u0160is vienbaltyminis pa\u0161aras pasi\u017eymi subalansuota sud\u0117timi, praturtinta svarbiausiomis med\u017eiagomis, kurios palaiko inkst\u0173 ir vir\u0161kinimo sveikat\u0105.","robots":{"index":"index","follow":"follow","max-snippet":"max-snippet:-1","max-image-preview":"max-image-preview:large","max-video-preview":"max-video-preview:-1"},"canonical":"https:\/\/anivet.lt\/elparduotuve\/produktas\/vetexpert-4t-vet-diet-renal-elimination-sunims-esant-inkstu-nepakankamumui\/","og_locale":"lt_LT","og_type":"article","og_title":"VetExpert 4T Vet. Diet Renal Elimination \u0161unims esant inkst\u0173 nepakankamumui","og_description":"Specializuotas dietinis pa\u0161aras, sukurtas \u0161unims, ken\u010diantiems nuo l\u0117tinio inkst\u0173 nepakankamumo ir maisto netoleravimo. \u0160is vienbaltyminis pa\u0161aras pasi\u017eymi subalansuota sud\u0117timi, praturtinta svarbiausiomis med\u017eiagomis, kurios palaiko inkst\u0173 ir vir\u0161kinimo sveikat\u0105.","og_url":"https:\/\/anivet.lt\/elparduotuve\/produktas\/vetexpert-4t-vet-diet-renal-elimination-sunims-esant-inkstu-nepakankamumui\/","og_site_name":"anivet.lt","article_modified_time":"2026-02-25T18:14:24+00:00","og_image":[{"width":1000,"height":1234,"url":"https:\/\/anivet.lt\/elparduotuve\/wp-content\/uploads\/2024\/12\/4T-Vet.-diet-Renal-Elimination-dog-2kg.jpg","type":"image\/jpeg"}],"twitter_card":"summary_large_image","twitter_misc":{"Est. reading time":"1 minut\u0117"},"schema":{"@context":"https:\/\/schema.org","@graph":[{"@type":"WebPage","@id":"https:\/\/anivet.lt\/elparduotuve\/produktas\/vetexpert-4t-vet-diet-renal-elimination-sunims-esant-inkstu-nepakankamumui\/","url":"https:\/\/anivet.lt\/elparduotuve\/produktas\/vetexpert-4t-vet-diet-renal-elimination-sunims-esant-inkstu-nepakankamumui\/","name":"VetExpert 4T Vet. Diet Renal Elimination \u0161unims esant inkst\u0173 nepakankamumui - anivet.lt","isPartOf":{"@id":"https:\/\/anivet.lt\/elparduotuve\/#website"},"primaryImageOfPage":{"@id":"https:\/\/anivet.lt\/elparduotuve\/produktas\/vetexpert-4t-vet-diet-renal-elimination-sunims-esant-inkstu-nepakankamumui\/#primaryimage"},"image":{"@id":"https:\/\/anivet.lt\/elparduotuve\/produktas\/vetexpert-4t-vet-diet-renal-elimination-sunims-esant-inkstu-nepakankamumui\/#primaryimage"},"thumbnailUrl":"https:\/\/anivet.lt\/elparduotuve\/wp-content\/uploads\/2024\/12\/4T-Vet.-diet-Renal-Elimination-dog-2kg.jpg","datePublished":"2024-12-21T08:26:41+00:00","dateModified":"2026-02-25T18:14:24+00:00","description":"Specializuotas dietinis pa\u0161aras, sukurtas \u0161unims, ken\u010diantiems nuo l\u0117tinio inkst\u0173 nepakankamumo ir maisto netoleravimo. \u0160is vienbaltyminis pa\u0161aras pasi\u017eymi subalansuota sud\u0117timi, praturtinta svarbiausiomis med\u017eiagomis, kurios palaiko inkst\u0173 ir vir\u0161kinimo sveikat\u0105.","breadcrumb":{"@id":"https:\/\/anivet.lt\/elparduotuve\/produktas\/vetexpert-4t-vet-diet-renal-elimination-sunims-esant-inkstu-nepakankamumui\/#breadcrumb"},"inLanguage":"lt-LT","potentialAction":[{"@type":"ReadAction","target":["https:\/\/anivet.lt\/elparduotuve\/produktas\/vetexpert-4t-vet-diet-renal-elimination-sunims-esant-inkstu-nepakankamumui\/"]}]},{"@type":"ImageObject","inLanguage":"lt-LT","@id":"https:\/\/anivet.lt\/elparduotuve\/produktas\/vetexpert-4t-vet-diet-renal-elimination-sunims-esant-inkstu-nepakankamumui\/#primaryimage","url":"https:\/\/anivet.lt\/elparduotuve\/wp-content\/uploads\/2024\/12\/4T-Vet.-diet-Renal-Elimination-dog-2kg.jpg","contentUrl":"https:\/\/anivet.lt\/elparduotuve\/wp-content\/uploads\/2024\/12\/4T-Vet.-diet-Renal-Elimination-dog-2kg.jpg","width":1000,"height":1234,"caption":"VetExpert 4T Vet. Diet Renal Elimination \u0161unims esant inkst\u0173 nepakankamumui"},{"@type":"BreadcrumbList","@id":"https:\/\/anivet.lt\/elparduotuve\/produktas\/vetexpert-4t-vet-diet-renal-elimination-sunims-esant-inkstu-nepakankamumui\/#breadcrumb","itemListElement":[{"@type":"ListItem","position":1,"name":"Home","item":"https:\/\/anivet.lt\/elparduotuve\/"},{"@type":"ListItem","position":2,"name":"Produktai","item":"https:\/\/anivet.lt\/elparduotuve\/produktai\/"},{"@type":"ListItem","position":3,"name":"VetExpert 4T Vet. Diet Renal Elimination \u0161unims esant inkst\u0173 nepakankamumui"}]},{"@type":"WebSite","@id":"https:\/\/anivet.lt\/elparduotuve\/#website","url":"https:\/\/anivet.lt\/elparduotuve\/","name":"anivet.lt","description":"Viskas J\u016bs\u0173 \u0161uns, kat\u0117s prie\u017ei\u016brai","publisher":{"@id":"https:\/\/anivet.lt\/elparduotuve\/#organization"},"alternateName":"Viskas J\u016bs\u0173 \u0161uns, kat\u0117s prie\u017ei\u016brai","potentialAction":[{"@type":"SearchAction","target":{"@type":"EntryPoint","urlTemplate":"https:\/\/anivet.lt\/elparduotuve\/?s={search_term_string}"},"query-input":{"@type":"PropertyValueSpecification","valueRequired":true,"valueName":"search_term_string"}}],"inLanguage":"lt-LT"},{"@type":"Organization","@id":"https:\/\/anivet.lt\/elparduotuve\/#organization","name":"Viskas J\u016bs\u0173 \u0161uns, kat\u0117s prie\u017ei\u016brai","url":"https:\/\/anivet.lt\/elparduotuve\/","logo":{"@type":"ImageObject","inLanguage":"lt-LT","@id":"https:\/\/anivet.lt\/elparduotuve\/#\/schema\/logo\/image\/","url":"https:\/\/anivet.lt\/elparduotuve\/wp-content\/uploads\/2023\/06\/logo2.jpg","contentUrl":"https:\/\/anivet.lt\/elparduotuve\/wp-content\/uploads\/2023\/06\/logo2.jpg","width":655,"height":194,"caption":"Viskas J\u016bs\u0173 \u0161uns, kat\u0117s prie\u017ei\u016brai"},"image":{"@id":"https:\/\/anivet.lt\/elparduotuve\/#\/schema\/logo\/image\/"}}]}},"_links":{"self":[{"href":"https:\/\/anivet.lt\/elparduotuve\/wp-json\/wp\/v2\/product\/15705","targetHints":{"allow":["GET"]}}],"collection":[{"href":"https:\/\/anivet.lt\/elparduotuve\/wp-json\/wp\/v2\/product"}],"about":[{"href":"https:\/\/anivet.lt\/elparduotuve\/wp-json\/wp\/v2\/types\/product"}],"wp:featuredmedia":[{"embeddable":true,"href":"https:\/\/anivet.lt\/elparduotuve\/wp-json\/wp\/v2\/media\/15721"}],"wp:attachment":[{"href":"https:\/\/anivet.lt\/elparduotuve\/wp-json\/wp\/v2\/media?parent=15705"}],"wp:term":[{"taxonomy":"product_brand","embeddable":true,"href":"https:\/\/anivet.lt\/elparduotuve\/wp-json\/wp\/v2\/product_brand?post=15705"},{"taxonomy":"product_cat","embeddable":true,"href":"https:\/\/anivet.lt\/elparduotuve\/wp-json\/wp\/v2\/product_cat?post=15705"},{"taxonomy":"product_tag","embeddable":true,"href":"https:\/\/anivet.lt\/elparduotuve\/wp-json\/wp\/v2\/product_tag?post=15705"}],"curies":[{"name":"wp","href":"https:\/\/api.w.org\/{rel}","templated":true}]}}