{"id":15709,"date":"2024-12-21T08:51:09","date_gmt":"2024-12-21T08:51:09","guid":{"rendered":"https:\/\/anivet.lt\/elparduotuve\/?post_type=product&#038;p=15709"},"modified":"2026-01-31T22:39:26","modified_gmt":"2026-01-31T22:39:26","slug":"vetexpert4t-vet-diet-hypoallergenic-ultra-alergiskiems-sunims","status":"publish","type":"product","link":"https:\/\/anivet.lt\/elparduotuve\/produktas\/vetexpert4t-vet-diet-hypoallergenic-ultra-alergiskiems-sunims\/","title":{"rendered":"VetExpert4T Vet. Diet Hypoallergenic Ultra alergi\u0161kiems \u0161unims"},"content":{"rendered":"<ul>\n<li><span style=\"font-weight: 400;\">Monoproteinin\u0117 sud\u0117tis: Silk\u0117 \u2013 vienintelis gyv\u016bnini\u0173 baltym\u0173 \u0161altinis, u\u017etikrinantis lengv\u0105 vir\u0161kinim\u0105.<\/span><\/li>\n<li style=\"font-weight: 400;\" aria-level=\"1\"><span style=\"font-weight: 400;\">Specialus angliavandeni\u0173 \u0161altinis: Auk\u0161to i\u0161gryninimo bulvi\u0173 krakmolas ir sald\u017ei\u0173j\u0173 bulvi\u0173 krakmolas puikiai tinka \u0161unims, netoleruojantiems kit\u0173 angliavandeni\u0173.<\/span><\/li>\n<li style=\"font-weight: 400;\" aria-level=\"1\"><span style=\"font-weight: 400;\">Omega-3 riebi\u0173j\u0173 r\u016bg\u0161\u010di\u0173 gausa: Auk\u0161ta EPA ir DHA koncentracija palaiko odos sveikat\u0105 ir blizgant\u012f kail\u012f.<\/span><\/li>\n<li style=\"font-weight: 400;\" aria-level=\"1\"><span style=\"font-weight: 400;\">Antialergin\u0117 formul\u0117: Ma\u017eos molekulin\u0117s mas\u0117s hidrolizuoti baltymai padeda suma\u017einti alergines reakcijas.<\/span><\/li>\n<li style=\"font-weight: 400;\" aria-level=\"1\"><span style=\"font-weight: 400;\">Papildoma odos apsauga: Sud\u0117tyje esantys \u017euv\u0173 taukai ir saul\u0117gr\u0105\u017e\u0173 aliejus prisideda prie sveikos odos funkcij\u0173 palaikymo.<\/span><\/li>\n<\/ul>\n<p><span style=\"font-weight: 400;\">\u201eVetExpert Hypoallergenic Ultra\u201d \u2013 puikus pasirinkimas \u0161unims, turintiems maisto netoleravimo ar odos problem\u0173. Subalansuota sud\u0117tis ne tik sprend\u017eia specifines sveikatos problemas, bet ir suteikia gard\u0173 bei maisting\u0105 kasdien\u012f racion\u0105, u\u017etikrinant\u012f ger\u0105 augintinio savijaut\u0105.<\/span><\/p>\n","protected":false},"excerpt":{"rendered":"<p><span style=\"font-weight: 400;\">Visavertis dietinis pa\u0161aras, skirtas suaugusiems \u0161unims, turintiems pa\u0161aro ir maisto med\u017eiag\u0173 netoleravimo problem\u0173. \u0160is pa\u0161aras taip pat padeda palaikyti ger\u0105 odos b\u016bkl\u0119 ir suma\u017einti plauk\u0173 slinkim\u0105, o jo sud\u0117tis yra specialiai sukurta jautriems augintiniams.<\/span><\/p>\n","protected":false},"featured_media":15724,"template":"","meta":[],"product_brand":[],"product_cat":[101,103,107,564],"product_tag":[],"class_list":{"0":"post-15709","1":"product","2":"type-product","3":"status-publish","4":"has-post-thumbnail","6":"product_cat-sunims","7":"product_cat-sunu-maistas","8":"product_cat-veterinarine-dieta","9":"product_cat-vet-expert-sunu-maistas","10":"pa_prekinis-zenklas-vetexpert","12":"first","13":"instock","14":"sale","15":"taxable","16":"shipping-taxable","17":"purchasable","18":"product-type-variable"},"yoast_head":"<!-- This site is optimized with the Yoast SEO Premium plugin v27.1 (Yoast SEO v27.5) - https:\/\/yoast.com\/product\/yoast-seo-premium-wordpress\/ -->\n<title>VetExpert4T Vet. Diet Hypoallergenic Ultra alergi\u0161kiems \u0161unims - anivet.lt<\/title>\n<meta name=\"description\" content=\"Visavertis dietinis pa\u0161aras, skirtas suaugusiems \u0161unims, turintiems pa\u0161aro ir maisto med\u017eiag\u0173 netoleravimo problem\u0173. \u0160is pa\u0161aras taip pat padeda palaikyti ger\u0105 odos b\u016bkl\u0119 ir suma\u017einti plauk\u0173 slinkim\u0105, o jo sud\u0117tis yra specialiai sukurta jautriems augintiniams.\" \/>\n<meta name=\"robots\" content=\"index, follow, max-snippet:-1, max-image-preview:large, max-video-preview:-1\" \/>\n<link rel=\"canonical\" href=\"https:\/\/anivet.lt\/elparduotuve\/produktas\/vetexpert4t-vet-diet-hypoallergenic-ultra-alergiskiems-sunims\/\" \/>\n<meta property=\"og:locale\" content=\"lt_LT\" \/>\n<meta property=\"og:type\" content=\"article\" \/>\n<meta property=\"og:title\" content=\"VetExpert4T Vet. Diet Hypoallergenic Ultra alergi\u0161kiems \u0161unims\" \/>\n<meta property=\"og:description\" content=\"Visavertis dietinis pa\u0161aras, skirtas suaugusiems \u0161unims, turintiems pa\u0161aro ir maisto med\u017eiag\u0173 netoleravimo problem\u0173. \u0160is pa\u0161aras taip pat padeda palaikyti ger\u0105 odos b\u016bkl\u0119 ir suma\u017einti plauk\u0173 slinkim\u0105, o jo sud\u0117tis yra specialiai sukurta jautriems augintiniams.\" \/>\n<meta property=\"og:url\" content=\"https:\/\/anivet.lt\/elparduotuve\/produktas\/vetexpert4t-vet-diet-hypoallergenic-ultra-alergiskiems-sunims\/\" \/>\n<meta property=\"og:site_name\" content=\"anivet.lt\" \/>\n<meta property=\"article:modified_time\" content=\"2026-01-31T22:39:26+00:00\" \/>\n<meta property=\"og:image\" content=\"https:\/\/anivet.lt\/elparduotuve\/wp-content\/uploads\/2024\/12\/4T-Vet.-diet-Hypoallergenic-Ultra-dog-2kg.jpg\" \/>\n\t<meta property=\"og:image:width\" content=\"1000\" \/>\n\t<meta property=\"og:image:height\" content=\"1326\" \/>\n\t<meta property=\"og:image:type\" content=\"image\/jpeg\" \/>\n<meta name=\"twitter:card\" content=\"summary_large_image\" \/>\n<meta name=\"twitter:label1\" content=\"Est. reading time\" \/>\n\t<meta name=\"twitter:data1\" content=\"1 minut\u0117\" \/>\n<script type=\"application\/ld+json\" class=\"yoast-schema-graph\">{\"@context\":\"https:\\\/\\\/schema.org\",\"@graph\":[{\"@type\":\"WebPage\",\"@id\":\"https:\\\/\\\/anivet.lt\\\/elparduotuve\\\/produktas\\\/vetexpert4t-vet-diet-hypoallergenic-ultra-alergiskiems-sunims\\\/\",\"url\":\"https:\\\/\\\/anivet.lt\\\/elparduotuve\\\/produktas\\\/vetexpert4t-vet-diet-hypoallergenic-ultra-alergiskiems-sunims\\\/\",\"name\":\"VetExpert4T Vet. Diet Hypoallergenic Ultra alergi\u0161kiems \u0161unims - anivet.lt\",\"isPartOf\":{\"@id\":\"https:\\\/\\\/anivet.lt\\\/elparduotuve\\\/#website\"},\"primaryImageOfPage\":{\"@id\":\"https:\\\/\\\/anivet.lt\\\/elparduotuve\\\/produktas\\\/vetexpert4t-vet-diet-hypoallergenic-ultra-alergiskiems-sunims\\\/#primaryimage\"},\"image\":{\"@id\":\"https:\\\/\\\/anivet.lt\\\/elparduotuve\\\/produktas\\\/vetexpert4t-vet-diet-hypoallergenic-ultra-alergiskiems-sunims\\\/#primaryimage\"},\"thumbnailUrl\":\"https:\\\/\\\/anivet.lt\\\/elparduotuve\\\/wp-content\\\/uploads\\\/2024\\\/12\\\/4T-Vet.-diet-Hypoallergenic-Ultra-dog-2kg.jpg\",\"datePublished\":\"2024-12-21T08:51:09+00:00\",\"dateModified\":\"2026-01-31T22:39:26+00:00\",\"description\":\"Visavertis dietinis pa\u0161aras, skirtas suaugusiems \u0161unims, turintiems pa\u0161aro ir maisto med\u017eiag\u0173 netoleravimo problem\u0173. \u0160is pa\u0161aras taip pat padeda palaikyti ger\u0105 odos b\u016bkl\u0119 ir suma\u017einti plauk\u0173 slinkim\u0105, o jo sud\u0117tis yra specialiai sukurta jautriems augintiniams.\",\"breadcrumb\":{\"@id\":\"https:\\\/\\\/anivet.lt\\\/elparduotuve\\\/produktas\\\/vetexpert4t-vet-diet-hypoallergenic-ultra-alergiskiems-sunims\\\/#breadcrumb\"},\"inLanguage\":\"lt-LT\",\"potentialAction\":[{\"@type\":\"ReadAction\",\"target\":[\"https:\\\/\\\/anivet.lt\\\/elparduotuve\\\/produktas\\\/vetexpert4t-vet-diet-hypoallergenic-ultra-alergiskiems-sunims\\\/\"]}]},{\"@type\":\"ImageObject\",\"inLanguage\":\"lt-LT\",\"@id\":\"https:\\\/\\\/anivet.lt\\\/elparduotuve\\\/produktas\\\/vetexpert4t-vet-diet-hypoallergenic-ultra-alergiskiems-sunims\\\/#primaryimage\",\"url\":\"https:\\\/\\\/anivet.lt\\\/elparduotuve\\\/wp-content\\\/uploads\\\/2024\\\/12\\\/4T-Vet.-diet-Hypoallergenic-Ultra-dog-2kg.jpg\",\"contentUrl\":\"https:\\\/\\\/anivet.lt\\\/elparduotuve\\\/wp-content\\\/uploads\\\/2024\\\/12\\\/4T-Vet.-diet-Hypoallergenic-Ultra-dog-2kg.jpg\",\"width\":1000,\"height\":1326,\"caption\":\"VetExpert4T Vet. Diet Hypoallergenic Ultra alergi\u0161kiems \u0161unims\"},{\"@type\":\"BreadcrumbList\",\"@id\":\"https:\\\/\\\/anivet.lt\\\/elparduotuve\\\/produktas\\\/vetexpert4t-vet-diet-hypoallergenic-ultra-alergiskiems-sunims\\\/#breadcrumb\",\"itemListElement\":[{\"@type\":\"ListItem\",\"position\":1,\"name\":\"Home\",\"item\":\"https:\\\/\\\/anivet.lt\\\/elparduotuve\\\/\"},{\"@type\":\"ListItem\",\"position\":2,\"name\":\"Produktai\",\"item\":\"https:\\\/\\\/anivet.lt\\\/elparduotuve\\\/produktai\\\/\"},{\"@type\":\"ListItem\",\"position\":3,\"name\":\"VetExpert4T Vet. Diet Hypoallergenic Ultra alergi\u0161kiems \u0161unims\"}]},{\"@type\":\"WebSite\",\"@id\":\"https:\\\/\\\/anivet.lt\\\/elparduotuve\\\/#website\",\"url\":\"https:\\\/\\\/anivet.lt\\\/elparduotuve\\\/\",\"name\":\"anivet.lt\",\"description\":\"Viskas J\u016bs\u0173 \u0161uns, kat\u0117s prie\u017ei\u016brai\",\"publisher\":{\"@id\":\"https:\\\/\\\/anivet.lt\\\/elparduotuve\\\/#organization\"},\"alternateName\":\"Viskas J\u016bs\u0173 \u0161uns, kat\u0117s prie\u017ei\u016brai\",\"potentialAction\":[{\"@type\":\"SearchAction\",\"target\":{\"@type\":\"EntryPoint\",\"urlTemplate\":\"https:\\\/\\\/anivet.lt\\\/elparduotuve\\\/?s={search_term_string}\"},\"query-input\":{\"@type\":\"PropertyValueSpecification\",\"valueRequired\":true,\"valueName\":\"search_term_string\"}}],\"inLanguage\":\"lt-LT\"},{\"@type\":\"Organization\",\"@id\":\"https:\\\/\\\/anivet.lt\\\/elparduotuve\\\/#organization\",\"name\":\"Viskas J\u016bs\u0173 \u0161uns, kat\u0117s prie\u017ei\u016brai\",\"url\":\"https:\\\/\\\/anivet.lt\\\/elparduotuve\\\/\",\"logo\":{\"@type\":\"ImageObject\",\"inLanguage\":\"lt-LT\",\"@id\":\"https:\\\/\\\/anivet.lt\\\/elparduotuve\\\/#\\\/schema\\\/logo\\\/image\\\/\",\"url\":\"https:\\\/\\\/anivet.lt\\\/elparduotuve\\\/wp-content\\\/uploads\\\/2023\\\/06\\\/logo2.jpg\",\"contentUrl\":\"https:\\\/\\\/anivet.lt\\\/elparduotuve\\\/wp-content\\\/uploads\\\/2023\\\/06\\\/logo2.jpg\",\"width\":655,\"height\":194,\"caption\":\"Viskas J\u016bs\u0173 \u0161uns, kat\u0117s prie\u017ei\u016brai\"},\"image\":{\"@id\":\"https:\\\/\\\/anivet.lt\\\/elparduotuve\\\/#\\\/schema\\\/logo\\\/image\\\/\"}}]}<\/script>\n<!-- \/ Yoast SEO Premium plugin. -->","yoast_head_json":{"title":"VetExpert4T Vet. Diet Hypoallergenic Ultra alergi\u0161kiems \u0161unims - anivet.lt","description":"Visavertis dietinis pa\u0161aras, skirtas suaugusiems \u0161unims, turintiems pa\u0161aro ir maisto med\u017eiag\u0173 netoleravimo problem\u0173. \u0160is pa\u0161aras taip pat padeda palaikyti ger\u0105 odos b\u016bkl\u0119 ir suma\u017einti plauk\u0173 slinkim\u0105, o jo sud\u0117tis yra specialiai sukurta jautriems augintiniams.","robots":{"index":"index","follow":"follow","max-snippet":"max-snippet:-1","max-image-preview":"max-image-preview:large","max-video-preview":"max-video-preview:-1"},"canonical":"https:\/\/anivet.lt\/elparduotuve\/produktas\/vetexpert4t-vet-diet-hypoallergenic-ultra-alergiskiems-sunims\/","og_locale":"lt_LT","og_type":"article","og_title":"VetExpert4T Vet. Diet Hypoallergenic Ultra alergi\u0161kiems \u0161unims","og_description":"Visavertis dietinis pa\u0161aras, skirtas suaugusiems \u0161unims, turintiems pa\u0161aro ir maisto med\u017eiag\u0173 netoleravimo problem\u0173. \u0160is pa\u0161aras taip pat padeda palaikyti ger\u0105 odos b\u016bkl\u0119 ir suma\u017einti plauk\u0173 slinkim\u0105, o jo sud\u0117tis yra specialiai sukurta jautriems augintiniams.","og_url":"https:\/\/anivet.lt\/elparduotuve\/produktas\/vetexpert4t-vet-diet-hypoallergenic-ultra-alergiskiems-sunims\/","og_site_name":"anivet.lt","article_modified_time":"2026-01-31T22:39:26+00:00","og_image":[{"width":1000,"height":1326,"url":"https:\/\/anivet.lt\/elparduotuve\/wp-content\/uploads\/2024\/12\/4T-Vet.-diet-Hypoallergenic-Ultra-dog-2kg.jpg","type":"image\/jpeg"}],"twitter_card":"summary_large_image","twitter_misc":{"Est. reading time":"1 minut\u0117"},"schema":{"@context":"https:\/\/schema.org","@graph":[{"@type":"WebPage","@id":"https:\/\/anivet.lt\/elparduotuve\/produktas\/vetexpert4t-vet-diet-hypoallergenic-ultra-alergiskiems-sunims\/","url":"https:\/\/anivet.lt\/elparduotuve\/produktas\/vetexpert4t-vet-diet-hypoallergenic-ultra-alergiskiems-sunims\/","name":"VetExpert4T Vet. Diet Hypoallergenic Ultra alergi\u0161kiems \u0161unims - anivet.lt","isPartOf":{"@id":"https:\/\/anivet.lt\/elparduotuve\/#website"},"primaryImageOfPage":{"@id":"https:\/\/anivet.lt\/elparduotuve\/produktas\/vetexpert4t-vet-diet-hypoallergenic-ultra-alergiskiems-sunims\/#primaryimage"},"image":{"@id":"https:\/\/anivet.lt\/elparduotuve\/produktas\/vetexpert4t-vet-diet-hypoallergenic-ultra-alergiskiems-sunims\/#primaryimage"},"thumbnailUrl":"https:\/\/anivet.lt\/elparduotuve\/wp-content\/uploads\/2024\/12\/4T-Vet.-diet-Hypoallergenic-Ultra-dog-2kg.jpg","datePublished":"2024-12-21T08:51:09+00:00","dateModified":"2026-01-31T22:39:26+00:00","description":"Visavertis dietinis pa\u0161aras, skirtas suaugusiems \u0161unims, turintiems pa\u0161aro ir maisto med\u017eiag\u0173 netoleravimo problem\u0173. \u0160is pa\u0161aras taip pat padeda palaikyti ger\u0105 odos b\u016bkl\u0119 ir suma\u017einti plauk\u0173 slinkim\u0105, o jo sud\u0117tis yra specialiai sukurta jautriems augintiniams.","breadcrumb":{"@id":"https:\/\/anivet.lt\/elparduotuve\/produktas\/vetexpert4t-vet-diet-hypoallergenic-ultra-alergiskiems-sunims\/#breadcrumb"},"inLanguage":"lt-LT","potentialAction":[{"@type":"ReadAction","target":["https:\/\/anivet.lt\/elparduotuve\/produktas\/vetexpert4t-vet-diet-hypoallergenic-ultra-alergiskiems-sunims\/"]}]},{"@type":"ImageObject","inLanguage":"lt-LT","@id":"https:\/\/anivet.lt\/elparduotuve\/produktas\/vetexpert4t-vet-diet-hypoallergenic-ultra-alergiskiems-sunims\/#primaryimage","url":"https:\/\/anivet.lt\/elparduotuve\/wp-content\/uploads\/2024\/12\/4T-Vet.-diet-Hypoallergenic-Ultra-dog-2kg.jpg","contentUrl":"https:\/\/anivet.lt\/elparduotuve\/wp-content\/uploads\/2024\/12\/4T-Vet.-diet-Hypoallergenic-Ultra-dog-2kg.jpg","width":1000,"height":1326,"caption":"VetExpert4T Vet. Diet Hypoallergenic Ultra alergi\u0161kiems \u0161unims"},{"@type":"BreadcrumbList","@id":"https:\/\/anivet.lt\/elparduotuve\/produktas\/vetexpert4t-vet-diet-hypoallergenic-ultra-alergiskiems-sunims\/#breadcrumb","itemListElement":[{"@type":"ListItem","position":1,"name":"Home","item":"https:\/\/anivet.lt\/elparduotuve\/"},{"@type":"ListItem","position":2,"name":"Produktai","item":"https:\/\/anivet.lt\/elparduotuve\/produktai\/"},{"@type":"ListItem","position":3,"name":"VetExpert4T Vet. Diet Hypoallergenic Ultra alergi\u0161kiems \u0161unims"}]},{"@type":"WebSite","@id":"https:\/\/anivet.lt\/elparduotuve\/#website","url":"https:\/\/anivet.lt\/elparduotuve\/","name":"anivet.lt","description":"Viskas J\u016bs\u0173 \u0161uns, kat\u0117s prie\u017ei\u016brai","publisher":{"@id":"https:\/\/anivet.lt\/elparduotuve\/#organization"},"alternateName":"Viskas J\u016bs\u0173 \u0161uns, kat\u0117s prie\u017ei\u016brai","potentialAction":[{"@type":"SearchAction","target":{"@type":"EntryPoint","urlTemplate":"https:\/\/anivet.lt\/elparduotuve\/?s={search_term_string}"},"query-input":{"@type":"PropertyValueSpecification","valueRequired":true,"valueName":"search_term_string"}}],"inLanguage":"lt-LT"},{"@type":"Organization","@id":"https:\/\/anivet.lt\/elparduotuve\/#organization","name":"Viskas J\u016bs\u0173 \u0161uns, kat\u0117s prie\u017ei\u016brai","url":"https:\/\/anivet.lt\/elparduotuve\/","logo":{"@type":"ImageObject","inLanguage":"lt-LT","@id":"https:\/\/anivet.lt\/elparduotuve\/#\/schema\/logo\/image\/","url":"https:\/\/anivet.lt\/elparduotuve\/wp-content\/uploads\/2023\/06\/logo2.jpg","contentUrl":"https:\/\/anivet.lt\/elparduotuve\/wp-content\/uploads\/2023\/06\/logo2.jpg","width":655,"height":194,"caption":"Viskas J\u016bs\u0173 \u0161uns, kat\u0117s prie\u017ei\u016brai"},"image":{"@id":"https:\/\/anivet.lt\/elparduotuve\/#\/schema\/logo\/image\/"}}]}},"_links":{"self":[{"href":"https:\/\/anivet.lt\/elparduotuve\/wp-json\/wp\/v2\/product\/15709","targetHints":{"allow":["GET"]}}],"collection":[{"href":"https:\/\/anivet.lt\/elparduotuve\/wp-json\/wp\/v2\/product"}],"about":[{"href":"https:\/\/anivet.lt\/elparduotuve\/wp-json\/wp\/v2\/types\/product"}],"wp:featuredmedia":[{"embeddable":true,"href":"https:\/\/anivet.lt\/elparduotuve\/wp-json\/wp\/v2\/media\/15724"}],"wp:attachment":[{"href":"https:\/\/anivet.lt\/elparduotuve\/wp-json\/wp\/v2\/media?parent=15709"}],"wp:term":[{"taxonomy":"product_brand","embeddable":true,"href":"https:\/\/anivet.lt\/elparduotuve\/wp-json\/wp\/v2\/product_brand?post=15709"},{"taxonomy":"product_cat","embeddable":true,"href":"https:\/\/anivet.lt\/elparduotuve\/wp-json\/wp\/v2\/product_cat?post=15709"},{"taxonomy":"product_tag","embeddable":true,"href":"https:\/\/anivet.lt\/elparduotuve\/wp-json\/wp\/v2\/product_tag?post=15709"}],"curies":[{"name":"wp","href":"https:\/\/api.w.org\/{rel}","templated":true}]}}