{"id":15746,"date":"2024-12-22T23:13:45","date_gmt":"2024-12-22T23:13:45","guid":{"rendered":"https:\/\/anivet.lt\/elparduotuve\/?post_type=product&#038;p=15746"},"modified":"2025-05-27T13:32:47","modified_gmt":"2025-05-27T13:32:47","slug":"quattro-senior-and-diet-all-breed-visu-veisliu-senyviems-sunims-su-balta-zuvimi","status":"publish","type":"product","link":"https:\/\/anivet.lt\/elparduotuve\/produktas\/quattro-senior-and-diet-all-breed-visu-veisliu-senyviems-sunims-su-balta-zuvimi\/","title":{"rendered":"QUATTRO Senior and Diet all Breed vis\u0173 veisli\u0173 senyviems \u0161unims su balta \u017euvimi"},"content":{"rendered":"<p><span style=\"font-weight: 400;\">\u0160is sausas begr\u016bdis pa\u0161aras su balta \u017euvimi ir kriliu yra specialiai sukurtas vyresniems nei 10 met\u0173 \u0161unims bei tiems, kurie link\u0119 priaugti svorio. Subalansuota formul\u0117 u\u017etikrina optimal\u0173 k\u016bno svor\u012f ir palaiko bendr\u0105 sveikat\u0105.<\/span><\/p>\n<ul>\n<li style=\"font-weight: 400;\" aria-level=\"1\"><span style=\"font-weight: 400;\">Subalansuota mityba: 20% baltos \u017euvies dali\u0173 miltai ir Omega-3 riebal\u0173 r\u016bg\u0161tys palaiko \u0161irdies, kailio ir s\u0105nari\u0173 sveikat\u0105.<\/span><\/li>\n<li style=\"font-weight: 400;\" aria-level=\"1\"><span style=\"font-weight: 400;\">Svorio kontrol\u0117: L-karnitinas ir ma\u017eesnis riebal\u0173 kiekis padeda palaikyti optimal\u0173 k\u016bno svor\u012f.<\/span><\/li>\n<li style=\"font-weight: 400;\" aria-level=\"1\"><span style=\"font-weight: 400;\">Pa\u017eangi \u201efreeze-dried\u201c technologija: Granul\u0117s padengtos liofilizuota \u017euvimi, suteikian\u010dia puik\u0173 skon\u012f ir nat\u016brali\u0105 maistin\u0119 vert\u0119.<\/span><\/li>\n<li style=\"font-weight: 400;\" aria-level=\"1\"><span style=\"font-weight: 400;\">Praturtinta gliukozaminu ir chondroitinu: Stiprina s\u0105narius ir kremzles, prisideda prie aktyvaus gyvenimo b\u016bdo.<\/span><\/li>\n<li style=\"font-weight: 400;\" aria-level=\"1\"><span style=\"font-weight: 400;\">Begr\u016bd\u0117 formul\u0117: Be kvie\u010di\u0173, soj\u0173, glitimo ir GMO, tod\u0117l suma\u017einama alergini\u0173 reakcij\u0173 rizika.<\/span><\/li>\n<\/ul>\n<p><span style=\"font-weight: 400;\">\u201eQUATTRO Senior and Diet All Breed\u201d pa\u0161aras u\u017etikrina, kad vyresni \u0161unys gaut\u0173 visas reikalingas maistines med\u017eiagas, reikalingas sveikatai palaikyti, o kartu i\u0161laikyt\u0173 puiki\u0105 fizin\u0119 b\u016bkl\u0119. Puikus pasirinkimas kasdieniam \u0161\u0117rimui.<\/span><\/p>\n","protected":false},"excerpt":{"rendered":"<p>\u0160is sausas begr\u016bdis pa\u0161aras su balta \u017euvimi ir kriliu yra specialiai sukurtas vyresniems nei 10 met\u0173 \u0161unims bei tiems, kurie<\/p>\n","protected":false},"featured_media":15747,"template":"","meta":[],"product_brand":[],"product_cat":[101,103,104,320],"product_tag":[],"class_list":{"0":"post-15746","1":"product","2":"type-product","3":"status-publish","4":"has-post-thumbnail","6":"product_cat-sunims","7":"product_cat-sunu-maistas","8":"product_cat-sausas-maistas","9":"product_cat-quattro-sunu-maistas","10":"pa_prekinis-zenklas-quattro","12":"first","13":"instock","14":"taxable","15":"shipping-taxable","16":"purchasable","17":"product-type-variable"},"yoast_head":"<!-- This site is optimized with the Yoast SEO Premium plugin v27.1 (Yoast SEO v27.5) - https:\/\/yoast.com\/product\/yoast-seo-premium-wordpress\/ -->\n<title>QUATTRO Senior and Diet all Breed vis\u0173 veisli\u0173 senyviems \u0161unims su balta \u017euvimi - anivet.lt<\/title>\n<meta name=\"description\" content=\"\u0160is sausas begr\u016bdis pa\u0161aras su balta \u017euvimi ir kriliu yra specialiai sukurtas vyresniems nei 10 met\u0173 \u0161unims bei tiems, kurie link\u0119 priaugti svorio.\" \/>\n<meta name=\"robots\" content=\"index, follow, max-snippet:-1, max-image-preview:large, max-video-preview:-1\" \/>\n<link rel=\"canonical\" href=\"https:\/\/anivet.lt\/elparduotuve\/produktas\/quattro-senior-and-diet-all-breed-visu-veisliu-senyviems-sunims-su-balta-zuvimi\/\" \/>\n<meta property=\"og:locale\" content=\"lt_LT\" \/>\n<meta property=\"og:type\" content=\"article\" \/>\n<meta property=\"og:title\" content=\"QUATTRO Senior and Diet all Breed vis\u0173 veisli\u0173 senyviems \u0161unims su balta \u017euvimi\" \/>\n<meta property=\"og:description\" content=\"\u0160is sausas begr\u016bdis pa\u0161aras su balta \u017euvimi ir kriliu yra specialiai sukurtas vyresniems nei 10 met\u0173 \u0161unims bei tiems, kurie link\u0119 priaugti svorio.\" \/>\n<meta property=\"og:url\" content=\"https:\/\/anivet.lt\/elparduotuve\/produktas\/quattro-senior-and-diet-all-breed-visu-veisliu-senyviems-sunims-su-balta-zuvimi\/\" \/>\n<meta property=\"og:site_name\" content=\"anivet.lt\" \/>\n<meta property=\"article:modified_time\" content=\"2025-05-27T13:32:47+00:00\" \/>\n<meta property=\"og:image\" content=\"https:\/\/anivet.lt\/elparduotuve\/wp-content\/uploads\/2024\/12\/Quattro-all-breed-senior-fish.jpg\" \/>\n\t<meta property=\"og:image:width\" content=\"580\" \/>\n\t<meta property=\"og:image:height\" content=\"923\" \/>\n\t<meta property=\"og:image:type\" content=\"image\/jpeg\" \/>\n<meta name=\"twitter:card\" content=\"summary_large_image\" \/>\n<meta name=\"twitter:label1\" content=\"Est. reading time\" \/>\n\t<meta name=\"twitter:data1\" content=\"1 minut\u0117\" \/>\n<script type=\"application\/ld+json\" class=\"yoast-schema-graph\">{\"@context\":\"https:\\\/\\\/schema.org\",\"@graph\":[{\"@type\":\"WebPage\",\"@id\":\"https:\\\/\\\/anivet.lt\\\/elparduotuve\\\/produktas\\\/quattro-senior-and-diet-all-breed-visu-veisliu-senyviems-sunims-su-balta-zuvimi\\\/\",\"url\":\"https:\\\/\\\/anivet.lt\\\/elparduotuve\\\/produktas\\\/quattro-senior-and-diet-all-breed-visu-veisliu-senyviems-sunims-su-balta-zuvimi\\\/\",\"name\":\"QUATTRO Senior and Diet all Breed vis\u0173 veisli\u0173 senyviems \u0161unims su balta \u017euvimi - anivet.lt\",\"isPartOf\":{\"@id\":\"https:\\\/\\\/anivet.lt\\\/elparduotuve\\\/#website\"},\"primaryImageOfPage\":{\"@id\":\"https:\\\/\\\/anivet.lt\\\/elparduotuve\\\/produktas\\\/quattro-senior-and-diet-all-breed-visu-veisliu-senyviems-sunims-su-balta-zuvimi\\\/#primaryimage\"},\"image\":{\"@id\":\"https:\\\/\\\/anivet.lt\\\/elparduotuve\\\/produktas\\\/quattro-senior-and-diet-all-breed-visu-veisliu-senyviems-sunims-su-balta-zuvimi\\\/#primaryimage\"},\"thumbnailUrl\":\"https:\\\/\\\/anivet.lt\\\/elparduotuve\\\/wp-content\\\/uploads\\\/2024\\\/12\\\/Quattro-all-breed-senior-fish.jpg\",\"datePublished\":\"2024-12-22T23:13:45+00:00\",\"dateModified\":\"2025-05-27T13:32:47+00:00\",\"description\":\"\u0160is sausas begr\u016bdis pa\u0161aras su balta \u017euvimi ir kriliu yra specialiai sukurtas vyresniems nei 10 met\u0173 \u0161unims bei tiems, kurie link\u0119 priaugti svorio.\",\"breadcrumb\":{\"@id\":\"https:\\\/\\\/anivet.lt\\\/elparduotuve\\\/produktas\\\/quattro-senior-and-diet-all-breed-visu-veisliu-senyviems-sunims-su-balta-zuvimi\\\/#breadcrumb\"},\"inLanguage\":\"lt-LT\",\"potentialAction\":[{\"@type\":\"ReadAction\",\"target\":[\"https:\\\/\\\/anivet.lt\\\/elparduotuve\\\/produktas\\\/quattro-senior-and-diet-all-breed-visu-veisliu-senyviems-sunims-su-balta-zuvimi\\\/\"]}]},{\"@type\":\"ImageObject\",\"inLanguage\":\"lt-LT\",\"@id\":\"https:\\\/\\\/anivet.lt\\\/elparduotuve\\\/produktas\\\/quattro-senior-and-diet-all-breed-visu-veisliu-senyviems-sunims-su-balta-zuvimi\\\/#primaryimage\",\"url\":\"https:\\\/\\\/anivet.lt\\\/elparduotuve\\\/wp-content\\\/uploads\\\/2024\\\/12\\\/Quattro-all-breed-senior-fish.jpg\",\"contentUrl\":\"https:\\\/\\\/anivet.lt\\\/elparduotuve\\\/wp-content\\\/uploads\\\/2024\\\/12\\\/Quattro-all-breed-senior-fish.jpg\",\"width\":580,\"height\":923,\"caption\":\"QUATTRO Senior and Diet all Breed vis\u0173 veisli\u0173 senyviems \u0161unims su balta \u017euvimi\"},{\"@type\":\"BreadcrumbList\",\"@id\":\"https:\\\/\\\/anivet.lt\\\/elparduotuve\\\/produktas\\\/quattro-senior-and-diet-all-breed-visu-veisliu-senyviems-sunims-su-balta-zuvimi\\\/#breadcrumb\",\"itemListElement\":[{\"@type\":\"ListItem\",\"position\":1,\"name\":\"Home\",\"item\":\"https:\\\/\\\/anivet.lt\\\/elparduotuve\\\/\"},{\"@type\":\"ListItem\",\"position\":2,\"name\":\"Produktai\",\"item\":\"https:\\\/\\\/anivet.lt\\\/elparduotuve\\\/produktai\\\/\"},{\"@type\":\"ListItem\",\"position\":3,\"name\":\"QUATTRO Senior and Diet all Breed vis\u0173 veisli\u0173 senyviems \u0161unims su balta \u017euvimi\"}]},{\"@type\":\"WebSite\",\"@id\":\"https:\\\/\\\/anivet.lt\\\/elparduotuve\\\/#website\",\"url\":\"https:\\\/\\\/anivet.lt\\\/elparduotuve\\\/\",\"name\":\"anivet.lt\",\"description\":\"Viskas J\u016bs\u0173 \u0161uns, kat\u0117s prie\u017ei\u016brai\",\"publisher\":{\"@id\":\"https:\\\/\\\/anivet.lt\\\/elparduotuve\\\/#organization\"},\"alternateName\":\"Viskas J\u016bs\u0173 \u0161uns, kat\u0117s prie\u017ei\u016brai\",\"potentialAction\":[{\"@type\":\"SearchAction\",\"target\":{\"@type\":\"EntryPoint\",\"urlTemplate\":\"https:\\\/\\\/anivet.lt\\\/elparduotuve\\\/?s={search_term_string}\"},\"query-input\":{\"@type\":\"PropertyValueSpecification\",\"valueRequired\":true,\"valueName\":\"search_term_string\"}}],\"inLanguage\":\"lt-LT\"},{\"@type\":\"Organization\",\"@id\":\"https:\\\/\\\/anivet.lt\\\/elparduotuve\\\/#organization\",\"name\":\"Viskas J\u016bs\u0173 \u0161uns, kat\u0117s prie\u017ei\u016brai\",\"url\":\"https:\\\/\\\/anivet.lt\\\/elparduotuve\\\/\",\"logo\":{\"@type\":\"ImageObject\",\"inLanguage\":\"lt-LT\",\"@id\":\"https:\\\/\\\/anivet.lt\\\/elparduotuve\\\/#\\\/schema\\\/logo\\\/image\\\/\",\"url\":\"https:\\\/\\\/anivet.lt\\\/elparduotuve\\\/wp-content\\\/uploads\\\/2023\\\/06\\\/logo2.jpg\",\"contentUrl\":\"https:\\\/\\\/anivet.lt\\\/elparduotuve\\\/wp-content\\\/uploads\\\/2023\\\/06\\\/logo2.jpg\",\"width\":655,\"height\":194,\"caption\":\"Viskas J\u016bs\u0173 \u0161uns, kat\u0117s prie\u017ei\u016brai\"},\"image\":{\"@id\":\"https:\\\/\\\/anivet.lt\\\/elparduotuve\\\/#\\\/schema\\\/logo\\\/image\\\/\"}}]}<\/script>\n<!-- \/ Yoast SEO Premium plugin. -->","yoast_head_json":{"title":"QUATTRO Senior and Diet all Breed vis\u0173 veisli\u0173 senyviems \u0161unims su balta \u017euvimi - anivet.lt","description":"\u0160is sausas begr\u016bdis pa\u0161aras su balta \u017euvimi ir kriliu yra specialiai sukurtas vyresniems nei 10 met\u0173 \u0161unims bei tiems, kurie link\u0119 priaugti svorio.","robots":{"index":"index","follow":"follow","max-snippet":"max-snippet:-1","max-image-preview":"max-image-preview:large","max-video-preview":"max-video-preview:-1"},"canonical":"https:\/\/anivet.lt\/elparduotuve\/produktas\/quattro-senior-and-diet-all-breed-visu-veisliu-senyviems-sunims-su-balta-zuvimi\/","og_locale":"lt_LT","og_type":"article","og_title":"QUATTRO Senior and Diet all Breed vis\u0173 veisli\u0173 senyviems \u0161unims su balta \u017euvimi","og_description":"\u0160is sausas begr\u016bdis pa\u0161aras su balta \u017euvimi ir kriliu yra specialiai sukurtas vyresniems nei 10 met\u0173 \u0161unims bei tiems, kurie link\u0119 priaugti svorio.","og_url":"https:\/\/anivet.lt\/elparduotuve\/produktas\/quattro-senior-and-diet-all-breed-visu-veisliu-senyviems-sunims-su-balta-zuvimi\/","og_site_name":"anivet.lt","article_modified_time":"2025-05-27T13:32:47+00:00","og_image":[{"width":580,"height":923,"url":"https:\/\/anivet.lt\/elparduotuve\/wp-content\/uploads\/2024\/12\/Quattro-all-breed-senior-fish.jpg","type":"image\/jpeg"}],"twitter_card":"summary_large_image","twitter_misc":{"Est. reading time":"1 minut\u0117"},"schema":{"@context":"https:\/\/schema.org","@graph":[{"@type":"WebPage","@id":"https:\/\/anivet.lt\/elparduotuve\/produktas\/quattro-senior-and-diet-all-breed-visu-veisliu-senyviems-sunims-su-balta-zuvimi\/","url":"https:\/\/anivet.lt\/elparduotuve\/produktas\/quattro-senior-and-diet-all-breed-visu-veisliu-senyviems-sunims-su-balta-zuvimi\/","name":"QUATTRO Senior and Diet all Breed vis\u0173 veisli\u0173 senyviems \u0161unims su balta \u017euvimi - anivet.lt","isPartOf":{"@id":"https:\/\/anivet.lt\/elparduotuve\/#website"},"primaryImageOfPage":{"@id":"https:\/\/anivet.lt\/elparduotuve\/produktas\/quattro-senior-and-diet-all-breed-visu-veisliu-senyviems-sunims-su-balta-zuvimi\/#primaryimage"},"image":{"@id":"https:\/\/anivet.lt\/elparduotuve\/produktas\/quattro-senior-and-diet-all-breed-visu-veisliu-senyviems-sunims-su-balta-zuvimi\/#primaryimage"},"thumbnailUrl":"https:\/\/anivet.lt\/elparduotuve\/wp-content\/uploads\/2024\/12\/Quattro-all-breed-senior-fish.jpg","datePublished":"2024-12-22T23:13:45+00:00","dateModified":"2025-05-27T13:32:47+00:00","description":"\u0160is sausas begr\u016bdis pa\u0161aras su balta \u017euvimi ir kriliu yra specialiai sukurtas vyresniems nei 10 met\u0173 \u0161unims bei tiems, kurie link\u0119 priaugti svorio.","breadcrumb":{"@id":"https:\/\/anivet.lt\/elparduotuve\/produktas\/quattro-senior-and-diet-all-breed-visu-veisliu-senyviems-sunims-su-balta-zuvimi\/#breadcrumb"},"inLanguage":"lt-LT","potentialAction":[{"@type":"ReadAction","target":["https:\/\/anivet.lt\/elparduotuve\/produktas\/quattro-senior-and-diet-all-breed-visu-veisliu-senyviems-sunims-su-balta-zuvimi\/"]}]},{"@type":"ImageObject","inLanguage":"lt-LT","@id":"https:\/\/anivet.lt\/elparduotuve\/produktas\/quattro-senior-and-diet-all-breed-visu-veisliu-senyviems-sunims-su-balta-zuvimi\/#primaryimage","url":"https:\/\/anivet.lt\/elparduotuve\/wp-content\/uploads\/2024\/12\/Quattro-all-breed-senior-fish.jpg","contentUrl":"https:\/\/anivet.lt\/elparduotuve\/wp-content\/uploads\/2024\/12\/Quattro-all-breed-senior-fish.jpg","width":580,"height":923,"caption":"QUATTRO Senior and Diet all Breed vis\u0173 veisli\u0173 senyviems \u0161unims su balta \u017euvimi"},{"@type":"BreadcrumbList","@id":"https:\/\/anivet.lt\/elparduotuve\/produktas\/quattro-senior-and-diet-all-breed-visu-veisliu-senyviems-sunims-su-balta-zuvimi\/#breadcrumb","itemListElement":[{"@type":"ListItem","position":1,"name":"Home","item":"https:\/\/anivet.lt\/elparduotuve\/"},{"@type":"ListItem","position":2,"name":"Produktai","item":"https:\/\/anivet.lt\/elparduotuve\/produktai\/"},{"@type":"ListItem","position":3,"name":"QUATTRO Senior and Diet all Breed vis\u0173 veisli\u0173 senyviems \u0161unims su balta \u017euvimi"}]},{"@type":"WebSite","@id":"https:\/\/anivet.lt\/elparduotuve\/#website","url":"https:\/\/anivet.lt\/elparduotuve\/","name":"anivet.lt","description":"Viskas J\u016bs\u0173 \u0161uns, kat\u0117s prie\u017ei\u016brai","publisher":{"@id":"https:\/\/anivet.lt\/elparduotuve\/#organization"},"alternateName":"Viskas J\u016bs\u0173 \u0161uns, kat\u0117s prie\u017ei\u016brai","potentialAction":[{"@type":"SearchAction","target":{"@type":"EntryPoint","urlTemplate":"https:\/\/anivet.lt\/elparduotuve\/?s={search_term_string}"},"query-input":{"@type":"PropertyValueSpecification","valueRequired":true,"valueName":"search_term_string"}}],"inLanguage":"lt-LT"},{"@type":"Organization","@id":"https:\/\/anivet.lt\/elparduotuve\/#organization","name":"Viskas J\u016bs\u0173 \u0161uns, kat\u0117s prie\u017ei\u016brai","url":"https:\/\/anivet.lt\/elparduotuve\/","logo":{"@type":"ImageObject","inLanguage":"lt-LT","@id":"https:\/\/anivet.lt\/elparduotuve\/#\/schema\/logo\/image\/","url":"https:\/\/anivet.lt\/elparduotuve\/wp-content\/uploads\/2023\/06\/logo2.jpg","contentUrl":"https:\/\/anivet.lt\/elparduotuve\/wp-content\/uploads\/2023\/06\/logo2.jpg","width":655,"height":194,"caption":"Viskas J\u016bs\u0173 \u0161uns, kat\u0117s prie\u017ei\u016brai"},"image":{"@id":"https:\/\/anivet.lt\/elparduotuve\/#\/schema\/logo\/image\/"}}]}},"_links":{"self":[{"href":"https:\/\/anivet.lt\/elparduotuve\/wp-json\/wp\/v2\/product\/15746","targetHints":{"allow":["GET"]}}],"collection":[{"href":"https:\/\/anivet.lt\/elparduotuve\/wp-json\/wp\/v2\/product"}],"about":[{"href":"https:\/\/anivet.lt\/elparduotuve\/wp-json\/wp\/v2\/types\/product"}],"wp:featuredmedia":[{"embeddable":true,"href":"https:\/\/anivet.lt\/elparduotuve\/wp-json\/wp\/v2\/media\/15747"}],"wp:attachment":[{"href":"https:\/\/anivet.lt\/elparduotuve\/wp-json\/wp\/v2\/media?parent=15746"}],"wp:term":[{"taxonomy":"product_brand","embeddable":true,"href":"https:\/\/anivet.lt\/elparduotuve\/wp-json\/wp\/v2\/product_brand?post=15746"},{"taxonomy":"product_cat","embeddable":true,"href":"https:\/\/anivet.lt\/elparduotuve\/wp-json\/wp\/v2\/product_cat?post=15746"},{"taxonomy":"product_tag","embeddable":true,"href":"https:\/\/anivet.lt\/elparduotuve\/wp-json\/wp\/v2\/product_tag?post=15746"}],"curies":[{"name":"wp","href":"https:\/\/api.w.org\/{rel}","templated":true}]}}