{"id":15776,"date":"2024-12-28T08:13:48","date_gmt":"2024-12-28T08:13:48","guid":{"rendered":"https:\/\/anivet.lt\/elparduotuve\/?post_type=product&#038;p=15776"},"modified":"2026-01-31T22:29:31","modified_gmt":"2026-01-31T22:29:31","slug":"vetexpert-4t-vet-diet-hepatic-kepenu-nepakankamumui-sunims","status":"publish","type":"product","link":"https:\/\/anivet.lt\/elparduotuve\/produktas\/vetexpert-4t-vet-diet-hepatic-kepenu-nepakankamumui-sunims\/","title":{"rendered":"VetExpert 4T Vet. Diet Hepatic kepen\u0173 nepakankamumui \u0161unims"},"content":{"rendered":"<ul>\n<li><span style=\"font-weight: 400;\">Kepen\u0173 funkcij\u0173 palaikymas: Sud\u0117tyje esantys saikingi, auk\u0161tos kokyb\u0117s baltymai (65% gyv\u016bnin\u0117s kilm\u0117s) ma\u017eina kepen\u0173 apkrov\u0105.<\/span><\/li>\n<li style=\"font-weight: 400;\" aria-level=\"1\"><span style=\"font-weight: 400;\">Ma\u017eas vario kiekis: Suma\u017eintas vario kiekis padeda i\u0161vengti jo perteklinio kaupimosi kepenyse.<\/span><\/li>\n<li style=\"font-weight: 400;\" aria-level=\"1\"><span style=\"font-weight: 400;\">Nesotieji riebalai: Daug neso\u010di\u0173j\u0173 riebal\u0173 r\u016bg\u0161\u010di\u0173 palaiko bendr\u0105 sveikat\u0105 ir energijos balans\u0105.<\/span><\/li>\n<li style=\"font-weight: 400;\" aria-level=\"1\"><span style=\"font-weight: 400;\">Lengvai vir\u0161kinami angliavandeniai: Kukur\u016bzai ir ry\u017eiai suteikia lengvai \u012fsisavinam\u0105 energij\u0105, tinkam\u0105 jautriems augintiniams.<\/span><\/li>\n<li style=\"font-weight: 400;\" aria-level=\"1\"><span style=\"font-weight: 400;\">Papildomi ingredientai: Arti\u0161okai, soj\u0173 lecitinas ir lin\u0173 s\u0117menys skatina vir\u0161kinim\u0105, odos sveikat\u0105 ir kailio spindes\u012f.<\/span><\/li>\n<\/ul>\n<p><span style=\"font-weight: 400;\">Moksli\u0161kai subalansuota mityba \u0161unims, sergantiems kepen\u0173 ligomis. \u0160is pa\u0161aras ne tik u\u017etikrina sveik\u0105 mityb\u0105, bet ir padeda gerinti j\u016bs\u0173 augintinio savijaut\u0105, u\u017etikrinant geresn\u0119 gyvenimo kokyb\u0119 kasdien.<\/span><\/p>\n","protected":false},"excerpt":{"rendered":"<p><span style=\"font-weight: 400;\">Pilnai subalansuotas dietinis pa\u0161aras, specialiai sukurtas \u0161unims, sergantiems l\u0117tin\u0117mis kepen\u0173 ligomis. \u0160is pa\u0161aras padeda palaikyti kepen\u0173 veikl\u0105 ir suma\u017einti vario kaupim\u0105si kepenyse, u\u017etikrinant sveik\u0105 ir kokybi\u0161k\u0105 augintinio gyvenim\u0105.<\/span><\/p>\n","protected":false},"featured_media":15779,"template":"","meta":[],"product_brand":[],"product_cat":[101,103,107,564],"product_tag":[],"class_list":{"0":"post-15776","1":"product","2":"type-product","3":"status-publish","4":"has-post-thumbnail","6":"product_cat-sunims","7":"product_cat-sunu-maistas","8":"product_cat-veterinarine-dieta","9":"product_cat-vet-expert-sunu-maistas","10":"pa_prekinis-zenklas-vetexpert","12":"first","13":"instock","14":"taxable","15":"shipping-taxable","16":"purchasable","17":"product-type-variable"},"yoast_head":"<!-- This site is optimized with the Yoast SEO Premium plugin v27.1 (Yoast SEO v27.5) - https:\/\/yoast.com\/product\/yoast-seo-premium-wordpress\/ -->\n<title>VetExpert 4T Vet. Diet Hepatic kepen\u0173 nepakankamumui \u0161unims - anivet.lt<\/title>\n<meta name=\"description\" content=\"Pilnai subalansuotas dietinis pa\u0161aras, specialiai sukurtas \u0161unims, sergantiems l\u0117tin\u0117mis kepen\u0173 ligomis. \u0160is pa\u0161aras padeda palaikyti kepen\u0173 veikl\u0105 ir suma\u017einti vario kaupim\u0105si kepenyse, u\u017etikrinant sveik\u0105 ir kokybi\u0161k\u0105 augintinio gyvenim\u0105.\" \/>\n<meta name=\"robots\" content=\"index, follow, max-snippet:-1, max-image-preview:large, max-video-preview:-1\" \/>\n<link rel=\"canonical\" href=\"https:\/\/anivet.lt\/elparduotuve\/produktas\/vetexpert-4t-vet-diet-hepatic-kepenu-nepakankamumui-sunims\/\" \/>\n<meta property=\"og:locale\" content=\"lt_LT\" \/>\n<meta property=\"og:type\" content=\"article\" \/>\n<meta property=\"og:title\" content=\"VetExpert 4T Vet. Diet Hepatic kepen\u0173 nepakankamumui \u0161unims\" \/>\n<meta property=\"og:description\" content=\"Pilnai subalansuotas dietinis pa\u0161aras, specialiai sukurtas \u0161unims, sergantiems l\u0117tin\u0117mis kepen\u0173 ligomis. \u0160is pa\u0161aras padeda palaikyti kepen\u0173 veikl\u0105 ir suma\u017einti vario kaupim\u0105si kepenyse, u\u017etikrinant sveik\u0105 ir kokybi\u0161k\u0105 augintinio gyvenim\u0105.\" \/>\n<meta property=\"og:url\" content=\"https:\/\/anivet.lt\/elparduotuve\/produktas\/vetexpert-4t-vet-diet-hepatic-kepenu-nepakankamumui-sunims\/\" \/>\n<meta property=\"og:site_name\" content=\"anivet.lt\" \/>\n<meta property=\"article:modified_time\" content=\"2026-01-31T22:29:31+00:00\" \/>\n<meta property=\"og:image\" content=\"https:\/\/anivet.lt\/elparduotuve\/wp-content\/uploads\/2024\/12\/5.-4T-Vet.-diet-Hepatic-dog-2kg.jpg\" \/>\n\t<meta property=\"og:image:width\" content=\"1000\" \/>\n\t<meta property=\"og:image:height\" content=\"1234\" \/>\n\t<meta property=\"og:image:type\" content=\"image\/jpeg\" \/>\n<meta name=\"twitter:card\" content=\"summary_large_image\" \/>\n<meta name=\"twitter:label1\" content=\"Est. reading time\" \/>\n\t<meta name=\"twitter:data1\" content=\"1 minut\u0117\" \/>\n<script type=\"application\/ld+json\" class=\"yoast-schema-graph\">{\"@context\":\"https:\\\/\\\/schema.org\",\"@graph\":[{\"@type\":\"WebPage\",\"@id\":\"https:\\\/\\\/anivet.lt\\\/elparduotuve\\\/produktas\\\/vetexpert-4t-vet-diet-hepatic-kepenu-nepakankamumui-sunims\\\/\",\"url\":\"https:\\\/\\\/anivet.lt\\\/elparduotuve\\\/produktas\\\/vetexpert-4t-vet-diet-hepatic-kepenu-nepakankamumui-sunims\\\/\",\"name\":\"VetExpert 4T Vet. Diet Hepatic kepen\u0173 nepakankamumui \u0161unims - anivet.lt\",\"isPartOf\":{\"@id\":\"https:\\\/\\\/anivet.lt\\\/elparduotuve\\\/#website\"},\"primaryImageOfPage\":{\"@id\":\"https:\\\/\\\/anivet.lt\\\/elparduotuve\\\/produktas\\\/vetexpert-4t-vet-diet-hepatic-kepenu-nepakankamumui-sunims\\\/#primaryimage\"},\"image\":{\"@id\":\"https:\\\/\\\/anivet.lt\\\/elparduotuve\\\/produktas\\\/vetexpert-4t-vet-diet-hepatic-kepenu-nepakankamumui-sunims\\\/#primaryimage\"},\"thumbnailUrl\":\"https:\\\/\\\/anivet.lt\\\/elparduotuve\\\/wp-content\\\/uploads\\\/2024\\\/12\\\/5.-4T-Vet.-diet-Hepatic-dog-2kg.jpg\",\"datePublished\":\"2024-12-28T08:13:48+00:00\",\"dateModified\":\"2026-01-31T22:29:31+00:00\",\"description\":\"Pilnai subalansuotas dietinis pa\u0161aras, specialiai sukurtas \u0161unims, sergantiems l\u0117tin\u0117mis kepen\u0173 ligomis. \u0160is pa\u0161aras padeda palaikyti kepen\u0173 veikl\u0105 ir suma\u017einti vario kaupim\u0105si kepenyse, u\u017etikrinant sveik\u0105 ir kokybi\u0161k\u0105 augintinio gyvenim\u0105.\",\"breadcrumb\":{\"@id\":\"https:\\\/\\\/anivet.lt\\\/elparduotuve\\\/produktas\\\/vetexpert-4t-vet-diet-hepatic-kepenu-nepakankamumui-sunims\\\/#breadcrumb\"},\"inLanguage\":\"lt-LT\",\"potentialAction\":[{\"@type\":\"ReadAction\",\"target\":[\"https:\\\/\\\/anivet.lt\\\/elparduotuve\\\/produktas\\\/vetexpert-4t-vet-diet-hepatic-kepenu-nepakankamumui-sunims\\\/\"]}]},{\"@type\":\"ImageObject\",\"inLanguage\":\"lt-LT\",\"@id\":\"https:\\\/\\\/anivet.lt\\\/elparduotuve\\\/produktas\\\/vetexpert-4t-vet-diet-hepatic-kepenu-nepakankamumui-sunims\\\/#primaryimage\",\"url\":\"https:\\\/\\\/anivet.lt\\\/elparduotuve\\\/wp-content\\\/uploads\\\/2024\\\/12\\\/5.-4T-Vet.-diet-Hepatic-dog-2kg.jpg\",\"contentUrl\":\"https:\\\/\\\/anivet.lt\\\/elparduotuve\\\/wp-content\\\/uploads\\\/2024\\\/12\\\/5.-4T-Vet.-diet-Hepatic-dog-2kg.jpg\",\"width\":1000,\"height\":1234,\"caption\":\"VetExpert 4T Vet. Diet Hepatic kepen\u0173 nepakankamumui \u0161unims\"},{\"@type\":\"BreadcrumbList\",\"@id\":\"https:\\\/\\\/anivet.lt\\\/elparduotuve\\\/produktas\\\/vetexpert-4t-vet-diet-hepatic-kepenu-nepakankamumui-sunims\\\/#breadcrumb\",\"itemListElement\":[{\"@type\":\"ListItem\",\"position\":1,\"name\":\"Home\",\"item\":\"https:\\\/\\\/anivet.lt\\\/elparduotuve\\\/\"},{\"@type\":\"ListItem\",\"position\":2,\"name\":\"Produktai\",\"item\":\"https:\\\/\\\/anivet.lt\\\/elparduotuve\\\/produktai\\\/\"},{\"@type\":\"ListItem\",\"position\":3,\"name\":\"VetExpert 4T Vet. Diet Hepatic kepen\u0173 nepakankamumui \u0161unims\"}]},{\"@type\":\"WebSite\",\"@id\":\"https:\\\/\\\/anivet.lt\\\/elparduotuve\\\/#website\",\"url\":\"https:\\\/\\\/anivet.lt\\\/elparduotuve\\\/\",\"name\":\"anivet.lt\",\"description\":\"Viskas J\u016bs\u0173 \u0161uns, kat\u0117s prie\u017ei\u016brai\",\"publisher\":{\"@id\":\"https:\\\/\\\/anivet.lt\\\/elparduotuve\\\/#organization\"},\"alternateName\":\"Viskas J\u016bs\u0173 \u0161uns, kat\u0117s prie\u017ei\u016brai\",\"potentialAction\":[{\"@type\":\"SearchAction\",\"target\":{\"@type\":\"EntryPoint\",\"urlTemplate\":\"https:\\\/\\\/anivet.lt\\\/elparduotuve\\\/?s={search_term_string}\"},\"query-input\":{\"@type\":\"PropertyValueSpecification\",\"valueRequired\":true,\"valueName\":\"search_term_string\"}}],\"inLanguage\":\"lt-LT\"},{\"@type\":\"Organization\",\"@id\":\"https:\\\/\\\/anivet.lt\\\/elparduotuve\\\/#organization\",\"name\":\"Viskas J\u016bs\u0173 \u0161uns, kat\u0117s prie\u017ei\u016brai\",\"url\":\"https:\\\/\\\/anivet.lt\\\/elparduotuve\\\/\",\"logo\":{\"@type\":\"ImageObject\",\"inLanguage\":\"lt-LT\",\"@id\":\"https:\\\/\\\/anivet.lt\\\/elparduotuve\\\/#\\\/schema\\\/logo\\\/image\\\/\",\"url\":\"https:\\\/\\\/anivet.lt\\\/elparduotuve\\\/wp-content\\\/uploads\\\/2023\\\/06\\\/logo2.jpg\",\"contentUrl\":\"https:\\\/\\\/anivet.lt\\\/elparduotuve\\\/wp-content\\\/uploads\\\/2023\\\/06\\\/logo2.jpg\",\"width\":655,\"height\":194,\"caption\":\"Viskas J\u016bs\u0173 \u0161uns, kat\u0117s prie\u017ei\u016brai\"},\"image\":{\"@id\":\"https:\\\/\\\/anivet.lt\\\/elparduotuve\\\/#\\\/schema\\\/logo\\\/image\\\/\"}}]}<\/script>\n<!-- \/ Yoast SEO Premium plugin. -->","yoast_head_json":{"title":"VetExpert 4T Vet. Diet Hepatic kepen\u0173 nepakankamumui \u0161unims - anivet.lt","description":"Pilnai subalansuotas dietinis pa\u0161aras, specialiai sukurtas \u0161unims, sergantiems l\u0117tin\u0117mis kepen\u0173 ligomis. \u0160is pa\u0161aras padeda palaikyti kepen\u0173 veikl\u0105 ir suma\u017einti vario kaupim\u0105si kepenyse, u\u017etikrinant sveik\u0105 ir kokybi\u0161k\u0105 augintinio gyvenim\u0105.","robots":{"index":"index","follow":"follow","max-snippet":"max-snippet:-1","max-image-preview":"max-image-preview:large","max-video-preview":"max-video-preview:-1"},"canonical":"https:\/\/anivet.lt\/elparduotuve\/produktas\/vetexpert-4t-vet-diet-hepatic-kepenu-nepakankamumui-sunims\/","og_locale":"lt_LT","og_type":"article","og_title":"VetExpert 4T Vet. Diet Hepatic kepen\u0173 nepakankamumui \u0161unims","og_description":"Pilnai subalansuotas dietinis pa\u0161aras, specialiai sukurtas \u0161unims, sergantiems l\u0117tin\u0117mis kepen\u0173 ligomis. \u0160is pa\u0161aras padeda palaikyti kepen\u0173 veikl\u0105 ir suma\u017einti vario kaupim\u0105si kepenyse, u\u017etikrinant sveik\u0105 ir kokybi\u0161k\u0105 augintinio gyvenim\u0105.","og_url":"https:\/\/anivet.lt\/elparduotuve\/produktas\/vetexpert-4t-vet-diet-hepatic-kepenu-nepakankamumui-sunims\/","og_site_name":"anivet.lt","article_modified_time":"2026-01-31T22:29:31+00:00","og_image":[{"width":1000,"height":1234,"url":"https:\/\/anivet.lt\/elparduotuve\/wp-content\/uploads\/2024\/12\/5.-4T-Vet.-diet-Hepatic-dog-2kg.jpg","type":"image\/jpeg"}],"twitter_card":"summary_large_image","twitter_misc":{"Est. reading time":"1 minut\u0117"},"schema":{"@context":"https:\/\/schema.org","@graph":[{"@type":"WebPage","@id":"https:\/\/anivet.lt\/elparduotuve\/produktas\/vetexpert-4t-vet-diet-hepatic-kepenu-nepakankamumui-sunims\/","url":"https:\/\/anivet.lt\/elparduotuve\/produktas\/vetexpert-4t-vet-diet-hepatic-kepenu-nepakankamumui-sunims\/","name":"VetExpert 4T Vet. Diet Hepatic kepen\u0173 nepakankamumui \u0161unims - anivet.lt","isPartOf":{"@id":"https:\/\/anivet.lt\/elparduotuve\/#website"},"primaryImageOfPage":{"@id":"https:\/\/anivet.lt\/elparduotuve\/produktas\/vetexpert-4t-vet-diet-hepatic-kepenu-nepakankamumui-sunims\/#primaryimage"},"image":{"@id":"https:\/\/anivet.lt\/elparduotuve\/produktas\/vetexpert-4t-vet-diet-hepatic-kepenu-nepakankamumui-sunims\/#primaryimage"},"thumbnailUrl":"https:\/\/anivet.lt\/elparduotuve\/wp-content\/uploads\/2024\/12\/5.-4T-Vet.-diet-Hepatic-dog-2kg.jpg","datePublished":"2024-12-28T08:13:48+00:00","dateModified":"2026-01-31T22:29:31+00:00","description":"Pilnai subalansuotas dietinis pa\u0161aras, specialiai sukurtas \u0161unims, sergantiems l\u0117tin\u0117mis kepen\u0173 ligomis. \u0160is pa\u0161aras padeda palaikyti kepen\u0173 veikl\u0105 ir suma\u017einti vario kaupim\u0105si kepenyse, u\u017etikrinant sveik\u0105 ir kokybi\u0161k\u0105 augintinio gyvenim\u0105.","breadcrumb":{"@id":"https:\/\/anivet.lt\/elparduotuve\/produktas\/vetexpert-4t-vet-diet-hepatic-kepenu-nepakankamumui-sunims\/#breadcrumb"},"inLanguage":"lt-LT","potentialAction":[{"@type":"ReadAction","target":["https:\/\/anivet.lt\/elparduotuve\/produktas\/vetexpert-4t-vet-diet-hepatic-kepenu-nepakankamumui-sunims\/"]}]},{"@type":"ImageObject","inLanguage":"lt-LT","@id":"https:\/\/anivet.lt\/elparduotuve\/produktas\/vetexpert-4t-vet-diet-hepatic-kepenu-nepakankamumui-sunims\/#primaryimage","url":"https:\/\/anivet.lt\/elparduotuve\/wp-content\/uploads\/2024\/12\/5.-4T-Vet.-diet-Hepatic-dog-2kg.jpg","contentUrl":"https:\/\/anivet.lt\/elparduotuve\/wp-content\/uploads\/2024\/12\/5.-4T-Vet.-diet-Hepatic-dog-2kg.jpg","width":1000,"height":1234,"caption":"VetExpert 4T Vet. Diet Hepatic kepen\u0173 nepakankamumui \u0161unims"},{"@type":"BreadcrumbList","@id":"https:\/\/anivet.lt\/elparduotuve\/produktas\/vetexpert-4t-vet-diet-hepatic-kepenu-nepakankamumui-sunims\/#breadcrumb","itemListElement":[{"@type":"ListItem","position":1,"name":"Home","item":"https:\/\/anivet.lt\/elparduotuve\/"},{"@type":"ListItem","position":2,"name":"Produktai","item":"https:\/\/anivet.lt\/elparduotuve\/produktai\/"},{"@type":"ListItem","position":3,"name":"VetExpert 4T Vet. Diet Hepatic kepen\u0173 nepakankamumui \u0161unims"}]},{"@type":"WebSite","@id":"https:\/\/anivet.lt\/elparduotuve\/#website","url":"https:\/\/anivet.lt\/elparduotuve\/","name":"anivet.lt","description":"Viskas J\u016bs\u0173 \u0161uns, kat\u0117s prie\u017ei\u016brai","publisher":{"@id":"https:\/\/anivet.lt\/elparduotuve\/#organization"},"alternateName":"Viskas J\u016bs\u0173 \u0161uns, kat\u0117s prie\u017ei\u016brai","potentialAction":[{"@type":"SearchAction","target":{"@type":"EntryPoint","urlTemplate":"https:\/\/anivet.lt\/elparduotuve\/?s={search_term_string}"},"query-input":{"@type":"PropertyValueSpecification","valueRequired":true,"valueName":"search_term_string"}}],"inLanguage":"lt-LT"},{"@type":"Organization","@id":"https:\/\/anivet.lt\/elparduotuve\/#organization","name":"Viskas J\u016bs\u0173 \u0161uns, kat\u0117s prie\u017ei\u016brai","url":"https:\/\/anivet.lt\/elparduotuve\/","logo":{"@type":"ImageObject","inLanguage":"lt-LT","@id":"https:\/\/anivet.lt\/elparduotuve\/#\/schema\/logo\/image\/","url":"https:\/\/anivet.lt\/elparduotuve\/wp-content\/uploads\/2023\/06\/logo2.jpg","contentUrl":"https:\/\/anivet.lt\/elparduotuve\/wp-content\/uploads\/2023\/06\/logo2.jpg","width":655,"height":194,"caption":"Viskas J\u016bs\u0173 \u0161uns, kat\u0117s prie\u017ei\u016brai"},"image":{"@id":"https:\/\/anivet.lt\/elparduotuve\/#\/schema\/logo\/image\/"}}]}},"_links":{"self":[{"href":"https:\/\/anivet.lt\/elparduotuve\/wp-json\/wp\/v2\/product\/15776","targetHints":{"allow":["GET"]}}],"collection":[{"href":"https:\/\/anivet.lt\/elparduotuve\/wp-json\/wp\/v2\/product"}],"about":[{"href":"https:\/\/anivet.lt\/elparduotuve\/wp-json\/wp\/v2\/types\/product"}],"wp:featuredmedia":[{"embeddable":true,"href":"https:\/\/anivet.lt\/elparduotuve\/wp-json\/wp\/v2\/media\/15779"}],"wp:attachment":[{"href":"https:\/\/anivet.lt\/elparduotuve\/wp-json\/wp\/v2\/media?parent=15776"}],"wp:term":[{"taxonomy":"product_brand","embeddable":true,"href":"https:\/\/anivet.lt\/elparduotuve\/wp-json\/wp\/v2\/product_brand?post=15776"},{"taxonomy":"product_cat","embeddable":true,"href":"https:\/\/anivet.lt\/elparduotuve\/wp-json\/wp\/v2\/product_cat?post=15776"},{"taxonomy":"product_tag","embeddable":true,"href":"https:\/\/anivet.lt\/elparduotuve\/wp-json\/wp\/v2\/product_tag?post=15776"}],"curies":[{"name":"wp","href":"https:\/\/api.w.org\/{rel}","templated":true}]}}