{"id":15805,"date":"2024-12-28T09:24:31","date_gmt":"2024-12-28T09:24:31","guid":{"rendered":"https:\/\/anivet.lt\/elparduotuve\/?post_type=product&#038;p=15805"},"modified":"2026-03-03T09:47:54","modified_gmt":"2026-03-03T09:47:54","slug":"vetexpert-4t-vet-diet-hypoallergenic-horse-konservai-alergiskiems-sunims-400g","status":"publish","type":"product","link":"https:\/\/anivet.lt\/elparduotuve\/produktas\/vetexpert-4t-vet-diet-hypoallergenic-horse-konservai-alergiskiems-sunims-400g\/","title":{"rendered":"VetExpert 4T Vet. Diet Hypoallergenic Horse konservai alergi\u0161kiems \u0161unims 400g"},"content":{"rendered":"<p><span style=\"font-weight: 400;\">Pilnai subalansuotas dietinis konservuotas pa\u0161aras, sukurtas suaugusiems \u0161unims, turintiems maisto netoleravimo problem\u0173. \u0160is pa\u0161aras su vienu gyv\u016bnin\u0117s kilm\u0117s baltym\u0173 \u0161altiniu \u2013 arkliena \u2013 padeda valdyti alergines reakcijas ir u\u017etikrina visavert\u0119 mityb\u0105.<\/span><\/p>\n<ul>\n<li style=\"font-weight: 400;\" aria-level=\"1\"><span style=\"font-weight: 400;\">Unikalus baltym\u0173 \u0161altinis: 50% arklienos \u2013 puikus hipoalerginis baltymas jautriems \u0161unims.<\/span><\/li>\n<li style=\"font-weight: 400;\" aria-level=\"1\"><span style=\"font-weight: 400;\">Subalansuota sud\u0117tis: Papildyti vitaminai ir mineralai palaiko bendr\u0105 sveikat\u0105 ir imunin\u0119 sistem\u0105.<\/span><\/li>\n<li style=\"font-weight: 400;\" aria-level=\"1\"><span style=\"font-weight: 400;\">Praturtintas riebal\u0173 r\u016bg\u0161timis: \u017duv\u0173 taukai suteikia omega-3 ir omega-6 r\u016bg\u0161\u010di\u0173, kurios padeda palaikyti sveik\u0105 od\u0105 ir kail\u012f.<\/span><\/li>\n<li style=\"font-weight: 400;\" aria-level=\"1\"><span style=\"font-weight: 400;\">Maistini\u0173 savybi\u0173 balansas: Linolo r\u016bg\u0161tis ir DHA+EPA r\u016bg\u0161tys skatina sveik\u0105 med\u017eiag\u0173 apykait\u0105 ir s\u0105nari\u0173 sveikat\u0105.<\/span><\/li>\n<li style=\"font-weight: 400;\" aria-level=\"1\"><span style=\"font-weight: 400;\">Lengvai vir\u0161kinamas: Tinkama tekst\u016bra ir sud\u0117tis u\u017etikrina lengv\u0105 vir\u0161kinim\u0105, suma\u017einant vir\u0161kinimo sistemos apkrov\u0105.<\/span><\/li>\n<\/ul>\n<p><span style=\"font-weight: 400;\">Puikus pasirinkimas \u0161unims, kuriems reikalinga speciali mityba d\u0117l maisto netoleravimo. \u0160is skanus ir maistingas pa\u0161aras u\u017etikrina j\u016bs\u0173 augintinio ger\u0105 savijaut\u0105 ir visavert\u012f gyvenim\u0105.<\/span><\/p>\n","protected":false},"excerpt":{"rendered":"<p>Pilnai subalansuotas dietinis konservuotas pa\u0161aras, sukurtas suaugusiems \u0161unims, turintiems maisto netoleravimo problem\u0173. \u0160is pa\u0161aras su vienu gyv\u016bnin\u0117s kilm\u0117s baltym\u0173 \u0161altiniu<\/p>\n","protected":false},"featured_media":15806,"template":"","meta":[],"product_brand":[],"product_cat":[101,103,107,564],"product_tag":[],"class_list":{"0":"post-15805","1":"product","2":"type-product","3":"status-publish","4":"has-post-thumbnail","6":"product_cat-sunims","7":"product_cat-sunu-maistas","8":"product_cat-veterinarine-dieta","9":"product_cat-vet-expert-sunu-maistas","10":"pa_prekinis-zenklas-vetexpert","12":"first","13":"instock","14":"sale","15":"taxable","16":"shipping-taxable","17":"purchasable","18":"product-type-simple"},"yoast_head":"<!-- This site is optimized with the Yoast SEO Premium plugin v27.1 (Yoast SEO v27.5) - https:\/\/yoast.com\/product\/yoast-seo-premium-wordpress\/ -->\n<title>VetExpert 4T Vet. Diet Hypoallergenic Horse konservai alergi\u0161kiems \u0161unims 400g - anivet.lt<\/title>\n<meta name=\"description\" content=\"Pilnai subalansuotas dietinis konservuotas pa\u0161aras, sukurtas suaugusiems \u0161unims, turintiems maisto netoleravimo problem\u0173. \u0160is pa\u0161aras su vienu gyv\u016bnin\u0117s\" \/>\n<meta name=\"robots\" content=\"index, follow, max-snippet:-1, max-image-preview:large, max-video-preview:-1\" \/>\n<link rel=\"canonical\" href=\"https:\/\/anivet.lt\/elparduotuve\/produktas\/vetexpert-4t-vet-diet-hypoallergenic-horse-konservai-alergiskiems-sunims-400g\/\" \/>\n<meta property=\"og:locale\" content=\"lt_LT\" \/>\n<meta property=\"og:type\" content=\"article\" \/>\n<meta property=\"og:title\" content=\"VetExpert 4T Vet. Diet Hypoallergenic Horse konservai alergi\u0161kiems \u0161unims 400g\" \/>\n<meta property=\"og:description\" content=\"Pilnai subalansuotas dietinis konservuotas pa\u0161aras, sukurtas suaugusiems \u0161unims, turintiems maisto netoleravimo problem\u0173. \u0160is pa\u0161aras su vienu gyv\u016bnin\u0117s\" \/>\n<meta property=\"og:url\" content=\"https:\/\/anivet.lt\/elparduotuve\/produktas\/vetexpert-4t-vet-diet-hypoallergenic-horse-konservai-alergiskiems-sunims-400g\/\" \/>\n<meta property=\"og:site_name\" content=\"anivet.lt\" \/>\n<meta property=\"article:modified_time\" content=\"2026-03-03T09:47:54+00:00\" \/>\n<meta property=\"og:image\" content=\"https:\/\/anivet.lt\/elparduotuve\/wp-content\/uploads\/2024\/12\/13.-4T-Vet.-diet-Hypoallergenic-Horse-dog-400g.jpg\" \/>\n\t<meta property=\"og:image:width\" content=\"1000\" \/>\n\t<meta property=\"og:image:height\" content=\"1414\" \/>\n\t<meta property=\"og:image:type\" content=\"image\/jpeg\" \/>\n<meta name=\"twitter:card\" content=\"summary_large_image\" \/>\n<meta name=\"twitter:label1\" content=\"Est. reading time\" \/>\n\t<meta name=\"twitter:data1\" content=\"1 minut\u0117\" \/>\n<script type=\"application\/ld+json\" class=\"yoast-schema-graph\">{\"@context\":\"https:\\\/\\\/schema.org\",\"@graph\":[{\"@type\":\"WebPage\",\"@id\":\"https:\\\/\\\/anivet.lt\\\/elparduotuve\\\/produktas\\\/vetexpert-4t-vet-diet-hypoallergenic-horse-konservai-alergiskiems-sunims-400g\\\/\",\"url\":\"https:\\\/\\\/anivet.lt\\\/elparduotuve\\\/produktas\\\/vetexpert-4t-vet-diet-hypoallergenic-horse-konservai-alergiskiems-sunims-400g\\\/\",\"name\":\"VetExpert 4T Vet. Diet Hypoallergenic Horse konservai alergi\u0161kiems \u0161unims 400g - anivet.lt\",\"isPartOf\":{\"@id\":\"https:\\\/\\\/anivet.lt\\\/elparduotuve\\\/#website\"},\"primaryImageOfPage\":{\"@id\":\"https:\\\/\\\/anivet.lt\\\/elparduotuve\\\/produktas\\\/vetexpert-4t-vet-diet-hypoallergenic-horse-konservai-alergiskiems-sunims-400g\\\/#primaryimage\"},\"image\":{\"@id\":\"https:\\\/\\\/anivet.lt\\\/elparduotuve\\\/produktas\\\/vetexpert-4t-vet-diet-hypoallergenic-horse-konservai-alergiskiems-sunims-400g\\\/#primaryimage\"},\"thumbnailUrl\":\"https:\\\/\\\/anivet.lt\\\/elparduotuve\\\/wp-content\\\/uploads\\\/2024\\\/12\\\/13.-4T-Vet.-diet-Hypoallergenic-Horse-dog-400g.jpg\",\"datePublished\":\"2024-12-28T09:24:31+00:00\",\"dateModified\":\"2026-03-03T09:47:54+00:00\",\"description\":\"Pilnai subalansuotas dietinis konservuotas pa\u0161aras, sukurtas suaugusiems \u0161unims, turintiems maisto netoleravimo problem\u0173. \u0160is pa\u0161aras su vienu gyv\u016bnin\u0117s\",\"breadcrumb\":{\"@id\":\"https:\\\/\\\/anivet.lt\\\/elparduotuve\\\/produktas\\\/vetexpert-4t-vet-diet-hypoallergenic-horse-konservai-alergiskiems-sunims-400g\\\/#breadcrumb\"},\"inLanguage\":\"lt-LT\",\"potentialAction\":[{\"@type\":\"ReadAction\",\"target\":[\"https:\\\/\\\/anivet.lt\\\/elparduotuve\\\/produktas\\\/vetexpert-4t-vet-diet-hypoallergenic-horse-konservai-alergiskiems-sunims-400g\\\/\"]}]},{\"@type\":\"ImageObject\",\"inLanguage\":\"lt-LT\",\"@id\":\"https:\\\/\\\/anivet.lt\\\/elparduotuve\\\/produktas\\\/vetexpert-4t-vet-diet-hypoallergenic-horse-konservai-alergiskiems-sunims-400g\\\/#primaryimage\",\"url\":\"https:\\\/\\\/anivet.lt\\\/elparduotuve\\\/wp-content\\\/uploads\\\/2024\\\/12\\\/13.-4T-Vet.-diet-Hypoallergenic-Horse-dog-400g.jpg\",\"contentUrl\":\"https:\\\/\\\/anivet.lt\\\/elparduotuve\\\/wp-content\\\/uploads\\\/2024\\\/12\\\/13.-4T-Vet.-diet-Hypoallergenic-Horse-dog-400g.jpg\",\"width\":1000,\"height\":1414,\"caption\":\"VetExpert 4T Vet. Diet Hypoallergenic Horse konservai alergi\u0161kiems \u0161unims 400g\"},{\"@type\":\"BreadcrumbList\",\"@id\":\"https:\\\/\\\/anivet.lt\\\/elparduotuve\\\/produktas\\\/vetexpert-4t-vet-diet-hypoallergenic-horse-konservai-alergiskiems-sunims-400g\\\/#breadcrumb\",\"itemListElement\":[{\"@type\":\"ListItem\",\"position\":1,\"name\":\"Home\",\"item\":\"https:\\\/\\\/anivet.lt\\\/elparduotuve\\\/\"},{\"@type\":\"ListItem\",\"position\":2,\"name\":\"Produktai\",\"item\":\"https:\\\/\\\/anivet.lt\\\/elparduotuve\\\/produktai\\\/\"},{\"@type\":\"ListItem\",\"position\":3,\"name\":\"VetExpert 4T Vet. Diet Hypoallergenic Horse konservai alergi\u0161kiems \u0161unims 400g\"}]},{\"@type\":\"WebSite\",\"@id\":\"https:\\\/\\\/anivet.lt\\\/elparduotuve\\\/#website\",\"url\":\"https:\\\/\\\/anivet.lt\\\/elparduotuve\\\/\",\"name\":\"anivet.lt\",\"description\":\"Viskas J\u016bs\u0173 \u0161uns, kat\u0117s prie\u017ei\u016brai\",\"publisher\":{\"@id\":\"https:\\\/\\\/anivet.lt\\\/elparduotuve\\\/#organization\"},\"alternateName\":\"Viskas J\u016bs\u0173 \u0161uns, kat\u0117s prie\u017ei\u016brai\",\"potentialAction\":[{\"@type\":\"SearchAction\",\"target\":{\"@type\":\"EntryPoint\",\"urlTemplate\":\"https:\\\/\\\/anivet.lt\\\/elparduotuve\\\/?s={search_term_string}\"},\"query-input\":{\"@type\":\"PropertyValueSpecification\",\"valueRequired\":true,\"valueName\":\"search_term_string\"}}],\"inLanguage\":\"lt-LT\"},{\"@type\":\"Organization\",\"@id\":\"https:\\\/\\\/anivet.lt\\\/elparduotuve\\\/#organization\",\"name\":\"Viskas J\u016bs\u0173 \u0161uns, kat\u0117s prie\u017ei\u016brai\",\"url\":\"https:\\\/\\\/anivet.lt\\\/elparduotuve\\\/\",\"logo\":{\"@type\":\"ImageObject\",\"inLanguage\":\"lt-LT\",\"@id\":\"https:\\\/\\\/anivet.lt\\\/elparduotuve\\\/#\\\/schema\\\/logo\\\/image\\\/\",\"url\":\"https:\\\/\\\/anivet.lt\\\/elparduotuve\\\/wp-content\\\/uploads\\\/2023\\\/06\\\/logo2.jpg\",\"contentUrl\":\"https:\\\/\\\/anivet.lt\\\/elparduotuve\\\/wp-content\\\/uploads\\\/2023\\\/06\\\/logo2.jpg\",\"width\":655,\"height\":194,\"caption\":\"Viskas J\u016bs\u0173 \u0161uns, kat\u0117s prie\u017ei\u016brai\"},\"image\":{\"@id\":\"https:\\\/\\\/anivet.lt\\\/elparduotuve\\\/#\\\/schema\\\/logo\\\/image\\\/\"}}]}<\/script>\n<!-- \/ Yoast SEO Premium plugin. -->","yoast_head_json":{"title":"VetExpert 4T Vet. Diet Hypoallergenic Horse konservai alergi\u0161kiems \u0161unims 400g - anivet.lt","description":"Pilnai subalansuotas dietinis konservuotas pa\u0161aras, sukurtas suaugusiems \u0161unims, turintiems maisto netoleravimo problem\u0173. \u0160is pa\u0161aras su vienu gyv\u016bnin\u0117s","robots":{"index":"index","follow":"follow","max-snippet":"max-snippet:-1","max-image-preview":"max-image-preview:large","max-video-preview":"max-video-preview:-1"},"canonical":"https:\/\/anivet.lt\/elparduotuve\/produktas\/vetexpert-4t-vet-diet-hypoallergenic-horse-konservai-alergiskiems-sunims-400g\/","og_locale":"lt_LT","og_type":"article","og_title":"VetExpert 4T Vet. Diet Hypoallergenic Horse konservai alergi\u0161kiems \u0161unims 400g","og_description":"Pilnai subalansuotas dietinis konservuotas pa\u0161aras, sukurtas suaugusiems \u0161unims, turintiems maisto netoleravimo problem\u0173. \u0160is pa\u0161aras su vienu gyv\u016bnin\u0117s","og_url":"https:\/\/anivet.lt\/elparduotuve\/produktas\/vetexpert-4t-vet-diet-hypoallergenic-horse-konservai-alergiskiems-sunims-400g\/","og_site_name":"anivet.lt","article_modified_time":"2026-03-03T09:47:54+00:00","og_image":[{"width":1000,"height":1414,"url":"https:\/\/anivet.lt\/elparduotuve\/wp-content\/uploads\/2024\/12\/13.-4T-Vet.-diet-Hypoallergenic-Horse-dog-400g.jpg","type":"image\/jpeg"}],"twitter_card":"summary_large_image","twitter_misc":{"Est. reading time":"1 minut\u0117"},"schema":{"@context":"https:\/\/schema.org","@graph":[{"@type":"WebPage","@id":"https:\/\/anivet.lt\/elparduotuve\/produktas\/vetexpert-4t-vet-diet-hypoallergenic-horse-konservai-alergiskiems-sunims-400g\/","url":"https:\/\/anivet.lt\/elparduotuve\/produktas\/vetexpert-4t-vet-diet-hypoallergenic-horse-konservai-alergiskiems-sunims-400g\/","name":"VetExpert 4T Vet. Diet Hypoallergenic Horse konservai alergi\u0161kiems \u0161unims 400g - anivet.lt","isPartOf":{"@id":"https:\/\/anivet.lt\/elparduotuve\/#website"},"primaryImageOfPage":{"@id":"https:\/\/anivet.lt\/elparduotuve\/produktas\/vetexpert-4t-vet-diet-hypoallergenic-horse-konservai-alergiskiems-sunims-400g\/#primaryimage"},"image":{"@id":"https:\/\/anivet.lt\/elparduotuve\/produktas\/vetexpert-4t-vet-diet-hypoallergenic-horse-konservai-alergiskiems-sunims-400g\/#primaryimage"},"thumbnailUrl":"https:\/\/anivet.lt\/elparduotuve\/wp-content\/uploads\/2024\/12\/13.-4T-Vet.-diet-Hypoallergenic-Horse-dog-400g.jpg","datePublished":"2024-12-28T09:24:31+00:00","dateModified":"2026-03-03T09:47:54+00:00","description":"Pilnai subalansuotas dietinis konservuotas pa\u0161aras, sukurtas suaugusiems \u0161unims, turintiems maisto netoleravimo problem\u0173. \u0160is pa\u0161aras su vienu gyv\u016bnin\u0117s","breadcrumb":{"@id":"https:\/\/anivet.lt\/elparduotuve\/produktas\/vetexpert-4t-vet-diet-hypoallergenic-horse-konservai-alergiskiems-sunims-400g\/#breadcrumb"},"inLanguage":"lt-LT","potentialAction":[{"@type":"ReadAction","target":["https:\/\/anivet.lt\/elparduotuve\/produktas\/vetexpert-4t-vet-diet-hypoallergenic-horse-konservai-alergiskiems-sunims-400g\/"]}]},{"@type":"ImageObject","inLanguage":"lt-LT","@id":"https:\/\/anivet.lt\/elparduotuve\/produktas\/vetexpert-4t-vet-diet-hypoallergenic-horse-konservai-alergiskiems-sunims-400g\/#primaryimage","url":"https:\/\/anivet.lt\/elparduotuve\/wp-content\/uploads\/2024\/12\/13.-4T-Vet.-diet-Hypoallergenic-Horse-dog-400g.jpg","contentUrl":"https:\/\/anivet.lt\/elparduotuve\/wp-content\/uploads\/2024\/12\/13.-4T-Vet.-diet-Hypoallergenic-Horse-dog-400g.jpg","width":1000,"height":1414,"caption":"VetExpert 4T Vet. Diet Hypoallergenic Horse konservai alergi\u0161kiems \u0161unims 400g"},{"@type":"BreadcrumbList","@id":"https:\/\/anivet.lt\/elparduotuve\/produktas\/vetexpert-4t-vet-diet-hypoallergenic-horse-konservai-alergiskiems-sunims-400g\/#breadcrumb","itemListElement":[{"@type":"ListItem","position":1,"name":"Home","item":"https:\/\/anivet.lt\/elparduotuve\/"},{"@type":"ListItem","position":2,"name":"Produktai","item":"https:\/\/anivet.lt\/elparduotuve\/produktai\/"},{"@type":"ListItem","position":3,"name":"VetExpert 4T Vet. Diet Hypoallergenic Horse konservai alergi\u0161kiems \u0161unims 400g"}]},{"@type":"WebSite","@id":"https:\/\/anivet.lt\/elparduotuve\/#website","url":"https:\/\/anivet.lt\/elparduotuve\/","name":"anivet.lt","description":"Viskas J\u016bs\u0173 \u0161uns, kat\u0117s prie\u017ei\u016brai","publisher":{"@id":"https:\/\/anivet.lt\/elparduotuve\/#organization"},"alternateName":"Viskas J\u016bs\u0173 \u0161uns, kat\u0117s prie\u017ei\u016brai","potentialAction":[{"@type":"SearchAction","target":{"@type":"EntryPoint","urlTemplate":"https:\/\/anivet.lt\/elparduotuve\/?s={search_term_string}"},"query-input":{"@type":"PropertyValueSpecification","valueRequired":true,"valueName":"search_term_string"}}],"inLanguage":"lt-LT"},{"@type":"Organization","@id":"https:\/\/anivet.lt\/elparduotuve\/#organization","name":"Viskas J\u016bs\u0173 \u0161uns, kat\u0117s prie\u017ei\u016brai","url":"https:\/\/anivet.lt\/elparduotuve\/","logo":{"@type":"ImageObject","inLanguage":"lt-LT","@id":"https:\/\/anivet.lt\/elparduotuve\/#\/schema\/logo\/image\/","url":"https:\/\/anivet.lt\/elparduotuve\/wp-content\/uploads\/2023\/06\/logo2.jpg","contentUrl":"https:\/\/anivet.lt\/elparduotuve\/wp-content\/uploads\/2023\/06\/logo2.jpg","width":655,"height":194,"caption":"Viskas J\u016bs\u0173 \u0161uns, kat\u0117s prie\u017ei\u016brai"},"image":{"@id":"https:\/\/anivet.lt\/elparduotuve\/#\/schema\/logo\/image\/"}}]}},"_links":{"self":[{"href":"https:\/\/anivet.lt\/elparduotuve\/wp-json\/wp\/v2\/product\/15805","targetHints":{"allow":["GET"]}}],"collection":[{"href":"https:\/\/anivet.lt\/elparduotuve\/wp-json\/wp\/v2\/product"}],"about":[{"href":"https:\/\/anivet.lt\/elparduotuve\/wp-json\/wp\/v2\/types\/product"}],"wp:featuredmedia":[{"embeddable":true,"href":"https:\/\/anivet.lt\/elparduotuve\/wp-json\/wp\/v2\/media\/15806"}],"wp:attachment":[{"href":"https:\/\/anivet.lt\/elparduotuve\/wp-json\/wp\/v2\/media?parent=15805"}],"wp:term":[{"taxonomy":"product_brand","embeddable":true,"href":"https:\/\/anivet.lt\/elparduotuve\/wp-json\/wp\/v2\/product_brand?post=15805"},{"taxonomy":"product_cat","embeddable":true,"href":"https:\/\/anivet.lt\/elparduotuve\/wp-json\/wp\/v2\/product_cat?post=15805"},{"taxonomy":"product_tag","embeddable":true,"href":"https:\/\/anivet.lt\/elparduotuve\/wp-json\/wp\/v2\/product_tag?post=15805"}],"curies":[{"name":"wp","href":"https:\/\/api.w.org\/{rel}","templated":true}]}}