{"id":15809,"date":"2024-12-28T09:47:41","date_gmt":"2024-12-28T09:47:41","guid":{"rendered":"https:\/\/anivet.lt\/elparduotuve\/?post_type=product&#038;p=15809"},"modified":"2026-01-31T22:12:29","modified_gmt":"2026-01-31T22:12:29","slug":"vetexpert-4t-vet-diet-dermatosis-salmon-potato-konservai-alergiskiems-sunims-400g","status":"publish","type":"product","link":"https:\/\/anivet.lt\/elparduotuve\/produktas\/vetexpert-4t-vet-diet-dermatosis-salmon-potato-konservai-alergiskiems-sunims-400g\/","title":{"rendered":"VetExpert 4T Vet. Diet Dermatosis Salmon &#038; Potato konservai alergi\u0161kiems \u0161unims 400g"},"content":{"rendered":"<p><span style=\"font-weight: 400;\">Visavertis dietinis konservuotas pa\u0161aras, skirtas \u0161unims, turintiems maisto netoleravimo ar odos problem\u0173. \u0160is pa\u0161aras padeda pagerinti odos b\u016bkl\u0119, suma\u017einti kailio slinkim\u0105 ir u\u017etikrinti sveik\u0105 vir\u0161kinim\u0105.<\/span><\/p>\n<ul>\n<li style=\"font-weight: 400;\" aria-level=\"1\"><span style=\"font-weight: 400;\">Lengvai vir\u0161kinami baltymai: La\u0161i\u0161a \u2013 auk\u0161tos kokyb\u0117s baltym\u0173 \u0161altinis, padedantis palaikyti ger\u0105 odos b\u016bkl\u0119.<\/span><\/li>\n<li style=\"font-weight: 400;\" aria-level=\"1\"><span style=\"font-weight: 400;\">Subalansuoti angliavandeniai: Bulv\u0117s suteikia lengvai vir\u0161kinam\u0105 energijos \u0161altin\u012f jautriems augintiniams.<\/span><\/li>\n<li style=\"font-weight: 400;\" aria-level=\"1\"><span style=\"font-weight: 400;\">Nesotieji riebalai: Saul\u0117gr\u0105\u017e\u0173, s\u0117men\u0173 ir agurkli\u0173 aliejai yra turtingi omega-3 ir omega-6 riebal\u0173 r\u016bg\u0161timis, kurios palaiko odos ir kailio sveikat\u0105.<\/span><\/li>\n<li style=\"font-weight: 400;\" aria-level=\"1\"><span style=\"font-weight: 400;\">Praturtintas vitaminais: Vitaminai A, D3 ir E padeda stiprinti imunin\u0119 sistem\u0105 ir gerina bendr\u0105 odos sveikat\u0105.<\/span><\/li>\n<li style=\"font-weight: 400;\" aria-level=\"1\"><span style=\"font-weight: 400;\">Odos prie\u017ei\u016bra: Didelis neso\u010di\u0173j\u0173 riebal\u0173 r\u016bg\u0161\u010di\u0173 kiekis suma\u017eina odos sudirgimus ir palaiko kailio blizges\u012f.<\/span><\/li>\n<\/ul>\n<p><span style=\"font-weight: 400;\">Puikus sprendimas augintiniams, kuriems reikia specialios mitybos d\u0117l odos problem\u0173 ar maisto netoleravimo. \u0160is skanus pa\u0161aras ne tik suteikia b\u016btin\u0173 maistini\u0173 med\u017eiag\u0173, bet ir padeda i\u0161laikyti j\u016bs\u0173 \u0161uns sveikat\u0105 ir puiki\u0105 i\u0161vaizd\u0105.<\/span><\/p>\n","protected":false},"excerpt":{"rendered":"<p>Visavertis dietinis konservuotas pa\u0161aras, skirtas \u0161unims, turintiems maisto netoleravimo ar odos problem\u0173. \u0160is pa\u0161aras padeda pagerinti odos b\u016bkl\u0119, suma\u017einti kailio<\/p>\n","protected":false},"featured_media":15810,"template":"","meta":[],"product_brand":[],"product_cat":[101,103,107,564],"product_tag":[],"class_list":{"0":"post-15809","1":"product","2":"type-product","3":"status-publish","4":"has-post-thumbnail","6":"product_cat-sunims","7":"product_cat-sunu-maistas","8":"product_cat-veterinarine-dieta","9":"product_cat-vet-expert-sunu-maistas","10":"pa_prekinis-zenklas-vetexpert","12":"first","13":"instock","14":"taxable","15":"shipping-taxable","16":"purchasable","17":"product-type-simple"},"yoast_head":"<!-- This site is optimized with the Yoast SEO Premium plugin v27.1 (Yoast SEO v27.5) - https:\/\/yoast.com\/product\/yoast-seo-premium-wordpress\/ -->\n<title>VetExpert 4T Vet. Diet Dermatosis Salmon &amp; Potato konservai alergi\u0161kiems \u0161unims 400g - anivet.lt<\/title>\n<meta name=\"description\" content=\"Visavertis dietinis konservuotas pa\u0161aras, skirtas \u0161unims, turintiems maisto netoleravimo ar odos problem\u0173. \u0160is pa\u0161aras padeda pagerinti odos b\u016bkl\u0119,\" \/>\n<meta name=\"robots\" content=\"index, follow, max-snippet:-1, max-image-preview:large, max-video-preview:-1\" \/>\n<link rel=\"canonical\" href=\"https:\/\/anivet.lt\/elparduotuve\/produktas\/vetexpert-4t-vet-diet-dermatosis-salmon-potato-konservai-alergiskiems-sunims-400g\/\" \/>\n<meta property=\"og:locale\" content=\"lt_LT\" \/>\n<meta property=\"og:type\" content=\"article\" \/>\n<meta property=\"og:title\" content=\"VetExpert 4T Vet. Diet Dermatosis Salmon &amp; Potato konservai alergi\u0161kiems \u0161unims 400g\" \/>\n<meta property=\"og:description\" content=\"Visavertis dietinis konservuotas pa\u0161aras, skirtas \u0161unims, turintiems maisto netoleravimo ar odos problem\u0173. \u0160is pa\u0161aras padeda pagerinti odos b\u016bkl\u0119,\" \/>\n<meta property=\"og:url\" content=\"https:\/\/anivet.lt\/elparduotuve\/produktas\/vetexpert-4t-vet-diet-dermatosis-salmon-potato-konservai-alergiskiems-sunims-400g\/\" \/>\n<meta property=\"og:site_name\" content=\"anivet.lt\" \/>\n<meta property=\"article:modified_time\" content=\"2026-01-31T22:12:29+00:00\" \/>\n<meta property=\"og:image\" content=\"https:\/\/anivet.lt\/elparduotuve\/wp-content\/uploads\/2024\/12\/15.-4T-Vet.-diet-Dermatosis-dog-SalmonPotato-400g.jpg\" \/>\n\t<meta property=\"og:image:width\" content=\"1000\" \/>\n\t<meta property=\"og:image:height\" content=\"1414\" \/>\n\t<meta property=\"og:image:type\" content=\"image\/jpeg\" \/>\n<meta name=\"twitter:card\" content=\"summary_large_image\" \/>\n<meta name=\"twitter:label1\" content=\"Est. reading time\" \/>\n\t<meta name=\"twitter:data1\" content=\"1 minut\u0117\" \/>\n<script type=\"application\/ld+json\" class=\"yoast-schema-graph\">{\"@context\":\"https:\\\/\\\/schema.org\",\"@graph\":[{\"@type\":\"WebPage\",\"@id\":\"https:\\\/\\\/anivet.lt\\\/elparduotuve\\\/produktas\\\/vetexpert-4t-vet-diet-dermatosis-salmon-potato-konservai-alergiskiems-sunims-400g\\\/\",\"url\":\"https:\\\/\\\/anivet.lt\\\/elparduotuve\\\/produktas\\\/vetexpert-4t-vet-diet-dermatosis-salmon-potato-konservai-alergiskiems-sunims-400g\\\/\",\"name\":\"VetExpert 4T Vet. Diet Dermatosis Salmon & Potato konservai alergi\u0161kiems \u0161unims 400g - anivet.lt\",\"isPartOf\":{\"@id\":\"https:\\\/\\\/anivet.lt\\\/elparduotuve\\\/#website\"},\"primaryImageOfPage\":{\"@id\":\"https:\\\/\\\/anivet.lt\\\/elparduotuve\\\/produktas\\\/vetexpert-4t-vet-diet-dermatosis-salmon-potato-konservai-alergiskiems-sunims-400g\\\/#primaryimage\"},\"image\":{\"@id\":\"https:\\\/\\\/anivet.lt\\\/elparduotuve\\\/produktas\\\/vetexpert-4t-vet-diet-dermatosis-salmon-potato-konservai-alergiskiems-sunims-400g\\\/#primaryimage\"},\"thumbnailUrl\":\"https:\\\/\\\/anivet.lt\\\/elparduotuve\\\/wp-content\\\/uploads\\\/2024\\\/12\\\/15.-4T-Vet.-diet-Dermatosis-dog-SalmonPotato-400g.jpg\",\"datePublished\":\"2024-12-28T09:47:41+00:00\",\"dateModified\":\"2026-01-31T22:12:29+00:00\",\"description\":\"Visavertis dietinis konservuotas pa\u0161aras, skirtas \u0161unims, turintiems maisto netoleravimo ar odos problem\u0173. \u0160is pa\u0161aras padeda pagerinti odos b\u016bkl\u0119,\",\"breadcrumb\":{\"@id\":\"https:\\\/\\\/anivet.lt\\\/elparduotuve\\\/produktas\\\/vetexpert-4t-vet-diet-dermatosis-salmon-potato-konservai-alergiskiems-sunims-400g\\\/#breadcrumb\"},\"inLanguage\":\"lt-LT\",\"potentialAction\":[{\"@type\":\"ReadAction\",\"target\":[\"https:\\\/\\\/anivet.lt\\\/elparduotuve\\\/produktas\\\/vetexpert-4t-vet-diet-dermatosis-salmon-potato-konservai-alergiskiems-sunims-400g\\\/\"]}]},{\"@type\":\"ImageObject\",\"inLanguage\":\"lt-LT\",\"@id\":\"https:\\\/\\\/anivet.lt\\\/elparduotuve\\\/produktas\\\/vetexpert-4t-vet-diet-dermatosis-salmon-potato-konservai-alergiskiems-sunims-400g\\\/#primaryimage\",\"url\":\"https:\\\/\\\/anivet.lt\\\/elparduotuve\\\/wp-content\\\/uploads\\\/2024\\\/12\\\/15.-4T-Vet.-diet-Dermatosis-dog-SalmonPotato-400g.jpg\",\"contentUrl\":\"https:\\\/\\\/anivet.lt\\\/elparduotuve\\\/wp-content\\\/uploads\\\/2024\\\/12\\\/15.-4T-Vet.-diet-Dermatosis-dog-SalmonPotato-400g.jpg\",\"width\":1000,\"height\":1414,\"caption\":\"VetExpert 4T Vet. Diet Dermatosis Salmon & Potato konservai alergi\u0161kiems \u0161unims 400g\"},{\"@type\":\"BreadcrumbList\",\"@id\":\"https:\\\/\\\/anivet.lt\\\/elparduotuve\\\/produktas\\\/vetexpert-4t-vet-diet-dermatosis-salmon-potato-konservai-alergiskiems-sunims-400g\\\/#breadcrumb\",\"itemListElement\":[{\"@type\":\"ListItem\",\"position\":1,\"name\":\"Home\",\"item\":\"https:\\\/\\\/anivet.lt\\\/elparduotuve\\\/\"},{\"@type\":\"ListItem\",\"position\":2,\"name\":\"Produktai\",\"item\":\"https:\\\/\\\/anivet.lt\\\/elparduotuve\\\/produktai\\\/\"},{\"@type\":\"ListItem\",\"position\":3,\"name\":\"VetExpert 4T Vet. Diet Dermatosis Salmon &#038; Potato konservai alergi\u0161kiems \u0161unims 400g\"}]},{\"@type\":\"WebSite\",\"@id\":\"https:\\\/\\\/anivet.lt\\\/elparduotuve\\\/#website\",\"url\":\"https:\\\/\\\/anivet.lt\\\/elparduotuve\\\/\",\"name\":\"anivet.lt\",\"description\":\"Viskas J\u016bs\u0173 \u0161uns, kat\u0117s prie\u017ei\u016brai\",\"publisher\":{\"@id\":\"https:\\\/\\\/anivet.lt\\\/elparduotuve\\\/#organization\"},\"alternateName\":\"Viskas J\u016bs\u0173 \u0161uns, kat\u0117s prie\u017ei\u016brai\",\"potentialAction\":[{\"@type\":\"SearchAction\",\"target\":{\"@type\":\"EntryPoint\",\"urlTemplate\":\"https:\\\/\\\/anivet.lt\\\/elparduotuve\\\/?s={search_term_string}\"},\"query-input\":{\"@type\":\"PropertyValueSpecification\",\"valueRequired\":true,\"valueName\":\"search_term_string\"}}],\"inLanguage\":\"lt-LT\"},{\"@type\":\"Organization\",\"@id\":\"https:\\\/\\\/anivet.lt\\\/elparduotuve\\\/#organization\",\"name\":\"Viskas J\u016bs\u0173 \u0161uns, kat\u0117s prie\u017ei\u016brai\",\"url\":\"https:\\\/\\\/anivet.lt\\\/elparduotuve\\\/\",\"logo\":{\"@type\":\"ImageObject\",\"inLanguage\":\"lt-LT\",\"@id\":\"https:\\\/\\\/anivet.lt\\\/elparduotuve\\\/#\\\/schema\\\/logo\\\/image\\\/\",\"url\":\"https:\\\/\\\/anivet.lt\\\/elparduotuve\\\/wp-content\\\/uploads\\\/2023\\\/06\\\/logo2.jpg\",\"contentUrl\":\"https:\\\/\\\/anivet.lt\\\/elparduotuve\\\/wp-content\\\/uploads\\\/2023\\\/06\\\/logo2.jpg\",\"width\":655,\"height\":194,\"caption\":\"Viskas J\u016bs\u0173 \u0161uns, kat\u0117s prie\u017ei\u016brai\"},\"image\":{\"@id\":\"https:\\\/\\\/anivet.lt\\\/elparduotuve\\\/#\\\/schema\\\/logo\\\/image\\\/\"}}]}<\/script>\n<!-- \/ Yoast SEO Premium plugin. -->","yoast_head_json":{"title":"VetExpert 4T Vet. Diet Dermatosis Salmon & Potato konservai alergi\u0161kiems \u0161unims 400g - anivet.lt","description":"Visavertis dietinis konservuotas pa\u0161aras, skirtas \u0161unims, turintiems maisto netoleravimo ar odos problem\u0173. \u0160is pa\u0161aras padeda pagerinti odos b\u016bkl\u0119,","robots":{"index":"index","follow":"follow","max-snippet":"max-snippet:-1","max-image-preview":"max-image-preview:large","max-video-preview":"max-video-preview:-1"},"canonical":"https:\/\/anivet.lt\/elparduotuve\/produktas\/vetexpert-4t-vet-diet-dermatosis-salmon-potato-konservai-alergiskiems-sunims-400g\/","og_locale":"lt_LT","og_type":"article","og_title":"VetExpert 4T Vet. Diet Dermatosis Salmon & Potato konservai alergi\u0161kiems \u0161unims 400g","og_description":"Visavertis dietinis konservuotas pa\u0161aras, skirtas \u0161unims, turintiems maisto netoleravimo ar odos problem\u0173. \u0160is pa\u0161aras padeda pagerinti odos b\u016bkl\u0119,","og_url":"https:\/\/anivet.lt\/elparduotuve\/produktas\/vetexpert-4t-vet-diet-dermatosis-salmon-potato-konservai-alergiskiems-sunims-400g\/","og_site_name":"anivet.lt","article_modified_time":"2026-01-31T22:12:29+00:00","og_image":[{"width":1000,"height":1414,"url":"https:\/\/anivet.lt\/elparduotuve\/wp-content\/uploads\/2024\/12\/15.-4T-Vet.-diet-Dermatosis-dog-SalmonPotato-400g.jpg","type":"image\/jpeg"}],"twitter_card":"summary_large_image","twitter_misc":{"Est. reading time":"1 minut\u0117"},"schema":{"@context":"https:\/\/schema.org","@graph":[{"@type":"WebPage","@id":"https:\/\/anivet.lt\/elparduotuve\/produktas\/vetexpert-4t-vet-diet-dermatosis-salmon-potato-konservai-alergiskiems-sunims-400g\/","url":"https:\/\/anivet.lt\/elparduotuve\/produktas\/vetexpert-4t-vet-diet-dermatosis-salmon-potato-konservai-alergiskiems-sunims-400g\/","name":"VetExpert 4T Vet. Diet Dermatosis Salmon & Potato konservai alergi\u0161kiems \u0161unims 400g - anivet.lt","isPartOf":{"@id":"https:\/\/anivet.lt\/elparduotuve\/#website"},"primaryImageOfPage":{"@id":"https:\/\/anivet.lt\/elparduotuve\/produktas\/vetexpert-4t-vet-diet-dermatosis-salmon-potato-konservai-alergiskiems-sunims-400g\/#primaryimage"},"image":{"@id":"https:\/\/anivet.lt\/elparduotuve\/produktas\/vetexpert-4t-vet-diet-dermatosis-salmon-potato-konservai-alergiskiems-sunims-400g\/#primaryimage"},"thumbnailUrl":"https:\/\/anivet.lt\/elparduotuve\/wp-content\/uploads\/2024\/12\/15.-4T-Vet.-diet-Dermatosis-dog-SalmonPotato-400g.jpg","datePublished":"2024-12-28T09:47:41+00:00","dateModified":"2026-01-31T22:12:29+00:00","description":"Visavertis dietinis konservuotas pa\u0161aras, skirtas \u0161unims, turintiems maisto netoleravimo ar odos problem\u0173. \u0160is pa\u0161aras padeda pagerinti odos b\u016bkl\u0119,","breadcrumb":{"@id":"https:\/\/anivet.lt\/elparduotuve\/produktas\/vetexpert-4t-vet-diet-dermatosis-salmon-potato-konservai-alergiskiems-sunims-400g\/#breadcrumb"},"inLanguage":"lt-LT","potentialAction":[{"@type":"ReadAction","target":["https:\/\/anivet.lt\/elparduotuve\/produktas\/vetexpert-4t-vet-diet-dermatosis-salmon-potato-konservai-alergiskiems-sunims-400g\/"]}]},{"@type":"ImageObject","inLanguage":"lt-LT","@id":"https:\/\/anivet.lt\/elparduotuve\/produktas\/vetexpert-4t-vet-diet-dermatosis-salmon-potato-konservai-alergiskiems-sunims-400g\/#primaryimage","url":"https:\/\/anivet.lt\/elparduotuve\/wp-content\/uploads\/2024\/12\/15.-4T-Vet.-diet-Dermatosis-dog-SalmonPotato-400g.jpg","contentUrl":"https:\/\/anivet.lt\/elparduotuve\/wp-content\/uploads\/2024\/12\/15.-4T-Vet.-diet-Dermatosis-dog-SalmonPotato-400g.jpg","width":1000,"height":1414,"caption":"VetExpert 4T Vet. Diet Dermatosis Salmon & Potato konservai alergi\u0161kiems \u0161unims 400g"},{"@type":"BreadcrumbList","@id":"https:\/\/anivet.lt\/elparduotuve\/produktas\/vetexpert-4t-vet-diet-dermatosis-salmon-potato-konservai-alergiskiems-sunims-400g\/#breadcrumb","itemListElement":[{"@type":"ListItem","position":1,"name":"Home","item":"https:\/\/anivet.lt\/elparduotuve\/"},{"@type":"ListItem","position":2,"name":"Produktai","item":"https:\/\/anivet.lt\/elparduotuve\/produktai\/"},{"@type":"ListItem","position":3,"name":"VetExpert 4T Vet. Diet Dermatosis Salmon &#038; Potato konservai alergi\u0161kiems \u0161unims 400g"}]},{"@type":"WebSite","@id":"https:\/\/anivet.lt\/elparduotuve\/#website","url":"https:\/\/anivet.lt\/elparduotuve\/","name":"anivet.lt","description":"Viskas J\u016bs\u0173 \u0161uns, kat\u0117s prie\u017ei\u016brai","publisher":{"@id":"https:\/\/anivet.lt\/elparduotuve\/#organization"},"alternateName":"Viskas J\u016bs\u0173 \u0161uns, kat\u0117s prie\u017ei\u016brai","potentialAction":[{"@type":"SearchAction","target":{"@type":"EntryPoint","urlTemplate":"https:\/\/anivet.lt\/elparduotuve\/?s={search_term_string}"},"query-input":{"@type":"PropertyValueSpecification","valueRequired":true,"valueName":"search_term_string"}}],"inLanguage":"lt-LT"},{"@type":"Organization","@id":"https:\/\/anivet.lt\/elparduotuve\/#organization","name":"Viskas J\u016bs\u0173 \u0161uns, kat\u0117s prie\u017ei\u016brai","url":"https:\/\/anivet.lt\/elparduotuve\/","logo":{"@type":"ImageObject","inLanguage":"lt-LT","@id":"https:\/\/anivet.lt\/elparduotuve\/#\/schema\/logo\/image\/","url":"https:\/\/anivet.lt\/elparduotuve\/wp-content\/uploads\/2023\/06\/logo2.jpg","contentUrl":"https:\/\/anivet.lt\/elparduotuve\/wp-content\/uploads\/2023\/06\/logo2.jpg","width":655,"height":194,"caption":"Viskas J\u016bs\u0173 \u0161uns, kat\u0117s prie\u017ei\u016brai"},"image":{"@id":"https:\/\/anivet.lt\/elparduotuve\/#\/schema\/logo\/image\/"}}]}},"_links":{"self":[{"href":"https:\/\/anivet.lt\/elparduotuve\/wp-json\/wp\/v2\/product\/15809","targetHints":{"allow":["GET"]}}],"collection":[{"href":"https:\/\/anivet.lt\/elparduotuve\/wp-json\/wp\/v2\/product"}],"about":[{"href":"https:\/\/anivet.lt\/elparduotuve\/wp-json\/wp\/v2\/types\/product"}],"wp:featuredmedia":[{"embeddable":true,"href":"https:\/\/anivet.lt\/elparduotuve\/wp-json\/wp\/v2\/media\/15810"}],"wp:attachment":[{"href":"https:\/\/anivet.lt\/elparduotuve\/wp-json\/wp\/v2\/media?parent=15809"}],"wp:term":[{"taxonomy":"product_brand","embeddable":true,"href":"https:\/\/anivet.lt\/elparduotuve\/wp-json\/wp\/v2\/product_brand?post=15809"},{"taxonomy":"product_cat","embeddable":true,"href":"https:\/\/anivet.lt\/elparduotuve\/wp-json\/wp\/v2\/product_cat?post=15809"},{"taxonomy":"product_tag","embeddable":true,"href":"https:\/\/anivet.lt\/elparduotuve\/wp-json\/wp\/v2\/product_tag?post=15809"}],"curies":[{"name":"wp","href":"https:\/\/api.w.org\/{rel}","templated":true}]}}