{"id":15826,"date":"2024-12-31T09:48:36","date_gmt":"2024-12-31T09:48:36","guid":{"rendered":"https:\/\/anivet.lt\/elparduotuve\/?post_type=product&#038;p=15826"},"modified":"2026-03-16T19:12:33","modified_gmt":"2026-03-16T19:12:33","slug":"vetexpert-4t-vet-diet-renal-katems-esant-inkstu-nepakankamumui","status":"publish","type":"product","link":"https:\/\/anivet.lt\/elparduotuve\/produktas\/vetexpert-4t-vet-diet-renal-katems-esant-inkstu-nepakankamumui\/","title":{"rendered":"VetExpert 4T Vet. Diet Renal kat\u0117ms esant inkst\u0173 nepakankamumui"},"content":{"rendered":"<ul>\n<li><span style=\"font-weight: 400;\">Suma\u017eintas fosforo kiekis: L\u0117tina inkst\u0173 funkcijos pablog\u0117jim\u0105 ir prisideda prie ilgalaik\u0117s inkst\u0173 sveikatos.<\/span><\/li>\n<li style=\"font-weight: 400;\" aria-level=\"1\"><span style=\"font-weight: 400;\">Kokybi\u0161ki baltymai: Vidutinio ir didelio biologinio vertingumo baltymai palaiko raumen\u0173 mas\u0119 ir u\u017etikrina ger\u0105 vir\u0161kinamum\u0105.<\/span><\/li>\n<li style=\"font-weight: 400;\" aria-level=\"1\"><span style=\"font-weight: 400;\">Omega-3 riebal\u0173 r\u016bg\u0161tys: Ma\u017eina sl\u0117g\u012f inkst\u0173 glomeruluose ir padeda sul\u0117tinti inkst\u0173 pa\u017eeidim\u0173 progresavim\u0105.<\/span><\/li>\n<li style=\"font-weight: 400;\" aria-level=\"1\"><span style=\"font-weight: 400;\">Suma\u017eintas natrio kiekis: Apsaugo nuo hipernatremijos ir palaiko \u0161irdies bei inkst\u0173 veikl\u0105.<\/span><\/li>\n<li style=\"font-weight: 400;\" aria-level=\"1\"><span style=\"font-weight: 400;\">Antioksidant\u0173 kompleksas: Alfa-lipoin\u0117 r\u016bg\u0161tis neutralizuoja laisvuosius radikalus, suma\u017eindama oksidacin\u012f stres\u0105, kur\u012f sukelia inkst\u0173 liga.<\/span><\/li>\n<\/ul>\n<p><span style=\"font-weight: 400;\">\u201eVetExpert 4T Vet. Diet Renal\u201d \u2013 puikus pasirinkimas kat\u0117ms, ken\u010dian\u010dioms nuo inkst\u0173 funkcijos sutrikim\u0173. \u0160is lengvai vir\u0161kinamas pa\u0161aras u\u017etikrina visavert\u0119 mityb\u0105 ir padeda palaikyti j\u016bs\u0173 kat\u0117s sveikat\u0105 bei gyvenimo kokyb\u0119.<\/span><\/p>\n","protected":false},"excerpt":{"rendered":"<p><span style=\"font-weight: 400;\">Subalansuotas dietinis pa\u0161aras, skirtas palaikyti ka\u010di\u0173 inkst\u0173 funkcij\u0105 esant laikiniems ar l\u0117tiniams inkst\u0173 sutrikimams. Suma\u017eintas fosforo ir biologi\u0161kai verting\u0173 baltym\u0173 kiekis padeda l\u0117tinti ligos progresavim\u0105 ir u\u017etikrina optimal\u0173 organizmo palaikym\u0105.<\/span><\/p>\n","protected":false},"featured_media":15829,"template":"","meta":[],"product_brand":[],"product_cat":[114,102,118,563],"product_tag":[],"class_list":{"0":"post-15826","1":"product","2":"type-product","3":"status-publish","4":"has-post-thumbnail","6":"product_cat-kaciu-maistas","7":"product_cat-katems","8":"product_cat-veterinarinis-maistas-katems","9":"product_cat-vet-expert-kaciu-maistas","10":"pa_prekinis-zenklas-vetexpert","12":"first","13":"instock","14":"taxable","15":"shipping-taxable","16":"purchasable","17":"product-type-variable"},"yoast_head":"<!-- This site is optimized with the Yoast SEO Premium plugin v27.1 (Yoast SEO v27.5) - https:\/\/yoast.com\/product\/yoast-seo-premium-wordpress\/ -->\n<title>VetExpert 4T Vet. Diet Renal kat\u0117ms esant inkst\u0173 nepakankamumui - anivet.lt<\/title>\n<meta name=\"description\" content=\"Subalansuotas dietinis pa\u0161aras, skirtas palaikyti ka\u010di\u0173 inkst\u0173 funkcij\u0105 esant laikiniems ar l\u0117tiniams inkst\u0173 sutrikimams. Suma\u017eintas fosforo ir biologi\u0161kai verting\u0173 baltym\u0173 kiekis padeda l\u0117tinti ligos progresavim\u0105 ir u\u017etikrina optimal\u0173 organizmo palaikym\u0105.\" \/>\n<meta name=\"robots\" content=\"index, follow, max-snippet:-1, max-image-preview:large, max-video-preview:-1\" \/>\n<link rel=\"canonical\" href=\"https:\/\/anivet.lt\/elparduotuve\/produktas\/vetexpert-4t-vet-diet-renal-katems-esant-inkstu-nepakankamumui\/\" \/>\n<meta property=\"og:locale\" content=\"lt_LT\" \/>\n<meta property=\"og:type\" content=\"article\" \/>\n<meta property=\"og:title\" content=\"VetExpert 4T Vet. Diet Renal kat\u0117ms esant inkst\u0173 nepakankamumui\" \/>\n<meta property=\"og:description\" content=\"Subalansuotas dietinis pa\u0161aras, skirtas palaikyti ka\u010di\u0173 inkst\u0173 funkcij\u0105 esant laikiniems ar l\u0117tiniams inkst\u0173 sutrikimams. Suma\u017eintas fosforo ir biologi\u0161kai verting\u0173 baltym\u0173 kiekis padeda l\u0117tinti ligos progresavim\u0105 ir u\u017etikrina optimal\u0173 organizmo palaikym\u0105.\" \/>\n<meta property=\"og:url\" content=\"https:\/\/anivet.lt\/elparduotuve\/produktas\/vetexpert-4t-vet-diet-renal-katems-esant-inkstu-nepakankamumui\/\" \/>\n<meta property=\"og:site_name\" content=\"anivet.lt\" \/>\n<meta property=\"article:modified_time\" content=\"2026-03-16T19:12:33+00:00\" \/>\n<meta property=\"og:image\" content=\"https:\/\/anivet.lt\/elparduotuve\/wp-content\/uploads\/2024\/12\/19.-4T-Vet.-diet-Renal-cat-2kg.jpg\" \/>\n\t<meta property=\"og:image:width\" content=\"1000\" \/>\n\t<meta property=\"og:image:height\" content=\"1234\" \/>\n\t<meta property=\"og:image:type\" content=\"image\/jpeg\" \/>\n<meta name=\"twitter:card\" content=\"summary_large_image\" \/>\n<meta name=\"twitter:label1\" content=\"Est. reading time\" \/>\n\t<meta name=\"twitter:data1\" content=\"1 minut\u0117\" \/>\n<script type=\"application\/ld+json\" class=\"yoast-schema-graph\">{\"@context\":\"https:\\\/\\\/schema.org\",\"@graph\":[{\"@type\":\"WebPage\",\"@id\":\"https:\\\/\\\/anivet.lt\\\/elparduotuve\\\/produktas\\\/vetexpert-4t-vet-diet-renal-katems-esant-inkstu-nepakankamumui\\\/\",\"url\":\"https:\\\/\\\/anivet.lt\\\/elparduotuve\\\/produktas\\\/vetexpert-4t-vet-diet-renal-katems-esant-inkstu-nepakankamumui\\\/\",\"name\":\"VetExpert 4T Vet. Diet Renal kat\u0117ms esant inkst\u0173 nepakankamumui - anivet.lt\",\"isPartOf\":{\"@id\":\"https:\\\/\\\/anivet.lt\\\/elparduotuve\\\/#website\"},\"primaryImageOfPage\":{\"@id\":\"https:\\\/\\\/anivet.lt\\\/elparduotuve\\\/produktas\\\/vetexpert-4t-vet-diet-renal-katems-esant-inkstu-nepakankamumui\\\/#primaryimage\"},\"image\":{\"@id\":\"https:\\\/\\\/anivet.lt\\\/elparduotuve\\\/produktas\\\/vetexpert-4t-vet-diet-renal-katems-esant-inkstu-nepakankamumui\\\/#primaryimage\"},\"thumbnailUrl\":\"https:\\\/\\\/anivet.lt\\\/elparduotuve\\\/wp-content\\\/uploads\\\/2024\\\/12\\\/19.-4T-Vet.-diet-Renal-cat-2kg.jpg\",\"datePublished\":\"2024-12-31T09:48:36+00:00\",\"dateModified\":\"2026-03-16T19:12:33+00:00\",\"description\":\"Subalansuotas dietinis pa\u0161aras, skirtas palaikyti ka\u010di\u0173 inkst\u0173 funkcij\u0105 esant laikiniems ar l\u0117tiniams inkst\u0173 sutrikimams. Suma\u017eintas fosforo ir biologi\u0161kai verting\u0173 baltym\u0173 kiekis padeda l\u0117tinti ligos progresavim\u0105 ir u\u017etikrina optimal\u0173 organizmo palaikym\u0105.\",\"breadcrumb\":{\"@id\":\"https:\\\/\\\/anivet.lt\\\/elparduotuve\\\/produktas\\\/vetexpert-4t-vet-diet-renal-katems-esant-inkstu-nepakankamumui\\\/#breadcrumb\"},\"inLanguage\":\"lt-LT\",\"potentialAction\":[{\"@type\":\"ReadAction\",\"target\":[\"https:\\\/\\\/anivet.lt\\\/elparduotuve\\\/produktas\\\/vetexpert-4t-vet-diet-renal-katems-esant-inkstu-nepakankamumui\\\/\"]}]},{\"@type\":\"ImageObject\",\"inLanguage\":\"lt-LT\",\"@id\":\"https:\\\/\\\/anivet.lt\\\/elparduotuve\\\/produktas\\\/vetexpert-4t-vet-diet-renal-katems-esant-inkstu-nepakankamumui\\\/#primaryimage\",\"url\":\"https:\\\/\\\/anivet.lt\\\/elparduotuve\\\/wp-content\\\/uploads\\\/2024\\\/12\\\/19.-4T-Vet.-diet-Renal-cat-2kg.jpg\",\"contentUrl\":\"https:\\\/\\\/anivet.lt\\\/elparduotuve\\\/wp-content\\\/uploads\\\/2024\\\/12\\\/19.-4T-Vet.-diet-Renal-cat-2kg.jpg\",\"width\":1000,\"height\":1234,\"caption\":\"VetExpert 4T Vet. Diet Renal kat\u0117ms esant inkst\u0173 nepakankamumui\"},{\"@type\":\"BreadcrumbList\",\"@id\":\"https:\\\/\\\/anivet.lt\\\/elparduotuve\\\/produktas\\\/vetexpert-4t-vet-diet-renal-katems-esant-inkstu-nepakankamumui\\\/#breadcrumb\",\"itemListElement\":[{\"@type\":\"ListItem\",\"position\":1,\"name\":\"Home\",\"item\":\"https:\\\/\\\/anivet.lt\\\/elparduotuve\\\/\"},{\"@type\":\"ListItem\",\"position\":2,\"name\":\"Produktai\",\"item\":\"https:\\\/\\\/anivet.lt\\\/elparduotuve\\\/produktai\\\/\"},{\"@type\":\"ListItem\",\"position\":3,\"name\":\"VetExpert 4T Vet. Diet Renal kat\u0117ms esant inkst\u0173 nepakankamumui\"}]},{\"@type\":\"WebSite\",\"@id\":\"https:\\\/\\\/anivet.lt\\\/elparduotuve\\\/#website\",\"url\":\"https:\\\/\\\/anivet.lt\\\/elparduotuve\\\/\",\"name\":\"anivet.lt\",\"description\":\"Viskas J\u016bs\u0173 \u0161uns, kat\u0117s prie\u017ei\u016brai\",\"publisher\":{\"@id\":\"https:\\\/\\\/anivet.lt\\\/elparduotuve\\\/#organization\"},\"alternateName\":\"Viskas J\u016bs\u0173 \u0161uns, kat\u0117s prie\u017ei\u016brai\",\"potentialAction\":[{\"@type\":\"SearchAction\",\"target\":{\"@type\":\"EntryPoint\",\"urlTemplate\":\"https:\\\/\\\/anivet.lt\\\/elparduotuve\\\/?s={search_term_string}\"},\"query-input\":{\"@type\":\"PropertyValueSpecification\",\"valueRequired\":true,\"valueName\":\"search_term_string\"}}],\"inLanguage\":\"lt-LT\"},{\"@type\":\"Organization\",\"@id\":\"https:\\\/\\\/anivet.lt\\\/elparduotuve\\\/#organization\",\"name\":\"Viskas J\u016bs\u0173 \u0161uns, kat\u0117s prie\u017ei\u016brai\",\"url\":\"https:\\\/\\\/anivet.lt\\\/elparduotuve\\\/\",\"logo\":{\"@type\":\"ImageObject\",\"inLanguage\":\"lt-LT\",\"@id\":\"https:\\\/\\\/anivet.lt\\\/elparduotuve\\\/#\\\/schema\\\/logo\\\/image\\\/\",\"url\":\"https:\\\/\\\/anivet.lt\\\/elparduotuve\\\/wp-content\\\/uploads\\\/2023\\\/06\\\/logo2.jpg\",\"contentUrl\":\"https:\\\/\\\/anivet.lt\\\/elparduotuve\\\/wp-content\\\/uploads\\\/2023\\\/06\\\/logo2.jpg\",\"width\":655,\"height\":194,\"caption\":\"Viskas J\u016bs\u0173 \u0161uns, kat\u0117s prie\u017ei\u016brai\"},\"image\":{\"@id\":\"https:\\\/\\\/anivet.lt\\\/elparduotuve\\\/#\\\/schema\\\/logo\\\/image\\\/\"}}]}<\/script>\n<!-- \/ Yoast SEO Premium plugin. -->","yoast_head_json":{"title":"VetExpert 4T Vet. Diet Renal kat\u0117ms esant inkst\u0173 nepakankamumui - anivet.lt","description":"Subalansuotas dietinis pa\u0161aras, skirtas palaikyti ka\u010di\u0173 inkst\u0173 funkcij\u0105 esant laikiniems ar l\u0117tiniams inkst\u0173 sutrikimams. Suma\u017eintas fosforo ir biologi\u0161kai verting\u0173 baltym\u0173 kiekis padeda l\u0117tinti ligos progresavim\u0105 ir u\u017etikrina optimal\u0173 organizmo palaikym\u0105.","robots":{"index":"index","follow":"follow","max-snippet":"max-snippet:-1","max-image-preview":"max-image-preview:large","max-video-preview":"max-video-preview:-1"},"canonical":"https:\/\/anivet.lt\/elparduotuve\/produktas\/vetexpert-4t-vet-diet-renal-katems-esant-inkstu-nepakankamumui\/","og_locale":"lt_LT","og_type":"article","og_title":"VetExpert 4T Vet. Diet Renal kat\u0117ms esant inkst\u0173 nepakankamumui","og_description":"Subalansuotas dietinis pa\u0161aras, skirtas palaikyti ka\u010di\u0173 inkst\u0173 funkcij\u0105 esant laikiniems ar l\u0117tiniams inkst\u0173 sutrikimams. Suma\u017eintas fosforo ir biologi\u0161kai verting\u0173 baltym\u0173 kiekis padeda l\u0117tinti ligos progresavim\u0105 ir u\u017etikrina optimal\u0173 organizmo palaikym\u0105.","og_url":"https:\/\/anivet.lt\/elparduotuve\/produktas\/vetexpert-4t-vet-diet-renal-katems-esant-inkstu-nepakankamumui\/","og_site_name":"anivet.lt","article_modified_time":"2026-03-16T19:12:33+00:00","og_image":[{"width":1000,"height":1234,"url":"https:\/\/anivet.lt\/elparduotuve\/wp-content\/uploads\/2024\/12\/19.-4T-Vet.-diet-Renal-cat-2kg.jpg","type":"image\/jpeg"}],"twitter_card":"summary_large_image","twitter_misc":{"Est. reading time":"1 minut\u0117"},"schema":{"@context":"https:\/\/schema.org","@graph":[{"@type":"WebPage","@id":"https:\/\/anivet.lt\/elparduotuve\/produktas\/vetexpert-4t-vet-diet-renal-katems-esant-inkstu-nepakankamumui\/","url":"https:\/\/anivet.lt\/elparduotuve\/produktas\/vetexpert-4t-vet-diet-renal-katems-esant-inkstu-nepakankamumui\/","name":"VetExpert 4T Vet. Diet Renal kat\u0117ms esant inkst\u0173 nepakankamumui - anivet.lt","isPartOf":{"@id":"https:\/\/anivet.lt\/elparduotuve\/#website"},"primaryImageOfPage":{"@id":"https:\/\/anivet.lt\/elparduotuve\/produktas\/vetexpert-4t-vet-diet-renal-katems-esant-inkstu-nepakankamumui\/#primaryimage"},"image":{"@id":"https:\/\/anivet.lt\/elparduotuve\/produktas\/vetexpert-4t-vet-diet-renal-katems-esant-inkstu-nepakankamumui\/#primaryimage"},"thumbnailUrl":"https:\/\/anivet.lt\/elparduotuve\/wp-content\/uploads\/2024\/12\/19.-4T-Vet.-diet-Renal-cat-2kg.jpg","datePublished":"2024-12-31T09:48:36+00:00","dateModified":"2026-03-16T19:12:33+00:00","description":"Subalansuotas dietinis pa\u0161aras, skirtas palaikyti ka\u010di\u0173 inkst\u0173 funkcij\u0105 esant laikiniems ar l\u0117tiniams inkst\u0173 sutrikimams. Suma\u017eintas fosforo ir biologi\u0161kai verting\u0173 baltym\u0173 kiekis padeda l\u0117tinti ligos progresavim\u0105 ir u\u017etikrina optimal\u0173 organizmo palaikym\u0105.","breadcrumb":{"@id":"https:\/\/anivet.lt\/elparduotuve\/produktas\/vetexpert-4t-vet-diet-renal-katems-esant-inkstu-nepakankamumui\/#breadcrumb"},"inLanguage":"lt-LT","potentialAction":[{"@type":"ReadAction","target":["https:\/\/anivet.lt\/elparduotuve\/produktas\/vetexpert-4t-vet-diet-renal-katems-esant-inkstu-nepakankamumui\/"]}]},{"@type":"ImageObject","inLanguage":"lt-LT","@id":"https:\/\/anivet.lt\/elparduotuve\/produktas\/vetexpert-4t-vet-diet-renal-katems-esant-inkstu-nepakankamumui\/#primaryimage","url":"https:\/\/anivet.lt\/elparduotuve\/wp-content\/uploads\/2024\/12\/19.-4T-Vet.-diet-Renal-cat-2kg.jpg","contentUrl":"https:\/\/anivet.lt\/elparduotuve\/wp-content\/uploads\/2024\/12\/19.-4T-Vet.-diet-Renal-cat-2kg.jpg","width":1000,"height":1234,"caption":"VetExpert 4T Vet. Diet Renal kat\u0117ms esant inkst\u0173 nepakankamumui"},{"@type":"BreadcrumbList","@id":"https:\/\/anivet.lt\/elparduotuve\/produktas\/vetexpert-4t-vet-diet-renal-katems-esant-inkstu-nepakankamumui\/#breadcrumb","itemListElement":[{"@type":"ListItem","position":1,"name":"Home","item":"https:\/\/anivet.lt\/elparduotuve\/"},{"@type":"ListItem","position":2,"name":"Produktai","item":"https:\/\/anivet.lt\/elparduotuve\/produktai\/"},{"@type":"ListItem","position":3,"name":"VetExpert 4T Vet. Diet Renal kat\u0117ms esant inkst\u0173 nepakankamumui"}]},{"@type":"WebSite","@id":"https:\/\/anivet.lt\/elparduotuve\/#website","url":"https:\/\/anivet.lt\/elparduotuve\/","name":"anivet.lt","description":"Viskas J\u016bs\u0173 \u0161uns, kat\u0117s prie\u017ei\u016brai","publisher":{"@id":"https:\/\/anivet.lt\/elparduotuve\/#organization"},"alternateName":"Viskas J\u016bs\u0173 \u0161uns, kat\u0117s prie\u017ei\u016brai","potentialAction":[{"@type":"SearchAction","target":{"@type":"EntryPoint","urlTemplate":"https:\/\/anivet.lt\/elparduotuve\/?s={search_term_string}"},"query-input":{"@type":"PropertyValueSpecification","valueRequired":true,"valueName":"search_term_string"}}],"inLanguage":"lt-LT"},{"@type":"Organization","@id":"https:\/\/anivet.lt\/elparduotuve\/#organization","name":"Viskas J\u016bs\u0173 \u0161uns, kat\u0117s prie\u017ei\u016brai","url":"https:\/\/anivet.lt\/elparduotuve\/","logo":{"@type":"ImageObject","inLanguage":"lt-LT","@id":"https:\/\/anivet.lt\/elparduotuve\/#\/schema\/logo\/image\/","url":"https:\/\/anivet.lt\/elparduotuve\/wp-content\/uploads\/2023\/06\/logo2.jpg","contentUrl":"https:\/\/anivet.lt\/elparduotuve\/wp-content\/uploads\/2023\/06\/logo2.jpg","width":655,"height":194,"caption":"Viskas J\u016bs\u0173 \u0161uns, kat\u0117s prie\u017ei\u016brai"},"image":{"@id":"https:\/\/anivet.lt\/elparduotuve\/#\/schema\/logo\/image\/"}}]}},"_links":{"self":[{"href":"https:\/\/anivet.lt\/elparduotuve\/wp-json\/wp\/v2\/product\/15826","targetHints":{"allow":["GET"]}}],"collection":[{"href":"https:\/\/anivet.lt\/elparduotuve\/wp-json\/wp\/v2\/product"}],"about":[{"href":"https:\/\/anivet.lt\/elparduotuve\/wp-json\/wp\/v2\/types\/product"}],"wp:featuredmedia":[{"embeddable":true,"href":"https:\/\/anivet.lt\/elparduotuve\/wp-json\/wp\/v2\/media\/15829"}],"wp:attachment":[{"href":"https:\/\/anivet.lt\/elparduotuve\/wp-json\/wp\/v2\/media?parent=15826"}],"wp:term":[{"taxonomy":"product_brand","embeddable":true,"href":"https:\/\/anivet.lt\/elparduotuve\/wp-json\/wp\/v2\/product_brand?post=15826"},{"taxonomy":"product_cat","embeddable":true,"href":"https:\/\/anivet.lt\/elparduotuve\/wp-json\/wp\/v2\/product_cat?post=15826"},{"taxonomy":"product_tag","embeddable":true,"href":"https:\/\/anivet.lt\/elparduotuve\/wp-json\/wp\/v2\/product_tag?post=15826"}],"curies":[{"name":"wp","href":"https:\/\/api.w.org\/{rel}","templated":true}]}}