{"id":15838,"date":"2024-12-31T10:12:48","date_gmt":"2024-12-31T10:12:48","guid":{"rendered":"https:\/\/anivet.lt\/elparduotuve\/?post_type=product&#038;p=15838"},"modified":"2026-05-02T10:15:16","modified_gmt":"2026-05-02T10:15:16","slug":"vetexpert-4t-vet-diet-intestinal-katems-esant-jautriam-virskinimui-2kg","status":"publish","type":"product","link":"https:\/\/anivet.lt\/elparduotuve\/produktas\/vetexpert-4t-vet-diet-intestinal-katems-esant-jautriam-virskinimui-2kg\/","title":{"rendered":"VetExpert 4T Vet. Diet Intestinal kat\u0117ms esant jautriam vir\u0161kinimui 2kg"},"content":{"rendered":"<p><span style=\"font-weight: 400;\">Visavertis ir subalansuotas dietinis pa\u0161aras, skirtas kat\u0117ms, turin\u010dioms vir\u0161kinimo ir maistini\u0173 med\u017eiag\u0173 absorbcijos sutrikim\u0173. Lengvai vir\u0161kinama formul\u0117 su padidintu elektrolit\u0173 kiekiu ir suma\u017eintu riebal\u0173 kiekiu padeda palaikyti \u017earnyno veikl\u0105 ir ger\u0105 savijaut\u0105.<\/span><\/p>\n<ul>\n<li style=\"font-weight: 400;\" aria-level=\"1\"><span style=\"font-weight: 400;\">Lengvai vir\u0161kinami baltymai: Hidrolizuoti pauk\u0161tienos baltymai u\u017etikrina ger\u0105 \u012fsisavinim\u0105 ir ma\u017eina vir\u0161kinimo apkrov\u0105.<\/span><\/li>\n<li style=\"font-weight: 400;\" aria-level=\"1\"><span style=\"font-weight: 400;\">Padidintas elektrolit\u0173 kiekis: Papildo organizm\u0105 svarbiais mineralais, reikalingais esant vir\u0161kinimo sutrikimams.<\/span><\/li>\n<li style=\"font-weight: 400;\" aria-level=\"1\"><span style=\"font-weight: 400;\">Ma\u017eas riebal\u0173 kiekis: Lengvina vir\u0161kinimo sistemos darb\u0105, ma\u017eindamas riebal\u0173 apkrov\u0105.<\/span><\/li>\n<li style=\"font-weight: 400;\" aria-level=\"1\"><span style=\"font-weight: 400;\">Vir\u0161kinimo palaikymas: Psyllium s\u0117klos, inulinas (FOS) ir MOS gerina \u017earnyno mikrofloros balans\u0105 ir palaiko vir\u0161kinimo trakto sveikat\u0105.<\/span><\/li>\n<li style=\"font-weight: 400;\" aria-level=\"1\"><span style=\"font-weight: 400;\">Papildyti vitaminai ir taurinas: Vitaminai A, D3, E, C ir taurinas stiprina imunin\u0119 sistem\u0105, reg\u0117jim\u0105 ir \u0161irdies funkcij\u0105.<\/span><\/li>\n<\/ul>\n<p><span style=\"font-weight: 400;\">Idealus sprendimas kat\u0117ms, turin\u010dioms jautri\u0105 vir\u0161kinimo sistem\u0105 ar absorbcijos sutrikim\u0173. Subalansuota ir lengvai vir\u0161kinama sud\u0117tis u\u017etikrina j\u016bs\u0173 augintinio gerov\u0119 ir energij\u0105 kasdien.<\/span><\/p>\n","protected":false},"excerpt":{"rendered":"<p>Visavertis ir subalansuotas dietinis pa\u0161aras, skirtas kat\u0117ms, turin\u010dioms vir\u0161kinimo ir maistini\u0173 med\u017eiag\u0173 absorbcijos sutrikim\u0173. Lengvai vir\u0161kinama formul\u0117 su padidintu elektrolit\u0173<\/p>\n","protected":false},"featured_media":15840,"template":"","meta":[],"product_brand":[],"product_cat":[114,102,118,563],"product_tag":[],"class_list":{"0":"post-15838","1":"product","2":"type-product","3":"status-publish","4":"has-post-thumbnail","6":"product_cat-kaciu-maistas","7":"product_cat-katems","8":"product_cat-veterinarinis-maistas-katems","9":"product_cat-vet-expert-kaciu-maistas","10":"pa_prekinis-zenklas-vetexpert","12":"first","13":"instock","14":"sale","15":"taxable","16":"shipping-taxable","17":"purchasable","18":"product-type-simple"},"yoast_head":"<!-- This site is optimized with the Yoast SEO Premium plugin v27.1 (Yoast SEO v27.5) - https:\/\/yoast.com\/product\/yoast-seo-premium-wordpress\/ -->\n<title>VetExpert 4T Vet. Diet Intestinal kat\u0117ms esant jautriam vir\u0161kinimui 2kg - anivet.lt<\/title>\n<meta name=\"description\" content=\"Visavertis ir subalansuotas dietinis pa\u0161aras, skirtas kat\u0117ms, turin\u010dioms vir\u0161kinimo ir maistini\u0173 med\u017eiag\u0173 absorbcijos sutrikim\u0173. Lengvai vir\u0161kinama\" \/>\n<meta name=\"robots\" content=\"index, follow, max-snippet:-1, max-image-preview:large, max-video-preview:-1\" \/>\n<link rel=\"canonical\" href=\"https:\/\/anivet.lt\/elparduotuve\/produktas\/vetexpert-4t-vet-diet-intestinal-katems-esant-jautriam-virskinimui-2kg\/\" \/>\n<meta property=\"og:locale\" content=\"lt_LT\" \/>\n<meta property=\"og:type\" content=\"article\" \/>\n<meta property=\"og:title\" content=\"VetExpert 4T Vet. Diet Intestinal kat\u0117ms esant jautriam vir\u0161kinimui 2kg\" \/>\n<meta property=\"og:description\" content=\"Visavertis ir subalansuotas dietinis pa\u0161aras, skirtas kat\u0117ms, turin\u010dioms vir\u0161kinimo ir maistini\u0173 med\u017eiag\u0173 absorbcijos sutrikim\u0173. Lengvai vir\u0161kinama\" \/>\n<meta property=\"og:url\" content=\"https:\/\/anivet.lt\/elparduotuve\/produktas\/vetexpert-4t-vet-diet-intestinal-katems-esant-jautriam-virskinimui-2kg\/\" \/>\n<meta property=\"og:site_name\" content=\"anivet.lt\" \/>\n<meta property=\"article:modified_time\" content=\"2026-05-02T10:15:16+00:00\" \/>\n<meta property=\"og:image\" content=\"https:\/\/anivet.lt\/elparduotuve\/wp-content\/uploads\/2024\/12\/22.-4T-Vet.-diet-Intestinal-cat-2kg-1.jpg\" \/>\n\t<meta property=\"og:image:width\" content=\"1000\" \/>\n\t<meta property=\"og:image:height\" content=\"1234\" \/>\n\t<meta property=\"og:image:type\" content=\"image\/jpeg\" \/>\n<meta name=\"twitter:card\" content=\"summary_large_image\" \/>\n<meta name=\"twitter:label1\" content=\"Est. reading time\" \/>\n\t<meta name=\"twitter:data1\" content=\"1 minut\u0117\" \/>\n<script type=\"application\/ld+json\" class=\"yoast-schema-graph\">{\"@context\":\"https:\\\/\\\/schema.org\",\"@graph\":[{\"@type\":\"WebPage\",\"@id\":\"https:\\\/\\\/anivet.lt\\\/elparduotuve\\\/produktas\\\/vetexpert-4t-vet-diet-intestinal-katems-esant-jautriam-virskinimui-2kg\\\/\",\"url\":\"https:\\\/\\\/anivet.lt\\\/elparduotuve\\\/produktas\\\/vetexpert-4t-vet-diet-intestinal-katems-esant-jautriam-virskinimui-2kg\\\/\",\"name\":\"VetExpert 4T Vet. Diet Intestinal kat\u0117ms esant jautriam vir\u0161kinimui 2kg - anivet.lt\",\"isPartOf\":{\"@id\":\"https:\\\/\\\/anivet.lt\\\/elparduotuve\\\/#website\"},\"primaryImageOfPage\":{\"@id\":\"https:\\\/\\\/anivet.lt\\\/elparduotuve\\\/produktas\\\/vetexpert-4t-vet-diet-intestinal-katems-esant-jautriam-virskinimui-2kg\\\/#primaryimage\"},\"image\":{\"@id\":\"https:\\\/\\\/anivet.lt\\\/elparduotuve\\\/produktas\\\/vetexpert-4t-vet-diet-intestinal-katems-esant-jautriam-virskinimui-2kg\\\/#primaryimage\"},\"thumbnailUrl\":\"https:\\\/\\\/anivet.lt\\\/elparduotuve\\\/wp-content\\\/uploads\\\/2024\\\/12\\\/22.-4T-Vet.-diet-Intestinal-cat-2kg-1.jpg\",\"datePublished\":\"2024-12-31T10:12:48+00:00\",\"dateModified\":\"2026-05-02T10:15:16+00:00\",\"description\":\"Visavertis ir subalansuotas dietinis pa\u0161aras, skirtas kat\u0117ms, turin\u010dioms vir\u0161kinimo ir maistini\u0173 med\u017eiag\u0173 absorbcijos sutrikim\u0173. Lengvai vir\u0161kinama\",\"breadcrumb\":{\"@id\":\"https:\\\/\\\/anivet.lt\\\/elparduotuve\\\/produktas\\\/vetexpert-4t-vet-diet-intestinal-katems-esant-jautriam-virskinimui-2kg\\\/#breadcrumb\"},\"inLanguage\":\"lt-LT\",\"potentialAction\":[{\"@type\":\"ReadAction\",\"target\":[\"https:\\\/\\\/anivet.lt\\\/elparduotuve\\\/produktas\\\/vetexpert-4t-vet-diet-intestinal-katems-esant-jautriam-virskinimui-2kg\\\/\"]}]},{\"@type\":\"ImageObject\",\"inLanguage\":\"lt-LT\",\"@id\":\"https:\\\/\\\/anivet.lt\\\/elparduotuve\\\/produktas\\\/vetexpert-4t-vet-diet-intestinal-katems-esant-jautriam-virskinimui-2kg\\\/#primaryimage\",\"url\":\"https:\\\/\\\/anivet.lt\\\/elparduotuve\\\/wp-content\\\/uploads\\\/2024\\\/12\\\/22.-4T-Vet.-diet-Intestinal-cat-2kg-1.jpg\",\"contentUrl\":\"https:\\\/\\\/anivet.lt\\\/elparduotuve\\\/wp-content\\\/uploads\\\/2024\\\/12\\\/22.-4T-Vet.-diet-Intestinal-cat-2kg-1.jpg\",\"width\":1000,\"height\":1234,\"caption\":\"VetExpert 4T Vet. Diet Intestinal kat\u0117ms esant jautriam vir\u0161kinimui 2kg\"},{\"@type\":\"BreadcrumbList\",\"@id\":\"https:\\\/\\\/anivet.lt\\\/elparduotuve\\\/produktas\\\/vetexpert-4t-vet-diet-intestinal-katems-esant-jautriam-virskinimui-2kg\\\/#breadcrumb\",\"itemListElement\":[{\"@type\":\"ListItem\",\"position\":1,\"name\":\"Home\",\"item\":\"https:\\\/\\\/anivet.lt\\\/elparduotuve\\\/\"},{\"@type\":\"ListItem\",\"position\":2,\"name\":\"Produktai\",\"item\":\"https:\\\/\\\/anivet.lt\\\/elparduotuve\\\/produktai\\\/\"},{\"@type\":\"ListItem\",\"position\":3,\"name\":\"VetExpert 4T Vet. Diet Intestinal kat\u0117ms esant jautriam vir\u0161kinimui 2kg\"}]},{\"@type\":\"WebSite\",\"@id\":\"https:\\\/\\\/anivet.lt\\\/elparduotuve\\\/#website\",\"url\":\"https:\\\/\\\/anivet.lt\\\/elparduotuve\\\/\",\"name\":\"anivet.lt\",\"description\":\"Viskas J\u016bs\u0173 \u0161uns, kat\u0117s prie\u017ei\u016brai\",\"publisher\":{\"@id\":\"https:\\\/\\\/anivet.lt\\\/elparduotuve\\\/#organization\"},\"alternateName\":\"Viskas J\u016bs\u0173 \u0161uns, kat\u0117s prie\u017ei\u016brai\",\"potentialAction\":[{\"@type\":\"SearchAction\",\"target\":{\"@type\":\"EntryPoint\",\"urlTemplate\":\"https:\\\/\\\/anivet.lt\\\/elparduotuve\\\/?s={search_term_string}\"},\"query-input\":{\"@type\":\"PropertyValueSpecification\",\"valueRequired\":true,\"valueName\":\"search_term_string\"}}],\"inLanguage\":\"lt-LT\"},{\"@type\":\"Organization\",\"@id\":\"https:\\\/\\\/anivet.lt\\\/elparduotuve\\\/#organization\",\"name\":\"Viskas J\u016bs\u0173 \u0161uns, kat\u0117s prie\u017ei\u016brai\",\"url\":\"https:\\\/\\\/anivet.lt\\\/elparduotuve\\\/\",\"logo\":{\"@type\":\"ImageObject\",\"inLanguage\":\"lt-LT\",\"@id\":\"https:\\\/\\\/anivet.lt\\\/elparduotuve\\\/#\\\/schema\\\/logo\\\/image\\\/\",\"url\":\"https:\\\/\\\/anivet.lt\\\/elparduotuve\\\/wp-content\\\/uploads\\\/2023\\\/06\\\/logo2.jpg\",\"contentUrl\":\"https:\\\/\\\/anivet.lt\\\/elparduotuve\\\/wp-content\\\/uploads\\\/2023\\\/06\\\/logo2.jpg\",\"width\":655,\"height\":194,\"caption\":\"Viskas J\u016bs\u0173 \u0161uns, kat\u0117s prie\u017ei\u016brai\"},\"image\":{\"@id\":\"https:\\\/\\\/anivet.lt\\\/elparduotuve\\\/#\\\/schema\\\/logo\\\/image\\\/\"}}]}<\/script>\n<!-- \/ Yoast SEO Premium plugin. -->","yoast_head_json":{"title":"VetExpert 4T Vet. Diet Intestinal kat\u0117ms esant jautriam vir\u0161kinimui 2kg - anivet.lt","description":"Visavertis ir subalansuotas dietinis pa\u0161aras, skirtas kat\u0117ms, turin\u010dioms vir\u0161kinimo ir maistini\u0173 med\u017eiag\u0173 absorbcijos sutrikim\u0173. Lengvai vir\u0161kinama","robots":{"index":"index","follow":"follow","max-snippet":"max-snippet:-1","max-image-preview":"max-image-preview:large","max-video-preview":"max-video-preview:-1"},"canonical":"https:\/\/anivet.lt\/elparduotuve\/produktas\/vetexpert-4t-vet-diet-intestinal-katems-esant-jautriam-virskinimui-2kg\/","og_locale":"lt_LT","og_type":"article","og_title":"VetExpert 4T Vet. Diet Intestinal kat\u0117ms esant jautriam vir\u0161kinimui 2kg","og_description":"Visavertis ir subalansuotas dietinis pa\u0161aras, skirtas kat\u0117ms, turin\u010dioms vir\u0161kinimo ir maistini\u0173 med\u017eiag\u0173 absorbcijos sutrikim\u0173. Lengvai vir\u0161kinama","og_url":"https:\/\/anivet.lt\/elparduotuve\/produktas\/vetexpert-4t-vet-diet-intestinal-katems-esant-jautriam-virskinimui-2kg\/","og_site_name":"anivet.lt","article_modified_time":"2026-05-02T10:15:16+00:00","og_image":[{"width":1000,"height":1234,"url":"https:\/\/anivet.lt\/elparduotuve\/wp-content\/uploads\/2024\/12\/22.-4T-Vet.-diet-Intestinal-cat-2kg-1.jpg","type":"image\/jpeg"}],"twitter_card":"summary_large_image","twitter_misc":{"Est. reading time":"1 minut\u0117"},"schema":{"@context":"https:\/\/schema.org","@graph":[{"@type":"WebPage","@id":"https:\/\/anivet.lt\/elparduotuve\/produktas\/vetexpert-4t-vet-diet-intestinal-katems-esant-jautriam-virskinimui-2kg\/","url":"https:\/\/anivet.lt\/elparduotuve\/produktas\/vetexpert-4t-vet-diet-intestinal-katems-esant-jautriam-virskinimui-2kg\/","name":"VetExpert 4T Vet. Diet Intestinal kat\u0117ms esant jautriam vir\u0161kinimui 2kg - anivet.lt","isPartOf":{"@id":"https:\/\/anivet.lt\/elparduotuve\/#website"},"primaryImageOfPage":{"@id":"https:\/\/anivet.lt\/elparduotuve\/produktas\/vetexpert-4t-vet-diet-intestinal-katems-esant-jautriam-virskinimui-2kg\/#primaryimage"},"image":{"@id":"https:\/\/anivet.lt\/elparduotuve\/produktas\/vetexpert-4t-vet-diet-intestinal-katems-esant-jautriam-virskinimui-2kg\/#primaryimage"},"thumbnailUrl":"https:\/\/anivet.lt\/elparduotuve\/wp-content\/uploads\/2024\/12\/22.-4T-Vet.-diet-Intestinal-cat-2kg-1.jpg","datePublished":"2024-12-31T10:12:48+00:00","dateModified":"2026-05-02T10:15:16+00:00","description":"Visavertis ir subalansuotas dietinis pa\u0161aras, skirtas kat\u0117ms, turin\u010dioms vir\u0161kinimo ir maistini\u0173 med\u017eiag\u0173 absorbcijos sutrikim\u0173. Lengvai vir\u0161kinama","breadcrumb":{"@id":"https:\/\/anivet.lt\/elparduotuve\/produktas\/vetexpert-4t-vet-diet-intestinal-katems-esant-jautriam-virskinimui-2kg\/#breadcrumb"},"inLanguage":"lt-LT","potentialAction":[{"@type":"ReadAction","target":["https:\/\/anivet.lt\/elparduotuve\/produktas\/vetexpert-4t-vet-diet-intestinal-katems-esant-jautriam-virskinimui-2kg\/"]}]},{"@type":"ImageObject","inLanguage":"lt-LT","@id":"https:\/\/anivet.lt\/elparduotuve\/produktas\/vetexpert-4t-vet-diet-intestinal-katems-esant-jautriam-virskinimui-2kg\/#primaryimage","url":"https:\/\/anivet.lt\/elparduotuve\/wp-content\/uploads\/2024\/12\/22.-4T-Vet.-diet-Intestinal-cat-2kg-1.jpg","contentUrl":"https:\/\/anivet.lt\/elparduotuve\/wp-content\/uploads\/2024\/12\/22.-4T-Vet.-diet-Intestinal-cat-2kg-1.jpg","width":1000,"height":1234,"caption":"VetExpert 4T Vet. Diet Intestinal kat\u0117ms esant jautriam vir\u0161kinimui 2kg"},{"@type":"BreadcrumbList","@id":"https:\/\/anivet.lt\/elparduotuve\/produktas\/vetexpert-4t-vet-diet-intestinal-katems-esant-jautriam-virskinimui-2kg\/#breadcrumb","itemListElement":[{"@type":"ListItem","position":1,"name":"Home","item":"https:\/\/anivet.lt\/elparduotuve\/"},{"@type":"ListItem","position":2,"name":"Produktai","item":"https:\/\/anivet.lt\/elparduotuve\/produktai\/"},{"@type":"ListItem","position":3,"name":"VetExpert 4T Vet. Diet Intestinal kat\u0117ms esant jautriam vir\u0161kinimui 2kg"}]},{"@type":"WebSite","@id":"https:\/\/anivet.lt\/elparduotuve\/#website","url":"https:\/\/anivet.lt\/elparduotuve\/","name":"anivet.lt","description":"Viskas J\u016bs\u0173 \u0161uns, kat\u0117s prie\u017ei\u016brai","publisher":{"@id":"https:\/\/anivet.lt\/elparduotuve\/#organization"},"alternateName":"Viskas J\u016bs\u0173 \u0161uns, kat\u0117s prie\u017ei\u016brai","potentialAction":[{"@type":"SearchAction","target":{"@type":"EntryPoint","urlTemplate":"https:\/\/anivet.lt\/elparduotuve\/?s={search_term_string}"},"query-input":{"@type":"PropertyValueSpecification","valueRequired":true,"valueName":"search_term_string"}}],"inLanguage":"lt-LT"},{"@type":"Organization","@id":"https:\/\/anivet.lt\/elparduotuve\/#organization","name":"Viskas J\u016bs\u0173 \u0161uns, kat\u0117s prie\u017ei\u016brai","url":"https:\/\/anivet.lt\/elparduotuve\/","logo":{"@type":"ImageObject","inLanguage":"lt-LT","@id":"https:\/\/anivet.lt\/elparduotuve\/#\/schema\/logo\/image\/","url":"https:\/\/anivet.lt\/elparduotuve\/wp-content\/uploads\/2023\/06\/logo2.jpg","contentUrl":"https:\/\/anivet.lt\/elparduotuve\/wp-content\/uploads\/2023\/06\/logo2.jpg","width":655,"height":194,"caption":"Viskas J\u016bs\u0173 \u0161uns, kat\u0117s prie\u017ei\u016brai"},"image":{"@id":"https:\/\/anivet.lt\/elparduotuve\/#\/schema\/logo\/image\/"}}]}},"_links":{"self":[{"href":"https:\/\/anivet.lt\/elparduotuve\/wp-json\/wp\/v2\/product\/15838","targetHints":{"allow":["GET"]}}],"collection":[{"href":"https:\/\/anivet.lt\/elparduotuve\/wp-json\/wp\/v2\/product"}],"about":[{"href":"https:\/\/anivet.lt\/elparduotuve\/wp-json\/wp\/v2\/types\/product"}],"wp:featuredmedia":[{"embeddable":true,"href":"https:\/\/anivet.lt\/elparduotuve\/wp-json\/wp\/v2\/media\/15840"}],"wp:attachment":[{"href":"https:\/\/anivet.lt\/elparduotuve\/wp-json\/wp\/v2\/media?parent=15838"}],"wp:term":[{"taxonomy":"product_brand","embeddable":true,"href":"https:\/\/anivet.lt\/elparduotuve\/wp-json\/wp\/v2\/product_brand?post=15838"},{"taxonomy":"product_cat","embeddable":true,"href":"https:\/\/anivet.lt\/elparduotuve\/wp-json\/wp\/v2\/product_cat?post=15838"},{"taxonomy":"product_tag","embeddable":true,"href":"https:\/\/anivet.lt\/elparduotuve\/wp-json\/wp\/v2\/product_tag?post=15838"}],"curies":[{"name":"wp","href":"https:\/\/api.w.org\/{rel}","templated":true}]}}