{"id":15842,"date":"2024-12-31T10:20:40","date_gmt":"2024-12-31T10:20:40","guid":{"rendered":"https:\/\/anivet.lt\/elparduotuve\/?post_type=product&#038;p=15842"},"modified":"2026-01-29T15:58:27","modified_gmt":"2026-01-29T15:58:27","slug":"vetexpert-4t-vet-diet-urinary-katems-turint-slapimo-taku-problemu","status":"publish","type":"product","link":"https:\/\/anivet.lt\/elparduotuve\/produktas\/vetexpert-4t-vet-diet-urinary-katems-turint-slapimo-taku-problemu\/","title":{"rendered":"VetExpert 4T Vet. Diet Urinary kat\u0117ms turint \u0161lapimo tak\u0173 problem\u0173"},"content":{"rendered":"<ul>\n<li><span style=\"font-weight: 400;\">\u0160lapimo r\u016bg\u0161tinimas: \u0160lapim\u0105 r\u016bg\u0161tinan\u010dios savyb\u0117s padeda tirpdyti struvitinius akmenis ir u\u017ekerta keli\u0105 j\u0173 formavimuisi.<\/span><\/li>\n<li style=\"font-weight: 400;\" aria-level=\"1\"><span style=\"font-weight: 400;\">Auk\u0161tos kokyb\u0117s baltymai: Dehidratuoti pauk\u0161tienos baltymai u\u017etikrina ger\u0105 \u012fsisavinim\u0105 ir lengv\u0105 vir\u0161kinim\u0105.<\/span><\/li>\n<li style=\"font-weight: 400;\" aria-level=\"1\"><span style=\"font-weight: 400;\">Spanguoli\u0173 nauda: Padeda palaikyti sveikus \u0161lapimo takus ir suma\u017einti bakterini\u0173 infekcij\u0173 rizik\u0105.<\/span><\/li>\n<li style=\"font-weight: 400;\" aria-level=\"1\"><span style=\"font-weight: 400;\">Praturtintas MSM, gliukozaminu ir chondroitinu: Palaiko s\u0105nari\u0173 sveikat\u0105 ir bendr\u0105 organizmo atsparum\u0105.<\/span><\/li>\n<li style=\"font-weight: 400;\" aria-level=\"1\"><span style=\"font-weight: 400;\">Vir\u0161kinimo palaikymas: FOS, MOS ir obuoli\u0173 i\u0161spaudos skatina sveik\u0105 \u017earnyno mikroflor\u0105 ir pagerina vir\u0161kinimo procesus.<\/span><\/li>\n<\/ul>\n<p><span style=\"font-weight: 400;\">Puikus pasirinkimas kat\u0117ms, kurioms reikia specialios prie\u017ei\u016bros d\u0117l \u0161lapimo tak\u0173 sveikatos. Subalansuota ir moksli\u0161kai pagr\u012fsta formul\u0117 padeda palaikyti \u0161lapimo tak\u0173 funkcij\u0105 ir gerina bendr\u0105 kat\u0117s savijaut\u0105.<\/span><\/p>\n","protected":false},"excerpt":{"rendered":"<p><span style=\"font-weight: 400;\">Visavertis dietinis pa\u0161aras, sukurtas pad\u0117ti tirpdyti struvitinius akmenis ir apsaugoti nuo j\u0173 atsinaujinimo. Skirtas kat\u0117ms, sergan\u010dioms apatini\u0173 \u0161lapimo tak\u0173 liga (FLUTD), \u0161is pa\u0161aras palaiko \u0161lapimo tak\u0173 sveikat\u0105 ir \u0161lapimo pH balans\u0105.<\/span><\/p>\n","protected":false},"featured_media":15843,"template":"","meta":[],"product_brand":[],"product_cat":[114,102,118,563],"product_tag":[],"class_list":{"0":"post-15842","1":"product","2":"type-product","3":"status-publish","4":"has-post-thumbnail","6":"product_cat-kaciu-maistas","7":"product_cat-katems","8":"product_cat-veterinarinis-maistas-katems","9":"product_cat-vet-expert-kaciu-maistas","10":"pa_prekinis-zenklas-vetexpert","12":"first","13":"instock","14":"taxable","15":"shipping-taxable","16":"purchasable","17":"product-type-variable"},"yoast_head":"<!-- This site is optimized with the Yoast SEO Premium plugin v27.1 (Yoast SEO v27.5) - https:\/\/yoast.com\/product\/yoast-seo-premium-wordpress\/ -->\n<title>VetExpert 4T Vet. Diet Urinary kat\u0117ms turint \u0161lapimo tak\u0173 problem\u0173 - anivet.lt<\/title>\n<meta name=\"description\" content=\"Visavertis dietinis pa\u0161aras, sukurtas pad\u0117ti tirpdyti struvitinius akmenis ir apsaugoti nuo j\u0173 atsinaujinimo. Skirtas kat\u0117ms, sergan\u010dioms apatini\u0173 \u0161lapimo tak\u0173 liga (FLUTD), \u0161is pa\u0161aras palaiko \u0161lapimo tak\u0173 sveikat\u0105 ir \u0161lapimo pH balans\u0105.\" \/>\n<meta name=\"robots\" content=\"index, follow, max-snippet:-1, max-image-preview:large, max-video-preview:-1\" \/>\n<link rel=\"canonical\" href=\"https:\/\/anivet.lt\/elparduotuve\/produktas\/vetexpert-4t-vet-diet-urinary-katems-turint-slapimo-taku-problemu\/\" \/>\n<meta property=\"og:locale\" content=\"lt_LT\" \/>\n<meta property=\"og:type\" content=\"article\" \/>\n<meta property=\"og:title\" content=\"VetExpert 4T Vet. Diet Urinary kat\u0117ms turint \u0161lapimo tak\u0173 problem\u0173\" \/>\n<meta property=\"og:description\" content=\"Visavertis dietinis pa\u0161aras, sukurtas pad\u0117ti tirpdyti struvitinius akmenis ir apsaugoti nuo j\u0173 atsinaujinimo. Skirtas kat\u0117ms, sergan\u010dioms apatini\u0173 \u0161lapimo tak\u0173 liga (FLUTD), \u0161is pa\u0161aras palaiko \u0161lapimo tak\u0173 sveikat\u0105 ir \u0161lapimo pH balans\u0105.\" \/>\n<meta property=\"og:url\" content=\"https:\/\/anivet.lt\/elparduotuve\/produktas\/vetexpert-4t-vet-diet-urinary-katems-turint-slapimo-taku-problemu\/\" \/>\n<meta property=\"og:site_name\" content=\"anivet.lt\" \/>\n<meta property=\"article:modified_time\" content=\"2026-01-29T15:58:27+00:00\" \/>\n<meta property=\"og:image\" content=\"https:\/\/anivet.lt\/elparduotuve\/wp-content\/uploads\/2024\/12\/23.-4T-Vet.-diet-Urinary-cat-2kg.jpg\" \/>\n\t<meta property=\"og:image:width\" content=\"1000\" \/>\n\t<meta property=\"og:image:height\" content=\"1234\" \/>\n\t<meta property=\"og:image:type\" content=\"image\/jpeg\" \/>\n<meta name=\"twitter:card\" content=\"summary_large_image\" \/>\n<meta name=\"twitter:label1\" content=\"Est. reading time\" \/>\n\t<meta name=\"twitter:data1\" content=\"1 minut\u0117\" \/>\n<script type=\"application\/ld+json\" class=\"yoast-schema-graph\">{\"@context\":\"https:\\\/\\\/schema.org\",\"@graph\":[{\"@type\":\"WebPage\",\"@id\":\"https:\\\/\\\/anivet.lt\\\/elparduotuve\\\/produktas\\\/vetexpert-4t-vet-diet-urinary-katems-turint-slapimo-taku-problemu\\\/\",\"url\":\"https:\\\/\\\/anivet.lt\\\/elparduotuve\\\/produktas\\\/vetexpert-4t-vet-diet-urinary-katems-turint-slapimo-taku-problemu\\\/\",\"name\":\"VetExpert 4T Vet. Diet Urinary kat\u0117ms turint \u0161lapimo tak\u0173 problem\u0173 - anivet.lt\",\"isPartOf\":{\"@id\":\"https:\\\/\\\/anivet.lt\\\/elparduotuve\\\/#website\"},\"primaryImageOfPage\":{\"@id\":\"https:\\\/\\\/anivet.lt\\\/elparduotuve\\\/produktas\\\/vetexpert-4t-vet-diet-urinary-katems-turint-slapimo-taku-problemu\\\/#primaryimage\"},\"image\":{\"@id\":\"https:\\\/\\\/anivet.lt\\\/elparduotuve\\\/produktas\\\/vetexpert-4t-vet-diet-urinary-katems-turint-slapimo-taku-problemu\\\/#primaryimage\"},\"thumbnailUrl\":\"https:\\\/\\\/anivet.lt\\\/elparduotuve\\\/wp-content\\\/uploads\\\/2024\\\/12\\\/23.-4T-Vet.-diet-Urinary-cat-2kg.jpg\",\"datePublished\":\"2024-12-31T10:20:40+00:00\",\"dateModified\":\"2026-01-29T15:58:27+00:00\",\"description\":\"Visavertis dietinis pa\u0161aras, sukurtas pad\u0117ti tirpdyti struvitinius akmenis ir apsaugoti nuo j\u0173 atsinaujinimo. Skirtas kat\u0117ms, sergan\u010dioms apatini\u0173 \u0161lapimo tak\u0173 liga (FLUTD), \u0161is pa\u0161aras palaiko \u0161lapimo tak\u0173 sveikat\u0105 ir \u0161lapimo pH balans\u0105.\",\"breadcrumb\":{\"@id\":\"https:\\\/\\\/anivet.lt\\\/elparduotuve\\\/produktas\\\/vetexpert-4t-vet-diet-urinary-katems-turint-slapimo-taku-problemu\\\/#breadcrumb\"},\"inLanguage\":\"lt-LT\",\"potentialAction\":[{\"@type\":\"ReadAction\",\"target\":[\"https:\\\/\\\/anivet.lt\\\/elparduotuve\\\/produktas\\\/vetexpert-4t-vet-diet-urinary-katems-turint-slapimo-taku-problemu\\\/\"]}]},{\"@type\":\"ImageObject\",\"inLanguage\":\"lt-LT\",\"@id\":\"https:\\\/\\\/anivet.lt\\\/elparduotuve\\\/produktas\\\/vetexpert-4t-vet-diet-urinary-katems-turint-slapimo-taku-problemu\\\/#primaryimage\",\"url\":\"https:\\\/\\\/anivet.lt\\\/elparduotuve\\\/wp-content\\\/uploads\\\/2024\\\/12\\\/23.-4T-Vet.-diet-Urinary-cat-2kg.jpg\",\"contentUrl\":\"https:\\\/\\\/anivet.lt\\\/elparduotuve\\\/wp-content\\\/uploads\\\/2024\\\/12\\\/23.-4T-Vet.-diet-Urinary-cat-2kg.jpg\",\"width\":1000,\"height\":1234,\"caption\":\"VetExpert 4T Vet. Diet Urinary kat\u0117ms turint \u0161lapimo tak\u0173 problem\u0173\"},{\"@type\":\"BreadcrumbList\",\"@id\":\"https:\\\/\\\/anivet.lt\\\/elparduotuve\\\/produktas\\\/vetexpert-4t-vet-diet-urinary-katems-turint-slapimo-taku-problemu\\\/#breadcrumb\",\"itemListElement\":[{\"@type\":\"ListItem\",\"position\":1,\"name\":\"Home\",\"item\":\"https:\\\/\\\/anivet.lt\\\/elparduotuve\\\/\"},{\"@type\":\"ListItem\",\"position\":2,\"name\":\"Produktai\",\"item\":\"https:\\\/\\\/anivet.lt\\\/elparduotuve\\\/produktai\\\/\"},{\"@type\":\"ListItem\",\"position\":3,\"name\":\"VetExpert 4T Vet. Diet Urinary kat\u0117ms turint \u0161lapimo tak\u0173 problem\u0173\"}]},{\"@type\":\"WebSite\",\"@id\":\"https:\\\/\\\/anivet.lt\\\/elparduotuve\\\/#website\",\"url\":\"https:\\\/\\\/anivet.lt\\\/elparduotuve\\\/\",\"name\":\"anivet.lt\",\"description\":\"Viskas J\u016bs\u0173 \u0161uns, kat\u0117s prie\u017ei\u016brai\",\"publisher\":{\"@id\":\"https:\\\/\\\/anivet.lt\\\/elparduotuve\\\/#organization\"},\"alternateName\":\"Viskas J\u016bs\u0173 \u0161uns, kat\u0117s prie\u017ei\u016brai\",\"potentialAction\":[{\"@type\":\"SearchAction\",\"target\":{\"@type\":\"EntryPoint\",\"urlTemplate\":\"https:\\\/\\\/anivet.lt\\\/elparduotuve\\\/?s={search_term_string}\"},\"query-input\":{\"@type\":\"PropertyValueSpecification\",\"valueRequired\":true,\"valueName\":\"search_term_string\"}}],\"inLanguage\":\"lt-LT\"},{\"@type\":\"Organization\",\"@id\":\"https:\\\/\\\/anivet.lt\\\/elparduotuve\\\/#organization\",\"name\":\"Viskas J\u016bs\u0173 \u0161uns, kat\u0117s prie\u017ei\u016brai\",\"url\":\"https:\\\/\\\/anivet.lt\\\/elparduotuve\\\/\",\"logo\":{\"@type\":\"ImageObject\",\"inLanguage\":\"lt-LT\",\"@id\":\"https:\\\/\\\/anivet.lt\\\/elparduotuve\\\/#\\\/schema\\\/logo\\\/image\\\/\",\"url\":\"https:\\\/\\\/anivet.lt\\\/elparduotuve\\\/wp-content\\\/uploads\\\/2023\\\/06\\\/logo2.jpg\",\"contentUrl\":\"https:\\\/\\\/anivet.lt\\\/elparduotuve\\\/wp-content\\\/uploads\\\/2023\\\/06\\\/logo2.jpg\",\"width\":655,\"height\":194,\"caption\":\"Viskas J\u016bs\u0173 \u0161uns, kat\u0117s prie\u017ei\u016brai\"},\"image\":{\"@id\":\"https:\\\/\\\/anivet.lt\\\/elparduotuve\\\/#\\\/schema\\\/logo\\\/image\\\/\"}}]}<\/script>\n<!-- \/ Yoast SEO Premium plugin. -->","yoast_head_json":{"title":"VetExpert 4T Vet. Diet Urinary kat\u0117ms turint \u0161lapimo tak\u0173 problem\u0173 - anivet.lt","description":"Visavertis dietinis pa\u0161aras, sukurtas pad\u0117ti tirpdyti struvitinius akmenis ir apsaugoti nuo j\u0173 atsinaujinimo. Skirtas kat\u0117ms, sergan\u010dioms apatini\u0173 \u0161lapimo tak\u0173 liga (FLUTD), \u0161is pa\u0161aras palaiko \u0161lapimo tak\u0173 sveikat\u0105 ir \u0161lapimo pH balans\u0105.","robots":{"index":"index","follow":"follow","max-snippet":"max-snippet:-1","max-image-preview":"max-image-preview:large","max-video-preview":"max-video-preview:-1"},"canonical":"https:\/\/anivet.lt\/elparduotuve\/produktas\/vetexpert-4t-vet-diet-urinary-katems-turint-slapimo-taku-problemu\/","og_locale":"lt_LT","og_type":"article","og_title":"VetExpert 4T Vet. Diet Urinary kat\u0117ms turint \u0161lapimo tak\u0173 problem\u0173","og_description":"Visavertis dietinis pa\u0161aras, sukurtas pad\u0117ti tirpdyti struvitinius akmenis ir apsaugoti nuo j\u0173 atsinaujinimo. Skirtas kat\u0117ms, sergan\u010dioms apatini\u0173 \u0161lapimo tak\u0173 liga (FLUTD), \u0161is pa\u0161aras palaiko \u0161lapimo tak\u0173 sveikat\u0105 ir \u0161lapimo pH balans\u0105.","og_url":"https:\/\/anivet.lt\/elparduotuve\/produktas\/vetexpert-4t-vet-diet-urinary-katems-turint-slapimo-taku-problemu\/","og_site_name":"anivet.lt","article_modified_time":"2026-01-29T15:58:27+00:00","og_image":[{"width":1000,"height":1234,"url":"https:\/\/anivet.lt\/elparduotuve\/wp-content\/uploads\/2024\/12\/23.-4T-Vet.-diet-Urinary-cat-2kg.jpg","type":"image\/jpeg"}],"twitter_card":"summary_large_image","twitter_misc":{"Est. reading time":"1 minut\u0117"},"schema":{"@context":"https:\/\/schema.org","@graph":[{"@type":"WebPage","@id":"https:\/\/anivet.lt\/elparduotuve\/produktas\/vetexpert-4t-vet-diet-urinary-katems-turint-slapimo-taku-problemu\/","url":"https:\/\/anivet.lt\/elparduotuve\/produktas\/vetexpert-4t-vet-diet-urinary-katems-turint-slapimo-taku-problemu\/","name":"VetExpert 4T Vet. Diet Urinary kat\u0117ms turint \u0161lapimo tak\u0173 problem\u0173 - anivet.lt","isPartOf":{"@id":"https:\/\/anivet.lt\/elparduotuve\/#website"},"primaryImageOfPage":{"@id":"https:\/\/anivet.lt\/elparduotuve\/produktas\/vetexpert-4t-vet-diet-urinary-katems-turint-slapimo-taku-problemu\/#primaryimage"},"image":{"@id":"https:\/\/anivet.lt\/elparduotuve\/produktas\/vetexpert-4t-vet-diet-urinary-katems-turint-slapimo-taku-problemu\/#primaryimage"},"thumbnailUrl":"https:\/\/anivet.lt\/elparduotuve\/wp-content\/uploads\/2024\/12\/23.-4T-Vet.-diet-Urinary-cat-2kg.jpg","datePublished":"2024-12-31T10:20:40+00:00","dateModified":"2026-01-29T15:58:27+00:00","description":"Visavertis dietinis pa\u0161aras, sukurtas pad\u0117ti tirpdyti struvitinius akmenis ir apsaugoti nuo j\u0173 atsinaujinimo. Skirtas kat\u0117ms, sergan\u010dioms apatini\u0173 \u0161lapimo tak\u0173 liga (FLUTD), \u0161is pa\u0161aras palaiko \u0161lapimo tak\u0173 sveikat\u0105 ir \u0161lapimo pH balans\u0105.","breadcrumb":{"@id":"https:\/\/anivet.lt\/elparduotuve\/produktas\/vetexpert-4t-vet-diet-urinary-katems-turint-slapimo-taku-problemu\/#breadcrumb"},"inLanguage":"lt-LT","potentialAction":[{"@type":"ReadAction","target":["https:\/\/anivet.lt\/elparduotuve\/produktas\/vetexpert-4t-vet-diet-urinary-katems-turint-slapimo-taku-problemu\/"]}]},{"@type":"ImageObject","inLanguage":"lt-LT","@id":"https:\/\/anivet.lt\/elparduotuve\/produktas\/vetexpert-4t-vet-diet-urinary-katems-turint-slapimo-taku-problemu\/#primaryimage","url":"https:\/\/anivet.lt\/elparduotuve\/wp-content\/uploads\/2024\/12\/23.-4T-Vet.-diet-Urinary-cat-2kg.jpg","contentUrl":"https:\/\/anivet.lt\/elparduotuve\/wp-content\/uploads\/2024\/12\/23.-4T-Vet.-diet-Urinary-cat-2kg.jpg","width":1000,"height":1234,"caption":"VetExpert 4T Vet. Diet Urinary kat\u0117ms turint \u0161lapimo tak\u0173 problem\u0173"},{"@type":"BreadcrumbList","@id":"https:\/\/anivet.lt\/elparduotuve\/produktas\/vetexpert-4t-vet-diet-urinary-katems-turint-slapimo-taku-problemu\/#breadcrumb","itemListElement":[{"@type":"ListItem","position":1,"name":"Home","item":"https:\/\/anivet.lt\/elparduotuve\/"},{"@type":"ListItem","position":2,"name":"Produktai","item":"https:\/\/anivet.lt\/elparduotuve\/produktai\/"},{"@type":"ListItem","position":3,"name":"VetExpert 4T Vet. Diet Urinary kat\u0117ms turint \u0161lapimo tak\u0173 problem\u0173"}]},{"@type":"WebSite","@id":"https:\/\/anivet.lt\/elparduotuve\/#website","url":"https:\/\/anivet.lt\/elparduotuve\/","name":"anivet.lt","description":"Viskas J\u016bs\u0173 \u0161uns, kat\u0117s prie\u017ei\u016brai","publisher":{"@id":"https:\/\/anivet.lt\/elparduotuve\/#organization"},"alternateName":"Viskas J\u016bs\u0173 \u0161uns, kat\u0117s prie\u017ei\u016brai","potentialAction":[{"@type":"SearchAction","target":{"@type":"EntryPoint","urlTemplate":"https:\/\/anivet.lt\/elparduotuve\/?s={search_term_string}"},"query-input":{"@type":"PropertyValueSpecification","valueRequired":true,"valueName":"search_term_string"}}],"inLanguage":"lt-LT"},{"@type":"Organization","@id":"https:\/\/anivet.lt\/elparduotuve\/#organization","name":"Viskas J\u016bs\u0173 \u0161uns, kat\u0117s prie\u017ei\u016brai","url":"https:\/\/anivet.lt\/elparduotuve\/","logo":{"@type":"ImageObject","inLanguage":"lt-LT","@id":"https:\/\/anivet.lt\/elparduotuve\/#\/schema\/logo\/image\/","url":"https:\/\/anivet.lt\/elparduotuve\/wp-content\/uploads\/2023\/06\/logo2.jpg","contentUrl":"https:\/\/anivet.lt\/elparduotuve\/wp-content\/uploads\/2023\/06\/logo2.jpg","width":655,"height":194,"caption":"Viskas J\u016bs\u0173 \u0161uns, kat\u0117s prie\u017ei\u016brai"},"image":{"@id":"https:\/\/anivet.lt\/elparduotuve\/#\/schema\/logo\/image\/"}}]}},"_links":{"self":[{"href":"https:\/\/anivet.lt\/elparduotuve\/wp-json\/wp\/v2\/product\/15842","targetHints":{"allow":["GET"]}}],"collection":[{"href":"https:\/\/anivet.lt\/elparduotuve\/wp-json\/wp\/v2\/product"}],"about":[{"href":"https:\/\/anivet.lt\/elparduotuve\/wp-json\/wp\/v2\/types\/product"}],"wp:featuredmedia":[{"embeddable":true,"href":"https:\/\/anivet.lt\/elparduotuve\/wp-json\/wp\/v2\/media\/15843"}],"wp:attachment":[{"href":"https:\/\/anivet.lt\/elparduotuve\/wp-json\/wp\/v2\/media?parent=15842"}],"wp:term":[{"taxonomy":"product_brand","embeddable":true,"href":"https:\/\/anivet.lt\/elparduotuve\/wp-json\/wp\/v2\/product_brand?post=15842"},{"taxonomy":"product_cat","embeddable":true,"href":"https:\/\/anivet.lt\/elparduotuve\/wp-json\/wp\/v2\/product_cat?post=15842"},{"taxonomy":"product_tag","embeddable":true,"href":"https:\/\/anivet.lt\/elparduotuve\/wp-json\/wp\/v2\/product_tag?post=15842"}],"curies":[{"name":"wp","href":"https:\/\/api.w.org\/{rel}","templated":true}]}}