{"id":15861,"date":"2025-01-02T11:50:19","date_gmt":"2025-01-02T11:50:19","guid":{"rendered":"https:\/\/anivet.lt\/elparduotuve\/?post_type=product&#038;p=15861"},"modified":"2026-04-30T17:03:47","modified_gmt":"2026-04-30T17:03:47","slug":"vetexpert-4t-vet-diet-sensitivity-konservai-alergiskoms-katems-3x100g","status":"publish","type":"product","link":"https:\/\/anivet.lt\/elparduotuve\/produktas\/vetexpert-4t-vet-diet-sensitivity-konservai-alergiskoms-katems-3x100g\/","title":{"rendered":"VetExpert 4T Vet. Diet Sensitivity konservai alergi\u0161koms kat\u0117ms 3x100g"},"content":{"rendered":"<p><span style=\"font-weight: 400;\">Visavertis dietinis pa\u0161aras, sukurtas suaugusioms kat\u0117ms, siekiant suma\u017einti ingredient\u0173 ir maistini\u0173 med\u017eiag\u0173 netoleravim\u0105. Pa\u0161aras pasi\u017eymi ribota sud\u0117timi, kurioje pagrindinis ir vienintelis baltym\u0173 \u0161altinis yra \u0161erniena, u\u017etikrinanti lengv\u0105 vir\u0161kinim\u0105 ir hipoalergin\u012f efekt\u0105.<\/span><\/p>\n<ul>\n<li style=\"font-weight: 400;\" aria-level=\"1\"><span style=\"font-weight: 400;\">Vienas baltym\u0173 \u0161altinis: 70% \u0161ernienos \u2013 unikalus ir hipoalerginis baltymas, tinkamas jautrioms kat\u0117ms.<\/span><\/li>\n<li style=\"font-weight: 400;\" aria-level=\"1\"><span style=\"font-weight: 400;\">Ribota sud\u0117tis: Ma\u017eina rizik\u0105 sukelti alergines reakcijas ar maisto netoleravim\u0105.<\/span><\/li>\n<li style=\"font-weight: 400;\" aria-level=\"1\"><span style=\"font-weight: 400;\">Lengvai vir\u0161kinamas: Optimalus baltym\u0173 ir riebal\u0173 kiekis u\u017etikrina ger\u0105 \u012fsisavinim\u0105 ir energijos palaikym\u0105.<\/span><\/li>\n<li style=\"font-weight: 400;\" aria-level=\"1\"><span style=\"font-weight: 400;\">Praturtintas taurinu: Taurinas (1500 mg\/kg) b\u016btinas \u0161irdies, regos ir nerv\u0173 sistemos sveikatai.<\/span><\/li>\n<li style=\"font-weight: 400;\" aria-level=\"1\"><span style=\"font-weight: 400;\">Vitaminai ir mineralai: Vitaminas D3, cinkas, manganas ir varis stiprina imunin\u0119 sistem\u0105 ir palaiko bendr\u0105 organizmo funkcionalum\u0105.<\/span><\/li>\n<\/ul>\n<p><span style=\"font-weight: 400;\">Idealus pasirinkimas kat\u0117ms, ken\u010dian\u010dioms nuo maisto netoleravimo ar alergij\u0173. Subalansuota formul\u0117 su vienu baltym\u0173 \u0161altiniu u\u017etikrina j\u016bs\u0173 augintinio sveik\u0105 vir\u0161kinim\u0105 ir ger\u0105 savijaut\u0105.<\/span><\/p>\n","protected":false},"excerpt":{"rendered":"<p>Visavertis dietinis pa\u0161aras, sukurtas suaugusioms kat\u0117ms, siekiant suma\u017einti ingredient\u0173 ir maistini\u0173 med\u017eiag\u0173 netoleravim\u0105. Pa\u0161aras pasi\u017eymi ribota sud\u0117timi, kurioje pagrindinis ir<\/p>\n","protected":false},"featured_media":15862,"template":"","meta":[],"product_brand":[],"product_cat":[114,102,118,563],"product_tag":[],"class_list":{"0":"post-15861","1":"product","2":"type-product","3":"status-publish","4":"has-post-thumbnail","6":"product_cat-kaciu-maistas","7":"product_cat-katems","8":"product_cat-veterinarinis-maistas-katems","9":"product_cat-vet-expert-kaciu-maistas","10":"pa_prekinis-zenklas-vetexpert","12":"first","13":"instock","14":"taxable","15":"shipping-taxable","16":"purchasable","17":"product-type-simple"},"yoast_head":"<!-- This site is optimized with the Yoast SEO Premium plugin v27.1 (Yoast SEO v27.5) - https:\/\/yoast.com\/product\/yoast-seo-premium-wordpress\/ -->\n<title>VetExpert 4T Vet. Diet Sensitivity konservai alergi\u0161koms kat\u0117ms 3x100g - anivet.lt<\/title>\n<meta name=\"description\" content=\"Visavertis dietinis pa\u0161aras, sukurtas suaugusioms kat\u0117ms, siekiant suma\u017einti ingredient\u0173 ir maistini\u0173 med\u017eiag\u0173 netoleravim\u0105. Pa\u0161aras pasi\u017eymi ribota\" \/>\n<meta name=\"robots\" content=\"index, follow, max-snippet:-1, max-image-preview:large, max-video-preview:-1\" \/>\n<link rel=\"canonical\" href=\"https:\/\/anivet.lt\/elparduotuve\/produktas\/vetexpert-4t-vet-diet-sensitivity-konservai-alergiskoms-katems-3x100g\/\" \/>\n<meta property=\"og:locale\" content=\"lt_LT\" \/>\n<meta property=\"og:type\" content=\"article\" \/>\n<meta property=\"og:title\" content=\"VetExpert 4T Vet. Diet Sensitivity konservai alergi\u0161koms kat\u0117ms 3x100g\" \/>\n<meta property=\"og:description\" content=\"Visavertis dietinis pa\u0161aras, sukurtas suaugusioms kat\u0117ms, siekiant suma\u017einti ingredient\u0173 ir maistini\u0173 med\u017eiag\u0173 netoleravim\u0105. Pa\u0161aras pasi\u017eymi ribota\" \/>\n<meta property=\"og:url\" content=\"https:\/\/anivet.lt\/elparduotuve\/produktas\/vetexpert-4t-vet-diet-sensitivity-konservai-alergiskoms-katems-3x100g\/\" \/>\n<meta property=\"og:site_name\" content=\"anivet.lt\" \/>\n<meta property=\"article:modified_time\" content=\"2026-04-30T17:03:47+00:00\" \/>\n<meta property=\"og:image\" content=\"https:\/\/anivet.lt\/elparduotuve\/wp-content\/uploads\/2025\/01\/27.-4T-Vet.-diet-Sensitivity-cat-100g-pouch.jpg\" \/>\n\t<meta property=\"og:image:width\" content=\"1000\" \/>\n\t<meta property=\"og:image:height\" content=\"1414\" \/>\n\t<meta property=\"og:image:type\" content=\"image\/jpeg\" \/>\n<meta name=\"twitter:card\" content=\"summary_large_image\" \/>\n<meta name=\"twitter:label1\" content=\"Est. reading time\" \/>\n\t<meta name=\"twitter:data1\" content=\"1 minut\u0117\" \/>\n<script type=\"application\/ld+json\" class=\"yoast-schema-graph\">{\"@context\":\"https:\\\/\\\/schema.org\",\"@graph\":[{\"@type\":\"WebPage\",\"@id\":\"https:\\\/\\\/anivet.lt\\\/elparduotuve\\\/produktas\\\/vetexpert-4t-vet-diet-sensitivity-konservai-alergiskoms-katems-3x100g\\\/\",\"url\":\"https:\\\/\\\/anivet.lt\\\/elparduotuve\\\/produktas\\\/vetexpert-4t-vet-diet-sensitivity-konservai-alergiskoms-katems-3x100g\\\/\",\"name\":\"VetExpert 4T Vet. Diet Sensitivity konservai alergi\u0161koms kat\u0117ms 3x100g - anivet.lt\",\"isPartOf\":{\"@id\":\"https:\\\/\\\/anivet.lt\\\/elparduotuve\\\/#website\"},\"primaryImageOfPage\":{\"@id\":\"https:\\\/\\\/anivet.lt\\\/elparduotuve\\\/produktas\\\/vetexpert-4t-vet-diet-sensitivity-konservai-alergiskoms-katems-3x100g\\\/#primaryimage\"},\"image\":{\"@id\":\"https:\\\/\\\/anivet.lt\\\/elparduotuve\\\/produktas\\\/vetexpert-4t-vet-diet-sensitivity-konservai-alergiskoms-katems-3x100g\\\/#primaryimage\"},\"thumbnailUrl\":\"https:\\\/\\\/anivet.lt\\\/elparduotuve\\\/wp-content\\\/uploads\\\/2025\\\/01\\\/27.-4T-Vet.-diet-Sensitivity-cat-100g-pouch.jpg\",\"datePublished\":\"2025-01-02T11:50:19+00:00\",\"dateModified\":\"2026-04-30T17:03:47+00:00\",\"description\":\"Visavertis dietinis pa\u0161aras, sukurtas suaugusioms kat\u0117ms, siekiant suma\u017einti ingredient\u0173 ir maistini\u0173 med\u017eiag\u0173 netoleravim\u0105. Pa\u0161aras pasi\u017eymi ribota\",\"breadcrumb\":{\"@id\":\"https:\\\/\\\/anivet.lt\\\/elparduotuve\\\/produktas\\\/vetexpert-4t-vet-diet-sensitivity-konservai-alergiskoms-katems-3x100g\\\/#breadcrumb\"},\"inLanguage\":\"lt-LT\",\"potentialAction\":[{\"@type\":\"ReadAction\",\"target\":[\"https:\\\/\\\/anivet.lt\\\/elparduotuve\\\/produktas\\\/vetexpert-4t-vet-diet-sensitivity-konservai-alergiskoms-katems-3x100g\\\/\"]}]},{\"@type\":\"ImageObject\",\"inLanguage\":\"lt-LT\",\"@id\":\"https:\\\/\\\/anivet.lt\\\/elparduotuve\\\/produktas\\\/vetexpert-4t-vet-diet-sensitivity-konservai-alergiskoms-katems-3x100g\\\/#primaryimage\",\"url\":\"https:\\\/\\\/anivet.lt\\\/elparduotuve\\\/wp-content\\\/uploads\\\/2025\\\/01\\\/27.-4T-Vet.-diet-Sensitivity-cat-100g-pouch.jpg\",\"contentUrl\":\"https:\\\/\\\/anivet.lt\\\/elparduotuve\\\/wp-content\\\/uploads\\\/2025\\\/01\\\/27.-4T-Vet.-diet-Sensitivity-cat-100g-pouch.jpg\",\"width\":1000,\"height\":1414,\"caption\":\"VetExpert 4T Vet. Diet Sensitivity konservai alergi\u0161koms kat\u0117ms 3x100g\"},{\"@type\":\"BreadcrumbList\",\"@id\":\"https:\\\/\\\/anivet.lt\\\/elparduotuve\\\/produktas\\\/vetexpert-4t-vet-diet-sensitivity-konservai-alergiskoms-katems-3x100g\\\/#breadcrumb\",\"itemListElement\":[{\"@type\":\"ListItem\",\"position\":1,\"name\":\"Home\",\"item\":\"https:\\\/\\\/anivet.lt\\\/elparduotuve\\\/\"},{\"@type\":\"ListItem\",\"position\":2,\"name\":\"Produktai\",\"item\":\"https:\\\/\\\/anivet.lt\\\/elparduotuve\\\/produktai\\\/\"},{\"@type\":\"ListItem\",\"position\":3,\"name\":\"VetExpert 4T Vet. Diet Sensitivity konservai alergi\u0161koms kat\u0117ms 3x100g\"}]},{\"@type\":\"WebSite\",\"@id\":\"https:\\\/\\\/anivet.lt\\\/elparduotuve\\\/#website\",\"url\":\"https:\\\/\\\/anivet.lt\\\/elparduotuve\\\/\",\"name\":\"anivet.lt\",\"description\":\"Viskas J\u016bs\u0173 \u0161uns, kat\u0117s prie\u017ei\u016brai\",\"publisher\":{\"@id\":\"https:\\\/\\\/anivet.lt\\\/elparduotuve\\\/#organization\"},\"alternateName\":\"Viskas J\u016bs\u0173 \u0161uns, kat\u0117s prie\u017ei\u016brai\",\"potentialAction\":[{\"@type\":\"SearchAction\",\"target\":{\"@type\":\"EntryPoint\",\"urlTemplate\":\"https:\\\/\\\/anivet.lt\\\/elparduotuve\\\/?s={search_term_string}\"},\"query-input\":{\"@type\":\"PropertyValueSpecification\",\"valueRequired\":true,\"valueName\":\"search_term_string\"}}],\"inLanguage\":\"lt-LT\"},{\"@type\":\"Organization\",\"@id\":\"https:\\\/\\\/anivet.lt\\\/elparduotuve\\\/#organization\",\"name\":\"Viskas J\u016bs\u0173 \u0161uns, kat\u0117s prie\u017ei\u016brai\",\"url\":\"https:\\\/\\\/anivet.lt\\\/elparduotuve\\\/\",\"logo\":{\"@type\":\"ImageObject\",\"inLanguage\":\"lt-LT\",\"@id\":\"https:\\\/\\\/anivet.lt\\\/elparduotuve\\\/#\\\/schema\\\/logo\\\/image\\\/\",\"url\":\"https:\\\/\\\/anivet.lt\\\/elparduotuve\\\/wp-content\\\/uploads\\\/2023\\\/06\\\/logo2.jpg\",\"contentUrl\":\"https:\\\/\\\/anivet.lt\\\/elparduotuve\\\/wp-content\\\/uploads\\\/2023\\\/06\\\/logo2.jpg\",\"width\":655,\"height\":194,\"caption\":\"Viskas J\u016bs\u0173 \u0161uns, kat\u0117s prie\u017ei\u016brai\"},\"image\":{\"@id\":\"https:\\\/\\\/anivet.lt\\\/elparduotuve\\\/#\\\/schema\\\/logo\\\/image\\\/\"}}]}<\/script>\n<!-- \/ Yoast SEO Premium plugin. -->","yoast_head_json":{"title":"VetExpert 4T Vet. Diet Sensitivity konservai alergi\u0161koms kat\u0117ms 3x100g - anivet.lt","description":"Visavertis dietinis pa\u0161aras, sukurtas suaugusioms kat\u0117ms, siekiant suma\u017einti ingredient\u0173 ir maistini\u0173 med\u017eiag\u0173 netoleravim\u0105. Pa\u0161aras pasi\u017eymi ribota","robots":{"index":"index","follow":"follow","max-snippet":"max-snippet:-1","max-image-preview":"max-image-preview:large","max-video-preview":"max-video-preview:-1"},"canonical":"https:\/\/anivet.lt\/elparduotuve\/produktas\/vetexpert-4t-vet-diet-sensitivity-konservai-alergiskoms-katems-3x100g\/","og_locale":"lt_LT","og_type":"article","og_title":"VetExpert 4T Vet. Diet Sensitivity konservai alergi\u0161koms kat\u0117ms 3x100g","og_description":"Visavertis dietinis pa\u0161aras, sukurtas suaugusioms kat\u0117ms, siekiant suma\u017einti ingredient\u0173 ir maistini\u0173 med\u017eiag\u0173 netoleravim\u0105. Pa\u0161aras pasi\u017eymi ribota","og_url":"https:\/\/anivet.lt\/elparduotuve\/produktas\/vetexpert-4t-vet-diet-sensitivity-konservai-alergiskoms-katems-3x100g\/","og_site_name":"anivet.lt","article_modified_time":"2026-04-30T17:03:47+00:00","og_image":[{"width":1000,"height":1414,"url":"https:\/\/anivet.lt\/elparduotuve\/wp-content\/uploads\/2025\/01\/27.-4T-Vet.-diet-Sensitivity-cat-100g-pouch.jpg","type":"image\/jpeg"}],"twitter_card":"summary_large_image","twitter_misc":{"Est. reading time":"1 minut\u0117"},"schema":{"@context":"https:\/\/schema.org","@graph":[{"@type":"WebPage","@id":"https:\/\/anivet.lt\/elparduotuve\/produktas\/vetexpert-4t-vet-diet-sensitivity-konservai-alergiskoms-katems-3x100g\/","url":"https:\/\/anivet.lt\/elparduotuve\/produktas\/vetexpert-4t-vet-diet-sensitivity-konservai-alergiskoms-katems-3x100g\/","name":"VetExpert 4T Vet. Diet Sensitivity konservai alergi\u0161koms kat\u0117ms 3x100g - anivet.lt","isPartOf":{"@id":"https:\/\/anivet.lt\/elparduotuve\/#website"},"primaryImageOfPage":{"@id":"https:\/\/anivet.lt\/elparduotuve\/produktas\/vetexpert-4t-vet-diet-sensitivity-konservai-alergiskoms-katems-3x100g\/#primaryimage"},"image":{"@id":"https:\/\/anivet.lt\/elparduotuve\/produktas\/vetexpert-4t-vet-diet-sensitivity-konservai-alergiskoms-katems-3x100g\/#primaryimage"},"thumbnailUrl":"https:\/\/anivet.lt\/elparduotuve\/wp-content\/uploads\/2025\/01\/27.-4T-Vet.-diet-Sensitivity-cat-100g-pouch.jpg","datePublished":"2025-01-02T11:50:19+00:00","dateModified":"2026-04-30T17:03:47+00:00","description":"Visavertis dietinis pa\u0161aras, sukurtas suaugusioms kat\u0117ms, siekiant suma\u017einti ingredient\u0173 ir maistini\u0173 med\u017eiag\u0173 netoleravim\u0105. Pa\u0161aras pasi\u017eymi ribota","breadcrumb":{"@id":"https:\/\/anivet.lt\/elparduotuve\/produktas\/vetexpert-4t-vet-diet-sensitivity-konservai-alergiskoms-katems-3x100g\/#breadcrumb"},"inLanguage":"lt-LT","potentialAction":[{"@type":"ReadAction","target":["https:\/\/anivet.lt\/elparduotuve\/produktas\/vetexpert-4t-vet-diet-sensitivity-konservai-alergiskoms-katems-3x100g\/"]}]},{"@type":"ImageObject","inLanguage":"lt-LT","@id":"https:\/\/anivet.lt\/elparduotuve\/produktas\/vetexpert-4t-vet-diet-sensitivity-konservai-alergiskoms-katems-3x100g\/#primaryimage","url":"https:\/\/anivet.lt\/elparduotuve\/wp-content\/uploads\/2025\/01\/27.-4T-Vet.-diet-Sensitivity-cat-100g-pouch.jpg","contentUrl":"https:\/\/anivet.lt\/elparduotuve\/wp-content\/uploads\/2025\/01\/27.-4T-Vet.-diet-Sensitivity-cat-100g-pouch.jpg","width":1000,"height":1414,"caption":"VetExpert 4T Vet. Diet Sensitivity konservai alergi\u0161koms kat\u0117ms 3x100g"},{"@type":"BreadcrumbList","@id":"https:\/\/anivet.lt\/elparduotuve\/produktas\/vetexpert-4t-vet-diet-sensitivity-konservai-alergiskoms-katems-3x100g\/#breadcrumb","itemListElement":[{"@type":"ListItem","position":1,"name":"Home","item":"https:\/\/anivet.lt\/elparduotuve\/"},{"@type":"ListItem","position":2,"name":"Produktai","item":"https:\/\/anivet.lt\/elparduotuve\/produktai\/"},{"@type":"ListItem","position":3,"name":"VetExpert 4T Vet. Diet Sensitivity konservai alergi\u0161koms kat\u0117ms 3x100g"}]},{"@type":"WebSite","@id":"https:\/\/anivet.lt\/elparduotuve\/#website","url":"https:\/\/anivet.lt\/elparduotuve\/","name":"anivet.lt","description":"Viskas J\u016bs\u0173 \u0161uns, kat\u0117s prie\u017ei\u016brai","publisher":{"@id":"https:\/\/anivet.lt\/elparduotuve\/#organization"},"alternateName":"Viskas J\u016bs\u0173 \u0161uns, kat\u0117s prie\u017ei\u016brai","potentialAction":[{"@type":"SearchAction","target":{"@type":"EntryPoint","urlTemplate":"https:\/\/anivet.lt\/elparduotuve\/?s={search_term_string}"},"query-input":{"@type":"PropertyValueSpecification","valueRequired":true,"valueName":"search_term_string"}}],"inLanguage":"lt-LT"},{"@type":"Organization","@id":"https:\/\/anivet.lt\/elparduotuve\/#organization","name":"Viskas J\u016bs\u0173 \u0161uns, kat\u0117s prie\u017ei\u016brai","url":"https:\/\/anivet.lt\/elparduotuve\/","logo":{"@type":"ImageObject","inLanguage":"lt-LT","@id":"https:\/\/anivet.lt\/elparduotuve\/#\/schema\/logo\/image\/","url":"https:\/\/anivet.lt\/elparduotuve\/wp-content\/uploads\/2023\/06\/logo2.jpg","contentUrl":"https:\/\/anivet.lt\/elparduotuve\/wp-content\/uploads\/2023\/06\/logo2.jpg","width":655,"height":194,"caption":"Viskas J\u016bs\u0173 \u0161uns, kat\u0117s prie\u017ei\u016brai"},"image":{"@id":"https:\/\/anivet.lt\/elparduotuve\/#\/schema\/logo\/image\/"}}]}},"_links":{"self":[{"href":"https:\/\/anivet.lt\/elparduotuve\/wp-json\/wp\/v2\/product\/15861","targetHints":{"allow":["GET"]}}],"collection":[{"href":"https:\/\/anivet.lt\/elparduotuve\/wp-json\/wp\/v2\/product"}],"about":[{"href":"https:\/\/anivet.lt\/elparduotuve\/wp-json\/wp\/v2\/types\/product"}],"wp:featuredmedia":[{"embeddable":true,"href":"https:\/\/anivet.lt\/elparduotuve\/wp-json\/wp\/v2\/media\/15862"}],"wp:attachment":[{"href":"https:\/\/anivet.lt\/elparduotuve\/wp-json\/wp\/v2\/media?parent=15861"}],"wp:term":[{"taxonomy":"product_brand","embeddable":true,"href":"https:\/\/anivet.lt\/elparduotuve\/wp-json\/wp\/v2\/product_brand?post=15861"},{"taxonomy":"product_cat","embeddable":true,"href":"https:\/\/anivet.lt\/elparduotuve\/wp-json\/wp\/v2\/product_cat?post=15861"},{"taxonomy":"product_tag","embeddable":true,"href":"https:\/\/anivet.lt\/elparduotuve\/wp-json\/wp\/v2\/product_tag?post=15861"}],"curies":[{"name":"wp","href":"https:\/\/api.w.org\/{rel}","templated":true}]}}