{"id":15865,"date":"2025-01-02T11:59:11","date_gmt":"2025-01-02T11:59:11","guid":{"rendered":"https:\/\/anivet.lt\/elparduotuve\/?post_type=product&#038;p=15865"},"modified":"2026-04-29T15:34:03","modified_gmt":"2026-04-29T15:34:03","slug":"vetexpert-4t-vet-diet-intestinal-konservai-su-vistiena-katems-turincioms-jautru-virskinima-3x100g","status":"publish","type":"product","link":"https:\/\/anivet.lt\/elparduotuve\/produktas\/vetexpert-4t-vet-diet-intestinal-konservai-su-vistiena-katems-turincioms-jautru-virskinima-3x100g\/","title":{"rendered":"VetExpert 4T Vet. Diet Intestinal konservai su vi\u0161tiena kat\u0117ms turin\u010dioms jautr\u0173 vir\u0161kinim\u0105 3x100g"},"content":{"rendered":"<p><span style=\"font-weight: 400;\">Visavertis ir lengvai vir\u0161kinamas dietinis pa\u0161aras, skirtas suaugusioms kat\u0117ms, turin\u010dioms vir\u0161kinimo sutrikim\u0173 ar l\u0117tin\u012f kasos nepakankamum\u0105. Subalansuota formul\u0117 su padidintu natrio ir kalio kiekiu padeda kompensuoti nepakankam\u0105 maistini\u0173 med\u017eiag\u0173 \u012fsisavinim\u0105 ir palaiko sveik\u0105 vir\u0161kinimo sistem\u0105.<\/span><\/p>\n<ul>\n<li style=\"font-weight: 400;\" aria-level=\"1\"><span style=\"font-weight: 400;\">Lengvai vir\u0161kinami baltymai: Vi\u0161tiena (50%) ir jautiena (18%) u\u017etikrina lengvai \u012fsisavinamus, auk\u0161tos kokyb\u0117s baltymus.<\/span><\/li>\n<li style=\"font-weight: 400;\" aria-level=\"1\"><span style=\"font-weight: 400;\">Padidintas natrio ir kalio kiekis: Papildo elektrolit\u0173 tr\u016bkum\u0105 ir palaiko organizmo pusiausvyr\u0105 esant vir\u0161kinimo sutrikimams.<\/span><\/li>\n<li style=\"font-weight: 400;\" aria-level=\"1\"><span style=\"font-weight: 400;\">Vir\u0161kinimo palaikymas: FOS ir MOS skatina \u017earnyno mikrofloros balans\u0105 bei pagerina maistini\u0173 med\u017eiag\u0173 \u012fsisavinim\u0105.<\/span><\/li>\n<li style=\"font-weight: 400;\" aria-level=\"1\"><span style=\"font-weight: 400;\">Praturtintas la\u0161i\u0161\u0173 aliejumi: Omega-3 riebal\u0173 r\u016bg\u0161tys ma\u017eina u\u017edegimus ir palaiko odos bei kailio sveikat\u0105.<\/span><\/li>\n<li style=\"font-weight: 400;\" aria-level=\"1\"><span style=\"font-weight: 400;\">Skanus ir subalansuotas: Optimaliai subalansuotas, skanus maistas tinkamas kasdieniam \u0161\u0117rimui jautrioms kat\u0117ms.<\/span><\/li>\n<\/ul>\n<p><span style=\"font-weight: 400;\">\u201eVetExpert 4T Vet. Diet Intestinal\u201d konservai su vi\u0161tiena \u2013 idealus pasirinkimas kat\u0117ms, kuri\u0173 vir\u0161kinimas sutrik\u0119s ar yra absorbcijos problem\u0173. Pa\u0161aras palaiko \u017earnyno funkcij\u0105, u\u017etikrina reikiam\u0105 energijos balans\u0105 ir gerina kat\u0117s savijaut\u0105.<\/span><\/p>\n","protected":false},"excerpt":{"rendered":"<p>Visavertis ir lengvai vir\u0161kinamas dietinis pa\u0161aras, skirtas suaugusioms kat\u0117ms, turin\u010dioms vir\u0161kinimo sutrikim\u0173 ar l\u0117tin\u012f kasos nepakankamum\u0105. Subalansuota formul\u0117 su padidintu<\/p>\n","protected":false},"featured_media":15866,"template":"","meta":[],"product_brand":[],"product_cat":[114,102,118,563],"product_tag":[],"class_list":{"0":"post-15865","1":"product","2":"type-product","3":"status-publish","4":"has-post-thumbnail","6":"product_cat-kaciu-maistas","7":"product_cat-katems","8":"product_cat-veterinarinis-maistas-katems","9":"product_cat-vet-expert-kaciu-maistas","10":"pa_prekinis-zenklas-vetexpert","12":"first","13":"instock","14":"taxable","15":"shipping-taxable","16":"purchasable","17":"product-type-simple"},"yoast_head":"<!-- This site is optimized with the Yoast SEO Premium plugin v27.1 (Yoast SEO v27.5) - https:\/\/yoast.com\/product\/yoast-seo-premium-wordpress\/ -->\n<title>VetExpert 4T Vet. Diet Intestinal konservai su vi\u0161tiena kat\u0117ms turin\u010dioms jautr\u0173 vir\u0161kinim\u0105 3x100g - anivet.lt<\/title>\n<meta name=\"description\" content=\"Visavertis ir lengvai vir\u0161kinamas dietinis pa\u0161aras, skirtas suaugusioms kat\u0117ms, turin\u010dioms vir\u0161kinimo sutrikim\u0173 ar l\u0117tin\u012f kasos nepakankamum\u0105.\" \/>\n<meta name=\"robots\" content=\"index, follow, max-snippet:-1, max-image-preview:large, max-video-preview:-1\" \/>\n<link rel=\"canonical\" href=\"https:\/\/anivet.lt\/elparduotuve\/produktas\/vetexpert-4t-vet-diet-intestinal-konservai-su-vistiena-katems-turincioms-jautru-virskinima-3x100g\/\" \/>\n<meta property=\"og:locale\" content=\"lt_LT\" \/>\n<meta property=\"og:type\" content=\"article\" \/>\n<meta property=\"og:title\" content=\"VetExpert 4T Vet. Diet Intestinal konservai su vi\u0161tiena kat\u0117ms turin\u010dioms jautr\u0173 vir\u0161kinim\u0105 3x100g\" \/>\n<meta property=\"og:description\" content=\"Visavertis ir lengvai vir\u0161kinamas dietinis pa\u0161aras, skirtas suaugusioms kat\u0117ms, turin\u010dioms vir\u0161kinimo sutrikim\u0173 ar l\u0117tin\u012f kasos nepakankamum\u0105.\" \/>\n<meta property=\"og:url\" content=\"https:\/\/anivet.lt\/elparduotuve\/produktas\/vetexpert-4t-vet-diet-intestinal-konservai-su-vistiena-katems-turincioms-jautru-virskinima-3x100g\/\" \/>\n<meta property=\"og:site_name\" content=\"anivet.lt\" \/>\n<meta property=\"article:modified_time\" content=\"2026-04-29T15:34:03+00:00\" \/>\n<meta property=\"og:image\" content=\"https:\/\/anivet.lt\/elparduotuve\/wp-content\/uploads\/2025\/01\/29.-4T-Vet.-diet-Intestinal-cat-with-chk-100g-pouch.jpg\" \/>\n\t<meta property=\"og:image:width\" content=\"1000\" \/>\n\t<meta property=\"og:image:height\" content=\"1414\" \/>\n\t<meta property=\"og:image:type\" content=\"image\/jpeg\" \/>\n<meta name=\"twitter:card\" content=\"summary_large_image\" \/>\n<meta name=\"twitter:label1\" content=\"Est. reading time\" \/>\n\t<meta name=\"twitter:data1\" content=\"1 minut\u0117\" \/>\n<script type=\"application\/ld+json\" class=\"yoast-schema-graph\">{\"@context\":\"https:\\\/\\\/schema.org\",\"@graph\":[{\"@type\":\"WebPage\",\"@id\":\"https:\\\/\\\/anivet.lt\\\/elparduotuve\\\/produktas\\\/vetexpert-4t-vet-diet-intestinal-konservai-su-vistiena-katems-turincioms-jautru-virskinima-3x100g\\\/\",\"url\":\"https:\\\/\\\/anivet.lt\\\/elparduotuve\\\/produktas\\\/vetexpert-4t-vet-diet-intestinal-konservai-su-vistiena-katems-turincioms-jautru-virskinima-3x100g\\\/\",\"name\":\"VetExpert 4T Vet. Diet Intestinal konservai su vi\u0161tiena kat\u0117ms turin\u010dioms jautr\u0173 vir\u0161kinim\u0105 3x100g - anivet.lt\",\"isPartOf\":{\"@id\":\"https:\\\/\\\/anivet.lt\\\/elparduotuve\\\/#website\"},\"primaryImageOfPage\":{\"@id\":\"https:\\\/\\\/anivet.lt\\\/elparduotuve\\\/produktas\\\/vetexpert-4t-vet-diet-intestinal-konservai-su-vistiena-katems-turincioms-jautru-virskinima-3x100g\\\/#primaryimage\"},\"image\":{\"@id\":\"https:\\\/\\\/anivet.lt\\\/elparduotuve\\\/produktas\\\/vetexpert-4t-vet-diet-intestinal-konservai-su-vistiena-katems-turincioms-jautru-virskinima-3x100g\\\/#primaryimage\"},\"thumbnailUrl\":\"https:\\\/\\\/anivet.lt\\\/elparduotuve\\\/wp-content\\\/uploads\\\/2025\\\/01\\\/29.-4T-Vet.-diet-Intestinal-cat-with-chk-100g-pouch.jpg\",\"datePublished\":\"2025-01-02T11:59:11+00:00\",\"dateModified\":\"2026-04-29T15:34:03+00:00\",\"description\":\"Visavertis ir lengvai vir\u0161kinamas dietinis pa\u0161aras, skirtas suaugusioms kat\u0117ms, turin\u010dioms vir\u0161kinimo sutrikim\u0173 ar l\u0117tin\u012f kasos nepakankamum\u0105.\",\"breadcrumb\":{\"@id\":\"https:\\\/\\\/anivet.lt\\\/elparduotuve\\\/produktas\\\/vetexpert-4t-vet-diet-intestinal-konservai-su-vistiena-katems-turincioms-jautru-virskinima-3x100g\\\/#breadcrumb\"},\"inLanguage\":\"lt-LT\",\"potentialAction\":[{\"@type\":\"ReadAction\",\"target\":[\"https:\\\/\\\/anivet.lt\\\/elparduotuve\\\/produktas\\\/vetexpert-4t-vet-diet-intestinal-konservai-su-vistiena-katems-turincioms-jautru-virskinima-3x100g\\\/\"]}]},{\"@type\":\"ImageObject\",\"inLanguage\":\"lt-LT\",\"@id\":\"https:\\\/\\\/anivet.lt\\\/elparduotuve\\\/produktas\\\/vetexpert-4t-vet-diet-intestinal-konservai-su-vistiena-katems-turincioms-jautru-virskinima-3x100g\\\/#primaryimage\",\"url\":\"https:\\\/\\\/anivet.lt\\\/elparduotuve\\\/wp-content\\\/uploads\\\/2025\\\/01\\\/29.-4T-Vet.-diet-Intestinal-cat-with-chk-100g-pouch.jpg\",\"contentUrl\":\"https:\\\/\\\/anivet.lt\\\/elparduotuve\\\/wp-content\\\/uploads\\\/2025\\\/01\\\/29.-4T-Vet.-diet-Intestinal-cat-with-chk-100g-pouch.jpg\",\"width\":1000,\"height\":1414,\"caption\":\"VetExpert 4T Vet. Diet Intestinal konservai su vi\u0161tiena kat\u0117ms turin\u010dioms jautr\u0173 vir\u0161kinim\u0105 3x100g\"},{\"@type\":\"BreadcrumbList\",\"@id\":\"https:\\\/\\\/anivet.lt\\\/elparduotuve\\\/produktas\\\/vetexpert-4t-vet-diet-intestinal-konservai-su-vistiena-katems-turincioms-jautru-virskinima-3x100g\\\/#breadcrumb\",\"itemListElement\":[{\"@type\":\"ListItem\",\"position\":1,\"name\":\"Home\",\"item\":\"https:\\\/\\\/anivet.lt\\\/elparduotuve\\\/\"},{\"@type\":\"ListItem\",\"position\":2,\"name\":\"Produktai\",\"item\":\"https:\\\/\\\/anivet.lt\\\/elparduotuve\\\/produktai\\\/\"},{\"@type\":\"ListItem\",\"position\":3,\"name\":\"VetExpert 4T Vet. Diet Intestinal konservai su vi\u0161tiena kat\u0117ms turin\u010dioms jautr\u0173 vir\u0161kinim\u0105 3x100g\"}]},{\"@type\":\"WebSite\",\"@id\":\"https:\\\/\\\/anivet.lt\\\/elparduotuve\\\/#website\",\"url\":\"https:\\\/\\\/anivet.lt\\\/elparduotuve\\\/\",\"name\":\"anivet.lt\",\"description\":\"Viskas J\u016bs\u0173 \u0161uns, kat\u0117s prie\u017ei\u016brai\",\"publisher\":{\"@id\":\"https:\\\/\\\/anivet.lt\\\/elparduotuve\\\/#organization\"},\"alternateName\":\"Viskas J\u016bs\u0173 \u0161uns, kat\u0117s prie\u017ei\u016brai\",\"potentialAction\":[{\"@type\":\"SearchAction\",\"target\":{\"@type\":\"EntryPoint\",\"urlTemplate\":\"https:\\\/\\\/anivet.lt\\\/elparduotuve\\\/?s={search_term_string}\"},\"query-input\":{\"@type\":\"PropertyValueSpecification\",\"valueRequired\":true,\"valueName\":\"search_term_string\"}}],\"inLanguage\":\"lt-LT\"},{\"@type\":\"Organization\",\"@id\":\"https:\\\/\\\/anivet.lt\\\/elparduotuve\\\/#organization\",\"name\":\"Viskas J\u016bs\u0173 \u0161uns, kat\u0117s prie\u017ei\u016brai\",\"url\":\"https:\\\/\\\/anivet.lt\\\/elparduotuve\\\/\",\"logo\":{\"@type\":\"ImageObject\",\"inLanguage\":\"lt-LT\",\"@id\":\"https:\\\/\\\/anivet.lt\\\/elparduotuve\\\/#\\\/schema\\\/logo\\\/image\\\/\",\"url\":\"https:\\\/\\\/anivet.lt\\\/elparduotuve\\\/wp-content\\\/uploads\\\/2023\\\/06\\\/logo2.jpg\",\"contentUrl\":\"https:\\\/\\\/anivet.lt\\\/elparduotuve\\\/wp-content\\\/uploads\\\/2023\\\/06\\\/logo2.jpg\",\"width\":655,\"height\":194,\"caption\":\"Viskas J\u016bs\u0173 \u0161uns, kat\u0117s prie\u017ei\u016brai\"},\"image\":{\"@id\":\"https:\\\/\\\/anivet.lt\\\/elparduotuve\\\/#\\\/schema\\\/logo\\\/image\\\/\"}}]}<\/script>\n<!-- \/ Yoast SEO Premium plugin. -->","yoast_head_json":{"title":"VetExpert 4T Vet. Diet Intestinal konservai su vi\u0161tiena kat\u0117ms turin\u010dioms jautr\u0173 vir\u0161kinim\u0105 3x100g - anivet.lt","description":"Visavertis ir lengvai vir\u0161kinamas dietinis pa\u0161aras, skirtas suaugusioms kat\u0117ms, turin\u010dioms vir\u0161kinimo sutrikim\u0173 ar l\u0117tin\u012f kasos nepakankamum\u0105.","robots":{"index":"index","follow":"follow","max-snippet":"max-snippet:-1","max-image-preview":"max-image-preview:large","max-video-preview":"max-video-preview:-1"},"canonical":"https:\/\/anivet.lt\/elparduotuve\/produktas\/vetexpert-4t-vet-diet-intestinal-konservai-su-vistiena-katems-turincioms-jautru-virskinima-3x100g\/","og_locale":"lt_LT","og_type":"article","og_title":"VetExpert 4T Vet. Diet Intestinal konservai su vi\u0161tiena kat\u0117ms turin\u010dioms jautr\u0173 vir\u0161kinim\u0105 3x100g","og_description":"Visavertis ir lengvai vir\u0161kinamas dietinis pa\u0161aras, skirtas suaugusioms kat\u0117ms, turin\u010dioms vir\u0161kinimo sutrikim\u0173 ar l\u0117tin\u012f kasos nepakankamum\u0105.","og_url":"https:\/\/anivet.lt\/elparduotuve\/produktas\/vetexpert-4t-vet-diet-intestinal-konservai-su-vistiena-katems-turincioms-jautru-virskinima-3x100g\/","og_site_name":"anivet.lt","article_modified_time":"2026-04-29T15:34:03+00:00","og_image":[{"width":1000,"height":1414,"url":"https:\/\/anivet.lt\/elparduotuve\/wp-content\/uploads\/2025\/01\/29.-4T-Vet.-diet-Intestinal-cat-with-chk-100g-pouch.jpg","type":"image\/jpeg"}],"twitter_card":"summary_large_image","twitter_misc":{"Est. reading time":"1 minut\u0117"},"schema":{"@context":"https:\/\/schema.org","@graph":[{"@type":"WebPage","@id":"https:\/\/anivet.lt\/elparduotuve\/produktas\/vetexpert-4t-vet-diet-intestinal-konservai-su-vistiena-katems-turincioms-jautru-virskinima-3x100g\/","url":"https:\/\/anivet.lt\/elparduotuve\/produktas\/vetexpert-4t-vet-diet-intestinal-konservai-su-vistiena-katems-turincioms-jautru-virskinima-3x100g\/","name":"VetExpert 4T Vet. Diet Intestinal konservai su vi\u0161tiena kat\u0117ms turin\u010dioms jautr\u0173 vir\u0161kinim\u0105 3x100g - anivet.lt","isPartOf":{"@id":"https:\/\/anivet.lt\/elparduotuve\/#website"},"primaryImageOfPage":{"@id":"https:\/\/anivet.lt\/elparduotuve\/produktas\/vetexpert-4t-vet-diet-intestinal-konservai-su-vistiena-katems-turincioms-jautru-virskinima-3x100g\/#primaryimage"},"image":{"@id":"https:\/\/anivet.lt\/elparduotuve\/produktas\/vetexpert-4t-vet-diet-intestinal-konservai-su-vistiena-katems-turincioms-jautru-virskinima-3x100g\/#primaryimage"},"thumbnailUrl":"https:\/\/anivet.lt\/elparduotuve\/wp-content\/uploads\/2025\/01\/29.-4T-Vet.-diet-Intestinal-cat-with-chk-100g-pouch.jpg","datePublished":"2025-01-02T11:59:11+00:00","dateModified":"2026-04-29T15:34:03+00:00","description":"Visavertis ir lengvai vir\u0161kinamas dietinis pa\u0161aras, skirtas suaugusioms kat\u0117ms, turin\u010dioms vir\u0161kinimo sutrikim\u0173 ar l\u0117tin\u012f kasos nepakankamum\u0105.","breadcrumb":{"@id":"https:\/\/anivet.lt\/elparduotuve\/produktas\/vetexpert-4t-vet-diet-intestinal-konservai-su-vistiena-katems-turincioms-jautru-virskinima-3x100g\/#breadcrumb"},"inLanguage":"lt-LT","potentialAction":[{"@type":"ReadAction","target":["https:\/\/anivet.lt\/elparduotuve\/produktas\/vetexpert-4t-vet-diet-intestinal-konservai-su-vistiena-katems-turincioms-jautru-virskinima-3x100g\/"]}]},{"@type":"ImageObject","inLanguage":"lt-LT","@id":"https:\/\/anivet.lt\/elparduotuve\/produktas\/vetexpert-4t-vet-diet-intestinal-konservai-su-vistiena-katems-turincioms-jautru-virskinima-3x100g\/#primaryimage","url":"https:\/\/anivet.lt\/elparduotuve\/wp-content\/uploads\/2025\/01\/29.-4T-Vet.-diet-Intestinal-cat-with-chk-100g-pouch.jpg","contentUrl":"https:\/\/anivet.lt\/elparduotuve\/wp-content\/uploads\/2025\/01\/29.-4T-Vet.-diet-Intestinal-cat-with-chk-100g-pouch.jpg","width":1000,"height":1414,"caption":"VetExpert 4T Vet. Diet Intestinal konservai su vi\u0161tiena kat\u0117ms turin\u010dioms jautr\u0173 vir\u0161kinim\u0105 3x100g"},{"@type":"BreadcrumbList","@id":"https:\/\/anivet.lt\/elparduotuve\/produktas\/vetexpert-4t-vet-diet-intestinal-konservai-su-vistiena-katems-turincioms-jautru-virskinima-3x100g\/#breadcrumb","itemListElement":[{"@type":"ListItem","position":1,"name":"Home","item":"https:\/\/anivet.lt\/elparduotuve\/"},{"@type":"ListItem","position":2,"name":"Produktai","item":"https:\/\/anivet.lt\/elparduotuve\/produktai\/"},{"@type":"ListItem","position":3,"name":"VetExpert 4T Vet. Diet Intestinal konservai su vi\u0161tiena kat\u0117ms turin\u010dioms jautr\u0173 vir\u0161kinim\u0105 3x100g"}]},{"@type":"WebSite","@id":"https:\/\/anivet.lt\/elparduotuve\/#website","url":"https:\/\/anivet.lt\/elparduotuve\/","name":"anivet.lt","description":"Viskas J\u016bs\u0173 \u0161uns, kat\u0117s prie\u017ei\u016brai","publisher":{"@id":"https:\/\/anivet.lt\/elparduotuve\/#organization"},"alternateName":"Viskas J\u016bs\u0173 \u0161uns, kat\u0117s prie\u017ei\u016brai","potentialAction":[{"@type":"SearchAction","target":{"@type":"EntryPoint","urlTemplate":"https:\/\/anivet.lt\/elparduotuve\/?s={search_term_string}"},"query-input":{"@type":"PropertyValueSpecification","valueRequired":true,"valueName":"search_term_string"}}],"inLanguage":"lt-LT"},{"@type":"Organization","@id":"https:\/\/anivet.lt\/elparduotuve\/#organization","name":"Viskas J\u016bs\u0173 \u0161uns, kat\u0117s prie\u017ei\u016brai","url":"https:\/\/anivet.lt\/elparduotuve\/","logo":{"@type":"ImageObject","inLanguage":"lt-LT","@id":"https:\/\/anivet.lt\/elparduotuve\/#\/schema\/logo\/image\/","url":"https:\/\/anivet.lt\/elparduotuve\/wp-content\/uploads\/2023\/06\/logo2.jpg","contentUrl":"https:\/\/anivet.lt\/elparduotuve\/wp-content\/uploads\/2023\/06\/logo2.jpg","width":655,"height":194,"caption":"Viskas J\u016bs\u0173 \u0161uns, kat\u0117s prie\u017ei\u016brai"},"image":{"@id":"https:\/\/anivet.lt\/elparduotuve\/#\/schema\/logo\/image\/"}}]}},"_links":{"self":[{"href":"https:\/\/anivet.lt\/elparduotuve\/wp-json\/wp\/v2\/product\/15865","targetHints":{"allow":["GET"]}}],"collection":[{"href":"https:\/\/anivet.lt\/elparduotuve\/wp-json\/wp\/v2\/product"}],"about":[{"href":"https:\/\/anivet.lt\/elparduotuve\/wp-json\/wp\/v2\/types\/product"}],"wp:featuredmedia":[{"embeddable":true,"href":"https:\/\/anivet.lt\/elparduotuve\/wp-json\/wp\/v2\/media\/15866"}],"wp:attachment":[{"href":"https:\/\/anivet.lt\/elparduotuve\/wp-json\/wp\/v2\/media?parent=15865"}],"wp:term":[{"taxonomy":"product_brand","embeddable":true,"href":"https:\/\/anivet.lt\/elparduotuve\/wp-json\/wp\/v2\/product_brand?post=15865"},{"taxonomy":"product_cat","embeddable":true,"href":"https:\/\/anivet.lt\/elparduotuve\/wp-json\/wp\/v2\/product_cat?post=15865"},{"taxonomy":"product_tag","embeddable":true,"href":"https:\/\/anivet.lt\/elparduotuve\/wp-json\/wp\/v2\/product_tag?post=15865"}],"curies":[{"name":"wp","href":"https:\/\/api.w.org\/{rel}","templated":true}]}}