{"id":15868,"date":"2025-01-02T12:03:42","date_gmt":"2025-01-02T12:03:42","guid":{"rendered":"https:\/\/anivet.lt\/elparduotuve\/?post_type=product&#038;p=15868"},"modified":"2026-04-27T15:07:35","modified_gmt":"2026-04-27T15:07:35","slug":"vetexpert-4t-vet-diet-hypoallergenic-konservai-alergiskoms-katems-3x100g","status":"publish","type":"product","link":"https:\/\/anivet.lt\/elparduotuve\/produktas\/vetexpert-4t-vet-diet-hypoallergenic-konservai-alergiskoms-katems-3x100g\/","title":{"rendered":"VetExpert 4T Vet. Diet Hypoallergenic konservai alergi\u0161koms kat\u0117ms 3x100g"},"content":{"rendered":"<ul>\n<li><span style=\"font-weight: 400;\">Vienas baltym\u0173 \u0161altinis: 70% kalakutienos u\u017etikrina lengvai vir\u0161kinamus ir ma\u017eai alergizuojan\u010dius baltymus.<\/span><\/li>\n<li style=\"font-weight: 400;\" aria-level=\"1\"><span style=\"font-weight: 400;\">Ribota formul\u0117: Ribotas ingredient\u0173 kiekis ma\u017eina maisto netoleravimo ir alergini\u0173 reakcij\u0173 rizik\u0105.<\/span><\/li>\n<li style=\"font-weight: 400;\" aria-level=\"1\"><span style=\"font-weight: 400;\">Spirulina ir inulinas: Spirulina stiprina imunin\u0119 sistem\u0105, o inulinas palaiko \u017earnyno mikrofloros balans\u0105.<\/span><\/li>\n<li style=\"font-weight: 400;\" aria-level=\"1\"><span style=\"font-weight: 400;\">Praturtintas taurinu: Taurinas (1500 mg\/kg) palaiko \u0161irdies veikl\u0105, reg\u0117jim\u0105 ir bendr\u0105 organizmo sveikat\u0105.<\/span><\/li>\n<li style=\"font-weight: 400;\" aria-level=\"1\"><span style=\"font-weight: 400;\">Omega-6 ir omega-3 riebal\u0173 r\u016bg\u0161tys: Prisideda prie sveikos odos ir blizgan\u010dio kailio palaikymo bei ma\u017eina u\u017edegiminius procesus.<\/span><\/li>\n<\/ul>\n<p><span style=\"font-weight: 400;\">Idealus pasirinkimas kat\u0117ms, ken\u010dian\u010dioms nuo maisto netoleravimo ar alergij\u0173. Subalansuota, skani ir lengvai vir\u0161kinama formul\u0117 u\u017etikrina j\u016bs\u0173 augintinio komfort\u0105, sveikat\u0105 ir ger\u0105 savijaut\u0105 kasdien.<\/span><\/p>\n","protected":false},"excerpt":{"rendered":"<p><span style=\"font-weight: 400;\">Visavertis ir subalansuotas dietinis pa\u0161aras, skirtas kat\u0117ms, turin\u010dioms komponent\u0173 ir maistini\u0173 med\u017eiag\u0173 netoleravimo problem\u0173. Formul\u0117je naudojamas ribotas baltym\u0173 \u0161altini\u0173 kiekis, kur pagrindinis baltym\u0173 \u0161altinis yra kalakutiena, praturtinta spirulina ir inulinu, palaikan\u010diais vir\u0161kinimo sveikat\u0105.<\/span><\/p>\n","protected":false},"featured_media":19968,"template":"","meta":[],"product_brand":[],"product_cat":[114,102,118,563],"product_tag":[],"class_list":{"0":"post-15868","1":"product","2":"type-product","3":"status-publish","4":"has-post-thumbnail","6":"product_cat-kaciu-maistas","7":"product_cat-katems","8":"product_cat-veterinarinis-maistas-katems","9":"product_cat-vet-expert-kaciu-maistas","10":"pa_prekinis-zenklas-vetexpert","12":"first","13":"instock","14":"taxable","15":"shipping-taxable","16":"purchasable","17":"product-type-simple"},"yoast_head":"<!-- This site is optimized with the Yoast SEO Premium plugin v27.1 (Yoast SEO v27.5) - https:\/\/yoast.com\/product\/yoast-seo-premium-wordpress\/ -->\n<title>VetExpert 4T Vet. Diet Hypoallergenic konservai alergi\u0161koms kat\u0117ms 3x100g - anivet.lt<\/title>\n<meta name=\"description\" content=\"Visavertis ir subalansuotas dietinis pa\u0161aras, skirtas kat\u0117ms, turin\u010dioms komponent\u0173 ir maistini\u0173 med\u017eiag\u0173 netoleravimo problem\u0173. Formul\u0117je naudojamas ribotas baltym\u0173 \u0161altini\u0173 kiekis, kur pagrindinis baltym\u0173 \u0161altinis yra kalakutiena, praturtinta spirulina ir inulinu, palaikan\u010diais vir\u0161kinimo sveikat\u0105.\" \/>\n<meta name=\"robots\" content=\"index, follow, max-snippet:-1, max-image-preview:large, max-video-preview:-1\" \/>\n<link rel=\"canonical\" href=\"https:\/\/anivet.lt\/elparduotuve\/produktas\/vetexpert-4t-vet-diet-hypoallergenic-konservai-alergiskoms-katems-3x100g\/\" \/>\n<meta property=\"og:locale\" content=\"lt_LT\" \/>\n<meta property=\"og:type\" content=\"article\" \/>\n<meta property=\"og:title\" content=\"VetExpert 4T Vet. Diet Hypoallergenic konservai alergi\u0161koms kat\u0117ms 3x100g\" \/>\n<meta property=\"og:description\" content=\"Visavertis ir subalansuotas dietinis pa\u0161aras, skirtas kat\u0117ms, turin\u010dioms komponent\u0173 ir maistini\u0173 med\u017eiag\u0173 netoleravimo problem\u0173. Formul\u0117je naudojamas ribotas baltym\u0173 \u0161altini\u0173 kiekis, kur pagrindinis baltym\u0173 \u0161altinis yra kalakutiena, praturtinta spirulina ir inulinu, palaikan\u010diais vir\u0161kinimo sveikat\u0105.\" \/>\n<meta property=\"og:url\" content=\"https:\/\/anivet.lt\/elparduotuve\/produktas\/vetexpert-4t-vet-diet-hypoallergenic-konservai-alergiskoms-katems-3x100g\/\" \/>\n<meta property=\"og:site_name\" content=\"anivet.lt\" \/>\n<meta property=\"article:modified_time\" content=\"2026-04-27T15:07:35+00:00\" \/>\n<meta property=\"og:image\" content=\"https:\/\/anivet.lt\/elparduotuve\/wp-content\/uploads\/2025\/01\/VetExpert-4T-Vet.-Diet-Hypoallergenic-konservai-alergiskoms-katems-3x100g.jpg\" \/>\n\t<meta property=\"og:image:width\" content=\"650\" \/>\n\t<meta property=\"og:image:height\" content=\"802\" \/>\n\t<meta property=\"og:image:type\" content=\"image\/jpeg\" \/>\n<meta name=\"twitter:card\" content=\"summary_large_image\" \/>\n<meta name=\"twitter:label1\" content=\"Est. reading time\" \/>\n\t<meta name=\"twitter:data1\" content=\"1 minut\u0117\" \/>\n<script type=\"application\/ld+json\" class=\"yoast-schema-graph\">{\"@context\":\"https:\\\/\\\/schema.org\",\"@graph\":[{\"@type\":\"WebPage\",\"@id\":\"https:\\\/\\\/anivet.lt\\\/elparduotuve\\\/produktas\\\/vetexpert-4t-vet-diet-hypoallergenic-konservai-alergiskoms-katems-3x100g\\\/\",\"url\":\"https:\\\/\\\/anivet.lt\\\/elparduotuve\\\/produktas\\\/vetexpert-4t-vet-diet-hypoallergenic-konservai-alergiskoms-katems-3x100g\\\/\",\"name\":\"VetExpert 4T Vet. Diet Hypoallergenic konservai alergi\u0161koms kat\u0117ms 3x100g - anivet.lt\",\"isPartOf\":{\"@id\":\"https:\\\/\\\/anivet.lt\\\/elparduotuve\\\/#website\"},\"primaryImageOfPage\":{\"@id\":\"https:\\\/\\\/anivet.lt\\\/elparduotuve\\\/produktas\\\/vetexpert-4t-vet-diet-hypoallergenic-konservai-alergiskoms-katems-3x100g\\\/#primaryimage\"},\"image\":{\"@id\":\"https:\\\/\\\/anivet.lt\\\/elparduotuve\\\/produktas\\\/vetexpert-4t-vet-diet-hypoallergenic-konservai-alergiskoms-katems-3x100g\\\/#primaryimage\"},\"thumbnailUrl\":\"https:\\\/\\\/anivet.lt\\\/elparduotuve\\\/wp-content\\\/uploads\\\/2025\\\/01\\\/VetExpert-4T-Vet.-Diet-Hypoallergenic-konservai-alergiskoms-katems-3x100g.jpg\",\"datePublished\":\"2025-01-02T12:03:42+00:00\",\"dateModified\":\"2026-04-27T15:07:35+00:00\",\"description\":\"Visavertis ir subalansuotas dietinis pa\u0161aras, skirtas kat\u0117ms, turin\u010dioms komponent\u0173 ir maistini\u0173 med\u017eiag\u0173 netoleravimo problem\u0173. Formul\u0117je naudojamas ribotas baltym\u0173 \u0161altini\u0173 kiekis, kur pagrindinis baltym\u0173 \u0161altinis yra kalakutiena, praturtinta spirulina ir inulinu, palaikan\u010diais vir\u0161kinimo sveikat\u0105.\",\"breadcrumb\":{\"@id\":\"https:\\\/\\\/anivet.lt\\\/elparduotuve\\\/produktas\\\/vetexpert-4t-vet-diet-hypoallergenic-konservai-alergiskoms-katems-3x100g\\\/#breadcrumb\"},\"inLanguage\":\"lt-LT\",\"potentialAction\":[{\"@type\":\"ReadAction\",\"target\":[\"https:\\\/\\\/anivet.lt\\\/elparduotuve\\\/produktas\\\/vetexpert-4t-vet-diet-hypoallergenic-konservai-alergiskoms-katems-3x100g\\\/\"]}]},{\"@type\":\"ImageObject\",\"inLanguage\":\"lt-LT\",\"@id\":\"https:\\\/\\\/anivet.lt\\\/elparduotuve\\\/produktas\\\/vetexpert-4t-vet-diet-hypoallergenic-konservai-alergiskoms-katems-3x100g\\\/#primaryimage\",\"url\":\"https:\\\/\\\/anivet.lt\\\/elparduotuve\\\/wp-content\\\/uploads\\\/2025\\\/01\\\/VetExpert-4T-Vet.-Diet-Hypoallergenic-konservai-alergiskoms-katems-3x100g.jpg\",\"contentUrl\":\"https:\\\/\\\/anivet.lt\\\/elparduotuve\\\/wp-content\\\/uploads\\\/2025\\\/01\\\/VetExpert-4T-Vet.-Diet-Hypoallergenic-konservai-alergiskoms-katems-3x100g.jpg\",\"width\":650,\"height\":802,\"caption\":\"VetExpert 4T Vet. Diet Hypoallergenic konservai alergi\u0161koms kat\u0117ms 3x100g\"},{\"@type\":\"BreadcrumbList\",\"@id\":\"https:\\\/\\\/anivet.lt\\\/elparduotuve\\\/produktas\\\/vetexpert-4t-vet-diet-hypoallergenic-konservai-alergiskoms-katems-3x100g\\\/#breadcrumb\",\"itemListElement\":[{\"@type\":\"ListItem\",\"position\":1,\"name\":\"Home\",\"item\":\"https:\\\/\\\/anivet.lt\\\/elparduotuve\\\/\"},{\"@type\":\"ListItem\",\"position\":2,\"name\":\"Produktai\",\"item\":\"https:\\\/\\\/anivet.lt\\\/elparduotuve\\\/produktai\\\/\"},{\"@type\":\"ListItem\",\"position\":3,\"name\":\"VetExpert 4T Vet. Diet Hypoallergenic konservai alergi\u0161koms kat\u0117ms 3x100g\"}]},{\"@type\":\"WebSite\",\"@id\":\"https:\\\/\\\/anivet.lt\\\/elparduotuve\\\/#website\",\"url\":\"https:\\\/\\\/anivet.lt\\\/elparduotuve\\\/\",\"name\":\"anivet.lt\",\"description\":\"Viskas J\u016bs\u0173 \u0161uns, kat\u0117s prie\u017ei\u016brai\",\"publisher\":{\"@id\":\"https:\\\/\\\/anivet.lt\\\/elparduotuve\\\/#organization\"},\"alternateName\":\"Viskas J\u016bs\u0173 \u0161uns, kat\u0117s prie\u017ei\u016brai\",\"potentialAction\":[{\"@type\":\"SearchAction\",\"target\":{\"@type\":\"EntryPoint\",\"urlTemplate\":\"https:\\\/\\\/anivet.lt\\\/elparduotuve\\\/?s={search_term_string}\"},\"query-input\":{\"@type\":\"PropertyValueSpecification\",\"valueRequired\":true,\"valueName\":\"search_term_string\"}}],\"inLanguage\":\"lt-LT\"},{\"@type\":\"Organization\",\"@id\":\"https:\\\/\\\/anivet.lt\\\/elparduotuve\\\/#organization\",\"name\":\"Viskas J\u016bs\u0173 \u0161uns, kat\u0117s prie\u017ei\u016brai\",\"url\":\"https:\\\/\\\/anivet.lt\\\/elparduotuve\\\/\",\"logo\":{\"@type\":\"ImageObject\",\"inLanguage\":\"lt-LT\",\"@id\":\"https:\\\/\\\/anivet.lt\\\/elparduotuve\\\/#\\\/schema\\\/logo\\\/image\\\/\",\"url\":\"https:\\\/\\\/anivet.lt\\\/elparduotuve\\\/wp-content\\\/uploads\\\/2023\\\/06\\\/logo2.jpg\",\"contentUrl\":\"https:\\\/\\\/anivet.lt\\\/elparduotuve\\\/wp-content\\\/uploads\\\/2023\\\/06\\\/logo2.jpg\",\"width\":655,\"height\":194,\"caption\":\"Viskas J\u016bs\u0173 \u0161uns, kat\u0117s prie\u017ei\u016brai\"},\"image\":{\"@id\":\"https:\\\/\\\/anivet.lt\\\/elparduotuve\\\/#\\\/schema\\\/logo\\\/image\\\/\"}}]}<\/script>\n<!-- \/ Yoast SEO Premium plugin. -->","yoast_head_json":{"title":"VetExpert 4T Vet. Diet Hypoallergenic konservai alergi\u0161koms kat\u0117ms 3x100g - anivet.lt","description":"Visavertis ir subalansuotas dietinis pa\u0161aras, skirtas kat\u0117ms, turin\u010dioms komponent\u0173 ir maistini\u0173 med\u017eiag\u0173 netoleravimo problem\u0173. Formul\u0117je naudojamas ribotas baltym\u0173 \u0161altini\u0173 kiekis, kur pagrindinis baltym\u0173 \u0161altinis yra kalakutiena, praturtinta spirulina ir inulinu, palaikan\u010diais vir\u0161kinimo sveikat\u0105.","robots":{"index":"index","follow":"follow","max-snippet":"max-snippet:-1","max-image-preview":"max-image-preview:large","max-video-preview":"max-video-preview:-1"},"canonical":"https:\/\/anivet.lt\/elparduotuve\/produktas\/vetexpert-4t-vet-diet-hypoallergenic-konservai-alergiskoms-katems-3x100g\/","og_locale":"lt_LT","og_type":"article","og_title":"VetExpert 4T Vet. Diet Hypoallergenic konservai alergi\u0161koms kat\u0117ms 3x100g","og_description":"Visavertis ir subalansuotas dietinis pa\u0161aras, skirtas kat\u0117ms, turin\u010dioms komponent\u0173 ir maistini\u0173 med\u017eiag\u0173 netoleravimo problem\u0173. Formul\u0117je naudojamas ribotas baltym\u0173 \u0161altini\u0173 kiekis, kur pagrindinis baltym\u0173 \u0161altinis yra kalakutiena, praturtinta spirulina ir inulinu, palaikan\u010diais vir\u0161kinimo sveikat\u0105.","og_url":"https:\/\/anivet.lt\/elparduotuve\/produktas\/vetexpert-4t-vet-diet-hypoallergenic-konservai-alergiskoms-katems-3x100g\/","og_site_name":"anivet.lt","article_modified_time":"2026-04-27T15:07:35+00:00","og_image":[{"width":650,"height":802,"url":"https:\/\/anivet.lt\/elparduotuve\/wp-content\/uploads\/2025\/01\/VetExpert-4T-Vet.-Diet-Hypoallergenic-konservai-alergiskoms-katems-3x100g.jpg","type":"image\/jpeg"}],"twitter_card":"summary_large_image","twitter_misc":{"Est. reading time":"1 minut\u0117"},"schema":{"@context":"https:\/\/schema.org","@graph":[{"@type":"WebPage","@id":"https:\/\/anivet.lt\/elparduotuve\/produktas\/vetexpert-4t-vet-diet-hypoallergenic-konservai-alergiskoms-katems-3x100g\/","url":"https:\/\/anivet.lt\/elparduotuve\/produktas\/vetexpert-4t-vet-diet-hypoallergenic-konservai-alergiskoms-katems-3x100g\/","name":"VetExpert 4T Vet. Diet Hypoallergenic konservai alergi\u0161koms kat\u0117ms 3x100g - anivet.lt","isPartOf":{"@id":"https:\/\/anivet.lt\/elparduotuve\/#website"},"primaryImageOfPage":{"@id":"https:\/\/anivet.lt\/elparduotuve\/produktas\/vetexpert-4t-vet-diet-hypoallergenic-konservai-alergiskoms-katems-3x100g\/#primaryimage"},"image":{"@id":"https:\/\/anivet.lt\/elparduotuve\/produktas\/vetexpert-4t-vet-diet-hypoallergenic-konservai-alergiskoms-katems-3x100g\/#primaryimage"},"thumbnailUrl":"https:\/\/anivet.lt\/elparduotuve\/wp-content\/uploads\/2025\/01\/VetExpert-4T-Vet.-Diet-Hypoallergenic-konservai-alergiskoms-katems-3x100g.jpg","datePublished":"2025-01-02T12:03:42+00:00","dateModified":"2026-04-27T15:07:35+00:00","description":"Visavertis ir subalansuotas dietinis pa\u0161aras, skirtas kat\u0117ms, turin\u010dioms komponent\u0173 ir maistini\u0173 med\u017eiag\u0173 netoleravimo problem\u0173. Formul\u0117je naudojamas ribotas baltym\u0173 \u0161altini\u0173 kiekis, kur pagrindinis baltym\u0173 \u0161altinis yra kalakutiena, praturtinta spirulina ir inulinu, palaikan\u010diais vir\u0161kinimo sveikat\u0105.","breadcrumb":{"@id":"https:\/\/anivet.lt\/elparduotuve\/produktas\/vetexpert-4t-vet-diet-hypoallergenic-konservai-alergiskoms-katems-3x100g\/#breadcrumb"},"inLanguage":"lt-LT","potentialAction":[{"@type":"ReadAction","target":["https:\/\/anivet.lt\/elparduotuve\/produktas\/vetexpert-4t-vet-diet-hypoallergenic-konservai-alergiskoms-katems-3x100g\/"]}]},{"@type":"ImageObject","inLanguage":"lt-LT","@id":"https:\/\/anivet.lt\/elparduotuve\/produktas\/vetexpert-4t-vet-diet-hypoallergenic-konservai-alergiskoms-katems-3x100g\/#primaryimage","url":"https:\/\/anivet.lt\/elparduotuve\/wp-content\/uploads\/2025\/01\/VetExpert-4T-Vet.-Diet-Hypoallergenic-konservai-alergiskoms-katems-3x100g.jpg","contentUrl":"https:\/\/anivet.lt\/elparduotuve\/wp-content\/uploads\/2025\/01\/VetExpert-4T-Vet.-Diet-Hypoallergenic-konservai-alergiskoms-katems-3x100g.jpg","width":650,"height":802,"caption":"VetExpert 4T Vet. Diet Hypoallergenic konservai alergi\u0161koms kat\u0117ms 3x100g"},{"@type":"BreadcrumbList","@id":"https:\/\/anivet.lt\/elparduotuve\/produktas\/vetexpert-4t-vet-diet-hypoallergenic-konservai-alergiskoms-katems-3x100g\/#breadcrumb","itemListElement":[{"@type":"ListItem","position":1,"name":"Home","item":"https:\/\/anivet.lt\/elparduotuve\/"},{"@type":"ListItem","position":2,"name":"Produktai","item":"https:\/\/anivet.lt\/elparduotuve\/produktai\/"},{"@type":"ListItem","position":3,"name":"VetExpert 4T Vet. Diet Hypoallergenic konservai alergi\u0161koms kat\u0117ms 3x100g"}]},{"@type":"WebSite","@id":"https:\/\/anivet.lt\/elparduotuve\/#website","url":"https:\/\/anivet.lt\/elparduotuve\/","name":"anivet.lt","description":"Viskas J\u016bs\u0173 \u0161uns, kat\u0117s prie\u017ei\u016brai","publisher":{"@id":"https:\/\/anivet.lt\/elparduotuve\/#organization"},"alternateName":"Viskas J\u016bs\u0173 \u0161uns, kat\u0117s prie\u017ei\u016brai","potentialAction":[{"@type":"SearchAction","target":{"@type":"EntryPoint","urlTemplate":"https:\/\/anivet.lt\/elparduotuve\/?s={search_term_string}"},"query-input":{"@type":"PropertyValueSpecification","valueRequired":true,"valueName":"search_term_string"}}],"inLanguage":"lt-LT"},{"@type":"Organization","@id":"https:\/\/anivet.lt\/elparduotuve\/#organization","name":"Viskas J\u016bs\u0173 \u0161uns, kat\u0117s prie\u017ei\u016brai","url":"https:\/\/anivet.lt\/elparduotuve\/","logo":{"@type":"ImageObject","inLanguage":"lt-LT","@id":"https:\/\/anivet.lt\/elparduotuve\/#\/schema\/logo\/image\/","url":"https:\/\/anivet.lt\/elparduotuve\/wp-content\/uploads\/2023\/06\/logo2.jpg","contentUrl":"https:\/\/anivet.lt\/elparduotuve\/wp-content\/uploads\/2023\/06\/logo2.jpg","width":655,"height":194,"caption":"Viskas J\u016bs\u0173 \u0161uns, kat\u0117s prie\u017ei\u016brai"},"image":{"@id":"https:\/\/anivet.lt\/elparduotuve\/#\/schema\/logo\/image\/"}}]}},"_links":{"self":[{"href":"https:\/\/anivet.lt\/elparduotuve\/wp-json\/wp\/v2\/product\/15868","targetHints":{"allow":["GET"]}}],"collection":[{"href":"https:\/\/anivet.lt\/elparduotuve\/wp-json\/wp\/v2\/product"}],"about":[{"href":"https:\/\/anivet.lt\/elparduotuve\/wp-json\/wp\/v2\/types\/product"}],"wp:featuredmedia":[{"embeddable":true,"href":"https:\/\/anivet.lt\/elparduotuve\/wp-json\/wp\/v2\/media\/19968"}],"wp:attachment":[{"href":"https:\/\/anivet.lt\/elparduotuve\/wp-json\/wp\/v2\/media?parent=15868"}],"wp:term":[{"taxonomy":"product_brand","embeddable":true,"href":"https:\/\/anivet.lt\/elparduotuve\/wp-json\/wp\/v2\/product_brand?post=15868"},{"taxonomy":"product_cat","embeddable":true,"href":"https:\/\/anivet.lt\/elparduotuve\/wp-json\/wp\/v2\/product_cat?post=15868"},{"taxonomy":"product_tag","embeddable":true,"href":"https:\/\/anivet.lt\/elparduotuve\/wp-json\/wp\/v2\/product_tag?post=15868"}],"curies":[{"name":"wp","href":"https:\/\/api.w.org\/{rel}","templated":true}]}}