{"id":15870,"date":"2025-01-02T12:08:22","date_gmt":"2025-01-02T12:08:22","guid":{"rendered":"https:\/\/anivet.lt\/elparduotuve\/?post_type=product&#038;p=15870"},"modified":"2026-01-12T17:22:48","modified_gmt":"2026-01-12T17:22:48","slug":"vetexpert-4t-vet-diet-hepatic-konservai-katems-esant-kepenu-nepakankamumui-3x100g","status":"publish","type":"product","link":"https:\/\/anivet.lt\/elparduotuve\/produktas\/vetexpert-4t-vet-diet-hepatic-konservai-katems-esant-kepenu-nepakankamumui-3x100g\/","title":{"rendered":"VetExpert 4T Vet. Diet Hepatic konservai kat\u0117ms esant kepen\u0173 nepakankamumui 3x100g"},"content":{"rendered":"<p><span style=\"font-weight: 400;\">Visavertis ir subalansuotas dietinis pa\u0161aras, skirtas suaugusioms kat\u0117ms, turin\u010dioms l\u0117tin\u012f kepen\u0173 nepakankamum\u0105. Monobaltymin\u0117 recept\u016bra su vi\u0161tiena ir lengvai vir\u0161kinamais ry\u017eiais palaiko kepen\u0173 funkcij\u0105, ma\u017eina vario kaupim\u0105si kepenyse ir u\u017etikrina optimal\u0173 maistini\u0173 med\u017eiag\u0173 \u012fsisavinim\u0105.<\/span><\/p>\n<ul>\n<li style=\"font-weight: 400;\" aria-level=\"1\"><span style=\"font-weight: 400;\">Monobaltymin\u0117 formul\u0117: Vi\u0161tiena (46%) \u2013 vienintelis gyv\u016bnini\u0173 baltym\u0173 \u0161altinis, lengvai vir\u0161kinamas ir ma\u017einantis kepen\u0173 apkrov\u0105.<\/span><\/li>\n<li style=\"font-weight: 400;\" aria-level=\"1\"><span style=\"font-weight: 400;\">Suma\u017eintas vario kiekis: Kontroliuojamas vario lygis (2 mg\/kg) padeda ma\u017einti jo kaupim\u0105si kepenyse.<\/span><\/li>\n<li style=\"font-weight: 400;\" aria-level=\"1\"><span style=\"font-weight: 400;\">Lengvai vir\u0161kinami angliavandeniai: Ry\u017eiai (3%) u\u017etikrina ger\u0105 vir\u0161kinim\u0105 ir suteikia energijos, netrikdant jautrios vir\u0161kinimo sistemos.<\/span><\/li>\n<li style=\"font-weight: 400;\" aria-level=\"1\"><span style=\"font-weight: 400;\">Omega-3 ir Omega-6 riebal\u0173 r\u016bg\u0161tys: La\u0161i\u0161\u0173 aliejus ir lin\u0173 s\u0117men\u0173 aliejus palaiko sveik\u0105 od\u0105, kail\u012f ir ma\u017eina u\u017edegiminius procesus.<\/span><\/li>\n<li style=\"font-weight: 400;\" aria-level=\"1\"><span style=\"font-weight: 400;\">Praturtintas taurinu ir DL-metioninu: Taurinas (1500 mg\/kg) palaiko \u0161irdies, reg\u0117jimo ir bendr\u0105 organizmo sveikat\u0105, o DL-metioninas palaiko kepen\u0173 funkcij\u0105.<\/span><\/li>\n<\/ul>\n<p><span style=\"font-weight: 400;\">\u201eVetExpert 4T Vet. Diet Hepatic\u201d konservai \u2013 puikus pasirinkimas kat\u0117ms, sergan\u010dioms kepen\u0173 ligomis. Subalansuota ir moksli\u0161kai pagr\u012fsta formul\u0117 padeda palaikyti kepen\u0173 veikl\u0105, u\u017etikrina ger\u0105 savijaut\u0105 ir lengvai \u012fsisavinamas maistines med\u017eiagas.<\/span><\/p>\n","protected":false},"excerpt":{"rendered":"<p>Visavertis ir subalansuotas dietinis pa\u0161aras, skirtas suaugusioms kat\u0117ms, turin\u010dioms l\u0117tin\u012f kepen\u0173 nepakankamum\u0105. Monobaltymin\u0117 recept\u016bra su vi\u0161tiena ir lengvai vir\u0161kinamais ry\u017eiais<\/p>\n","protected":false},"featured_media":15871,"template":"","meta":[],"product_brand":[],"product_cat":[114,102,118,563],"product_tag":[],"class_list":{"0":"post-15870","1":"product","2":"type-product","3":"status-publish","4":"has-post-thumbnail","6":"product_cat-kaciu-maistas","7":"product_cat-katems","8":"product_cat-veterinarinis-maistas-katems","9":"product_cat-vet-expert-kaciu-maistas","10":"pa_prekinis-zenklas-vetexpert","12":"first","13":"instock","14":"taxable","15":"shipping-taxable","16":"purchasable","17":"product-type-simple"},"yoast_head":"<!-- This site is optimized with the Yoast SEO Premium plugin v27.1 (Yoast SEO v27.5) - https:\/\/yoast.com\/product\/yoast-seo-premium-wordpress\/ -->\n<title>VetExpert 4T Vet. Diet Hepatic konservai kat\u0117ms esant kepen\u0173 nepakankamumui 3x100g - anivet.lt<\/title>\n<meta name=\"description\" content=\"Visavertis ir subalansuotas dietinis pa\u0161aras, skirtas suaugusioms kat\u0117ms, turin\u010dioms l\u0117tin\u012f kepen\u0173 nepakankamum\u0105. Monobaltymin\u0117 recept\u016bra su vi\u0161tiena ir\" \/>\n<meta name=\"robots\" content=\"index, follow, max-snippet:-1, max-image-preview:large, max-video-preview:-1\" \/>\n<link rel=\"canonical\" href=\"https:\/\/anivet.lt\/elparduotuve\/produktas\/vetexpert-4t-vet-diet-hepatic-konservai-katems-esant-kepenu-nepakankamumui-3x100g\/\" \/>\n<meta property=\"og:locale\" content=\"lt_LT\" \/>\n<meta property=\"og:type\" content=\"article\" \/>\n<meta property=\"og:title\" content=\"VetExpert 4T Vet. Diet Hepatic konservai kat\u0117ms esant kepen\u0173 nepakankamumui 3x100g\" \/>\n<meta property=\"og:description\" content=\"Visavertis ir subalansuotas dietinis pa\u0161aras, skirtas suaugusioms kat\u0117ms, turin\u010dioms l\u0117tin\u012f kepen\u0173 nepakankamum\u0105. Monobaltymin\u0117 recept\u016bra su vi\u0161tiena ir\" \/>\n<meta property=\"og:url\" content=\"https:\/\/anivet.lt\/elparduotuve\/produktas\/vetexpert-4t-vet-diet-hepatic-konservai-katems-esant-kepenu-nepakankamumui-3x100g\/\" \/>\n<meta property=\"og:site_name\" content=\"anivet.lt\" \/>\n<meta property=\"article:modified_time\" content=\"2026-01-12T17:22:48+00:00\" \/>\n<meta property=\"og:image\" content=\"https:\/\/anivet.lt\/elparduotuve\/wp-content\/uploads\/2025\/01\/31.-4T-Vet.-diet-Hepatic-cat-100g-kons.jpg\" \/>\n\t<meta property=\"og:image:width\" content=\"1000\" \/>\n\t<meta property=\"og:image:height\" content=\"1414\" \/>\n\t<meta property=\"og:image:type\" content=\"image\/jpeg\" \/>\n<meta name=\"twitter:card\" content=\"summary_large_image\" \/>\n<meta name=\"twitter:label1\" content=\"Est. reading time\" \/>\n\t<meta name=\"twitter:data1\" content=\"1 minut\u0117\" \/>\n<script type=\"application\/ld+json\" class=\"yoast-schema-graph\">{\"@context\":\"https:\\\/\\\/schema.org\",\"@graph\":[{\"@type\":\"WebPage\",\"@id\":\"https:\\\/\\\/anivet.lt\\\/elparduotuve\\\/produktas\\\/vetexpert-4t-vet-diet-hepatic-konservai-katems-esant-kepenu-nepakankamumui-3x100g\\\/\",\"url\":\"https:\\\/\\\/anivet.lt\\\/elparduotuve\\\/produktas\\\/vetexpert-4t-vet-diet-hepatic-konservai-katems-esant-kepenu-nepakankamumui-3x100g\\\/\",\"name\":\"VetExpert 4T Vet. Diet Hepatic konservai kat\u0117ms esant kepen\u0173 nepakankamumui 3x100g - anivet.lt\",\"isPartOf\":{\"@id\":\"https:\\\/\\\/anivet.lt\\\/elparduotuve\\\/#website\"},\"primaryImageOfPage\":{\"@id\":\"https:\\\/\\\/anivet.lt\\\/elparduotuve\\\/produktas\\\/vetexpert-4t-vet-diet-hepatic-konservai-katems-esant-kepenu-nepakankamumui-3x100g\\\/#primaryimage\"},\"image\":{\"@id\":\"https:\\\/\\\/anivet.lt\\\/elparduotuve\\\/produktas\\\/vetexpert-4t-vet-diet-hepatic-konservai-katems-esant-kepenu-nepakankamumui-3x100g\\\/#primaryimage\"},\"thumbnailUrl\":\"https:\\\/\\\/anivet.lt\\\/elparduotuve\\\/wp-content\\\/uploads\\\/2025\\\/01\\\/31.-4T-Vet.-diet-Hepatic-cat-100g-kons.jpg\",\"datePublished\":\"2025-01-02T12:08:22+00:00\",\"dateModified\":\"2026-01-12T17:22:48+00:00\",\"description\":\"Visavertis ir subalansuotas dietinis pa\u0161aras, skirtas suaugusioms kat\u0117ms, turin\u010dioms l\u0117tin\u012f kepen\u0173 nepakankamum\u0105. Monobaltymin\u0117 recept\u016bra su vi\u0161tiena ir\",\"breadcrumb\":{\"@id\":\"https:\\\/\\\/anivet.lt\\\/elparduotuve\\\/produktas\\\/vetexpert-4t-vet-diet-hepatic-konservai-katems-esant-kepenu-nepakankamumui-3x100g\\\/#breadcrumb\"},\"inLanguage\":\"lt-LT\",\"potentialAction\":[{\"@type\":\"ReadAction\",\"target\":[\"https:\\\/\\\/anivet.lt\\\/elparduotuve\\\/produktas\\\/vetexpert-4t-vet-diet-hepatic-konservai-katems-esant-kepenu-nepakankamumui-3x100g\\\/\"]}]},{\"@type\":\"ImageObject\",\"inLanguage\":\"lt-LT\",\"@id\":\"https:\\\/\\\/anivet.lt\\\/elparduotuve\\\/produktas\\\/vetexpert-4t-vet-diet-hepatic-konservai-katems-esant-kepenu-nepakankamumui-3x100g\\\/#primaryimage\",\"url\":\"https:\\\/\\\/anivet.lt\\\/elparduotuve\\\/wp-content\\\/uploads\\\/2025\\\/01\\\/31.-4T-Vet.-diet-Hepatic-cat-100g-kons.jpg\",\"contentUrl\":\"https:\\\/\\\/anivet.lt\\\/elparduotuve\\\/wp-content\\\/uploads\\\/2025\\\/01\\\/31.-4T-Vet.-diet-Hepatic-cat-100g-kons.jpg\",\"width\":1000,\"height\":1414,\"caption\":\"VetExpert 4T Vet. Diet Hepatic konservai kat\u0117ms esant kepen\u0173 nepakankamumui 3x100g\"},{\"@type\":\"BreadcrumbList\",\"@id\":\"https:\\\/\\\/anivet.lt\\\/elparduotuve\\\/produktas\\\/vetexpert-4t-vet-diet-hepatic-konservai-katems-esant-kepenu-nepakankamumui-3x100g\\\/#breadcrumb\",\"itemListElement\":[{\"@type\":\"ListItem\",\"position\":1,\"name\":\"Home\",\"item\":\"https:\\\/\\\/anivet.lt\\\/elparduotuve\\\/\"},{\"@type\":\"ListItem\",\"position\":2,\"name\":\"Produktai\",\"item\":\"https:\\\/\\\/anivet.lt\\\/elparduotuve\\\/produktai\\\/\"},{\"@type\":\"ListItem\",\"position\":3,\"name\":\"VetExpert 4T Vet. Diet Hepatic konservai kat\u0117ms esant kepen\u0173 nepakankamumui 3x100g\"}]},{\"@type\":\"WebSite\",\"@id\":\"https:\\\/\\\/anivet.lt\\\/elparduotuve\\\/#website\",\"url\":\"https:\\\/\\\/anivet.lt\\\/elparduotuve\\\/\",\"name\":\"anivet.lt\",\"description\":\"Viskas J\u016bs\u0173 \u0161uns, kat\u0117s prie\u017ei\u016brai\",\"publisher\":{\"@id\":\"https:\\\/\\\/anivet.lt\\\/elparduotuve\\\/#organization\"},\"alternateName\":\"Viskas J\u016bs\u0173 \u0161uns, kat\u0117s prie\u017ei\u016brai\",\"potentialAction\":[{\"@type\":\"SearchAction\",\"target\":{\"@type\":\"EntryPoint\",\"urlTemplate\":\"https:\\\/\\\/anivet.lt\\\/elparduotuve\\\/?s={search_term_string}\"},\"query-input\":{\"@type\":\"PropertyValueSpecification\",\"valueRequired\":true,\"valueName\":\"search_term_string\"}}],\"inLanguage\":\"lt-LT\"},{\"@type\":\"Organization\",\"@id\":\"https:\\\/\\\/anivet.lt\\\/elparduotuve\\\/#organization\",\"name\":\"Viskas J\u016bs\u0173 \u0161uns, kat\u0117s prie\u017ei\u016brai\",\"url\":\"https:\\\/\\\/anivet.lt\\\/elparduotuve\\\/\",\"logo\":{\"@type\":\"ImageObject\",\"inLanguage\":\"lt-LT\",\"@id\":\"https:\\\/\\\/anivet.lt\\\/elparduotuve\\\/#\\\/schema\\\/logo\\\/image\\\/\",\"url\":\"https:\\\/\\\/anivet.lt\\\/elparduotuve\\\/wp-content\\\/uploads\\\/2023\\\/06\\\/logo2.jpg\",\"contentUrl\":\"https:\\\/\\\/anivet.lt\\\/elparduotuve\\\/wp-content\\\/uploads\\\/2023\\\/06\\\/logo2.jpg\",\"width\":655,\"height\":194,\"caption\":\"Viskas J\u016bs\u0173 \u0161uns, kat\u0117s prie\u017ei\u016brai\"},\"image\":{\"@id\":\"https:\\\/\\\/anivet.lt\\\/elparduotuve\\\/#\\\/schema\\\/logo\\\/image\\\/\"}}]}<\/script>\n<!-- \/ Yoast SEO Premium plugin. -->","yoast_head_json":{"title":"VetExpert 4T Vet. Diet Hepatic konservai kat\u0117ms esant kepen\u0173 nepakankamumui 3x100g - anivet.lt","description":"Visavertis ir subalansuotas dietinis pa\u0161aras, skirtas suaugusioms kat\u0117ms, turin\u010dioms l\u0117tin\u012f kepen\u0173 nepakankamum\u0105. Monobaltymin\u0117 recept\u016bra su vi\u0161tiena ir","robots":{"index":"index","follow":"follow","max-snippet":"max-snippet:-1","max-image-preview":"max-image-preview:large","max-video-preview":"max-video-preview:-1"},"canonical":"https:\/\/anivet.lt\/elparduotuve\/produktas\/vetexpert-4t-vet-diet-hepatic-konservai-katems-esant-kepenu-nepakankamumui-3x100g\/","og_locale":"lt_LT","og_type":"article","og_title":"VetExpert 4T Vet. Diet Hepatic konservai kat\u0117ms esant kepen\u0173 nepakankamumui 3x100g","og_description":"Visavertis ir subalansuotas dietinis pa\u0161aras, skirtas suaugusioms kat\u0117ms, turin\u010dioms l\u0117tin\u012f kepen\u0173 nepakankamum\u0105. Monobaltymin\u0117 recept\u016bra su vi\u0161tiena ir","og_url":"https:\/\/anivet.lt\/elparduotuve\/produktas\/vetexpert-4t-vet-diet-hepatic-konservai-katems-esant-kepenu-nepakankamumui-3x100g\/","og_site_name":"anivet.lt","article_modified_time":"2026-01-12T17:22:48+00:00","og_image":[{"width":1000,"height":1414,"url":"https:\/\/anivet.lt\/elparduotuve\/wp-content\/uploads\/2025\/01\/31.-4T-Vet.-diet-Hepatic-cat-100g-kons.jpg","type":"image\/jpeg"}],"twitter_card":"summary_large_image","twitter_misc":{"Est. reading time":"1 minut\u0117"},"schema":{"@context":"https:\/\/schema.org","@graph":[{"@type":"WebPage","@id":"https:\/\/anivet.lt\/elparduotuve\/produktas\/vetexpert-4t-vet-diet-hepatic-konservai-katems-esant-kepenu-nepakankamumui-3x100g\/","url":"https:\/\/anivet.lt\/elparduotuve\/produktas\/vetexpert-4t-vet-diet-hepatic-konservai-katems-esant-kepenu-nepakankamumui-3x100g\/","name":"VetExpert 4T Vet. Diet Hepatic konservai kat\u0117ms esant kepen\u0173 nepakankamumui 3x100g - anivet.lt","isPartOf":{"@id":"https:\/\/anivet.lt\/elparduotuve\/#website"},"primaryImageOfPage":{"@id":"https:\/\/anivet.lt\/elparduotuve\/produktas\/vetexpert-4t-vet-diet-hepatic-konservai-katems-esant-kepenu-nepakankamumui-3x100g\/#primaryimage"},"image":{"@id":"https:\/\/anivet.lt\/elparduotuve\/produktas\/vetexpert-4t-vet-diet-hepatic-konservai-katems-esant-kepenu-nepakankamumui-3x100g\/#primaryimage"},"thumbnailUrl":"https:\/\/anivet.lt\/elparduotuve\/wp-content\/uploads\/2025\/01\/31.-4T-Vet.-diet-Hepatic-cat-100g-kons.jpg","datePublished":"2025-01-02T12:08:22+00:00","dateModified":"2026-01-12T17:22:48+00:00","description":"Visavertis ir subalansuotas dietinis pa\u0161aras, skirtas suaugusioms kat\u0117ms, turin\u010dioms l\u0117tin\u012f kepen\u0173 nepakankamum\u0105. Monobaltymin\u0117 recept\u016bra su vi\u0161tiena ir","breadcrumb":{"@id":"https:\/\/anivet.lt\/elparduotuve\/produktas\/vetexpert-4t-vet-diet-hepatic-konservai-katems-esant-kepenu-nepakankamumui-3x100g\/#breadcrumb"},"inLanguage":"lt-LT","potentialAction":[{"@type":"ReadAction","target":["https:\/\/anivet.lt\/elparduotuve\/produktas\/vetexpert-4t-vet-diet-hepatic-konservai-katems-esant-kepenu-nepakankamumui-3x100g\/"]}]},{"@type":"ImageObject","inLanguage":"lt-LT","@id":"https:\/\/anivet.lt\/elparduotuve\/produktas\/vetexpert-4t-vet-diet-hepatic-konservai-katems-esant-kepenu-nepakankamumui-3x100g\/#primaryimage","url":"https:\/\/anivet.lt\/elparduotuve\/wp-content\/uploads\/2025\/01\/31.-4T-Vet.-diet-Hepatic-cat-100g-kons.jpg","contentUrl":"https:\/\/anivet.lt\/elparduotuve\/wp-content\/uploads\/2025\/01\/31.-4T-Vet.-diet-Hepatic-cat-100g-kons.jpg","width":1000,"height":1414,"caption":"VetExpert 4T Vet. Diet Hepatic konservai kat\u0117ms esant kepen\u0173 nepakankamumui 3x100g"},{"@type":"BreadcrumbList","@id":"https:\/\/anivet.lt\/elparduotuve\/produktas\/vetexpert-4t-vet-diet-hepatic-konservai-katems-esant-kepenu-nepakankamumui-3x100g\/#breadcrumb","itemListElement":[{"@type":"ListItem","position":1,"name":"Home","item":"https:\/\/anivet.lt\/elparduotuve\/"},{"@type":"ListItem","position":2,"name":"Produktai","item":"https:\/\/anivet.lt\/elparduotuve\/produktai\/"},{"@type":"ListItem","position":3,"name":"VetExpert 4T Vet. Diet Hepatic konservai kat\u0117ms esant kepen\u0173 nepakankamumui 3x100g"}]},{"@type":"WebSite","@id":"https:\/\/anivet.lt\/elparduotuve\/#website","url":"https:\/\/anivet.lt\/elparduotuve\/","name":"anivet.lt","description":"Viskas J\u016bs\u0173 \u0161uns, kat\u0117s prie\u017ei\u016brai","publisher":{"@id":"https:\/\/anivet.lt\/elparduotuve\/#organization"},"alternateName":"Viskas J\u016bs\u0173 \u0161uns, kat\u0117s prie\u017ei\u016brai","potentialAction":[{"@type":"SearchAction","target":{"@type":"EntryPoint","urlTemplate":"https:\/\/anivet.lt\/elparduotuve\/?s={search_term_string}"},"query-input":{"@type":"PropertyValueSpecification","valueRequired":true,"valueName":"search_term_string"}}],"inLanguage":"lt-LT"},{"@type":"Organization","@id":"https:\/\/anivet.lt\/elparduotuve\/#organization","name":"Viskas J\u016bs\u0173 \u0161uns, kat\u0117s prie\u017ei\u016brai","url":"https:\/\/anivet.lt\/elparduotuve\/","logo":{"@type":"ImageObject","inLanguage":"lt-LT","@id":"https:\/\/anivet.lt\/elparduotuve\/#\/schema\/logo\/image\/","url":"https:\/\/anivet.lt\/elparduotuve\/wp-content\/uploads\/2023\/06\/logo2.jpg","contentUrl":"https:\/\/anivet.lt\/elparduotuve\/wp-content\/uploads\/2023\/06\/logo2.jpg","width":655,"height":194,"caption":"Viskas J\u016bs\u0173 \u0161uns, kat\u0117s prie\u017ei\u016brai"},"image":{"@id":"https:\/\/anivet.lt\/elparduotuve\/#\/schema\/logo\/image\/"}}]}},"_links":{"self":[{"href":"https:\/\/anivet.lt\/elparduotuve\/wp-json\/wp\/v2\/product\/15870","targetHints":{"allow":["GET"]}}],"collection":[{"href":"https:\/\/anivet.lt\/elparduotuve\/wp-json\/wp\/v2\/product"}],"about":[{"href":"https:\/\/anivet.lt\/elparduotuve\/wp-json\/wp\/v2\/types\/product"}],"wp:featuredmedia":[{"embeddable":true,"href":"https:\/\/anivet.lt\/elparduotuve\/wp-json\/wp\/v2\/media\/15871"}],"wp:attachment":[{"href":"https:\/\/anivet.lt\/elparduotuve\/wp-json\/wp\/v2\/media?parent=15870"}],"wp:term":[{"taxonomy":"product_brand","embeddable":true,"href":"https:\/\/anivet.lt\/elparduotuve\/wp-json\/wp\/v2\/product_brand?post=15870"},{"taxonomy":"product_cat","embeddable":true,"href":"https:\/\/anivet.lt\/elparduotuve\/wp-json\/wp\/v2\/product_cat?post=15870"},{"taxonomy":"product_tag","embeddable":true,"href":"https:\/\/anivet.lt\/elparduotuve\/wp-json\/wp\/v2\/product_tag?post=15870"}],"curies":[{"name":"wp","href":"https:\/\/api.w.org\/{rel}","templated":true}]}}