{"id":15872,"date":"2025-01-02T12:13:25","date_gmt":"2025-01-02T12:13:25","guid":{"rendered":"https:\/\/anivet.lt\/elparduotuve\/?post_type=product&#038;p=15872"},"modified":"2025-05-27T13:33:21","modified_gmt":"2025-05-27T13:33:21","slug":"vetexpert-4t-vet-diet-urinary-konservai-katems-turincioms-slapimo-problemu-3x100g","status":"publish","type":"product","link":"https:\/\/anivet.lt\/elparduotuve\/produktas\/vetexpert-4t-vet-diet-urinary-konservai-katems-turincioms-slapimo-problemu-3x100g\/","title":{"rendered":"VetExpert 4T Vet. Diet Urinary konservai kat\u0117ms turin\u010dioms \u0161lapimo problem\u0173 3x100g"},"content":{"rendered":"<p><span style=\"font-weight: 400;\">Visavertis ir subalansuotas dietinis pa\u0161aras, skirtas suaugusioms kat\u0117ms palaikyti apatini\u0173 \u0161lapimo tak\u0173 sveikat\u0105. \u0160is pa\u0161aras padeda tirpdyti struvitinius kristalus ir akmenis bei ma\u017eina j\u0173 formavimosi rizik\u0105, u\u017etikrindamas tinkam\u0105 \u0161lapimo pH balans\u0105.<\/span><\/p>\n<ul>\n<li style=\"font-weight: 400;\" aria-level=\"1\"><span style=\"font-weight: 400;\">\u0160lapimo r\u016bg\u0161tinimas: DL-metioninas r\u016bg\u0161tina \u0161lapim\u0105, padeda i\u0161tirpdyti esamus struvitinius kristalus ir neleid\u017eia susidaryti naujiems.<\/span><\/li>\n<li style=\"font-weight: 400;\" aria-level=\"1\"><span style=\"font-weight: 400;\">Spanguoli\u0173 nauda: Spanguol\u0117s padeda suma\u017einti bakterij\u0173 prilipim\u0105 prie \u0161lapimo p\u016bsl\u0117s gleivin\u0117s ir palaiko \u0161lapimo tak\u0173 sveikat\u0105.<\/span><\/li>\n<li style=\"font-weight: 400;\" aria-level=\"1\"><span style=\"font-weight: 400;\">Subalansuota mineral\u0173 sud\u0117tis: Kontroliuojamas kalcio, fosforo, magnio ir natrio kiekis ma\u017eina kristal\u0173 formavimosi rizik\u0105.<\/span><\/li>\n<li style=\"font-weight: 400;\" aria-level=\"1\"><span style=\"font-weight: 400;\">Dieta be gr\u016bd\u0173 ir glitimo: Suma\u017eina alergij\u0173 ir netoleravimo rizik\u0105, tinka jautrioms kat\u0117ms.<\/span><\/li>\n<li style=\"font-weight: 400;\" aria-level=\"1\"><span style=\"font-weight: 400;\">Omega-3 riebal\u0173 r\u016bg\u0161tys<\/span><b>:<\/b><span style=\"font-weight: 400;\"> La\u0161i\u0161\u0173 aliejus palaiko sveik\u0105 od\u0105, kail\u012f ir bendrai gerina organizmo funkcijas.<\/span><\/li>\n<\/ul>\n<p><span style=\"font-weight: 400;\">Puikus pasirinkimas kat\u0117ms, turin\u010dioms polink\u012f \u012f \u0161lapimo tak\u0173 problemas. \u0160is maistingas ir skanus pa\u0161aras palaiko sveik\u0105 \u0161lapimo pH, ma\u017eina struvitini\u0173 kristal\u0173 susidarym\u0105 bei skatina geresn\u012f vandens balans\u0105 organizme.<\/span><\/p>\n","protected":false},"excerpt":{"rendered":"<p>Visavertis ir subalansuotas dietinis pa\u0161aras, skirtas suaugusioms kat\u0117ms palaikyti apatini\u0173 \u0161lapimo tak\u0173 sveikat\u0105. \u0160is pa\u0161aras padeda tirpdyti struvitinius kristalus ir<\/p>\n","protected":false},"featured_media":15873,"template":"","meta":[],"product_brand":[],"product_cat":[114,102,118,563],"product_tag":[],"class_list":{"0":"post-15872","1":"product","2":"type-product","3":"status-publish","4":"has-post-thumbnail","6":"product_cat-kaciu-maistas","7":"product_cat-katems","8":"product_cat-veterinarinis-maistas-katems","9":"product_cat-vet-expert-kaciu-maistas","10":"pa_prekinis-zenklas-vetexpert","12":"first","13":"outofstock","14":"taxable","15":"shipping-taxable","16":"purchasable","17":"product-type-simple"},"yoast_head":"<!-- This site is optimized with the Yoast SEO Premium plugin v27.1 (Yoast SEO v27.5) - https:\/\/yoast.com\/product\/yoast-seo-premium-wordpress\/ -->\n<title>VetExpert 4T Vet. Diet Urinary konservai kat\u0117ms turin\u010dioms \u0161lapimo problem\u0173 3x100g - anivet.lt<\/title>\n<meta name=\"description\" content=\"Visavertis ir subalansuotas dietinis pa\u0161aras, skirtas suaugusioms kat\u0117ms palaikyti apatini\u0173 \u0161lapimo tak\u0173 sveikat\u0105. \u0160is pa\u0161aras padeda tirpdyti\" \/>\n<meta name=\"robots\" content=\"index, follow, max-snippet:-1, max-image-preview:large, max-video-preview:-1\" \/>\n<link rel=\"canonical\" href=\"https:\/\/anivet.lt\/elparduotuve\/produktas\/vetexpert-4t-vet-diet-urinary-konservai-katems-turincioms-slapimo-problemu-3x100g\/\" \/>\n<meta property=\"og:locale\" content=\"lt_LT\" \/>\n<meta property=\"og:type\" content=\"article\" \/>\n<meta property=\"og:title\" content=\"VetExpert 4T Vet. Diet Urinary konservai kat\u0117ms turin\u010dioms \u0161lapimo problem\u0173 3x100g\" \/>\n<meta property=\"og:description\" content=\"Visavertis ir subalansuotas dietinis pa\u0161aras, skirtas suaugusioms kat\u0117ms palaikyti apatini\u0173 \u0161lapimo tak\u0173 sveikat\u0105. \u0160is pa\u0161aras padeda tirpdyti\" \/>\n<meta property=\"og:url\" content=\"https:\/\/anivet.lt\/elparduotuve\/produktas\/vetexpert-4t-vet-diet-urinary-konservai-katems-turincioms-slapimo-problemu-3x100g\/\" \/>\n<meta property=\"og:site_name\" content=\"anivet.lt\" \/>\n<meta property=\"article:modified_time\" content=\"2025-05-27T13:33:21+00:00\" \/>\n<meta property=\"og:image\" content=\"https:\/\/anivet.lt\/elparduotuve\/wp-content\/uploads\/2025\/01\/32.-4T-Vet.-diet-Urinary-cat-100g-kons.jpg\" \/>\n\t<meta property=\"og:image:width\" content=\"1000\" \/>\n\t<meta property=\"og:image:height\" content=\"714\" \/>\n\t<meta property=\"og:image:type\" content=\"image\/jpeg\" \/>\n<meta name=\"twitter:card\" content=\"summary_large_image\" \/>\n<meta name=\"twitter:label1\" content=\"Est. reading time\" \/>\n\t<meta name=\"twitter:data1\" content=\"1 minut\u0117\" \/>\n<script type=\"application\/ld+json\" class=\"yoast-schema-graph\">{\"@context\":\"https:\\\/\\\/schema.org\",\"@graph\":[{\"@type\":\"WebPage\",\"@id\":\"https:\\\/\\\/anivet.lt\\\/elparduotuve\\\/produktas\\\/vetexpert-4t-vet-diet-urinary-konservai-katems-turincioms-slapimo-problemu-3x100g\\\/\",\"url\":\"https:\\\/\\\/anivet.lt\\\/elparduotuve\\\/produktas\\\/vetexpert-4t-vet-diet-urinary-konservai-katems-turincioms-slapimo-problemu-3x100g\\\/\",\"name\":\"VetExpert 4T Vet. Diet Urinary konservai kat\u0117ms turin\u010dioms \u0161lapimo problem\u0173 3x100g - anivet.lt\",\"isPartOf\":{\"@id\":\"https:\\\/\\\/anivet.lt\\\/elparduotuve\\\/#website\"},\"primaryImageOfPage\":{\"@id\":\"https:\\\/\\\/anivet.lt\\\/elparduotuve\\\/produktas\\\/vetexpert-4t-vet-diet-urinary-konservai-katems-turincioms-slapimo-problemu-3x100g\\\/#primaryimage\"},\"image\":{\"@id\":\"https:\\\/\\\/anivet.lt\\\/elparduotuve\\\/produktas\\\/vetexpert-4t-vet-diet-urinary-konservai-katems-turincioms-slapimo-problemu-3x100g\\\/#primaryimage\"},\"thumbnailUrl\":\"https:\\\/\\\/anivet.lt\\\/elparduotuve\\\/wp-content\\\/uploads\\\/2025\\\/01\\\/32.-4T-Vet.-diet-Urinary-cat-100g-kons.jpg\",\"datePublished\":\"2025-01-02T12:13:25+00:00\",\"dateModified\":\"2025-05-27T13:33:21+00:00\",\"description\":\"Visavertis ir subalansuotas dietinis pa\u0161aras, skirtas suaugusioms kat\u0117ms palaikyti apatini\u0173 \u0161lapimo tak\u0173 sveikat\u0105. \u0160is pa\u0161aras padeda tirpdyti\",\"breadcrumb\":{\"@id\":\"https:\\\/\\\/anivet.lt\\\/elparduotuve\\\/produktas\\\/vetexpert-4t-vet-diet-urinary-konservai-katems-turincioms-slapimo-problemu-3x100g\\\/#breadcrumb\"},\"inLanguage\":\"lt-LT\",\"potentialAction\":[{\"@type\":\"ReadAction\",\"target\":[\"https:\\\/\\\/anivet.lt\\\/elparduotuve\\\/produktas\\\/vetexpert-4t-vet-diet-urinary-konservai-katems-turincioms-slapimo-problemu-3x100g\\\/\"]}]},{\"@type\":\"ImageObject\",\"inLanguage\":\"lt-LT\",\"@id\":\"https:\\\/\\\/anivet.lt\\\/elparduotuve\\\/produktas\\\/vetexpert-4t-vet-diet-urinary-konservai-katems-turincioms-slapimo-problemu-3x100g\\\/#primaryimage\",\"url\":\"https:\\\/\\\/anivet.lt\\\/elparduotuve\\\/wp-content\\\/uploads\\\/2025\\\/01\\\/32.-4T-Vet.-diet-Urinary-cat-100g-kons.jpg\",\"contentUrl\":\"https:\\\/\\\/anivet.lt\\\/elparduotuve\\\/wp-content\\\/uploads\\\/2025\\\/01\\\/32.-4T-Vet.-diet-Urinary-cat-100g-kons.jpg\",\"width\":1000,\"height\":714,\"caption\":\"VetExpert 4T Vet. Diet Urinary konservai kat\u0117ms turin\u010dioms \u0161lapimo problem\u0173 3x100g\"},{\"@type\":\"BreadcrumbList\",\"@id\":\"https:\\\/\\\/anivet.lt\\\/elparduotuve\\\/produktas\\\/vetexpert-4t-vet-diet-urinary-konservai-katems-turincioms-slapimo-problemu-3x100g\\\/#breadcrumb\",\"itemListElement\":[{\"@type\":\"ListItem\",\"position\":1,\"name\":\"Home\",\"item\":\"https:\\\/\\\/anivet.lt\\\/elparduotuve\\\/\"},{\"@type\":\"ListItem\",\"position\":2,\"name\":\"Produktai\",\"item\":\"https:\\\/\\\/anivet.lt\\\/elparduotuve\\\/produktai\\\/\"},{\"@type\":\"ListItem\",\"position\":3,\"name\":\"VetExpert 4T Vet. Diet Urinary konservai kat\u0117ms turin\u010dioms \u0161lapimo problem\u0173 3x100g\"}]},{\"@type\":\"WebSite\",\"@id\":\"https:\\\/\\\/anivet.lt\\\/elparduotuve\\\/#website\",\"url\":\"https:\\\/\\\/anivet.lt\\\/elparduotuve\\\/\",\"name\":\"anivet.lt\",\"description\":\"Viskas J\u016bs\u0173 \u0161uns, kat\u0117s prie\u017ei\u016brai\",\"publisher\":{\"@id\":\"https:\\\/\\\/anivet.lt\\\/elparduotuve\\\/#organization\"},\"alternateName\":\"Viskas J\u016bs\u0173 \u0161uns, kat\u0117s prie\u017ei\u016brai\",\"potentialAction\":[{\"@type\":\"SearchAction\",\"target\":{\"@type\":\"EntryPoint\",\"urlTemplate\":\"https:\\\/\\\/anivet.lt\\\/elparduotuve\\\/?s={search_term_string}\"},\"query-input\":{\"@type\":\"PropertyValueSpecification\",\"valueRequired\":true,\"valueName\":\"search_term_string\"}}],\"inLanguage\":\"lt-LT\"},{\"@type\":\"Organization\",\"@id\":\"https:\\\/\\\/anivet.lt\\\/elparduotuve\\\/#organization\",\"name\":\"Viskas J\u016bs\u0173 \u0161uns, kat\u0117s prie\u017ei\u016brai\",\"url\":\"https:\\\/\\\/anivet.lt\\\/elparduotuve\\\/\",\"logo\":{\"@type\":\"ImageObject\",\"inLanguage\":\"lt-LT\",\"@id\":\"https:\\\/\\\/anivet.lt\\\/elparduotuve\\\/#\\\/schema\\\/logo\\\/image\\\/\",\"url\":\"https:\\\/\\\/anivet.lt\\\/elparduotuve\\\/wp-content\\\/uploads\\\/2023\\\/06\\\/logo2.jpg\",\"contentUrl\":\"https:\\\/\\\/anivet.lt\\\/elparduotuve\\\/wp-content\\\/uploads\\\/2023\\\/06\\\/logo2.jpg\",\"width\":655,\"height\":194,\"caption\":\"Viskas J\u016bs\u0173 \u0161uns, kat\u0117s prie\u017ei\u016brai\"},\"image\":{\"@id\":\"https:\\\/\\\/anivet.lt\\\/elparduotuve\\\/#\\\/schema\\\/logo\\\/image\\\/\"}}]}<\/script>\n<!-- \/ Yoast SEO Premium plugin. -->","yoast_head_json":{"title":"VetExpert 4T Vet. Diet Urinary konservai kat\u0117ms turin\u010dioms \u0161lapimo problem\u0173 3x100g - anivet.lt","description":"Visavertis ir subalansuotas dietinis pa\u0161aras, skirtas suaugusioms kat\u0117ms palaikyti apatini\u0173 \u0161lapimo tak\u0173 sveikat\u0105. \u0160is pa\u0161aras padeda tirpdyti","robots":{"index":"index","follow":"follow","max-snippet":"max-snippet:-1","max-image-preview":"max-image-preview:large","max-video-preview":"max-video-preview:-1"},"canonical":"https:\/\/anivet.lt\/elparduotuve\/produktas\/vetexpert-4t-vet-diet-urinary-konservai-katems-turincioms-slapimo-problemu-3x100g\/","og_locale":"lt_LT","og_type":"article","og_title":"VetExpert 4T Vet. Diet Urinary konservai kat\u0117ms turin\u010dioms \u0161lapimo problem\u0173 3x100g","og_description":"Visavertis ir subalansuotas dietinis pa\u0161aras, skirtas suaugusioms kat\u0117ms palaikyti apatini\u0173 \u0161lapimo tak\u0173 sveikat\u0105. \u0160is pa\u0161aras padeda tirpdyti","og_url":"https:\/\/anivet.lt\/elparduotuve\/produktas\/vetexpert-4t-vet-diet-urinary-konservai-katems-turincioms-slapimo-problemu-3x100g\/","og_site_name":"anivet.lt","article_modified_time":"2025-05-27T13:33:21+00:00","og_image":[{"width":1000,"height":714,"url":"https:\/\/anivet.lt\/elparduotuve\/wp-content\/uploads\/2025\/01\/32.-4T-Vet.-diet-Urinary-cat-100g-kons.jpg","type":"image\/jpeg"}],"twitter_card":"summary_large_image","twitter_misc":{"Est. reading time":"1 minut\u0117"},"schema":{"@context":"https:\/\/schema.org","@graph":[{"@type":"WebPage","@id":"https:\/\/anivet.lt\/elparduotuve\/produktas\/vetexpert-4t-vet-diet-urinary-konservai-katems-turincioms-slapimo-problemu-3x100g\/","url":"https:\/\/anivet.lt\/elparduotuve\/produktas\/vetexpert-4t-vet-diet-urinary-konservai-katems-turincioms-slapimo-problemu-3x100g\/","name":"VetExpert 4T Vet. Diet Urinary konservai kat\u0117ms turin\u010dioms \u0161lapimo problem\u0173 3x100g - anivet.lt","isPartOf":{"@id":"https:\/\/anivet.lt\/elparduotuve\/#website"},"primaryImageOfPage":{"@id":"https:\/\/anivet.lt\/elparduotuve\/produktas\/vetexpert-4t-vet-diet-urinary-konservai-katems-turincioms-slapimo-problemu-3x100g\/#primaryimage"},"image":{"@id":"https:\/\/anivet.lt\/elparduotuve\/produktas\/vetexpert-4t-vet-diet-urinary-konservai-katems-turincioms-slapimo-problemu-3x100g\/#primaryimage"},"thumbnailUrl":"https:\/\/anivet.lt\/elparduotuve\/wp-content\/uploads\/2025\/01\/32.-4T-Vet.-diet-Urinary-cat-100g-kons.jpg","datePublished":"2025-01-02T12:13:25+00:00","dateModified":"2025-05-27T13:33:21+00:00","description":"Visavertis ir subalansuotas dietinis pa\u0161aras, skirtas suaugusioms kat\u0117ms palaikyti apatini\u0173 \u0161lapimo tak\u0173 sveikat\u0105. \u0160is pa\u0161aras padeda tirpdyti","breadcrumb":{"@id":"https:\/\/anivet.lt\/elparduotuve\/produktas\/vetexpert-4t-vet-diet-urinary-konservai-katems-turincioms-slapimo-problemu-3x100g\/#breadcrumb"},"inLanguage":"lt-LT","potentialAction":[{"@type":"ReadAction","target":["https:\/\/anivet.lt\/elparduotuve\/produktas\/vetexpert-4t-vet-diet-urinary-konservai-katems-turincioms-slapimo-problemu-3x100g\/"]}]},{"@type":"ImageObject","inLanguage":"lt-LT","@id":"https:\/\/anivet.lt\/elparduotuve\/produktas\/vetexpert-4t-vet-diet-urinary-konservai-katems-turincioms-slapimo-problemu-3x100g\/#primaryimage","url":"https:\/\/anivet.lt\/elparduotuve\/wp-content\/uploads\/2025\/01\/32.-4T-Vet.-diet-Urinary-cat-100g-kons.jpg","contentUrl":"https:\/\/anivet.lt\/elparduotuve\/wp-content\/uploads\/2025\/01\/32.-4T-Vet.-diet-Urinary-cat-100g-kons.jpg","width":1000,"height":714,"caption":"VetExpert 4T Vet. Diet Urinary konservai kat\u0117ms turin\u010dioms \u0161lapimo problem\u0173 3x100g"},{"@type":"BreadcrumbList","@id":"https:\/\/anivet.lt\/elparduotuve\/produktas\/vetexpert-4t-vet-diet-urinary-konservai-katems-turincioms-slapimo-problemu-3x100g\/#breadcrumb","itemListElement":[{"@type":"ListItem","position":1,"name":"Home","item":"https:\/\/anivet.lt\/elparduotuve\/"},{"@type":"ListItem","position":2,"name":"Produktai","item":"https:\/\/anivet.lt\/elparduotuve\/produktai\/"},{"@type":"ListItem","position":3,"name":"VetExpert 4T Vet. Diet Urinary konservai kat\u0117ms turin\u010dioms \u0161lapimo problem\u0173 3x100g"}]},{"@type":"WebSite","@id":"https:\/\/anivet.lt\/elparduotuve\/#website","url":"https:\/\/anivet.lt\/elparduotuve\/","name":"anivet.lt","description":"Viskas J\u016bs\u0173 \u0161uns, kat\u0117s prie\u017ei\u016brai","publisher":{"@id":"https:\/\/anivet.lt\/elparduotuve\/#organization"},"alternateName":"Viskas J\u016bs\u0173 \u0161uns, kat\u0117s prie\u017ei\u016brai","potentialAction":[{"@type":"SearchAction","target":{"@type":"EntryPoint","urlTemplate":"https:\/\/anivet.lt\/elparduotuve\/?s={search_term_string}"},"query-input":{"@type":"PropertyValueSpecification","valueRequired":true,"valueName":"search_term_string"}}],"inLanguage":"lt-LT"},{"@type":"Organization","@id":"https:\/\/anivet.lt\/elparduotuve\/#organization","name":"Viskas J\u016bs\u0173 \u0161uns, kat\u0117s prie\u017ei\u016brai","url":"https:\/\/anivet.lt\/elparduotuve\/","logo":{"@type":"ImageObject","inLanguage":"lt-LT","@id":"https:\/\/anivet.lt\/elparduotuve\/#\/schema\/logo\/image\/","url":"https:\/\/anivet.lt\/elparduotuve\/wp-content\/uploads\/2023\/06\/logo2.jpg","contentUrl":"https:\/\/anivet.lt\/elparduotuve\/wp-content\/uploads\/2023\/06\/logo2.jpg","width":655,"height":194,"caption":"Viskas J\u016bs\u0173 \u0161uns, kat\u0117s prie\u017ei\u016brai"},"image":{"@id":"https:\/\/anivet.lt\/elparduotuve\/#\/schema\/logo\/image\/"}}]}},"_links":{"self":[{"href":"https:\/\/anivet.lt\/elparduotuve\/wp-json\/wp\/v2\/product\/15872","targetHints":{"allow":["GET"]}}],"collection":[{"href":"https:\/\/anivet.lt\/elparduotuve\/wp-json\/wp\/v2\/product"}],"about":[{"href":"https:\/\/anivet.lt\/elparduotuve\/wp-json\/wp\/v2\/types\/product"}],"wp:featuredmedia":[{"embeddable":true,"href":"https:\/\/anivet.lt\/elparduotuve\/wp-json\/wp\/v2\/media\/15873"}],"wp:attachment":[{"href":"https:\/\/anivet.lt\/elparduotuve\/wp-json\/wp\/v2\/media?parent=15872"}],"wp:term":[{"taxonomy":"product_brand","embeddable":true,"href":"https:\/\/anivet.lt\/elparduotuve\/wp-json\/wp\/v2\/product_brand?post=15872"},{"taxonomy":"product_cat","embeddable":true,"href":"https:\/\/anivet.lt\/elparduotuve\/wp-json\/wp\/v2\/product_cat?post=15872"},{"taxonomy":"product_tag","embeddable":true,"href":"https:\/\/anivet.lt\/elparduotuve\/wp-json\/wp\/v2\/product_tag?post=15872"}],"curies":[{"name":"wp","href":"https:\/\/api.w.org\/{rel}","templated":true}]}}