{"id":15888,"date":"2025-01-03T08:10:27","date_gmt":"2025-01-03T08:10:27","guid":{"rendered":"https:\/\/anivet.lt\/elparduotuve\/?post_type=product&#038;p=15888"},"modified":"2026-01-31T20:22:28","modified_gmt":"2026-01-31T20:22:28","slug":"vetexpert-hepatiale-forte-300mg-kepenu-veiklai-40tab","status":"publish","type":"product","link":"https:\/\/anivet.lt\/elparduotuve\/produktas\/vetexpert-hepatiale-forte-300mg-kepenu-veiklai-40tab\/","title":{"rendered":"VetExpert Hepatiale Forte 300mg kepen\u0173 veiklai 40tab."},"content":{"rendered":"<p><span style=\"font-weight: 400;\">\u0160is maisto papildas sukurtas \u0161unims ir kat\u0117ms, siekiant palaikyti normali\u0105 kepen\u0173 funkcij\u0105. Rekomenduojamas esant kepen\u0173 nepakankamumui ar kitiems kepen\u0173 funkcijos sutrikimams, u\u017etikrinant veiksming\u0105 palaikym\u0105 ir apsaug\u0105.<\/span><\/p>\n<ul>\n<li style=\"font-weight: 400;\" aria-level=\"1\"><span style=\"font-weight: 400;\">Fosfatidilcholinas: Palaiko kepen\u0173 l\u0105steli\u0173 atsinaujinim\u0105 ir stiprina j\u0173 membranas.<\/span><\/li>\n<li style=\"font-weight: 400;\" aria-level=\"1\"><span style=\"font-weight: 400;\">Ornitinas: L-ornitino-L-aspartatas padeda \u0161alinti amoniak\u0105 ir palaiko kepen\u0173 detoksikacijos procesus.<\/span><\/li>\n<li style=\"font-weight: 400;\" aria-level=\"1\"><span style=\"font-weight: 400;\">Platus pritaikymas: Tinka tiek prevencijai, tiek esant kepen\u0173 funkcijos sutrikimams.<\/span><\/li>\n<li style=\"font-weight: 400;\" aria-level=\"1\"><span style=\"font-weight: 400;\">Lengvas vartojimas: Tablet\u0117s formatas leid\u017eia lengvai pritaikyti papild\u0105 gyv\u016bno mityboje.<\/span><\/li>\n<li style=\"font-weight: 400;\" aria-level=\"1\"><span style=\"font-weight: 400;\">Tinka \u012fvairaus am\u017eiaus gyv\u016bnams: Saugi ir efektyvi formul\u0117, skirta jaunoms ir vyresn\u0117ms kat\u0117ms bei \u0161unims.<\/span><\/li>\n<\/ul>\n<p><span style=\"font-weight: 400;\">\u201eHepatiale Forte\u201d yra patikimas pasirinkimas gyv\u016bnams, kuri\u0173 kepen\u0173 funkcijai reikia papildomos paramos. \u0160is papildas padeda i\u0161laikyti ger\u0105 gyv\u016bno savijaut\u0105 ir ilgesn\u012f aktyv\u0173 gyvenim\u0105.<\/span><\/p>\n","protected":false},"excerpt":{"rendered":"<p>\u0160is maisto papildas sukurtas \u0161unims ir kat\u0117ms, siekiant palaikyti normali\u0105 kepen\u0173 funkcij\u0105. Rekomenduojamas esant kepen\u0173 nepakankamumui ar kitiems kepen\u0173 funkcijos<\/p>\n","protected":false},"featured_media":15889,"template":"","meta":[],"product_brand":[],"product_cat":[101,102,113,124],"product_tag":[],"class_list":{"0":"post-15888","1":"product","2":"type-product","3":"status-publish","4":"has-post-thumbnail","6":"product_cat-sunims","7":"product_cat-katems","8":"product_cat-vitaminai-ir-papildai","9":"product_cat-vitaminai-ir-papildai-katems","10":"pa_prekinis-zenklas-vetexpert","12":"first","13":"instock","14":"taxable","15":"shipping-taxable","16":"purchasable","17":"product-type-simple"},"yoast_head":"<!-- This site is optimized with the Yoast SEO Premium plugin v27.1 (Yoast SEO v27.5) - https:\/\/yoast.com\/product\/yoast-seo-premium-wordpress\/ -->\n<title>VetExpert Hepatiale Forte 300mg kepen\u0173 veiklai 40tab. - anivet.lt<\/title>\n<meta name=\"description\" content=\"\u0160is maisto papildas sukurtas \u0161unims ir kat\u0117ms, siekiant palaikyti normali\u0105 kepen\u0173 funkcij\u0105. Rekomenduojamas esant kepen\u0173 nepakankamumui ar kitiems kepen\u0173\" \/>\n<meta name=\"robots\" content=\"index, follow, max-snippet:-1, max-image-preview:large, max-video-preview:-1\" \/>\n<link rel=\"canonical\" href=\"https:\/\/anivet.lt\/elparduotuve\/produktas\/vetexpert-hepatiale-forte-300mg-kepenu-veiklai-40tab\/\" \/>\n<meta property=\"og:locale\" content=\"lt_LT\" \/>\n<meta property=\"og:type\" content=\"article\" \/>\n<meta property=\"og:title\" content=\"VetExpert Hepatiale Forte 300mg kepen\u0173 veiklai 40tab.\" \/>\n<meta property=\"og:description\" content=\"\u0160is maisto papildas sukurtas \u0161unims ir kat\u0117ms, siekiant palaikyti normali\u0105 kepen\u0173 funkcij\u0105. Rekomenduojamas esant kepen\u0173 nepakankamumui ar kitiems kepen\u0173\" \/>\n<meta property=\"og:url\" content=\"https:\/\/anivet.lt\/elparduotuve\/produktas\/vetexpert-hepatiale-forte-300mg-kepenu-veiklai-40tab\/\" \/>\n<meta property=\"og:site_name\" content=\"anivet.lt\" \/>\n<meta property=\"article:modified_time\" content=\"2026-01-31T20:22:28+00:00\" \/>\n<meta property=\"og:image\" content=\"https:\/\/anivet.lt\/elparduotuve\/wp-content\/uploads\/2025\/01\/3.-VetExpert-Hepatiale-Forte-300mg-40-tab.jpg\" \/>\n\t<meta property=\"og:image:width\" content=\"1000\" \/>\n\t<meta property=\"og:image:height\" content=\"707\" \/>\n\t<meta property=\"og:image:type\" content=\"image\/jpeg\" \/>\n<meta name=\"twitter:card\" content=\"summary_large_image\" \/>\n<meta name=\"twitter:label1\" content=\"Est. reading time\" \/>\n\t<meta name=\"twitter:data1\" content=\"1 minut\u0117\" \/>\n<script type=\"application\/ld+json\" class=\"yoast-schema-graph\">{\"@context\":\"https:\\\/\\\/schema.org\",\"@graph\":[{\"@type\":\"WebPage\",\"@id\":\"https:\\\/\\\/anivet.lt\\\/elparduotuve\\\/produktas\\\/vetexpert-hepatiale-forte-300mg-kepenu-veiklai-40tab\\\/\",\"url\":\"https:\\\/\\\/anivet.lt\\\/elparduotuve\\\/produktas\\\/vetexpert-hepatiale-forte-300mg-kepenu-veiklai-40tab\\\/\",\"name\":\"VetExpert Hepatiale Forte 300mg kepen\u0173 veiklai 40tab. - anivet.lt\",\"isPartOf\":{\"@id\":\"https:\\\/\\\/anivet.lt\\\/elparduotuve\\\/#website\"},\"primaryImageOfPage\":{\"@id\":\"https:\\\/\\\/anivet.lt\\\/elparduotuve\\\/produktas\\\/vetexpert-hepatiale-forte-300mg-kepenu-veiklai-40tab\\\/#primaryimage\"},\"image\":{\"@id\":\"https:\\\/\\\/anivet.lt\\\/elparduotuve\\\/produktas\\\/vetexpert-hepatiale-forte-300mg-kepenu-veiklai-40tab\\\/#primaryimage\"},\"thumbnailUrl\":\"https:\\\/\\\/anivet.lt\\\/elparduotuve\\\/wp-content\\\/uploads\\\/2025\\\/01\\\/3.-VetExpert-Hepatiale-Forte-300mg-40-tab.jpg\",\"datePublished\":\"2025-01-03T08:10:27+00:00\",\"dateModified\":\"2026-01-31T20:22:28+00:00\",\"description\":\"\u0160is maisto papildas sukurtas \u0161unims ir kat\u0117ms, siekiant palaikyti normali\u0105 kepen\u0173 funkcij\u0105. Rekomenduojamas esant kepen\u0173 nepakankamumui ar kitiems kepen\u0173\",\"breadcrumb\":{\"@id\":\"https:\\\/\\\/anivet.lt\\\/elparduotuve\\\/produktas\\\/vetexpert-hepatiale-forte-300mg-kepenu-veiklai-40tab\\\/#breadcrumb\"},\"inLanguage\":\"lt-LT\",\"potentialAction\":[{\"@type\":\"ReadAction\",\"target\":[\"https:\\\/\\\/anivet.lt\\\/elparduotuve\\\/produktas\\\/vetexpert-hepatiale-forte-300mg-kepenu-veiklai-40tab\\\/\"]}]},{\"@type\":\"ImageObject\",\"inLanguage\":\"lt-LT\",\"@id\":\"https:\\\/\\\/anivet.lt\\\/elparduotuve\\\/produktas\\\/vetexpert-hepatiale-forte-300mg-kepenu-veiklai-40tab\\\/#primaryimage\",\"url\":\"https:\\\/\\\/anivet.lt\\\/elparduotuve\\\/wp-content\\\/uploads\\\/2025\\\/01\\\/3.-VetExpert-Hepatiale-Forte-300mg-40-tab.jpg\",\"contentUrl\":\"https:\\\/\\\/anivet.lt\\\/elparduotuve\\\/wp-content\\\/uploads\\\/2025\\\/01\\\/3.-VetExpert-Hepatiale-Forte-300mg-40-tab.jpg\",\"width\":1000,\"height\":707,\"caption\":\"VetExpert Hepatiale Forte 300mg kepen\u0173 veiklai 40tab.\"},{\"@type\":\"BreadcrumbList\",\"@id\":\"https:\\\/\\\/anivet.lt\\\/elparduotuve\\\/produktas\\\/vetexpert-hepatiale-forte-300mg-kepenu-veiklai-40tab\\\/#breadcrumb\",\"itemListElement\":[{\"@type\":\"ListItem\",\"position\":1,\"name\":\"Home\",\"item\":\"https:\\\/\\\/anivet.lt\\\/elparduotuve\\\/\"},{\"@type\":\"ListItem\",\"position\":2,\"name\":\"Produktai\",\"item\":\"https:\\\/\\\/anivet.lt\\\/elparduotuve\\\/produktai\\\/\"},{\"@type\":\"ListItem\",\"position\":3,\"name\":\"VetExpert Hepatiale Forte 300mg kepen\u0173 veiklai 40tab.\"}]},{\"@type\":\"WebSite\",\"@id\":\"https:\\\/\\\/anivet.lt\\\/elparduotuve\\\/#website\",\"url\":\"https:\\\/\\\/anivet.lt\\\/elparduotuve\\\/\",\"name\":\"anivet.lt\",\"description\":\"Viskas J\u016bs\u0173 \u0161uns, kat\u0117s prie\u017ei\u016brai\",\"publisher\":{\"@id\":\"https:\\\/\\\/anivet.lt\\\/elparduotuve\\\/#organization\"},\"alternateName\":\"Viskas J\u016bs\u0173 \u0161uns, kat\u0117s prie\u017ei\u016brai\",\"potentialAction\":[{\"@type\":\"SearchAction\",\"target\":{\"@type\":\"EntryPoint\",\"urlTemplate\":\"https:\\\/\\\/anivet.lt\\\/elparduotuve\\\/?s={search_term_string}\"},\"query-input\":{\"@type\":\"PropertyValueSpecification\",\"valueRequired\":true,\"valueName\":\"search_term_string\"}}],\"inLanguage\":\"lt-LT\"},{\"@type\":\"Organization\",\"@id\":\"https:\\\/\\\/anivet.lt\\\/elparduotuve\\\/#organization\",\"name\":\"Viskas J\u016bs\u0173 \u0161uns, kat\u0117s prie\u017ei\u016brai\",\"url\":\"https:\\\/\\\/anivet.lt\\\/elparduotuve\\\/\",\"logo\":{\"@type\":\"ImageObject\",\"inLanguage\":\"lt-LT\",\"@id\":\"https:\\\/\\\/anivet.lt\\\/elparduotuve\\\/#\\\/schema\\\/logo\\\/image\\\/\",\"url\":\"https:\\\/\\\/anivet.lt\\\/elparduotuve\\\/wp-content\\\/uploads\\\/2023\\\/06\\\/logo2.jpg\",\"contentUrl\":\"https:\\\/\\\/anivet.lt\\\/elparduotuve\\\/wp-content\\\/uploads\\\/2023\\\/06\\\/logo2.jpg\",\"width\":655,\"height\":194,\"caption\":\"Viskas J\u016bs\u0173 \u0161uns, kat\u0117s prie\u017ei\u016brai\"},\"image\":{\"@id\":\"https:\\\/\\\/anivet.lt\\\/elparduotuve\\\/#\\\/schema\\\/logo\\\/image\\\/\"}}]}<\/script>\n<!-- \/ Yoast SEO Premium plugin. -->","yoast_head_json":{"title":"VetExpert Hepatiale Forte 300mg kepen\u0173 veiklai 40tab. - anivet.lt","description":"\u0160is maisto papildas sukurtas \u0161unims ir kat\u0117ms, siekiant palaikyti normali\u0105 kepen\u0173 funkcij\u0105. Rekomenduojamas esant kepen\u0173 nepakankamumui ar kitiems kepen\u0173","robots":{"index":"index","follow":"follow","max-snippet":"max-snippet:-1","max-image-preview":"max-image-preview:large","max-video-preview":"max-video-preview:-1"},"canonical":"https:\/\/anivet.lt\/elparduotuve\/produktas\/vetexpert-hepatiale-forte-300mg-kepenu-veiklai-40tab\/","og_locale":"lt_LT","og_type":"article","og_title":"VetExpert Hepatiale Forte 300mg kepen\u0173 veiklai 40tab.","og_description":"\u0160is maisto papildas sukurtas \u0161unims ir kat\u0117ms, siekiant palaikyti normali\u0105 kepen\u0173 funkcij\u0105. Rekomenduojamas esant kepen\u0173 nepakankamumui ar kitiems kepen\u0173","og_url":"https:\/\/anivet.lt\/elparduotuve\/produktas\/vetexpert-hepatiale-forte-300mg-kepenu-veiklai-40tab\/","og_site_name":"anivet.lt","article_modified_time":"2026-01-31T20:22:28+00:00","og_image":[{"width":1000,"height":707,"url":"https:\/\/anivet.lt\/elparduotuve\/wp-content\/uploads\/2025\/01\/3.-VetExpert-Hepatiale-Forte-300mg-40-tab.jpg","type":"image\/jpeg"}],"twitter_card":"summary_large_image","twitter_misc":{"Est. reading time":"1 minut\u0117"},"schema":{"@context":"https:\/\/schema.org","@graph":[{"@type":"WebPage","@id":"https:\/\/anivet.lt\/elparduotuve\/produktas\/vetexpert-hepatiale-forte-300mg-kepenu-veiklai-40tab\/","url":"https:\/\/anivet.lt\/elparduotuve\/produktas\/vetexpert-hepatiale-forte-300mg-kepenu-veiklai-40tab\/","name":"VetExpert Hepatiale Forte 300mg kepen\u0173 veiklai 40tab. - anivet.lt","isPartOf":{"@id":"https:\/\/anivet.lt\/elparduotuve\/#website"},"primaryImageOfPage":{"@id":"https:\/\/anivet.lt\/elparduotuve\/produktas\/vetexpert-hepatiale-forte-300mg-kepenu-veiklai-40tab\/#primaryimage"},"image":{"@id":"https:\/\/anivet.lt\/elparduotuve\/produktas\/vetexpert-hepatiale-forte-300mg-kepenu-veiklai-40tab\/#primaryimage"},"thumbnailUrl":"https:\/\/anivet.lt\/elparduotuve\/wp-content\/uploads\/2025\/01\/3.-VetExpert-Hepatiale-Forte-300mg-40-tab.jpg","datePublished":"2025-01-03T08:10:27+00:00","dateModified":"2026-01-31T20:22:28+00:00","description":"\u0160is maisto papildas sukurtas \u0161unims ir kat\u0117ms, siekiant palaikyti normali\u0105 kepen\u0173 funkcij\u0105. Rekomenduojamas esant kepen\u0173 nepakankamumui ar kitiems kepen\u0173","breadcrumb":{"@id":"https:\/\/anivet.lt\/elparduotuve\/produktas\/vetexpert-hepatiale-forte-300mg-kepenu-veiklai-40tab\/#breadcrumb"},"inLanguage":"lt-LT","potentialAction":[{"@type":"ReadAction","target":["https:\/\/anivet.lt\/elparduotuve\/produktas\/vetexpert-hepatiale-forte-300mg-kepenu-veiklai-40tab\/"]}]},{"@type":"ImageObject","inLanguage":"lt-LT","@id":"https:\/\/anivet.lt\/elparduotuve\/produktas\/vetexpert-hepatiale-forte-300mg-kepenu-veiklai-40tab\/#primaryimage","url":"https:\/\/anivet.lt\/elparduotuve\/wp-content\/uploads\/2025\/01\/3.-VetExpert-Hepatiale-Forte-300mg-40-tab.jpg","contentUrl":"https:\/\/anivet.lt\/elparduotuve\/wp-content\/uploads\/2025\/01\/3.-VetExpert-Hepatiale-Forte-300mg-40-tab.jpg","width":1000,"height":707,"caption":"VetExpert Hepatiale Forte 300mg kepen\u0173 veiklai 40tab."},{"@type":"BreadcrumbList","@id":"https:\/\/anivet.lt\/elparduotuve\/produktas\/vetexpert-hepatiale-forte-300mg-kepenu-veiklai-40tab\/#breadcrumb","itemListElement":[{"@type":"ListItem","position":1,"name":"Home","item":"https:\/\/anivet.lt\/elparduotuve\/"},{"@type":"ListItem","position":2,"name":"Produktai","item":"https:\/\/anivet.lt\/elparduotuve\/produktai\/"},{"@type":"ListItem","position":3,"name":"VetExpert Hepatiale Forte 300mg kepen\u0173 veiklai 40tab."}]},{"@type":"WebSite","@id":"https:\/\/anivet.lt\/elparduotuve\/#website","url":"https:\/\/anivet.lt\/elparduotuve\/","name":"anivet.lt","description":"Viskas J\u016bs\u0173 \u0161uns, kat\u0117s prie\u017ei\u016brai","publisher":{"@id":"https:\/\/anivet.lt\/elparduotuve\/#organization"},"alternateName":"Viskas J\u016bs\u0173 \u0161uns, kat\u0117s prie\u017ei\u016brai","potentialAction":[{"@type":"SearchAction","target":{"@type":"EntryPoint","urlTemplate":"https:\/\/anivet.lt\/elparduotuve\/?s={search_term_string}"},"query-input":{"@type":"PropertyValueSpecification","valueRequired":true,"valueName":"search_term_string"}}],"inLanguage":"lt-LT"},{"@type":"Organization","@id":"https:\/\/anivet.lt\/elparduotuve\/#organization","name":"Viskas J\u016bs\u0173 \u0161uns, kat\u0117s prie\u017ei\u016brai","url":"https:\/\/anivet.lt\/elparduotuve\/","logo":{"@type":"ImageObject","inLanguage":"lt-LT","@id":"https:\/\/anivet.lt\/elparduotuve\/#\/schema\/logo\/image\/","url":"https:\/\/anivet.lt\/elparduotuve\/wp-content\/uploads\/2023\/06\/logo2.jpg","contentUrl":"https:\/\/anivet.lt\/elparduotuve\/wp-content\/uploads\/2023\/06\/logo2.jpg","width":655,"height":194,"caption":"Viskas J\u016bs\u0173 \u0161uns, kat\u0117s prie\u017ei\u016brai"},"image":{"@id":"https:\/\/anivet.lt\/elparduotuve\/#\/schema\/logo\/image\/"}}]}},"_links":{"self":[{"href":"https:\/\/anivet.lt\/elparduotuve\/wp-json\/wp\/v2\/product\/15888","targetHints":{"allow":["GET"]}}],"collection":[{"href":"https:\/\/anivet.lt\/elparduotuve\/wp-json\/wp\/v2\/product"}],"about":[{"href":"https:\/\/anivet.lt\/elparduotuve\/wp-json\/wp\/v2\/types\/product"}],"wp:featuredmedia":[{"embeddable":true,"href":"https:\/\/anivet.lt\/elparduotuve\/wp-json\/wp\/v2\/media\/15889"}],"wp:attachment":[{"href":"https:\/\/anivet.lt\/elparduotuve\/wp-json\/wp\/v2\/media?parent=15888"}],"wp:term":[{"taxonomy":"product_brand","embeddable":true,"href":"https:\/\/anivet.lt\/elparduotuve\/wp-json\/wp\/v2\/product_brand?post=15888"},{"taxonomy":"product_cat","embeddable":true,"href":"https:\/\/anivet.lt\/elparduotuve\/wp-json\/wp\/v2\/product_cat?post=15888"},{"taxonomy":"product_tag","embeddable":true,"href":"https:\/\/anivet.lt\/elparduotuve\/wp-json\/wp\/v2\/product_tag?post=15888"}],"curies":[{"name":"wp","href":"https:\/\/api.w.org\/{rel}","templated":true}]}}