{"id":15894,"date":"2025-01-03T09:06:50","date_gmt":"2025-01-03T09:06:50","guid":{"rendered":"https:\/\/anivet.lt\/elparduotuve\/?post_type=product&#038;p=15894"},"modified":"2026-01-31T20:18:33","modified_gmt":"2026-01-31T20:18:33","slug":"vetexpert-hepatiale-forte-large-breed-dideliu-veisliu-sunims-kepenu-veiklai-40tab","status":"publish","type":"product","link":"https:\/\/anivet.lt\/elparduotuve\/produktas\/vetexpert-hepatiale-forte-large-breed-dideliu-veisliu-sunims-kepenu-veiklai-40tab\/","title":{"rendered":"VetExpert Hepatiale Forte large breed dideli\u0173 veisli\u0173 \u0161unims kepen\u0173 veiklai 40tab."},"content":{"rendered":"<p><span style=\"font-weight: 400;\">Specialiai sukurtas papildas, skirtas dideli\u0173 veisli\u0173 \u0161unims. Jis padeda palaikyti normali\u0105 kepen\u0173 funkcij\u0105, esant kepen\u0173 nepakankamumui ar kitoms kepen\u0173 problemoms, u\u017etikrinant efektyvi\u0105 param\u0105 augintinio sveikatai.<\/span><\/p>\n<ul>\n<li style=\"font-weight: 400;\" aria-level=\"1\"><span style=\"font-weight: 400;\">Fosfatidilcholinas: Palaiko kepen\u0173 l\u0105steli\u0173 atsinaujinim\u0105 ir stiprina j\u0173 strukt\u016br\u0105.<\/span><\/li>\n<li style=\"font-weight: 400;\" aria-level=\"1\"><span style=\"font-weight: 400;\">Ornitinas: L-ornitino-L-aspartatas skatina amoniako \u0161alinim\u0105 ir kepen\u0173 detoksikacij\u0105.<\/span><\/li>\n<li style=\"font-weight: 400;\" aria-level=\"1\"><span style=\"font-weight: 400;\">Nat\u016bral\u016bs ingredientai: Papildo sud\u0117tyje esan\u010dios aliejini\u0173 augal\u0173 s\u0117klos ir vaisi\u0173 dariniai suteikia papildomos mitybin\u0117s paramos.<\/span><\/li>\n<li style=\"font-weight: 400;\" aria-level=\"1\"><span style=\"font-weight: 400;\">Pritaikyta didel\u0117ms veisl\u0117ms: Specialiai subalansuota formul\u0117 atitinka dideli\u0173 \u0161un\u0173 poreikius.<\/span><\/li>\n<li style=\"font-weight: 400;\" aria-level=\"1\"><span style=\"font-weight: 400;\">Paprastas naudojimas: Tablet\u0117s formatas leid\u017eia patogiai papildyti gyv\u016bno mityb\u0105.<\/span><\/li>\n<\/ul>\n<p><span style=\"font-weight: 400;\">\u201eHepatiale Forte Large Breed\u201d yra patikimas pasirinkimas j\u016bs\u0173 dideliam \u0161uniui, padedantis palaikyti kepen\u0173 sveikat\u0105 ir u\u017etikrinantis geresn\u0119 gyvenimo kokyb\u0119 net ir esant kepen\u0173 funkcijos sutrikimams.<\/span><\/p>\n","protected":false},"excerpt":{"rendered":"<p>Specialiai sukurtas papildas, skirtas dideli\u0173 veisli\u0173 \u0161unims. Jis padeda palaikyti normali\u0105 kepen\u0173 funkcij\u0105, esant kepen\u0173 nepakankamumui ar kitoms kepen\u0173 problemoms,<\/p>\n","protected":false},"featured_media":15895,"template":"","meta":[],"product_brand":[],"product_cat":[101,113],"product_tag":[],"class_list":{"0":"post-15894","1":"product","2":"type-product","3":"status-publish","4":"has-post-thumbnail","6":"product_cat-sunims","7":"product_cat-vitaminai-ir-papildai","8":"pa_prekinis-zenklas-vetexpert","10":"first","11":"instock","12":"taxable","13":"shipping-taxable","14":"purchasable","15":"product-type-simple"},"yoast_head":"<!-- This site is optimized with the Yoast SEO Premium plugin v27.1 (Yoast SEO v27.5) - https:\/\/yoast.com\/product\/yoast-seo-premium-wordpress\/ -->\n<title>VetExpert Hepatiale Forte large breed dideli\u0173 veisli\u0173 \u0161unims kepen\u0173 veiklai 40tab. - anivet.lt<\/title>\n<meta name=\"description\" content=\"Specialiai sukurtas papildas, skirtas dideli\u0173 veisli\u0173 \u0161unims. Jis padeda palaikyti normali\u0105 kepen\u0173 funkcij\u0105, esant kepen\u0173 nepakankamumui ar kitoms kepen\u0173\" \/>\n<meta name=\"robots\" content=\"index, follow, max-snippet:-1, max-image-preview:large, max-video-preview:-1\" \/>\n<link rel=\"canonical\" href=\"https:\/\/anivet.lt\/elparduotuve\/produktas\/vetexpert-hepatiale-forte-large-breed-dideliu-veisliu-sunims-kepenu-veiklai-40tab\/\" \/>\n<meta property=\"og:locale\" content=\"lt_LT\" \/>\n<meta property=\"og:type\" content=\"article\" \/>\n<meta property=\"og:title\" content=\"VetExpert Hepatiale Forte large breed dideli\u0173 veisli\u0173 \u0161unims kepen\u0173 veiklai 40tab.\" \/>\n<meta property=\"og:description\" content=\"Specialiai sukurtas papildas, skirtas dideli\u0173 veisli\u0173 \u0161unims. Jis padeda palaikyti normali\u0105 kepen\u0173 funkcij\u0105, esant kepen\u0173 nepakankamumui ar kitoms kepen\u0173\" \/>\n<meta property=\"og:url\" content=\"https:\/\/anivet.lt\/elparduotuve\/produktas\/vetexpert-hepatiale-forte-large-breed-dideliu-veisliu-sunims-kepenu-veiklai-40tab\/\" \/>\n<meta property=\"og:site_name\" content=\"anivet.lt\" \/>\n<meta property=\"article:modified_time\" content=\"2026-01-31T20:18:33+00:00\" \/>\n<meta property=\"og:image\" content=\"https:\/\/anivet.lt\/elparduotuve\/wp-content\/uploads\/2025\/01\/5.-VetExpert-Hepatiale-Forte-large-breed-dideliu-veisliu-sunims-40-tab.jpg\" \/>\n\t<meta property=\"og:image:width\" content=\"1000\" \/>\n\t<meta property=\"og:image:height\" content=\"1414\" \/>\n\t<meta property=\"og:image:type\" content=\"image\/jpeg\" \/>\n<meta name=\"twitter:card\" content=\"summary_large_image\" \/>\n<meta name=\"twitter:label1\" content=\"Est. reading time\" \/>\n\t<meta name=\"twitter:data1\" content=\"1 minut\u0117\" \/>\n<script type=\"application\/ld+json\" class=\"yoast-schema-graph\">{\"@context\":\"https:\\\/\\\/schema.org\",\"@graph\":[{\"@type\":\"WebPage\",\"@id\":\"https:\\\/\\\/anivet.lt\\\/elparduotuve\\\/produktas\\\/vetexpert-hepatiale-forte-large-breed-dideliu-veisliu-sunims-kepenu-veiklai-40tab\\\/\",\"url\":\"https:\\\/\\\/anivet.lt\\\/elparduotuve\\\/produktas\\\/vetexpert-hepatiale-forte-large-breed-dideliu-veisliu-sunims-kepenu-veiklai-40tab\\\/\",\"name\":\"VetExpert Hepatiale Forte large breed dideli\u0173 veisli\u0173 \u0161unims kepen\u0173 veiklai 40tab. - anivet.lt\",\"isPartOf\":{\"@id\":\"https:\\\/\\\/anivet.lt\\\/elparduotuve\\\/#website\"},\"primaryImageOfPage\":{\"@id\":\"https:\\\/\\\/anivet.lt\\\/elparduotuve\\\/produktas\\\/vetexpert-hepatiale-forte-large-breed-dideliu-veisliu-sunims-kepenu-veiklai-40tab\\\/#primaryimage\"},\"image\":{\"@id\":\"https:\\\/\\\/anivet.lt\\\/elparduotuve\\\/produktas\\\/vetexpert-hepatiale-forte-large-breed-dideliu-veisliu-sunims-kepenu-veiklai-40tab\\\/#primaryimage\"},\"thumbnailUrl\":\"https:\\\/\\\/anivet.lt\\\/elparduotuve\\\/wp-content\\\/uploads\\\/2025\\\/01\\\/5.-VetExpert-Hepatiale-Forte-large-breed-dideliu-veisliu-sunims-40-tab.jpg\",\"datePublished\":\"2025-01-03T09:06:50+00:00\",\"dateModified\":\"2026-01-31T20:18:33+00:00\",\"description\":\"Specialiai sukurtas papildas, skirtas dideli\u0173 veisli\u0173 \u0161unims. Jis padeda palaikyti normali\u0105 kepen\u0173 funkcij\u0105, esant kepen\u0173 nepakankamumui ar kitoms kepen\u0173\",\"breadcrumb\":{\"@id\":\"https:\\\/\\\/anivet.lt\\\/elparduotuve\\\/produktas\\\/vetexpert-hepatiale-forte-large-breed-dideliu-veisliu-sunims-kepenu-veiklai-40tab\\\/#breadcrumb\"},\"inLanguage\":\"lt-LT\",\"potentialAction\":[{\"@type\":\"ReadAction\",\"target\":[\"https:\\\/\\\/anivet.lt\\\/elparduotuve\\\/produktas\\\/vetexpert-hepatiale-forte-large-breed-dideliu-veisliu-sunims-kepenu-veiklai-40tab\\\/\"]}]},{\"@type\":\"ImageObject\",\"inLanguage\":\"lt-LT\",\"@id\":\"https:\\\/\\\/anivet.lt\\\/elparduotuve\\\/produktas\\\/vetexpert-hepatiale-forte-large-breed-dideliu-veisliu-sunims-kepenu-veiklai-40tab\\\/#primaryimage\",\"url\":\"https:\\\/\\\/anivet.lt\\\/elparduotuve\\\/wp-content\\\/uploads\\\/2025\\\/01\\\/5.-VetExpert-Hepatiale-Forte-large-breed-dideliu-veisliu-sunims-40-tab.jpg\",\"contentUrl\":\"https:\\\/\\\/anivet.lt\\\/elparduotuve\\\/wp-content\\\/uploads\\\/2025\\\/01\\\/5.-VetExpert-Hepatiale-Forte-large-breed-dideliu-veisliu-sunims-40-tab.jpg\",\"width\":1000,\"height\":1414,\"caption\":\"VetExpert Hepatiale Forte large breed dideli\u0173 veisli\u0173 \u0161unims kepen\u0173 veiklai 40tab.\"},{\"@type\":\"BreadcrumbList\",\"@id\":\"https:\\\/\\\/anivet.lt\\\/elparduotuve\\\/produktas\\\/vetexpert-hepatiale-forte-large-breed-dideliu-veisliu-sunims-kepenu-veiklai-40tab\\\/#breadcrumb\",\"itemListElement\":[{\"@type\":\"ListItem\",\"position\":1,\"name\":\"Home\",\"item\":\"https:\\\/\\\/anivet.lt\\\/elparduotuve\\\/\"},{\"@type\":\"ListItem\",\"position\":2,\"name\":\"Produktai\",\"item\":\"https:\\\/\\\/anivet.lt\\\/elparduotuve\\\/produktai\\\/\"},{\"@type\":\"ListItem\",\"position\":3,\"name\":\"VetExpert Hepatiale Forte large breed dideli\u0173 veisli\u0173 \u0161unims kepen\u0173 veiklai 40tab.\"}]},{\"@type\":\"WebSite\",\"@id\":\"https:\\\/\\\/anivet.lt\\\/elparduotuve\\\/#website\",\"url\":\"https:\\\/\\\/anivet.lt\\\/elparduotuve\\\/\",\"name\":\"anivet.lt\",\"description\":\"Viskas J\u016bs\u0173 \u0161uns, kat\u0117s prie\u017ei\u016brai\",\"publisher\":{\"@id\":\"https:\\\/\\\/anivet.lt\\\/elparduotuve\\\/#organization\"},\"alternateName\":\"Viskas J\u016bs\u0173 \u0161uns, kat\u0117s prie\u017ei\u016brai\",\"potentialAction\":[{\"@type\":\"SearchAction\",\"target\":{\"@type\":\"EntryPoint\",\"urlTemplate\":\"https:\\\/\\\/anivet.lt\\\/elparduotuve\\\/?s={search_term_string}\"},\"query-input\":{\"@type\":\"PropertyValueSpecification\",\"valueRequired\":true,\"valueName\":\"search_term_string\"}}],\"inLanguage\":\"lt-LT\"},{\"@type\":\"Organization\",\"@id\":\"https:\\\/\\\/anivet.lt\\\/elparduotuve\\\/#organization\",\"name\":\"Viskas J\u016bs\u0173 \u0161uns, kat\u0117s prie\u017ei\u016brai\",\"url\":\"https:\\\/\\\/anivet.lt\\\/elparduotuve\\\/\",\"logo\":{\"@type\":\"ImageObject\",\"inLanguage\":\"lt-LT\",\"@id\":\"https:\\\/\\\/anivet.lt\\\/elparduotuve\\\/#\\\/schema\\\/logo\\\/image\\\/\",\"url\":\"https:\\\/\\\/anivet.lt\\\/elparduotuve\\\/wp-content\\\/uploads\\\/2023\\\/06\\\/logo2.jpg\",\"contentUrl\":\"https:\\\/\\\/anivet.lt\\\/elparduotuve\\\/wp-content\\\/uploads\\\/2023\\\/06\\\/logo2.jpg\",\"width\":655,\"height\":194,\"caption\":\"Viskas J\u016bs\u0173 \u0161uns, kat\u0117s prie\u017ei\u016brai\"},\"image\":{\"@id\":\"https:\\\/\\\/anivet.lt\\\/elparduotuve\\\/#\\\/schema\\\/logo\\\/image\\\/\"}}]}<\/script>\n<!-- \/ Yoast SEO Premium plugin. -->","yoast_head_json":{"title":"VetExpert Hepatiale Forte large breed dideli\u0173 veisli\u0173 \u0161unims kepen\u0173 veiklai 40tab. - anivet.lt","description":"Specialiai sukurtas papildas, skirtas dideli\u0173 veisli\u0173 \u0161unims. Jis padeda palaikyti normali\u0105 kepen\u0173 funkcij\u0105, esant kepen\u0173 nepakankamumui ar kitoms kepen\u0173","robots":{"index":"index","follow":"follow","max-snippet":"max-snippet:-1","max-image-preview":"max-image-preview:large","max-video-preview":"max-video-preview:-1"},"canonical":"https:\/\/anivet.lt\/elparduotuve\/produktas\/vetexpert-hepatiale-forte-large-breed-dideliu-veisliu-sunims-kepenu-veiklai-40tab\/","og_locale":"lt_LT","og_type":"article","og_title":"VetExpert Hepatiale Forte large breed dideli\u0173 veisli\u0173 \u0161unims kepen\u0173 veiklai 40tab.","og_description":"Specialiai sukurtas papildas, skirtas dideli\u0173 veisli\u0173 \u0161unims. Jis padeda palaikyti normali\u0105 kepen\u0173 funkcij\u0105, esant kepen\u0173 nepakankamumui ar kitoms kepen\u0173","og_url":"https:\/\/anivet.lt\/elparduotuve\/produktas\/vetexpert-hepatiale-forte-large-breed-dideliu-veisliu-sunims-kepenu-veiklai-40tab\/","og_site_name":"anivet.lt","article_modified_time":"2026-01-31T20:18:33+00:00","og_image":[{"width":1000,"height":1414,"url":"https:\/\/anivet.lt\/elparduotuve\/wp-content\/uploads\/2025\/01\/5.-VetExpert-Hepatiale-Forte-large-breed-dideliu-veisliu-sunims-40-tab.jpg","type":"image\/jpeg"}],"twitter_card":"summary_large_image","twitter_misc":{"Est. reading time":"1 minut\u0117"},"schema":{"@context":"https:\/\/schema.org","@graph":[{"@type":"WebPage","@id":"https:\/\/anivet.lt\/elparduotuve\/produktas\/vetexpert-hepatiale-forte-large-breed-dideliu-veisliu-sunims-kepenu-veiklai-40tab\/","url":"https:\/\/anivet.lt\/elparduotuve\/produktas\/vetexpert-hepatiale-forte-large-breed-dideliu-veisliu-sunims-kepenu-veiklai-40tab\/","name":"VetExpert Hepatiale Forte large breed dideli\u0173 veisli\u0173 \u0161unims kepen\u0173 veiklai 40tab. - anivet.lt","isPartOf":{"@id":"https:\/\/anivet.lt\/elparduotuve\/#website"},"primaryImageOfPage":{"@id":"https:\/\/anivet.lt\/elparduotuve\/produktas\/vetexpert-hepatiale-forte-large-breed-dideliu-veisliu-sunims-kepenu-veiklai-40tab\/#primaryimage"},"image":{"@id":"https:\/\/anivet.lt\/elparduotuve\/produktas\/vetexpert-hepatiale-forte-large-breed-dideliu-veisliu-sunims-kepenu-veiklai-40tab\/#primaryimage"},"thumbnailUrl":"https:\/\/anivet.lt\/elparduotuve\/wp-content\/uploads\/2025\/01\/5.-VetExpert-Hepatiale-Forte-large-breed-dideliu-veisliu-sunims-40-tab.jpg","datePublished":"2025-01-03T09:06:50+00:00","dateModified":"2026-01-31T20:18:33+00:00","description":"Specialiai sukurtas papildas, skirtas dideli\u0173 veisli\u0173 \u0161unims. Jis padeda palaikyti normali\u0105 kepen\u0173 funkcij\u0105, esant kepen\u0173 nepakankamumui ar kitoms kepen\u0173","breadcrumb":{"@id":"https:\/\/anivet.lt\/elparduotuve\/produktas\/vetexpert-hepatiale-forte-large-breed-dideliu-veisliu-sunims-kepenu-veiklai-40tab\/#breadcrumb"},"inLanguage":"lt-LT","potentialAction":[{"@type":"ReadAction","target":["https:\/\/anivet.lt\/elparduotuve\/produktas\/vetexpert-hepatiale-forte-large-breed-dideliu-veisliu-sunims-kepenu-veiklai-40tab\/"]}]},{"@type":"ImageObject","inLanguage":"lt-LT","@id":"https:\/\/anivet.lt\/elparduotuve\/produktas\/vetexpert-hepatiale-forte-large-breed-dideliu-veisliu-sunims-kepenu-veiklai-40tab\/#primaryimage","url":"https:\/\/anivet.lt\/elparduotuve\/wp-content\/uploads\/2025\/01\/5.-VetExpert-Hepatiale-Forte-large-breed-dideliu-veisliu-sunims-40-tab.jpg","contentUrl":"https:\/\/anivet.lt\/elparduotuve\/wp-content\/uploads\/2025\/01\/5.-VetExpert-Hepatiale-Forte-large-breed-dideliu-veisliu-sunims-40-tab.jpg","width":1000,"height":1414,"caption":"VetExpert Hepatiale Forte large breed dideli\u0173 veisli\u0173 \u0161unims kepen\u0173 veiklai 40tab."},{"@type":"BreadcrumbList","@id":"https:\/\/anivet.lt\/elparduotuve\/produktas\/vetexpert-hepatiale-forte-large-breed-dideliu-veisliu-sunims-kepenu-veiklai-40tab\/#breadcrumb","itemListElement":[{"@type":"ListItem","position":1,"name":"Home","item":"https:\/\/anivet.lt\/elparduotuve\/"},{"@type":"ListItem","position":2,"name":"Produktai","item":"https:\/\/anivet.lt\/elparduotuve\/produktai\/"},{"@type":"ListItem","position":3,"name":"VetExpert Hepatiale Forte large breed dideli\u0173 veisli\u0173 \u0161unims kepen\u0173 veiklai 40tab."}]},{"@type":"WebSite","@id":"https:\/\/anivet.lt\/elparduotuve\/#website","url":"https:\/\/anivet.lt\/elparduotuve\/","name":"anivet.lt","description":"Viskas J\u016bs\u0173 \u0161uns, kat\u0117s prie\u017ei\u016brai","publisher":{"@id":"https:\/\/anivet.lt\/elparduotuve\/#organization"},"alternateName":"Viskas J\u016bs\u0173 \u0161uns, kat\u0117s prie\u017ei\u016brai","potentialAction":[{"@type":"SearchAction","target":{"@type":"EntryPoint","urlTemplate":"https:\/\/anivet.lt\/elparduotuve\/?s={search_term_string}"},"query-input":{"@type":"PropertyValueSpecification","valueRequired":true,"valueName":"search_term_string"}}],"inLanguage":"lt-LT"},{"@type":"Organization","@id":"https:\/\/anivet.lt\/elparduotuve\/#organization","name":"Viskas J\u016bs\u0173 \u0161uns, kat\u0117s prie\u017ei\u016brai","url":"https:\/\/anivet.lt\/elparduotuve\/","logo":{"@type":"ImageObject","inLanguage":"lt-LT","@id":"https:\/\/anivet.lt\/elparduotuve\/#\/schema\/logo\/image\/","url":"https:\/\/anivet.lt\/elparduotuve\/wp-content\/uploads\/2023\/06\/logo2.jpg","contentUrl":"https:\/\/anivet.lt\/elparduotuve\/wp-content\/uploads\/2023\/06\/logo2.jpg","width":655,"height":194,"caption":"Viskas J\u016bs\u0173 \u0161uns, kat\u0117s prie\u017ei\u016brai"},"image":{"@id":"https:\/\/anivet.lt\/elparduotuve\/#\/schema\/logo\/image\/"}}]}},"_links":{"self":[{"href":"https:\/\/anivet.lt\/elparduotuve\/wp-json\/wp\/v2\/product\/15894","targetHints":{"allow":["GET"]}}],"collection":[{"href":"https:\/\/anivet.lt\/elparduotuve\/wp-json\/wp\/v2\/product"}],"about":[{"href":"https:\/\/anivet.lt\/elparduotuve\/wp-json\/wp\/v2\/types\/product"}],"wp:featuredmedia":[{"embeddable":true,"href":"https:\/\/anivet.lt\/elparduotuve\/wp-json\/wp\/v2\/media\/15895"}],"wp:attachment":[{"href":"https:\/\/anivet.lt\/elparduotuve\/wp-json\/wp\/v2\/media?parent=15894"}],"wp:term":[{"taxonomy":"product_brand","embeddable":true,"href":"https:\/\/anivet.lt\/elparduotuve\/wp-json\/wp\/v2\/product_brand?post=15894"},{"taxonomy":"product_cat","embeddable":true,"href":"https:\/\/anivet.lt\/elparduotuve\/wp-json\/wp\/v2\/product_cat?post=15894"},{"taxonomy":"product_tag","embeddable":true,"href":"https:\/\/anivet.lt\/elparduotuve\/wp-json\/wp\/v2\/product_tag?post=15894"}],"curies":[{"name":"wp","href":"https:\/\/api.w.org\/{rel}","templated":true}]}}