{"id":15898,"date":"2025-01-03T09:19:36","date_gmt":"2025-01-03T09:19:36","guid":{"rendered":"https:\/\/anivet.lt\/elparduotuve\/?post_type=product&#038;p=15898"},"modified":"2026-05-11T15:37:23","modified_gmt":"2026-05-11T15:37:23","slug":"vetexpert-hepatiale-forte-liquid-sunims-kepenu-veiklai-250ml","status":"publish","type":"product","link":"https:\/\/anivet.lt\/elparduotuve\/produktas\/vetexpert-hepatiale-forte-liquid-sunims-kepenu-veiklai-250ml\/","title":{"rendered":"VetExpert Hepatiale Forte Liquid \u0161unims kepen\u0173 veiklai 250ml"},"content":{"rendered":"<ul>\n<li><span style=\"font-weight: 400;\">Stiprus antioksidacinis poveikis: Vitaminai B2 ir B6 padeda kovoti su oksidaciniu stresu, apsaugodami kepenis nuo pa\u017eeidim\u0173.<\/span><\/li>\n<li style=\"font-weight: 400;\" aria-level=\"1\"><span style=\"font-weight: 400;\">Tul\u017eies sraut\u0173 gerinimas: Skatina tul\u017eies sekrecij\u0105 ir palaiko tinkam\u0105 jos nutek\u0117jim\u0105, padedant i\u0161vengti u\u017esikim\u0161im\u0173.<\/span><\/li>\n<li style=\"font-weight: 400;\" aria-level=\"1\"><span style=\"font-weight: 400;\">Riebal\u0173 apykaitos reguliavimas: L-karnitinas ir cholino chloridas prisideda prie cholesterolio bei riebi\u0173j\u0173 r\u016bg\u0161\u010di\u0173 metabolizmo.<\/span><\/li>\n<li style=\"font-weight: 400;\" aria-level=\"1\"><span style=\"font-weight: 400;\">Apsauga nuo lipidoz\u0117s: Efektyviai apsaugo kepenis nuo riebal\u0173 kaupimosi.<\/span><\/li>\n<li style=\"font-weight: 400;\" aria-level=\"1\"><span style=\"font-weight: 400;\">Patogus vartojimas: Skysta forma lengvai pridedama prie \u0161uns maisto, u\u017etikrinant paprast\u0105 naudojim\u0105.<\/span><\/li>\n<\/ul>\n<p><span style=\"font-weight: 400;\">\u201eHepatiale Forte Liquid\u201d yra idealus pasirinkimas \u0161unims, kuriems reikalingas intensyvus kepen\u0173 funkcijos palaikymas. Papildas padeda u\u017etikrinti geresn\u0119 med\u017eiag\u0173 apykait\u0105 ir bendrai palaikyti augintinio sveikat\u0105.<\/span><\/p>\n","protected":false},"excerpt":{"rendered":"<p><span style=\"font-weight: 400;\">\u0160is skystas papildas skirtas \u0161unims, siekiant pagerinti kepen\u0173 funkcij\u0105 ir palaikyti j\u0173 sveikat\u0105. Pasi\u017eymi antioksidacin\u0117mis, prie\u0161u\u017edegimin\u0117mis savyb\u0117mis, skatina tul\u017eies sekrecij\u0105 ir gerina jos nutek\u0117jim\u0105, taip pat reguliuoja cholesterolio ir riebi\u0173j\u0173 r\u016bg\u0161\u010di\u0173 apykait\u0105.<\/span><\/p>\n","protected":false},"featured_media":19165,"template":"","meta":[],"product_brand":[],"product_cat":[101,113],"product_tag":[],"class_list":{"0":"post-15898","1":"product","2":"type-product","3":"status-publish","4":"has-post-thumbnail","6":"product_cat-sunims","7":"product_cat-vitaminai-ir-papildai","8":"pa_prekinis-zenklas-vetexpert","10":"first","11":"instock","12":"taxable","13":"shipping-taxable","14":"purchasable","15":"product-type-simple"},"yoast_head":"<!-- This site is optimized with the Yoast SEO Premium plugin v27.1 (Yoast SEO v27.5) - https:\/\/yoast.com\/product\/yoast-seo-premium-wordpress\/ -->\n<title>VetExpert Hepatiale Forte Liquid \u0161unims kepen\u0173 veiklai 250ml - anivet.lt<\/title>\n<meta name=\"description\" content=\"\u0160is skystas papildas skirtas \u0161unims, siekiant pagerinti kepen\u0173 funkcij\u0105 ir palaikyti j\u0173 sveikat\u0105. Pasi\u017eymi antioksidacin\u0117mis, prie\u0161u\u017edegimin\u0117mis savyb\u0117mis, skatina tul\u017eies sekrecij\u0105 ir gerina jos nutek\u0117jim\u0105, taip pat reguliuoja cholesterolio ir riebi\u0173j\u0173 r\u016bg\u0161\u010di\u0173 apykait\u0105.\" \/>\n<meta name=\"robots\" content=\"index, follow, max-snippet:-1, max-image-preview:large, max-video-preview:-1\" \/>\n<link rel=\"canonical\" href=\"https:\/\/anivet.lt\/elparduotuve\/produktas\/vetexpert-hepatiale-forte-liquid-sunims-kepenu-veiklai-250ml\/\" \/>\n<meta property=\"og:locale\" content=\"lt_LT\" \/>\n<meta property=\"og:type\" content=\"article\" \/>\n<meta property=\"og:title\" content=\"VetExpert Hepatiale Forte Liquid \u0161unims kepen\u0173 veiklai 250ml\" \/>\n<meta property=\"og:description\" content=\"\u0160is skystas papildas skirtas \u0161unims, siekiant pagerinti kepen\u0173 funkcij\u0105 ir palaikyti j\u0173 sveikat\u0105. Pasi\u017eymi antioksidacin\u0117mis, prie\u0161u\u017edegimin\u0117mis savyb\u0117mis, skatina tul\u017eies sekrecij\u0105 ir gerina jos nutek\u0117jim\u0105, taip pat reguliuoja cholesterolio ir riebi\u0173j\u0173 r\u016bg\u0161\u010di\u0173 apykait\u0105.\" \/>\n<meta property=\"og:url\" content=\"https:\/\/anivet.lt\/elparduotuve\/produktas\/vetexpert-hepatiale-forte-liquid-sunims-kepenu-veiklai-250ml\/\" \/>\n<meta property=\"og:site_name\" content=\"anivet.lt\" \/>\n<meta property=\"article:modified_time\" content=\"2026-05-11T15:37:23+00:00\" \/>\n<meta property=\"og:image\" content=\"https:\/\/anivet.lt\/elparduotuve\/wp-content\/uploads\/2025\/01\/VetExpert-Hepatiale-Forte-Liquid-sunims-kepenu-veiklai-250ml.jpg\" \/>\n\t<meta property=\"og:image:width\" content=\"650\" \/>\n\t<meta property=\"og:image:height\" content=\"650\" \/>\n\t<meta property=\"og:image:type\" content=\"image\/jpeg\" \/>\n<meta name=\"twitter:card\" content=\"summary_large_image\" \/>\n<meta name=\"twitter:label1\" content=\"Est. reading time\" \/>\n\t<meta name=\"twitter:data1\" content=\"1 minut\u0117\" \/>\n<script type=\"application\/ld+json\" class=\"yoast-schema-graph\">{\"@context\":\"https:\\\/\\\/schema.org\",\"@graph\":[{\"@type\":\"WebPage\",\"@id\":\"https:\\\/\\\/anivet.lt\\\/elparduotuve\\\/produktas\\\/vetexpert-hepatiale-forte-liquid-sunims-kepenu-veiklai-250ml\\\/\",\"url\":\"https:\\\/\\\/anivet.lt\\\/elparduotuve\\\/produktas\\\/vetexpert-hepatiale-forte-liquid-sunims-kepenu-veiklai-250ml\\\/\",\"name\":\"VetExpert Hepatiale Forte Liquid \u0161unims kepen\u0173 veiklai 250ml - anivet.lt\",\"isPartOf\":{\"@id\":\"https:\\\/\\\/anivet.lt\\\/elparduotuve\\\/#website\"},\"primaryImageOfPage\":{\"@id\":\"https:\\\/\\\/anivet.lt\\\/elparduotuve\\\/produktas\\\/vetexpert-hepatiale-forte-liquid-sunims-kepenu-veiklai-250ml\\\/#primaryimage\"},\"image\":{\"@id\":\"https:\\\/\\\/anivet.lt\\\/elparduotuve\\\/produktas\\\/vetexpert-hepatiale-forte-liquid-sunims-kepenu-veiklai-250ml\\\/#primaryimage\"},\"thumbnailUrl\":\"https:\\\/\\\/anivet.lt\\\/elparduotuve\\\/wp-content\\\/uploads\\\/2025\\\/01\\\/VetExpert-Hepatiale-Forte-Liquid-sunims-kepenu-veiklai-250ml.jpg\",\"datePublished\":\"2025-01-03T09:19:36+00:00\",\"dateModified\":\"2026-05-11T15:37:23+00:00\",\"description\":\"\u0160is skystas papildas skirtas \u0161unims, siekiant pagerinti kepen\u0173 funkcij\u0105 ir palaikyti j\u0173 sveikat\u0105. Pasi\u017eymi antioksidacin\u0117mis, prie\u0161u\u017edegimin\u0117mis savyb\u0117mis, skatina tul\u017eies sekrecij\u0105 ir gerina jos nutek\u0117jim\u0105, taip pat reguliuoja cholesterolio ir riebi\u0173j\u0173 r\u016bg\u0161\u010di\u0173 apykait\u0105.\",\"breadcrumb\":{\"@id\":\"https:\\\/\\\/anivet.lt\\\/elparduotuve\\\/produktas\\\/vetexpert-hepatiale-forte-liquid-sunims-kepenu-veiklai-250ml\\\/#breadcrumb\"},\"inLanguage\":\"lt-LT\",\"potentialAction\":[{\"@type\":\"ReadAction\",\"target\":[\"https:\\\/\\\/anivet.lt\\\/elparduotuve\\\/produktas\\\/vetexpert-hepatiale-forte-liquid-sunims-kepenu-veiklai-250ml\\\/\"]}]},{\"@type\":\"ImageObject\",\"inLanguage\":\"lt-LT\",\"@id\":\"https:\\\/\\\/anivet.lt\\\/elparduotuve\\\/produktas\\\/vetexpert-hepatiale-forte-liquid-sunims-kepenu-veiklai-250ml\\\/#primaryimage\",\"url\":\"https:\\\/\\\/anivet.lt\\\/elparduotuve\\\/wp-content\\\/uploads\\\/2025\\\/01\\\/VetExpert-Hepatiale-Forte-Liquid-sunims-kepenu-veiklai-250ml.jpg\",\"contentUrl\":\"https:\\\/\\\/anivet.lt\\\/elparduotuve\\\/wp-content\\\/uploads\\\/2025\\\/01\\\/VetExpert-Hepatiale-Forte-Liquid-sunims-kepenu-veiklai-250ml.jpg\",\"width\":650,\"height\":650,\"caption\":\"VetExpert Hepatiale Forte Liquid \u0161unims ir kat\u0117ms kepen\u0173 veiklai 250ml\"},{\"@type\":\"BreadcrumbList\",\"@id\":\"https:\\\/\\\/anivet.lt\\\/elparduotuve\\\/produktas\\\/vetexpert-hepatiale-forte-liquid-sunims-kepenu-veiklai-250ml\\\/#breadcrumb\",\"itemListElement\":[{\"@type\":\"ListItem\",\"position\":1,\"name\":\"Home\",\"item\":\"https:\\\/\\\/anivet.lt\\\/elparduotuve\\\/\"},{\"@type\":\"ListItem\",\"position\":2,\"name\":\"Produktai\",\"item\":\"https:\\\/\\\/anivet.lt\\\/elparduotuve\\\/produktai\\\/\"},{\"@type\":\"ListItem\",\"position\":3,\"name\":\"VetExpert Hepatiale Forte Liquid \u0161unims kepen\u0173 veiklai 250ml\"}]},{\"@type\":\"WebSite\",\"@id\":\"https:\\\/\\\/anivet.lt\\\/elparduotuve\\\/#website\",\"url\":\"https:\\\/\\\/anivet.lt\\\/elparduotuve\\\/\",\"name\":\"anivet.lt\",\"description\":\"Viskas J\u016bs\u0173 \u0161uns, kat\u0117s prie\u017ei\u016brai\",\"publisher\":{\"@id\":\"https:\\\/\\\/anivet.lt\\\/elparduotuve\\\/#organization\"},\"alternateName\":\"Viskas J\u016bs\u0173 \u0161uns, kat\u0117s prie\u017ei\u016brai\",\"potentialAction\":[{\"@type\":\"SearchAction\",\"target\":{\"@type\":\"EntryPoint\",\"urlTemplate\":\"https:\\\/\\\/anivet.lt\\\/elparduotuve\\\/?s={search_term_string}\"},\"query-input\":{\"@type\":\"PropertyValueSpecification\",\"valueRequired\":true,\"valueName\":\"search_term_string\"}}],\"inLanguage\":\"lt-LT\"},{\"@type\":\"Organization\",\"@id\":\"https:\\\/\\\/anivet.lt\\\/elparduotuve\\\/#organization\",\"name\":\"Viskas J\u016bs\u0173 \u0161uns, kat\u0117s prie\u017ei\u016brai\",\"url\":\"https:\\\/\\\/anivet.lt\\\/elparduotuve\\\/\",\"logo\":{\"@type\":\"ImageObject\",\"inLanguage\":\"lt-LT\",\"@id\":\"https:\\\/\\\/anivet.lt\\\/elparduotuve\\\/#\\\/schema\\\/logo\\\/image\\\/\",\"url\":\"https:\\\/\\\/anivet.lt\\\/elparduotuve\\\/wp-content\\\/uploads\\\/2023\\\/06\\\/logo2.jpg\",\"contentUrl\":\"https:\\\/\\\/anivet.lt\\\/elparduotuve\\\/wp-content\\\/uploads\\\/2023\\\/06\\\/logo2.jpg\",\"width\":655,\"height\":194,\"caption\":\"Viskas J\u016bs\u0173 \u0161uns, kat\u0117s prie\u017ei\u016brai\"},\"image\":{\"@id\":\"https:\\\/\\\/anivet.lt\\\/elparduotuve\\\/#\\\/schema\\\/logo\\\/image\\\/\"}}]}<\/script>\n<!-- \/ Yoast SEO Premium plugin. -->","yoast_head_json":{"title":"VetExpert Hepatiale Forte Liquid \u0161unims kepen\u0173 veiklai 250ml - anivet.lt","description":"\u0160is skystas papildas skirtas \u0161unims, siekiant pagerinti kepen\u0173 funkcij\u0105 ir palaikyti j\u0173 sveikat\u0105. Pasi\u017eymi antioksidacin\u0117mis, prie\u0161u\u017edegimin\u0117mis savyb\u0117mis, skatina tul\u017eies sekrecij\u0105 ir gerina jos nutek\u0117jim\u0105, taip pat reguliuoja cholesterolio ir riebi\u0173j\u0173 r\u016bg\u0161\u010di\u0173 apykait\u0105.","robots":{"index":"index","follow":"follow","max-snippet":"max-snippet:-1","max-image-preview":"max-image-preview:large","max-video-preview":"max-video-preview:-1"},"canonical":"https:\/\/anivet.lt\/elparduotuve\/produktas\/vetexpert-hepatiale-forte-liquid-sunims-kepenu-veiklai-250ml\/","og_locale":"lt_LT","og_type":"article","og_title":"VetExpert Hepatiale Forte Liquid \u0161unims kepen\u0173 veiklai 250ml","og_description":"\u0160is skystas papildas skirtas \u0161unims, siekiant pagerinti kepen\u0173 funkcij\u0105 ir palaikyti j\u0173 sveikat\u0105. Pasi\u017eymi antioksidacin\u0117mis, prie\u0161u\u017edegimin\u0117mis savyb\u0117mis, skatina tul\u017eies sekrecij\u0105 ir gerina jos nutek\u0117jim\u0105, taip pat reguliuoja cholesterolio ir riebi\u0173j\u0173 r\u016bg\u0161\u010di\u0173 apykait\u0105.","og_url":"https:\/\/anivet.lt\/elparduotuve\/produktas\/vetexpert-hepatiale-forte-liquid-sunims-kepenu-veiklai-250ml\/","og_site_name":"anivet.lt","article_modified_time":"2026-05-11T15:37:23+00:00","og_image":[{"width":650,"height":650,"url":"https:\/\/anivet.lt\/elparduotuve\/wp-content\/uploads\/2025\/01\/VetExpert-Hepatiale-Forte-Liquid-sunims-kepenu-veiklai-250ml.jpg","type":"image\/jpeg"}],"twitter_card":"summary_large_image","twitter_misc":{"Est. reading time":"1 minut\u0117"},"schema":{"@context":"https:\/\/schema.org","@graph":[{"@type":"WebPage","@id":"https:\/\/anivet.lt\/elparduotuve\/produktas\/vetexpert-hepatiale-forte-liquid-sunims-kepenu-veiklai-250ml\/","url":"https:\/\/anivet.lt\/elparduotuve\/produktas\/vetexpert-hepatiale-forte-liquid-sunims-kepenu-veiklai-250ml\/","name":"VetExpert Hepatiale Forte Liquid \u0161unims kepen\u0173 veiklai 250ml - anivet.lt","isPartOf":{"@id":"https:\/\/anivet.lt\/elparduotuve\/#website"},"primaryImageOfPage":{"@id":"https:\/\/anivet.lt\/elparduotuve\/produktas\/vetexpert-hepatiale-forte-liquid-sunims-kepenu-veiklai-250ml\/#primaryimage"},"image":{"@id":"https:\/\/anivet.lt\/elparduotuve\/produktas\/vetexpert-hepatiale-forte-liquid-sunims-kepenu-veiklai-250ml\/#primaryimage"},"thumbnailUrl":"https:\/\/anivet.lt\/elparduotuve\/wp-content\/uploads\/2025\/01\/VetExpert-Hepatiale-Forte-Liquid-sunims-kepenu-veiklai-250ml.jpg","datePublished":"2025-01-03T09:19:36+00:00","dateModified":"2026-05-11T15:37:23+00:00","description":"\u0160is skystas papildas skirtas \u0161unims, siekiant pagerinti kepen\u0173 funkcij\u0105 ir palaikyti j\u0173 sveikat\u0105. Pasi\u017eymi antioksidacin\u0117mis, prie\u0161u\u017edegimin\u0117mis savyb\u0117mis, skatina tul\u017eies sekrecij\u0105 ir gerina jos nutek\u0117jim\u0105, taip pat reguliuoja cholesterolio ir riebi\u0173j\u0173 r\u016bg\u0161\u010di\u0173 apykait\u0105.","breadcrumb":{"@id":"https:\/\/anivet.lt\/elparduotuve\/produktas\/vetexpert-hepatiale-forte-liquid-sunims-kepenu-veiklai-250ml\/#breadcrumb"},"inLanguage":"lt-LT","potentialAction":[{"@type":"ReadAction","target":["https:\/\/anivet.lt\/elparduotuve\/produktas\/vetexpert-hepatiale-forte-liquid-sunims-kepenu-veiklai-250ml\/"]}]},{"@type":"ImageObject","inLanguage":"lt-LT","@id":"https:\/\/anivet.lt\/elparduotuve\/produktas\/vetexpert-hepatiale-forte-liquid-sunims-kepenu-veiklai-250ml\/#primaryimage","url":"https:\/\/anivet.lt\/elparduotuve\/wp-content\/uploads\/2025\/01\/VetExpert-Hepatiale-Forte-Liquid-sunims-kepenu-veiklai-250ml.jpg","contentUrl":"https:\/\/anivet.lt\/elparduotuve\/wp-content\/uploads\/2025\/01\/VetExpert-Hepatiale-Forte-Liquid-sunims-kepenu-veiklai-250ml.jpg","width":650,"height":650,"caption":"VetExpert Hepatiale Forte Liquid \u0161unims ir kat\u0117ms kepen\u0173 veiklai 250ml"},{"@type":"BreadcrumbList","@id":"https:\/\/anivet.lt\/elparduotuve\/produktas\/vetexpert-hepatiale-forte-liquid-sunims-kepenu-veiklai-250ml\/#breadcrumb","itemListElement":[{"@type":"ListItem","position":1,"name":"Home","item":"https:\/\/anivet.lt\/elparduotuve\/"},{"@type":"ListItem","position":2,"name":"Produktai","item":"https:\/\/anivet.lt\/elparduotuve\/produktai\/"},{"@type":"ListItem","position":3,"name":"VetExpert Hepatiale Forte Liquid \u0161unims kepen\u0173 veiklai 250ml"}]},{"@type":"WebSite","@id":"https:\/\/anivet.lt\/elparduotuve\/#website","url":"https:\/\/anivet.lt\/elparduotuve\/","name":"anivet.lt","description":"Viskas J\u016bs\u0173 \u0161uns, kat\u0117s prie\u017ei\u016brai","publisher":{"@id":"https:\/\/anivet.lt\/elparduotuve\/#organization"},"alternateName":"Viskas J\u016bs\u0173 \u0161uns, kat\u0117s prie\u017ei\u016brai","potentialAction":[{"@type":"SearchAction","target":{"@type":"EntryPoint","urlTemplate":"https:\/\/anivet.lt\/elparduotuve\/?s={search_term_string}"},"query-input":{"@type":"PropertyValueSpecification","valueRequired":true,"valueName":"search_term_string"}}],"inLanguage":"lt-LT"},{"@type":"Organization","@id":"https:\/\/anivet.lt\/elparduotuve\/#organization","name":"Viskas J\u016bs\u0173 \u0161uns, kat\u0117s prie\u017ei\u016brai","url":"https:\/\/anivet.lt\/elparduotuve\/","logo":{"@type":"ImageObject","inLanguage":"lt-LT","@id":"https:\/\/anivet.lt\/elparduotuve\/#\/schema\/logo\/image\/","url":"https:\/\/anivet.lt\/elparduotuve\/wp-content\/uploads\/2023\/06\/logo2.jpg","contentUrl":"https:\/\/anivet.lt\/elparduotuve\/wp-content\/uploads\/2023\/06\/logo2.jpg","width":655,"height":194,"caption":"Viskas J\u016bs\u0173 \u0161uns, kat\u0117s prie\u017ei\u016brai"},"image":{"@id":"https:\/\/anivet.lt\/elparduotuve\/#\/schema\/logo\/image\/"}}]}},"_links":{"self":[{"href":"https:\/\/anivet.lt\/elparduotuve\/wp-json\/wp\/v2\/product\/15898","targetHints":{"allow":["GET"]}}],"collection":[{"href":"https:\/\/anivet.lt\/elparduotuve\/wp-json\/wp\/v2\/product"}],"about":[{"href":"https:\/\/anivet.lt\/elparduotuve\/wp-json\/wp\/v2\/types\/product"}],"wp:featuredmedia":[{"embeddable":true,"href":"https:\/\/anivet.lt\/elparduotuve\/wp-json\/wp\/v2\/media\/19165"}],"wp:attachment":[{"href":"https:\/\/anivet.lt\/elparduotuve\/wp-json\/wp\/v2\/media?parent=15898"}],"wp:term":[{"taxonomy":"product_brand","embeddable":true,"href":"https:\/\/anivet.lt\/elparduotuve\/wp-json\/wp\/v2\/product_brand?post=15898"},{"taxonomy":"product_cat","embeddable":true,"href":"https:\/\/anivet.lt\/elparduotuve\/wp-json\/wp\/v2\/product_cat?post=15898"},{"taxonomy":"product_tag","embeddable":true,"href":"https:\/\/anivet.lt\/elparduotuve\/wp-json\/wp\/v2\/product_tag?post=15898"}],"curies":[{"name":"wp","href":"https:\/\/api.w.org\/{rel}","templated":true}]}}