{"id":15945,"date":"2025-01-07T07:19:06","date_gmt":"2025-01-07T07:19:06","guid":{"rendered":"https:\/\/anivet.lt\/elparduotuve\/?post_type=product&#038;p=15945"},"modified":"2026-01-31T19:28:19","modified_gmt":"2026-01-31T19:28:19","slug":"vetexpert-bioprotect-200mg-sunims-ir-katems-60kaps","status":"publish","type":"product","link":"https:\/\/anivet.lt\/elparduotuve\/produktas\/vetexpert-bioprotect-200mg-sunims-ir-katems-60kaps\/","title":{"rendered":"VetExpert Bioprotect 200mg \u0161unims ir kat\u0117ms 60kaps."},"content":{"rendered":"<p><span style=\"font-weight: 400;\">Papildas, skirtas palaikyti sveik\u0105 vir\u0161kinamojo trakto mikroflor\u0105 \u0161unims ir kat\u0117ms. \u0160is produktas padeda esant diar\u0117jai, mikrofloros sutrikimams, vartojant antibiotikus, taip pat gali b\u016bti naudojamas profilakti\u0161kai augantiems gyv\u016bnams ar gyv\u016bnams, linkusiems \u012f viduri\u0173 u\u017ekiet\u0117jim\u0105.<\/span><\/p>\n<ul>\n<li style=\"font-weight: 400;\" aria-level=\"1\"><span style=\"font-weight: 400;\">Probiotik\u0173 kompleksas: Sud\u0117tyje esan\u010dios Lactobacillus acidophilus, Enterococcus faecium, Bifidobacterium longum ir Lactobacillus rhamnosus bakterijos atkuria sveik\u0105 mikroflor\u0105.<\/span><\/li>\n<li style=\"font-weight: 400;\" aria-level=\"1\"><span style=\"font-weight: 400;\">Manano-oligosacharidai: Skatina nauding\u0173 bakterij\u0173 augim\u0105 ir palaiko \u017earnyno sveikat\u0105.<\/span><\/li>\n<li style=\"font-weight: 400;\" aria-level=\"1\"><span style=\"font-weight: 400;\">Fruktooligosacharidai: Padeda atkurti pusiausvyr\u0105 \u017earnyno mikrofloroje, gerindami vir\u0161kinim\u0105.<\/span><\/li>\n<li style=\"font-weight: 400;\" aria-level=\"1\"><span style=\"font-weight: 400;\">Platus pritaikymas: Tinka esant vir\u0161kinimo sutrikimams, profilaktikai ar po antibiotik\u0173 terapijos.<\/span><\/li>\n<li style=\"font-weight: 400;\" aria-level=\"1\"><span style=\"font-weight: 400;\">Saugu augintiniams: Tinka \u012fvairaus am\u017eiaus \u0161unims ir kat\u0117ms, \u012fskaitant augan\u010dius jauniklius.<\/span><\/li>\n<\/ul>\n<p><span style=\"font-weight: 400;\">\u201eBioprotect\u201d yra patikimas sprendimas j\u016bs\u0173 augintinio vir\u0161kinamojo trakto sveikatos palaikymui. \u0160is papildas padeda i\u0161vengti diskomforto ir u\u017etikrina ger\u0105 savijaut\u0105 kasdien.<\/span><\/p>\n","protected":false},"excerpt":{"rendered":"<p>Papildas, skirtas palaikyti sveik\u0105 vir\u0161kinamojo trakto mikroflor\u0105 \u0161unims ir kat\u0117ms. \u0160is produktas padeda esant diar\u0117jai, mikrofloros sutrikimams, vartojant antibiotikus, taip<\/p>\n","protected":false},"featured_media":15946,"template":"","meta":[],"product_brand":[],"product_cat":[101,102,113,124],"product_tag":[],"class_list":{"0":"post-15945","1":"product","2":"type-product","3":"status-publish","4":"has-post-thumbnail","6":"product_cat-sunims","7":"product_cat-katems","8":"product_cat-vitaminai-ir-papildai","9":"product_cat-vitaminai-ir-papildai-katems","10":"pa_prekinis-zenklas-vetexpert","12":"first","13":"instock","14":"taxable","15":"shipping-taxable","16":"purchasable","17":"product-type-simple"},"yoast_head":"<!-- This site is optimized with the Yoast SEO Premium plugin v27.1 (Yoast SEO v27.5) - https:\/\/yoast.com\/product\/yoast-seo-premium-wordpress\/ -->\n<title>VetExpert Bioprotect 200mg \u0161unims ir kat\u0117ms 60kaps. - anivet.lt<\/title>\n<meta name=\"description\" content=\"Papildas, skirtas palaikyti sveik\u0105 vir\u0161kinamojo trakto mikroflor\u0105 \u0161unims ir kat\u0117ms. \u0160is produktas padeda esant diar\u0117jai, mikrofloros sutrikimams,\" \/>\n<meta name=\"robots\" content=\"index, follow, max-snippet:-1, max-image-preview:large, max-video-preview:-1\" \/>\n<link rel=\"canonical\" href=\"https:\/\/anivet.lt\/elparduotuve\/produktas\/vetexpert-bioprotect-200mg-sunims-ir-katems-60kaps\/\" \/>\n<meta property=\"og:locale\" content=\"lt_LT\" \/>\n<meta property=\"og:type\" content=\"article\" \/>\n<meta property=\"og:title\" content=\"VetExpert Bioprotect 200mg \u0161unims ir kat\u0117ms 60kaps.\" \/>\n<meta property=\"og:description\" content=\"Papildas, skirtas palaikyti sveik\u0105 vir\u0161kinamojo trakto mikroflor\u0105 \u0161unims ir kat\u0117ms. \u0160is produktas padeda esant diar\u0117jai, mikrofloros sutrikimams,\" \/>\n<meta property=\"og:url\" content=\"https:\/\/anivet.lt\/elparduotuve\/produktas\/vetexpert-bioprotect-200mg-sunims-ir-katems-60kaps\/\" \/>\n<meta property=\"og:site_name\" content=\"anivet.lt\" \/>\n<meta property=\"article:modified_time\" content=\"2026-01-31T19:28:19+00:00\" \/>\n<meta property=\"og:image\" content=\"https:\/\/anivet.lt\/elparduotuve\/wp-content\/uploads\/2025\/01\/14.-VetExpert-Bioprotect-200mg-sunims-ir-katems-60-kaps.jpg\" \/>\n\t<meta property=\"og:image:width\" content=\"1000\" \/>\n\t<meta property=\"og:image:height\" content=\"707\" \/>\n\t<meta property=\"og:image:type\" content=\"image\/jpeg\" \/>\n<meta name=\"twitter:card\" content=\"summary_large_image\" \/>\n<meta name=\"twitter:label1\" content=\"Est. reading time\" \/>\n\t<meta name=\"twitter:data1\" content=\"1 minut\u0117\" \/>\n<script type=\"application\/ld+json\" class=\"yoast-schema-graph\">{\"@context\":\"https:\\\/\\\/schema.org\",\"@graph\":[{\"@type\":\"WebPage\",\"@id\":\"https:\\\/\\\/anivet.lt\\\/elparduotuve\\\/produktas\\\/vetexpert-bioprotect-200mg-sunims-ir-katems-60kaps\\\/\",\"url\":\"https:\\\/\\\/anivet.lt\\\/elparduotuve\\\/produktas\\\/vetexpert-bioprotect-200mg-sunims-ir-katems-60kaps\\\/\",\"name\":\"VetExpert Bioprotect 200mg \u0161unims ir kat\u0117ms 60kaps. - anivet.lt\",\"isPartOf\":{\"@id\":\"https:\\\/\\\/anivet.lt\\\/elparduotuve\\\/#website\"},\"primaryImageOfPage\":{\"@id\":\"https:\\\/\\\/anivet.lt\\\/elparduotuve\\\/produktas\\\/vetexpert-bioprotect-200mg-sunims-ir-katems-60kaps\\\/#primaryimage\"},\"image\":{\"@id\":\"https:\\\/\\\/anivet.lt\\\/elparduotuve\\\/produktas\\\/vetexpert-bioprotect-200mg-sunims-ir-katems-60kaps\\\/#primaryimage\"},\"thumbnailUrl\":\"https:\\\/\\\/anivet.lt\\\/elparduotuve\\\/wp-content\\\/uploads\\\/2025\\\/01\\\/14.-VetExpert-Bioprotect-200mg-sunims-ir-katems-60-kaps.jpg\",\"datePublished\":\"2025-01-07T07:19:06+00:00\",\"dateModified\":\"2026-01-31T19:28:19+00:00\",\"description\":\"Papildas, skirtas palaikyti sveik\u0105 vir\u0161kinamojo trakto mikroflor\u0105 \u0161unims ir kat\u0117ms. \u0160is produktas padeda esant diar\u0117jai, mikrofloros sutrikimams,\",\"breadcrumb\":{\"@id\":\"https:\\\/\\\/anivet.lt\\\/elparduotuve\\\/produktas\\\/vetexpert-bioprotect-200mg-sunims-ir-katems-60kaps\\\/#breadcrumb\"},\"inLanguage\":\"lt-LT\",\"potentialAction\":[{\"@type\":\"ReadAction\",\"target\":[\"https:\\\/\\\/anivet.lt\\\/elparduotuve\\\/produktas\\\/vetexpert-bioprotect-200mg-sunims-ir-katems-60kaps\\\/\"]}]},{\"@type\":\"ImageObject\",\"inLanguage\":\"lt-LT\",\"@id\":\"https:\\\/\\\/anivet.lt\\\/elparduotuve\\\/produktas\\\/vetexpert-bioprotect-200mg-sunims-ir-katems-60kaps\\\/#primaryimage\",\"url\":\"https:\\\/\\\/anivet.lt\\\/elparduotuve\\\/wp-content\\\/uploads\\\/2025\\\/01\\\/14.-VetExpert-Bioprotect-200mg-sunims-ir-katems-60-kaps.jpg\",\"contentUrl\":\"https:\\\/\\\/anivet.lt\\\/elparduotuve\\\/wp-content\\\/uploads\\\/2025\\\/01\\\/14.-VetExpert-Bioprotect-200mg-sunims-ir-katems-60-kaps.jpg\",\"width\":1000,\"height\":707,\"caption\":\"VetExpert Bioprotect 200mg \u0161unims ir kat\u0117ms 60kaps.\"},{\"@type\":\"BreadcrumbList\",\"@id\":\"https:\\\/\\\/anivet.lt\\\/elparduotuve\\\/produktas\\\/vetexpert-bioprotect-200mg-sunims-ir-katems-60kaps\\\/#breadcrumb\",\"itemListElement\":[{\"@type\":\"ListItem\",\"position\":1,\"name\":\"Home\",\"item\":\"https:\\\/\\\/anivet.lt\\\/elparduotuve\\\/\"},{\"@type\":\"ListItem\",\"position\":2,\"name\":\"Produktai\",\"item\":\"https:\\\/\\\/anivet.lt\\\/elparduotuve\\\/produktai\\\/\"},{\"@type\":\"ListItem\",\"position\":3,\"name\":\"VetExpert Bioprotect 200mg \u0161unims ir kat\u0117ms 60kaps.\"}]},{\"@type\":\"WebSite\",\"@id\":\"https:\\\/\\\/anivet.lt\\\/elparduotuve\\\/#website\",\"url\":\"https:\\\/\\\/anivet.lt\\\/elparduotuve\\\/\",\"name\":\"anivet.lt\",\"description\":\"Viskas J\u016bs\u0173 \u0161uns, kat\u0117s prie\u017ei\u016brai\",\"publisher\":{\"@id\":\"https:\\\/\\\/anivet.lt\\\/elparduotuve\\\/#organization\"},\"alternateName\":\"Viskas J\u016bs\u0173 \u0161uns, kat\u0117s prie\u017ei\u016brai\",\"potentialAction\":[{\"@type\":\"SearchAction\",\"target\":{\"@type\":\"EntryPoint\",\"urlTemplate\":\"https:\\\/\\\/anivet.lt\\\/elparduotuve\\\/?s={search_term_string}\"},\"query-input\":{\"@type\":\"PropertyValueSpecification\",\"valueRequired\":true,\"valueName\":\"search_term_string\"}}],\"inLanguage\":\"lt-LT\"},{\"@type\":\"Organization\",\"@id\":\"https:\\\/\\\/anivet.lt\\\/elparduotuve\\\/#organization\",\"name\":\"Viskas J\u016bs\u0173 \u0161uns, kat\u0117s prie\u017ei\u016brai\",\"url\":\"https:\\\/\\\/anivet.lt\\\/elparduotuve\\\/\",\"logo\":{\"@type\":\"ImageObject\",\"inLanguage\":\"lt-LT\",\"@id\":\"https:\\\/\\\/anivet.lt\\\/elparduotuve\\\/#\\\/schema\\\/logo\\\/image\\\/\",\"url\":\"https:\\\/\\\/anivet.lt\\\/elparduotuve\\\/wp-content\\\/uploads\\\/2023\\\/06\\\/logo2.jpg\",\"contentUrl\":\"https:\\\/\\\/anivet.lt\\\/elparduotuve\\\/wp-content\\\/uploads\\\/2023\\\/06\\\/logo2.jpg\",\"width\":655,\"height\":194,\"caption\":\"Viskas J\u016bs\u0173 \u0161uns, kat\u0117s prie\u017ei\u016brai\"},\"image\":{\"@id\":\"https:\\\/\\\/anivet.lt\\\/elparduotuve\\\/#\\\/schema\\\/logo\\\/image\\\/\"}}]}<\/script>\n<!-- \/ Yoast SEO Premium plugin. -->","yoast_head_json":{"title":"VetExpert Bioprotect 200mg \u0161unims ir kat\u0117ms 60kaps. - anivet.lt","description":"Papildas, skirtas palaikyti sveik\u0105 vir\u0161kinamojo trakto mikroflor\u0105 \u0161unims ir kat\u0117ms. \u0160is produktas padeda esant diar\u0117jai, mikrofloros sutrikimams,","robots":{"index":"index","follow":"follow","max-snippet":"max-snippet:-1","max-image-preview":"max-image-preview:large","max-video-preview":"max-video-preview:-1"},"canonical":"https:\/\/anivet.lt\/elparduotuve\/produktas\/vetexpert-bioprotect-200mg-sunims-ir-katems-60kaps\/","og_locale":"lt_LT","og_type":"article","og_title":"VetExpert Bioprotect 200mg \u0161unims ir kat\u0117ms 60kaps.","og_description":"Papildas, skirtas palaikyti sveik\u0105 vir\u0161kinamojo trakto mikroflor\u0105 \u0161unims ir kat\u0117ms. \u0160is produktas padeda esant diar\u0117jai, mikrofloros sutrikimams,","og_url":"https:\/\/anivet.lt\/elparduotuve\/produktas\/vetexpert-bioprotect-200mg-sunims-ir-katems-60kaps\/","og_site_name":"anivet.lt","article_modified_time":"2026-01-31T19:28:19+00:00","og_image":[{"width":1000,"height":707,"url":"https:\/\/anivet.lt\/elparduotuve\/wp-content\/uploads\/2025\/01\/14.-VetExpert-Bioprotect-200mg-sunims-ir-katems-60-kaps.jpg","type":"image\/jpeg"}],"twitter_card":"summary_large_image","twitter_misc":{"Est. reading time":"1 minut\u0117"},"schema":{"@context":"https:\/\/schema.org","@graph":[{"@type":"WebPage","@id":"https:\/\/anivet.lt\/elparduotuve\/produktas\/vetexpert-bioprotect-200mg-sunims-ir-katems-60kaps\/","url":"https:\/\/anivet.lt\/elparduotuve\/produktas\/vetexpert-bioprotect-200mg-sunims-ir-katems-60kaps\/","name":"VetExpert Bioprotect 200mg \u0161unims ir kat\u0117ms 60kaps. - anivet.lt","isPartOf":{"@id":"https:\/\/anivet.lt\/elparduotuve\/#website"},"primaryImageOfPage":{"@id":"https:\/\/anivet.lt\/elparduotuve\/produktas\/vetexpert-bioprotect-200mg-sunims-ir-katems-60kaps\/#primaryimage"},"image":{"@id":"https:\/\/anivet.lt\/elparduotuve\/produktas\/vetexpert-bioprotect-200mg-sunims-ir-katems-60kaps\/#primaryimage"},"thumbnailUrl":"https:\/\/anivet.lt\/elparduotuve\/wp-content\/uploads\/2025\/01\/14.-VetExpert-Bioprotect-200mg-sunims-ir-katems-60-kaps.jpg","datePublished":"2025-01-07T07:19:06+00:00","dateModified":"2026-01-31T19:28:19+00:00","description":"Papildas, skirtas palaikyti sveik\u0105 vir\u0161kinamojo trakto mikroflor\u0105 \u0161unims ir kat\u0117ms. \u0160is produktas padeda esant diar\u0117jai, mikrofloros sutrikimams,","breadcrumb":{"@id":"https:\/\/anivet.lt\/elparduotuve\/produktas\/vetexpert-bioprotect-200mg-sunims-ir-katems-60kaps\/#breadcrumb"},"inLanguage":"lt-LT","potentialAction":[{"@type":"ReadAction","target":["https:\/\/anivet.lt\/elparduotuve\/produktas\/vetexpert-bioprotect-200mg-sunims-ir-katems-60kaps\/"]}]},{"@type":"ImageObject","inLanguage":"lt-LT","@id":"https:\/\/anivet.lt\/elparduotuve\/produktas\/vetexpert-bioprotect-200mg-sunims-ir-katems-60kaps\/#primaryimage","url":"https:\/\/anivet.lt\/elparduotuve\/wp-content\/uploads\/2025\/01\/14.-VetExpert-Bioprotect-200mg-sunims-ir-katems-60-kaps.jpg","contentUrl":"https:\/\/anivet.lt\/elparduotuve\/wp-content\/uploads\/2025\/01\/14.-VetExpert-Bioprotect-200mg-sunims-ir-katems-60-kaps.jpg","width":1000,"height":707,"caption":"VetExpert Bioprotect 200mg \u0161unims ir kat\u0117ms 60kaps."},{"@type":"BreadcrumbList","@id":"https:\/\/anivet.lt\/elparduotuve\/produktas\/vetexpert-bioprotect-200mg-sunims-ir-katems-60kaps\/#breadcrumb","itemListElement":[{"@type":"ListItem","position":1,"name":"Home","item":"https:\/\/anivet.lt\/elparduotuve\/"},{"@type":"ListItem","position":2,"name":"Produktai","item":"https:\/\/anivet.lt\/elparduotuve\/produktai\/"},{"@type":"ListItem","position":3,"name":"VetExpert Bioprotect 200mg \u0161unims ir kat\u0117ms 60kaps."}]},{"@type":"WebSite","@id":"https:\/\/anivet.lt\/elparduotuve\/#website","url":"https:\/\/anivet.lt\/elparduotuve\/","name":"anivet.lt","description":"Viskas J\u016bs\u0173 \u0161uns, kat\u0117s prie\u017ei\u016brai","publisher":{"@id":"https:\/\/anivet.lt\/elparduotuve\/#organization"},"alternateName":"Viskas J\u016bs\u0173 \u0161uns, kat\u0117s prie\u017ei\u016brai","potentialAction":[{"@type":"SearchAction","target":{"@type":"EntryPoint","urlTemplate":"https:\/\/anivet.lt\/elparduotuve\/?s={search_term_string}"},"query-input":{"@type":"PropertyValueSpecification","valueRequired":true,"valueName":"search_term_string"}}],"inLanguage":"lt-LT"},{"@type":"Organization","@id":"https:\/\/anivet.lt\/elparduotuve\/#organization","name":"Viskas J\u016bs\u0173 \u0161uns, kat\u0117s prie\u017ei\u016brai","url":"https:\/\/anivet.lt\/elparduotuve\/","logo":{"@type":"ImageObject","inLanguage":"lt-LT","@id":"https:\/\/anivet.lt\/elparduotuve\/#\/schema\/logo\/image\/","url":"https:\/\/anivet.lt\/elparduotuve\/wp-content\/uploads\/2023\/06\/logo2.jpg","contentUrl":"https:\/\/anivet.lt\/elparduotuve\/wp-content\/uploads\/2023\/06\/logo2.jpg","width":655,"height":194,"caption":"Viskas J\u016bs\u0173 \u0161uns, kat\u0117s prie\u017ei\u016brai"},"image":{"@id":"https:\/\/anivet.lt\/elparduotuve\/#\/schema\/logo\/image\/"}}]}},"_links":{"self":[{"href":"https:\/\/anivet.lt\/elparduotuve\/wp-json\/wp\/v2\/product\/15945","targetHints":{"allow":["GET"]}}],"collection":[{"href":"https:\/\/anivet.lt\/elparduotuve\/wp-json\/wp\/v2\/product"}],"about":[{"href":"https:\/\/anivet.lt\/elparduotuve\/wp-json\/wp\/v2\/types\/product"}],"wp:featuredmedia":[{"embeddable":true,"href":"https:\/\/anivet.lt\/elparduotuve\/wp-json\/wp\/v2\/media\/15946"}],"wp:attachment":[{"href":"https:\/\/anivet.lt\/elparduotuve\/wp-json\/wp\/v2\/media?parent=15945"}],"wp:term":[{"taxonomy":"product_brand","embeddable":true,"href":"https:\/\/anivet.lt\/elparduotuve\/wp-json\/wp\/v2\/product_brand?post=15945"},{"taxonomy":"product_cat","embeddable":true,"href":"https:\/\/anivet.lt\/elparduotuve\/wp-json\/wp\/v2\/product_cat?post=15945"},{"taxonomy":"product_tag","embeddable":true,"href":"https:\/\/anivet.lt\/elparduotuve\/wp-json\/wp\/v2\/product_tag?post=15945"}],"curies":[{"name":"wp","href":"https:\/\/api.w.org\/{rel}","templated":true}]}}