{"id":15950,"date":"2025-01-07T07:31:56","date_gmt":"2025-01-07T07:31:56","guid":{"rendered":"https:\/\/anivet.lt\/elparduotuve\/?post_type=product&#038;p=15950"},"modified":"2025-07-14T10:14:49","modified_gmt":"2025-07-14T10:14:49","slug":"direne-inkstu-nepakankamumui-32-tab","status":"publish","type":"product","link":"https:\/\/anivet.lt\/elparduotuve\/produktas\/direne-inkstu-nepakankamumui-32-tab\/","title":{"rendered":"Direne inkst\u0173 nepakankamumui 32 tab."},"content":{"rendered":"<p><span style=\"font-weight: 400;\">Papildas sukurtas \u0161unims ir kat\u0117ms, siekiant palaikyti fiziologin\u0119 inkst\u0173 funkcij\u0105 ir apsaugoti nuo inkst\u0173 pa\u017eeidim\u0173. Nat\u016bral\u016bs ingredientai ir veikliosios med\u017eiagos padeda reguliuoti imunin\u0119 sistem\u0105, ma\u017eina toksin\u0173 poveik\u012f ir gerina bendr\u0105 gyv\u016bno sveikat\u0105.<\/span><\/p>\n<ul>\n<li style=\"font-weight: 400;\" aria-level=\"1\"><span style=\"font-weight: 400;\">Imunin\u0117s sistemos reguliavimas: Ciber\u017eol\u0117 (Curcuma longa) ir astragalas (Astragalus membranaceus) stiprina imunin\u0119 sistem\u0105 ir ma\u017eina u\u017edegim\u0105.<\/span><\/li>\n<li style=\"font-weight: 400;\" aria-level=\"1\"><span style=\"font-weight: 400;\">Toksin\u0173 kontrol\u0117: Chitozanas suri\u0161a fosfor\u0105 ir azoto junginius, suma\u017eindamas j\u0173 \u012fsisavinim\u0105.<\/span><\/li>\n<li style=\"font-weight: 400;\" aria-level=\"1\"><span style=\"font-weight: 400;\">Mikrobiomo palaikymas: Probiotikai (Enterococcus Faecium) ir prebiotikai gerina \u017earnyno mikroflor\u0105, padeda kovoti su disbioze.<\/span><\/li>\n<li style=\"font-weight: 400;\" aria-level=\"1\"><span style=\"font-weight: 400;\">Antioksidacin\u0117 apsauga: Sud\u0117tyje esantis vitaminas E apsaugo l\u0105steles nuo oksidacinio streso.<\/span><\/li>\n<li style=\"font-weight: 400;\" aria-level=\"1\"><span style=\"font-weight: 400;\">Omega-3 riebal\u0173 r\u016bg\u0161tys: \u017duv\u0173 taukai ma\u017eina u\u017edegimus ir palaiko inkst\u0173 funkcij\u0105.<\/span><\/li>\n<\/ul>\n<p><span style=\"font-weight: 400;\">\u201eDirene\u201d tablet\u0117s yra veiksmingas ir nat\u016bralus sprendimas augintini\u0173, sergan\u010di\u0173 inkst\u0173 nepakankamumu, prie\u017ei\u016brai. \u0160is papildas padeda gerinti j\u0173 gyvenimo kokyb\u0119 ir palaikyti bendr\u0105 sveikat\u0105.<\/span><\/p>\n","protected":false},"excerpt":{"rendered":"<p>Papildas sukurtas \u0161unims ir kat\u0117ms, siekiant palaikyti fiziologin\u0119 inkst\u0173 funkcij\u0105 ir apsaugoti nuo inkst\u0173 pa\u017eeidim\u0173. Nat\u016bral\u016bs ingredientai ir veikliosios med\u017eiagos<\/p>\n","protected":false},"featured_media":15951,"template":"","meta":[],"product_brand":[],"product_cat":[101,102,113,124],"product_tag":[],"class_list":{"0":"post-15950","1":"product","2":"type-product","3":"status-publish","4":"has-post-thumbnail","6":"product_cat-sunims","7":"product_cat-katems","8":"product_cat-vitaminai-ir-papildai","9":"product_cat-vitaminai-ir-papildai-katems","10":"pa_prekinis-zenklas-drn","12":"first","13":"instock","14":"taxable","15":"shipping-taxable","16":"purchasable","17":"product-type-simple"},"yoast_head":"<!-- This site is optimized with the Yoast SEO Premium plugin v27.1 (Yoast SEO v27.5) - https:\/\/yoast.com\/product\/yoast-seo-premium-wordpress\/ -->\n<title>Direne inkst\u0173 nepakankamumui 32 tab. - anivet.lt<\/title>\n<meta name=\"description\" content=\"Papildas sukurtas \u0161unims ir kat\u0117ms, siekiant palaikyti fiziologin\u0119 inkst\u0173 funkcij\u0105 ir apsaugoti nuo inkst\u0173 pa\u017eeidim\u0173. Nat\u016bral\u016bs ingredientai ir\" \/>\n<meta name=\"robots\" content=\"index, follow, max-snippet:-1, max-image-preview:large, max-video-preview:-1\" \/>\n<link rel=\"canonical\" href=\"https:\/\/anivet.lt\/elparduotuve\/produktas\/direne-inkstu-nepakankamumui-32-tab\/\" \/>\n<meta property=\"og:locale\" content=\"lt_LT\" \/>\n<meta property=\"og:type\" content=\"article\" \/>\n<meta property=\"og:title\" content=\"Direne inkst\u0173 nepakankamumui 32 tab.\" \/>\n<meta property=\"og:description\" content=\"Papildas sukurtas \u0161unims ir kat\u0117ms, siekiant palaikyti fiziologin\u0119 inkst\u0173 funkcij\u0105 ir apsaugoti nuo inkst\u0173 pa\u017eeidim\u0173. Nat\u016bral\u016bs ingredientai ir\" \/>\n<meta property=\"og:url\" content=\"https:\/\/anivet.lt\/elparduotuve\/produktas\/direne-inkstu-nepakankamumui-32-tab\/\" \/>\n<meta property=\"og:site_name\" content=\"anivet.lt\" \/>\n<meta property=\"article:modified_time\" content=\"2025-07-14T10:14:49+00:00\" \/>\n<meta property=\"og:image\" content=\"https:\/\/anivet.lt\/elparduotuve\/wp-content\/uploads\/2025\/01\/16.-Direne-inkstu-nepakankamumui-32-tab.jpg\" \/>\n\t<meta property=\"og:image:width\" content=\"700\" \/>\n\t<meta property=\"og:image:height\" content=\"700\" \/>\n\t<meta property=\"og:image:type\" content=\"image\/jpeg\" \/>\n<meta name=\"twitter:card\" content=\"summary_large_image\" \/>\n<meta name=\"twitter:label1\" content=\"Est. reading time\" \/>\n\t<meta name=\"twitter:data1\" content=\"1 minut\u0117\" \/>\n<script type=\"application\/ld+json\" class=\"yoast-schema-graph\">{\"@context\":\"https:\\\/\\\/schema.org\",\"@graph\":[{\"@type\":\"WebPage\",\"@id\":\"https:\\\/\\\/anivet.lt\\\/elparduotuve\\\/produktas\\\/direne-inkstu-nepakankamumui-32-tab\\\/\",\"url\":\"https:\\\/\\\/anivet.lt\\\/elparduotuve\\\/produktas\\\/direne-inkstu-nepakankamumui-32-tab\\\/\",\"name\":\"Direne inkst\u0173 nepakankamumui 32 tab. - anivet.lt\",\"isPartOf\":{\"@id\":\"https:\\\/\\\/anivet.lt\\\/elparduotuve\\\/#website\"},\"primaryImageOfPage\":{\"@id\":\"https:\\\/\\\/anivet.lt\\\/elparduotuve\\\/produktas\\\/direne-inkstu-nepakankamumui-32-tab\\\/#primaryimage\"},\"image\":{\"@id\":\"https:\\\/\\\/anivet.lt\\\/elparduotuve\\\/produktas\\\/direne-inkstu-nepakankamumui-32-tab\\\/#primaryimage\"},\"thumbnailUrl\":\"https:\\\/\\\/anivet.lt\\\/elparduotuve\\\/wp-content\\\/uploads\\\/2025\\\/01\\\/16.-Direne-inkstu-nepakankamumui-32-tab.jpg\",\"datePublished\":\"2025-01-07T07:31:56+00:00\",\"dateModified\":\"2025-07-14T10:14:49+00:00\",\"description\":\"Papildas sukurtas \u0161unims ir kat\u0117ms, siekiant palaikyti fiziologin\u0119 inkst\u0173 funkcij\u0105 ir apsaugoti nuo inkst\u0173 pa\u017eeidim\u0173. Nat\u016bral\u016bs ingredientai ir\",\"breadcrumb\":{\"@id\":\"https:\\\/\\\/anivet.lt\\\/elparduotuve\\\/produktas\\\/direne-inkstu-nepakankamumui-32-tab\\\/#breadcrumb\"},\"inLanguage\":\"lt-LT\",\"potentialAction\":[{\"@type\":\"ReadAction\",\"target\":[\"https:\\\/\\\/anivet.lt\\\/elparduotuve\\\/produktas\\\/direne-inkstu-nepakankamumui-32-tab\\\/\"]}]},{\"@type\":\"ImageObject\",\"inLanguage\":\"lt-LT\",\"@id\":\"https:\\\/\\\/anivet.lt\\\/elparduotuve\\\/produktas\\\/direne-inkstu-nepakankamumui-32-tab\\\/#primaryimage\",\"url\":\"https:\\\/\\\/anivet.lt\\\/elparduotuve\\\/wp-content\\\/uploads\\\/2025\\\/01\\\/16.-Direne-inkstu-nepakankamumui-32-tab.jpg\",\"contentUrl\":\"https:\\\/\\\/anivet.lt\\\/elparduotuve\\\/wp-content\\\/uploads\\\/2025\\\/01\\\/16.-Direne-inkstu-nepakankamumui-32-tab.jpg\",\"width\":700,\"height\":700,\"caption\":\"Direne inkst\u0173 nepakankamumui 32 tab.\"},{\"@type\":\"BreadcrumbList\",\"@id\":\"https:\\\/\\\/anivet.lt\\\/elparduotuve\\\/produktas\\\/direne-inkstu-nepakankamumui-32-tab\\\/#breadcrumb\",\"itemListElement\":[{\"@type\":\"ListItem\",\"position\":1,\"name\":\"Home\",\"item\":\"https:\\\/\\\/anivet.lt\\\/elparduotuve\\\/\"},{\"@type\":\"ListItem\",\"position\":2,\"name\":\"Produktai\",\"item\":\"https:\\\/\\\/anivet.lt\\\/elparduotuve\\\/produktai\\\/\"},{\"@type\":\"ListItem\",\"position\":3,\"name\":\"Direne inkst\u0173 nepakankamumui 32 tab.\"}]},{\"@type\":\"WebSite\",\"@id\":\"https:\\\/\\\/anivet.lt\\\/elparduotuve\\\/#website\",\"url\":\"https:\\\/\\\/anivet.lt\\\/elparduotuve\\\/\",\"name\":\"anivet.lt\",\"description\":\"Viskas J\u016bs\u0173 \u0161uns, kat\u0117s prie\u017ei\u016brai\",\"publisher\":{\"@id\":\"https:\\\/\\\/anivet.lt\\\/elparduotuve\\\/#organization\"},\"alternateName\":\"Viskas J\u016bs\u0173 \u0161uns, kat\u0117s prie\u017ei\u016brai\",\"potentialAction\":[{\"@type\":\"SearchAction\",\"target\":{\"@type\":\"EntryPoint\",\"urlTemplate\":\"https:\\\/\\\/anivet.lt\\\/elparduotuve\\\/?s={search_term_string}\"},\"query-input\":{\"@type\":\"PropertyValueSpecification\",\"valueRequired\":true,\"valueName\":\"search_term_string\"}}],\"inLanguage\":\"lt-LT\"},{\"@type\":\"Organization\",\"@id\":\"https:\\\/\\\/anivet.lt\\\/elparduotuve\\\/#organization\",\"name\":\"Viskas J\u016bs\u0173 \u0161uns, kat\u0117s prie\u017ei\u016brai\",\"url\":\"https:\\\/\\\/anivet.lt\\\/elparduotuve\\\/\",\"logo\":{\"@type\":\"ImageObject\",\"inLanguage\":\"lt-LT\",\"@id\":\"https:\\\/\\\/anivet.lt\\\/elparduotuve\\\/#\\\/schema\\\/logo\\\/image\\\/\",\"url\":\"https:\\\/\\\/anivet.lt\\\/elparduotuve\\\/wp-content\\\/uploads\\\/2023\\\/06\\\/logo2.jpg\",\"contentUrl\":\"https:\\\/\\\/anivet.lt\\\/elparduotuve\\\/wp-content\\\/uploads\\\/2023\\\/06\\\/logo2.jpg\",\"width\":655,\"height\":194,\"caption\":\"Viskas J\u016bs\u0173 \u0161uns, kat\u0117s prie\u017ei\u016brai\"},\"image\":{\"@id\":\"https:\\\/\\\/anivet.lt\\\/elparduotuve\\\/#\\\/schema\\\/logo\\\/image\\\/\"}}]}<\/script>\n<!-- \/ Yoast SEO Premium plugin. -->","yoast_head_json":{"title":"Direne inkst\u0173 nepakankamumui 32 tab. - anivet.lt","description":"Papildas sukurtas \u0161unims ir kat\u0117ms, siekiant palaikyti fiziologin\u0119 inkst\u0173 funkcij\u0105 ir apsaugoti nuo inkst\u0173 pa\u017eeidim\u0173. Nat\u016bral\u016bs ingredientai ir","robots":{"index":"index","follow":"follow","max-snippet":"max-snippet:-1","max-image-preview":"max-image-preview:large","max-video-preview":"max-video-preview:-1"},"canonical":"https:\/\/anivet.lt\/elparduotuve\/produktas\/direne-inkstu-nepakankamumui-32-tab\/","og_locale":"lt_LT","og_type":"article","og_title":"Direne inkst\u0173 nepakankamumui 32 tab.","og_description":"Papildas sukurtas \u0161unims ir kat\u0117ms, siekiant palaikyti fiziologin\u0119 inkst\u0173 funkcij\u0105 ir apsaugoti nuo inkst\u0173 pa\u017eeidim\u0173. Nat\u016bral\u016bs ingredientai ir","og_url":"https:\/\/anivet.lt\/elparduotuve\/produktas\/direne-inkstu-nepakankamumui-32-tab\/","og_site_name":"anivet.lt","article_modified_time":"2025-07-14T10:14:49+00:00","og_image":[{"width":700,"height":700,"url":"https:\/\/anivet.lt\/elparduotuve\/wp-content\/uploads\/2025\/01\/16.-Direne-inkstu-nepakankamumui-32-tab.jpg","type":"image\/jpeg"}],"twitter_card":"summary_large_image","twitter_misc":{"Est. reading time":"1 minut\u0117"},"schema":{"@context":"https:\/\/schema.org","@graph":[{"@type":"WebPage","@id":"https:\/\/anivet.lt\/elparduotuve\/produktas\/direne-inkstu-nepakankamumui-32-tab\/","url":"https:\/\/anivet.lt\/elparduotuve\/produktas\/direne-inkstu-nepakankamumui-32-tab\/","name":"Direne inkst\u0173 nepakankamumui 32 tab. - anivet.lt","isPartOf":{"@id":"https:\/\/anivet.lt\/elparduotuve\/#website"},"primaryImageOfPage":{"@id":"https:\/\/anivet.lt\/elparduotuve\/produktas\/direne-inkstu-nepakankamumui-32-tab\/#primaryimage"},"image":{"@id":"https:\/\/anivet.lt\/elparduotuve\/produktas\/direne-inkstu-nepakankamumui-32-tab\/#primaryimage"},"thumbnailUrl":"https:\/\/anivet.lt\/elparduotuve\/wp-content\/uploads\/2025\/01\/16.-Direne-inkstu-nepakankamumui-32-tab.jpg","datePublished":"2025-01-07T07:31:56+00:00","dateModified":"2025-07-14T10:14:49+00:00","description":"Papildas sukurtas \u0161unims ir kat\u0117ms, siekiant palaikyti fiziologin\u0119 inkst\u0173 funkcij\u0105 ir apsaugoti nuo inkst\u0173 pa\u017eeidim\u0173. Nat\u016bral\u016bs ingredientai ir","breadcrumb":{"@id":"https:\/\/anivet.lt\/elparduotuve\/produktas\/direne-inkstu-nepakankamumui-32-tab\/#breadcrumb"},"inLanguage":"lt-LT","potentialAction":[{"@type":"ReadAction","target":["https:\/\/anivet.lt\/elparduotuve\/produktas\/direne-inkstu-nepakankamumui-32-tab\/"]}]},{"@type":"ImageObject","inLanguage":"lt-LT","@id":"https:\/\/anivet.lt\/elparduotuve\/produktas\/direne-inkstu-nepakankamumui-32-tab\/#primaryimage","url":"https:\/\/anivet.lt\/elparduotuve\/wp-content\/uploads\/2025\/01\/16.-Direne-inkstu-nepakankamumui-32-tab.jpg","contentUrl":"https:\/\/anivet.lt\/elparduotuve\/wp-content\/uploads\/2025\/01\/16.-Direne-inkstu-nepakankamumui-32-tab.jpg","width":700,"height":700,"caption":"Direne inkst\u0173 nepakankamumui 32 tab."},{"@type":"BreadcrumbList","@id":"https:\/\/anivet.lt\/elparduotuve\/produktas\/direne-inkstu-nepakankamumui-32-tab\/#breadcrumb","itemListElement":[{"@type":"ListItem","position":1,"name":"Home","item":"https:\/\/anivet.lt\/elparduotuve\/"},{"@type":"ListItem","position":2,"name":"Produktai","item":"https:\/\/anivet.lt\/elparduotuve\/produktai\/"},{"@type":"ListItem","position":3,"name":"Direne inkst\u0173 nepakankamumui 32 tab."}]},{"@type":"WebSite","@id":"https:\/\/anivet.lt\/elparduotuve\/#website","url":"https:\/\/anivet.lt\/elparduotuve\/","name":"anivet.lt","description":"Viskas J\u016bs\u0173 \u0161uns, kat\u0117s prie\u017ei\u016brai","publisher":{"@id":"https:\/\/anivet.lt\/elparduotuve\/#organization"},"alternateName":"Viskas J\u016bs\u0173 \u0161uns, kat\u0117s prie\u017ei\u016brai","potentialAction":[{"@type":"SearchAction","target":{"@type":"EntryPoint","urlTemplate":"https:\/\/anivet.lt\/elparduotuve\/?s={search_term_string}"},"query-input":{"@type":"PropertyValueSpecification","valueRequired":true,"valueName":"search_term_string"}}],"inLanguage":"lt-LT"},{"@type":"Organization","@id":"https:\/\/anivet.lt\/elparduotuve\/#organization","name":"Viskas J\u016bs\u0173 \u0161uns, kat\u0117s prie\u017ei\u016brai","url":"https:\/\/anivet.lt\/elparduotuve\/","logo":{"@type":"ImageObject","inLanguage":"lt-LT","@id":"https:\/\/anivet.lt\/elparduotuve\/#\/schema\/logo\/image\/","url":"https:\/\/anivet.lt\/elparduotuve\/wp-content\/uploads\/2023\/06\/logo2.jpg","contentUrl":"https:\/\/anivet.lt\/elparduotuve\/wp-content\/uploads\/2023\/06\/logo2.jpg","width":655,"height":194,"caption":"Viskas J\u016bs\u0173 \u0161uns, kat\u0117s prie\u017ei\u016brai"},"image":{"@id":"https:\/\/anivet.lt\/elparduotuve\/#\/schema\/logo\/image\/"}}]}},"_links":{"self":[{"href":"https:\/\/anivet.lt\/elparduotuve\/wp-json\/wp\/v2\/product\/15950","targetHints":{"allow":["GET"]}}],"collection":[{"href":"https:\/\/anivet.lt\/elparduotuve\/wp-json\/wp\/v2\/product"}],"about":[{"href":"https:\/\/anivet.lt\/elparduotuve\/wp-json\/wp\/v2\/types\/product"}],"wp:featuredmedia":[{"embeddable":true,"href":"https:\/\/anivet.lt\/elparduotuve\/wp-json\/wp\/v2\/media\/15951"}],"wp:attachment":[{"href":"https:\/\/anivet.lt\/elparduotuve\/wp-json\/wp\/v2\/media?parent=15950"}],"wp:term":[{"taxonomy":"product_brand","embeddable":true,"href":"https:\/\/anivet.lt\/elparduotuve\/wp-json\/wp\/v2\/product_brand?post=15950"},{"taxonomy":"product_cat","embeddable":true,"href":"https:\/\/anivet.lt\/elparduotuve\/wp-json\/wp\/v2\/product_cat?post=15950"},{"taxonomy":"product_tag","embeddable":true,"href":"https:\/\/anivet.lt\/elparduotuve\/wp-json\/wp\/v2\/product_tag?post=15950"}],"curies":[{"name":"wp","href":"https:\/\/api.w.org\/{rel}","templated":true}]}}