{"id":15955,"date":"2025-01-07T07:46:57","date_gmt":"2025-01-07T07:46:57","guid":{"rendered":"https:\/\/anivet.lt\/elparduotuve\/?post_type=product&#038;p=15955"},"modified":"2026-04-13T15:14:07","modified_gmt":"2026-04-13T15:14:07","slug":"vetapro-hepatosil-advanced-250-mg-kepenu-funkcijai-30tab","status":"publish","type":"product","link":"https:\/\/anivet.lt\/elparduotuve\/produktas\/vetapro-hepatosil-advanced-250-mg-kepenu-funkcijai-30tab\/","title":{"rendered":"VetaPro Hepatosil Advanced 250 mg kepen\u0173 funkcijai 30tab."},"content":{"rendered":"<p><span style=\"font-weight: 400;\">Auk\u0161tos kokyb\u0117s pa\u0161aro papildas, skirtas \u0161unims ir kat\u0117ms, siekiant palaikyti kepen\u0173 funkcij\u0105 j\u0173 nepakankamumo ar sutrikim\u0173 atvejais. Specialiai sukurta formul\u0117 padeda regeneruoti ir apsaugoti kepen\u0173 l\u0105steles, skatindama kepen\u0173 sveikat\u0105 ir greitesn\u012f j\u0173 atsistatym\u0105.<\/span><\/p>\n<ul>\n<li style=\"font-weight: 400;\" aria-level=\"1\"><span style=\"font-weight: 400;\">Pieno rakta\u017eoli\u0173 ekstraktas: Turtingas silimarino kompleksas (flavonoidai) stimuliuoja kepen\u0173 regeneracij\u0105, didina tul\u017eies sekrecij\u0105 ir ma\u017eina u\u017edegim\u0105.<\/span><\/li>\n<li style=\"font-weight: 400;\" aria-level=\"1\"><span style=\"font-weight: 400;\">L-ornitino-L-aspartatas: Ma\u017eina amoniako kiek\u012f kraujyje ir palaiko kepen\u0173 detoksikacijos procesus.<\/span><\/li>\n<li style=\"font-weight: 400;\" aria-level=\"1\"><span style=\"font-weight: 400;\">S-adenozilmetioninas (SAMe): Skatina glutationo gamyb\u0105, apsaugo kepen\u0173 l\u0105steles nuo toksin\u0173 ir oksidacinio streso.<\/span><\/li>\n<li style=\"font-weight: 400;\" aria-level=\"1\"><span style=\"font-weight: 400;\">Arti\u0161oko ekstraktas: Veikia kaip antioksidantas, gerina kepen\u0173 ir tul\u017eies funkcij\u0105 bei palaiko sveik\u0105 vir\u0161kinim\u0105.<\/span><\/li>\n<li style=\"font-weight: 400;\" aria-level=\"1\"><span style=\"font-weight: 400;\">Vitaminas E: Pasi\u017eymi stipriomis antioksidacin\u0117mis ir prie\u0161u\u017edegimin\u0117mis savyb\u0117mis, palaiko kepen\u0173 sveikat\u0105 ir ma\u017eina fibroz\u0119.<\/span><\/li>\n<\/ul>\n<p><span style=\"font-weight: 400;\">\u201eHepatosil Advanced\u201d yra veiksmingas sprendimas j\u016bs\u0173 augintinio kepen\u0173 sveikatos palaikymui. Papildas padeda atkurti kepen\u0173 funkcij\u0105, suma\u017einti u\u017edegiminius procesus ir u\u017etikrinti ilgesn\u0119 augintinio gyvenimo kokyb\u0119.<\/span><\/p>\n","protected":false},"excerpt":{"rendered":"<p>Auk\u0161tos kokyb\u0117s pa\u0161aro papildas, skirtas \u0161unims ir kat\u0117ms, siekiant palaikyti kepen\u0173 funkcij\u0105 j\u0173 nepakankamumo ar sutrikim\u0173 atvejais. Specialiai sukurta formul\u0117<\/p>\n","protected":false},"featured_media":15957,"template":"","meta":[],"product_brand":[],"product_cat":[101,102,113,124],"product_tag":[],"class_list":{"0":"post-15955","1":"product","2":"type-product","3":"status-publish","4":"has-post-thumbnail","6":"product_cat-sunims","7":"product_cat-katems","8":"product_cat-vitaminai-ir-papildai","9":"product_cat-vitaminai-ir-papildai-katems","10":"pa_prekinis-zenklas-vetapro","12":"first","13":"outofstock","14":"taxable","15":"shipping-taxable","16":"purchasable","17":"product-type-simple"},"yoast_head":"<!-- This site is optimized with the Yoast SEO Premium plugin v27.1 (Yoast SEO v27.5) - https:\/\/yoast.com\/product\/yoast-seo-premium-wordpress\/ -->\n<title>VetaPro Hepatosil Advanced 250 mg kepen\u0173 funkcijai 30tab. - anivet.lt<\/title>\n<meta name=\"description\" content=\"Auk\u0161tos kokyb\u0117s pa\u0161aro papildas, skirtas \u0161unims ir kat\u0117ms, siekiant palaikyti kepen\u0173 funkcij\u0105 j\u0173 nepakankamumo ar sutrikim\u0173 atvejais. Specialiai sukurta\" \/>\n<meta name=\"robots\" content=\"index, follow, max-snippet:-1, max-image-preview:large, max-video-preview:-1\" \/>\n<link rel=\"canonical\" href=\"https:\/\/anivet.lt\/elparduotuve\/produktas\/vetapro-hepatosil-advanced-250-mg-kepenu-funkcijai-30tab\/\" \/>\n<meta property=\"og:locale\" content=\"lt_LT\" \/>\n<meta property=\"og:type\" content=\"article\" \/>\n<meta property=\"og:title\" content=\"VetaPro Hepatosil Advanced 250 mg kepen\u0173 funkcijai 30tab.\" \/>\n<meta property=\"og:description\" content=\"Auk\u0161tos kokyb\u0117s pa\u0161aro papildas, skirtas \u0161unims ir kat\u0117ms, siekiant palaikyti kepen\u0173 funkcij\u0105 j\u0173 nepakankamumo ar sutrikim\u0173 atvejais. Specialiai sukurta\" \/>\n<meta property=\"og:url\" content=\"https:\/\/anivet.lt\/elparduotuve\/produktas\/vetapro-hepatosil-advanced-250-mg-kepenu-funkcijai-30tab\/\" \/>\n<meta property=\"og:site_name\" content=\"anivet.lt\" \/>\n<meta property=\"article:modified_time\" content=\"2026-04-13T15:14:07+00:00\" \/>\n<meta property=\"og:image\" content=\"https:\/\/anivet.lt\/elparduotuve\/wp-content\/uploads\/2025\/01\/18.-Hepatosil-Advanced-250-mg-kepenu-funkcijai-30-tab.jpg\" \/>\n\t<meta property=\"og:image:width\" content=\"1000\" \/>\n\t<meta property=\"og:image:height\" content=\"1000\" \/>\n\t<meta property=\"og:image:type\" content=\"image\/jpeg\" \/>\n<meta name=\"twitter:card\" content=\"summary_large_image\" \/>\n<meta name=\"twitter:label1\" content=\"Est. reading time\" \/>\n\t<meta name=\"twitter:data1\" content=\"1 minut\u0117\" \/>\n<script type=\"application\/ld+json\" class=\"yoast-schema-graph\">{\"@context\":\"https:\\\/\\\/schema.org\",\"@graph\":[{\"@type\":\"WebPage\",\"@id\":\"https:\\\/\\\/anivet.lt\\\/elparduotuve\\\/produktas\\\/vetapro-hepatosil-advanced-250-mg-kepenu-funkcijai-30tab\\\/\",\"url\":\"https:\\\/\\\/anivet.lt\\\/elparduotuve\\\/produktas\\\/vetapro-hepatosil-advanced-250-mg-kepenu-funkcijai-30tab\\\/\",\"name\":\"VetaPro Hepatosil Advanced 250 mg kepen\u0173 funkcijai 30tab. - anivet.lt\",\"isPartOf\":{\"@id\":\"https:\\\/\\\/anivet.lt\\\/elparduotuve\\\/#website\"},\"primaryImageOfPage\":{\"@id\":\"https:\\\/\\\/anivet.lt\\\/elparduotuve\\\/produktas\\\/vetapro-hepatosil-advanced-250-mg-kepenu-funkcijai-30tab\\\/#primaryimage\"},\"image\":{\"@id\":\"https:\\\/\\\/anivet.lt\\\/elparduotuve\\\/produktas\\\/vetapro-hepatosil-advanced-250-mg-kepenu-funkcijai-30tab\\\/#primaryimage\"},\"thumbnailUrl\":\"https:\\\/\\\/anivet.lt\\\/elparduotuve\\\/wp-content\\\/uploads\\\/2025\\\/01\\\/18.-Hepatosil-Advanced-250-mg-kepenu-funkcijai-30-tab.jpg\",\"datePublished\":\"2025-01-07T07:46:57+00:00\",\"dateModified\":\"2026-04-13T15:14:07+00:00\",\"description\":\"Auk\u0161tos kokyb\u0117s pa\u0161aro papildas, skirtas \u0161unims ir kat\u0117ms, siekiant palaikyti kepen\u0173 funkcij\u0105 j\u0173 nepakankamumo ar sutrikim\u0173 atvejais. Specialiai sukurta\",\"breadcrumb\":{\"@id\":\"https:\\\/\\\/anivet.lt\\\/elparduotuve\\\/produktas\\\/vetapro-hepatosil-advanced-250-mg-kepenu-funkcijai-30tab\\\/#breadcrumb\"},\"inLanguage\":\"lt-LT\",\"potentialAction\":[{\"@type\":\"ReadAction\",\"target\":[\"https:\\\/\\\/anivet.lt\\\/elparduotuve\\\/produktas\\\/vetapro-hepatosil-advanced-250-mg-kepenu-funkcijai-30tab\\\/\"]}]},{\"@type\":\"ImageObject\",\"inLanguage\":\"lt-LT\",\"@id\":\"https:\\\/\\\/anivet.lt\\\/elparduotuve\\\/produktas\\\/vetapro-hepatosil-advanced-250-mg-kepenu-funkcijai-30tab\\\/#primaryimage\",\"url\":\"https:\\\/\\\/anivet.lt\\\/elparduotuve\\\/wp-content\\\/uploads\\\/2025\\\/01\\\/18.-Hepatosil-Advanced-250-mg-kepenu-funkcijai-30-tab.jpg\",\"contentUrl\":\"https:\\\/\\\/anivet.lt\\\/elparduotuve\\\/wp-content\\\/uploads\\\/2025\\\/01\\\/18.-Hepatosil-Advanced-250-mg-kepenu-funkcijai-30-tab.jpg\",\"width\":1000,\"height\":1000,\"caption\":\"VetaPro Hepatosil Advanced 250 mg kepen\u0173 funkcijai 30tab.\"},{\"@type\":\"BreadcrumbList\",\"@id\":\"https:\\\/\\\/anivet.lt\\\/elparduotuve\\\/produktas\\\/vetapro-hepatosil-advanced-250-mg-kepenu-funkcijai-30tab\\\/#breadcrumb\",\"itemListElement\":[{\"@type\":\"ListItem\",\"position\":1,\"name\":\"Home\",\"item\":\"https:\\\/\\\/anivet.lt\\\/elparduotuve\\\/\"},{\"@type\":\"ListItem\",\"position\":2,\"name\":\"Produktai\",\"item\":\"https:\\\/\\\/anivet.lt\\\/elparduotuve\\\/produktai\\\/\"},{\"@type\":\"ListItem\",\"position\":3,\"name\":\"VetaPro Hepatosil Advanced 250 mg kepen\u0173 funkcijai 30tab.\"}]},{\"@type\":\"WebSite\",\"@id\":\"https:\\\/\\\/anivet.lt\\\/elparduotuve\\\/#website\",\"url\":\"https:\\\/\\\/anivet.lt\\\/elparduotuve\\\/\",\"name\":\"anivet.lt\",\"description\":\"Viskas J\u016bs\u0173 \u0161uns, kat\u0117s prie\u017ei\u016brai\",\"publisher\":{\"@id\":\"https:\\\/\\\/anivet.lt\\\/elparduotuve\\\/#organization\"},\"alternateName\":\"Viskas J\u016bs\u0173 \u0161uns, kat\u0117s prie\u017ei\u016brai\",\"potentialAction\":[{\"@type\":\"SearchAction\",\"target\":{\"@type\":\"EntryPoint\",\"urlTemplate\":\"https:\\\/\\\/anivet.lt\\\/elparduotuve\\\/?s={search_term_string}\"},\"query-input\":{\"@type\":\"PropertyValueSpecification\",\"valueRequired\":true,\"valueName\":\"search_term_string\"}}],\"inLanguage\":\"lt-LT\"},{\"@type\":\"Organization\",\"@id\":\"https:\\\/\\\/anivet.lt\\\/elparduotuve\\\/#organization\",\"name\":\"Viskas J\u016bs\u0173 \u0161uns, kat\u0117s prie\u017ei\u016brai\",\"url\":\"https:\\\/\\\/anivet.lt\\\/elparduotuve\\\/\",\"logo\":{\"@type\":\"ImageObject\",\"inLanguage\":\"lt-LT\",\"@id\":\"https:\\\/\\\/anivet.lt\\\/elparduotuve\\\/#\\\/schema\\\/logo\\\/image\\\/\",\"url\":\"https:\\\/\\\/anivet.lt\\\/elparduotuve\\\/wp-content\\\/uploads\\\/2023\\\/06\\\/logo2.jpg\",\"contentUrl\":\"https:\\\/\\\/anivet.lt\\\/elparduotuve\\\/wp-content\\\/uploads\\\/2023\\\/06\\\/logo2.jpg\",\"width\":655,\"height\":194,\"caption\":\"Viskas J\u016bs\u0173 \u0161uns, kat\u0117s prie\u017ei\u016brai\"},\"image\":{\"@id\":\"https:\\\/\\\/anivet.lt\\\/elparduotuve\\\/#\\\/schema\\\/logo\\\/image\\\/\"}}]}<\/script>\n<!-- \/ Yoast SEO Premium plugin. -->","yoast_head_json":{"title":"VetaPro Hepatosil Advanced 250 mg kepen\u0173 funkcijai 30tab. - anivet.lt","description":"Auk\u0161tos kokyb\u0117s pa\u0161aro papildas, skirtas \u0161unims ir kat\u0117ms, siekiant palaikyti kepen\u0173 funkcij\u0105 j\u0173 nepakankamumo ar sutrikim\u0173 atvejais. Specialiai sukurta","robots":{"index":"index","follow":"follow","max-snippet":"max-snippet:-1","max-image-preview":"max-image-preview:large","max-video-preview":"max-video-preview:-1"},"canonical":"https:\/\/anivet.lt\/elparduotuve\/produktas\/vetapro-hepatosil-advanced-250-mg-kepenu-funkcijai-30tab\/","og_locale":"lt_LT","og_type":"article","og_title":"VetaPro Hepatosil Advanced 250 mg kepen\u0173 funkcijai 30tab.","og_description":"Auk\u0161tos kokyb\u0117s pa\u0161aro papildas, skirtas \u0161unims ir kat\u0117ms, siekiant palaikyti kepen\u0173 funkcij\u0105 j\u0173 nepakankamumo ar sutrikim\u0173 atvejais. Specialiai sukurta","og_url":"https:\/\/anivet.lt\/elparduotuve\/produktas\/vetapro-hepatosil-advanced-250-mg-kepenu-funkcijai-30tab\/","og_site_name":"anivet.lt","article_modified_time":"2026-04-13T15:14:07+00:00","og_image":[{"width":1000,"height":1000,"url":"https:\/\/anivet.lt\/elparduotuve\/wp-content\/uploads\/2025\/01\/18.-Hepatosil-Advanced-250-mg-kepenu-funkcijai-30-tab.jpg","type":"image\/jpeg"}],"twitter_card":"summary_large_image","twitter_misc":{"Est. reading time":"1 minut\u0117"},"schema":{"@context":"https:\/\/schema.org","@graph":[{"@type":"WebPage","@id":"https:\/\/anivet.lt\/elparduotuve\/produktas\/vetapro-hepatosil-advanced-250-mg-kepenu-funkcijai-30tab\/","url":"https:\/\/anivet.lt\/elparduotuve\/produktas\/vetapro-hepatosil-advanced-250-mg-kepenu-funkcijai-30tab\/","name":"VetaPro Hepatosil Advanced 250 mg kepen\u0173 funkcijai 30tab. - anivet.lt","isPartOf":{"@id":"https:\/\/anivet.lt\/elparduotuve\/#website"},"primaryImageOfPage":{"@id":"https:\/\/anivet.lt\/elparduotuve\/produktas\/vetapro-hepatosil-advanced-250-mg-kepenu-funkcijai-30tab\/#primaryimage"},"image":{"@id":"https:\/\/anivet.lt\/elparduotuve\/produktas\/vetapro-hepatosil-advanced-250-mg-kepenu-funkcijai-30tab\/#primaryimage"},"thumbnailUrl":"https:\/\/anivet.lt\/elparduotuve\/wp-content\/uploads\/2025\/01\/18.-Hepatosil-Advanced-250-mg-kepenu-funkcijai-30-tab.jpg","datePublished":"2025-01-07T07:46:57+00:00","dateModified":"2026-04-13T15:14:07+00:00","description":"Auk\u0161tos kokyb\u0117s pa\u0161aro papildas, skirtas \u0161unims ir kat\u0117ms, siekiant palaikyti kepen\u0173 funkcij\u0105 j\u0173 nepakankamumo ar sutrikim\u0173 atvejais. Specialiai sukurta","breadcrumb":{"@id":"https:\/\/anivet.lt\/elparduotuve\/produktas\/vetapro-hepatosil-advanced-250-mg-kepenu-funkcijai-30tab\/#breadcrumb"},"inLanguage":"lt-LT","potentialAction":[{"@type":"ReadAction","target":["https:\/\/anivet.lt\/elparduotuve\/produktas\/vetapro-hepatosil-advanced-250-mg-kepenu-funkcijai-30tab\/"]}]},{"@type":"ImageObject","inLanguage":"lt-LT","@id":"https:\/\/anivet.lt\/elparduotuve\/produktas\/vetapro-hepatosil-advanced-250-mg-kepenu-funkcijai-30tab\/#primaryimage","url":"https:\/\/anivet.lt\/elparduotuve\/wp-content\/uploads\/2025\/01\/18.-Hepatosil-Advanced-250-mg-kepenu-funkcijai-30-tab.jpg","contentUrl":"https:\/\/anivet.lt\/elparduotuve\/wp-content\/uploads\/2025\/01\/18.-Hepatosil-Advanced-250-mg-kepenu-funkcijai-30-tab.jpg","width":1000,"height":1000,"caption":"VetaPro Hepatosil Advanced 250 mg kepen\u0173 funkcijai 30tab."},{"@type":"BreadcrumbList","@id":"https:\/\/anivet.lt\/elparduotuve\/produktas\/vetapro-hepatosil-advanced-250-mg-kepenu-funkcijai-30tab\/#breadcrumb","itemListElement":[{"@type":"ListItem","position":1,"name":"Home","item":"https:\/\/anivet.lt\/elparduotuve\/"},{"@type":"ListItem","position":2,"name":"Produktai","item":"https:\/\/anivet.lt\/elparduotuve\/produktai\/"},{"@type":"ListItem","position":3,"name":"VetaPro Hepatosil Advanced 250 mg kepen\u0173 funkcijai 30tab."}]},{"@type":"WebSite","@id":"https:\/\/anivet.lt\/elparduotuve\/#website","url":"https:\/\/anivet.lt\/elparduotuve\/","name":"anivet.lt","description":"Viskas J\u016bs\u0173 \u0161uns, kat\u0117s prie\u017ei\u016brai","publisher":{"@id":"https:\/\/anivet.lt\/elparduotuve\/#organization"},"alternateName":"Viskas J\u016bs\u0173 \u0161uns, kat\u0117s prie\u017ei\u016brai","potentialAction":[{"@type":"SearchAction","target":{"@type":"EntryPoint","urlTemplate":"https:\/\/anivet.lt\/elparduotuve\/?s={search_term_string}"},"query-input":{"@type":"PropertyValueSpecification","valueRequired":true,"valueName":"search_term_string"}}],"inLanguage":"lt-LT"},{"@type":"Organization","@id":"https:\/\/anivet.lt\/elparduotuve\/#organization","name":"Viskas J\u016bs\u0173 \u0161uns, kat\u0117s prie\u017ei\u016brai","url":"https:\/\/anivet.lt\/elparduotuve\/","logo":{"@type":"ImageObject","inLanguage":"lt-LT","@id":"https:\/\/anivet.lt\/elparduotuve\/#\/schema\/logo\/image\/","url":"https:\/\/anivet.lt\/elparduotuve\/wp-content\/uploads\/2023\/06\/logo2.jpg","contentUrl":"https:\/\/anivet.lt\/elparduotuve\/wp-content\/uploads\/2023\/06\/logo2.jpg","width":655,"height":194,"caption":"Viskas J\u016bs\u0173 \u0161uns, kat\u0117s prie\u017ei\u016brai"},"image":{"@id":"https:\/\/anivet.lt\/elparduotuve\/#\/schema\/logo\/image\/"}}]}},"_links":{"self":[{"href":"https:\/\/anivet.lt\/elparduotuve\/wp-json\/wp\/v2\/product\/15955","targetHints":{"allow":["GET"]}}],"collection":[{"href":"https:\/\/anivet.lt\/elparduotuve\/wp-json\/wp\/v2\/product"}],"about":[{"href":"https:\/\/anivet.lt\/elparduotuve\/wp-json\/wp\/v2\/types\/product"}],"wp:featuredmedia":[{"embeddable":true,"href":"https:\/\/anivet.lt\/elparduotuve\/wp-json\/wp\/v2\/media\/15957"}],"wp:attachment":[{"href":"https:\/\/anivet.lt\/elparduotuve\/wp-json\/wp\/v2\/media?parent=15955"}],"wp:term":[{"taxonomy":"product_brand","embeddable":true,"href":"https:\/\/anivet.lt\/elparduotuve\/wp-json\/wp\/v2\/product_brand?post=15955"},{"taxonomy":"product_cat","embeddable":true,"href":"https:\/\/anivet.lt\/elparduotuve\/wp-json\/wp\/v2\/product_cat?post=15955"},{"taxonomy":"product_tag","embeddable":true,"href":"https:\/\/anivet.lt\/elparduotuve\/wp-json\/wp\/v2\/product_tag?post=15955"}],"curies":[{"name":"wp","href":"https:\/\/api.w.org\/{rel}","templated":true}]}}