{"id":15960,"date":"2025-01-07T08:09:12","date_gmt":"2025-01-07T08:09:12","guid":{"rendered":"https:\/\/anivet.lt\/elparduotuve\/?post_type=product&#038;p=15960"},"modified":"2026-05-04T14:56:33","modified_gmt":"2026-05-04T14:56:33","slug":"vetapro-urino-paste-isvengti-struvitiniu-akmenu-susidarymo-60ml","status":"publish","type":"product","link":"https:\/\/anivet.lt\/elparduotuve\/produktas\/vetapro-urino-paste-isvengti-struvitiniu-akmenu-susidarymo-60ml\/","title":{"rendered":"VetaPro Urino paste i\u0161vengti struvitini\u0173 akmen\u0173 susidarymo 60ml"},"content":{"rendered":"<p><span style=\"font-weight: 400;\">Specialiai sukurtas pa\u0161aro papildas, padedantis i\u0161vengti struvitini\u0173 akmen\u0173 susidarymo \u0161unims ir kat\u0117ms. \u0160i pasta par\u016bg\u0161tina \u0161lapim\u0105, ma\u017eindama akmen\u0173 atsiradimo rizik\u0105, ir yra ypa\u010d naudinga gyv\u016bnams, sergantiems ka\u010di\u0173 urologiniu sindromu (FUS) arba linkusiems \u012f \u0161lapimo tak\u0173 akmen\u0173 susidarym\u0105.<\/span><\/p>\n<ul>\n<li style=\"font-weight: 400;\" aria-level=\"1\"><span style=\"font-weight: 400;\">DL-metioninas: Efektyviai par\u016bg\u0161tina \u0161lapim\u0105, ma\u017eindamas struvitini\u0173 akmen\u0173 susidarymo tikimyb\u0119.<\/span><\/li>\n<li style=\"font-weight: 400;\" aria-level=\"1\"><span style=\"font-weight: 400;\">Struvitini\u0173 akmen\u0173 prevencija: Padeda suma\u017einti j\u0173 atsinaujinimo rizik\u0105, ypa\u010d kai ne\u012fmanoma keisti dietos.<\/span><\/li>\n<li style=\"font-weight: 400;\" aria-level=\"1\"><span style=\"font-weight: 400;\">Pritaikymas FUS: Naudinga kat\u0117ms, sergan\u010dioms ka\u010di\u0173 urologiniu sindromu, ir \u0161unims su polinkiu \u012f \u0161lapimo tak\u0173 akmenis.<\/span><\/li>\n<li style=\"font-weight: 400;\" aria-level=\"1\"><span style=\"font-weight: 400;\">Nat\u016brali sud\u0117tis: Naudojamas geneti\u0161kai nemodifikuotas soj\u0173 pupeli\u0173 aliejus ir kiti saug\u016bs ingredientai.<\/span><\/li>\n<li style=\"font-weight: 400;\" aria-level=\"1\"><span style=\"font-weight: 400;\">Patogus naudojimas: Pasta forma lengvai dozuojama ir priimtina daugumai augintini\u0173.<\/span><\/li>\n<\/ul>\n<p><span style=\"font-weight: 400;\">Patikimas papildas, padedantis u\u017etikrinti j\u016bs\u0173 augintinio \u0161lapimo tak\u0173 sveikat\u0105. Tai efektyvi prevencin\u0117 priemon\u0117, padedanti i\u0161vengti diskomforto ir komplikacij\u0173, susijusi\u0173 su struvitiniais akmenimis.<\/span><\/p>\n","protected":false},"excerpt":{"rendered":"<p>Specialiai sukurtas pa\u0161aro papildas, padedantis i\u0161vengti struvitini\u0173 akmen\u0173 susidarymo \u0161unims ir kat\u0117ms. \u0160i pasta par\u016bg\u0161tina \u0161lapim\u0105, ma\u017eindama akmen\u0173 atsiradimo rizik\u0105,<\/p>\n","protected":false},"featured_media":15961,"template":"","meta":[],"product_brand":[],"product_cat":[101,102,113,124],"product_tag":[],"class_list":{"0":"post-15960","1":"product","2":"type-product","3":"status-publish","4":"has-post-thumbnail","6":"product_cat-sunims","7":"product_cat-katems","8":"product_cat-vitaminai-ir-papildai","9":"product_cat-vitaminai-ir-papildai-katems","10":"pa_prekinis-zenklas-vetapro","12":"first","13":"outofstock","14":"taxable","15":"shipping-taxable","16":"purchasable","17":"product-type-simple"},"yoast_head":"<!-- This site is optimized with the Yoast SEO Premium plugin v27.1 (Yoast SEO v27.5) - https:\/\/yoast.com\/product\/yoast-seo-premium-wordpress\/ -->\n<title>VetaPro Urino paste i\u0161vengti struvitini\u0173 akmen\u0173 susidarymo 60ml - anivet.lt<\/title>\n<meta name=\"description\" content=\"Specialiai sukurtas pa\u0161aro papildas, padedantis i\u0161vengti struvitini\u0173 akmen\u0173 susidarymo \u0161unims ir kat\u0117ms. \u0160i pasta par\u016bg\u0161tina \u0161lapim\u0105, ma\u017eindama akmen\u0173\" \/>\n<meta name=\"robots\" content=\"index, follow, max-snippet:-1, max-image-preview:large, max-video-preview:-1\" \/>\n<link rel=\"canonical\" href=\"https:\/\/anivet.lt\/elparduotuve\/produktas\/vetapro-urino-paste-isvengti-struvitiniu-akmenu-susidarymo-60ml\/\" \/>\n<meta property=\"og:locale\" content=\"lt_LT\" \/>\n<meta property=\"og:type\" content=\"article\" \/>\n<meta property=\"og:title\" content=\"VetaPro Urino paste i\u0161vengti struvitini\u0173 akmen\u0173 susidarymo 60ml\" \/>\n<meta property=\"og:description\" content=\"Specialiai sukurtas pa\u0161aro papildas, padedantis i\u0161vengti struvitini\u0173 akmen\u0173 susidarymo \u0161unims ir kat\u0117ms. \u0160i pasta par\u016bg\u0161tina \u0161lapim\u0105, ma\u017eindama akmen\u0173\" \/>\n<meta property=\"og:url\" content=\"https:\/\/anivet.lt\/elparduotuve\/produktas\/vetapro-urino-paste-isvengti-struvitiniu-akmenu-susidarymo-60ml\/\" \/>\n<meta property=\"og:site_name\" content=\"anivet.lt\" \/>\n<meta property=\"article:modified_time\" content=\"2026-05-04T14:56:33+00:00\" \/>\n<meta property=\"og:image\" content=\"https:\/\/anivet.lt\/elparduotuve\/wp-content\/uploads\/2025\/01\/20.-Urino-paste-isvengti-struvitiniu-akmenu-susidarymo-60-ml.jpg\" \/>\n\t<meta property=\"og:image:width\" content=\"2160\" \/>\n\t<meta property=\"og:image:height\" content=\"2160\" \/>\n\t<meta property=\"og:image:type\" content=\"image\/jpeg\" \/>\n<meta name=\"twitter:card\" content=\"summary_large_image\" \/>\n<meta name=\"twitter:label1\" content=\"Est. reading time\" \/>\n\t<meta name=\"twitter:data1\" content=\"1 minut\u0117\" \/>\n<script type=\"application\/ld+json\" class=\"yoast-schema-graph\">{\"@context\":\"https:\\\/\\\/schema.org\",\"@graph\":[{\"@type\":\"WebPage\",\"@id\":\"https:\\\/\\\/anivet.lt\\\/elparduotuve\\\/produktas\\\/vetapro-urino-paste-isvengti-struvitiniu-akmenu-susidarymo-60ml\\\/\",\"url\":\"https:\\\/\\\/anivet.lt\\\/elparduotuve\\\/produktas\\\/vetapro-urino-paste-isvengti-struvitiniu-akmenu-susidarymo-60ml\\\/\",\"name\":\"VetaPro Urino paste i\u0161vengti struvitini\u0173 akmen\u0173 susidarymo 60ml - anivet.lt\",\"isPartOf\":{\"@id\":\"https:\\\/\\\/anivet.lt\\\/elparduotuve\\\/#website\"},\"primaryImageOfPage\":{\"@id\":\"https:\\\/\\\/anivet.lt\\\/elparduotuve\\\/produktas\\\/vetapro-urino-paste-isvengti-struvitiniu-akmenu-susidarymo-60ml\\\/#primaryimage\"},\"image\":{\"@id\":\"https:\\\/\\\/anivet.lt\\\/elparduotuve\\\/produktas\\\/vetapro-urino-paste-isvengti-struvitiniu-akmenu-susidarymo-60ml\\\/#primaryimage\"},\"thumbnailUrl\":\"https:\\\/\\\/anivet.lt\\\/elparduotuve\\\/wp-content\\\/uploads\\\/2025\\\/01\\\/20.-Urino-paste-isvengti-struvitiniu-akmenu-susidarymo-60-ml.jpg\",\"datePublished\":\"2025-01-07T08:09:12+00:00\",\"dateModified\":\"2026-05-04T14:56:33+00:00\",\"description\":\"Specialiai sukurtas pa\u0161aro papildas, padedantis i\u0161vengti struvitini\u0173 akmen\u0173 susidarymo \u0161unims ir kat\u0117ms. \u0160i pasta par\u016bg\u0161tina \u0161lapim\u0105, ma\u017eindama akmen\u0173\",\"breadcrumb\":{\"@id\":\"https:\\\/\\\/anivet.lt\\\/elparduotuve\\\/produktas\\\/vetapro-urino-paste-isvengti-struvitiniu-akmenu-susidarymo-60ml\\\/#breadcrumb\"},\"inLanguage\":\"lt-LT\",\"potentialAction\":[{\"@type\":\"ReadAction\",\"target\":[\"https:\\\/\\\/anivet.lt\\\/elparduotuve\\\/produktas\\\/vetapro-urino-paste-isvengti-struvitiniu-akmenu-susidarymo-60ml\\\/\"]}]},{\"@type\":\"ImageObject\",\"inLanguage\":\"lt-LT\",\"@id\":\"https:\\\/\\\/anivet.lt\\\/elparduotuve\\\/produktas\\\/vetapro-urino-paste-isvengti-struvitiniu-akmenu-susidarymo-60ml\\\/#primaryimage\",\"url\":\"https:\\\/\\\/anivet.lt\\\/elparduotuve\\\/wp-content\\\/uploads\\\/2025\\\/01\\\/20.-Urino-paste-isvengti-struvitiniu-akmenu-susidarymo-60-ml.jpg\",\"contentUrl\":\"https:\\\/\\\/anivet.lt\\\/elparduotuve\\\/wp-content\\\/uploads\\\/2025\\\/01\\\/20.-Urino-paste-isvengti-struvitiniu-akmenu-susidarymo-60-ml.jpg\",\"width\":2160,\"height\":2160,\"caption\":\"VetaPro Urino paste i\u0161vengti struvitini\u0173 akmen\u0173 susidarymo 60ml\"},{\"@type\":\"BreadcrumbList\",\"@id\":\"https:\\\/\\\/anivet.lt\\\/elparduotuve\\\/produktas\\\/vetapro-urino-paste-isvengti-struvitiniu-akmenu-susidarymo-60ml\\\/#breadcrumb\",\"itemListElement\":[{\"@type\":\"ListItem\",\"position\":1,\"name\":\"Home\",\"item\":\"https:\\\/\\\/anivet.lt\\\/elparduotuve\\\/\"},{\"@type\":\"ListItem\",\"position\":2,\"name\":\"Produktai\",\"item\":\"https:\\\/\\\/anivet.lt\\\/elparduotuve\\\/produktai\\\/\"},{\"@type\":\"ListItem\",\"position\":3,\"name\":\"VetaPro Urino paste i\u0161vengti struvitini\u0173 akmen\u0173 susidarymo 60ml\"}]},{\"@type\":\"WebSite\",\"@id\":\"https:\\\/\\\/anivet.lt\\\/elparduotuve\\\/#website\",\"url\":\"https:\\\/\\\/anivet.lt\\\/elparduotuve\\\/\",\"name\":\"anivet.lt\",\"description\":\"Viskas J\u016bs\u0173 \u0161uns, kat\u0117s prie\u017ei\u016brai\",\"publisher\":{\"@id\":\"https:\\\/\\\/anivet.lt\\\/elparduotuve\\\/#organization\"},\"alternateName\":\"Viskas J\u016bs\u0173 \u0161uns, kat\u0117s prie\u017ei\u016brai\",\"potentialAction\":[{\"@type\":\"SearchAction\",\"target\":{\"@type\":\"EntryPoint\",\"urlTemplate\":\"https:\\\/\\\/anivet.lt\\\/elparduotuve\\\/?s={search_term_string}\"},\"query-input\":{\"@type\":\"PropertyValueSpecification\",\"valueRequired\":true,\"valueName\":\"search_term_string\"}}],\"inLanguage\":\"lt-LT\"},{\"@type\":\"Organization\",\"@id\":\"https:\\\/\\\/anivet.lt\\\/elparduotuve\\\/#organization\",\"name\":\"Viskas J\u016bs\u0173 \u0161uns, kat\u0117s prie\u017ei\u016brai\",\"url\":\"https:\\\/\\\/anivet.lt\\\/elparduotuve\\\/\",\"logo\":{\"@type\":\"ImageObject\",\"inLanguage\":\"lt-LT\",\"@id\":\"https:\\\/\\\/anivet.lt\\\/elparduotuve\\\/#\\\/schema\\\/logo\\\/image\\\/\",\"url\":\"https:\\\/\\\/anivet.lt\\\/elparduotuve\\\/wp-content\\\/uploads\\\/2023\\\/06\\\/logo2.jpg\",\"contentUrl\":\"https:\\\/\\\/anivet.lt\\\/elparduotuve\\\/wp-content\\\/uploads\\\/2023\\\/06\\\/logo2.jpg\",\"width\":655,\"height\":194,\"caption\":\"Viskas J\u016bs\u0173 \u0161uns, kat\u0117s prie\u017ei\u016brai\"},\"image\":{\"@id\":\"https:\\\/\\\/anivet.lt\\\/elparduotuve\\\/#\\\/schema\\\/logo\\\/image\\\/\"}}]}<\/script>\n<!-- \/ Yoast SEO Premium plugin. -->","yoast_head_json":{"title":"VetaPro Urino paste i\u0161vengti struvitini\u0173 akmen\u0173 susidarymo 60ml - anivet.lt","description":"Specialiai sukurtas pa\u0161aro papildas, padedantis i\u0161vengti struvitini\u0173 akmen\u0173 susidarymo \u0161unims ir kat\u0117ms. \u0160i pasta par\u016bg\u0161tina \u0161lapim\u0105, ma\u017eindama akmen\u0173","robots":{"index":"index","follow":"follow","max-snippet":"max-snippet:-1","max-image-preview":"max-image-preview:large","max-video-preview":"max-video-preview:-1"},"canonical":"https:\/\/anivet.lt\/elparduotuve\/produktas\/vetapro-urino-paste-isvengti-struvitiniu-akmenu-susidarymo-60ml\/","og_locale":"lt_LT","og_type":"article","og_title":"VetaPro Urino paste i\u0161vengti struvitini\u0173 akmen\u0173 susidarymo 60ml","og_description":"Specialiai sukurtas pa\u0161aro papildas, padedantis i\u0161vengti struvitini\u0173 akmen\u0173 susidarymo \u0161unims ir kat\u0117ms. \u0160i pasta par\u016bg\u0161tina \u0161lapim\u0105, ma\u017eindama akmen\u0173","og_url":"https:\/\/anivet.lt\/elparduotuve\/produktas\/vetapro-urino-paste-isvengti-struvitiniu-akmenu-susidarymo-60ml\/","og_site_name":"anivet.lt","article_modified_time":"2026-05-04T14:56:33+00:00","og_image":[{"width":2160,"height":2160,"url":"https:\/\/anivet.lt\/elparduotuve\/wp-content\/uploads\/2025\/01\/20.-Urino-paste-isvengti-struvitiniu-akmenu-susidarymo-60-ml.jpg","type":"image\/jpeg"}],"twitter_card":"summary_large_image","twitter_misc":{"Est. reading time":"1 minut\u0117"},"schema":{"@context":"https:\/\/schema.org","@graph":[{"@type":"WebPage","@id":"https:\/\/anivet.lt\/elparduotuve\/produktas\/vetapro-urino-paste-isvengti-struvitiniu-akmenu-susidarymo-60ml\/","url":"https:\/\/anivet.lt\/elparduotuve\/produktas\/vetapro-urino-paste-isvengti-struvitiniu-akmenu-susidarymo-60ml\/","name":"VetaPro Urino paste i\u0161vengti struvitini\u0173 akmen\u0173 susidarymo 60ml - anivet.lt","isPartOf":{"@id":"https:\/\/anivet.lt\/elparduotuve\/#website"},"primaryImageOfPage":{"@id":"https:\/\/anivet.lt\/elparduotuve\/produktas\/vetapro-urino-paste-isvengti-struvitiniu-akmenu-susidarymo-60ml\/#primaryimage"},"image":{"@id":"https:\/\/anivet.lt\/elparduotuve\/produktas\/vetapro-urino-paste-isvengti-struvitiniu-akmenu-susidarymo-60ml\/#primaryimage"},"thumbnailUrl":"https:\/\/anivet.lt\/elparduotuve\/wp-content\/uploads\/2025\/01\/20.-Urino-paste-isvengti-struvitiniu-akmenu-susidarymo-60-ml.jpg","datePublished":"2025-01-07T08:09:12+00:00","dateModified":"2026-05-04T14:56:33+00:00","description":"Specialiai sukurtas pa\u0161aro papildas, padedantis i\u0161vengti struvitini\u0173 akmen\u0173 susidarymo \u0161unims ir kat\u0117ms. \u0160i pasta par\u016bg\u0161tina \u0161lapim\u0105, ma\u017eindama akmen\u0173","breadcrumb":{"@id":"https:\/\/anivet.lt\/elparduotuve\/produktas\/vetapro-urino-paste-isvengti-struvitiniu-akmenu-susidarymo-60ml\/#breadcrumb"},"inLanguage":"lt-LT","potentialAction":[{"@type":"ReadAction","target":["https:\/\/anivet.lt\/elparduotuve\/produktas\/vetapro-urino-paste-isvengti-struvitiniu-akmenu-susidarymo-60ml\/"]}]},{"@type":"ImageObject","inLanguage":"lt-LT","@id":"https:\/\/anivet.lt\/elparduotuve\/produktas\/vetapro-urino-paste-isvengti-struvitiniu-akmenu-susidarymo-60ml\/#primaryimage","url":"https:\/\/anivet.lt\/elparduotuve\/wp-content\/uploads\/2025\/01\/20.-Urino-paste-isvengti-struvitiniu-akmenu-susidarymo-60-ml.jpg","contentUrl":"https:\/\/anivet.lt\/elparduotuve\/wp-content\/uploads\/2025\/01\/20.-Urino-paste-isvengti-struvitiniu-akmenu-susidarymo-60-ml.jpg","width":2160,"height":2160,"caption":"VetaPro Urino paste i\u0161vengti struvitini\u0173 akmen\u0173 susidarymo 60ml"},{"@type":"BreadcrumbList","@id":"https:\/\/anivet.lt\/elparduotuve\/produktas\/vetapro-urino-paste-isvengti-struvitiniu-akmenu-susidarymo-60ml\/#breadcrumb","itemListElement":[{"@type":"ListItem","position":1,"name":"Home","item":"https:\/\/anivet.lt\/elparduotuve\/"},{"@type":"ListItem","position":2,"name":"Produktai","item":"https:\/\/anivet.lt\/elparduotuve\/produktai\/"},{"@type":"ListItem","position":3,"name":"VetaPro Urino paste i\u0161vengti struvitini\u0173 akmen\u0173 susidarymo 60ml"}]},{"@type":"WebSite","@id":"https:\/\/anivet.lt\/elparduotuve\/#website","url":"https:\/\/anivet.lt\/elparduotuve\/","name":"anivet.lt","description":"Viskas J\u016bs\u0173 \u0161uns, kat\u0117s prie\u017ei\u016brai","publisher":{"@id":"https:\/\/anivet.lt\/elparduotuve\/#organization"},"alternateName":"Viskas J\u016bs\u0173 \u0161uns, kat\u0117s prie\u017ei\u016brai","potentialAction":[{"@type":"SearchAction","target":{"@type":"EntryPoint","urlTemplate":"https:\/\/anivet.lt\/elparduotuve\/?s={search_term_string}"},"query-input":{"@type":"PropertyValueSpecification","valueRequired":true,"valueName":"search_term_string"}}],"inLanguage":"lt-LT"},{"@type":"Organization","@id":"https:\/\/anivet.lt\/elparduotuve\/#organization","name":"Viskas J\u016bs\u0173 \u0161uns, kat\u0117s prie\u017ei\u016brai","url":"https:\/\/anivet.lt\/elparduotuve\/","logo":{"@type":"ImageObject","inLanguage":"lt-LT","@id":"https:\/\/anivet.lt\/elparduotuve\/#\/schema\/logo\/image\/","url":"https:\/\/anivet.lt\/elparduotuve\/wp-content\/uploads\/2023\/06\/logo2.jpg","contentUrl":"https:\/\/anivet.lt\/elparduotuve\/wp-content\/uploads\/2023\/06\/logo2.jpg","width":655,"height":194,"caption":"Viskas J\u016bs\u0173 \u0161uns, kat\u0117s prie\u017ei\u016brai"},"image":{"@id":"https:\/\/anivet.lt\/elparduotuve\/#\/schema\/logo\/image\/"}}]}},"_links":{"self":[{"href":"https:\/\/anivet.lt\/elparduotuve\/wp-json\/wp\/v2\/product\/15960","targetHints":{"allow":["GET"]}}],"collection":[{"href":"https:\/\/anivet.lt\/elparduotuve\/wp-json\/wp\/v2\/product"}],"about":[{"href":"https:\/\/anivet.lt\/elparduotuve\/wp-json\/wp\/v2\/types\/product"}],"wp:featuredmedia":[{"embeddable":true,"href":"https:\/\/anivet.lt\/elparduotuve\/wp-json\/wp\/v2\/media\/15961"}],"wp:attachment":[{"href":"https:\/\/anivet.lt\/elparduotuve\/wp-json\/wp\/v2\/media?parent=15960"}],"wp:term":[{"taxonomy":"product_brand","embeddable":true,"href":"https:\/\/anivet.lt\/elparduotuve\/wp-json\/wp\/v2\/product_brand?post=15960"},{"taxonomy":"product_cat","embeddable":true,"href":"https:\/\/anivet.lt\/elparduotuve\/wp-json\/wp\/v2\/product_cat?post=15960"},{"taxonomy":"product_tag","embeddable":true,"href":"https:\/\/anivet.lt\/elparduotuve\/wp-json\/wp\/v2\/product_tag?post=15960"}],"curies":[{"name":"wp","href":"https:\/\/api.w.org\/{rel}","templated":true}]}}