{"id":15979,"date":"2025-01-07T10:46:15","date_gmt":"2025-01-07T10:46:15","guid":{"rendered":"https:\/\/anivet.lt\/elparduotuve\/?post_type=product&#038;p=15979"},"modified":"2025-08-07T08:15:52","modified_gmt":"2025-08-07T08:15:52","slug":"hills-prescription-diet-c-d-multicare-stress-slapimo-sistemai","status":"publish","type":"product","link":"https:\/\/anivet.lt\/elparduotuve\/produktas\/hills-prescription-diet-c-d-multicare-stress-slapimo-sistemai\/","title":{"rendered":"Hill\u2019s Prescription Diet\u00ae c\/d Multicare Stress \u0161lapimo sistemai"},"content":{"rendered":"<p>Specialiai sukurtas dietinis pa\u0161aras, skirtas palaikyti ka\u010di\u0173 \u0161lapimo sistemos sveikat\u0105 ir pad\u0117ti valdyti stres\u0105 \u2013 pagrindin\u012f rizikos veiksn\u012f, sukeliant\u012f \u0161lapimo tak\u0173 problemas. Klinikiniais tyrimais \u012frodyta, kad pa\u0161aras suma\u017eina \u0161lapimo sistemos problem\u0173 simptom\u0173 pasikartojim\u0105 net 89%.<\/p>\n<ul>\n<li>Streso kontrol\u0117: Sud\u0117tyje esantis L-triptofanas ir pieno baltym\u0173 hidrolizatas padeda suma\u017einti stres\u0105, kuris gali tur\u0117ti neigiamos \u012ftakos \u0161lapimo p\u016bsl\u0117s sveikatai.<\/li>\n<li>Struvitini\u0173 akmen\u0173 tirpinimas: Efektyviai i\u0161tirpina struvitinius akmenis per 7 dienas (vidurkis \u2013 27 dienos).<\/li>\n<li>\u0160lapimo pH balansas: Palaiko \u0161lapimo pH lyg\u012f, ma\u017einant kristal\u0173 ir akmen\u0173 formavimosi rizik\u0105.<\/li>\n<li>S+OXSHIELD formul\u0117: Skirta suma\u017einti struvitini\u0173 ir kalcio oksalato akmen\u0173 atsiradimo tikimyb\u0119.<\/li>\n<li>Subalansuoti mineralai: Kontroliuojamas kalcio, natrio ir kalio citrato kiekis palaiko \u0161lapimo sistemos sveikat\u0105.<\/li>\n<\/ul>\n<p>\u201eHill\u2019s Prescription Diet\u00ae c\/d Multicare Stress\u201d \u2013 idealus pasirinkimas kat\u0117ms, linkusioms \u012f \u0161lapimo tak\u0173 problemas, ypa\u010d esant stresin\u0117ms situacijoms. Pa\u0161aras ne tik padeda palaikyti \u0161lapimo sistemos sveikat\u0105, bet ir ma\u017eina stres\u0105 bei jo pasekmes.<\/p>\n","protected":false},"excerpt":{"rendered":"<p>Specialiai sukurtas dietinis pa\u0161aras, skirtas palaikyti ka\u010di\u0173 \u0161lapimo sistemos sveikat\u0105 ir pad\u0117ti valdyti stres\u0105 \u2013 pagrindin\u012f rizikos veiksn\u012f, sukeliant\u012f \u0161lapimo<\/p>\n","protected":false},"featured_media":15980,"template":"","meta":[],"product_brand":[],"product_cat":[114,102,118,441],"product_tag":[],"class_list":{"0":"post-15979","1":"product","2":"type-product","3":"status-publish","4":"has-post-thumbnail","6":"product_cat-kaciu-maistas","7":"product_cat-katems","8":"product_cat-veterinarinis-maistas-katems","9":"product_cat-hills-kaciu-maistas","10":"pa_prekinis-zenklas-hills","12":"first","13":"instock","14":"taxable","15":"shipping-taxable","16":"purchasable","17":"product-type-variable"},"yoast_head":"<!-- This site is optimized with the Yoast SEO Premium plugin v27.1 (Yoast SEO v27.5) - https:\/\/yoast.com\/product\/yoast-seo-premium-wordpress\/ -->\n<title>Hill\u2019s Prescription Diet\u00ae c\/d Multicare Stress \u0161lapimo sistemai - anivet.lt<\/title>\n<meta name=\"description\" content=\"Specialiai sukurtas dietinis pa\u0161aras, skirtas palaikyti ka\u010di\u0173 \u0161lapimo sistemos sveikat\u0105 ir pad\u0117ti valdyti stres\u0105 \u2013 pagrindin\u012f rizikos veiksn\u012f, sukeliant\u012f\" \/>\n<meta name=\"robots\" content=\"index, follow, max-snippet:-1, max-image-preview:large, max-video-preview:-1\" \/>\n<link rel=\"canonical\" href=\"https:\/\/anivet.lt\/elparduotuve\/produktas\/hills-prescription-diet-c-d-multicare-stress-slapimo-sistemai\/\" \/>\n<meta property=\"og:locale\" content=\"lt_LT\" \/>\n<meta property=\"og:type\" content=\"article\" \/>\n<meta property=\"og:title\" content=\"Hill\u2019s Prescription Diet\u00ae c\/d Multicare Stress \u0161lapimo sistemai\" \/>\n<meta property=\"og:description\" content=\"Specialiai sukurtas dietinis pa\u0161aras, skirtas palaikyti ka\u010di\u0173 \u0161lapimo sistemos sveikat\u0105 ir pad\u0117ti valdyti stres\u0105 \u2013 pagrindin\u012f rizikos veiksn\u012f, sukeliant\u012f\" \/>\n<meta property=\"og:url\" content=\"https:\/\/anivet.lt\/elparduotuve\/produktas\/hills-prescription-diet-c-d-multicare-stress-slapimo-sistemai\/\" \/>\n<meta property=\"og:site_name\" content=\"anivet.lt\" \/>\n<meta property=\"article:modified_time\" content=\"2025-08-07T08:15:52+00:00\" \/>\n<meta property=\"og:image\" content=\"https:\/\/anivet.lt\/elparduotuve\/wp-content\/uploads\/2025\/01\/2Hills-Prescription-Diet\u00ae-cd-Multicare-Stress-slapimo-sistemai.jpg\" \/>\n\t<meta property=\"og:image:width\" content=\"1500\" \/>\n\t<meta property=\"og:image:height\" content=\"1500\" \/>\n\t<meta property=\"og:image:type\" content=\"image\/jpeg\" \/>\n<meta name=\"twitter:card\" content=\"summary_large_image\" \/>\n<meta name=\"twitter:label1\" content=\"Est. reading time\" \/>\n\t<meta name=\"twitter:data1\" content=\"1 minut\u0117\" \/>\n<script type=\"application\/ld+json\" class=\"yoast-schema-graph\">{\"@context\":\"https:\\\/\\\/schema.org\",\"@graph\":[{\"@type\":\"WebPage\",\"@id\":\"https:\\\/\\\/anivet.lt\\\/elparduotuve\\\/produktas\\\/hills-prescription-diet-c-d-multicare-stress-slapimo-sistemai\\\/\",\"url\":\"https:\\\/\\\/anivet.lt\\\/elparduotuve\\\/produktas\\\/hills-prescription-diet-c-d-multicare-stress-slapimo-sistemai\\\/\",\"name\":\"Hill\u2019s Prescription Diet\u00ae c\\\/d Multicare Stress \u0161lapimo sistemai - anivet.lt\",\"isPartOf\":{\"@id\":\"https:\\\/\\\/anivet.lt\\\/elparduotuve\\\/#website\"},\"primaryImageOfPage\":{\"@id\":\"https:\\\/\\\/anivet.lt\\\/elparduotuve\\\/produktas\\\/hills-prescription-diet-c-d-multicare-stress-slapimo-sistemai\\\/#primaryimage\"},\"image\":{\"@id\":\"https:\\\/\\\/anivet.lt\\\/elparduotuve\\\/produktas\\\/hills-prescription-diet-c-d-multicare-stress-slapimo-sistemai\\\/#primaryimage\"},\"thumbnailUrl\":\"https:\\\/\\\/anivet.lt\\\/elparduotuve\\\/wp-content\\\/uploads\\\/2025\\\/01\\\/2Hills-Prescription-Diet\u00ae-cd-Multicare-Stress-slapimo-sistemai.jpg\",\"datePublished\":\"2025-01-07T10:46:15+00:00\",\"dateModified\":\"2025-08-07T08:15:52+00:00\",\"description\":\"Specialiai sukurtas dietinis pa\u0161aras, skirtas palaikyti ka\u010di\u0173 \u0161lapimo sistemos sveikat\u0105 ir pad\u0117ti valdyti stres\u0105 \u2013 pagrindin\u012f rizikos veiksn\u012f, sukeliant\u012f\",\"breadcrumb\":{\"@id\":\"https:\\\/\\\/anivet.lt\\\/elparduotuve\\\/produktas\\\/hills-prescription-diet-c-d-multicare-stress-slapimo-sistemai\\\/#breadcrumb\"},\"inLanguage\":\"lt-LT\",\"potentialAction\":[{\"@type\":\"ReadAction\",\"target\":[\"https:\\\/\\\/anivet.lt\\\/elparduotuve\\\/produktas\\\/hills-prescription-diet-c-d-multicare-stress-slapimo-sistemai\\\/\"]}]},{\"@type\":\"ImageObject\",\"inLanguage\":\"lt-LT\",\"@id\":\"https:\\\/\\\/anivet.lt\\\/elparduotuve\\\/produktas\\\/hills-prescription-diet-c-d-multicare-stress-slapimo-sistemai\\\/#primaryimage\",\"url\":\"https:\\\/\\\/anivet.lt\\\/elparduotuve\\\/wp-content\\\/uploads\\\/2025\\\/01\\\/2Hills-Prescription-Diet\u00ae-cd-Multicare-Stress-slapimo-sistemai.jpg\",\"contentUrl\":\"https:\\\/\\\/anivet.lt\\\/elparduotuve\\\/wp-content\\\/uploads\\\/2025\\\/01\\\/2Hills-Prescription-Diet\u00ae-cd-Multicare-Stress-slapimo-sistemai.jpg\",\"width\":1500,\"height\":1500,\"caption\":\"Hill\u2019s Prescription Diet\u00ae c\\\/d Multicare Stress \u0161lapimo sistemai\"},{\"@type\":\"BreadcrumbList\",\"@id\":\"https:\\\/\\\/anivet.lt\\\/elparduotuve\\\/produktas\\\/hills-prescription-diet-c-d-multicare-stress-slapimo-sistemai\\\/#breadcrumb\",\"itemListElement\":[{\"@type\":\"ListItem\",\"position\":1,\"name\":\"Home\",\"item\":\"https:\\\/\\\/anivet.lt\\\/elparduotuve\\\/\"},{\"@type\":\"ListItem\",\"position\":2,\"name\":\"Produktai\",\"item\":\"https:\\\/\\\/anivet.lt\\\/elparduotuve\\\/produktai\\\/\"},{\"@type\":\"ListItem\",\"position\":3,\"name\":\"Hill\u2019s Prescription Diet\u00ae c\\\/d Multicare Stress \u0161lapimo sistemai\"}]},{\"@type\":\"WebSite\",\"@id\":\"https:\\\/\\\/anivet.lt\\\/elparduotuve\\\/#website\",\"url\":\"https:\\\/\\\/anivet.lt\\\/elparduotuve\\\/\",\"name\":\"anivet.lt\",\"description\":\"Viskas J\u016bs\u0173 \u0161uns, kat\u0117s prie\u017ei\u016brai\",\"publisher\":{\"@id\":\"https:\\\/\\\/anivet.lt\\\/elparduotuve\\\/#organization\"},\"alternateName\":\"Viskas J\u016bs\u0173 \u0161uns, kat\u0117s prie\u017ei\u016brai\",\"potentialAction\":[{\"@type\":\"SearchAction\",\"target\":{\"@type\":\"EntryPoint\",\"urlTemplate\":\"https:\\\/\\\/anivet.lt\\\/elparduotuve\\\/?s={search_term_string}\"},\"query-input\":{\"@type\":\"PropertyValueSpecification\",\"valueRequired\":true,\"valueName\":\"search_term_string\"}}],\"inLanguage\":\"lt-LT\"},{\"@type\":\"Organization\",\"@id\":\"https:\\\/\\\/anivet.lt\\\/elparduotuve\\\/#organization\",\"name\":\"Viskas J\u016bs\u0173 \u0161uns, kat\u0117s prie\u017ei\u016brai\",\"url\":\"https:\\\/\\\/anivet.lt\\\/elparduotuve\\\/\",\"logo\":{\"@type\":\"ImageObject\",\"inLanguage\":\"lt-LT\",\"@id\":\"https:\\\/\\\/anivet.lt\\\/elparduotuve\\\/#\\\/schema\\\/logo\\\/image\\\/\",\"url\":\"https:\\\/\\\/anivet.lt\\\/elparduotuve\\\/wp-content\\\/uploads\\\/2023\\\/06\\\/logo2.jpg\",\"contentUrl\":\"https:\\\/\\\/anivet.lt\\\/elparduotuve\\\/wp-content\\\/uploads\\\/2023\\\/06\\\/logo2.jpg\",\"width\":655,\"height\":194,\"caption\":\"Viskas J\u016bs\u0173 \u0161uns, kat\u0117s prie\u017ei\u016brai\"},\"image\":{\"@id\":\"https:\\\/\\\/anivet.lt\\\/elparduotuve\\\/#\\\/schema\\\/logo\\\/image\\\/\"}}]}<\/script>\n<!-- \/ Yoast SEO Premium plugin. -->","yoast_head_json":{"title":"Hill\u2019s Prescription Diet\u00ae c\/d Multicare Stress \u0161lapimo sistemai - anivet.lt","description":"Specialiai sukurtas dietinis pa\u0161aras, skirtas palaikyti ka\u010di\u0173 \u0161lapimo sistemos sveikat\u0105 ir pad\u0117ti valdyti stres\u0105 \u2013 pagrindin\u012f rizikos veiksn\u012f, sukeliant\u012f","robots":{"index":"index","follow":"follow","max-snippet":"max-snippet:-1","max-image-preview":"max-image-preview:large","max-video-preview":"max-video-preview:-1"},"canonical":"https:\/\/anivet.lt\/elparduotuve\/produktas\/hills-prescription-diet-c-d-multicare-stress-slapimo-sistemai\/","og_locale":"lt_LT","og_type":"article","og_title":"Hill\u2019s Prescription Diet\u00ae c\/d Multicare Stress \u0161lapimo sistemai","og_description":"Specialiai sukurtas dietinis pa\u0161aras, skirtas palaikyti ka\u010di\u0173 \u0161lapimo sistemos sveikat\u0105 ir pad\u0117ti valdyti stres\u0105 \u2013 pagrindin\u012f rizikos veiksn\u012f, sukeliant\u012f","og_url":"https:\/\/anivet.lt\/elparduotuve\/produktas\/hills-prescription-diet-c-d-multicare-stress-slapimo-sistemai\/","og_site_name":"anivet.lt","article_modified_time":"2025-08-07T08:15:52+00:00","og_image":[{"width":1500,"height":1500,"url":"https:\/\/anivet.lt\/elparduotuve\/wp-content\/uploads\/2025\/01\/2Hills-Prescription-Diet\u00ae-cd-Multicare-Stress-slapimo-sistemai.jpg","type":"image\/jpeg"}],"twitter_card":"summary_large_image","twitter_misc":{"Est. reading time":"1 minut\u0117"},"schema":{"@context":"https:\/\/schema.org","@graph":[{"@type":"WebPage","@id":"https:\/\/anivet.lt\/elparduotuve\/produktas\/hills-prescription-diet-c-d-multicare-stress-slapimo-sistemai\/","url":"https:\/\/anivet.lt\/elparduotuve\/produktas\/hills-prescription-diet-c-d-multicare-stress-slapimo-sistemai\/","name":"Hill\u2019s Prescription Diet\u00ae c\/d Multicare Stress \u0161lapimo sistemai - anivet.lt","isPartOf":{"@id":"https:\/\/anivet.lt\/elparduotuve\/#website"},"primaryImageOfPage":{"@id":"https:\/\/anivet.lt\/elparduotuve\/produktas\/hills-prescription-diet-c-d-multicare-stress-slapimo-sistemai\/#primaryimage"},"image":{"@id":"https:\/\/anivet.lt\/elparduotuve\/produktas\/hills-prescription-diet-c-d-multicare-stress-slapimo-sistemai\/#primaryimage"},"thumbnailUrl":"https:\/\/anivet.lt\/elparduotuve\/wp-content\/uploads\/2025\/01\/2Hills-Prescription-Diet\u00ae-cd-Multicare-Stress-slapimo-sistemai.jpg","datePublished":"2025-01-07T10:46:15+00:00","dateModified":"2025-08-07T08:15:52+00:00","description":"Specialiai sukurtas dietinis pa\u0161aras, skirtas palaikyti ka\u010di\u0173 \u0161lapimo sistemos sveikat\u0105 ir pad\u0117ti valdyti stres\u0105 \u2013 pagrindin\u012f rizikos veiksn\u012f, sukeliant\u012f","breadcrumb":{"@id":"https:\/\/anivet.lt\/elparduotuve\/produktas\/hills-prescription-diet-c-d-multicare-stress-slapimo-sistemai\/#breadcrumb"},"inLanguage":"lt-LT","potentialAction":[{"@type":"ReadAction","target":["https:\/\/anivet.lt\/elparduotuve\/produktas\/hills-prescription-diet-c-d-multicare-stress-slapimo-sistemai\/"]}]},{"@type":"ImageObject","inLanguage":"lt-LT","@id":"https:\/\/anivet.lt\/elparduotuve\/produktas\/hills-prescription-diet-c-d-multicare-stress-slapimo-sistemai\/#primaryimage","url":"https:\/\/anivet.lt\/elparduotuve\/wp-content\/uploads\/2025\/01\/2Hills-Prescription-Diet\u00ae-cd-Multicare-Stress-slapimo-sistemai.jpg","contentUrl":"https:\/\/anivet.lt\/elparduotuve\/wp-content\/uploads\/2025\/01\/2Hills-Prescription-Diet\u00ae-cd-Multicare-Stress-slapimo-sistemai.jpg","width":1500,"height":1500,"caption":"Hill\u2019s Prescription Diet\u00ae c\/d Multicare Stress \u0161lapimo sistemai"},{"@type":"BreadcrumbList","@id":"https:\/\/anivet.lt\/elparduotuve\/produktas\/hills-prescription-diet-c-d-multicare-stress-slapimo-sistemai\/#breadcrumb","itemListElement":[{"@type":"ListItem","position":1,"name":"Home","item":"https:\/\/anivet.lt\/elparduotuve\/"},{"@type":"ListItem","position":2,"name":"Produktai","item":"https:\/\/anivet.lt\/elparduotuve\/produktai\/"},{"@type":"ListItem","position":3,"name":"Hill\u2019s Prescription Diet\u00ae c\/d Multicare Stress \u0161lapimo sistemai"}]},{"@type":"WebSite","@id":"https:\/\/anivet.lt\/elparduotuve\/#website","url":"https:\/\/anivet.lt\/elparduotuve\/","name":"anivet.lt","description":"Viskas J\u016bs\u0173 \u0161uns, kat\u0117s prie\u017ei\u016brai","publisher":{"@id":"https:\/\/anivet.lt\/elparduotuve\/#organization"},"alternateName":"Viskas J\u016bs\u0173 \u0161uns, kat\u0117s prie\u017ei\u016brai","potentialAction":[{"@type":"SearchAction","target":{"@type":"EntryPoint","urlTemplate":"https:\/\/anivet.lt\/elparduotuve\/?s={search_term_string}"},"query-input":{"@type":"PropertyValueSpecification","valueRequired":true,"valueName":"search_term_string"}}],"inLanguage":"lt-LT"},{"@type":"Organization","@id":"https:\/\/anivet.lt\/elparduotuve\/#organization","name":"Viskas J\u016bs\u0173 \u0161uns, kat\u0117s prie\u017ei\u016brai","url":"https:\/\/anivet.lt\/elparduotuve\/","logo":{"@type":"ImageObject","inLanguage":"lt-LT","@id":"https:\/\/anivet.lt\/elparduotuve\/#\/schema\/logo\/image\/","url":"https:\/\/anivet.lt\/elparduotuve\/wp-content\/uploads\/2023\/06\/logo2.jpg","contentUrl":"https:\/\/anivet.lt\/elparduotuve\/wp-content\/uploads\/2023\/06\/logo2.jpg","width":655,"height":194,"caption":"Viskas J\u016bs\u0173 \u0161uns, kat\u0117s prie\u017ei\u016brai"},"image":{"@id":"https:\/\/anivet.lt\/elparduotuve\/#\/schema\/logo\/image\/"}}]}},"_links":{"self":[{"href":"https:\/\/anivet.lt\/elparduotuve\/wp-json\/wp\/v2\/product\/15979","targetHints":{"allow":["GET"]}}],"collection":[{"href":"https:\/\/anivet.lt\/elparduotuve\/wp-json\/wp\/v2\/product"}],"about":[{"href":"https:\/\/anivet.lt\/elparduotuve\/wp-json\/wp\/v2\/types\/product"}],"wp:featuredmedia":[{"embeddable":true,"href":"https:\/\/anivet.lt\/elparduotuve\/wp-json\/wp\/v2\/media\/15980"}],"wp:attachment":[{"href":"https:\/\/anivet.lt\/elparduotuve\/wp-json\/wp\/v2\/media?parent=15979"}],"wp:term":[{"taxonomy":"product_brand","embeddable":true,"href":"https:\/\/anivet.lt\/elparduotuve\/wp-json\/wp\/v2\/product_brand?post=15979"},{"taxonomy":"product_cat","embeddable":true,"href":"https:\/\/anivet.lt\/elparduotuve\/wp-json\/wp\/v2\/product_cat?post=15979"},{"taxonomy":"product_tag","embeddable":true,"href":"https:\/\/anivet.lt\/elparduotuve\/wp-json\/wp\/v2\/product_tag?post=15979"}],"curies":[{"name":"wp","href":"https:\/\/api.w.org\/{rel}","templated":true}]}}