{"id":15997,"date":"2025-01-07T11:31:10","date_gmt":"2025-01-07T11:31:10","guid":{"rendered":"https:\/\/anivet.lt\/elparduotuve\/?post_type=product&#038;p=15997"},"modified":"2025-05-27T13:33:55","modified_gmt":"2025-05-27T13:33:55","slug":"hills-prescription-diet-s-d-slapimo-sistemai-urolitu-skaidymui","status":"publish","type":"product","link":"https:\/\/anivet.lt\/elparduotuve\/produktas\/hills-prescription-diet-s-d-slapimo-sistemai-urolitu-skaidymui\/","title":{"rendered":"Hill\u2019s Prescription Diet\u00ae s\/d \u0161lapimo sistemai\/urolit\u0173 skaidymui"},"content":{"rendered":"<p>\u0160is specialiai sukurtas dietinis pa\u0161aras skirtas palaikyti ka\u010di\u0173 \u0161lapimo sistemos sveikat\u0105 ir pad\u0117ti i\u0161tirpinti struvitinius akmenis. Sud\u0117tyje yra ma\u017eai magnio ir fosforo, kas suma\u017eina med\u017eiag\u0173, skatinan\u010di\u0173 akmen\u0173 susidarym\u0105, koncentracij\u0105 \u0161lapime. Rekomenduojamas tik trumpalaikiam \u0161\u0117rimui.<\/p>\n<ul>\n<li>Struvitini\u0173 akmen\u0173 tirpinimas: Padidina struvitini\u0173 akmen\u0173 tirpum\u0105, leisdamas jiems lengviau i\u0161tirpti.<\/li>\n<li>Ma\u017eas magnio ir fosforo kiekis: Suma\u017eina \u0161lapimo akmen\u0173 susidarymui reikaling\u0173 mineral\u0173 koncentracij\u0105.<\/li>\n<li>\u0160lapimo pH palaikymas: U\u017etikrina tinkam\u0105 \u0161lapimo r\u016bg\u0161tingumo lyg\u012f, kuris neleid\u017eia formuotis kristalams.<\/li>\n<li>Greitas poveikis: Efektyviai sprend\u017eia esamas \u0161lapimo sistemos problemas per trump\u0105 laik\u0105.<\/li>\n<li>Kontroliuojamas naudojimas: Skirtas trumpalaikiam \u0161\u0117rimui (ne ilgiau nei 6 m\u0117nesius) su veterinaro prie\u017ei\u016bra.<\/li>\n<\/ul>\n<p>\u201eHill\u2019s Prescription Diet\u00ae s\/d\u201d \u2013 tai veiksmingas sprendimas ka\u010di\u0173 struvitini\u0173 akmen\u0173 gydymui. Subalansuota formul\u0117 greitai padeda i\u0161tirpinti akmenis ir atkurti \u0161lapimo sistemos sveikat\u0105. Svarbu naudoti tik protarpiniam \u0161\u0117rimui, laikantis veterinaro rekomendacij\u0173.<\/p>\n","protected":false},"excerpt":{"rendered":"<p>\u0160is specialiai sukurtas dietinis pa\u0161aras skirtas palaikyti ka\u010di\u0173 \u0161lapimo sistemos sveikat\u0105 ir pad\u0117ti i\u0161tirpinti struvitinius akmenis. Sud\u0117tyje yra ma\u017eai magnio<\/p>\n","protected":false},"featured_media":15999,"template":"","meta":[],"product_brand":[],"product_cat":[114,102,118,441],"product_tag":[],"class_list":{"0":"post-15997","1":"product","2":"type-product","3":"status-publish","4":"has-post-thumbnail","6":"product_cat-kaciu-maistas","7":"product_cat-katems","8":"product_cat-veterinarinis-maistas-katems","9":"product_cat-hills-kaciu-maistas","10":"pa_prekinis-zenklas-hills","12":"first","13":"instock","14":"taxable","15":"shipping-taxable","16":"purchasable","17":"product-type-variable"},"yoast_head":"<!-- This site is optimized with the Yoast SEO Premium plugin v27.1 (Yoast SEO v27.5) - https:\/\/yoast.com\/product\/yoast-seo-premium-wordpress\/ -->\n<title>Hill\u2019s Prescription Diet\u00ae s\/d \u0161lapimo sistemai\/urolit\u0173 skaidymui - anivet.lt<\/title>\n<meta name=\"description\" content=\"\u0160is specialiai sukurtas dietinis pa\u0161aras skirtas palaikyti ka\u010di\u0173 \u0161lapimo sistemos sveikat\u0105 ir pad\u0117ti i\u0161tirpinti struvitinius akmenis. Sud\u0117tyje yra ma\u017eai\" \/>\n<meta name=\"robots\" content=\"index, follow, max-snippet:-1, max-image-preview:large, max-video-preview:-1\" \/>\n<link rel=\"canonical\" href=\"https:\/\/anivet.lt\/elparduotuve\/produktas\/hills-prescription-diet-s-d-slapimo-sistemai-urolitu-skaidymui\/\" \/>\n<meta property=\"og:locale\" content=\"lt_LT\" \/>\n<meta property=\"og:type\" content=\"article\" \/>\n<meta property=\"og:title\" content=\"Hill\u2019s Prescription Diet\u00ae s\/d \u0161lapimo sistemai\/urolit\u0173 skaidymui\" \/>\n<meta property=\"og:description\" content=\"\u0160is specialiai sukurtas dietinis pa\u0161aras skirtas palaikyti ka\u010di\u0173 \u0161lapimo sistemos sveikat\u0105 ir pad\u0117ti i\u0161tirpinti struvitinius akmenis. Sud\u0117tyje yra ma\u017eai\" \/>\n<meta property=\"og:url\" content=\"https:\/\/anivet.lt\/elparduotuve\/produktas\/hills-prescription-diet-s-d-slapimo-sistemai-urolitu-skaidymui\/\" \/>\n<meta property=\"og:site_name\" content=\"anivet.lt\" \/>\n<meta property=\"article:modified_time\" content=\"2025-05-27T13:33:55+00:00\" \/>\n<meta property=\"og:image\" content=\"https:\/\/anivet.lt\/elparduotuve\/wp-content\/uploads\/2025\/01\/4Hills-Prescription-Diet\u00ae-sd-slapimo-sistemai-urolitu-skaidymui.jpg\" \/>\n\t<meta property=\"og:image:width\" content=\"768\" \/>\n\t<meta property=\"og:image:height\" content=\"768\" \/>\n\t<meta property=\"og:image:type\" content=\"image\/jpeg\" \/>\n<meta name=\"twitter:card\" content=\"summary_large_image\" \/>\n<meta name=\"twitter:label1\" content=\"Est. reading time\" \/>\n\t<meta name=\"twitter:data1\" content=\"1 minut\u0117\" \/>\n<script type=\"application\/ld+json\" class=\"yoast-schema-graph\">{\"@context\":\"https:\\\/\\\/schema.org\",\"@graph\":[{\"@type\":\"WebPage\",\"@id\":\"https:\\\/\\\/anivet.lt\\\/elparduotuve\\\/produktas\\\/hills-prescription-diet-s-d-slapimo-sistemai-urolitu-skaidymui\\\/\",\"url\":\"https:\\\/\\\/anivet.lt\\\/elparduotuve\\\/produktas\\\/hills-prescription-diet-s-d-slapimo-sistemai-urolitu-skaidymui\\\/\",\"name\":\"Hill\u2019s Prescription Diet\u00ae s\\\/d \u0161lapimo sistemai\\\/urolit\u0173 skaidymui - anivet.lt\",\"isPartOf\":{\"@id\":\"https:\\\/\\\/anivet.lt\\\/elparduotuve\\\/#website\"},\"primaryImageOfPage\":{\"@id\":\"https:\\\/\\\/anivet.lt\\\/elparduotuve\\\/produktas\\\/hills-prescription-diet-s-d-slapimo-sistemai-urolitu-skaidymui\\\/#primaryimage\"},\"image\":{\"@id\":\"https:\\\/\\\/anivet.lt\\\/elparduotuve\\\/produktas\\\/hills-prescription-diet-s-d-slapimo-sistemai-urolitu-skaidymui\\\/#primaryimage\"},\"thumbnailUrl\":\"https:\\\/\\\/anivet.lt\\\/elparduotuve\\\/wp-content\\\/uploads\\\/2025\\\/01\\\/4Hills-Prescription-Diet\u00ae-sd-slapimo-sistemai-urolitu-skaidymui.jpg\",\"datePublished\":\"2025-01-07T11:31:10+00:00\",\"dateModified\":\"2025-05-27T13:33:55+00:00\",\"description\":\"\u0160is specialiai sukurtas dietinis pa\u0161aras skirtas palaikyti ka\u010di\u0173 \u0161lapimo sistemos sveikat\u0105 ir pad\u0117ti i\u0161tirpinti struvitinius akmenis. Sud\u0117tyje yra ma\u017eai\",\"breadcrumb\":{\"@id\":\"https:\\\/\\\/anivet.lt\\\/elparduotuve\\\/produktas\\\/hills-prescription-diet-s-d-slapimo-sistemai-urolitu-skaidymui\\\/#breadcrumb\"},\"inLanguage\":\"lt-LT\",\"potentialAction\":[{\"@type\":\"ReadAction\",\"target\":[\"https:\\\/\\\/anivet.lt\\\/elparduotuve\\\/produktas\\\/hills-prescription-diet-s-d-slapimo-sistemai-urolitu-skaidymui\\\/\"]}]},{\"@type\":\"ImageObject\",\"inLanguage\":\"lt-LT\",\"@id\":\"https:\\\/\\\/anivet.lt\\\/elparduotuve\\\/produktas\\\/hills-prescription-diet-s-d-slapimo-sistemai-urolitu-skaidymui\\\/#primaryimage\",\"url\":\"https:\\\/\\\/anivet.lt\\\/elparduotuve\\\/wp-content\\\/uploads\\\/2025\\\/01\\\/4Hills-Prescription-Diet\u00ae-sd-slapimo-sistemai-urolitu-skaidymui.jpg\",\"contentUrl\":\"https:\\\/\\\/anivet.lt\\\/elparduotuve\\\/wp-content\\\/uploads\\\/2025\\\/01\\\/4Hills-Prescription-Diet\u00ae-sd-slapimo-sistemai-urolitu-skaidymui.jpg\",\"width\":768,\"height\":768,\"caption\":\"Hill\u2019s Prescription Diet\u00ae s\\\/d \u0161lapimo sistemai\\\/urolit\u0173 skaidymui\"},{\"@type\":\"BreadcrumbList\",\"@id\":\"https:\\\/\\\/anivet.lt\\\/elparduotuve\\\/produktas\\\/hills-prescription-diet-s-d-slapimo-sistemai-urolitu-skaidymui\\\/#breadcrumb\",\"itemListElement\":[{\"@type\":\"ListItem\",\"position\":1,\"name\":\"Home\",\"item\":\"https:\\\/\\\/anivet.lt\\\/elparduotuve\\\/\"},{\"@type\":\"ListItem\",\"position\":2,\"name\":\"Produktai\",\"item\":\"https:\\\/\\\/anivet.lt\\\/elparduotuve\\\/produktai\\\/\"},{\"@type\":\"ListItem\",\"position\":3,\"name\":\"Hill\u2019s Prescription Diet\u00ae s\\\/d \u0161lapimo sistemai\\\/urolit\u0173 skaidymui\"}]},{\"@type\":\"WebSite\",\"@id\":\"https:\\\/\\\/anivet.lt\\\/elparduotuve\\\/#website\",\"url\":\"https:\\\/\\\/anivet.lt\\\/elparduotuve\\\/\",\"name\":\"anivet.lt\",\"description\":\"Viskas J\u016bs\u0173 \u0161uns, kat\u0117s prie\u017ei\u016brai\",\"publisher\":{\"@id\":\"https:\\\/\\\/anivet.lt\\\/elparduotuve\\\/#organization\"},\"alternateName\":\"Viskas J\u016bs\u0173 \u0161uns, kat\u0117s prie\u017ei\u016brai\",\"potentialAction\":[{\"@type\":\"SearchAction\",\"target\":{\"@type\":\"EntryPoint\",\"urlTemplate\":\"https:\\\/\\\/anivet.lt\\\/elparduotuve\\\/?s={search_term_string}\"},\"query-input\":{\"@type\":\"PropertyValueSpecification\",\"valueRequired\":true,\"valueName\":\"search_term_string\"}}],\"inLanguage\":\"lt-LT\"},{\"@type\":\"Organization\",\"@id\":\"https:\\\/\\\/anivet.lt\\\/elparduotuve\\\/#organization\",\"name\":\"Viskas J\u016bs\u0173 \u0161uns, kat\u0117s prie\u017ei\u016brai\",\"url\":\"https:\\\/\\\/anivet.lt\\\/elparduotuve\\\/\",\"logo\":{\"@type\":\"ImageObject\",\"inLanguage\":\"lt-LT\",\"@id\":\"https:\\\/\\\/anivet.lt\\\/elparduotuve\\\/#\\\/schema\\\/logo\\\/image\\\/\",\"url\":\"https:\\\/\\\/anivet.lt\\\/elparduotuve\\\/wp-content\\\/uploads\\\/2023\\\/06\\\/logo2.jpg\",\"contentUrl\":\"https:\\\/\\\/anivet.lt\\\/elparduotuve\\\/wp-content\\\/uploads\\\/2023\\\/06\\\/logo2.jpg\",\"width\":655,\"height\":194,\"caption\":\"Viskas J\u016bs\u0173 \u0161uns, kat\u0117s prie\u017ei\u016brai\"},\"image\":{\"@id\":\"https:\\\/\\\/anivet.lt\\\/elparduotuve\\\/#\\\/schema\\\/logo\\\/image\\\/\"}}]}<\/script>\n<!-- \/ Yoast SEO Premium plugin. -->","yoast_head_json":{"title":"Hill\u2019s Prescription Diet\u00ae s\/d \u0161lapimo sistemai\/urolit\u0173 skaidymui - anivet.lt","description":"\u0160is specialiai sukurtas dietinis pa\u0161aras skirtas palaikyti ka\u010di\u0173 \u0161lapimo sistemos sveikat\u0105 ir pad\u0117ti i\u0161tirpinti struvitinius akmenis. Sud\u0117tyje yra ma\u017eai","robots":{"index":"index","follow":"follow","max-snippet":"max-snippet:-1","max-image-preview":"max-image-preview:large","max-video-preview":"max-video-preview:-1"},"canonical":"https:\/\/anivet.lt\/elparduotuve\/produktas\/hills-prescription-diet-s-d-slapimo-sistemai-urolitu-skaidymui\/","og_locale":"lt_LT","og_type":"article","og_title":"Hill\u2019s Prescription Diet\u00ae s\/d \u0161lapimo sistemai\/urolit\u0173 skaidymui","og_description":"\u0160is specialiai sukurtas dietinis pa\u0161aras skirtas palaikyti ka\u010di\u0173 \u0161lapimo sistemos sveikat\u0105 ir pad\u0117ti i\u0161tirpinti struvitinius akmenis. Sud\u0117tyje yra ma\u017eai","og_url":"https:\/\/anivet.lt\/elparduotuve\/produktas\/hills-prescription-diet-s-d-slapimo-sistemai-urolitu-skaidymui\/","og_site_name":"anivet.lt","article_modified_time":"2025-05-27T13:33:55+00:00","og_image":[{"width":768,"height":768,"url":"https:\/\/anivet.lt\/elparduotuve\/wp-content\/uploads\/2025\/01\/4Hills-Prescription-Diet\u00ae-sd-slapimo-sistemai-urolitu-skaidymui.jpg","type":"image\/jpeg"}],"twitter_card":"summary_large_image","twitter_misc":{"Est. reading time":"1 minut\u0117"},"schema":{"@context":"https:\/\/schema.org","@graph":[{"@type":"WebPage","@id":"https:\/\/anivet.lt\/elparduotuve\/produktas\/hills-prescription-diet-s-d-slapimo-sistemai-urolitu-skaidymui\/","url":"https:\/\/anivet.lt\/elparduotuve\/produktas\/hills-prescription-diet-s-d-slapimo-sistemai-urolitu-skaidymui\/","name":"Hill\u2019s Prescription Diet\u00ae s\/d \u0161lapimo sistemai\/urolit\u0173 skaidymui - anivet.lt","isPartOf":{"@id":"https:\/\/anivet.lt\/elparduotuve\/#website"},"primaryImageOfPage":{"@id":"https:\/\/anivet.lt\/elparduotuve\/produktas\/hills-prescription-diet-s-d-slapimo-sistemai-urolitu-skaidymui\/#primaryimage"},"image":{"@id":"https:\/\/anivet.lt\/elparduotuve\/produktas\/hills-prescription-diet-s-d-slapimo-sistemai-urolitu-skaidymui\/#primaryimage"},"thumbnailUrl":"https:\/\/anivet.lt\/elparduotuve\/wp-content\/uploads\/2025\/01\/4Hills-Prescription-Diet\u00ae-sd-slapimo-sistemai-urolitu-skaidymui.jpg","datePublished":"2025-01-07T11:31:10+00:00","dateModified":"2025-05-27T13:33:55+00:00","description":"\u0160is specialiai sukurtas dietinis pa\u0161aras skirtas palaikyti ka\u010di\u0173 \u0161lapimo sistemos sveikat\u0105 ir pad\u0117ti i\u0161tirpinti struvitinius akmenis. Sud\u0117tyje yra ma\u017eai","breadcrumb":{"@id":"https:\/\/anivet.lt\/elparduotuve\/produktas\/hills-prescription-diet-s-d-slapimo-sistemai-urolitu-skaidymui\/#breadcrumb"},"inLanguage":"lt-LT","potentialAction":[{"@type":"ReadAction","target":["https:\/\/anivet.lt\/elparduotuve\/produktas\/hills-prescription-diet-s-d-slapimo-sistemai-urolitu-skaidymui\/"]}]},{"@type":"ImageObject","inLanguage":"lt-LT","@id":"https:\/\/anivet.lt\/elparduotuve\/produktas\/hills-prescription-diet-s-d-slapimo-sistemai-urolitu-skaidymui\/#primaryimage","url":"https:\/\/anivet.lt\/elparduotuve\/wp-content\/uploads\/2025\/01\/4Hills-Prescription-Diet\u00ae-sd-slapimo-sistemai-urolitu-skaidymui.jpg","contentUrl":"https:\/\/anivet.lt\/elparduotuve\/wp-content\/uploads\/2025\/01\/4Hills-Prescription-Diet\u00ae-sd-slapimo-sistemai-urolitu-skaidymui.jpg","width":768,"height":768,"caption":"Hill\u2019s Prescription Diet\u00ae s\/d \u0161lapimo sistemai\/urolit\u0173 skaidymui"},{"@type":"BreadcrumbList","@id":"https:\/\/anivet.lt\/elparduotuve\/produktas\/hills-prescription-diet-s-d-slapimo-sistemai-urolitu-skaidymui\/#breadcrumb","itemListElement":[{"@type":"ListItem","position":1,"name":"Home","item":"https:\/\/anivet.lt\/elparduotuve\/"},{"@type":"ListItem","position":2,"name":"Produktai","item":"https:\/\/anivet.lt\/elparduotuve\/produktai\/"},{"@type":"ListItem","position":3,"name":"Hill\u2019s Prescription Diet\u00ae s\/d \u0161lapimo sistemai\/urolit\u0173 skaidymui"}]},{"@type":"WebSite","@id":"https:\/\/anivet.lt\/elparduotuve\/#website","url":"https:\/\/anivet.lt\/elparduotuve\/","name":"anivet.lt","description":"Viskas J\u016bs\u0173 \u0161uns, kat\u0117s prie\u017ei\u016brai","publisher":{"@id":"https:\/\/anivet.lt\/elparduotuve\/#organization"},"alternateName":"Viskas J\u016bs\u0173 \u0161uns, kat\u0117s prie\u017ei\u016brai","potentialAction":[{"@type":"SearchAction","target":{"@type":"EntryPoint","urlTemplate":"https:\/\/anivet.lt\/elparduotuve\/?s={search_term_string}"},"query-input":{"@type":"PropertyValueSpecification","valueRequired":true,"valueName":"search_term_string"}}],"inLanguage":"lt-LT"},{"@type":"Organization","@id":"https:\/\/anivet.lt\/elparduotuve\/#organization","name":"Viskas J\u016bs\u0173 \u0161uns, kat\u0117s prie\u017ei\u016brai","url":"https:\/\/anivet.lt\/elparduotuve\/","logo":{"@type":"ImageObject","inLanguage":"lt-LT","@id":"https:\/\/anivet.lt\/elparduotuve\/#\/schema\/logo\/image\/","url":"https:\/\/anivet.lt\/elparduotuve\/wp-content\/uploads\/2023\/06\/logo2.jpg","contentUrl":"https:\/\/anivet.lt\/elparduotuve\/wp-content\/uploads\/2023\/06\/logo2.jpg","width":655,"height":194,"caption":"Viskas J\u016bs\u0173 \u0161uns, kat\u0117s prie\u017ei\u016brai"},"image":{"@id":"https:\/\/anivet.lt\/elparduotuve\/#\/schema\/logo\/image\/"}}]}},"_links":{"self":[{"href":"https:\/\/anivet.lt\/elparduotuve\/wp-json\/wp\/v2\/product\/15997","targetHints":{"allow":["GET"]}}],"collection":[{"href":"https:\/\/anivet.lt\/elparduotuve\/wp-json\/wp\/v2\/product"}],"about":[{"href":"https:\/\/anivet.lt\/elparduotuve\/wp-json\/wp\/v2\/types\/product"}],"wp:featuredmedia":[{"embeddable":true,"href":"https:\/\/anivet.lt\/elparduotuve\/wp-json\/wp\/v2\/media\/15999"}],"wp:attachment":[{"href":"https:\/\/anivet.lt\/elparduotuve\/wp-json\/wp\/v2\/media?parent=15997"}],"wp:term":[{"taxonomy":"product_brand","embeddable":true,"href":"https:\/\/anivet.lt\/elparduotuve\/wp-json\/wp\/v2\/product_brand?post=15997"},{"taxonomy":"product_cat","embeddable":true,"href":"https:\/\/anivet.lt\/elparduotuve\/wp-json\/wp\/v2\/product_cat?post=15997"},{"taxonomy":"product_tag","embeddable":true,"href":"https:\/\/anivet.lt\/elparduotuve\/wp-json\/wp\/v2\/product_tag?post=15997"}],"curies":[{"name":"wp","href":"https:\/\/api.w.org\/{rel}","templated":true}]}}