{"id":15998,"date":"2025-01-07T11:32:56","date_gmt":"2025-01-07T11:32:56","guid":{"rendered":"https:\/\/anivet.lt\/elparduotuve\/?post_type=product&#038;p=15998"},"modified":"2026-02-13T09:56:52","modified_gmt":"2026-02-13T09:56:52","slug":"vetapro-hydro-pet-dehidratacijos-atstatymui-10g-x-20","status":"publish","type":"product","link":"https:\/\/anivet.lt\/elparduotuve\/produktas\/vetapro-hydro-pet-dehidratacijos-atstatymui-10g-x-20\/","title":{"rendered":"VetaPro Hydro Pet dehidratacijos atstatymui 10g x 20"},"content":{"rendered":"<p><span style=\"font-weight: 400;\">Rehidracinis pa\u0161aro papildas, skirtas \u0161unims ir kat\u0117ms, ken\u010diantiems nuo dehidratacijos d\u0117l v\u0117mimo, viduriavimo ar po operacij\u0173. \u0160is papildas greitai atstato prarastus skys\u010dius, elektrolitus ir padeda atkurti normal\u0173 elektrolit\u0173 balans\u0105.<\/span><\/p>\n<ul>\n<li style=\"font-weight: 400;\" aria-level=\"1\"><span style=\"font-weight: 400;\">Elektrolit\u0173 papildymas: Natrio, kalio ir bikarbonato druskos atstato prarastus elektrolitus ir skatina organizmo pusiausvyr\u0105.<\/span><\/li>\n<li style=\"font-weight: 400;\" aria-level=\"1\"><span style=\"font-weight: 400;\">Greita energija: Dekstroz\u0117s monohidratas suteikia greit\u0105 energijos \u0161altin\u012f, padedant\u012f atkurti j\u0117gas.<\/span><\/li>\n<li style=\"font-weight: 400;\" aria-level=\"1\"><span style=\"font-weight: 400;\">Vitaminas C: Skatina imunitet\u0105 ir palaiko organizmo atsigavim\u0105 po lig\u0173 ar streso.<\/span><\/li>\n<li style=\"font-weight: 400;\" aria-level=\"1\"><span style=\"font-weight: 400;\">Saugi sud\u0117tis: Tinka naudoti vidutinio sunkumo dehidratacijos atvejais, u\u017etikrinant veiksming\u0105 pagalb\u0105.<\/span><\/li>\n<li style=\"font-weight: 400;\" aria-level=\"1\"><span style=\"font-weight: 400;\">Lengvas naudojimas: Milteliai lengvai mai\u0161omi su vandeniu, o j\u0173 skonis priimtinas daugumai gyv\u016bn\u0173.<\/span><\/li>\n<\/ul>\n<p><span style=\"font-weight: 400;\">Idealus sprendimas, padedantis greitai atkurti j\u016bs\u0173 augintinio skys\u010di\u0173 ir elektrolit\u0173 balans\u0105, u\u017etikrinantis greit\u0105 sveikimo proces\u0105 ir geresn\u0119 savijaut\u0105.<\/span><\/p>\n","protected":false},"excerpt":{"rendered":"<p>Rehidracinis pa\u0161aro papildas, skirtas \u0161unims ir kat\u0117ms, ken\u010diantiems nuo dehidratacijos d\u0117l v\u0117mimo, viduriavimo ar po operacij\u0173. \u0160is papildas greitai atstato<\/p>\n","protected":false},"featured_media":16002,"template":"","meta":[],"product_brand":[],"product_cat":[101,102,113,124],"product_tag":[],"class_list":{"0":"post-15998","1":"product","2":"type-product","3":"status-publish","4":"has-post-thumbnail","6":"product_cat-sunims","7":"product_cat-katems","8":"product_cat-vitaminai-ir-papildai","9":"product_cat-vitaminai-ir-papildai-katems","10":"pa_prekinis-zenklas-vetapro","12":"first","13":"instock","14":"taxable","15":"shipping-taxable","16":"purchasable","17":"product-type-simple"},"yoast_head":"<!-- This site is optimized with the Yoast SEO Premium plugin v27.1 (Yoast SEO v27.5) - https:\/\/yoast.com\/product\/yoast-seo-premium-wordpress\/ -->\n<title>VetaPro Hydro Pet dehidratacijos atstatymui 10g x 20 - anivet.lt<\/title>\n<meta name=\"description\" content=\"Rehidracinis pa\u0161aro papildas, skirtas \u0161unims ir kat\u0117ms, ken\u010diantiems nuo dehidratacijos d\u0117l v\u0117mimo, viduriavimo ar po operacij\u0173.\" \/>\n<meta name=\"robots\" content=\"index, follow, max-snippet:-1, max-image-preview:large, max-video-preview:-1\" \/>\n<link rel=\"canonical\" href=\"https:\/\/anivet.lt\/elparduotuve\/produktas\/vetapro-hydro-pet-dehidratacijos-atstatymui-10g-x-20\/\" \/>\n<meta property=\"og:locale\" content=\"lt_LT\" \/>\n<meta property=\"og:type\" content=\"article\" \/>\n<meta property=\"og:title\" content=\"VetaPro Hydro Pet dehidratacijos atstatymui 10g x 20\" \/>\n<meta property=\"og:description\" content=\"Rehidracinis pa\u0161aro papildas, skirtas \u0161unims ir kat\u0117ms, ken\u010diantiems nuo dehidratacijos d\u0117l v\u0117mimo, viduriavimo ar po operacij\u0173.\" \/>\n<meta property=\"og:url\" content=\"https:\/\/anivet.lt\/elparduotuve\/produktas\/vetapro-hydro-pet-dehidratacijos-atstatymui-10g-x-20\/\" \/>\n<meta property=\"og:site_name\" content=\"anivet.lt\" \/>\n<meta property=\"article:modified_time\" content=\"2026-02-13T09:56:52+00:00\" \/>\n<meta property=\"og:image\" content=\"https:\/\/anivet.lt\/elparduotuve\/wp-content\/uploads\/2025\/01\/27.-Hydro-Pet-10g-x-20.jpg\" \/>\n\t<meta property=\"og:image:width\" content=\"1000\" \/>\n\t<meta property=\"og:image:height\" content=\"658\" \/>\n\t<meta property=\"og:image:type\" content=\"image\/jpeg\" \/>\n<meta name=\"twitter:card\" content=\"summary_large_image\" \/>\n<meta name=\"twitter:label1\" content=\"Est. reading time\" \/>\n\t<meta name=\"twitter:data1\" content=\"1 minut\u0117\" \/>\n<script type=\"application\/ld+json\" class=\"yoast-schema-graph\">{\"@context\":\"https:\\\/\\\/schema.org\",\"@graph\":[{\"@type\":\"WebPage\",\"@id\":\"https:\\\/\\\/anivet.lt\\\/elparduotuve\\\/produktas\\\/vetapro-hydro-pet-dehidratacijos-atstatymui-10g-x-20\\\/\",\"url\":\"https:\\\/\\\/anivet.lt\\\/elparduotuve\\\/produktas\\\/vetapro-hydro-pet-dehidratacijos-atstatymui-10g-x-20\\\/\",\"name\":\"VetaPro Hydro Pet dehidratacijos atstatymui 10g x 20 - anivet.lt\",\"isPartOf\":{\"@id\":\"https:\\\/\\\/anivet.lt\\\/elparduotuve\\\/#website\"},\"primaryImageOfPage\":{\"@id\":\"https:\\\/\\\/anivet.lt\\\/elparduotuve\\\/produktas\\\/vetapro-hydro-pet-dehidratacijos-atstatymui-10g-x-20\\\/#primaryimage\"},\"image\":{\"@id\":\"https:\\\/\\\/anivet.lt\\\/elparduotuve\\\/produktas\\\/vetapro-hydro-pet-dehidratacijos-atstatymui-10g-x-20\\\/#primaryimage\"},\"thumbnailUrl\":\"https:\\\/\\\/anivet.lt\\\/elparduotuve\\\/wp-content\\\/uploads\\\/2025\\\/01\\\/27.-Hydro-Pet-10g-x-20.jpg\",\"datePublished\":\"2025-01-07T11:32:56+00:00\",\"dateModified\":\"2026-02-13T09:56:52+00:00\",\"description\":\"Rehidracinis pa\u0161aro papildas, skirtas \u0161unims ir kat\u0117ms, ken\u010diantiems nuo dehidratacijos d\u0117l v\u0117mimo, viduriavimo ar po operacij\u0173.\",\"breadcrumb\":{\"@id\":\"https:\\\/\\\/anivet.lt\\\/elparduotuve\\\/produktas\\\/vetapro-hydro-pet-dehidratacijos-atstatymui-10g-x-20\\\/#breadcrumb\"},\"inLanguage\":\"lt-LT\",\"potentialAction\":[{\"@type\":\"ReadAction\",\"target\":[\"https:\\\/\\\/anivet.lt\\\/elparduotuve\\\/produktas\\\/vetapro-hydro-pet-dehidratacijos-atstatymui-10g-x-20\\\/\"]}]},{\"@type\":\"ImageObject\",\"inLanguage\":\"lt-LT\",\"@id\":\"https:\\\/\\\/anivet.lt\\\/elparduotuve\\\/produktas\\\/vetapro-hydro-pet-dehidratacijos-atstatymui-10g-x-20\\\/#primaryimage\",\"url\":\"https:\\\/\\\/anivet.lt\\\/elparduotuve\\\/wp-content\\\/uploads\\\/2025\\\/01\\\/27.-Hydro-Pet-10g-x-20.jpg\",\"contentUrl\":\"https:\\\/\\\/anivet.lt\\\/elparduotuve\\\/wp-content\\\/uploads\\\/2025\\\/01\\\/27.-Hydro-Pet-10g-x-20.jpg\",\"width\":1000,\"height\":658,\"caption\":\"VetaPro Hydro Pet dehidratacijos atstatymui 10g x 20\"},{\"@type\":\"BreadcrumbList\",\"@id\":\"https:\\\/\\\/anivet.lt\\\/elparduotuve\\\/produktas\\\/vetapro-hydro-pet-dehidratacijos-atstatymui-10g-x-20\\\/#breadcrumb\",\"itemListElement\":[{\"@type\":\"ListItem\",\"position\":1,\"name\":\"Home\",\"item\":\"https:\\\/\\\/anivet.lt\\\/elparduotuve\\\/\"},{\"@type\":\"ListItem\",\"position\":2,\"name\":\"Produktai\",\"item\":\"https:\\\/\\\/anivet.lt\\\/elparduotuve\\\/produktai\\\/\"},{\"@type\":\"ListItem\",\"position\":3,\"name\":\"VetaPro Hydro Pet dehidratacijos atstatymui 10g x 20\"}]},{\"@type\":\"WebSite\",\"@id\":\"https:\\\/\\\/anivet.lt\\\/elparduotuve\\\/#website\",\"url\":\"https:\\\/\\\/anivet.lt\\\/elparduotuve\\\/\",\"name\":\"anivet.lt\",\"description\":\"Viskas J\u016bs\u0173 \u0161uns, kat\u0117s prie\u017ei\u016brai\",\"publisher\":{\"@id\":\"https:\\\/\\\/anivet.lt\\\/elparduotuve\\\/#organization\"},\"alternateName\":\"Viskas J\u016bs\u0173 \u0161uns, kat\u0117s prie\u017ei\u016brai\",\"potentialAction\":[{\"@type\":\"SearchAction\",\"target\":{\"@type\":\"EntryPoint\",\"urlTemplate\":\"https:\\\/\\\/anivet.lt\\\/elparduotuve\\\/?s={search_term_string}\"},\"query-input\":{\"@type\":\"PropertyValueSpecification\",\"valueRequired\":true,\"valueName\":\"search_term_string\"}}],\"inLanguage\":\"lt-LT\"},{\"@type\":\"Organization\",\"@id\":\"https:\\\/\\\/anivet.lt\\\/elparduotuve\\\/#organization\",\"name\":\"Viskas J\u016bs\u0173 \u0161uns, kat\u0117s prie\u017ei\u016brai\",\"url\":\"https:\\\/\\\/anivet.lt\\\/elparduotuve\\\/\",\"logo\":{\"@type\":\"ImageObject\",\"inLanguage\":\"lt-LT\",\"@id\":\"https:\\\/\\\/anivet.lt\\\/elparduotuve\\\/#\\\/schema\\\/logo\\\/image\\\/\",\"url\":\"https:\\\/\\\/anivet.lt\\\/elparduotuve\\\/wp-content\\\/uploads\\\/2023\\\/06\\\/logo2.jpg\",\"contentUrl\":\"https:\\\/\\\/anivet.lt\\\/elparduotuve\\\/wp-content\\\/uploads\\\/2023\\\/06\\\/logo2.jpg\",\"width\":655,\"height\":194,\"caption\":\"Viskas J\u016bs\u0173 \u0161uns, kat\u0117s prie\u017ei\u016brai\"},\"image\":{\"@id\":\"https:\\\/\\\/anivet.lt\\\/elparduotuve\\\/#\\\/schema\\\/logo\\\/image\\\/\"}}]}<\/script>\n<!-- \/ Yoast SEO Premium plugin. -->","yoast_head_json":{"title":"VetaPro Hydro Pet dehidratacijos atstatymui 10g x 20 - anivet.lt","description":"Rehidracinis pa\u0161aro papildas, skirtas \u0161unims ir kat\u0117ms, ken\u010diantiems nuo dehidratacijos d\u0117l v\u0117mimo, viduriavimo ar po operacij\u0173.","robots":{"index":"index","follow":"follow","max-snippet":"max-snippet:-1","max-image-preview":"max-image-preview:large","max-video-preview":"max-video-preview:-1"},"canonical":"https:\/\/anivet.lt\/elparduotuve\/produktas\/vetapro-hydro-pet-dehidratacijos-atstatymui-10g-x-20\/","og_locale":"lt_LT","og_type":"article","og_title":"VetaPro Hydro Pet dehidratacijos atstatymui 10g x 20","og_description":"Rehidracinis pa\u0161aro papildas, skirtas \u0161unims ir kat\u0117ms, ken\u010diantiems nuo dehidratacijos d\u0117l v\u0117mimo, viduriavimo ar po operacij\u0173.","og_url":"https:\/\/anivet.lt\/elparduotuve\/produktas\/vetapro-hydro-pet-dehidratacijos-atstatymui-10g-x-20\/","og_site_name":"anivet.lt","article_modified_time":"2026-02-13T09:56:52+00:00","og_image":[{"width":1000,"height":658,"url":"https:\/\/anivet.lt\/elparduotuve\/wp-content\/uploads\/2025\/01\/27.-Hydro-Pet-10g-x-20.jpg","type":"image\/jpeg"}],"twitter_card":"summary_large_image","twitter_misc":{"Est. reading time":"1 minut\u0117"},"schema":{"@context":"https:\/\/schema.org","@graph":[{"@type":"WebPage","@id":"https:\/\/anivet.lt\/elparduotuve\/produktas\/vetapro-hydro-pet-dehidratacijos-atstatymui-10g-x-20\/","url":"https:\/\/anivet.lt\/elparduotuve\/produktas\/vetapro-hydro-pet-dehidratacijos-atstatymui-10g-x-20\/","name":"VetaPro Hydro Pet dehidratacijos atstatymui 10g x 20 - anivet.lt","isPartOf":{"@id":"https:\/\/anivet.lt\/elparduotuve\/#website"},"primaryImageOfPage":{"@id":"https:\/\/anivet.lt\/elparduotuve\/produktas\/vetapro-hydro-pet-dehidratacijos-atstatymui-10g-x-20\/#primaryimage"},"image":{"@id":"https:\/\/anivet.lt\/elparduotuve\/produktas\/vetapro-hydro-pet-dehidratacijos-atstatymui-10g-x-20\/#primaryimage"},"thumbnailUrl":"https:\/\/anivet.lt\/elparduotuve\/wp-content\/uploads\/2025\/01\/27.-Hydro-Pet-10g-x-20.jpg","datePublished":"2025-01-07T11:32:56+00:00","dateModified":"2026-02-13T09:56:52+00:00","description":"Rehidracinis pa\u0161aro papildas, skirtas \u0161unims ir kat\u0117ms, ken\u010diantiems nuo dehidratacijos d\u0117l v\u0117mimo, viduriavimo ar po operacij\u0173.","breadcrumb":{"@id":"https:\/\/anivet.lt\/elparduotuve\/produktas\/vetapro-hydro-pet-dehidratacijos-atstatymui-10g-x-20\/#breadcrumb"},"inLanguage":"lt-LT","potentialAction":[{"@type":"ReadAction","target":["https:\/\/anivet.lt\/elparduotuve\/produktas\/vetapro-hydro-pet-dehidratacijos-atstatymui-10g-x-20\/"]}]},{"@type":"ImageObject","inLanguage":"lt-LT","@id":"https:\/\/anivet.lt\/elparduotuve\/produktas\/vetapro-hydro-pet-dehidratacijos-atstatymui-10g-x-20\/#primaryimage","url":"https:\/\/anivet.lt\/elparduotuve\/wp-content\/uploads\/2025\/01\/27.-Hydro-Pet-10g-x-20.jpg","contentUrl":"https:\/\/anivet.lt\/elparduotuve\/wp-content\/uploads\/2025\/01\/27.-Hydro-Pet-10g-x-20.jpg","width":1000,"height":658,"caption":"VetaPro Hydro Pet dehidratacijos atstatymui 10g x 20"},{"@type":"BreadcrumbList","@id":"https:\/\/anivet.lt\/elparduotuve\/produktas\/vetapro-hydro-pet-dehidratacijos-atstatymui-10g-x-20\/#breadcrumb","itemListElement":[{"@type":"ListItem","position":1,"name":"Home","item":"https:\/\/anivet.lt\/elparduotuve\/"},{"@type":"ListItem","position":2,"name":"Produktai","item":"https:\/\/anivet.lt\/elparduotuve\/produktai\/"},{"@type":"ListItem","position":3,"name":"VetaPro Hydro Pet dehidratacijos atstatymui 10g x 20"}]},{"@type":"WebSite","@id":"https:\/\/anivet.lt\/elparduotuve\/#website","url":"https:\/\/anivet.lt\/elparduotuve\/","name":"anivet.lt","description":"Viskas J\u016bs\u0173 \u0161uns, kat\u0117s prie\u017ei\u016brai","publisher":{"@id":"https:\/\/anivet.lt\/elparduotuve\/#organization"},"alternateName":"Viskas J\u016bs\u0173 \u0161uns, kat\u0117s prie\u017ei\u016brai","potentialAction":[{"@type":"SearchAction","target":{"@type":"EntryPoint","urlTemplate":"https:\/\/anivet.lt\/elparduotuve\/?s={search_term_string}"},"query-input":{"@type":"PropertyValueSpecification","valueRequired":true,"valueName":"search_term_string"}}],"inLanguage":"lt-LT"},{"@type":"Organization","@id":"https:\/\/anivet.lt\/elparduotuve\/#organization","name":"Viskas J\u016bs\u0173 \u0161uns, kat\u0117s prie\u017ei\u016brai","url":"https:\/\/anivet.lt\/elparduotuve\/","logo":{"@type":"ImageObject","inLanguage":"lt-LT","@id":"https:\/\/anivet.lt\/elparduotuve\/#\/schema\/logo\/image\/","url":"https:\/\/anivet.lt\/elparduotuve\/wp-content\/uploads\/2023\/06\/logo2.jpg","contentUrl":"https:\/\/anivet.lt\/elparduotuve\/wp-content\/uploads\/2023\/06\/logo2.jpg","width":655,"height":194,"caption":"Viskas J\u016bs\u0173 \u0161uns, kat\u0117s prie\u017ei\u016brai"},"image":{"@id":"https:\/\/anivet.lt\/elparduotuve\/#\/schema\/logo\/image\/"}}]}},"_links":{"self":[{"href":"https:\/\/anivet.lt\/elparduotuve\/wp-json\/wp\/v2\/product\/15998","targetHints":{"allow":["GET"]}}],"collection":[{"href":"https:\/\/anivet.lt\/elparduotuve\/wp-json\/wp\/v2\/product"}],"about":[{"href":"https:\/\/anivet.lt\/elparduotuve\/wp-json\/wp\/v2\/types\/product"}],"wp:featuredmedia":[{"embeddable":true,"href":"https:\/\/anivet.lt\/elparduotuve\/wp-json\/wp\/v2\/media\/16002"}],"wp:attachment":[{"href":"https:\/\/anivet.lt\/elparduotuve\/wp-json\/wp\/v2\/media?parent=15998"}],"wp:term":[{"taxonomy":"product_brand","embeddable":true,"href":"https:\/\/anivet.lt\/elparduotuve\/wp-json\/wp\/v2\/product_brand?post=15998"},{"taxonomy":"product_cat","embeddable":true,"href":"https:\/\/anivet.lt\/elparduotuve\/wp-json\/wp\/v2\/product_cat?post=15998"},{"taxonomy":"product_tag","embeddable":true,"href":"https:\/\/anivet.lt\/elparduotuve\/wp-json\/wp\/v2\/product_tag?post=15998"}],"curies":[{"name":"wp","href":"https:\/\/api.w.org\/{rel}","templated":true}]}}