{"id":16014,"date":"2025-01-07T11:59:03","date_gmt":"2025-01-07T11:59:03","guid":{"rendered":"https:\/\/anivet.lt\/elparduotuve\/?post_type=product&#038;p=16014"},"modified":"2026-02-23T12:37:33","modified_gmt":"2026-02-23T12:37:33","slug":"hills-prescription-diet-k-d-tuna-inkstu-prieziurai","status":"publish","type":"product","link":"https:\/\/anivet.lt\/elparduotuve\/produktas\/hills-prescription-diet-k-d-tuna-inkstu-prieziurai\/","title":{"rendered":"Hill\u2019s Prescription Diet\u00ae k\/d Tuna inkst\u0173 prie\u017ei\u016brai"},"content":{"rendered":"<p>\u0160is dietinis pa\u0161aras skirtas palaikyti ka\u010di\u0173, sergan\u010di\u0173 inkst\u0173 ligomis, sveikat\u0105 ir gyvenimo kokyb\u0119. Subalansuota formul\u0117 su tunu ne tik suma\u017eina inkst\u0173 apkrov\u0105, bet ir pagerina apetit\u0105, pad\u0117dama katei su\u0117sti daugiau maisto, net kai apetitas suma\u017e\u0117j\u0119s d\u0117l ligos. Klinikiniais tyrimais patvirtinta, kad \u0161is pa\u0161aras pailgina gyvenimo trukm\u0119 ir pagerina bendr\u0105 savijaut\u0105.<\/p>\n<ul>\n<li>Fosforo ir natrio kontrol\u0117: Ma\u017eas fosforo (0,46%) ir natrio (0,23%) kiekis l\u0117tina inkst\u0173 ligos progresavim\u0105 ir palaiko j\u0173 funkcionalum\u0105.<\/li>\n<li>Apetito skatinimas: Enhanced Appetite Trigger (E.A.T.) technologija sukurta taip, kad pa\u0161aras b\u016bt\u0173 patrauklus net suma\u017e\u0117jus apetitui.<\/li>\n<li>Omega-3 riebal\u0173 r\u016bg\u0161tys: \u017duv\u0173 taukai (1,7%) ma\u017eina u\u017edegiminius procesus ir palaiko kraujotak\u0105 inkstuose.<\/li>\n<li>Raumen\u0173 palaikymas: Didelis nepakei\u010diam\u0173j\u0173 aminor\u016bg\u0161\u010di\u0173 ir L-karnitino kiekis padeda i\u0161laikyti raumen\u0173 mas\u0119 ir bendr\u0105 organizmo atsparum\u0105.<\/li>\n<li>Skonis, kuriam sunku atsispirti: Su tunu (5%) ir \u017euvies perdirbimo produktais, \u0161is pa\u0161aras skanus net jautrioms kat\u0117ms.<\/li>\n<\/ul>\n<p>\u201eHill\u2019s Prescription Diet\u00ae k\/d\u201d su tunu \u2013 subalansuotas sprendimas kat\u0117ms, sergan\u010dioms inkst\u0173 ligomis, padedantis palaikyti j\u0173 sveikat\u0105 ir apetit\u0105 ilgalaikio \u0161\u0117rimo metu. \u0160is pa\u0161aras padeda apsaugoti gyvybi\u0161kai svarbias inkst\u0173 funkcijas ir suteikia skan\u0173 bei maisting\u0105 pasirinkim\u0105 j\u016bs\u0173 katei.<\/p>\n","protected":false},"excerpt":{"rendered":"<p>\u0160is dietinis pa\u0161aras skirtas palaikyti ka\u010di\u0173, sergan\u010di\u0173 inkst\u0173 ligomis, sveikat\u0105 ir gyvenimo kokyb\u0119. Subalansuota formul\u0117 su tunu ne tik suma\u017eina<\/p>\n","protected":false},"featured_media":16016,"template":"","meta":[],"product_brand":[],"product_cat":[114,102,118,441],"product_tag":[],"class_list":{"0":"post-16014","1":"product","2":"type-product","3":"status-publish","4":"has-post-thumbnail","6":"product_cat-kaciu-maistas","7":"product_cat-katems","8":"product_cat-veterinarinis-maistas-katems","9":"product_cat-hills-kaciu-maistas","10":"pa_prekinis-zenklas-hills","12":"first","13":"instock","14":"taxable","15":"shipping-taxable","16":"purchasable","17":"product-type-variable"},"yoast_head":"<!-- This site is optimized with the Yoast SEO Premium plugin v27.1 (Yoast SEO v27.3) - https:\/\/yoast.com\/product\/yoast-seo-premium-wordpress\/ -->\n<title>Hill\u2019s Prescription Diet\u00ae k\/d Tuna inkst\u0173 prie\u017ei\u016brai - anivet.lt<\/title>\n<meta name=\"description\" content=\"\u0160is dietinis pa\u0161aras skirtas palaikyti ka\u010di\u0173, sergan\u010di\u0173 inkst\u0173 ligomis, sveikat\u0105 ir gyvenimo kokyb\u0119. Subalansuota formul\u0117 su tunu ne tik suma\u017eina inkst\u0173\" \/>\n<meta name=\"robots\" content=\"index, follow, max-snippet:-1, max-image-preview:large, max-video-preview:-1\" \/>\n<link rel=\"canonical\" href=\"https:\/\/anivet.lt\/elparduotuve\/produktas\/hills-prescription-diet-k-d-tuna-inkstu-prieziurai\/\" \/>\n<meta property=\"og:locale\" content=\"lt_LT\" \/>\n<meta property=\"og:type\" content=\"article\" \/>\n<meta property=\"og:title\" content=\"Hill\u2019s Prescription Diet\u00ae k\/d Tuna inkst\u0173 prie\u017ei\u016brai\" \/>\n<meta property=\"og:description\" content=\"\u0160is dietinis pa\u0161aras skirtas palaikyti ka\u010di\u0173, sergan\u010di\u0173 inkst\u0173 ligomis, sveikat\u0105 ir gyvenimo kokyb\u0119. Subalansuota formul\u0117 su tunu ne tik suma\u017eina inkst\u0173\" \/>\n<meta property=\"og:url\" content=\"https:\/\/anivet.lt\/elparduotuve\/produktas\/hills-prescription-diet-k-d-tuna-inkstu-prieziurai\/\" \/>\n<meta property=\"og:site_name\" content=\"anivet.lt\" \/>\n<meta property=\"article:modified_time\" content=\"2026-02-23T12:37:33+00:00\" \/>\n<meta property=\"og:image\" content=\"https:\/\/anivet.lt\/elparduotuve\/wp-content\/uploads\/2025\/01\/6Hills-Prescription-Diet\u00ae-kd-Tuna-inkstu-prieziurai.jpg\" \/>\n\t<meta property=\"og:image:width\" content=\"768\" \/>\n\t<meta property=\"og:image:height\" content=\"768\" \/>\n\t<meta property=\"og:image:type\" content=\"image\/jpeg\" \/>\n<meta name=\"twitter:card\" content=\"summary_large_image\" \/>\n<meta name=\"twitter:label1\" content=\"Est. reading time\" \/>\n\t<meta name=\"twitter:data1\" content=\"2 minut\u0117s\" \/>\n<script type=\"application\/ld+json\" class=\"yoast-schema-graph\">{\"@context\":\"https:\\\/\\\/schema.org\",\"@graph\":[{\"@type\":\"WebPage\",\"@id\":\"https:\\\/\\\/anivet.lt\\\/elparduotuve\\\/produktas\\\/hills-prescription-diet-k-d-tuna-inkstu-prieziurai\\\/\",\"url\":\"https:\\\/\\\/anivet.lt\\\/elparduotuve\\\/produktas\\\/hills-prescription-diet-k-d-tuna-inkstu-prieziurai\\\/\",\"name\":\"Hill\u2019s Prescription Diet\u00ae k\\\/d Tuna inkst\u0173 prie\u017ei\u016brai - anivet.lt\",\"isPartOf\":{\"@id\":\"https:\\\/\\\/anivet.lt\\\/elparduotuve\\\/#website\"},\"primaryImageOfPage\":{\"@id\":\"https:\\\/\\\/anivet.lt\\\/elparduotuve\\\/produktas\\\/hills-prescription-diet-k-d-tuna-inkstu-prieziurai\\\/#primaryimage\"},\"image\":{\"@id\":\"https:\\\/\\\/anivet.lt\\\/elparduotuve\\\/produktas\\\/hills-prescription-diet-k-d-tuna-inkstu-prieziurai\\\/#primaryimage\"},\"thumbnailUrl\":\"https:\\\/\\\/anivet.lt\\\/elparduotuve\\\/wp-content\\\/uploads\\\/2025\\\/01\\\/6Hills-Prescription-Diet\u00ae-kd-Tuna-inkstu-prieziurai.jpg\",\"datePublished\":\"2025-01-07T11:59:03+00:00\",\"dateModified\":\"2026-02-23T12:37:33+00:00\",\"description\":\"\u0160is dietinis pa\u0161aras skirtas palaikyti ka\u010di\u0173, sergan\u010di\u0173 inkst\u0173 ligomis, sveikat\u0105 ir gyvenimo kokyb\u0119. Subalansuota formul\u0117 su tunu ne tik suma\u017eina inkst\u0173\",\"breadcrumb\":{\"@id\":\"https:\\\/\\\/anivet.lt\\\/elparduotuve\\\/produktas\\\/hills-prescription-diet-k-d-tuna-inkstu-prieziurai\\\/#breadcrumb\"},\"inLanguage\":\"lt-LT\",\"potentialAction\":[{\"@type\":\"ReadAction\",\"target\":[\"https:\\\/\\\/anivet.lt\\\/elparduotuve\\\/produktas\\\/hills-prescription-diet-k-d-tuna-inkstu-prieziurai\\\/\"]}]},{\"@type\":\"ImageObject\",\"inLanguage\":\"lt-LT\",\"@id\":\"https:\\\/\\\/anivet.lt\\\/elparduotuve\\\/produktas\\\/hills-prescription-diet-k-d-tuna-inkstu-prieziurai\\\/#primaryimage\",\"url\":\"https:\\\/\\\/anivet.lt\\\/elparduotuve\\\/wp-content\\\/uploads\\\/2025\\\/01\\\/6Hills-Prescription-Diet\u00ae-kd-Tuna-inkstu-prieziurai.jpg\",\"contentUrl\":\"https:\\\/\\\/anivet.lt\\\/elparduotuve\\\/wp-content\\\/uploads\\\/2025\\\/01\\\/6Hills-Prescription-Diet\u00ae-kd-Tuna-inkstu-prieziurai.jpg\",\"width\":768,\"height\":768,\"caption\":\"Hill\u2019s Prescription Diet\u00ae k\\\/d Tuna inkst\u0173 prie\u017ei\u016brai\"},{\"@type\":\"BreadcrumbList\",\"@id\":\"https:\\\/\\\/anivet.lt\\\/elparduotuve\\\/produktas\\\/hills-prescription-diet-k-d-tuna-inkstu-prieziurai\\\/#breadcrumb\",\"itemListElement\":[{\"@type\":\"ListItem\",\"position\":1,\"name\":\"Home\",\"item\":\"https:\\\/\\\/anivet.lt\\\/elparduotuve\\\/\"},{\"@type\":\"ListItem\",\"position\":2,\"name\":\"Produktai\",\"item\":\"https:\\\/\\\/anivet.lt\\\/elparduotuve\\\/produktai\\\/\"},{\"@type\":\"ListItem\",\"position\":3,\"name\":\"Hill\u2019s Prescription Diet\u00ae k\\\/d Tuna inkst\u0173 prie\u017ei\u016brai\"}]},{\"@type\":\"WebSite\",\"@id\":\"https:\\\/\\\/anivet.lt\\\/elparduotuve\\\/#website\",\"url\":\"https:\\\/\\\/anivet.lt\\\/elparduotuve\\\/\",\"name\":\"anivet.lt\",\"description\":\"Viskas J\u016bs\u0173 \u0161uns, kat\u0117s prie\u017ei\u016brai\",\"publisher\":{\"@id\":\"https:\\\/\\\/anivet.lt\\\/elparduotuve\\\/#organization\"},\"alternateName\":\"Viskas J\u016bs\u0173 \u0161uns, kat\u0117s prie\u017ei\u016brai\",\"potentialAction\":[{\"@type\":\"SearchAction\",\"target\":{\"@type\":\"EntryPoint\",\"urlTemplate\":\"https:\\\/\\\/anivet.lt\\\/elparduotuve\\\/?s={search_term_string}\"},\"query-input\":{\"@type\":\"PropertyValueSpecification\",\"valueRequired\":true,\"valueName\":\"search_term_string\"}}],\"inLanguage\":\"lt-LT\"},{\"@type\":\"Organization\",\"@id\":\"https:\\\/\\\/anivet.lt\\\/elparduotuve\\\/#organization\",\"name\":\"Viskas J\u016bs\u0173 \u0161uns, kat\u0117s prie\u017ei\u016brai\",\"url\":\"https:\\\/\\\/anivet.lt\\\/elparduotuve\\\/\",\"logo\":{\"@type\":\"ImageObject\",\"inLanguage\":\"lt-LT\",\"@id\":\"https:\\\/\\\/anivet.lt\\\/elparduotuve\\\/#\\\/schema\\\/logo\\\/image\\\/\",\"url\":\"https:\\\/\\\/anivet.lt\\\/elparduotuve\\\/wp-content\\\/uploads\\\/2023\\\/06\\\/logo2.jpg\",\"contentUrl\":\"https:\\\/\\\/anivet.lt\\\/elparduotuve\\\/wp-content\\\/uploads\\\/2023\\\/06\\\/logo2.jpg\",\"width\":655,\"height\":194,\"caption\":\"Viskas J\u016bs\u0173 \u0161uns, kat\u0117s prie\u017ei\u016brai\"},\"image\":{\"@id\":\"https:\\\/\\\/anivet.lt\\\/elparduotuve\\\/#\\\/schema\\\/logo\\\/image\\\/\"}}]}<\/script>\n<!-- \/ Yoast SEO Premium plugin. -->","yoast_head_json":{"title":"Hill\u2019s Prescription Diet\u00ae k\/d Tuna inkst\u0173 prie\u017ei\u016brai - anivet.lt","description":"\u0160is dietinis pa\u0161aras skirtas palaikyti ka\u010di\u0173, sergan\u010di\u0173 inkst\u0173 ligomis, sveikat\u0105 ir gyvenimo kokyb\u0119. Subalansuota formul\u0117 su tunu ne tik suma\u017eina inkst\u0173","robots":{"index":"index","follow":"follow","max-snippet":"max-snippet:-1","max-image-preview":"max-image-preview:large","max-video-preview":"max-video-preview:-1"},"canonical":"https:\/\/anivet.lt\/elparduotuve\/produktas\/hills-prescription-diet-k-d-tuna-inkstu-prieziurai\/","og_locale":"lt_LT","og_type":"article","og_title":"Hill\u2019s Prescription Diet\u00ae k\/d Tuna inkst\u0173 prie\u017ei\u016brai","og_description":"\u0160is dietinis pa\u0161aras skirtas palaikyti ka\u010di\u0173, sergan\u010di\u0173 inkst\u0173 ligomis, sveikat\u0105 ir gyvenimo kokyb\u0119. Subalansuota formul\u0117 su tunu ne tik suma\u017eina inkst\u0173","og_url":"https:\/\/anivet.lt\/elparduotuve\/produktas\/hills-prescription-diet-k-d-tuna-inkstu-prieziurai\/","og_site_name":"anivet.lt","article_modified_time":"2026-02-23T12:37:33+00:00","og_image":[{"width":768,"height":768,"url":"https:\/\/anivet.lt\/elparduotuve\/wp-content\/uploads\/2025\/01\/6Hills-Prescription-Diet\u00ae-kd-Tuna-inkstu-prieziurai.jpg","type":"image\/jpeg"}],"twitter_card":"summary_large_image","twitter_misc":{"Est. reading time":"2 minut\u0117s"},"schema":{"@context":"https:\/\/schema.org","@graph":[{"@type":"WebPage","@id":"https:\/\/anivet.lt\/elparduotuve\/produktas\/hills-prescription-diet-k-d-tuna-inkstu-prieziurai\/","url":"https:\/\/anivet.lt\/elparduotuve\/produktas\/hills-prescription-diet-k-d-tuna-inkstu-prieziurai\/","name":"Hill\u2019s Prescription Diet\u00ae k\/d Tuna inkst\u0173 prie\u017ei\u016brai - anivet.lt","isPartOf":{"@id":"https:\/\/anivet.lt\/elparduotuve\/#website"},"primaryImageOfPage":{"@id":"https:\/\/anivet.lt\/elparduotuve\/produktas\/hills-prescription-diet-k-d-tuna-inkstu-prieziurai\/#primaryimage"},"image":{"@id":"https:\/\/anivet.lt\/elparduotuve\/produktas\/hills-prescription-diet-k-d-tuna-inkstu-prieziurai\/#primaryimage"},"thumbnailUrl":"https:\/\/anivet.lt\/elparduotuve\/wp-content\/uploads\/2025\/01\/6Hills-Prescription-Diet\u00ae-kd-Tuna-inkstu-prieziurai.jpg","datePublished":"2025-01-07T11:59:03+00:00","dateModified":"2026-02-23T12:37:33+00:00","description":"\u0160is dietinis pa\u0161aras skirtas palaikyti ka\u010di\u0173, sergan\u010di\u0173 inkst\u0173 ligomis, sveikat\u0105 ir gyvenimo kokyb\u0119. Subalansuota formul\u0117 su tunu ne tik suma\u017eina inkst\u0173","breadcrumb":{"@id":"https:\/\/anivet.lt\/elparduotuve\/produktas\/hills-prescription-diet-k-d-tuna-inkstu-prieziurai\/#breadcrumb"},"inLanguage":"lt-LT","potentialAction":[{"@type":"ReadAction","target":["https:\/\/anivet.lt\/elparduotuve\/produktas\/hills-prescription-diet-k-d-tuna-inkstu-prieziurai\/"]}]},{"@type":"ImageObject","inLanguage":"lt-LT","@id":"https:\/\/anivet.lt\/elparduotuve\/produktas\/hills-prescription-diet-k-d-tuna-inkstu-prieziurai\/#primaryimage","url":"https:\/\/anivet.lt\/elparduotuve\/wp-content\/uploads\/2025\/01\/6Hills-Prescription-Diet\u00ae-kd-Tuna-inkstu-prieziurai.jpg","contentUrl":"https:\/\/anivet.lt\/elparduotuve\/wp-content\/uploads\/2025\/01\/6Hills-Prescription-Diet\u00ae-kd-Tuna-inkstu-prieziurai.jpg","width":768,"height":768,"caption":"Hill\u2019s Prescription Diet\u00ae k\/d Tuna inkst\u0173 prie\u017ei\u016brai"},{"@type":"BreadcrumbList","@id":"https:\/\/anivet.lt\/elparduotuve\/produktas\/hills-prescription-diet-k-d-tuna-inkstu-prieziurai\/#breadcrumb","itemListElement":[{"@type":"ListItem","position":1,"name":"Home","item":"https:\/\/anivet.lt\/elparduotuve\/"},{"@type":"ListItem","position":2,"name":"Produktai","item":"https:\/\/anivet.lt\/elparduotuve\/produktai\/"},{"@type":"ListItem","position":3,"name":"Hill\u2019s Prescription Diet\u00ae k\/d Tuna inkst\u0173 prie\u017ei\u016brai"}]},{"@type":"WebSite","@id":"https:\/\/anivet.lt\/elparduotuve\/#website","url":"https:\/\/anivet.lt\/elparduotuve\/","name":"anivet.lt","description":"Viskas J\u016bs\u0173 \u0161uns, kat\u0117s prie\u017ei\u016brai","publisher":{"@id":"https:\/\/anivet.lt\/elparduotuve\/#organization"},"alternateName":"Viskas J\u016bs\u0173 \u0161uns, kat\u0117s prie\u017ei\u016brai","potentialAction":[{"@type":"SearchAction","target":{"@type":"EntryPoint","urlTemplate":"https:\/\/anivet.lt\/elparduotuve\/?s={search_term_string}"},"query-input":{"@type":"PropertyValueSpecification","valueRequired":true,"valueName":"search_term_string"}}],"inLanguage":"lt-LT"},{"@type":"Organization","@id":"https:\/\/anivet.lt\/elparduotuve\/#organization","name":"Viskas J\u016bs\u0173 \u0161uns, kat\u0117s prie\u017ei\u016brai","url":"https:\/\/anivet.lt\/elparduotuve\/","logo":{"@type":"ImageObject","inLanguage":"lt-LT","@id":"https:\/\/anivet.lt\/elparduotuve\/#\/schema\/logo\/image\/","url":"https:\/\/anivet.lt\/elparduotuve\/wp-content\/uploads\/2023\/06\/logo2.jpg","contentUrl":"https:\/\/anivet.lt\/elparduotuve\/wp-content\/uploads\/2023\/06\/logo2.jpg","width":655,"height":194,"caption":"Viskas J\u016bs\u0173 \u0161uns, kat\u0117s prie\u017ei\u016brai"},"image":{"@id":"https:\/\/anivet.lt\/elparduotuve\/#\/schema\/logo\/image\/"}}]}},"_links":{"self":[{"href":"https:\/\/anivet.lt\/elparduotuve\/wp-json\/wp\/v2\/product\/16014","targetHints":{"allow":["GET"]}}],"collection":[{"href":"https:\/\/anivet.lt\/elparduotuve\/wp-json\/wp\/v2\/product"}],"about":[{"href":"https:\/\/anivet.lt\/elparduotuve\/wp-json\/wp\/v2\/types\/product"}],"wp:featuredmedia":[{"embeddable":true,"href":"https:\/\/anivet.lt\/elparduotuve\/wp-json\/wp\/v2\/media\/16016"}],"wp:attachment":[{"href":"https:\/\/anivet.lt\/elparduotuve\/wp-json\/wp\/v2\/media?parent=16014"}],"wp:term":[{"taxonomy":"product_brand","embeddable":true,"href":"https:\/\/anivet.lt\/elparduotuve\/wp-json\/wp\/v2\/product_brand?post=16014"},{"taxonomy":"product_cat","embeddable":true,"href":"https:\/\/anivet.lt\/elparduotuve\/wp-json\/wp\/v2\/product_cat?post=16014"},{"taxonomy":"product_tag","embeddable":true,"href":"https:\/\/anivet.lt\/elparduotuve\/wp-json\/wp\/v2\/product_tag?post=16014"}],"curies":[{"name":"wp","href":"https:\/\/api.w.org\/{rel}","templated":true}]}}