{"id":16020,"date":"2025-01-07T12:09:51","date_gmt":"2025-01-07T12:09:51","guid":{"rendered":"https:\/\/anivet.lt\/elparduotuve\/?post_type=product&#038;p=16020"},"modified":"2025-08-07T08:15:15","modified_gmt":"2025-08-07T08:15:15","slug":"hills-prescription-diet-l-d-kepenu-prieziurai","status":"publish","type":"product","link":"https:\/\/anivet.lt\/elparduotuve\/produktas\/hills-prescription-diet-l-d-kepenu-prieziurai\/","title":{"rendered":"Hill\u2019s Prescription Diet\u00ae l\/d kepen\u0173 prie\u017ei\u016brai"},"content":{"rendered":"<p>Dietinis pa\u0161aras, specialiai sukurtas palaikyti ka\u010di\u0173 kepen\u0173 sveikat\u0105 ir gyvybi\u0161kai svarbi\u0173 kepen\u0173 funkcij\u0173 apsaugai. Subalansuota formul\u0117 padeda kepenims atsistatyti, suma\u017eina maistini\u0173 med\u017eiag\u0173 pertekli\u0173 bei palaiko bendr\u0105 imunin\u0119 sistem\u0105.<\/p>\n<ul>\n<li>Lengvai vir\u0161kinami baltymai: Pritaikytas baltym\u0173 kiekis ma\u017eina kepen\u0173 apkrov\u0105 ir palaiko j\u0173 funkcij\u0105.<\/li>\n<li>L-karnitinas: Skatina riebal\u0173 ir energijos konversij\u0105 kepenyse, padedant palaikyti normali\u0105 j\u0173 veikl\u0105.<\/li>\n<li>Antioksidant\u0173 apsauga: Klinikiniais tyrimais patvirtinti antioksidantai palaiko kepen\u0173 audini\u0173 atsistatym\u0105 ir stiprina imunin\u0119 sistem\u0105.<\/li>\n<li>Optimalus maistini\u0173 med\u017eiag\u0173 balansas: Padeda i\u0161vengti su kepen\u0173 ligomis susijusio maistini\u0173 med\u017eiag\u0173 tr\u016bkumo ar pertekliaus.<\/li>\n<li>Ma\u017eesnis fosforo kiekis: Kontroliuotas fosforo lygis (0,68%) palaiko kepen\u0173 funkcij\u0105 ir l\u0117tina ligos progresavim\u0105.<\/li>\n<\/ul>\n<p>\u201eHill\u2019s Prescription Diet\u00ae l\/d\u201d \u2013 tai efektyvus sprendimas ka\u010di\u0173 kepen\u0173 sveikatai palaikyti. Lengvai vir\u0161kinami baltymai ir L-karnitinas padeda kepenims tinkamai funkcionuoti, o antioksidantai stiprina nat\u016brali\u0105 organizmo apsaug\u0105.<\/p>\n","protected":false},"excerpt":{"rendered":"<p>Dietinis pa\u0161aras, specialiai sukurtas palaikyti ka\u010di\u0173 kepen\u0173 sveikat\u0105 ir gyvybi\u0161kai svarbi\u0173 kepen\u0173 funkcij\u0173 apsaugai. Subalansuota formul\u0117 padeda kepenims atsistatyti, suma\u017eina<\/p>\n","protected":false},"featured_media":16021,"template":"","meta":[],"product_brand":[],"product_cat":[114,102,118,441],"product_tag":[],"class_list":{"0":"post-16020","1":"product","2":"type-product","3":"status-publish","4":"has-post-thumbnail","6":"product_cat-kaciu-maistas","7":"product_cat-katems","8":"product_cat-veterinarinis-maistas-katems","9":"product_cat-hills-kaciu-maistas","10":"pa_prekinis-zenklas-hills","12":"first","13":"instock","14":"taxable","15":"shipping-taxable","16":"purchasable","17":"product-type-variable"},"yoast_head":"<!-- This site is optimized with the Yoast SEO Premium plugin v27.1 (Yoast SEO v27.3) - https:\/\/yoast.com\/product\/yoast-seo-premium-wordpress\/ -->\n<title>Hill\u2019s Prescription Diet\u00ae l\/d kepen\u0173 prie\u017ei\u016brai - anivet.lt<\/title>\n<meta name=\"description\" content=\"Dietinis pa\u0161aras, specialiai sukurtas palaikyti ka\u010di\u0173 kepen\u0173 sveikat\u0105 ir gyvybi\u0161kai svarbi\u0173 kepen\u0173 funkcij\u0173 apsaugai. Subalansuota formul\u0117 padeda kepenims\" \/>\n<meta name=\"robots\" content=\"index, follow, max-snippet:-1, max-image-preview:large, max-video-preview:-1\" \/>\n<link rel=\"canonical\" href=\"https:\/\/anivet.lt\/elparduotuve\/produktas\/hills-prescription-diet-l-d-kepenu-prieziurai\/\" \/>\n<meta property=\"og:locale\" content=\"lt_LT\" \/>\n<meta property=\"og:type\" content=\"article\" \/>\n<meta property=\"og:title\" content=\"Hill\u2019s Prescription Diet\u00ae l\/d kepen\u0173 prie\u017ei\u016brai\" \/>\n<meta property=\"og:description\" content=\"Dietinis pa\u0161aras, specialiai sukurtas palaikyti ka\u010di\u0173 kepen\u0173 sveikat\u0105 ir gyvybi\u0161kai svarbi\u0173 kepen\u0173 funkcij\u0173 apsaugai. Subalansuota formul\u0117 padeda kepenims\" \/>\n<meta property=\"og:url\" content=\"https:\/\/anivet.lt\/elparduotuve\/produktas\/hills-prescription-diet-l-d-kepenu-prieziurai\/\" \/>\n<meta property=\"og:site_name\" content=\"anivet.lt\" \/>\n<meta property=\"article:modified_time\" content=\"2025-08-07T08:15:15+00:00\" \/>\n<meta property=\"og:image\" content=\"https:\/\/anivet.lt\/elparduotuve\/wp-content\/uploads\/2025\/01\/7Hills-Prescription-Diet\u00ae-ld-kepenu-prieziurai.jpg\" \/>\n\t<meta property=\"og:image:width\" content=\"768\" \/>\n\t<meta property=\"og:image:height\" content=\"768\" \/>\n\t<meta property=\"og:image:type\" content=\"image\/jpeg\" \/>\n<meta name=\"twitter:card\" content=\"summary_large_image\" \/>\n<meta name=\"twitter:label1\" content=\"Est. reading time\" \/>\n\t<meta name=\"twitter:data1\" content=\"1 minut\u0117\" \/>\n<script type=\"application\/ld+json\" class=\"yoast-schema-graph\">{\"@context\":\"https:\\\/\\\/schema.org\",\"@graph\":[{\"@type\":\"WebPage\",\"@id\":\"https:\\\/\\\/anivet.lt\\\/elparduotuve\\\/produktas\\\/hills-prescription-diet-l-d-kepenu-prieziurai\\\/\",\"url\":\"https:\\\/\\\/anivet.lt\\\/elparduotuve\\\/produktas\\\/hills-prescription-diet-l-d-kepenu-prieziurai\\\/\",\"name\":\"Hill\u2019s Prescription Diet\u00ae l\\\/d kepen\u0173 prie\u017ei\u016brai - anivet.lt\",\"isPartOf\":{\"@id\":\"https:\\\/\\\/anivet.lt\\\/elparduotuve\\\/#website\"},\"primaryImageOfPage\":{\"@id\":\"https:\\\/\\\/anivet.lt\\\/elparduotuve\\\/produktas\\\/hills-prescription-diet-l-d-kepenu-prieziurai\\\/#primaryimage\"},\"image\":{\"@id\":\"https:\\\/\\\/anivet.lt\\\/elparduotuve\\\/produktas\\\/hills-prescription-diet-l-d-kepenu-prieziurai\\\/#primaryimage\"},\"thumbnailUrl\":\"https:\\\/\\\/anivet.lt\\\/elparduotuve\\\/wp-content\\\/uploads\\\/2025\\\/01\\\/7Hills-Prescription-Diet\u00ae-ld-kepenu-prieziurai.jpg\",\"datePublished\":\"2025-01-07T12:09:51+00:00\",\"dateModified\":\"2025-08-07T08:15:15+00:00\",\"description\":\"Dietinis pa\u0161aras, specialiai sukurtas palaikyti ka\u010di\u0173 kepen\u0173 sveikat\u0105 ir gyvybi\u0161kai svarbi\u0173 kepen\u0173 funkcij\u0173 apsaugai. Subalansuota formul\u0117 padeda kepenims\",\"breadcrumb\":{\"@id\":\"https:\\\/\\\/anivet.lt\\\/elparduotuve\\\/produktas\\\/hills-prescription-diet-l-d-kepenu-prieziurai\\\/#breadcrumb\"},\"inLanguage\":\"lt-LT\",\"potentialAction\":[{\"@type\":\"ReadAction\",\"target\":[\"https:\\\/\\\/anivet.lt\\\/elparduotuve\\\/produktas\\\/hills-prescription-diet-l-d-kepenu-prieziurai\\\/\"]}]},{\"@type\":\"ImageObject\",\"inLanguage\":\"lt-LT\",\"@id\":\"https:\\\/\\\/anivet.lt\\\/elparduotuve\\\/produktas\\\/hills-prescription-diet-l-d-kepenu-prieziurai\\\/#primaryimage\",\"url\":\"https:\\\/\\\/anivet.lt\\\/elparduotuve\\\/wp-content\\\/uploads\\\/2025\\\/01\\\/7Hills-Prescription-Diet\u00ae-ld-kepenu-prieziurai.jpg\",\"contentUrl\":\"https:\\\/\\\/anivet.lt\\\/elparduotuve\\\/wp-content\\\/uploads\\\/2025\\\/01\\\/7Hills-Prescription-Diet\u00ae-ld-kepenu-prieziurai.jpg\",\"width\":768,\"height\":768,\"caption\":\"Hill\u2019s Prescription Diet\u00ae l\\\/d kepen\u0173 prie\u017ei\u016brai\"},{\"@type\":\"BreadcrumbList\",\"@id\":\"https:\\\/\\\/anivet.lt\\\/elparduotuve\\\/produktas\\\/hills-prescription-diet-l-d-kepenu-prieziurai\\\/#breadcrumb\",\"itemListElement\":[{\"@type\":\"ListItem\",\"position\":1,\"name\":\"Home\",\"item\":\"https:\\\/\\\/anivet.lt\\\/elparduotuve\\\/\"},{\"@type\":\"ListItem\",\"position\":2,\"name\":\"Produktai\",\"item\":\"https:\\\/\\\/anivet.lt\\\/elparduotuve\\\/produktai\\\/\"},{\"@type\":\"ListItem\",\"position\":3,\"name\":\"Hill\u2019s Prescription Diet\u00ae l\\\/d kepen\u0173 prie\u017ei\u016brai\"}]},{\"@type\":\"WebSite\",\"@id\":\"https:\\\/\\\/anivet.lt\\\/elparduotuve\\\/#website\",\"url\":\"https:\\\/\\\/anivet.lt\\\/elparduotuve\\\/\",\"name\":\"anivet.lt\",\"description\":\"Viskas J\u016bs\u0173 \u0161uns, kat\u0117s prie\u017ei\u016brai\",\"publisher\":{\"@id\":\"https:\\\/\\\/anivet.lt\\\/elparduotuve\\\/#organization\"},\"alternateName\":\"Viskas J\u016bs\u0173 \u0161uns, kat\u0117s prie\u017ei\u016brai\",\"potentialAction\":[{\"@type\":\"SearchAction\",\"target\":{\"@type\":\"EntryPoint\",\"urlTemplate\":\"https:\\\/\\\/anivet.lt\\\/elparduotuve\\\/?s={search_term_string}\"},\"query-input\":{\"@type\":\"PropertyValueSpecification\",\"valueRequired\":true,\"valueName\":\"search_term_string\"}}],\"inLanguage\":\"lt-LT\"},{\"@type\":\"Organization\",\"@id\":\"https:\\\/\\\/anivet.lt\\\/elparduotuve\\\/#organization\",\"name\":\"Viskas J\u016bs\u0173 \u0161uns, kat\u0117s prie\u017ei\u016brai\",\"url\":\"https:\\\/\\\/anivet.lt\\\/elparduotuve\\\/\",\"logo\":{\"@type\":\"ImageObject\",\"inLanguage\":\"lt-LT\",\"@id\":\"https:\\\/\\\/anivet.lt\\\/elparduotuve\\\/#\\\/schema\\\/logo\\\/image\\\/\",\"url\":\"https:\\\/\\\/anivet.lt\\\/elparduotuve\\\/wp-content\\\/uploads\\\/2023\\\/06\\\/logo2.jpg\",\"contentUrl\":\"https:\\\/\\\/anivet.lt\\\/elparduotuve\\\/wp-content\\\/uploads\\\/2023\\\/06\\\/logo2.jpg\",\"width\":655,\"height\":194,\"caption\":\"Viskas J\u016bs\u0173 \u0161uns, kat\u0117s prie\u017ei\u016brai\"},\"image\":{\"@id\":\"https:\\\/\\\/anivet.lt\\\/elparduotuve\\\/#\\\/schema\\\/logo\\\/image\\\/\"}}]}<\/script>\n<!-- \/ Yoast SEO Premium plugin. -->","yoast_head_json":{"title":"Hill\u2019s Prescription Diet\u00ae l\/d kepen\u0173 prie\u017ei\u016brai - anivet.lt","description":"Dietinis pa\u0161aras, specialiai sukurtas palaikyti ka\u010di\u0173 kepen\u0173 sveikat\u0105 ir gyvybi\u0161kai svarbi\u0173 kepen\u0173 funkcij\u0173 apsaugai. Subalansuota formul\u0117 padeda kepenims","robots":{"index":"index","follow":"follow","max-snippet":"max-snippet:-1","max-image-preview":"max-image-preview:large","max-video-preview":"max-video-preview:-1"},"canonical":"https:\/\/anivet.lt\/elparduotuve\/produktas\/hills-prescription-diet-l-d-kepenu-prieziurai\/","og_locale":"lt_LT","og_type":"article","og_title":"Hill\u2019s Prescription Diet\u00ae l\/d kepen\u0173 prie\u017ei\u016brai","og_description":"Dietinis pa\u0161aras, specialiai sukurtas palaikyti ka\u010di\u0173 kepen\u0173 sveikat\u0105 ir gyvybi\u0161kai svarbi\u0173 kepen\u0173 funkcij\u0173 apsaugai. Subalansuota formul\u0117 padeda kepenims","og_url":"https:\/\/anivet.lt\/elparduotuve\/produktas\/hills-prescription-diet-l-d-kepenu-prieziurai\/","og_site_name":"anivet.lt","article_modified_time":"2025-08-07T08:15:15+00:00","og_image":[{"width":768,"height":768,"url":"https:\/\/anivet.lt\/elparduotuve\/wp-content\/uploads\/2025\/01\/7Hills-Prescription-Diet\u00ae-ld-kepenu-prieziurai.jpg","type":"image\/jpeg"}],"twitter_card":"summary_large_image","twitter_misc":{"Est. reading time":"1 minut\u0117"},"schema":{"@context":"https:\/\/schema.org","@graph":[{"@type":"WebPage","@id":"https:\/\/anivet.lt\/elparduotuve\/produktas\/hills-prescription-diet-l-d-kepenu-prieziurai\/","url":"https:\/\/anivet.lt\/elparduotuve\/produktas\/hills-prescription-diet-l-d-kepenu-prieziurai\/","name":"Hill\u2019s Prescription Diet\u00ae l\/d kepen\u0173 prie\u017ei\u016brai - anivet.lt","isPartOf":{"@id":"https:\/\/anivet.lt\/elparduotuve\/#website"},"primaryImageOfPage":{"@id":"https:\/\/anivet.lt\/elparduotuve\/produktas\/hills-prescription-diet-l-d-kepenu-prieziurai\/#primaryimage"},"image":{"@id":"https:\/\/anivet.lt\/elparduotuve\/produktas\/hills-prescription-diet-l-d-kepenu-prieziurai\/#primaryimage"},"thumbnailUrl":"https:\/\/anivet.lt\/elparduotuve\/wp-content\/uploads\/2025\/01\/7Hills-Prescription-Diet\u00ae-ld-kepenu-prieziurai.jpg","datePublished":"2025-01-07T12:09:51+00:00","dateModified":"2025-08-07T08:15:15+00:00","description":"Dietinis pa\u0161aras, specialiai sukurtas palaikyti ka\u010di\u0173 kepen\u0173 sveikat\u0105 ir gyvybi\u0161kai svarbi\u0173 kepen\u0173 funkcij\u0173 apsaugai. Subalansuota formul\u0117 padeda kepenims","breadcrumb":{"@id":"https:\/\/anivet.lt\/elparduotuve\/produktas\/hills-prescription-diet-l-d-kepenu-prieziurai\/#breadcrumb"},"inLanguage":"lt-LT","potentialAction":[{"@type":"ReadAction","target":["https:\/\/anivet.lt\/elparduotuve\/produktas\/hills-prescription-diet-l-d-kepenu-prieziurai\/"]}]},{"@type":"ImageObject","inLanguage":"lt-LT","@id":"https:\/\/anivet.lt\/elparduotuve\/produktas\/hills-prescription-diet-l-d-kepenu-prieziurai\/#primaryimage","url":"https:\/\/anivet.lt\/elparduotuve\/wp-content\/uploads\/2025\/01\/7Hills-Prescription-Diet\u00ae-ld-kepenu-prieziurai.jpg","contentUrl":"https:\/\/anivet.lt\/elparduotuve\/wp-content\/uploads\/2025\/01\/7Hills-Prescription-Diet\u00ae-ld-kepenu-prieziurai.jpg","width":768,"height":768,"caption":"Hill\u2019s Prescription Diet\u00ae l\/d kepen\u0173 prie\u017ei\u016brai"},{"@type":"BreadcrumbList","@id":"https:\/\/anivet.lt\/elparduotuve\/produktas\/hills-prescription-diet-l-d-kepenu-prieziurai\/#breadcrumb","itemListElement":[{"@type":"ListItem","position":1,"name":"Home","item":"https:\/\/anivet.lt\/elparduotuve\/"},{"@type":"ListItem","position":2,"name":"Produktai","item":"https:\/\/anivet.lt\/elparduotuve\/produktai\/"},{"@type":"ListItem","position":3,"name":"Hill\u2019s Prescription Diet\u00ae l\/d kepen\u0173 prie\u017ei\u016brai"}]},{"@type":"WebSite","@id":"https:\/\/anivet.lt\/elparduotuve\/#website","url":"https:\/\/anivet.lt\/elparduotuve\/","name":"anivet.lt","description":"Viskas J\u016bs\u0173 \u0161uns, kat\u0117s prie\u017ei\u016brai","publisher":{"@id":"https:\/\/anivet.lt\/elparduotuve\/#organization"},"alternateName":"Viskas J\u016bs\u0173 \u0161uns, kat\u0117s prie\u017ei\u016brai","potentialAction":[{"@type":"SearchAction","target":{"@type":"EntryPoint","urlTemplate":"https:\/\/anivet.lt\/elparduotuve\/?s={search_term_string}"},"query-input":{"@type":"PropertyValueSpecification","valueRequired":true,"valueName":"search_term_string"}}],"inLanguage":"lt-LT"},{"@type":"Organization","@id":"https:\/\/anivet.lt\/elparduotuve\/#organization","name":"Viskas J\u016bs\u0173 \u0161uns, kat\u0117s prie\u017ei\u016brai","url":"https:\/\/anivet.lt\/elparduotuve\/","logo":{"@type":"ImageObject","inLanguage":"lt-LT","@id":"https:\/\/anivet.lt\/elparduotuve\/#\/schema\/logo\/image\/","url":"https:\/\/anivet.lt\/elparduotuve\/wp-content\/uploads\/2023\/06\/logo2.jpg","contentUrl":"https:\/\/anivet.lt\/elparduotuve\/wp-content\/uploads\/2023\/06\/logo2.jpg","width":655,"height":194,"caption":"Viskas J\u016bs\u0173 \u0161uns, kat\u0117s prie\u017ei\u016brai"},"image":{"@id":"https:\/\/anivet.lt\/elparduotuve\/#\/schema\/logo\/image\/"}}]}},"_links":{"self":[{"href":"https:\/\/anivet.lt\/elparduotuve\/wp-json\/wp\/v2\/product\/16020","targetHints":{"allow":["GET"]}}],"collection":[{"href":"https:\/\/anivet.lt\/elparduotuve\/wp-json\/wp\/v2\/product"}],"about":[{"href":"https:\/\/anivet.lt\/elparduotuve\/wp-json\/wp\/v2\/types\/product"}],"wp:featuredmedia":[{"embeddable":true,"href":"https:\/\/anivet.lt\/elparduotuve\/wp-json\/wp\/v2\/media\/16021"}],"wp:attachment":[{"href":"https:\/\/anivet.lt\/elparduotuve\/wp-json\/wp\/v2\/media?parent=16020"}],"wp:term":[{"taxonomy":"product_brand","embeddable":true,"href":"https:\/\/anivet.lt\/elparduotuve\/wp-json\/wp\/v2\/product_brand?post=16020"},{"taxonomy":"product_cat","embeddable":true,"href":"https:\/\/anivet.lt\/elparduotuve\/wp-json\/wp\/v2\/product_cat?post=16020"},{"taxonomy":"product_tag","embeddable":true,"href":"https:\/\/anivet.lt\/elparduotuve\/wp-json\/wp\/v2\/product_tag?post=16020"}],"curies":[{"name":"wp","href":"https:\/\/api.w.org\/{rel}","templated":true}]}}