{"id":16023,"date":"2025-01-07T12:18:01","date_gmt":"2025-01-07T12:18:01","guid":{"rendered":"https:\/\/anivet.lt\/elparduotuve\/?post_type=product&#038;p=16023"},"modified":"2025-08-29T00:20:42","modified_gmt":"2025-08-29T00:20:42","slug":"hills-prescription-diet-d-d-duck-green-pea-odos-prieziurai","status":"publish","type":"product","link":"https:\/\/anivet.lt\/elparduotuve\/produktas\/hills-prescription-diet-d-d-duck-green-pea-odos-prieziurai\/","title":{"rendered":"Hill\u2019s Prescription Diet\u00ae d\/d Duck &#038; Green Pea odos prie\u017ei\u016brai"},"content":{"rendered":"<p>Hipoalerginis pa\u0161aras, sukurtas suma\u017einti pa\u0161aro netoleravimo simptomus ir pagerinti odos sveikat\u0105. Naudojant ribot\u0105 skai\u010di\u0173 sudedam\u0173j\u0173 dali\u0173 ir vien\u0105 gyv\u016bnin\u012f baltym\u0173 \u0161altin\u012f, \u0161is pa\u0161aras padeda kat\u0117ms, ken\u010dian\u010dioms nuo odos nie\u017eulio, alergij\u0173 ar jautrumo maistui.<\/p>\n<ul>\n<li>Hipoalergin\u0117 formul\u0117: Tik vienas gyv\u016bninio baltymo \u0161altinis \u2013 antiena (4%) ir lengvai vir\u0161kinami \u017eirni\u0173 baltymai.<\/li>\n<li>Be sojos baltym\u0173: Formul\u0117 tinka kat\u0117ms, netoleruojan\u010dioms \u012fprast\u0173 baltym\u0173 \u0161altini\u0173.<\/li>\n<li>Odos b\u016bkl\u0117s palaikymas: Didelis Omega-3 (0,85%) ir Omega-6 (3,48%) riebal\u0173 r\u016bg\u0161\u010di\u0173 kiekis maitina od\u0105 ir palaiko sveik\u0105 odos barjer\u0105.<\/li>\n<li>Vir\u0161kinimo palaikymas: D\u017eiovinti \u017eirniai (44%) yra lengvai vir\u0161kinamas angliavandeni\u0173 \u0161altinis, padedantis palaikyti ger\u0105 vir\u0161kinimo trakto b\u016bkl\u0119.<\/li>\n<li>Ma\u017eina nie\u017eul\u012f ir dirginim\u0105: Suma\u017eina simptomus, susijusius su maisto netoleravimu, ir pastebimai pagerina kailio bei odos b\u016bkl\u0119.<\/li>\n<\/ul>\n<p>\u201eHill\u2019s Prescription Diet\u00ae d\/d Duck &amp; Green Pea\u201d \u2013 idealus pasirinkimas kat\u0117ms, turin\u010dioms jautri\u0105 od\u0105 ar maisto netoleravim\u0105. \u0160i formul\u0117 suteikia b\u016btin\u0173 maistini\u0173 med\u017eiag\u0173, palaiko odos sveikat\u0105 ir u\u017etikrina puiki\u0105 vir\u0161kinimo funkcij\u0105.<\/p>\n","protected":false},"excerpt":{"rendered":"<p>Hipoalerginis pa\u0161aras, sukurtas suma\u017einti pa\u0161aro netoleravimo simptomus ir pagerinti odos sveikat\u0105. Naudojant ribot\u0105 skai\u010di\u0173 sudedam\u0173j\u0173 dali\u0173 ir vien\u0105 gyv\u016bnin\u012f baltym\u0173<\/p>\n","protected":false},"featured_media":16024,"template":"","meta":[],"product_brand":[],"product_cat":[114,102,118,441],"product_tag":[],"class_list":{"0":"post-16023","1":"product","2":"type-product","3":"status-publish","4":"has-post-thumbnail","6":"product_cat-kaciu-maistas","7":"product_cat-katems","8":"product_cat-veterinarinis-maistas-katems","9":"product_cat-hills-kaciu-maistas","10":"pa_prekinis-zenklas-hills","12":"first","13":"instock","14":"taxable","15":"shipping-taxable","16":"purchasable","17":"product-type-simple"},"yoast_head":"<!-- This site is optimized with the Yoast SEO Premium plugin v27.1 (Yoast SEO v27.3) - https:\/\/yoast.com\/product\/yoast-seo-premium-wordpress\/ -->\n<title>Hill\u2019s Prescription Diet\u00ae d\/d Duck &amp; Green Pea odos prie\u017ei\u016brai - anivet.lt<\/title>\n<meta name=\"description\" content=\"Hipoalerginis pa\u0161aras, sukurtas suma\u017einti pa\u0161aro netoleravimo simptomus ir pagerinti odos sveikat\u0105. Naudojant ribot\u0105 skai\u010di\u0173 sudedam\u0173j\u0173 dali\u0173 ir vien\u0105\" \/>\n<meta name=\"robots\" content=\"index, follow, max-snippet:-1, max-image-preview:large, max-video-preview:-1\" \/>\n<link rel=\"canonical\" href=\"https:\/\/anivet.lt\/elparduotuve\/produktas\/hills-prescription-diet-d-d-duck-green-pea-odos-prieziurai\/\" \/>\n<meta property=\"og:locale\" content=\"lt_LT\" \/>\n<meta property=\"og:type\" content=\"article\" \/>\n<meta property=\"og:title\" content=\"Hill\u2019s Prescription Diet\u00ae d\/d Duck &amp; Green Pea odos prie\u017ei\u016brai\" \/>\n<meta property=\"og:description\" content=\"Hipoalerginis pa\u0161aras, sukurtas suma\u017einti pa\u0161aro netoleravimo simptomus ir pagerinti odos sveikat\u0105. Naudojant ribot\u0105 skai\u010di\u0173 sudedam\u0173j\u0173 dali\u0173 ir vien\u0105\" \/>\n<meta property=\"og:url\" content=\"https:\/\/anivet.lt\/elparduotuve\/produktas\/hills-prescription-diet-d-d-duck-green-pea-odos-prieziurai\/\" \/>\n<meta property=\"og:site_name\" content=\"anivet.lt\" \/>\n<meta property=\"article:modified_time\" content=\"2025-08-29T00:20:42+00:00\" \/>\n<meta property=\"og:image\" content=\"https:\/\/anivet.lt\/elparduotuve\/wp-content\/uploads\/2025\/01\/8Hills-Prescription-Diet\u00ae-dd-Duck-Green-Pea-odos-prieziurai.jpg\" \/>\n\t<meta property=\"og:image:width\" content=\"768\" \/>\n\t<meta property=\"og:image:height\" content=\"768\" \/>\n\t<meta property=\"og:image:type\" content=\"image\/jpeg\" \/>\n<meta name=\"twitter:card\" content=\"summary_large_image\" \/>\n<meta name=\"twitter:label1\" content=\"Est. reading time\" \/>\n\t<meta name=\"twitter:data1\" content=\"1 minut\u0117\" \/>\n<script type=\"application\/ld+json\" class=\"yoast-schema-graph\">{\"@context\":\"https:\\\/\\\/schema.org\",\"@graph\":[{\"@type\":\"WebPage\",\"@id\":\"https:\\\/\\\/anivet.lt\\\/elparduotuve\\\/produktas\\\/hills-prescription-diet-d-d-duck-green-pea-odos-prieziurai\\\/\",\"url\":\"https:\\\/\\\/anivet.lt\\\/elparduotuve\\\/produktas\\\/hills-prescription-diet-d-d-duck-green-pea-odos-prieziurai\\\/\",\"name\":\"Hill\u2019s Prescription Diet\u00ae d\\\/d Duck & Green Pea odos prie\u017ei\u016brai - anivet.lt\",\"isPartOf\":{\"@id\":\"https:\\\/\\\/anivet.lt\\\/elparduotuve\\\/#website\"},\"primaryImageOfPage\":{\"@id\":\"https:\\\/\\\/anivet.lt\\\/elparduotuve\\\/produktas\\\/hills-prescription-diet-d-d-duck-green-pea-odos-prieziurai\\\/#primaryimage\"},\"image\":{\"@id\":\"https:\\\/\\\/anivet.lt\\\/elparduotuve\\\/produktas\\\/hills-prescription-diet-d-d-duck-green-pea-odos-prieziurai\\\/#primaryimage\"},\"thumbnailUrl\":\"https:\\\/\\\/anivet.lt\\\/elparduotuve\\\/wp-content\\\/uploads\\\/2025\\\/01\\\/8Hills-Prescription-Diet\u00ae-dd-Duck-Green-Pea-odos-prieziurai.jpg\",\"datePublished\":\"2025-01-07T12:18:01+00:00\",\"dateModified\":\"2025-08-29T00:20:42+00:00\",\"description\":\"Hipoalerginis pa\u0161aras, sukurtas suma\u017einti pa\u0161aro netoleravimo simptomus ir pagerinti odos sveikat\u0105. Naudojant ribot\u0105 skai\u010di\u0173 sudedam\u0173j\u0173 dali\u0173 ir vien\u0105\",\"breadcrumb\":{\"@id\":\"https:\\\/\\\/anivet.lt\\\/elparduotuve\\\/produktas\\\/hills-prescription-diet-d-d-duck-green-pea-odos-prieziurai\\\/#breadcrumb\"},\"inLanguage\":\"lt-LT\",\"potentialAction\":[{\"@type\":\"ReadAction\",\"target\":[\"https:\\\/\\\/anivet.lt\\\/elparduotuve\\\/produktas\\\/hills-prescription-diet-d-d-duck-green-pea-odos-prieziurai\\\/\"]}]},{\"@type\":\"ImageObject\",\"inLanguage\":\"lt-LT\",\"@id\":\"https:\\\/\\\/anivet.lt\\\/elparduotuve\\\/produktas\\\/hills-prescription-diet-d-d-duck-green-pea-odos-prieziurai\\\/#primaryimage\",\"url\":\"https:\\\/\\\/anivet.lt\\\/elparduotuve\\\/wp-content\\\/uploads\\\/2025\\\/01\\\/8Hills-Prescription-Diet\u00ae-dd-Duck-Green-Pea-odos-prieziurai.jpg\",\"contentUrl\":\"https:\\\/\\\/anivet.lt\\\/elparduotuve\\\/wp-content\\\/uploads\\\/2025\\\/01\\\/8Hills-Prescription-Diet\u00ae-dd-Duck-Green-Pea-odos-prieziurai.jpg\",\"width\":768,\"height\":768,\"caption\":\"Hill\u2019s Prescription Diet\u00ae d\\\/d Duck & Green Pea odos prie\u017ei\u016brai\"},{\"@type\":\"BreadcrumbList\",\"@id\":\"https:\\\/\\\/anivet.lt\\\/elparduotuve\\\/produktas\\\/hills-prescription-diet-d-d-duck-green-pea-odos-prieziurai\\\/#breadcrumb\",\"itemListElement\":[{\"@type\":\"ListItem\",\"position\":1,\"name\":\"Home\",\"item\":\"https:\\\/\\\/anivet.lt\\\/elparduotuve\\\/\"},{\"@type\":\"ListItem\",\"position\":2,\"name\":\"Produktai\",\"item\":\"https:\\\/\\\/anivet.lt\\\/elparduotuve\\\/produktai\\\/\"},{\"@type\":\"ListItem\",\"position\":3,\"name\":\"Hill\u2019s Prescription Diet\u00ae d\\\/d Duck &#038; Green Pea odos prie\u017ei\u016brai\"}]},{\"@type\":\"WebSite\",\"@id\":\"https:\\\/\\\/anivet.lt\\\/elparduotuve\\\/#website\",\"url\":\"https:\\\/\\\/anivet.lt\\\/elparduotuve\\\/\",\"name\":\"anivet.lt\",\"description\":\"Viskas J\u016bs\u0173 \u0161uns, kat\u0117s prie\u017ei\u016brai\",\"publisher\":{\"@id\":\"https:\\\/\\\/anivet.lt\\\/elparduotuve\\\/#organization\"},\"alternateName\":\"Viskas J\u016bs\u0173 \u0161uns, kat\u0117s prie\u017ei\u016brai\",\"potentialAction\":[{\"@type\":\"SearchAction\",\"target\":{\"@type\":\"EntryPoint\",\"urlTemplate\":\"https:\\\/\\\/anivet.lt\\\/elparduotuve\\\/?s={search_term_string}\"},\"query-input\":{\"@type\":\"PropertyValueSpecification\",\"valueRequired\":true,\"valueName\":\"search_term_string\"}}],\"inLanguage\":\"lt-LT\"},{\"@type\":\"Organization\",\"@id\":\"https:\\\/\\\/anivet.lt\\\/elparduotuve\\\/#organization\",\"name\":\"Viskas J\u016bs\u0173 \u0161uns, kat\u0117s prie\u017ei\u016brai\",\"url\":\"https:\\\/\\\/anivet.lt\\\/elparduotuve\\\/\",\"logo\":{\"@type\":\"ImageObject\",\"inLanguage\":\"lt-LT\",\"@id\":\"https:\\\/\\\/anivet.lt\\\/elparduotuve\\\/#\\\/schema\\\/logo\\\/image\\\/\",\"url\":\"https:\\\/\\\/anivet.lt\\\/elparduotuve\\\/wp-content\\\/uploads\\\/2023\\\/06\\\/logo2.jpg\",\"contentUrl\":\"https:\\\/\\\/anivet.lt\\\/elparduotuve\\\/wp-content\\\/uploads\\\/2023\\\/06\\\/logo2.jpg\",\"width\":655,\"height\":194,\"caption\":\"Viskas J\u016bs\u0173 \u0161uns, kat\u0117s prie\u017ei\u016brai\"},\"image\":{\"@id\":\"https:\\\/\\\/anivet.lt\\\/elparduotuve\\\/#\\\/schema\\\/logo\\\/image\\\/\"}}]}<\/script>\n<!-- \/ Yoast SEO Premium plugin. -->","yoast_head_json":{"title":"Hill\u2019s Prescription Diet\u00ae d\/d Duck & Green Pea odos prie\u017ei\u016brai - anivet.lt","description":"Hipoalerginis pa\u0161aras, sukurtas suma\u017einti pa\u0161aro netoleravimo simptomus ir pagerinti odos sveikat\u0105. Naudojant ribot\u0105 skai\u010di\u0173 sudedam\u0173j\u0173 dali\u0173 ir vien\u0105","robots":{"index":"index","follow":"follow","max-snippet":"max-snippet:-1","max-image-preview":"max-image-preview:large","max-video-preview":"max-video-preview:-1"},"canonical":"https:\/\/anivet.lt\/elparduotuve\/produktas\/hills-prescription-diet-d-d-duck-green-pea-odos-prieziurai\/","og_locale":"lt_LT","og_type":"article","og_title":"Hill\u2019s Prescription Diet\u00ae d\/d Duck & Green Pea odos prie\u017ei\u016brai","og_description":"Hipoalerginis pa\u0161aras, sukurtas suma\u017einti pa\u0161aro netoleravimo simptomus ir pagerinti odos sveikat\u0105. Naudojant ribot\u0105 skai\u010di\u0173 sudedam\u0173j\u0173 dali\u0173 ir vien\u0105","og_url":"https:\/\/anivet.lt\/elparduotuve\/produktas\/hills-prescription-diet-d-d-duck-green-pea-odos-prieziurai\/","og_site_name":"anivet.lt","article_modified_time":"2025-08-29T00:20:42+00:00","og_image":[{"width":768,"height":768,"url":"https:\/\/anivet.lt\/elparduotuve\/wp-content\/uploads\/2025\/01\/8Hills-Prescription-Diet\u00ae-dd-Duck-Green-Pea-odos-prieziurai.jpg","type":"image\/jpeg"}],"twitter_card":"summary_large_image","twitter_misc":{"Est. reading time":"1 minut\u0117"},"schema":{"@context":"https:\/\/schema.org","@graph":[{"@type":"WebPage","@id":"https:\/\/anivet.lt\/elparduotuve\/produktas\/hills-prescription-diet-d-d-duck-green-pea-odos-prieziurai\/","url":"https:\/\/anivet.lt\/elparduotuve\/produktas\/hills-prescription-diet-d-d-duck-green-pea-odos-prieziurai\/","name":"Hill\u2019s Prescription Diet\u00ae d\/d Duck & Green Pea odos prie\u017ei\u016brai - anivet.lt","isPartOf":{"@id":"https:\/\/anivet.lt\/elparduotuve\/#website"},"primaryImageOfPage":{"@id":"https:\/\/anivet.lt\/elparduotuve\/produktas\/hills-prescription-diet-d-d-duck-green-pea-odos-prieziurai\/#primaryimage"},"image":{"@id":"https:\/\/anivet.lt\/elparduotuve\/produktas\/hills-prescription-diet-d-d-duck-green-pea-odos-prieziurai\/#primaryimage"},"thumbnailUrl":"https:\/\/anivet.lt\/elparduotuve\/wp-content\/uploads\/2025\/01\/8Hills-Prescription-Diet\u00ae-dd-Duck-Green-Pea-odos-prieziurai.jpg","datePublished":"2025-01-07T12:18:01+00:00","dateModified":"2025-08-29T00:20:42+00:00","description":"Hipoalerginis pa\u0161aras, sukurtas suma\u017einti pa\u0161aro netoleravimo simptomus ir pagerinti odos sveikat\u0105. Naudojant ribot\u0105 skai\u010di\u0173 sudedam\u0173j\u0173 dali\u0173 ir vien\u0105","breadcrumb":{"@id":"https:\/\/anivet.lt\/elparduotuve\/produktas\/hills-prescription-diet-d-d-duck-green-pea-odos-prieziurai\/#breadcrumb"},"inLanguage":"lt-LT","potentialAction":[{"@type":"ReadAction","target":["https:\/\/anivet.lt\/elparduotuve\/produktas\/hills-prescription-diet-d-d-duck-green-pea-odos-prieziurai\/"]}]},{"@type":"ImageObject","inLanguage":"lt-LT","@id":"https:\/\/anivet.lt\/elparduotuve\/produktas\/hills-prescription-diet-d-d-duck-green-pea-odos-prieziurai\/#primaryimage","url":"https:\/\/anivet.lt\/elparduotuve\/wp-content\/uploads\/2025\/01\/8Hills-Prescription-Diet\u00ae-dd-Duck-Green-Pea-odos-prieziurai.jpg","contentUrl":"https:\/\/anivet.lt\/elparduotuve\/wp-content\/uploads\/2025\/01\/8Hills-Prescription-Diet\u00ae-dd-Duck-Green-Pea-odos-prieziurai.jpg","width":768,"height":768,"caption":"Hill\u2019s Prescription Diet\u00ae d\/d Duck & Green Pea odos prie\u017ei\u016brai"},{"@type":"BreadcrumbList","@id":"https:\/\/anivet.lt\/elparduotuve\/produktas\/hills-prescription-diet-d-d-duck-green-pea-odos-prieziurai\/#breadcrumb","itemListElement":[{"@type":"ListItem","position":1,"name":"Home","item":"https:\/\/anivet.lt\/elparduotuve\/"},{"@type":"ListItem","position":2,"name":"Produktai","item":"https:\/\/anivet.lt\/elparduotuve\/produktai\/"},{"@type":"ListItem","position":3,"name":"Hill\u2019s Prescription Diet\u00ae d\/d Duck &#038; Green Pea odos prie\u017ei\u016brai"}]},{"@type":"WebSite","@id":"https:\/\/anivet.lt\/elparduotuve\/#website","url":"https:\/\/anivet.lt\/elparduotuve\/","name":"anivet.lt","description":"Viskas J\u016bs\u0173 \u0161uns, kat\u0117s prie\u017ei\u016brai","publisher":{"@id":"https:\/\/anivet.lt\/elparduotuve\/#organization"},"alternateName":"Viskas J\u016bs\u0173 \u0161uns, kat\u0117s prie\u017ei\u016brai","potentialAction":[{"@type":"SearchAction","target":{"@type":"EntryPoint","urlTemplate":"https:\/\/anivet.lt\/elparduotuve\/?s={search_term_string}"},"query-input":{"@type":"PropertyValueSpecification","valueRequired":true,"valueName":"search_term_string"}}],"inLanguage":"lt-LT"},{"@type":"Organization","@id":"https:\/\/anivet.lt\/elparduotuve\/#organization","name":"Viskas J\u016bs\u0173 \u0161uns, kat\u0117s prie\u017ei\u016brai","url":"https:\/\/anivet.lt\/elparduotuve\/","logo":{"@type":"ImageObject","inLanguage":"lt-LT","@id":"https:\/\/anivet.lt\/elparduotuve\/#\/schema\/logo\/image\/","url":"https:\/\/anivet.lt\/elparduotuve\/wp-content\/uploads\/2023\/06\/logo2.jpg","contentUrl":"https:\/\/anivet.lt\/elparduotuve\/wp-content\/uploads\/2023\/06\/logo2.jpg","width":655,"height":194,"caption":"Viskas J\u016bs\u0173 \u0161uns, kat\u0117s prie\u017ei\u016brai"},"image":{"@id":"https:\/\/anivet.lt\/elparduotuve\/#\/schema\/logo\/image\/"}}]}},"_links":{"self":[{"href":"https:\/\/anivet.lt\/elparduotuve\/wp-json\/wp\/v2\/product\/16023","targetHints":{"allow":["GET"]}}],"collection":[{"href":"https:\/\/anivet.lt\/elparduotuve\/wp-json\/wp\/v2\/product"}],"about":[{"href":"https:\/\/anivet.lt\/elparduotuve\/wp-json\/wp\/v2\/types\/product"}],"wp:featuredmedia":[{"embeddable":true,"href":"https:\/\/anivet.lt\/elparduotuve\/wp-json\/wp\/v2\/media\/16024"}],"wp:attachment":[{"href":"https:\/\/anivet.lt\/elparduotuve\/wp-json\/wp\/v2\/media?parent=16023"}],"wp:term":[{"taxonomy":"product_brand","embeddable":true,"href":"https:\/\/anivet.lt\/elparduotuve\/wp-json\/wp\/v2\/product_brand?post=16023"},{"taxonomy":"product_cat","embeddable":true,"href":"https:\/\/anivet.lt\/elparduotuve\/wp-json\/wp\/v2\/product_cat?post=16023"},{"taxonomy":"product_tag","embeddable":true,"href":"https:\/\/anivet.lt\/elparduotuve\/wp-json\/wp\/v2\/product_tag?post=16023"}],"curies":[{"name":"wp","href":"https:\/\/api.w.org\/{rel}","templated":true}]}}