{"id":16025,"date":"2025-01-07T12:28:56","date_gmt":"2025-01-07T12:28:56","guid":{"rendered":"https:\/\/anivet.lt\/elparduotuve\/?post_type=product&#038;p=16025"},"modified":"2025-08-29T00:20:45","modified_gmt":"2025-08-29T00:20:45","slug":"hills-prescription-diet-z-d-alergijoms-ir-netoleravimui","status":"publish","type":"product","link":"https:\/\/anivet.lt\/elparduotuve\/produktas\/hills-prescription-diet-z-d-alergijoms-ir-netoleravimui\/","title":{"rendered":"Hill\u2019s Prescription Diet\u00ae z\/d alergijoms ir netoleravimui"},"content":{"rendered":"<p>Specialiai sukurtas hipoalerginis pa\u0161aras, skirtas suma\u017einti odos ir vir\u0161kinimo sutrikim\u0173 po\u017eymius, susijusius su pa\u0161aro netoleravimu. Formul\u0117je naudojami hidrolizuoti baltymai ir prebiotin\u0117s skaidulos, kad b\u016bt\u0173 i\u0161vengta nepageidaujam\u0173 reakcij\u0173 \u012f pa\u0161ar\u0105.<\/p>\n<ul>\n<li>Hidrolizuoti baltymai: Labai hidrolizuoti gyv\u016bniniai baltymai suma\u017eina nepageidaujam\u0173 reakcij\u0173 \u012f pa\u0161ar\u0105 rizik\u0105.<\/li>\n<li>Odos apsauga: Didelis Omega-3 (1,03%) ir Omega-6 (4,87%) riebal\u0173 r\u016bg\u0161\u010di\u0173 bei vitamino E kiekis stiprina odos barjer\u0105 ir palaiko jos sveikat\u0105.<\/li>\n<li>Vir\u0161kinimo palaikymas: Prebiotini\u0173 skaidul\u0173 mi\u0161inys padeda gerinti vir\u0161kinim\u0105 ir u\u017etikrina puiki\u0105 i\u0161mat\u0173 kokyb\u0119.<\/li>\n<li>Antioksidant\u0173 apsauga: Vitaminai C, E ir beta karotinas palaiko imunin\u0119 sistem\u0105 ir ma\u017eina oksidacin\u012f stres\u0105.<\/li>\n<li>Suma\u017eina simptomus: Efektyviai ma\u017eina odos nie\u017eul\u012f, vir\u0161kinimo sutrikimus ir alergines reakcijas, susijusias su maisto netoleravimu.<\/li>\n<\/ul>\n<p>\u201eHill\u2019s Prescription Diet\u00ae z\/d\u201d \u2013 patikimas sprendimas kat\u0117ms, ken\u010dian\u010dioms nuo maisto alergij\u0173 ar netoleravimo. Subalansuota formul\u0117 palaiko sveik\u0105 vir\u0161kinim\u0105, apsaugo od\u0105 ir u\u017etikrina ger\u0105 bendr\u0105 savijaut\u0105.<\/p>\n","protected":false},"excerpt":{"rendered":"<p>Specialiai sukurtas hipoalerginis pa\u0161aras, skirtas suma\u017einti odos ir vir\u0161kinimo sutrikim\u0173 po\u017eymius, susijusius su pa\u0161aro netoleravimu. Formul\u0117je naudojami hidrolizuoti baltymai ir<\/p>\n","protected":false},"featured_media":16026,"template":"","meta":[],"product_brand":[],"product_cat":[114,102,118,441],"product_tag":[],"class_list":{"0":"post-16025","1":"product","2":"type-product","3":"status-publish","4":"has-post-thumbnail","6":"product_cat-kaciu-maistas","7":"product_cat-katems","8":"product_cat-veterinarinis-maistas-katems","9":"product_cat-hills-kaciu-maistas","10":"pa_prekinis-zenklas-hills","12":"first","13":"instock","14":"taxable","15":"shipping-taxable","16":"purchasable","17":"product-type-variable"},"yoast_head":"<!-- This site is optimized with the Yoast SEO Premium plugin v27.1 (Yoast SEO v27.3) - https:\/\/yoast.com\/product\/yoast-seo-premium-wordpress\/ -->\n<title>Hill\u2019s Prescription Diet\u00ae z\/d alergijoms ir netoleravimui - anivet.lt<\/title>\n<meta name=\"description\" content=\"Specialiai sukurtas hipoalerginis pa\u0161aras, skirtas suma\u017einti odos ir vir\u0161kinimo sutrikim\u0173 po\u017eymius, susijusius su pa\u0161aro netoleravimu. Formul\u0117je naudojami\" \/>\n<meta name=\"robots\" content=\"index, follow, max-snippet:-1, max-image-preview:large, max-video-preview:-1\" \/>\n<link rel=\"canonical\" href=\"https:\/\/anivet.lt\/elparduotuve\/produktas\/hills-prescription-diet-z-d-alergijoms-ir-netoleravimui\/\" \/>\n<meta property=\"og:locale\" content=\"lt_LT\" \/>\n<meta property=\"og:type\" content=\"article\" \/>\n<meta property=\"og:title\" content=\"Hill\u2019s Prescription Diet\u00ae z\/d alergijoms ir netoleravimui\" \/>\n<meta property=\"og:description\" content=\"Specialiai sukurtas hipoalerginis pa\u0161aras, skirtas suma\u017einti odos ir vir\u0161kinimo sutrikim\u0173 po\u017eymius, susijusius su pa\u0161aro netoleravimu. Formul\u0117je naudojami\" \/>\n<meta property=\"og:url\" content=\"https:\/\/anivet.lt\/elparduotuve\/produktas\/hills-prescription-diet-z-d-alergijoms-ir-netoleravimui\/\" \/>\n<meta property=\"og:site_name\" content=\"anivet.lt\" \/>\n<meta property=\"article:modified_time\" content=\"2025-08-29T00:20:45+00:00\" \/>\n<meta property=\"og:image\" content=\"https:\/\/anivet.lt\/elparduotuve\/wp-content\/uploads\/2025\/01\/9Hills-Prescription-Diet\u00ae-zd-alergijoms-ir-netoleravimui.jpg\" \/>\n\t<meta property=\"og:image:width\" content=\"768\" \/>\n\t<meta property=\"og:image:height\" content=\"768\" \/>\n\t<meta property=\"og:image:type\" content=\"image\/jpeg\" \/>\n<meta name=\"twitter:card\" content=\"summary_large_image\" \/>\n<meta name=\"twitter:label1\" content=\"Est. reading time\" \/>\n\t<meta name=\"twitter:data1\" content=\"1 minut\u0117\" \/>\n<script type=\"application\/ld+json\" class=\"yoast-schema-graph\">{\"@context\":\"https:\\\/\\\/schema.org\",\"@graph\":[{\"@type\":\"WebPage\",\"@id\":\"https:\\\/\\\/anivet.lt\\\/elparduotuve\\\/produktas\\\/hills-prescription-diet-z-d-alergijoms-ir-netoleravimui\\\/\",\"url\":\"https:\\\/\\\/anivet.lt\\\/elparduotuve\\\/produktas\\\/hills-prescription-diet-z-d-alergijoms-ir-netoleravimui\\\/\",\"name\":\"Hill\u2019s Prescription Diet\u00ae z\\\/d alergijoms ir netoleravimui - anivet.lt\",\"isPartOf\":{\"@id\":\"https:\\\/\\\/anivet.lt\\\/elparduotuve\\\/#website\"},\"primaryImageOfPage\":{\"@id\":\"https:\\\/\\\/anivet.lt\\\/elparduotuve\\\/produktas\\\/hills-prescription-diet-z-d-alergijoms-ir-netoleravimui\\\/#primaryimage\"},\"image\":{\"@id\":\"https:\\\/\\\/anivet.lt\\\/elparduotuve\\\/produktas\\\/hills-prescription-diet-z-d-alergijoms-ir-netoleravimui\\\/#primaryimage\"},\"thumbnailUrl\":\"https:\\\/\\\/anivet.lt\\\/elparduotuve\\\/wp-content\\\/uploads\\\/2025\\\/01\\\/9Hills-Prescription-Diet\u00ae-zd-alergijoms-ir-netoleravimui.jpg\",\"datePublished\":\"2025-01-07T12:28:56+00:00\",\"dateModified\":\"2025-08-29T00:20:45+00:00\",\"description\":\"Specialiai sukurtas hipoalerginis pa\u0161aras, skirtas suma\u017einti odos ir vir\u0161kinimo sutrikim\u0173 po\u017eymius, susijusius su pa\u0161aro netoleravimu. Formul\u0117je naudojami\",\"breadcrumb\":{\"@id\":\"https:\\\/\\\/anivet.lt\\\/elparduotuve\\\/produktas\\\/hills-prescription-diet-z-d-alergijoms-ir-netoleravimui\\\/#breadcrumb\"},\"inLanguage\":\"lt-LT\",\"potentialAction\":[{\"@type\":\"ReadAction\",\"target\":[\"https:\\\/\\\/anivet.lt\\\/elparduotuve\\\/produktas\\\/hills-prescription-diet-z-d-alergijoms-ir-netoleravimui\\\/\"]}]},{\"@type\":\"ImageObject\",\"inLanguage\":\"lt-LT\",\"@id\":\"https:\\\/\\\/anivet.lt\\\/elparduotuve\\\/produktas\\\/hills-prescription-diet-z-d-alergijoms-ir-netoleravimui\\\/#primaryimage\",\"url\":\"https:\\\/\\\/anivet.lt\\\/elparduotuve\\\/wp-content\\\/uploads\\\/2025\\\/01\\\/9Hills-Prescription-Diet\u00ae-zd-alergijoms-ir-netoleravimui.jpg\",\"contentUrl\":\"https:\\\/\\\/anivet.lt\\\/elparduotuve\\\/wp-content\\\/uploads\\\/2025\\\/01\\\/9Hills-Prescription-Diet\u00ae-zd-alergijoms-ir-netoleravimui.jpg\",\"width\":768,\"height\":768,\"caption\":\"Hill\u2019s Prescription Diet\u00ae z\\\/d alergijoms ir netoleravimui\"},{\"@type\":\"BreadcrumbList\",\"@id\":\"https:\\\/\\\/anivet.lt\\\/elparduotuve\\\/produktas\\\/hills-prescription-diet-z-d-alergijoms-ir-netoleravimui\\\/#breadcrumb\",\"itemListElement\":[{\"@type\":\"ListItem\",\"position\":1,\"name\":\"Home\",\"item\":\"https:\\\/\\\/anivet.lt\\\/elparduotuve\\\/\"},{\"@type\":\"ListItem\",\"position\":2,\"name\":\"Produktai\",\"item\":\"https:\\\/\\\/anivet.lt\\\/elparduotuve\\\/produktai\\\/\"},{\"@type\":\"ListItem\",\"position\":3,\"name\":\"Hill\u2019s Prescription Diet\u00ae z\\\/d alergijoms ir netoleravimui\"}]},{\"@type\":\"WebSite\",\"@id\":\"https:\\\/\\\/anivet.lt\\\/elparduotuve\\\/#website\",\"url\":\"https:\\\/\\\/anivet.lt\\\/elparduotuve\\\/\",\"name\":\"anivet.lt\",\"description\":\"Viskas J\u016bs\u0173 \u0161uns, kat\u0117s prie\u017ei\u016brai\",\"publisher\":{\"@id\":\"https:\\\/\\\/anivet.lt\\\/elparduotuve\\\/#organization\"},\"alternateName\":\"Viskas J\u016bs\u0173 \u0161uns, kat\u0117s prie\u017ei\u016brai\",\"potentialAction\":[{\"@type\":\"SearchAction\",\"target\":{\"@type\":\"EntryPoint\",\"urlTemplate\":\"https:\\\/\\\/anivet.lt\\\/elparduotuve\\\/?s={search_term_string}\"},\"query-input\":{\"@type\":\"PropertyValueSpecification\",\"valueRequired\":true,\"valueName\":\"search_term_string\"}}],\"inLanguage\":\"lt-LT\"},{\"@type\":\"Organization\",\"@id\":\"https:\\\/\\\/anivet.lt\\\/elparduotuve\\\/#organization\",\"name\":\"Viskas J\u016bs\u0173 \u0161uns, kat\u0117s prie\u017ei\u016brai\",\"url\":\"https:\\\/\\\/anivet.lt\\\/elparduotuve\\\/\",\"logo\":{\"@type\":\"ImageObject\",\"inLanguage\":\"lt-LT\",\"@id\":\"https:\\\/\\\/anivet.lt\\\/elparduotuve\\\/#\\\/schema\\\/logo\\\/image\\\/\",\"url\":\"https:\\\/\\\/anivet.lt\\\/elparduotuve\\\/wp-content\\\/uploads\\\/2023\\\/06\\\/logo2.jpg\",\"contentUrl\":\"https:\\\/\\\/anivet.lt\\\/elparduotuve\\\/wp-content\\\/uploads\\\/2023\\\/06\\\/logo2.jpg\",\"width\":655,\"height\":194,\"caption\":\"Viskas J\u016bs\u0173 \u0161uns, kat\u0117s prie\u017ei\u016brai\"},\"image\":{\"@id\":\"https:\\\/\\\/anivet.lt\\\/elparduotuve\\\/#\\\/schema\\\/logo\\\/image\\\/\"}}]}<\/script>\n<!-- \/ Yoast SEO Premium plugin. -->","yoast_head_json":{"title":"Hill\u2019s Prescription Diet\u00ae z\/d alergijoms ir netoleravimui - anivet.lt","description":"Specialiai sukurtas hipoalerginis pa\u0161aras, skirtas suma\u017einti odos ir vir\u0161kinimo sutrikim\u0173 po\u017eymius, susijusius su pa\u0161aro netoleravimu. Formul\u0117je naudojami","robots":{"index":"index","follow":"follow","max-snippet":"max-snippet:-1","max-image-preview":"max-image-preview:large","max-video-preview":"max-video-preview:-1"},"canonical":"https:\/\/anivet.lt\/elparduotuve\/produktas\/hills-prescription-diet-z-d-alergijoms-ir-netoleravimui\/","og_locale":"lt_LT","og_type":"article","og_title":"Hill\u2019s Prescription Diet\u00ae z\/d alergijoms ir netoleravimui","og_description":"Specialiai sukurtas hipoalerginis pa\u0161aras, skirtas suma\u017einti odos ir vir\u0161kinimo sutrikim\u0173 po\u017eymius, susijusius su pa\u0161aro netoleravimu. Formul\u0117je naudojami","og_url":"https:\/\/anivet.lt\/elparduotuve\/produktas\/hills-prescription-diet-z-d-alergijoms-ir-netoleravimui\/","og_site_name":"anivet.lt","article_modified_time":"2025-08-29T00:20:45+00:00","og_image":[{"width":768,"height":768,"url":"https:\/\/anivet.lt\/elparduotuve\/wp-content\/uploads\/2025\/01\/9Hills-Prescription-Diet\u00ae-zd-alergijoms-ir-netoleravimui.jpg","type":"image\/jpeg"}],"twitter_card":"summary_large_image","twitter_misc":{"Est. reading time":"1 minut\u0117"},"schema":{"@context":"https:\/\/schema.org","@graph":[{"@type":"WebPage","@id":"https:\/\/anivet.lt\/elparduotuve\/produktas\/hills-prescription-diet-z-d-alergijoms-ir-netoleravimui\/","url":"https:\/\/anivet.lt\/elparduotuve\/produktas\/hills-prescription-diet-z-d-alergijoms-ir-netoleravimui\/","name":"Hill\u2019s Prescription Diet\u00ae z\/d alergijoms ir netoleravimui - anivet.lt","isPartOf":{"@id":"https:\/\/anivet.lt\/elparduotuve\/#website"},"primaryImageOfPage":{"@id":"https:\/\/anivet.lt\/elparduotuve\/produktas\/hills-prescription-diet-z-d-alergijoms-ir-netoleravimui\/#primaryimage"},"image":{"@id":"https:\/\/anivet.lt\/elparduotuve\/produktas\/hills-prescription-diet-z-d-alergijoms-ir-netoleravimui\/#primaryimage"},"thumbnailUrl":"https:\/\/anivet.lt\/elparduotuve\/wp-content\/uploads\/2025\/01\/9Hills-Prescription-Diet\u00ae-zd-alergijoms-ir-netoleravimui.jpg","datePublished":"2025-01-07T12:28:56+00:00","dateModified":"2025-08-29T00:20:45+00:00","description":"Specialiai sukurtas hipoalerginis pa\u0161aras, skirtas suma\u017einti odos ir vir\u0161kinimo sutrikim\u0173 po\u017eymius, susijusius su pa\u0161aro netoleravimu. Formul\u0117je naudojami","breadcrumb":{"@id":"https:\/\/anivet.lt\/elparduotuve\/produktas\/hills-prescription-diet-z-d-alergijoms-ir-netoleravimui\/#breadcrumb"},"inLanguage":"lt-LT","potentialAction":[{"@type":"ReadAction","target":["https:\/\/anivet.lt\/elparduotuve\/produktas\/hills-prescription-diet-z-d-alergijoms-ir-netoleravimui\/"]}]},{"@type":"ImageObject","inLanguage":"lt-LT","@id":"https:\/\/anivet.lt\/elparduotuve\/produktas\/hills-prescription-diet-z-d-alergijoms-ir-netoleravimui\/#primaryimage","url":"https:\/\/anivet.lt\/elparduotuve\/wp-content\/uploads\/2025\/01\/9Hills-Prescription-Diet\u00ae-zd-alergijoms-ir-netoleravimui.jpg","contentUrl":"https:\/\/anivet.lt\/elparduotuve\/wp-content\/uploads\/2025\/01\/9Hills-Prescription-Diet\u00ae-zd-alergijoms-ir-netoleravimui.jpg","width":768,"height":768,"caption":"Hill\u2019s Prescription Diet\u00ae z\/d alergijoms ir netoleravimui"},{"@type":"BreadcrumbList","@id":"https:\/\/anivet.lt\/elparduotuve\/produktas\/hills-prescription-diet-z-d-alergijoms-ir-netoleravimui\/#breadcrumb","itemListElement":[{"@type":"ListItem","position":1,"name":"Home","item":"https:\/\/anivet.lt\/elparduotuve\/"},{"@type":"ListItem","position":2,"name":"Produktai","item":"https:\/\/anivet.lt\/elparduotuve\/produktai\/"},{"@type":"ListItem","position":3,"name":"Hill\u2019s Prescription Diet\u00ae z\/d alergijoms ir netoleravimui"}]},{"@type":"WebSite","@id":"https:\/\/anivet.lt\/elparduotuve\/#website","url":"https:\/\/anivet.lt\/elparduotuve\/","name":"anivet.lt","description":"Viskas J\u016bs\u0173 \u0161uns, kat\u0117s prie\u017ei\u016brai","publisher":{"@id":"https:\/\/anivet.lt\/elparduotuve\/#organization"},"alternateName":"Viskas J\u016bs\u0173 \u0161uns, kat\u0117s prie\u017ei\u016brai","potentialAction":[{"@type":"SearchAction","target":{"@type":"EntryPoint","urlTemplate":"https:\/\/anivet.lt\/elparduotuve\/?s={search_term_string}"},"query-input":{"@type":"PropertyValueSpecification","valueRequired":true,"valueName":"search_term_string"}}],"inLanguage":"lt-LT"},{"@type":"Organization","@id":"https:\/\/anivet.lt\/elparduotuve\/#organization","name":"Viskas J\u016bs\u0173 \u0161uns, kat\u0117s prie\u017ei\u016brai","url":"https:\/\/anivet.lt\/elparduotuve\/","logo":{"@type":"ImageObject","inLanguage":"lt-LT","@id":"https:\/\/anivet.lt\/elparduotuve\/#\/schema\/logo\/image\/","url":"https:\/\/anivet.lt\/elparduotuve\/wp-content\/uploads\/2023\/06\/logo2.jpg","contentUrl":"https:\/\/anivet.lt\/elparduotuve\/wp-content\/uploads\/2023\/06\/logo2.jpg","width":655,"height":194,"caption":"Viskas J\u016bs\u0173 \u0161uns, kat\u0117s prie\u017ei\u016brai"},"image":{"@id":"https:\/\/anivet.lt\/elparduotuve\/#\/schema\/logo\/image\/"}}]}},"_links":{"self":[{"href":"https:\/\/anivet.lt\/elparduotuve\/wp-json\/wp\/v2\/product\/16025","targetHints":{"allow":["GET"]}}],"collection":[{"href":"https:\/\/anivet.lt\/elparduotuve\/wp-json\/wp\/v2\/product"}],"about":[{"href":"https:\/\/anivet.lt\/elparduotuve\/wp-json\/wp\/v2\/types\/product"}],"wp:featuredmedia":[{"embeddable":true,"href":"https:\/\/anivet.lt\/elparduotuve\/wp-json\/wp\/v2\/media\/16026"}],"wp:attachment":[{"href":"https:\/\/anivet.lt\/elparduotuve\/wp-json\/wp\/v2\/media?parent=16025"}],"wp:term":[{"taxonomy":"product_brand","embeddable":true,"href":"https:\/\/anivet.lt\/elparduotuve\/wp-json\/wp\/v2\/product_brand?post=16025"},{"taxonomy":"product_cat","embeddable":true,"href":"https:\/\/anivet.lt\/elparduotuve\/wp-json\/wp\/v2\/product_cat?post=16025"},{"taxonomy":"product_tag","embeddable":true,"href":"https:\/\/anivet.lt\/elparduotuve\/wp-json\/wp\/v2\/product_tag?post=16025"}],"curies":[{"name":"wp","href":"https:\/\/api.w.org\/{rel}","templated":true}]}}