{"id":16029,"date":"2025-01-07T13:23:46","date_gmt":"2025-01-07T13:23:46","guid":{"rendered":"https:\/\/anivet.lt\/elparduotuve\/?post_type=product&#038;p=16029"},"modified":"2025-09-16T08:45:21","modified_gmt":"2025-09-16T08:45:21","slug":"hills-prescription-diet-y-d-skydliaukes-prieziurai","status":"publish","type":"product","link":"https:\/\/anivet.lt\/elparduotuve\/produktas\/hills-prescription-diet-y-d-skydliaukes-prieziurai\/","title":{"rendered":"Hill\u2019s Prescription Diet\u00ae y\/d skydliauk\u0117s prie\u017ei\u016brai"},"content":{"rendered":"<p>Specialiai sukurtas pa\u0161aras padeda palaikyti skydliauk\u0117s sveikat\u0105 hipertiroidizmu sergan\u010dioms kat\u0117ms, suma\u017eindamas jodo kiek\u012f mityboje. Formul\u0117 taip pat palaiko inkst\u0173 ir \u0161irdies veikl\u0105 bei padeda i\u0161laikyti lies\u0105j\u0105 raumen\u0173 mas\u0119.<\/p>\n<ul>\n<li>Ma\u017eesnis jodo kiekis: Suma\u017eina jodo suvartojim\u0105, kas padeda kontroliuoti skydliauk\u0117s funkcij\u0105.<\/li>\n<li>Inkst\u0173 ir \u0161irdies palaikymas: Kontroliuojamas fosforo (0,68%) ir natrio (0,25%) kiekis ma\u017eina inkst\u0173 ir \u0161irdies apkrov\u0105.<\/li>\n<li>Omega-3 riebal\u0173 r\u016bg\u0161tys: \u017duv\u0173 tauk\u0173 \u0161altinis padeda palaikyti \u0161irdies bei kraujotakos sveikat\u0105.<\/li>\n<li>L-karnitinas: Skatina riebal\u0173 apykait\u0105 ir padeda i\u0161laikyti lies\u0105j\u0105 raumen\u0173 mas\u0119.<\/li>\n<li>S+OXSHIELD formul\u0117: Suma\u017eina struvitini\u0173 ir kalcio oksalato akmen\u0173 formavimosi rizik\u0105, palaikant \u0161lapimo sistemos sveikat\u0105.<\/li>\n<\/ul>\n<p>\u201eHill\u2019s Prescription Diet\u00ae y\/d\u201d \u2013 tai paprastas ir efektyvus sprendimas skydliauk\u0117s funkcijos reguliavimui hipertiroidizmo atveju. Pa\u0161aras taip pat palaiko bendr\u0105 ka\u010di\u0173 sveikat\u0105, u\u017etikrina optimal\u0173 mitybos balans\u0105 ir suteikia visus b\u016btinus mikroelementus ilgalaikiam naudojimui.<\/p>\n","protected":false},"excerpt":{"rendered":"<p>Specialiai sukurtas pa\u0161aras padeda palaikyti skydliauk\u0117s sveikat\u0105 hipertiroidizmu sergan\u010dioms kat\u0117ms, suma\u017eindamas jodo kiek\u012f mityboje. Formul\u0117 taip pat palaiko inkst\u0173 ir<\/p>\n","protected":false},"featured_media":16030,"template":"","meta":[],"product_brand":[],"product_cat":[114,102,118,441],"product_tag":[],"class_list":{"0":"post-16029","1":"product","2":"type-product","3":"status-publish","4":"has-post-thumbnail","6":"product_cat-kaciu-maistas","7":"product_cat-katems","8":"product_cat-veterinarinis-maistas-katems","9":"product_cat-hills-kaciu-maistas","10":"pa_prekinis-zenklas-hills","12":"first","13":"instock","14":"taxable","15":"shipping-taxable","16":"purchasable","17":"product-type-simple"},"yoast_head":"<!-- This site is optimized with the Yoast SEO Premium plugin v27.1 (Yoast SEO v27.3) - https:\/\/yoast.com\/product\/yoast-seo-premium-wordpress\/ -->\n<title>Hill\u2019s Prescription Diet\u00ae y\/d skydliauk\u0117s prie\u017ei\u016brai - anivet.lt<\/title>\n<meta name=\"description\" content=\"Specialiai sukurtas pa\u0161aras padeda palaikyti skydliauk\u0117s sveikat\u0105 hipertiroidizmu sergan\u010dioms kat\u0117ms, suma\u017eindamas jodo kiek\u012f mityboje. Formul\u0117 taip pat\" \/>\n<meta name=\"robots\" content=\"index, follow, max-snippet:-1, max-image-preview:large, max-video-preview:-1\" \/>\n<link rel=\"canonical\" href=\"https:\/\/anivet.lt\/elparduotuve\/produktas\/hills-prescription-diet-y-d-skydliaukes-prieziurai\/\" \/>\n<meta property=\"og:locale\" content=\"lt_LT\" \/>\n<meta property=\"og:type\" content=\"article\" \/>\n<meta property=\"og:title\" content=\"Hill\u2019s Prescription Diet\u00ae y\/d skydliauk\u0117s prie\u017ei\u016brai\" \/>\n<meta property=\"og:description\" content=\"Specialiai sukurtas pa\u0161aras padeda palaikyti skydliauk\u0117s sveikat\u0105 hipertiroidizmu sergan\u010dioms kat\u0117ms, suma\u017eindamas jodo kiek\u012f mityboje. Formul\u0117 taip pat\" \/>\n<meta property=\"og:url\" content=\"https:\/\/anivet.lt\/elparduotuve\/produktas\/hills-prescription-diet-y-d-skydliaukes-prieziurai\/\" \/>\n<meta property=\"og:site_name\" content=\"anivet.lt\" \/>\n<meta property=\"article:modified_time\" content=\"2025-09-16T08:45:21+00:00\" \/>\n<meta property=\"og:image\" content=\"https:\/\/anivet.lt\/elparduotuve\/wp-content\/uploads\/2025\/01\/10Hills-Prescription-Diet\u00ae-yd-skydliaukes-prieziurai.jpg\" \/>\n\t<meta property=\"og:image:width\" content=\"768\" \/>\n\t<meta property=\"og:image:height\" content=\"768\" \/>\n\t<meta property=\"og:image:type\" content=\"image\/jpeg\" \/>\n<meta name=\"twitter:card\" content=\"summary_large_image\" \/>\n<meta name=\"twitter:label1\" content=\"Est. reading time\" \/>\n\t<meta name=\"twitter:data1\" content=\"1 minut\u0117\" \/>\n<script type=\"application\/ld+json\" class=\"yoast-schema-graph\">{\"@context\":\"https:\\\/\\\/schema.org\",\"@graph\":[{\"@type\":\"WebPage\",\"@id\":\"https:\\\/\\\/anivet.lt\\\/elparduotuve\\\/produktas\\\/hills-prescription-diet-y-d-skydliaukes-prieziurai\\\/\",\"url\":\"https:\\\/\\\/anivet.lt\\\/elparduotuve\\\/produktas\\\/hills-prescription-diet-y-d-skydliaukes-prieziurai\\\/\",\"name\":\"Hill\u2019s Prescription Diet\u00ae y\\\/d skydliauk\u0117s prie\u017ei\u016brai - anivet.lt\",\"isPartOf\":{\"@id\":\"https:\\\/\\\/anivet.lt\\\/elparduotuve\\\/#website\"},\"primaryImageOfPage\":{\"@id\":\"https:\\\/\\\/anivet.lt\\\/elparduotuve\\\/produktas\\\/hills-prescription-diet-y-d-skydliaukes-prieziurai\\\/#primaryimage\"},\"image\":{\"@id\":\"https:\\\/\\\/anivet.lt\\\/elparduotuve\\\/produktas\\\/hills-prescription-diet-y-d-skydliaukes-prieziurai\\\/#primaryimage\"},\"thumbnailUrl\":\"https:\\\/\\\/anivet.lt\\\/elparduotuve\\\/wp-content\\\/uploads\\\/2025\\\/01\\\/10Hills-Prescription-Diet\u00ae-yd-skydliaukes-prieziurai.jpg\",\"datePublished\":\"2025-01-07T13:23:46+00:00\",\"dateModified\":\"2025-09-16T08:45:21+00:00\",\"description\":\"Specialiai sukurtas pa\u0161aras padeda palaikyti skydliauk\u0117s sveikat\u0105 hipertiroidizmu sergan\u010dioms kat\u0117ms, suma\u017eindamas jodo kiek\u012f mityboje. Formul\u0117 taip pat\",\"breadcrumb\":{\"@id\":\"https:\\\/\\\/anivet.lt\\\/elparduotuve\\\/produktas\\\/hills-prescription-diet-y-d-skydliaukes-prieziurai\\\/#breadcrumb\"},\"inLanguage\":\"lt-LT\",\"potentialAction\":[{\"@type\":\"ReadAction\",\"target\":[\"https:\\\/\\\/anivet.lt\\\/elparduotuve\\\/produktas\\\/hills-prescription-diet-y-d-skydliaukes-prieziurai\\\/\"]}]},{\"@type\":\"ImageObject\",\"inLanguage\":\"lt-LT\",\"@id\":\"https:\\\/\\\/anivet.lt\\\/elparduotuve\\\/produktas\\\/hills-prescription-diet-y-d-skydliaukes-prieziurai\\\/#primaryimage\",\"url\":\"https:\\\/\\\/anivet.lt\\\/elparduotuve\\\/wp-content\\\/uploads\\\/2025\\\/01\\\/10Hills-Prescription-Diet\u00ae-yd-skydliaukes-prieziurai.jpg\",\"contentUrl\":\"https:\\\/\\\/anivet.lt\\\/elparduotuve\\\/wp-content\\\/uploads\\\/2025\\\/01\\\/10Hills-Prescription-Diet\u00ae-yd-skydliaukes-prieziurai.jpg\",\"width\":768,\"height\":768,\"caption\":\"Hill\u2019s Prescription Diet\u00ae y\\\/d skydliauk\u0117s prie\u017ei\u016brai\"},{\"@type\":\"BreadcrumbList\",\"@id\":\"https:\\\/\\\/anivet.lt\\\/elparduotuve\\\/produktas\\\/hills-prescription-diet-y-d-skydliaukes-prieziurai\\\/#breadcrumb\",\"itemListElement\":[{\"@type\":\"ListItem\",\"position\":1,\"name\":\"Home\",\"item\":\"https:\\\/\\\/anivet.lt\\\/elparduotuve\\\/\"},{\"@type\":\"ListItem\",\"position\":2,\"name\":\"Produktai\",\"item\":\"https:\\\/\\\/anivet.lt\\\/elparduotuve\\\/produktai\\\/\"},{\"@type\":\"ListItem\",\"position\":3,\"name\":\"Hill\u2019s Prescription Diet\u00ae y\\\/d skydliauk\u0117s prie\u017ei\u016brai\"}]},{\"@type\":\"WebSite\",\"@id\":\"https:\\\/\\\/anivet.lt\\\/elparduotuve\\\/#website\",\"url\":\"https:\\\/\\\/anivet.lt\\\/elparduotuve\\\/\",\"name\":\"anivet.lt\",\"description\":\"Viskas J\u016bs\u0173 \u0161uns, kat\u0117s prie\u017ei\u016brai\",\"publisher\":{\"@id\":\"https:\\\/\\\/anivet.lt\\\/elparduotuve\\\/#organization\"},\"alternateName\":\"Viskas J\u016bs\u0173 \u0161uns, kat\u0117s prie\u017ei\u016brai\",\"potentialAction\":[{\"@type\":\"SearchAction\",\"target\":{\"@type\":\"EntryPoint\",\"urlTemplate\":\"https:\\\/\\\/anivet.lt\\\/elparduotuve\\\/?s={search_term_string}\"},\"query-input\":{\"@type\":\"PropertyValueSpecification\",\"valueRequired\":true,\"valueName\":\"search_term_string\"}}],\"inLanguage\":\"lt-LT\"},{\"@type\":\"Organization\",\"@id\":\"https:\\\/\\\/anivet.lt\\\/elparduotuve\\\/#organization\",\"name\":\"Viskas J\u016bs\u0173 \u0161uns, kat\u0117s prie\u017ei\u016brai\",\"url\":\"https:\\\/\\\/anivet.lt\\\/elparduotuve\\\/\",\"logo\":{\"@type\":\"ImageObject\",\"inLanguage\":\"lt-LT\",\"@id\":\"https:\\\/\\\/anivet.lt\\\/elparduotuve\\\/#\\\/schema\\\/logo\\\/image\\\/\",\"url\":\"https:\\\/\\\/anivet.lt\\\/elparduotuve\\\/wp-content\\\/uploads\\\/2023\\\/06\\\/logo2.jpg\",\"contentUrl\":\"https:\\\/\\\/anivet.lt\\\/elparduotuve\\\/wp-content\\\/uploads\\\/2023\\\/06\\\/logo2.jpg\",\"width\":655,\"height\":194,\"caption\":\"Viskas J\u016bs\u0173 \u0161uns, kat\u0117s prie\u017ei\u016brai\"},\"image\":{\"@id\":\"https:\\\/\\\/anivet.lt\\\/elparduotuve\\\/#\\\/schema\\\/logo\\\/image\\\/\"}}]}<\/script>\n<!-- \/ Yoast SEO Premium plugin. -->","yoast_head_json":{"title":"Hill\u2019s Prescription Diet\u00ae y\/d skydliauk\u0117s prie\u017ei\u016brai - anivet.lt","description":"Specialiai sukurtas pa\u0161aras padeda palaikyti skydliauk\u0117s sveikat\u0105 hipertiroidizmu sergan\u010dioms kat\u0117ms, suma\u017eindamas jodo kiek\u012f mityboje. Formul\u0117 taip pat","robots":{"index":"index","follow":"follow","max-snippet":"max-snippet:-1","max-image-preview":"max-image-preview:large","max-video-preview":"max-video-preview:-1"},"canonical":"https:\/\/anivet.lt\/elparduotuve\/produktas\/hills-prescription-diet-y-d-skydliaukes-prieziurai\/","og_locale":"lt_LT","og_type":"article","og_title":"Hill\u2019s Prescription Diet\u00ae y\/d skydliauk\u0117s prie\u017ei\u016brai","og_description":"Specialiai sukurtas pa\u0161aras padeda palaikyti skydliauk\u0117s sveikat\u0105 hipertiroidizmu sergan\u010dioms kat\u0117ms, suma\u017eindamas jodo kiek\u012f mityboje. Formul\u0117 taip pat","og_url":"https:\/\/anivet.lt\/elparduotuve\/produktas\/hills-prescription-diet-y-d-skydliaukes-prieziurai\/","og_site_name":"anivet.lt","article_modified_time":"2025-09-16T08:45:21+00:00","og_image":[{"width":768,"height":768,"url":"https:\/\/anivet.lt\/elparduotuve\/wp-content\/uploads\/2025\/01\/10Hills-Prescription-Diet\u00ae-yd-skydliaukes-prieziurai.jpg","type":"image\/jpeg"}],"twitter_card":"summary_large_image","twitter_misc":{"Est. reading time":"1 minut\u0117"},"schema":{"@context":"https:\/\/schema.org","@graph":[{"@type":"WebPage","@id":"https:\/\/anivet.lt\/elparduotuve\/produktas\/hills-prescription-diet-y-d-skydliaukes-prieziurai\/","url":"https:\/\/anivet.lt\/elparduotuve\/produktas\/hills-prescription-diet-y-d-skydliaukes-prieziurai\/","name":"Hill\u2019s Prescription Diet\u00ae y\/d skydliauk\u0117s prie\u017ei\u016brai - anivet.lt","isPartOf":{"@id":"https:\/\/anivet.lt\/elparduotuve\/#website"},"primaryImageOfPage":{"@id":"https:\/\/anivet.lt\/elparduotuve\/produktas\/hills-prescription-diet-y-d-skydliaukes-prieziurai\/#primaryimage"},"image":{"@id":"https:\/\/anivet.lt\/elparduotuve\/produktas\/hills-prescription-diet-y-d-skydliaukes-prieziurai\/#primaryimage"},"thumbnailUrl":"https:\/\/anivet.lt\/elparduotuve\/wp-content\/uploads\/2025\/01\/10Hills-Prescription-Diet\u00ae-yd-skydliaukes-prieziurai.jpg","datePublished":"2025-01-07T13:23:46+00:00","dateModified":"2025-09-16T08:45:21+00:00","description":"Specialiai sukurtas pa\u0161aras padeda palaikyti skydliauk\u0117s sveikat\u0105 hipertiroidizmu sergan\u010dioms kat\u0117ms, suma\u017eindamas jodo kiek\u012f mityboje. Formul\u0117 taip pat","breadcrumb":{"@id":"https:\/\/anivet.lt\/elparduotuve\/produktas\/hills-prescription-diet-y-d-skydliaukes-prieziurai\/#breadcrumb"},"inLanguage":"lt-LT","potentialAction":[{"@type":"ReadAction","target":["https:\/\/anivet.lt\/elparduotuve\/produktas\/hills-prescription-diet-y-d-skydliaukes-prieziurai\/"]}]},{"@type":"ImageObject","inLanguage":"lt-LT","@id":"https:\/\/anivet.lt\/elparduotuve\/produktas\/hills-prescription-diet-y-d-skydliaukes-prieziurai\/#primaryimage","url":"https:\/\/anivet.lt\/elparduotuve\/wp-content\/uploads\/2025\/01\/10Hills-Prescription-Diet\u00ae-yd-skydliaukes-prieziurai.jpg","contentUrl":"https:\/\/anivet.lt\/elparduotuve\/wp-content\/uploads\/2025\/01\/10Hills-Prescription-Diet\u00ae-yd-skydliaukes-prieziurai.jpg","width":768,"height":768,"caption":"Hill\u2019s Prescription Diet\u00ae y\/d skydliauk\u0117s prie\u017ei\u016brai"},{"@type":"BreadcrumbList","@id":"https:\/\/anivet.lt\/elparduotuve\/produktas\/hills-prescription-diet-y-d-skydliaukes-prieziurai\/#breadcrumb","itemListElement":[{"@type":"ListItem","position":1,"name":"Home","item":"https:\/\/anivet.lt\/elparduotuve\/"},{"@type":"ListItem","position":2,"name":"Produktai","item":"https:\/\/anivet.lt\/elparduotuve\/produktai\/"},{"@type":"ListItem","position":3,"name":"Hill\u2019s Prescription Diet\u00ae y\/d skydliauk\u0117s prie\u017ei\u016brai"}]},{"@type":"WebSite","@id":"https:\/\/anivet.lt\/elparduotuve\/#website","url":"https:\/\/anivet.lt\/elparduotuve\/","name":"anivet.lt","description":"Viskas J\u016bs\u0173 \u0161uns, kat\u0117s prie\u017ei\u016brai","publisher":{"@id":"https:\/\/anivet.lt\/elparduotuve\/#organization"},"alternateName":"Viskas J\u016bs\u0173 \u0161uns, kat\u0117s prie\u017ei\u016brai","potentialAction":[{"@type":"SearchAction","target":{"@type":"EntryPoint","urlTemplate":"https:\/\/anivet.lt\/elparduotuve\/?s={search_term_string}"},"query-input":{"@type":"PropertyValueSpecification","valueRequired":true,"valueName":"search_term_string"}}],"inLanguage":"lt-LT"},{"@type":"Organization","@id":"https:\/\/anivet.lt\/elparduotuve\/#organization","name":"Viskas J\u016bs\u0173 \u0161uns, kat\u0117s prie\u017ei\u016brai","url":"https:\/\/anivet.lt\/elparduotuve\/","logo":{"@type":"ImageObject","inLanguage":"lt-LT","@id":"https:\/\/anivet.lt\/elparduotuve\/#\/schema\/logo\/image\/","url":"https:\/\/anivet.lt\/elparduotuve\/wp-content\/uploads\/2023\/06\/logo2.jpg","contentUrl":"https:\/\/anivet.lt\/elparduotuve\/wp-content\/uploads\/2023\/06\/logo2.jpg","width":655,"height":194,"caption":"Viskas J\u016bs\u0173 \u0161uns, kat\u0117s prie\u017ei\u016brai"},"image":{"@id":"https:\/\/anivet.lt\/elparduotuve\/#\/schema\/logo\/image\/"}}]}},"_links":{"self":[{"href":"https:\/\/anivet.lt\/elparduotuve\/wp-json\/wp\/v2\/product\/16029","targetHints":{"allow":["GET"]}}],"collection":[{"href":"https:\/\/anivet.lt\/elparduotuve\/wp-json\/wp\/v2\/product"}],"about":[{"href":"https:\/\/anivet.lt\/elparduotuve\/wp-json\/wp\/v2\/types\/product"}],"wp:featuredmedia":[{"embeddable":true,"href":"https:\/\/anivet.lt\/elparduotuve\/wp-json\/wp\/v2\/media\/16030"}],"wp:attachment":[{"href":"https:\/\/anivet.lt\/elparduotuve\/wp-json\/wp\/v2\/media?parent=16029"}],"wp:term":[{"taxonomy":"product_brand","embeddable":true,"href":"https:\/\/anivet.lt\/elparduotuve\/wp-json\/wp\/v2\/product_brand?post=16029"},{"taxonomy":"product_cat","embeddable":true,"href":"https:\/\/anivet.lt\/elparduotuve\/wp-json\/wp\/v2\/product_cat?post=16029"},{"taxonomy":"product_tag","embeddable":true,"href":"https:\/\/anivet.lt\/elparduotuve\/wp-json\/wp\/v2\/product_tag?post=16029"}],"curies":[{"name":"wp","href":"https:\/\/api.w.org\/{rel}","templated":true}]}}