{"id":16031,"date":"2025-01-07T13:36:11","date_gmt":"2025-01-07T13:36:11","guid":{"rendered":"https:\/\/anivet.lt\/elparduotuve\/?post_type=product&#038;p=16031"},"modified":"2025-10-31T09:42:43","modified_gmt":"2025-10-31T09:42:43","slug":"hills-prescription-diet-metabolic-svorio-reguliavimui","status":"publish","type":"product","link":"https:\/\/anivet.lt\/elparduotuve\/produktas\/hills-prescription-diet-metabolic-svorio-reguliavimui\/","title":{"rendered":"Hill\u2019s Prescription Diet\u00ae  Metabolic svorio reguliavimui"},"content":{"rendered":"<p>\u0160is dietinis pa\u0161aras sukurtas kat\u0117ms, turin\u010dioms antsvorio, padeda veiksmingai suma\u017einti svor\u012f ir palaikyti ideal\u0173 k\u016bno svor\u012f ilgalaik\u0117je perspektyvoje. Klinikiniais tyrimais patvirtinta, kad 88% namuose gyvenan\u010di\u0173 ka\u010di\u0173 numet\u0117 svorio reguliariai naudojant \u0161\u012f pa\u0161ar\u0105.<\/p>\n<ul>\n<li>Unikali energijos apykaitos kontrol\u0117: Nat\u016braliai reguliuoja kat\u0117s med\u017eiag\u0173 apykait\u0105, skatindamas riebal\u0173 deginim\u0105.<\/li>\n<li>Ilgalaikis sotumas: Specialus skaidul\u0173 mi\u0161inys padeda katei ilgiau jaustis so\u010diai ir ma\u017eina persivalgymo rizik\u0105.<\/li>\n<li>Lengvas svorio metimas: Kat\u0117s liekn\u0117ja palaipsniui ir efektyviai be drasti\u0161ko porcij\u0173 ma\u017einimo.<\/li>\n<li>Energijos palaikymas: Palaiko aktyvum\u0105 ir \u017eaidim\u0173 energij\u0105, skatindamas sveik\u0105 gyvenimo b\u016bd\u0105.<\/li>\n<li>S+OXSHIELD formul\u0117: Ma\u017eina struvitini\u0173 ir kalcio oksalato akmen\u0173 susidarymo rizik\u0105, palaikant \u0161lapimo sistemos sveikat\u0105.<\/li>\n<\/ul>\n<p>\u201eHill\u2019s Prescription Diet\u00ae Metabolic\u201d \u2013 patikimas ir moksli\u0161kai pagr\u012fstas sprendimas antsvorio ma\u017einimui bei sveiko svorio palaikymui. Subalansuota formul\u0117 u\u017etikrina ilgalaikius rezultatus, padeda j\u016bs\u0173 katei gyventi ilgiau, aktyviau ir sveikiau.<\/p>\n","protected":false},"excerpt":{"rendered":"<p>\u0160is dietinis pa\u0161aras sukurtas kat\u0117ms, turin\u010dioms antsvorio, padeda veiksmingai suma\u017einti svor\u012f ir palaikyti ideal\u0173 k\u016bno svor\u012f ilgalaik\u0117je perspektyvoje. Klinikiniais tyrimais<\/p>\n","protected":false},"featured_media":16032,"template":"","meta":[],"product_brand":[],"product_cat":[114,102,118,441],"product_tag":[],"class_list":{"0":"post-16031","1":"product","2":"type-product","3":"status-publish","4":"has-post-thumbnail","6":"product_cat-kaciu-maistas","7":"product_cat-katems","8":"product_cat-veterinarinis-maistas-katems","9":"product_cat-hills-kaciu-maistas","10":"pa_prekinis-zenklas-hills","12":"first","13":"instock","14":"taxable","15":"shipping-taxable","16":"purchasable","17":"product-type-variable"},"yoast_head":"<!-- This site is optimized with the Yoast SEO Premium plugin v27.1 (Yoast SEO v27.3) - https:\/\/yoast.com\/product\/yoast-seo-premium-wordpress\/ -->\n<title>Hill\u2019s Prescription Diet\u00ae Metabolic svorio reguliavimui - anivet.lt<\/title>\n<meta name=\"description\" content=\"\u0160is dietinis pa\u0161aras sukurtas kat\u0117ms, turin\u010dioms antsvorio, padeda veiksmingai suma\u017einti svor\u012f ir palaikyti ideal\u0173 k\u016bno svor\u012f ilgalaik\u0117je perspektyvoje.\" \/>\n<meta name=\"robots\" content=\"index, follow, max-snippet:-1, max-image-preview:large, max-video-preview:-1\" \/>\n<link rel=\"canonical\" href=\"https:\/\/anivet.lt\/elparduotuve\/produktas\/hills-prescription-diet-metabolic-svorio-reguliavimui\/\" \/>\n<meta property=\"og:locale\" content=\"lt_LT\" \/>\n<meta property=\"og:type\" content=\"article\" \/>\n<meta property=\"og:title\" content=\"Hill\u2019s Prescription Diet\u00ae Metabolic svorio reguliavimui\" \/>\n<meta property=\"og:description\" content=\"\u0160is dietinis pa\u0161aras sukurtas kat\u0117ms, turin\u010dioms antsvorio, padeda veiksmingai suma\u017einti svor\u012f ir palaikyti ideal\u0173 k\u016bno svor\u012f ilgalaik\u0117je perspektyvoje.\" \/>\n<meta property=\"og:url\" content=\"https:\/\/anivet.lt\/elparduotuve\/produktas\/hills-prescription-diet-metabolic-svorio-reguliavimui\/\" \/>\n<meta property=\"og:site_name\" content=\"anivet.lt\" \/>\n<meta property=\"article:modified_time\" content=\"2025-10-31T09:42:43+00:00\" \/>\n<meta property=\"og:image\" content=\"https:\/\/anivet.lt\/elparduotuve\/wp-content\/uploads\/2025\/01\/11Hills-Prescription-Diet\u00ae-Metabolic-svorio-reguliavimui.jpg\" \/>\n\t<meta property=\"og:image:width\" content=\"768\" \/>\n\t<meta property=\"og:image:height\" content=\"768\" \/>\n\t<meta property=\"og:image:type\" content=\"image\/jpeg\" \/>\n<meta name=\"twitter:card\" content=\"summary_large_image\" \/>\n<meta name=\"twitter:label1\" content=\"Est. reading time\" \/>\n\t<meta name=\"twitter:data1\" content=\"1 minut\u0117\" \/>\n<script type=\"application\/ld+json\" class=\"yoast-schema-graph\">{\"@context\":\"https:\\\/\\\/schema.org\",\"@graph\":[{\"@type\":\"WebPage\",\"@id\":\"https:\\\/\\\/anivet.lt\\\/elparduotuve\\\/produktas\\\/hills-prescription-diet-metabolic-svorio-reguliavimui\\\/\",\"url\":\"https:\\\/\\\/anivet.lt\\\/elparduotuve\\\/produktas\\\/hills-prescription-diet-metabolic-svorio-reguliavimui\\\/\",\"name\":\"Hill\u2019s Prescription Diet\u00ae Metabolic svorio reguliavimui - anivet.lt\",\"isPartOf\":{\"@id\":\"https:\\\/\\\/anivet.lt\\\/elparduotuve\\\/#website\"},\"primaryImageOfPage\":{\"@id\":\"https:\\\/\\\/anivet.lt\\\/elparduotuve\\\/produktas\\\/hills-prescription-diet-metabolic-svorio-reguliavimui\\\/#primaryimage\"},\"image\":{\"@id\":\"https:\\\/\\\/anivet.lt\\\/elparduotuve\\\/produktas\\\/hills-prescription-diet-metabolic-svorio-reguliavimui\\\/#primaryimage\"},\"thumbnailUrl\":\"https:\\\/\\\/anivet.lt\\\/elparduotuve\\\/wp-content\\\/uploads\\\/2025\\\/01\\\/11Hills-Prescription-Diet\u00ae-Metabolic-svorio-reguliavimui.jpg\",\"datePublished\":\"2025-01-07T13:36:11+00:00\",\"dateModified\":\"2025-10-31T09:42:43+00:00\",\"description\":\"\u0160is dietinis pa\u0161aras sukurtas kat\u0117ms, turin\u010dioms antsvorio, padeda veiksmingai suma\u017einti svor\u012f ir palaikyti ideal\u0173 k\u016bno svor\u012f ilgalaik\u0117je perspektyvoje.\",\"breadcrumb\":{\"@id\":\"https:\\\/\\\/anivet.lt\\\/elparduotuve\\\/produktas\\\/hills-prescription-diet-metabolic-svorio-reguliavimui\\\/#breadcrumb\"},\"inLanguage\":\"lt-LT\",\"potentialAction\":[{\"@type\":\"ReadAction\",\"target\":[\"https:\\\/\\\/anivet.lt\\\/elparduotuve\\\/produktas\\\/hills-prescription-diet-metabolic-svorio-reguliavimui\\\/\"]}]},{\"@type\":\"ImageObject\",\"inLanguage\":\"lt-LT\",\"@id\":\"https:\\\/\\\/anivet.lt\\\/elparduotuve\\\/produktas\\\/hills-prescription-diet-metabolic-svorio-reguliavimui\\\/#primaryimage\",\"url\":\"https:\\\/\\\/anivet.lt\\\/elparduotuve\\\/wp-content\\\/uploads\\\/2025\\\/01\\\/11Hills-Prescription-Diet\u00ae-Metabolic-svorio-reguliavimui.jpg\",\"contentUrl\":\"https:\\\/\\\/anivet.lt\\\/elparduotuve\\\/wp-content\\\/uploads\\\/2025\\\/01\\\/11Hills-Prescription-Diet\u00ae-Metabolic-svorio-reguliavimui.jpg\",\"width\":768,\"height\":768,\"caption\":\"Hill\u2019s Prescription Diet\u00ae Metabolic svorio reguliavimui\"},{\"@type\":\"BreadcrumbList\",\"@id\":\"https:\\\/\\\/anivet.lt\\\/elparduotuve\\\/produktas\\\/hills-prescription-diet-metabolic-svorio-reguliavimui\\\/#breadcrumb\",\"itemListElement\":[{\"@type\":\"ListItem\",\"position\":1,\"name\":\"Home\",\"item\":\"https:\\\/\\\/anivet.lt\\\/elparduotuve\\\/\"},{\"@type\":\"ListItem\",\"position\":2,\"name\":\"Produktai\",\"item\":\"https:\\\/\\\/anivet.lt\\\/elparduotuve\\\/produktai\\\/\"},{\"@type\":\"ListItem\",\"position\":3,\"name\":\"Hill\u2019s Prescription Diet\u00ae Metabolic svorio reguliavimui\"}]},{\"@type\":\"WebSite\",\"@id\":\"https:\\\/\\\/anivet.lt\\\/elparduotuve\\\/#website\",\"url\":\"https:\\\/\\\/anivet.lt\\\/elparduotuve\\\/\",\"name\":\"anivet.lt\",\"description\":\"Viskas J\u016bs\u0173 \u0161uns, kat\u0117s prie\u017ei\u016brai\",\"publisher\":{\"@id\":\"https:\\\/\\\/anivet.lt\\\/elparduotuve\\\/#organization\"},\"alternateName\":\"Viskas J\u016bs\u0173 \u0161uns, kat\u0117s prie\u017ei\u016brai\",\"potentialAction\":[{\"@type\":\"SearchAction\",\"target\":{\"@type\":\"EntryPoint\",\"urlTemplate\":\"https:\\\/\\\/anivet.lt\\\/elparduotuve\\\/?s={search_term_string}\"},\"query-input\":{\"@type\":\"PropertyValueSpecification\",\"valueRequired\":true,\"valueName\":\"search_term_string\"}}],\"inLanguage\":\"lt-LT\"},{\"@type\":\"Organization\",\"@id\":\"https:\\\/\\\/anivet.lt\\\/elparduotuve\\\/#organization\",\"name\":\"Viskas J\u016bs\u0173 \u0161uns, kat\u0117s prie\u017ei\u016brai\",\"url\":\"https:\\\/\\\/anivet.lt\\\/elparduotuve\\\/\",\"logo\":{\"@type\":\"ImageObject\",\"inLanguage\":\"lt-LT\",\"@id\":\"https:\\\/\\\/anivet.lt\\\/elparduotuve\\\/#\\\/schema\\\/logo\\\/image\\\/\",\"url\":\"https:\\\/\\\/anivet.lt\\\/elparduotuve\\\/wp-content\\\/uploads\\\/2023\\\/06\\\/logo2.jpg\",\"contentUrl\":\"https:\\\/\\\/anivet.lt\\\/elparduotuve\\\/wp-content\\\/uploads\\\/2023\\\/06\\\/logo2.jpg\",\"width\":655,\"height\":194,\"caption\":\"Viskas J\u016bs\u0173 \u0161uns, kat\u0117s prie\u017ei\u016brai\"},\"image\":{\"@id\":\"https:\\\/\\\/anivet.lt\\\/elparduotuve\\\/#\\\/schema\\\/logo\\\/image\\\/\"}}]}<\/script>\n<!-- \/ Yoast SEO Premium plugin. -->","yoast_head_json":{"title":"Hill\u2019s Prescription Diet\u00ae Metabolic svorio reguliavimui - anivet.lt","description":"\u0160is dietinis pa\u0161aras sukurtas kat\u0117ms, turin\u010dioms antsvorio, padeda veiksmingai suma\u017einti svor\u012f ir palaikyti ideal\u0173 k\u016bno svor\u012f ilgalaik\u0117je perspektyvoje.","robots":{"index":"index","follow":"follow","max-snippet":"max-snippet:-1","max-image-preview":"max-image-preview:large","max-video-preview":"max-video-preview:-1"},"canonical":"https:\/\/anivet.lt\/elparduotuve\/produktas\/hills-prescription-diet-metabolic-svorio-reguliavimui\/","og_locale":"lt_LT","og_type":"article","og_title":"Hill\u2019s Prescription Diet\u00ae Metabolic svorio reguliavimui","og_description":"\u0160is dietinis pa\u0161aras sukurtas kat\u0117ms, turin\u010dioms antsvorio, padeda veiksmingai suma\u017einti svor\u012f ir palaikyti ideal\u0173 k\u016bno svor\u012f ilgalaik\u0117je perspektyvoje.","og_url":"https:\/\/anivet.lt\/elparduotuve\/produktas\/hills-prescription-diet-metabolic-svorio-reguliavimui\/","og_site_name":"anivet.lt","article_modified_time":"2025-10-31T09:42:43+00:00","og_image":[{"width":768,"height":768,"url":"https:\/\/anivet.lt\/elparduotuve\/wp-content\/uploads\/2025\/01\/11Hills-Prescription-Diet\u00ae-Metabolic-svorio-reguliavimui.jpg","type":"image\/jpeg"}],"twitter_card":"summary_large_image","twitter_misc":{"Est. reading time":"1 minut\u0117"},"schema":{"@context":"https:\/\/schema.org","@graph":[{"@type":"WebPage","@id":"https:\/\/anivet.lt\/elparduotuve\/produktas\/hills-prescription-diet-metabolic-svorio-reguliavimui\/","url":"https:\/\/anivet.lt\/elparduotuve\/produktas\/hills-prescription-diet-metabolic-svorio-reguliavimui\/","name":"Hill\u2019s Prescription Diet\u00ae Metabolic svorio reguliavimui - anivet.lt","isPartOf":{"@id":"https:\/\/anivet.lt\/elparduotuve\/#website"},"primaryImageOfPage":{"@id":"https:\/\/anivet.lt\/elparduotuve\/produktas\/hills-prescription-diet-metabolic-svorio-reguliavimui\/#primaryimage"},"image":{"@id":"https:\/\/anivet.lt\/elparduotuve\/produktas\/hills-prescription-diet-metabolic-svorio-reguliavimui\/#primaryimage"},"thumbnailUrl":"https:\/\/anivet.lt\/elparduotuve\/wp-content\/uploads\/2025\/01\/11Hills-Prescription-Diet\u00ae-Metabolic-svorio-reguliavimui.jpg","datePublished":"2025-01-07T13:36:11+00:00","dateModified":"2025-10-31T09:42:43+00:00","description":"\u0160is dietinis pa\u0161aras sukurtas kat\u0117ms, turin\u010dioms antsvorio, padeda veiksmingai suma\u017einti svor\u012f ir palaikyti ideal\u0173 k\u016bno svor\u012f ilgalaik\u0117je perspektyvoje.","breadcrumb":{"@id":"https:\/\/anivet.lt\/elparduotuve\/produktas\/hills-prescription-diet-metabolic-svorio-reguliavimui\/#breadcrumb"},"inLanguage":"lt-LT","potentialAction":[{"@type":"ReadAction","target":["https:\/\/anivet.lt\/elparduotuve\/produktas\/hills-prescription-diet-metabolic-svorio-reguliavimui\/"]}]},{"@type":"ImageObject","inLanguage":"lt-LT","@id":"https:\/\/anivet.lt\/elparduotuve\/produktas\/hills-prescription-diet-metabolic-svorio-reguliavimui\/#primaryimage","url":"https:\/\/anivet.lt\/elparduotuve\/wp-content\/uploads\/2025\/01\/11Hills-Prescription-Diet\u00ae-Metabolic-svorio-reguliavimui.jpg","contentUrl":"https:\/\/anivet.lt\/elparduotuve\/wp-content\/uploads\/2025\/01\/11Hills-Prescription-Diet\u00ae-Metabolic-svorio-reguliavimui.jpg","width":768,"height":768,"caption":"Hill\u2019s Prescription Diet\u00ae Metabolic svorio reguliavimui"},{"@type":"BreadcrumbList","@id":"https:\/\/anivet.lt\/elparduotuve\/produktas\/hills-prescription-diet-metabolic-svorio-reguliavimui\/#breadcrumb","itemListElement":[{"@type":"ListItem","position":1,"name":"Home","item":"https:\/\/anivet.lt\/elparduotuve\/"},{"@type":"ListItem","position":2,"name":"Produktai","item":"https:\/\/anivet.lt\/elparduotuve\/produktai\/"},{"@type":"ListItem","position":3,"name":"Hill\u2019s Prescription Diet\u00ae Metabolic svorio reguliavimui"}]},{"@type":"WebSite","@id":"https:\/\/anivet.lt\/elparduotuve\/#website","url":"https:\/\/anivet.lt\/elparduotuve\/","name":"anivet.lt","description":"Viskas J\u016bs\u0173 \u0161uns, kat\u0117s prie\u017ei\u016brai","publisher":{"@id":"https:\/\/anivet.lt\/elparduotuve\/#organization"},"alternateName":"Viskas J\u016bs\u0173 \u0161uns, kat\u0117s prie\u017ei\u016brai","potentialAction":[{"@type":"SearchAction","target":{"@type":"EntryPoint","urlTemplate":"https:\/\/anivet.lt\/elparduotuve\/?s={search_term_string}"},"query-input":{"@type":"PropertyValueSpecification","valueRequired":true,"valueName":"search_term_string"}}],"inLanguage":"lt-LT"},{"@type":"Organization","@id":"https:\/\/anivet.lt\/elparduotuve\/#organization","name":"Viskas J\u016bs\u0173 \u0161uns, kat\u0117s prie\u017ei\u016brai","url":"https:\/\/anivet.lt\/elparduotuve\/","logo":{"@type":"ImageObject","inLanguage":"lt-LT","@id":"https:\/\/anivet.lt\/elparduotuve\/#\/schema\/logo\/image\/","url":"https:\/\/anivet.lt\/elparduotuve\/wp-content\/uploads\/2023\/06\/logo2.jpg","contentUrl":"https:\/\/anivet.lt\/elparduotuve\/wp-content\/uploads\/2023\/06\/logo2.jpg","width":655,"height":194,"caption":"Viskas J\u016bs\u0173 \u0161uns, kat\u0117s prie\u017ei\u016brai"},"image":{"@id":"https:\/\/anivet.lt\/elparduotuve\/#\/schema\/logo\/image\/"}}]}},"_links":{"self":[{"href":"https:\/\/anivet.lt\/elparduotuve\/wp-json\/wp\/v2\/product\/16031","targetHints":{"allow":["GET"]}}],"collection":[{"href":"https:\/\/anivet.lt\/elparduotuve\/wp-json\/wp\/v2\/product"}],"about":[{"href":"https:\/\/anivet.lt\/elparduotuve\/wp-json\/wp\/v2\/types\/product"}],"wp:featuredmedia":[{"embeddable":true,"href":"https:\/\/anivet.lt\/elparduotuve\/wp-json\/wp\/v2\/media\/16032"}],"wp:attachment":[{"href":"https:\/\/anivet.lt\/elparduotuve\/wp-json\/wp\/v2\/media?parent=16031"}],"wp:term":[{"taxonomy":"product_brand","embeddable":true,"href":"https:\/\/anivet.lt\/elparduotuve\/wp-json\/wp\/v2\/product_brand?post=16031"},{"taxonomy":"product_cat","embeddable":true,"href":"https:\/\/anivet.lt\/elparduotuve\/wp-json\/wp\/v2\/product_cat?post=16031"},{"taxonomy":"product_tag","embeddable":true,"href":"https:\/\/anivet.lt\/elparduotuve\/wp-json\/wp\/v2\/product_tag?post=16031"}],"curies":[{"name":"wp","href":"https:\/\/api.w.org\/{rel}","templated":true}]}}