{"id":16065,"date":"2025-01-08T08:49:32","date_gmt":"2025-01-08T08:49:32","guid":{"rendered":"https:\/\/anivet.lt\/elparduotuve\/?post_type=product&#038;p=16065"},"modified":"2025-08-07T06:25:35","modified_gmt":"2025-08-07T06:25:35","slug":"hills-prescription-diet-canine-b-d-smegenu-senejimo-prevencijai","status":"publish","type":"product","link":"https:\/\/anivet.lt\/elparduotuve\/produktas\/hills-prescription-diet-canine-b-d-smegenu-senejimo-prevencijai\/","title":{"rendered":"Hill\u2019s Prescription Diet\u00ae Canine b\/d smegen\u0173 sen\u0117jimo prevencijai"},"content":{"rendered":"<p>Klinikiniais tyrimais patvirtintas sausas pa\u0161aras, skirtas apsaugoti vyresni\u0173 \u0161un\u0173 smegenis nuo sen\u0117jimo proces\u0173. \u0160is pa\u0161aras padeda pagerinti \u0161un\u0173 elges\u012f, mieg\u0105 ir bendravim\u0105, o jo unikali sud\u0117tis u\u017etikrina \u0161irdies, inkst\u0173 ir \u0161lapimo sistemos sveikat\u0105.<\/p>\n<ul>\n<li>Omega-3 riebal\u0173 r\u016bg\u0161tys: Didelis kiekis palaiko smegen\u0173 sveikat\u0105 ir kognityvin\u0119 funkcij\u0105.<\/li>\n<li>Antioksidant\u0173 kompleksas: Papildytas vaisiais ir dar\u017eov\u0117mis, apsaugo l\u0105steles nuo oksidacinio streso.<\/li>\n<li>Subalansuotas baltym\u0173, fosforo ir natrio kiekis: U\u017etikrina sveik\u0105 \u0161irdies ir inkst\u0173 veikl\u0105.<\/li>\n<li>Elgesio gerinimas: Padeda suma\u017einti \u201enelaiming\u0173 atsitikim\u0173\u201c namuose ir gerina miego kokyb\u0119.<\/li>\n<li>S+OXSHIELD formul\u0117: Suma\u017eina struvitini\u0173 ir kalcio oksalato akmen\u0173 susidarymo rizik\u0105, palaikant sveik\u0105 \u0161lapimo sistem\u0105.<\/li>\n<\/ul>\n<p>\u201eHill\u2019s Prescription Diet\u00ae Canine b\/d\u201d pa\u0161aras yra idealus pasirinkimas vyresniems \u0161unims, siekiant pagerinti j\u0173 gyvenimo kokyb\u0119 ir palaikyti aktyvi\u0105 bei sveik\u0105 senatv\u0119.<\/p>\n","protected":false},"excerpt":{"rendered":"<p>Klinikiniais tyrimais patvirtintas sausas pa\u0161aras, skirtas apsaugoti vyresni\u0173 \u0161un\u0173 smegenis nuo sen\u0117jimo proces\u0173. \u0160is pa\u0161aras padeda pagerinti \u0161un\u0173 elges\u012f, mieg\u0105<\/p>\n","protected":false},"featured_media":16067,"template":"","meta":[],"product_brand":[],"product_cat":[101,103,107,333],"product_tag":[],"class_list":{"0":"post-16065","1":"product","2":"type-product","3":"status-publish","4":"has-post-thumbnail","6":"product_cat-sunims","7":"product_cat-sunu-maistas","8":"product_cat-veterinarine-dieta","9":"product_cat-hills-sunu-maistas","10":"pa_prekinis-zenklas-hills","12":"first","13":"instock","14":"taxable","15":"shipping-taxable","16":"purchasable","17":"product-type-simple"},"yoast_head":"<!-- This site is optimized with the Yoast SEO Premium plugin v27.1 (Yoast SEO v27.3) - https:\/\/yoast.com\/product\/yoast-seo-premium-wordpress\/ -->\n<title>Hill\u2019s Prescription Diet\u00ae Canine b\/d smegen\u0173 sen\u0117jimo prevencijai - anivet.lt<\/title>\n<meta name=\"description\" content=\"Klinikiniais tyrimais patvirtintas sausas pa\u0161aras, skirtas apsaugoti vyresni\u0173 \u0161un\u0173 smegenis nuo sen\u0117jimo proces\u0173. \u0160is pa\u0161aras padeda pagerinti \u0161un\u0173\" \/>\n<meta name=\"robots\" content=\"index, follow, max-snippet:-1, max-image-preview:large, max-video-preview:-1\" \/>\n<link rel=\"canonical\" href=\"https:\/\/anivet.lt\/elparduotuve\/produktas\/hills-prescription-diet-canine-b-d-smegenu-senejimo-prevencijai\/\" \/>\n<meta property=\"og:locale\" content=\"lt_LT\" \/>\n<meta property=\"og:type\" content=\"article\" \/>\n<meta property=\"og:title\" content=\"Hill\u2019s Prescription Diet\u00ae Canine b\/d smegen\u0173 sen\u0117jimo prevencijai\" \/>\n<meta property=\"og:description\" content=\"Klinikiniais tyrimais patvirtintas sausas pa\u0161aras, skirtas apsaugoti vyresni\u0173 \u0161un\u0173 smegenis nuo sen\u0117jimo proces\u0173. \u0160is pa\u0161aras padeda pagerinti \u0161un\u0173\" \/>\n<meta property=\"og:url\" content=\"https:\/\/anivet.lt\/elparduotuve\/produktas\/hills-prescription-diet-canine-b-d-smegenu-senejimo-prevencijai\/\" \/>\n<meta property=\"og:site_name\" content=\"anivet.lt\" \/>\n<meta property=\"article:modified_time\" content=\"2025-08-07T06:25:35+00:00\" \/>\n<meta property=\"og:image\" content=\"https:\/\/anivet.lt\/elparduotuve\/wp-content\/uploads\/2025\/01\/1Hills-Prescription-Diet\u00ae-Canine-bd-smegenu-senejimo-prevencijai.jpg\" \/>\n\t<meta property=\"og:image:width\" content=\"768\" \/>\n\t<meta property=\"og:image:height\" content=\"768\" \/>\n\t<meta property=\"og:image:type\" content=\"image\/jpeg\" \/>\n<meta name=\"twitter:card\" content=\"summary_large_image\" \/>\n<meta name=\"twitter:label1\" content=\"Est. reading time\" \/>\n\t<meta name=\"twitter:data1\" content=\"1 minut\u0117\" \/>\n<script type=\"application\/ld+json\" class=\"yoast-schema-graph\">{\"@context\":\"https:\\\/\\\/schema.org\",\"@graph\":[{\"@type\":\"WebPage\",\"@id\":\"https:\\\/\\\/anivet.lt\\\/elparduotuve\\\/produktas\\\/hills-prescription-diet-canine-b-d-smegenu-senejimo-prevencijai\\\/\",\"url\":\"https:\\\/\\\/anivet.lt\\\/elparduotuve\\\/produktas\\\/hills-prescription-diet-canine-b-d-smegenu-senejimo-prevencijai\\\/\",\"name\":\"Hill\u2019s Prescription Diet\u00ae Canine b\\\/d smegen\u0173 sen\u0117jimo prevencijai - anivet.lt\",\"isPartOf\":{\"@id\":\"https:\\\/\\\/anivet.lt\\\/elparduotuve\\\/#website\"},\"primaryImageOfPage\":{\"@id\":\"https:\\\/\\\/anivet.lt\\\/elparduotuve\\\/produktas\\\/hills-prescription-diet-canine-b-d-smegenu-senejimo-prevencijai\\\/#primaryimage\"},\"image\":{\"@id\":\"https:\\\/\\\/anivet.lt\\\/elparduotuve\\\/produktas\\\/hills-prescription-diet-canine-b-d-smegenu-senejimo-prevencijai\\\/#primaryimage\"},\"thumbnailUrl\":\"https:\\\/\\\/anivet.lt\\\/elparduotuve\\\/wp-content\\\/uploads\\\/2025\\\/01\\\/1Hills-Prescription-Diet\u00ae-Canine-bd-smegenu-senejimo-prevencijai.jpg\",\"datePublished\":\"2025-01-08T08:49:32+00:00\",\"dateModified\":\"2025-08-07T06:25:35+00:00\",\"description\":\"Klinikiniais tyrimais patvirtintas sausas pa\u0161aras, skirtas apsaugoti vyresni\u0173 \u0161un\u0173 smegenis nuo sen\u0117jimo proces\u0173. \u0160is pa\u0161aras padeda pagerinti \u0161un\u0173\",\"breadcrumb\":{\"@id\":\"https:\\\/\\\/anivet.lt\\\/elparduotuve\\\/produktas\\\/hills-prescription-diet-canine-b-d-smegenu-senejimo-prevencijai\\\/#breadcrumb\"},\"inLanguage\":\"lt-LT\",\"potentialAction\":[{\"@type\":\"ReadAction\",\"target\":[\"https:\\\/\\\/anivet.lt\\\/elparduotuve\\\/produktas\\\/hills-prescription-diet-canine-b-d-smegenu-senejimo-prevencijai\\\/\"]}]},{\"@type\":\"ImageObject\",\"inLanguage\":\"lt-LT\",\"@id\":\"https:\\\/\\\/anivet.lt\\\/elparduotuve\\\/produktas\\\/hills-prescription-diet-canine-b-d-smegenu-senejimo-prevencijai\\\/#primaryimage\",\"url\":\"https:\\\/\\\/anivet.lt\\\/elparduotuve\\\/wp-content\\\/uploads\\\/2025\\\/01\\\/1Hills-Prescription-Diet\u00ae-Canine-bd-smegenu-senejimo-prevencijai.jpg\",\"contentUrl\":\"https:\\\/\\\/anivet.lt\\\/elparduotuve\\\/wp-content\\\/uploads\\\/2025\\\/01\\\/1Hills-Prescription-Diet\u00ae-Canine-bd-smegenu-senejimo-prevencijai.jpg\",\"width\":768,\"height\":768,\"caption\":\"Hill\u2019s Prescription Diet\u00ae Canine b\\\/d smegen\u0173 sen\u0117jimo prevencijai\"},{\"@type\":\"BreadcrumbList\",\"@id\":\"https:\\\/\\\/anivet.lt\\\/elparduotuve\\\/produktas\\\/hills-prescription-diet-canine-b-d-smegenu-senejimo-prevencijai\\\/#breadcrumb\",\"itemListElement\":[{\"@type\":\"ListItem\",\"position\":1,\"name\":\"Home\",\"item\":\"https:\\\/\\\/anivet.lt\\\/elparduotuve\\\/\"},{\"@type\":\"ListItem\",\"position\":2,\"name\":\"Produktai\",\"item\":\"https:\\\/\\\/anivet.lt\\\/elparduotuve\\\/produktai\\\/\"},{\"@type\":\"ListItem\",\"position\":3,\"name\":\"Hill\u2019s Prescription Diet\u00ae Canine b\\\/d smegen\u0173 sen\u0117jimo prevencijai\"}]},{\"@type\":\"WebSite\",\"@id\":\"https:\\\/\\\/anivet.lt\\\/elparduotuve\\\/#website\",\"url\":\"https:\\\/\\\/anivet.lt\\\/elparduotuve\\\/\",\"name\":\"anivet.lt\",\"description\":\"Viskas J\u016bs\u0173 \u0161uns, kat\u0117s prie\u017ei\u016brai\",\"publisher\":{\"@id\":\"https:\\\/\\\/anivet.lt\\\/elparduotuve\\\/#organization\"},\"alternateName\":\"Viskas J\u016bs\u0173 \u0161uns, kat\u0117s prie\u017ei\u016brai\",\"potentialAction\":[{\"@type\":\"SearchAction\",\"target\":{\"@type\":\"EntryPoint\",\"urlTemplate\":\"https:\\\/\\\/anivet.lt\\\/elparduotuve\\\/?s={search_term_string}\"},\"query-input\":{\"@type\":\"PropertyValueSpecification\",\"valueRequired\":true,\"valueName\":\"search_term_string\"}}],\"inLanguage\":\"lt-LT\"},{\"@type\":\"Organization\",\"@id\":\"https:\\\/\\\/anivet.lt\\\/elparduotuve\\\/#organization\",\"name\":\"Viskas J\u016bs\u0173 \u0161uns, kat\u0117s prie\u017ei\u016brai\",\"url\":\"https:\\\/\\\/anivet.lt\\\/elparduotuve\\\/\",\"logo\":{\"@type\":\"ImageObject\",\"inLanguage\":\"lt-LT\",\"@id\":\"https:\\\/\\\/anivet.lt\\\/elparduotuve\\\/#\\\/schema\\\/logo\\\/image\\\/\",\"url\":\"https:\\\/\\\/anivet.lt\\\/elparduotuve\\\/wp-content\\\/uploads\\\/2023\\\/06\\\/logo2.jpg\",\"contentUrl\":\"https:\\\/\\\/anivet.lt\\\/elparduotuve\\\/wp-content\\\/uploads\\\/2023\\\/06\\\/logo2.jpg\",\"width\":655,\"height\":194,\"caption\":\"Viskas J\u016bs\u0173 \u0161uns, kat\u0117s prie\u017ei\u016brai\"},\"image\":{\"@id\":\"https:\\\/\\\/anivet.lt\\\/elparduotuve\\\/#\\\/schema\\\/logo\\\/image\\\/\"}}]}<\/script>\n<!-- \/ Yoast SEO Premium plugin. -->","yoast_head_json":{"title":"Hill\u2019s Prescription Diet\u00ae Canine b\/d smegen\u0173 sen\u0117jimo prevencijai - anivet.lt","description":"Klinikiniais tyrimais patvirtintas sausas pa\u0161aras, skirtas apsaugoti vyresni\u0173 \u0161un\u0173 smegenis nuo sen\u0117jimo proces\u0173. \u0160is pa\u0161aras padeda pagerinti \u0161un\u0173","robots":{"index":"index","follow":"follow","max-snippet":"max-snippet:-1","max-image-preview":"max-image-preview:large","max-video-preview":"max-video-preview:-1"},"canonical":"https:\/\/anivet.lt\/elparduotuve\/produktas\/hills-prescription-diet-canine-b-d-smegenu-senejimo-prevencijai\/","og_locale":"lt_LT","og_type":"article","og_title":"Hill\u2019s Prescription Diet\u00ae Canine b\/d smegen\u0173 sen\u0117jimo prevencijai","og_description":"Klinikiniais tyrimais patvirtintas sausas pa\u0161aras, skirtas apsaugoti vyresni\u0173 \u0161un\u0173 smegenis nuo sen\u0117jimo proces\u0173. \u0160is pa\u0161aras padeda pagerinti \u0161un\u0173","og_url":"https:\/\/anivet.lt\/elparduotuve\/produktas\/hills-prescription-diet-canine-b-d-smegenu-senejimo-prevencijai\/","og_site_name":"anivet.lt","article_modified_time":"2025-08-07T06:25:35+00:00","og_image":[{"width":768,"height":768,"url":"https:\/\/anivet.lt\/elparduotuve\/wp-content\/uploads\/2025\/01\/1Hills-Prescription-Diet\u00ae-Canine-bd-smegenu-senejimo-prevencijai.jpg","type":"image\/jpeg"}],"twitter_card":"summary_large_image","twitter_misc":{"Est. reading time":"1 minut\u0117"},"schema":{"@context":"https:\/\/schema.org","@graph":[{"@type":"WebPage","@id":"https:\/\/anivet.lt\/elparduotuve\/produktas\/hills-prescription-diet-canine-b-d-smegenu-senejimo-prevencijai\/","url":"https:\/\/anivet.lt\/elparduotuve\/produktas\/hills-prescription-diet-canine-b-d-smegenu-senejimo-prevencijai\/","name":"Hill\u2019s Prescription Diet\u00ae Canine b\/d smegen\u0173 sen\u0117jimo prevencijai - anivet.lt","isPartOf":{"@id":"https:\/\/anivet.lt\/elparduotuve\/#website"},"primaryImageOfPage":{"@id":"https:\/\/anivet.lt\/elparduotuve\/produktas\/hills-prescription-diet-canine-b-d-smegenu-senejimo-prevencijai\/#primaryimage"},"image":{"@id":"https:\/\/anivet.lt\/elparduotuve\/produktas\/hills-prescription-diet-canine-b-d-smegenu-senejimo-prevencijai\/#primaryimage"},"thumbnailUrl":"https:\/\/anivet.lt\/elparduotuve\/wp-content\/uploads\/2025\/01\/1Hills-Prescription-Diet\u00ae-Canine-bd-smegenu-senejimo-prevencijai.jpg","datePublished":"2025-01-08T08:49:32+00:00","dateModified":"2025-08-07T06:25:35+00:00","description":"Klinikiniais tyrimais patvirtintas sausas pa\u0161aras, skirtas apsaugoti vyresni\u0173 \u0161un\u0173 smegenis nuo sen\u0117jimo proces\u0173. \u0160is pa\u0161aras padeda pagerinti \u0161un\u0173","breadcrumb":{"@id":"https:\/\/anivet.lt\/elparduotuve\/produktas\/hills-prescription-diet-canine-b-d-smegenu-senejimo-prevencijai\/#breadcrumb"},"inLanguage":"lt-LT","potentialAction":[{"@type":"ReadAction","target":["https:\/\/anivet.lt\/elparduotuve\/produktas\/hills-prescription-diet-canine-b-d-smegenu-senejimo-prevencijai\/"]}]},{"@type":"ImageObject","inLanguage":"lt-LT","@id":"https:\/\/anivet.lt\/elparduotuve\/produktas\/hills-prescription-diet-canine-b-d-smegenu-senejimo-prevencijai\/#primaryimage","url":"https:\/\/anivet.lt\/elparduotuve\/wp-content\/uploads\/2025\/01\/1Hills-Prescription-Diet\u00ae-Canine-bd-smegenu-senejimo-prevencijai.jpg","contentUrl":"https:\/\/anivet.lt\/elparduotuve\/wp-content\/uploads\/2025\/01\/1Hills-Prescription-Diet\u00ae-Canine-bd-smegenu-senejimo-prevencijai.jpg","width":768,"height":768,"caption":"Hill\u2019s Prescription Diet\u00ae Canine b\/d smegen\u0173 sen\u0117jimo prevencijai"},{"@type":"BreadcrumbList","@id":"https:\/\/anivet.lt\/elparduotuve\/produktas\/hills-prescription-diet-canine-b-d-smegenu-senejimo-prevencijai\/#breadcrumb","itemListElement":[{"@type":"ListItem","position":1,"name":"Home","item":"https:\/\/anivet.lt\/elparduotuve\/"},{"@type":"ListItem","position":2,"name":"Produktai","item":"https:\/\/anivet.lt\/elparduotuve\/produktai\/"},{"@type":"ListItem","position":3,"name":"Hill\u2019s Prescription Diet\u00ae Canine b\/d smegen\u0173 sen\u0117jimo prevencijai"}]},{"@type":"WebSite","@id":"https:\/\/anivet.lt\/elparduotuve\/#website","url":"https:\/\/anivet.lt\/elparduotuve\/","name":"anivet.lt","description":"Viskas J\u016bs\u0173 \u0161uns, kat\u0117s prie\u017ei\u016brai","publisher":{"@id":"https:\/\/anivet.lt\/elparduotuve\/#organization"},"alternateName":"Viskas J\u016bs\u0173 \u0161uns, kat\u0117s prie\u017ei\u016brai","potentialAction":[{"@type":"SearchAction","target":{"@type":"EntryPoint","urlTemplate":"https:\/\/anivet.lt\/elparduotuve\/?s={search_term_string}"},"query-input":{"@type":"PropertyValueSpecification","valueRequired":true,"valueName":"search_term_string"}}],"inLanguage":"lt-LT"},{"@type":"Organization","@id":"https:\/\/anivet.lt\/elparduotuve\/#organization","name":"Viskas J\u016bs\u0173 \u0161uns, kat\u0117s prie\u017ei\u016brai","url":"https:\/\/anivet.lt\/elparduotuve\/","logo":{"@type":"ImageObject","inLanguage":"lt-LT","@id":"https:\/\/anivet.lt\/elparduotuve\/#\/schema\/logo\/image\/","url":"https:\/\/anivet.lt\/elparduotuve\/wp-content\/uploads\/2023\/06\/logo2.jpg","contentUrl":"https:\/\/anivet.lt\/elparduotuve\/wp-content\/uploads\/2023\/06\/logo2.jpg","width":655,"height":194,"caption":"Viskas J\u016bs\u0173 \u0161uns, kat\u0117s prie\u017ei\u016brai"},"image":{"@id":"https:\/\/anivet.lt\/elparduotuve\/#\/schema\/logo\/image\/"}}]}},"_links":{"self":[{"href":"https:\/\/anivet.lt\/elparduotuve\/wp-json\/wp\/v2\/product\/16065","targetHints":{"allow":["GET"]}}],"collection":[{"href":"https:\/\/anivet.lt\/elparduotuve\/wp-json\/wp\/v2\/product"}],"about":[{"href":"https:\/\/anivet.lt\/elparduotuve\/wp-json\/wp\/v2\/types\/product"}],"wp:featuredmedia":[{"embeddable":true,"href":"https:\/\/anivet.lt\/elparduotuve\/wp-json\/wp\/v2\/media\/16067"}],"wp:attachment":[{"href":"https:\/\/anivet.lt\/elparduotuve\/wp-json\/wp\/v2\/media?parent=16065"}],"wp:term":[{"taxonomy":"product_brand","embeddable":true,"href":"https:\/\/anivet.lt\/elparduotuve\/wp-json\/wp\/v2\/product_brand?post=16065"},{"taxonomy":"product_cat","embeddable":true,"href":"https:\/\/anivet.lt\/elparduotuve\/wp-json\/wp\/v2\/product_cat?post=16065"},{"taxonomy":"product_tag","embeddable":true,"href":"https:\/\/anivet.lt\/elparduotuve\/wp-json\/wp\/v2\/product_tag?post=16065"}],"curies":[{"name":"wp","href":"https:\/\/api.w.org\/{rel}","templated":true}]}}