{"id":16092,"date":"2025-01-08T11:47:09","date_gmt":"2025-01-08T11:47:09","guid":{"rendered":"https:\/\/anivet.lt\/elparduotuve\/?post_type=product&#038;p=16092"},"modified":"2026-01-15T10:52:43","modified_gmt":"2026-01-15T10:52:43","slug":"hills-prescription-diet-canine-l-d-kepenu-ligoms","status":"publish","type":"product","link":"https:\/\/anivet.lt\/elparduotuve\/produktas\/hills-prescription-diet-canine-l-d-kepenu-ligoms\/","title":{"rendered":"Hill\u2019s Prescription Diet\u00ae Canine l\/d  kepen\u0173 ligoms"},"content":{"rendered":"<p>\u0160is sausas pa\u0161aras sukurtas Hill\u2019s veterinar\u0173 ir mitybos specialist\u0173, siekiant palaikyti \u0161un\u0173 kepen\u0173 sveikat\u0105 ir apsaugoti gyvybi\u0161kai svarbias kepen\u0173 funkcijas. Kepenys atlieka daugyb\u0119 svarbi\u0173 organizmo funkcij\u0173, \u012fskaitant maistini\u0173 med\u017eiag\u0173 apykait\u0105, toksin\u0173 pa\u0161alinim\u0105 ir vitamin\u0173 bei mineral\u0173 saugojim\u0105. Tinkama mityba yra esmin\u0117 dalis kepen\u0173 atsigavimo ir sveikatos palaikymo procese.<\/p>\n<ul>\n<li>Subalansuotas baltym\u0173 kiekis: Lengvai vir\u0161kinami baltymai ma\u017eina kepen\u0173 apkrov\u0105.<\/li>\n<li>Ma\u017eas vario kiekis: Padeda suma\u017einti vario kaupim\u0105si kepenyse, u\u017etikrinant j\u0173 sveikat\u0105.<\/li>\n<li>Antioksidant\u0173 kompleksas: Klini\u0161kai patvirtinta sud\u0117tis apsaugo l\u0105steles nuo oksidacinio streso.<\/li>\n<li>Kepen\u0173 regeneracijos palaikymas: Padeda kepen\u0173 audiniams atsikurti ir palaiko sveik\u0105 funkcij\u0105.<\/li>\n<li>S+OXSHIELD formul\u0117: Ma\u017eina \u0161lapimo sistemos akmen\u0173 susidarymo rizik\u0105, u\u017etikrinant bendr\u0105 sveikatos balans\u0105.<\/li>\n<\/ul>\n<p>\u201eHill\u2019s Prescription Diet\u00ae Canine l\/d\u201d pa\u0161aras ne tik stiprina kepen\u0173 sveikat\u0105, bet ir padeda i\u0161vengti su kepen\u0173 ligomis susijusio maistini\u0173 med\u017eiag\u0173 tr\u016bkumo. Jo subalansuota sud\u0117tis u\u017etikrina j\u016bs\u0173 augintinio ger\u0105 savijaut\u0105 ir gyvenimo kokyb\u0119.<\/p>\n","protected":false},"excerpt":{"rendered":"<p>\u0160is sausas pa\u0161aras sukurtas Hill\u2019s veterinar\u0173 ir mitybos specialist\u0173, siekiant palaikyti \u0161un\u0173 kepen\u0173 sveikat\u0105 ir apsaugoti gyvybi\u0161kai svarbias kepen\u0173 funkcijas.<\/p>\n","protected":false},"featured_media":16093,"template":"","meta":[],"product_brand":[],"product_cat":[101,103,107,333],"product_tag":[],"class_list":{"0":"post-16092","1":"product","2":"type-product","3":"status-publish","4":"has-post-thumbnail","6":"product_cat-sunims","7":"product_cat-sunu-maistas","8":"product_cat-veterinarine-dieta","9":"product_cat-hills-sunu-maistas","10":"pa_prekinis-zenklas-hills","12":"first","13":"instock","14":"taxable","15":"shipping-taxable","16":"purchasable","17":"product-type-variable"},"yoast_head":"<!-- This site is optimized with the Yoast SEO Premium plugin v27.1 (Yoast SEO v27.5) - https:\/\/yoast.com\/product\/yoast-seo-premium-wordpress\/ -->\n<title>Hill\u2019s Prescription Diet\u00ae Canine l\/d kepen\u0173 ligoms - anivet.lt<\/title>\n<meta name=\"description\" content=\"\u0160is sausas pa\u0161aras sukurtas Hill\u2019s veterinar\u0173 ir mitybos specialist\u0173, siekiant palaikyti \u0161un\u0173 kepen\u0173 sveikat\u0105 ir apsaugoti gyvybi\u0161kai svarbias kepen\u0173\" \/>\n<meta name=\"robots\" content=\"index, follow, max-snippet:-1, max-image-preview:large, max-video-preview:-1\" \/>\n<link rel=\"canonical\" href=\"https:\/\/anivet.lt\/elparduotuve\/produktas\/hills-prescription-diet-canine-l-d-kepenu-ligoms\/\" \/>\n<meta property=\"og:locale\" content=\"lt_LT\" \/>\n<meta property=\"og:type\" content=\"article\" \/>\n<meta property=\"og:title\" content=\"Hill\u2019s Prescription Diet\u00ae Canine l\/d kepen\u0173 ligoms\" \/>\n<meta property=\"og:description\" content=\"\u0160is sausas pa\u0161aras sukurtas Hill\u2019s veterinar\u0173 ir mitybos specialist\u0173, siekiant palaikyti \u0161un\u0173 kepen\u0173 sveikat\u0105 ir apsaugoti gyvybi\u0161kai svarbias kepen\u0173\" \/>\n<meta property=\"og:url\" content=\"https:\/\/anivet.lt\/elparduotuve\/produktas\/hills-prescription-diet-canine-l-d-kepenu-ligoms\/\" \/>\n<meta property=\"og:site_name\" content=\"anivet.lt\" \/>\n<meta property=\"article:modified_time\" content=\"2026-01-15T10:52:43+00:00\" \/>\n<meta property=\"og:image\" content=\"https:\/\/anivet.lt\/elparduotuve\/wp-content\/uploads\/2025\/01\/5Hills-Prescription-Diet\u00ae-Canine-ld-kepenu-ligoms.jpg\" \/>\n\t<meta property=\"og:image:width\" content=\"768\" \/>\n\t<meta property=\"og:image:height\" content=\"768\" \/>\n\t<meta property=\"og:image:type\" content=\"image\/jpeg\" \/>\n<meta name=\"twitter:card\" content=\"summary_large_image\" \/>\n<meta name=\"twitter:label1\" content=\"Est. reading time\" \/>\n\t<meta name=\"twitter:data1\" content=\"1 minut\u0117\" \/>\n<script type=\"application\/ld+json\" class=\"yoast-schema-graph\">{\"@context\":\"https:\\\/\\\/schema.org\",\"@graph\":[{\"@type\":\"WebPage\",\"@id\":\"https:\\\/\\\/anivet.lt\\\/elparduotuve\\\/produktas\\\/hills-prescription-diet-canine-l-d-kepenu-ligoms\\\/\",\"url\":\"https:\\\/\\\/anivet.lt\\\/elparduotuve\\\/produktas\\\/hills-prescription-diet-canine-l-d-kepenu-ligoms\\\/\",\"name\":\"Hill\u2019s Prescription Diet\u00ae Canine l\\\/d kepen\u0173 ligoms - anivet.lt\",\"isPartOf\":{\"@id\":\"https:\\\/\\\/anivet.lt\\\/elparduotuve\\\/#website\"},\"primaryImageOfPage\":{\"@id\":\"https:\\\/\\\/anivet.lt\\\/elparduotuve\\\/produktas\\\/hills-prescription-diet-canine-l-d-kepenu-ligoms\\\/#primaryimage\"},\"image\":{\"@id\":\"https:\\\/\\\/anivet.lt\\\/elparduotuve\\\/produktas\\\/hills-prescription-diet-canine-l-d-kepenu-ligoms\\\/#primaryimage\"},\"thumbnailUrl\":\"https:\\\/\\\/anivet.lt\\\/elparduotuve\\\/wp-content\\\/uploads\\\/2025\\\/01\\\/5Hills-Prescription-Diet\u00ae-Canine-ld-kepenu-ligoms.jpg\",\"datePublished\":\"2025-01-08T11:47:09+00:00\",\"dateModified\":\"2026-01-15T10:52:43+00:00\",\"description\":\"\u0160is sausas pa\u0161aras sukurtas Hill\u2019s veterinar\u0173 ir mitybos specialist\u0173, siekiant palaikyti \u0161un\u0173 kepen\u0173 sveikat\u0105 ir apsaugoti gyvybi\u0161kai svarbias kepen\u0173\",\"breadcrumb\":{\"@id\":\"https:\\\/\\\/anivet.lt\\\/elparduotuve\\\/produktas\\\/hills-prescription-diet-canine-l-d-kepenu-ligoms\\\/#breadcrumb\"},\"inLanguage\":\"lt-LT\",\"potentialAction\":[{\"@type\":\"ReadAction\",\"target\":[\"https:\\\/\\\/anivet.lt\\\/elparduotuve\\\/produktas\\\/hills-prescription-diet-canine-l-d-kepenu-ligoms\\\/\"]}]},{\"@type\":\"ImageObject\",\"inLanguage\":\"lt-LT\",\"@id\":\"https:\\\/\\\/anivet.lt\\\/elparduotuve\\\/produktas\\\/hills-prescription-diet-canine-l-d-kepenu-ligoms\\\/#primaryimage\",\"url\":\"https:\\\/\\\/anivet.lt\\\/elparduotuve\\\/wp-content\\\/uploads\\\/2025\\\/01\\\/5Hills-Prescription-Diet\u00ae-Canine-ld-kepenu-ligoms.jpg\",\"contentUrl\":\"https:\\\/\\\/anivet.lt\\\/elparduotuve\\\/wp-content\\\/uploads\\\/2025\\\/01\\\/5Hills-Prescription-Diet\u00ae-Canine-ld-kepenu-ligoms.jpg\",\"width\":768,\"height\":768,\"caption\":\"Hill\u2019s Prescription Diet\u00ae Canine l\\\/d kepen\u0173 ligoms\"},{\"@type\":\"BreadcrumbList\",\"@id\":\"https:\\\/\\\/anivet.lt\\\/elparduotuve\\\/produktas\\\/hills-prescription-diet-canine-l-d-kepenu-ligoms\\\/#breadcrumb\",\"itemListElement\":[{\"@type\":\"ListItem\",\"position\":1,\"name\":\"Home\",\"item\":\"https:\\\/\\\/anivet.lt\\\/elparduotuve\\\/\"},{\"@type\":\"ListItem\",\"position\":2,\"name\":\"Produktai\",\"item\":\"https:\\\/\\\/anivet.lt\\\/elparduotuve\\\/produktai\\\/\"},{\"@type\":\"ListItem\",\"position\":3,\"name\":\"Hill\u2019s Prescription Diet\u00ae Canine l\\\/d kepen\u0173 ligoms\"}]},{\"@type\":\"WebSite\",\"@id\":\"https:\\\/\\\/anivet.lt\\\/elparduotuve\\\/#website\",\"url\":\"https:\\\/\\\/anivet.lt\\\/elparduotuve\\\/\",\"name\":\"anivet.lt\",\"description\":\"Viskas J\u016bs\u0173 \u0161uns, kat\u0117s prie\u017ei\u016brai\",\"publisher\":{\"@id\":\"https:\\\/\\\/anivet.lt\\\/elparduotuve\\\/#organization\"},\"alternateName\":\"Viskas J\u016bs\u0173 \u0161uns, kat\u0117s prie\u017ei\u016brai\",\"potentialAction\":[{\"@type\":\"SearchAction\",\"target\":{\"@type\":\"EntryPoint\",\"urlTemplate\":\"https:\\\/\\\/anivet.lt\\\/elparduotuve\\\/?s={search_term_string}\"},\"query-input\":{\"@type\":\"PropertyValueSpecification\",\"valueRequired\":true,\"valueName\":\"search_term_string\"}}],\"inLanguage\":\"lt-LT\"},{\"@type\":\"Organization\",\"@id\":\"https:\\\/\\\/anivet.lt\\\/elparduotuve\\\/#organization\",\"name\":\"Viskas J\u016bs\u0173 \u0161uns, kat\u0117s prie\u017ei\u016brai\",\"url\":\"https:\\\/\\\/anivet.lt\\\/elparduotuve\\\/\",\"logo\":{\"@type\":\"ImageObject\",\"inLanguage\":\"lt-LT\",\"@id\":\"https:\\\/\\\/anivet.lt\\\/elparduotuve\\\/#\\\/schema\\\/logo\\\/image\\\/\",\"url\":\"https:\\\/\\\/anivet.lt\\\/elparduotuve\\\/wp-content\\\/uploads\\\/2023\\\/06\\\/logo2.jpg\",\"contentUrl\":\"https:\\\/\\\/anivet.lt\\\/elparduotuve\\\/wp-content\\\/uploads\\\/2023\\\/06\\\/logo2.jpg\",\"width\":655,\"height\":194,\"caption\":\"Viskas J\u016bs\u0173 \u0161uns, kat\u0117s prie\u017ei\u016brai\"},\"image\":{\"@id\":\"https:\\\/\\\/anivet.lt\\\/elparduotuve\\\/#\\\/schema\\\/logo\\\/image\\\/\"}}]}<\/script>\n<!-- \/ Yoast SEO Premium plugin. -->","yoast_head_json":{"title":"Hill\u2019s Prescription Diet\u00ae Canine l\/d kepen\u0173 ligoms - anivet.lt","description":"\u0160is sausas pa\u0161aras sukurtas Hill\u2019s veterinar\u0173 ir mitybos specialist\u0173, siekiant palaikyti \u0161un\u0173 kepen\u0173 sveikat\u0105 ir apsaugoti gyvybi\u0161kai svarbias kepen\u0173","robots":{"index":"index","follow":"follow","max-snippet":"max-snippet:-1","max-image-preview":"max-image-preview:large","max-video-preview":"max-video-preview:-1"},"canonical":"https:\/\/anivet.lt\/elparduotuve\/produktas\/hills-prescription-diet-canine-l-d-kepenu-ligoms\/","og_locale":"lt_LT","og_type":"article","og_title":"Hill\u2019s Prescription Diet\u00ae Canine l\/d kepen\u0173 ligoms","og_description":"\u0160is sausas pa\u0161aras sukurtas Hill\u2019s veterinar\u0173 ir mitybos specialist\u0173, siekiant palaikyti \u0161un\u0173 kepen\u0173 sveikat\u0105 ir apsaugoti gyvybi\u0161kai svarbias kepen\u0173","og_url":"https:\/\/anivet.lt\/elparduotuve\/produktas\/hills-prescription-diet-canine-l-d-kepenu-ligoms\/","og_site_name":"anivet.lt","article_modified_time":"2026-01-15T10:52:43+00:00","og_image":[{"width":768,"height":768,"url":"https:\/\/anivet.lt\/elparduotuve\/wp-content\/uploads\/2025\/01\/5Hills-Prescription-Diet\u00ae-Canine-ld-kepenu-ligoms.jpg","type":"image\/jpeg"}],"twitter_card":"summary_large_image","twitter_misc":{"Est. reading time":"1 minut\u0117"},"schema":{"@context":"https:\/\/schema.org","@graph":[{"@type":"WebPage","@id":"https:\/\/anivet.lt\/elparduotuve\/produktas\/hills-prescription-diet-canine-l-d-kepenu-ligoms\/","url":"https:\/\/anivet.lt\/elparduotuve\/produktas\/hills-prescription-diet-canine-l-d-kepenu-ligoms\/","name":"Hill\u2019s Prescription Diet\u00ae Canine l\/d kepen\u0173 ligoms - anivet.lt","isPartOf":{"@id":"https:\/\/anivet.lt\/elparduotuve\/#website"},"primaryImageOfPage":{"@id":"https:\/\/anivet.lt\/elparduotuve\/produktas\/hills-prescription-diet-canine-l-d-kepenu-ligoms\/#primaryimage"},"image":{"@id":"https:\/\/anivet.lt\/elparduotuve\/produktas\/hills-prescription-diet-canine-l-d-kepenu-ligoms\/#primaryimage"},"thumbnailUrl":"https:\/\/anivet.lt\/elparduotuve\/wp-content\/uploads\/2025\/01\/5Hills-Prescription-Diet\u00ae-Canine-ld-kepenu-ligoms.jpg","datePublished":"2025-01-08T11:47:09+00:00","dateModified":"2026-01-15T10:52:43+00:00","description":"\u0160is sausas pa\u0161aras sukurtas Hill\u2019s veterinar\u0173 ir mitybos specialist\u0173, siekiant palaikyti \u0161un\u0173 kepen\u0173 sveikat\u0105 ir apsaugoti gyvybi\u0161kai svarbias kepen\u0173","breadcrumb":{"@id":"https:\/\/anivet.lt\/elparduotuve\/produktas\/hills-prescription-diet-canine-l-d-kepenu-ligoms\/#breadcrumb"},"inLanguage":"lt-LT","potentialAction":[{"@type":"ReadAction","target":["https:\/\/anivet.lt\/elparduotuve\/produktas\/hills-prescription-diet-canine-l-d-kepenu-ligoms\/"]}]},{"@type":"ImageObject","inLanguage":"lt-LT","@id":"https:\/\/anivet.lt\/elparduotuve\/produktas\/hills-prescription-diet-canine-l-d-kepenu-ligoms\/#primaryimage","url":"https:\/\/anivet.lt\/elparduotuve\/wp-content\/uploads\/2025\/01\/5Hills-Prescription-Diet\u00ae-Canine-ld-kepenu-ligoms.jpg","contentUrl":"https:\/\/anivet.lt\/elparduotuve\/wp-content\/uploads\/2025\/01\/5Hills-Prescription-Diet\u00ae-Canine-ld-kepenu-ligoms.jpg","width":768,"height":768,"caption":"Hill\u2019s Prescription Diet\u00ae Canine l\/d kepen\u0173 ligoms"},{"@type":"BreadcrumbList","@id":"https:\/\/anivet.lt\/elparduotuve\/produktas\/hills-prescription-diet-canine-l-d-kepenu-ligoms\/#breadcrumb","itemListElement":[{"@type":"ListItem","position":1,"name":"Home","item":"https:\/\/anivet.lt\/elparduotuve\/"},{"@type":"ListItem","position":2,"name":"Produktai","item":"https:\/\/anivet.lt\/elparduotuve\/produktai\/"},{"@type":"ListItem","position":3,"name":"Hill\u2019s Prescription Diet\u00ae Canine l\/d kepen\u0173 ligoms"}]},{"@type":"WebSite","@id":"https:\/\/anivet.lt\/elparduotuve\/#website","url":"https:\/\/anivet.lt\/elparduotuve\/","name":"anivet.lt","description":"Viskas J\u016bs\u0173 \u0161uns, kat\u0117s prie\u017ei\u016brai","publisher":{"@id":"https:\/\/anivet.lt\/elparduotuve\/#organization"},"alternateName":"Viskas J\u016bs\u0173 \u0161uns, kat\u0117s prie\u017ei\u016brai","potentialAction":[{"@type":"SearchAction","target":{"@type":"EntryPoint","urlTemplate":"https:\/\/anivet.lt\/elparduotuve\/?s={search_term_string}"},"query-input":{"@type":"PropertyValueSpecification","valueRequired":true,"valueName":"search_term_string"}}],"inLanguage":"lt-LT"},{"@type":"Organization","@id":"https:\/\/anivet.lt\/elparduotuve\/#organization","name":"Viskas J\u016bs\u0173 \u0161uns, kat\u0117s prie\u017ei\u016brai","url":"https:\/\/anivet.lt\/elparduotuve\/","logo":{"@type":"ImageObject","inLanguage":"lt-LT","@id":"https:\/\/anivet.lt\/elparduotuve\/#\/schema\/logo\/image\/","url":"https:\/\/anivet.lt\/elparduotuve\/wp-content\/uploads\/2023\/06\/logo2.jpg","contentUrl":"https:\/\/anivet.lt\/elparduotuve\/wp-content\/uploads\/2023\/06\/logo2.jpg","width":655,"height":194,"caption":"Viskas J\u016bs\u0173 \u0161uns, kat\u0117s prie\u017ei\u016brai"},"image":{"@id":"https:\/\/anivet.lt\/elparduotuve\/#\/schema\/logo\/image\/"}}]}},"_links":{"self":[{"href":"https:\/\/anivet.lt\/elparduotuve\/wp-json\/wp\/v2\/product\/16092","targetHints":{"allow":["GET"]}}],"collection":[{"href":"https:\/\/anivet.lt\/elparduotuve\/wp-json\/wp\/v2\/product"}],"about":[{"href":"https:\/\/anivet.lt\/elparduotuve\/wp-json\/wp\/v2\/types\/product"}],"wp:featuredmedia":[{"embeddable":true,"href":"https:\/\/anivet.lt\/elparduotuve\/wp-json\/wp\/v2\/media\/16093"}],"wp:attachment":[{"href":"https:\/\/anivet.lt\/elparduotuve\/wp-json\/wp\/v2\/media?parent=16092"}],"wp:term":[{"taxonomy":"product_brand","embeddable":true,"href":"https:\/\/anivet.lt\/elparduotuve\/wp-json\/wp\/v2\/product_brand?post=16092"},{"taxonomy":"product_cat","embeddable":true,"href":"https:\/\/anivet.lt\/elparduotuve\/wp-json\/wp\/v2\/product_cat?post=16092"},{"taxonomy":"product_tag","embeddable":true,"href":"https:\/\/anivet.lt\/elparduotuve\/wp-json\/wp\/v2\/product_tag?post=16092"}],"curies":[{"name":"wp","href":"https:\/\/api.w.org\/{rel}","templated":true}]}}