{"id":16097,"date":"2025-01-08T11:58:10","date_gmt":"2025-01-08T11:58:10","guid":{"rendered":"https:\/\/anivet.lt\/elparduotuve\/?post_type=product&#038;p=16097"},"modified":"2026-01-15T10:53:04","modified_gmt":"2026-01-15T10:53:04","slug":"hills-prescription-diet-canine-d-d-duck-rice-alergijoms-ir-netoleravimui","status":"publish","type":"product","link":"https:\/\/anivet.lt\/elparduotuve\/produktas\/hills-prescription-diet-canine-d-d-duck-rice-alergijoms-ir-netoleravimui\/","title":{"rendered":"Hill\u2019s Prescription Diet\u00ae Canine d\/d Duck &#038; Rice alergijoms ir netoleravimui"},"content":{"rendered":"<p>\u0160is sausas pa\u0161aras su antiena ir ry\u017eiais yra specialiai sukurtas \u0161unims, turintiems jautrum\u0105 pa\u0161arui ar odos problemas. Jo sud\u0117tyje yra ribotas ingredient\u0173 kiekis, \u012fskaitant vienos r\u016b\u0161ies gyv\u016bnin\u012f baltym\u0105, tod\u0117l jis puikiai tinka jautriems augintiniams. Klini\u0161kai \u012frodyta, kad pa\u0161aras padeda i\u0161vengti nepageidaujam\u0173 reakcij\u0173 \u012f pa\u0161ar\u0105 ir pagerina odos b\u016bkl\u0119.<\/p>\n<ul>\n<li>Vienos r\u016b\u0161ies gyv\u016bniniai baltymai: 12% antienos miltai \u2013 auk\u0161tos kokyb\u0117s ir lengvai vir\u0161kinamas baltym\u0173 \u0161altinis.<\/li>\n<li>Be sojos baltym\u0173: Pa\u0161alinami da\u017eni alergizuojantys ingredientai, siekiant suma\u017einti jautrumo rizik\u0105.<\/li>\n<li>Praturtintas omega-3 riebal\u0173 r\u016bg\u0161timis: Palaiko sveik\u0105 od\u0105 ir blizgant\u012f kail\u012f.<\/li>\n<li>Ribotas sudedam\u0173j\u0173 dali\u0173 kiekis: Brewer&#8217;s ry\u017eiai (66%) \u2013 puikus, lengvai vir\u0161kinamas angliavandeni\u0173 \u0161altinis.<\/li>\n<li>Klinikinis efektyvumas: Maitina od\u0105, stiprina odos barjer\u0105 ir gerina vir\u0161kinim\u0105 bei i\u0161mat\u0173 kokyb\u0119.<\/li>\n<\/ul>\n<p>\u201eHill\u2019s Prescription Diet\u00ae Canine d\/d\u201d yra idealus pasirinkimas \u0161unims, turintiems pa\u0161aro jautrum\u0105 ar alergijas. \u0160is dietinis pa\u0161aras padeda palaikyti sveik\u0105 od\u0105, vir\u0161kinim\u0105 ir bendr\u0105 \u0161uns savijaut\u0105, u\u017etikrinant ilgalaik\u012f komfort\u0105.<\/p>\n","protected":false},"excerpt":{"rendered":"<p>\u0160is sausas pa\u0161aras su antiena ir ry\u017eiais yra specialiai sukurtas \u0161unims, turintiems jautrum\u0105 pa\u0161arui ar odos problemas. Jo sud\u0117tyje yra<\/p>\n","protected":false},"featured_media":16098,"template":"","meta":[],"product_brand":[],"product_cat":[101,103,107,333],"product_tag":[],"class_list":{"0":"post-16097","1":"product","2":"type-product","3":"status-publish","4":"has-post-thumbnail","6":"product_cat-sunims","7":"product_cat-sunu-maistas","8":"product_cat-veterinarine-dieta","9":"product_cat-hills-sunu-maistas","10":"pa_prekinis-zenklas-hills","12":"first","13":"instock","14":"taxable","15":"shipping-taxable","16":"purchasable","17":"product-type-variable"},"yoast_head":"<!-- This site is optimized with the Yoast SEO Premium plugin v27.1 (Yoast SEO v27.5) - https:\/\/yoast.com\/product\/yoast-seo-premium-wordpress\/ -->\n<title>Hill\u2019s Prescription Diet\u00ae Canine d\/d Duck &amp; Rice alergijoms ir netoleravimui - anivet.lt<\/title>\n<meta name=\"description\" content=\"\u0160is sausas pa\u0161aras su antiena ir ry\u017eiais yra specialiai sukurtas \u0161unims, turintiems jautrum\u0105 pa\u0161arui ar odos problemas. Jo sud\u0117tyje yra ribotas\" \/>\n<meta name=\"robots\" content=\"index, follow, max-snippet:-1, max-image-preview:large, max-video-preview:-1\" \/>\n<link rel=\"canonical\" href=\"https:\/\/anivet.lt\/elparduotuve\/produktas\/hills-prescription-diet-canine-d-d-duck-rice-alergijoms-ir-netoleravimui\/\" \/>\n<meta property=\"og:locale\" content=\"lt_LT\" \/>\n<meta property=\"og:type\" content=\"article\" \/>\n<meta property=\"og:title\" content=\"Hill\u2019s Prescription Diet\u00ae Canine d\/d Duck &amp; Rice alergijoms ir netoleravimui\" \/>\n<meta property=\"og:description\" content=\"\u0160is sausas pa\u0161aras su antiena ir ry\u017eiais yra specialiai sukurtas \u0161unims, turintiems jautrum\u0105 pa\u0161arui ar odos problemas. Jo sud\u0117tyje yra ribotas\" \/>\n<meta property=\"og:url\" content=\"https:\/\/anivet.lt\/elparduotuve\/produktas\/hills-prescription-diet-canine-d-d-duck-rice-alergijoms-ir-netoleravimui\/\" \/>\n<meta property=\"og:site_name\" content=\"anivet.lt\" \/>\n<meta property=\"article:modified_time\" content=\"2026-01-15T10:53:04+00:00\" \/>\n<meta property=\"og:image\" content=\"https:\/\/anivet.lt\/elparduotuve\/wp-content\/uploads\/2025\/01\/6Hills-Prescription-Diet\u00ae-Canine-dd-Duck-Rice-alergijoms-ir-netoleravimui.jpg\" \/>\n\t<meta property=\"og:image:width\" content=\"768\" \/>\n\t<meta property=\"og:image:height\" content=\"768\" \/>\n\t<meta property=\"og:image:type\" content=\"image\/jpeg\" \/>\n<meta name=\"twitter:card\" content=\"summary_large_image\" \/>\n<meta name=\"twitter:label1\" content=\"Est. reading time\" \/>\n\t<meta name=\"twitter:data1\" content=\"1 minut\u0117\" \/>\n<script type=\"application\/ld+json\" class=\"yoast-schema-graph\">{\"@context\":\"https:\\\/\\\/schema.org\",\"@graph\":[{\"@type\":\"WebPage\",\"@id\":\"https:\\\/\\\/anivet.lt\\\/elparduotuve\\\/produktas\\\/hills-prescription-diet-canine-d-d-duck-rice-alergijoms-ir-netoleravimui\\\/\",\"url\":\"https:\\\/\\\/anivet.lt\\\/elparduotuve\\\/produktas\\\/hills-prescription-diet-canine-d-d-duck-rice-alergijoms-ir-netoleravimui\\\/\",\"name\":\"Hill\u2019s Prescription Diet\u00ae Canine d\\\/d Duck & Rice alergijoms ir netoleravimui - anivet.lt\",\"isPartOf\":{\"@id\":\"https:\\\/\\\/anivet.lt\\\/elparduotuve\\\/#website\"},\"primaryImageOfPage\":{\"@id\":\"https:\\\/\\\/anivet.lt\\\/elparduotuve\\\/produktas\\\/hills-prescription-diet-canine-d-d-duck-rice-alergijoms-ir-netoleravimui\\\/#primaryimage\"},\"image\":{\"@id\":\"https:\\\/\\\/anivet.lt\\\/elparduotuve\\\/produktas\\\/hills-prescription-diet-canine-d-d-duck-rice-alergijoms-ir-netoleravimui\\\/#primaryimage\"},\"thumbnailUrl\":\"https:\\\/\\\/anivet.lt\\\/elparduotuve\\\/wp-content\\\/uploads\\\/2025\\\/01\\\/6Hills-Prescription-Diet\u00ae-Canine-dd-Duck-Rice-alergijoms-ir-netoleravimui.jpg\",\"datePublished\":\"2025-01-08T11:58:10+00:00\",\"dateModified\":\"2026-01-15T10:53:04+00:00\",\"description\":\"\u0160is sausas pa\u0161aras su antiena ir ry\u017eiais yra specialiai sukurtas \u0161unims, turintiems jautrum\u0105 pa\u0161arui ar odos problemas. Jo sud\u0117tyje yra ribotas\",\"breadcrumb\":{\"@id\":\"https:\\\/\\\/anivet.lt\\\/elparduotuve\\\/produktas\\\/hills-prescription-diet-canine-d-d-duck-rice-alergijoms-ir-netoleravimui\\\/#breadcrumb\"},\"inLanguage\":\"lt-LT\",\"potentialAction\":[{\"@type\":\"ReadAction\",\"target\":[\"https:\\\/\\\/anivet.lt\\\/elparduotuve\\\/produktas\\\/hills-prescription-diet-canine-d-d-duck-rice-alergijoms-ir-netoleravimui\\\/\"]}]},{\"@type\":\"ImageObject\",\"inLanguage\":\"lt-LT\",\"@id\":\"https:\\\/\\\/anivet.lt\\\/elparduotuve\\\/produktas\\\/hills-prescription-diet-canine-d-d-duck-rice-alergijoms-ir-netoleravimui\\\/#primaryimage\",\"url\":\"https:\\\/\\\/anivet.lt\\\/elparduotuve\\\/wp-content\\\/uploads\\\/2025\\\/01\\\/6Hills-Prescription-Diet\u00ae-Canine-dd-Duck-Rice-alergijoms-ir-netoleravimui.jpg\",\"contentUrl\":\"https:\\\/\\\/anivet.lt\\\/elparduotuve\\\/wp-content\\\/uploads\\\/2025\\\/01\\\/6Hills-Prescription-Diet\u00ae-Canine-dd-Duck-Rice-alergijoms-ir-netoleravimui.jpg\",\"width\":768,\"height\":768,\"caption\":\"Hill\u2019s Prescription Diet\u00ae Canine d\\\/d Duck & Rice alergijoms ir netoleravimui\"},{\"@type\":\"BreadcrumbList\",\"@id\":\"https:\\\/\\\/anivet.lt\\\/elparduotuve\\\/produktas\\\/hills-prescription-diet-canine-d-d-duck-rice-alergijoms-ir-netoleravimui\\\/#breadcrumb\",\"itemListElement\":[{\"@type\":\"ListItem\",\"position\":1,\"name\":\"Home\",\"item\":\"https:\\\/\\\/anivet.lt\\\/elparduotuve\\\/\"},{\"@type\":\"ListItem\",\"position\":2,\"name\":\"Produktai\",\"item\":\"https:\\\/\\\/anivet.lt\\\/elparduotuve\\\/produktai\\\/\"},{\"@type\":\"ListItem\",\"position\":3,\"name\":\"Hill\u2019s Prescription Diet\u00ae Canine d\\\/d Duck &#038; Rice alergijoms ir netoleravimui\"}]},{\"@type\":\"WebSite\",\"@id\":\"https:\\\/\\\/anivet.lt\\\/elparduotuve\\\/#website\",\"url\":\"https:\\\/\\\/anivet.lt\\\/elparduotuve\\\/\",\"name\":\"anivet.lt\",\"description\":\"Viskas J\u016bs\u0173 \u0161uns, kat\u0117s prie\u017ei\u016brai\",\"publisher\":{\"@id\":\"https:\\\/\\\/anivet.lt\\\/elparduotuve\\\/#organization\"},\"alternateName\":\"Viskas J\u016bs\u0173 \u0161uns, kat\u0117s prie\u017ei\u016brai\",\"potentialAction\":[{\"@type\":\"SearchAction\",\"target\":{\"@type\":\"EntryPoint\",\"urlTemplate\":\"https:\\\/\\\/anivet.lt\\\/elparduotuve\\\/?s={search_term_string}\"},\"query-input\":{\"@type\":\"PropertyValueSpecification\",\"valueRequired\":true,\"valueName\":\"search_term_string\"}}],\"inLanguage\":\"lt-LT\"},{\"@type\":\"Organization\",\"@id\":\"https:\\\/\\\/anivet.lt\\\/elparduotuve\\\/#organization\",\"name\":\"Viskas J\u016bs\u0173 \u0161uns, kat\u0117s prie\u017ei\u016brai\",\"url\":\"https:\\\/\\\/anivet.lt\\\/elparduotuve\\\/\",\"logo\":{\"@type\":\"ImageObject\",\"inLanguage\":\"lt-LT\",\"@id\":\"https:\\\/\\\/anivet.lt\\\/elparduotuve\\\/#\\\/schema\\\/logo\\\/image\\\/\",\"url\":\"https:\\\/\\\/anivet.lt\\\/elparduotuve\\\/wp-content\\\/uploads\\\/2023\\\/06\\\/logo2.jpg\",\"contentUrl\":\"https:\\\/\\\/anivet.lt\\\/elparduotuve\\\/wp-content\\\/uploads\\\/2023\\\/06\\\/logo2.jpg\",\"width\":655,\"height\":194,\"caption\":\"Viskas J\u016bs\u0173 \u0161uns, kat\u0117s prie\u017ei\u016brai\"},\"image\":{\"@id\":\"https:\\\/\\\/anivet.lt\\\/elparduotuve\\\/#\\\/schema\\\/logo\\\/image\\\/\"}}]}<\/script>\n<!-- \/ Yoast SEO Premium plugin. -->","yoast_head_json":{"title":"Hill\u2019s Prescription Diet\u00ae Canine d\/d Duck & Rice alergijoms ir netoleravimui - anivet.lt","description":"\u0160is sausas pa\u0161aras su antiena ir ry\u017eiais yra specialiai sukurtas \u0161unims, turintiems jautrum\u0105 pa\u0161arui ar odos problemas. Jo sud\u0117tyje yra ribotas","robots":{"index":"index","follow":"follow","max-snippet":"max-snippet:-1","max-image-preview":"max-image-preview:large","max-video-preview":"max-video-preview:-1"},"canonical":"https:\/\/anivet.lt\/elparduotuve\/produktas\/hills-prescription-diet-canine-d-d-duck-rice-alergijoms-ir-netoleravimui\/","og_locale":"lt_LT","og_type":"article","og_title":"Hill\u2019s Prescription Diet\u00ae Canine d\/d Duck & Rice alergijoms ir netoleravimui","og_description":"\u0160is sausas pa\u0161aras su antiena ir ry\u017eiais yra specialiai sukurtas \u0161unims, turintiems jautrum\u0105 pa\u0161arui ar odos problemas. Jo sud\u0117tyje yra ribotas","og_url":"https:\/\/anivet.lt\/elparduotuve\/produktas\/hills-prescription-diet-canine-d-d-duck-rice-alergijoms-ir-netoleravimui\/","og_site_name":"anivet.lt","article_modified_time":"2026-01-15T10:53:04+00:00","og_image":[{"width":768,"height":768,"url":"https:\/\/anivet.lt\/elparduotuve\/wp-content\/uploads\/2025\/01\/6Hills-Prescription-Diet\u00ae-Canine-dd-Duck-Rice-alergijoms-ir-netoleravimui.jpg","type":"image\/jpeg"}],"twitter_card":"summary_large_image","twitter_misc":{"Est. reading time":"1 minut\u0117"},"schema":{"@context":"https:\/\/schema.org","@graph":[{"@type":"WebPage","@id":"https:\/\/anivet.lt\/elparduotuve\/produktas\/hills-prescription-diet-canine-d-d-duck-rice-alergijoms-ir-netoleravimui\/","url":"https:\/\/anivet.lt\/elparduotuve\/produktas\/hills-prescription-diet-canine-d-d-duck-rice-alergijoms-ir-netoleravimui\/","name":"Hill\u2019s Prescription Diet\u00ae Canine d\/d Duck & Rice alergijoms ir netoleravimui - anivet.lt","isPartOf":{"@id":"https:\/\/anivet.lt\/elparduotuve\/#website"},"primaryImageOfPage":{"@id":"https:\/\/anivet.lt\/elparduotuve\/produktas\/hills-prescription-diet-canine-d-d-duck-rice-alergijoms-ir-netoleravimui\/#primaryimage"},"image":{"@id":"https:\/\/anivet.lt\/elparduotuve\/produktas\/hills-prescription-diet-canine-d-d-duck-rice-alergijoms-ir-netoleravimui\/#primaryimage"},"thumbnailUrl":"https:\/\/anivet.lt\/elparduotuve\/wp-content\/uploads\/2025\/01\/6Hills-Prescription-Diet\u00ae-Canine-dd-Duck-Rice-alergijoms-ir-netoleravimui.jpg","datePublished":"2025-01-08T11:58:10+00:00","dateModified":"2026-01-15T10:53:04+00:00","description":"\u0160is sausas pa\u0161aras su antiena ir ry\u017eiais yra specialiai sukurtas \u0161unims, turintiems jautrum\u0105 pa\u0161arui ar odos problemas. Jo sud\u0117tyje yra ribotas","breadcrumb":{"@id":"https:\/\/anivet.lt\/elparduotuve\/produktas\/hills-prescription-diet-canine-d-d-duck-rice-alergijoms-ir-netoleravimui\/#breadcrumb"},"inLanguage":"lt-LT","potentialAction":[{"@type":"ReadAction","target":["https:\/\/anivet.lt\/elparduotuve\/produktas\/hills-prescription-diet-canine-d-d-duck-rice-alergijoms-ir-netoleravimui\/"]}]},{"@type":"ImageObject","inLanguage":"lt-LT","@id":"https:\/\/anivet.lt\/elparduotuve\/produktas\/hills-prescription-diet-canine-d-d-duck-rice-alergijoms-ir-netoleravimui\/#primaryimage","url":"https:\/\/anivet.lt\/elparduotuve\/wp-content\/uploads\/2025\/01\/6Hills-Prescription-Diet\u00ae-Canine-dd-Duck-Rice-alergijoms-ir-netoleravimui.jpg","contentUrl":"https:\/\/anivet.lt\/elparduotuve\/wp-content\/uploads\/2025\/01\/6Hills-Prescription-Diet\u00ae-Canine-dd-Duck-Rice-alergijoms-ir-netoleravimui.jpg","width":768,"height":768,"caption":"Hill\u2019s Prescription Diet\u00ae Canine d\/d Duck & Rice alergijoms ir netoleravimui"},{"@type":"BreadcrumbList","@id":"https:\/\/anivet.lt\/elparduotuve\/produktas\/hills-prescription-diet-canine-d-d-duck-rice-alergijoms-ir-netoleravimui\/#breadcrumb","itemListElement":[{"@type":"ListItem","position":1,"name":"Home","item":"https:\/\/anivet.lt\/elparduotuve\/"},{"@type":"ListItem","position":2,"name":"Produktai","item":"https:\/\/anivet.lt\/elparduotuve\/produktai\/"},{"@type":"ListItem","position":3,"name":"Hill\u2019s Prescription Diet\u00ae Canine d\/d Duck &#038; Rice alergijoms ir netoleravimui"}]},{"@type":"WebSite","@id":"https:\/\/anivet.lt\/elparduotuve\/#website","url":"https:\/\/anivet.lt\/elparduotuve\/","name":"anivet.lt","description":"Viskas J\u016bs\u0173 \u0161uns, kat\u0117s prie\u017ei\u016brai","publisher":{"@id":"https:\/\/anivet.lt\/elparduotuve\/#organization"},"alternateName":"Viskas J\u016bs\u0173 \u0161uns, kat\u0117s prie\u017ei\u016brai","potentialAction":[{"@type":"SearchAction","target":{"@type":"EntryPoint","urlTemplate":"https:\/\/anivet.lt\/elparduotuve\/?s={search_term_string}"},"query-input":{"@type":"PropertyValueSpecification","valueRequired":true,"valueName":"search_term_string"}}],"inLanguage":"lt-LT"},{"@type":"Organization","@id":"https:\/\/anivet.lt\/elparduotuve\/#organization","name":"Viskas J\u016bs\u0173 \u0161uns, kat\u0117s prie\u017ei\u016brai","url":"https:\/\/anivet.lt\/elparduotuve\/","logo":{"@type":"ImageObject","inLanguage":"lt-LT","@id":"https:\/\/anivet.lt\/elparduotuve\/#\/schema\/logo\/image\/","url":"https:\/\/anivet.lt\/elparduotuve\/wp-content\/uploads\/2023\/06\/logo2.jpg","contentUrl":"https:\/\/anivet.lt\/elparduotuve\/wp-content\/uploads\/2023\/06\/logo2.jpg","width":655,"height":194,"caption":"Viskas J\u016bs\u0173 \u0161uns, kat\u0117s prie\u017ei\u016brai"},"image":{"@id":"https:\/\/anivet.lt\/elparduotuve\/#\/schema\/logo\/image\/"}}]}},"_links":{"self":[{"href":"https:\/\/anivet.lt\/elparduotuve\/wp-json\/wp\/v2\/product\/16097","targetHints":{"allow":["GET"]}}],"collection":[{"href":"https:\/\/anivet.lt\/elparduotuve\/wp-json\/wp\/v2\/product"}],"about":[{"href":"https:\/\/anivet.lt\/elparduotuve\/wp-json\/wp\/v2\/types\/product"}],"wp:featuredmedia":[{"embeddable":true,"href":"https:\/\/anivet.lt\/elparduotuve\/wp-json\/wp\/v2\/media\/16098"}],"wp:attachment":[{"href":"https:\/\/anivet.lt\/elparduotuve\/wp-json\/wp\/v2\/media?parent=16097"}],"wp:term":[{"taxonomy":"product_brand","embeddable":true,"href":"https:\/\/anivet.lt\/elparduotuve\/wp-json\/wp\/v2\/product_brand?post=16097"},{"taxonomy":"product_cat","embeddable":true,"href":"https:\/\/anivet.lt\/elparduotuve\/wp-json\/wp\/v2\/product_cat?post=16097"},{"taxonomy":"product_tag","embeddable":true,"href":"https:\/\/anivet.lt\/elparduotuve\/wp-json\/wp\/v2\/product_tag?post=16097"}],"curies":[{"name":"wp","href":"https:\/\/api.w.org\/{rel}","templated":true}]}}