{"id":16115,"date":"2025-01-08T12:38:37","date_gmt":"2025-01-08T12:38:37","guid":{"rendered":"https:\/\/anivet.lt\/elparduotuve\/?post_type=product&#038;p=16115"},"modified":"2026-02-28T23:02:56","modified_gmt":"2026-02-28T23:02:56","slug":"dia-tab-zarnyno-absorbcijai-6tab","status":"publish","type":"product","link":"https:\/\/anivet.lt\/elparduotuve\/produktas\/dia-tab-zarnyno-absorbcijai-6tab\/","title":{"rendered":"Dia Tab \u017earnyno absorbcijai 6tab."},"content":{"rendered":"<p><span style=\"font-weight: 400;\">Pa\u0161aro papildas, skirtas palaikyti \u0161un\u0173 \u017earnyno funkcij\u0105 \u016bmi\u0173 absorbcijos sutrikim\u0173 metu. Sud\u0117tyje esantis subalansuotas nat\u016brali\u0173 med\u017eiag\u0173 derinys padeda reguliuoti vir\u0161kinimo procesus ir atkurti elektrolit\u0173 pusiausvyr\u0105.<\/span><\/p>\n<ul>\n<li style=\"font-weight: 400;\" aria-level=\"1\"><span style=\"font-weight: 400;\">Vir\u0161kinimo palaikymas: Pektinas ir vaista\u017eoli\u0173 perdirbimo produktai ramina \u017earnyno gleivin\u0119 ir padeda reguliuoti vir\u0161kinim\u0105.<\/span><\/li>\n<li style=\"font-weight: 400;\" aria-level=\"1\"><span style=\"font-weight: 400;\">Elektrolit\u0173 atstatymas: Natrio, kalio ir bikarbonato junginiai atkuria elektrolit\u0173 balans\u0105, ma\u017eindami dehidratacijos rizik\u0105.<\/span><\/li>\n<li style=\"font-weight: 400;\" aria-level=\"1\"><span style=\"font-weight: 400;\">Toksin\u0173 suri\u0161imas: Bentonitas\u2013montmorilonitas veikia kaip nat\u016bralus adsorbentas, padedantis suri\u0161ti ir pa\u0161alinti toksinus i\u0161 \u017earnyno.<\/span><\/li>\n<li style=\"font-weight: 400;\" aria-level=\"1\"><span style=\"font-weight: 400;\">Beta\u00ednas: Skatina \u017earnyno l\u0105steli\u0173 apsaug\u0105 ir regeneracij\u0105, padedant atkurti normalias funkcijas.<\/span><\/li>\n<li style=\"font-weight: 400;\" aria-level=\"1\"><span style=\"font-weight: 400;\">Subalansuota sud\u0117tis: Praturtintas dekstroze, u\u017etikrinan\u010dia greit\u0105 energijos \u0161altin\u012f \u016bmi\u0173 sutrikim\u0173 metu.<\/span><\/li>\n<\/ul>\n<p><span style=\"font-weight: 400;\">Patikimas pasirinkimas \u0161unims, turintiems \u017earnyno absorbcijos sutrikim\u0173. \u0160is papildas greitai ir veiksmingai padeda atkurti vir\u0161kinimo sistemos pusiausvyr\u0105 bei gerina augintinio savijaut\u0105.<\/span><\/p>\n","protected":false},"excerpt":{"rendered":"<p>Pa\u0161aro papildas, skirtas palaikyti \u0161un\u0173 \u017earnyno funkcij\u0105 \u016bmi\u0173 absorbcijos sutrikim\u0173 metu. Sud\u0117tyje esantis subalansuotas nat\u016brali\u0173 med\u017eiag\u0173 derinys padeda reguliuoti vir\u0161kinimo<\/p>\n","protected":false},"featured_media":16116,"template":"","meta":[],"product_brand":[],"product_cat":[101,113],"product_tag":[],"class_list":{"0":"post-16115","1":"product","2":"type-product","3":"status-publish","4":"has-post-thumbnail","6":"product_cat-sunims","7":"product_cat-vitaminai-ir-papildai","8":"pa_prekinis-zenklas-drn","10":"first","11":"instock","12":"taxable","13":"shipping-taxable","14":"purchasable","15":"product-type-simple"},"yoast_head":"<!-- This site is optimized with the Yoast SEO Premium plugin v27.1 (Yoast SEO v27.5) - https:\/\/yoast.com\/product\/yoast-seo-premium-wordpress\/ -->\n<title>Dia Tab \u017earnyno absorbcijai 6tab. - anivet.lt<\/title>\n<meta name=\"description\" content=\"Pa\u0161aro papildas, skirtas palaikyti \u0161un\u0173 \u017earnyno funkcij\u0105 \u016bmi\u0173 absorbcijos sutrikim\u0173 metu. Sud\u0117tyje esantis subalansuotas nat\u016brali\u0173 med\u017eiag\u0173 derinys padeda\" \/>\n<meta name=\"robots\" content=\"index, follow, max-snippet:-1, max-image-preview:large, max-video-preview:-1\" \/>\n<link rel=\"canonical\" href=\"https:\/\/anivet.lt\/elparduotuve\/produktas\/dia-tab-zarnyno-absorbcijai-6tab\/\" \/>\n<meta property=\"og:locale\" content=\"lt_LT\" \/>\n<meta property=\"og:type\" content=\"article\" \/>\n<meta property=\"og:title\" content=\"Dia Tab \u017earnyno absorbcijai 6tab.\" \/>\n<meta property=\"og:description\" content=\"Pa\u0161aro papildas, skirtas palaikyti \u0161un\u0173 \u017earnyno funkcij\u0105 \u016bmi\u0173 absorbcijos sutrikim\u0173 metu. Sud\u0117tyje esantis subalansuotas nat\u016brali\u0173 med\u017eiag\u0173 derinys padeda\" \/>\n<meta property=\"og:url\" content=\"https:\/\/anivet.lt\/elparduotuve\/produktas\/dia-tab-zarnyno-absorbcijai-6tab\/\" \/>\n<meta property=\"og:site_name\" content=\"anivet.lt\" \/>\n<meta property=\"article:modified_time\" content=\"2026-02-28T23:02:56+00:00\" \/>\n<meta property=\"og:image\" content=\"https:\/\/anivet.lt\/elparduotuve\/wp-content\/uploads\/2025\/01\/37.-Dia-Tab-zarnyno-absorbcijai-6-tab.jpg\" \/>\n\t<meta property=\"og:image:width\" content=\"1000\" \/>\n\t<meta property=\"og:image:height\" content=\"1000\" \/>\n\t<meta property=\"og:image:type\" content=\"image\/jpeg\" \/>\n<meta name=\"twitter:card\" content=\"summary_large_image\" \/>\n<meta name=\"twitter:label1\" content=\"Est. reading time\" \/>\n\t<meta name=\"twitter:data1\" content=\"1 minut\u0117\" \/>\n<script type=\"application\/ld+json\" class=\"yoast-schema-graph\">{\"@context\":\"https:\\\/\\\/schema.org\",\"@graph\":[{\"@type\":\"WebPage\",\"@id\":\"https:\\\/\\\/anivet.lt\\\/elparduotuve\\\/produktas\\\/dia-tab-zarnyno-absorbcijai-6tab\\\/\",\"url\":\"https:\\\/\\\/anivet.lt\\\/elparduotuve\\\/produktas\\\/dia-tab-zarnyno-absorbcijai-6tab\\\/\",\"name\":\"Dia Tab \u017earnyno absorbcijai 6tab. - anivet.lt\",\"isPartOf\":{\"@id\":\"https:\\\/\\\/anivet.lt\\\/elparduotuve\\\/#website\"},\"primaryImageOfPage\":{\"@id\":\"https:\\\/\\\/anivet.lt\\\/elparduotuve\\\/produktas\\\/dia-tab-zarnyno-absorbcijai-6tab\\\/#primaryimage\"},\"image\":{\"@id\":\"https:\\\/\\\/anivet.lt\\\/elparduotuve\\\/produktas\\\/dia-tab-zarnyno-absorbcijai-6tab\\\/#primaryimage\"},\"thumbnailUrl\":\"https:\\\/\\\/anivet.lt\\\/elparduotuve\\\/wp-content\\\/uploads\\\/2025\\\/01\\\/37.-Dia-Tab-zarnyno-absorbcijai-6-tab.jpg\",\"datePublished\":\"2025-01-08T12:38:37+00:00\",\"dateModified\":\"2026-02-28T23:02:56+00:00\",\"description\":\"Pa\u0161aro papildas, skirtas palaikyti \u0161un\u0173 \u017earnyno funkcij\u0105 \u016bmi\u0173 absorbcijos sutrikim\u0173 metu. Sud\u0117tyje esantis subalansuotas nat\u016brali\u0173 med\u017eiag\u0173 derinys padeda\",\"breadcrumb\":{\"@id\":\"https:\\\/\\\/anivet.lt\\\/elparduotuve\\\/produktas\\\/dia-tab-zarnyno-absorbcijai-6tab\\\/#breadcrumb\"},\"inLanguage\":\"lt-LT\",\"potentialAction\":[{\"@type\":\"ReadAction\",\"target\":[\"https:\\\/\\\/anivet.lt\\\/elparduotuve\\\/produktas\\\/dia-tab-zarnyno-absorbcijai-6tab\\\/\"]}]},{\"@type\":\"ImageObject\",\"inLanguage\":\"lt-LT\",\"@id\":\"https:\\\/\\\/anivet.lt\\\/elparduotuve\\\/produktas\\\/dia-tab-zarnyno-absorbcijai-6tab\\\/#primaryimage\",\"url\":\"https:\\\/\\\/anivet.lt\\\/elparduotuve\\\/wp-content\\\/uploads\\\/2025\\\/01\\\/37.-Dia-Tab-zarnyno-absorbcijai-6-tab.jpg\",\"contentUrl\":\"https:\\\/\\\/anivet.lt\\\/elparduotuve\\\/wp-content\\\/uploads\\\/2025\\\/01\\\/37.-Dia-Tab-zarnyno-absorbcijai-6-tab.jpg\",\"width\":1000,\"height\":1000,\"caption\":\"Dia Tab \u017earnyno absorbcijai 6tab.\"},{\"@type\":\"BreadcrumbList\",\"@id\":\"https:\\\/\\\/anivet.lt\\\/elparduotuve\\\/produktas\\\/dia-tab-zarnyno-absorbcijai-6tab\\\/#breadcrumb\",\"itemListElement\":[{\"@type\":\"ListItem\",\"position\":1,\"name\":\"Home\",\"item\":\"https:\\\/\\\/anivet.lt\\\/elparduotuve\\\/\"},{\"@type\":\"ListItem\",\"position\":2,\"name\":\"Produktai\",\"item\":\"https:\\\/\\\/anivet.lt\\\/elparduotuve\\\/produktai\\\/\"},{\"@type\":\"ListItem\",\"position\":3,\"name\":\"Dia Tab \u017earnyno absorbcijai 6tab.\"}]},{\"@type\":\"WebSite\",\"@id\":\"https:\\\/\\\/anivet.lt\\\/elparduotuve\\\/#website\",\"url\":\"https:\\\/\\\/anivet.lt\\\/elparduotuve\\\/\",\"name\":\"anivet.lt\",\"description\":\"Viskas J\u016bs\u0173 \u0161uns, kat\u0117s prie\u017ei\u016brai\",\"publisher\":{\"@id\":\"https:\\\/\\\/anivet.lt\\\/elparduotuve\\\/#organization\"},\"alternateName\":\"Viskas J\u016bs\u0173 \u0161uns, kat\u0117s prie\u017ei\u016brai\",\"potentialAction\":[{\"@type\":\"SearchAction\",\"target\":{\"@type\":\"EntryPoint\",\"urlTemplate\":\"https:\\\/\\\/anivet.lt\\\/elparduotuve\\\/?s={search_term_string}\"},\"query-input\":{\"@type\":\"PropertyValueSpecification\",\"valueRequired\":true,\"valueName\":\"search_term_string\"}}],\"inLanguage\":\"lt-LT\"},{\"@type\":\"Organization\",\"@id\":\"https:\\\/\\\/anivet.lt\\\/elparduotuve\\\/#organization\",\"name\":\"Viskas J\u016bs\u0173 \u0161uns, kat\u0117s prie\u017ei\u016brai\",\"url\":\"https:\\\/\\\/anivet.lt\\\/elparduotuve\\\/\",\"logo\":{\"@type\":\"ImageObject\",\"inLanguage\":\"lt-LT\",\"@id\":\"https:\\\/\\\/anivet.lt\\\/elparduotuve\\\/#\\\/schema\\\/logo\\\/image\\\/\",\"url\":\"https:\\\/\\\/anivet.lt\\\/elparduotuve\\\/wp-content\\\/uploads\\\/2023\\\/06\\\/logo2.jpg\",\"contentUrl\":\"https:\\\/\\\/anivet.lt\\\/elparduotuve\\\/wp-content\\\/uploads\\\/2023\\\/06\\\/logo2.jpg\",\"width\":655,\"height\":194,\"caption\":\"Viskas J\u016bs\u0173 \u0161uns, kat\u0117s prie\u017ei\u016brai\"},\"image\":{\"@id\":\"https:\\\/\\\/anivet.lt\\\/elparduotuve\\\/#\\\/schema\\\/logo\\\/image\\\/\"}}]}<\/script>\n<!-- \/ Yoast SEO Premium plugin. -->","yoast_head_json":{"title":"Dia Tab \u017earnyno absorbcijai 6tab. - anivet.lt","description":"Pa\u0161aro papildas, skirtas palaikyti \u0161un\u0173 \u017earnyno funkcij\u0105 \u016bmi\u0173 absorbcijos sutrikim\u0173 metu. Sud\u0117tyje esantis subalansuotas nat\u016brali\u0173 med\u017eiag\u0173 derinys padeda","robots":{"index":"index","follow":"follow","max-snippet":"max-snippet:-1","max-image-preview":"max-image-preview:large","max-video-preview":"max-video-preview:-1"},"canonical":"https:\/\/anivet.lt\/elparduotuve\/produktas\/dia-tab-zarnyno-absorbcijai-6tab\/","og_locale":"lt_LT","og_type":"article","og_title":"Dia Tab \u017earnyno absorbcijai 6tab.","og_description":"Pa\u0161aro papildas, skirtas palaikyti \u0161un\u0173 \u017earnyno funkcij\u0105 \u016bmi\u0173 absorbcijos sutrikim\u0173 metu. Sud\u0117tyje esantis subalansuotas nat\u016brali\u0173 med\u017eiag\u0173 derinys padeda","og_url":"https:\/\/anivet.lt\/elparduotuve\/produktas\/dia-tab-zarnyno-absorbcijai-6tab\/","og_site_name":"anivet.lt","article_modified_time":"2026-02-28T23:02:56+00:00","og_image":[{"width":1000,"height":1000,"url":"https:\/\/anivet.lt\/elparduotuve\/wp-content\/uploads\/2025\/01\/37.-Dia-Tab-zarnyno-absorbcijai-6-tab.jpg","type":"image\/jpeg"}],"twitter_card":"summary_large_image","twitter_misc":{"Est. reading time":"1 minut\u0117"},"schema":{"@context":"https:\/\/schema.org","@graph":[{"@type":"WebPage","@id":"https:\/\/anivet.lt\/elparduotuve\/produktas\/dia-tab-zarnyno-absorbcijai-6tab\/","url":"https:\/\/anivet.lt\/elparduotuve\/produktas\/dia-tab-zarnyno-absorbcijai-6tab\/","name":"Dia Tab \u017earnyno absorbcijai 6tab. - anivet.lt","isPartOf":{"@id":"https:\/\/anivet.lt\/elparduotuve\/#website"},"primaryImageOfPage":{"@id":"https:\/\/anivet.lt\/elparduotuve\/produktas\/dia-tab-zarnyno-absorbcijai-6tab\/#primaryimage"},"image":{"@id":"https:\/\/anivet.lt\/elparduotuve\/produktas\/dia-tab-zarnyno-absorbcijai-6tab\/#primaryimage"},"thumbnailUrl":"https:\/\/anivet.lt\/elparduotuve\/wp-content\/uploads\/2025\/01\/37.-Dia-Tab-zarnyno-absorbcijai-6-tab.jpg","datePublished":"2025-01-08T12:38:37+00:00","dateModified":"2026-02-28T23:02:56+00:00","description":"Pa\u0161aro papildas, skirtas palaikyti \u0161un\u0173 \u017earnyno funkcij\u0105 \u016bmi\u0173 absorbcijos sutrikim\u0173 metu. Sud\u0117tyje esantis subalansuotas nat\u016brali\u0173 med\u017eiag\u0173 derinys padeda","breadcrumb":{"@id":"https:\/\/anivet.lt\/elparduotuve\/produktas\/dia-tab-zarnyno-absorbcijai-6tab\/#breadcrumb"},"inLanguage":"lt-LT","potentialAction":[{"@type":"ReadAction","target":["https:\/\/anivet.lt\/elparduotuve\/produktas\/dia-tab-zarnyno-absorbcijai-6tab\/"]}]},{"@type":"ImageObject","inLanguage":"lt-LT","@id":"https:\/\/anivet.lt\/elparduotuve\/produktas\/dia-tab-zarnyno-absorbcijai-6tab\/#primaryimage","url":"https:\/\/anivet.lt\/elparduotuve\/wp-content\/uploads\/2025\/01\/37.-Dia-Tab-zarnyno-absorbcijai-6-tab.jpg","contentUrl":"https:\/\/anivet.lt\/elparduotuve\/wp-content\/uploads\/2025\/01\/37.-Dia-Tab-zarnyno-absorbcijai-6-tab.jpg","width":1000,"height":1000,"caption":"Dia Tab \u017earnyno absorbcijai 6tab."},{"@type":"BreadcrumbList","@id":"https:\/\/anivet.lt\/elparduotuve\/produktas\/dia-tab-zarnyno-absorbcijai-6tab\/#breadcrumb","itemListElement":[{"@type":"ListItem","position":1,"name":"Home","item":"https:\/\/anivet.lt\/elparduotuve\/"},{"@type":"ListItem","position":2,"name":"Produktai","item":"https:\/\/anivet.lt\/elparduotuve\/produktai\/"},{"@type":"ListItem","position":3,"name":"Dia Tab \u017earnyno absorbcijai 6tab."}]},{"@type":"WebSite","@id":"https:\/\/anivet.lt\/elparduotuve\/#website","url":"https:\/\/anivet.lt\/elparduotuve\/","name":"anivet.lt","description":"Viskas J\u016bs\u0173 \u0161uns, kat\u0117s prie\u017ei\u016brai","publisher":{"@id":"https:\/\/anivet.lt\/elparduotuve\/#organization"},"alternateName":"Viskas J\u016bs\u0173 \u0161uns, kat\u0117s prie\u017ei\u016brai","potentialAction":[{"@type":"SearchAction","target":{"@type":"EntryPoint","urlTemplate":"https:\/\/anivet.lt\/elparduotuve\/?s={search_term_string}"},"query-input":{"@type":"PropertyValueSpecification","valueRequired":true,"valueName":"search_term_string"}}],"inLanguage":"lt-LT"},{"@type":"Organization","@id":"https:\/\/anivet.lt\/elparduotuve\/#organization","name":"Viskas J\u016bs\u0173 \u0161uns, kat\u0117s prie\u017ei\u016brai","url":"https:\/\/anivet.lt\/elparduotuve\/","logo":{"@type":"ImageObject","inLanguage":"lt-LT","@id":"https:\/\/anivet.lt\/elparduotuve\/#\/schema\/logo\/image\/","url":"https:\/\/anivet.lt\/elparduotuve\/wp-content\/uploads\/2023\/06\/logo2.jpg","contentUrl":"https:\/\/anivet.lt\/elparduotuve\/wp-content\/uploads\/2023\/06\/logo2.jpg","width":655,"height":194,"caption":"Viskas J\u016bs\u0173 \u0161uns, kat\u0117s prie\u017ei\u016brai"},"image":{"@id":"https:\/\/anivet.lt\/elparduotuve\/#\/schema\/logo\/image\/"}}]}},"_links":{"self":[{"href":"https:\/\/anivet.lt\/elparduotuve\/wp-json\/wp\/v2\/product\/16115","targetHints":{"allow":["GET"]}}],"collection":[{"href":"https:\/\/anivet.lt\/elparduotuve\/wp-json\/wp\/v2\/product"}],"about":[{"href":"https:\/\/anivet.lt\/elparduotuve\/wp-json\/wp\/v2\/types\/product"}],"wp:featuredmedia":[{"embeddable":true,"href":"https:\/\/anivet.lt\/elparduotuve\/wp-json\/wp\/v2\/media\/16116"}],"wp:attachment":[{"href":"https:\/\/anivet.lt\/elparduotuve\/wp-json\/wp\/v2\/media?parent=16115"}],"wp:term":[{"taxonomy":"product_brand","embeddable":true,"href":"https:\/\/anivet.lt\/elparduotuve\/wp-json\/wp\/v2\/product_brand?post=16115"},{"taxonomy":"product_cat","embeddable":true,"href":"https:\/\/anivet.lt\/elparduotuve\/wp-json\/wp\/v2\/product_cat?post=16115"},{"taxonomy":"product_tag","embeddable":true,"href":"https:\/\/anivet.lt\/elparduotuve\/wp-json\/wp\/v2\/product_tag?post=16115"}],"curies":[{"name":"wp","href":"https:\/\/api.w.org\/{rel}","templated":true}]}}