{"id":16125,"date":"2025-01-08T13:15:36","date_gmt":"2025-01-08T13:15:36","guid":{"rendered":"https:\/\/anivet.lt\/elparduotuve\/?post_type=product&#038;p=16125"},"modified":"2025-08-29T00:20:45","modified_gmt":"2025-08-29T00:20:45","slug":"hills-prescription-diet-canine-dermcomplete-mini-odos-problemoms","status":"publish","type":"product","link":"https:\/\/anivet.lt\/elparduotuve\/produktas\/hills-prescription-diet-canine-dermcomplete-mini-odos-problemoms\/","title":{"rendered":"Hill\u2019s Prescription Diet\u00ae Canine DermComplete Mini odos problemoms"},"content":{"rendered":"<p>\u0160is sausas pa\u0161aras yra specialiai sukurtas ma\u017e\u0173 veisli\u0173 \u0161unims, jautriems aplinkos dirgikliams ir maisto alergenams. Pa\u0161aras turi ribot\u0105 ingredient\u0173 skai\u010di\u0173 ir subalansuot\u0105 sud\u0117t\u012f, u\u017etikrinan\u010di\u0105 sveik\u0105 odos b\u016bkl\u0119 ir ma\u017eesn\u0119 alergini\u0173 reakcij\u0173 rizik\u0105. Jis tinka ilgalaikiam naudojimui, u\u017etikrinant puiki\u0105 savijaut\u0105 ir aktyv\u0173 gyvenim\u0105.<\/p>\n<ul>\n<li>Ribotas ingredient\u0173 skai\u010dius: Naudojamas vienas naujas gyv\u016bninis baltymas, siekiant suma\u017einti alergijos rizik\u0105.<\/li>\n<li>Histaguard Complex: Pa\u017eangus biologi\u0161kai aktyvi\u0173 med\u017eiag\u0173 ir fitonutrient\u0173 mi\u0161inys padeda palaikyti imunin\u0117s sistemos pusiausvyr\u0105.<\/li>\n<li>Didelis riebal\u0173 r\u016bg\u0161\u010di\u0173 kiekis: Omega-3 ir Omega-6 r\u016bg\u0161tys palaiko sveik\u0105 od\u0105 ir skatina odos regeneracij\u0105.<\/li>\n<li>Klinikinis efektyvumas: \u012erodyta, kad pa\u0161aras slopina imunin\u0117s sistemos reakcijas \u012f aplinkos alergenus ir ma\u017eina nie\u017e\u0117jim\u0105.<\/li>\n<li>S+OXSHIELD formul\u0117: Ma\u017eina struvitini\u0173 ir kalcio oksalato kristal\u0173 susidarymo rizik\u0105, palaikant \u0161lapimo sistemos sveikat\u0105.<\/li>\n<\/ul>\n<p>\u201eHill\u2019s Prescription Diet\u00ae Canine DermComplete Mini\u201d yra idealus pasirinkimas ma\u017e\u0173 veisli\u0173 \u0161unims, kuriems reikia specialios prie\u017ei\u016bros d\u0117l jautrumo aplinkai ar maistui. Subalansuota sud\u0117tis ir puikus skonis u\u017etikrina, kad j\u016bs\u0173 augintinis gyvent\u0173 sveikai ir komforti\u0161kai.<\/p>\n","protected":false},"excerpt":{"rendered":"<p>\u0160is sausas pa\u0161aras yra specialiai sukurtas ma\u017e\u0173 veisli\u0173 \u0161unims, jautriems aplinkos dirgikliams ir maisto alergenams. Pa\u0161aras turi ribot\u0105 ingredient\u0173 skai\u010di\u0173<\/p>\n","protected":false},"featured_media":16126,"template":"","meta":[],"product_brand":[],"product_cat":[101,103,107,333],"product_tag":[],"class_list":{"0":"post-16125","1":"product","2":"type-product","3":"status-publish","4":"has-post-thumbnail","6":"product_cat-sunims","7":"product_cat-sunu-maistas","8":"product_cat-veterinarine-dieta","9":"product_cat-hills-sunu-maistas","10":"pa_prekinis-zenklas-hills","12":"first","13":"instock","14":"taxable","15":"shipping-taxable","16":"purchasable","17":"product-type-variable"},"yoast_head":"<!-- This site is optimized with the Yoast SEO Premium plugin v27.1 (Yoast SEO v27.5) - https:\/\/yoast.com\/product\/yoast-seo-premium-wordpress\/ -->\n<title>Hill\u2019s Prescription Diet\u00ae Canine DermComplete Mini odos problemoms - anivet.lt<\/title>\n<meta name=\"description\" content=\"\u0160is sausas pa\u0161aras yra specialiai sukurtas ma\u017e\u0173 veisli\u0173 \u0161unims, jautriems aplinkos dirgikliams ir maisto alergenams. Pa\u0161aras turi ribot\u0105 ingredient\u0173\" \/>\n<meta name=\"robots\" content=\"index, follow, max-snippet:-1, max-image-preview:large, max-video-preview:-1\" \/>\n<link rel=\"canonical\" href=\"https:\/\/anivet.lt\/elparduotuve\/produktas\/hills-prescription-diet-canine-dermcomplete-mini-odos-problemoms\/\" \/>\n<meta property=\"og:locale\" content=\"lt_LT\" \/>\n<meta property=\"og:type\" content=\"article\" \/>\n<meta property=\"og:title\" content=\"Hill\u2019s Prescription Diet\u00ae Canine DermComplete Mini odos problemoms\" \/>\n<meta property=\"og:description\" content=\"\u0160is sausas pa\u0161aras yra specialiai sukurtas ma\u017e\u0173 veisli\u0173 \u0161unims, jautriems aplinkos dirgikliams ir maisto alergenams. Pa\u0161aras turi ribot\u0105 ingredient\u0173\" \/>\n<meta property=\"og:url\" content=\"https:\/\/anivet.lt\/elparduotuve\/produktas\/hills-prescription-diet-canine-dermcomplete-mini-odos-problemoms\/\" \/>\n<meta property=\"og:site_name\" content=\"anivet.lt\" \/>\n<meta property=\"article:modified_time\" content=\"2025-08-29T00:20:45+00:00\" \/>\n<meta property=\"og:image\" content=\"https:\/\/anivet.lt\/elparduotuve\/wp-content\/uploads\/2025\/01\/10Hills-Prescription-Diet\u00ae-Canine-DermComplete-Mini-odos-problemoms.jpg\" \/>\n\t<meta property=\"og:image:width\" content=\"768\" \/>\n\t<meta property=\"og:image:height\" content=\"768\" \/>\n\t<meta property=\"og:image:type\" content=\"image\/jpeg\" \/>\n<meta name=\"twitter:card\" content=\"summary_large_image\" \/>\n<meta name=\"twitter:label1\" content=\"Est. reading time\" \/>\n\t<meta name=\"twitter:data1\" content=\"1 minut\u0117\" \/>\n<script type=\"application\/ld+json\" class=\"yoast-schema-graph\">{\"@context\":\"https:\\\/\\\/schema.org\",\"@graph\":[{\"@type\":\"WebPage\",\"@id\":\"https:\\\/\\\/anivet.lt\\\/elparduotuve\\\/produktas\\\/hills-prescription-diet-canine-dermcomplete-mini-odos-problemoms\\\/\",\"url\":\"https:\\\/\\\/anivet.lt\\\/elparduotuve\\\/produktas\\\/hills-prescription-diet-canine-dermcomplete-mini-odos-problemoms\\\/\",\"name\":\"Hill\u2019s Prescription Diet\u00ae Canine DermComplete Mini odos problemoms - anivet.lt\",\"isPartOf\":{\"@id\":\"https:\\\/\\\/anivet.lt\\\/elparduotuve\\\/#website\"},\"primaryImageOfPage\":{\"@id\":\"https:\\\/\\\/anivet.lt\\\/elparduotuve\\\/produktas\\\/hills-prescription-diet-canine-dermcomplete-mini-odos-problemoms\\\/#primaryimage\"},\"image\":{\"@id\":\"https:\\\/\\\/anivet.lt\\\/elparduotuve\\\/produktas\\\/hills-prescription-diet-canine-dermcomplete-mini-odos-problemoms\\\/#primaryimage\"},\"thumbnailUrl\":\"https:\\\/\\\/anivet.lt\\\/elparduotuve\\\/wp-content\\\/uploads\\\/2025\\\/01\\\/10Hills-Prescription-Diet\u00ae-Canine-DermComplete-Mini-odos-problemoms.jpg\",\"datePublished\":\"2025-01-08T13:15:36+00:00\",\"dateModified\":\"2025-08-29T00:20:45+00:00\",\"description\":\"\u0160is sausas pa\u0161aras yra specialiai sukurtas ma\u017e\u0173 veisli\u0173 \u0161unims, jautriems aplinkos dirgikliams ir maisto alergenams. Pa\u0161aras turi ribot\u0105 ingredient\u0173\",\"breadcrumb\":{\"@id\":\"https:\\\/\\\/anivet.lt\\\/elparduotuve\\\/produktas\\\/hills-prescription-diet-canine-dermcomplete-mini-odos-problemoms\\\/#breadcrumb\"},\"inLanguage\":\"lt-LT\",\"potentialAction\":[{\"@type\":\"ReadAction\",\"target\":[\"https:\\\/\\\/anivet.lt\\\/elparduotuve\\\/produktas\\\/hills-prescription-diet-canine-dermcomplete-mini-odos-problemoms\\\/\"]}]},{\"@type\":\"ImageObject\",\"inLanguage\":\"lt-LT\",\"@id\":\"https:\\\/\\\/anivet.lt\\\/elparduotuve\\\/produktas\\\/hills-prescription-diet-canine-dermcomplete-mini-odos-problemoms\\\/#primaryimage\",\"url\":\"https:\\\/\\\/anivet.lt\\\/elparduotuve\\\/wp-content\\\/uploads\\\/2025\\\/01\\\/10Hills-Prescription-Diet\u00ae-Canine-DermComplete-Mini-odos-problemoms.jpg\",\"contentUrl\":\"https:\\\/\\\/anivet.lt\\\/elparduotuve\\\/wp-content\\\/uploads\\\/2025\\\/01\\\/10Hills-Prescription-Diet\u00ae-Canine-DermComplete-Mini-odos-problemoms.jpg\",\"width\":768,\"height\":768,\"caption\":\"Hill\u2019s Prescription Diet\u00ae Canine DermComplete Mini odos problemoms\"},{\"@type\":\"BreadcrumbList\",\"@id\":\"https:\\\/\\\/anivet.lt\\\/elparduotuve\\\/produktas\\\/hills-prescription-diet-canine-dermcomplete-mini-odos-problemoms\\\/#breadcrumb\",\"itemListElement\":[{\"@type\":\"ListItem\",\"position\":1,\"name\":\"Home\",\"item\":\"https:\\\/\\\/anivet.lt\\\/elparduotuve\\\/\"},{\"@type\":\"ListItem\",\"position\":2,\"name\":\"Produktai\",\"item\":\"https:\\\/\\\/anivet.lt\\\/elparduotuve\\\/produktai\\\/\"},{\"@type\":\"ListItem\",\"position\":3,\"name\":\"Hill\u2019s Prescription Diet\u00ae Canine DermComplete Mini odos problemoms\"}]},{\"@type\":\"WebSite\",\"@id\":\"https:\\\/\\\/anivet.lt\\\/elparduotuve\\\/#website\",\"url\":\"https:\\\/\\\/anivet.lt\\\/elparduotuve\\\/\",\"name\":\"anivet.lt\",\"description\":\"Viskas J\u016bs\u0173 \u0161uns, kat\u0117s prie\u017ei\u016brai\",\"publisher\":{\"@id\":\"https:\\\/\\\/anivet.lt\\\/elparduotuve\\\/#organization\"},\"alternateName\":\"Viskas J\u016bs\u0173 \u0161uns, kat\u0117s prie\u017ei\u016brai\",\"potentialAction\":[{\"@type\":\"SearchAction\",\"target\":{\"@type\":\"EntryPoint\",\"urlTemplate\":\"https:\\\/\\\/anivet.lt\\\/elparduotuve\\\/?s={search_term_string}\"},\"query-input\":{\"@type\":\"PropertyValueSpecification\",\"valueRequired\":true,\"valueName\":\"search_term_string\"}}],\"inLanguage\":\"lt-LT\"},{\"@type\":\"Organization\",\"@id\":\"https:\\\/\\\/anivet.lt\\\/elparduotuve\\\/#organization\",\"name\":\"Viskas J\u016bs\u0173 \u0161uns, kat\u0117s prie\u017ei\u016brai\",\"url\":\"https:\\\/\\\/anivet.lt\\\/elparduotuve\\\/\",\"logo\":{\"@type\":\"ImageObject\",\"inLanguage\":\"lt-LT\",\"@id\":\"https:\\\/\\\/anivet.lt\\\/elparduotuve\\\/#\\\/schema\\\/logo\\\/image\\\/\",\"url\":\"https:\\\/\\\/anivet.lt\\\/elparduotuve\\\/wp-content\\\/uploads\\\/2023\\\/06\\\/logo2.jpg\",\"contentUrl\":\"https:\\\/\\\/anivet.lt\\\/elparduotuve\\\/wp-content\\\/uploads\\\/2023\\\/06\\\/logo2.jpg\",\"width\":655,\"height\":194,\"caption\":\"Viskas J\u016bs\u0173 \u0161uns, kat\u0117s prie\u017ei\u016brai\"},\"image\":{\"@id\":\"https:\\\/\\\/anivet.lt\\\/elparduotuve\\\/#\\\/schema\\\/logo\\\/image\\\/\"}}]}<\/script>\n<!-- \/ Yoast SEO Premium plugin. -->","yoast_head_json":{"title":"Hill\u2019s Prescription Diet\u00ae Canine DermComplete Mini odos problemoms - anivet.lt","description":"\u0160is sausas pa\u0161aras yra specialiai sukurtas ma\u017e\u0173 veisli\u0173 \u0161unims, jautriems aplinkos dirgikliams ir maisto alergenams. Pa\u0161aras turi ribot\u0105 ingredient\u0173","robots":{"index":"index","follow":"follow","max-snippet":"max-snippet:-1","max-image-preview":"max-image-preview:large","max-video-preview":"max-video-preview:-1"},"canonical":"https:\/\/anivet.lt\/elparduotuve\/produktas\/hills-prescription-diet-canine-dermcomplete-mini-odos-problemoms\/","og_locale":"lt_LT","og_type":"article","og_title":"Hill\u2019s Prescription Diet\u00ae Canine DermComplete Mini odos problemoms","og_description":"\u0160is sausas pa\u0161aras yra specialiai sukurtas ma\u017e\u0173 veisli\u0173 \u0161unims, jautriems aplinkos dirgikliams ir maisto alergenams. Pa\u0161aras turi ribot\u0105 ingredient\u0173","og_url":"https:\/\/anivet.lt\/elparduotuve\/produktas\/hills-prescription-diet-canine-dermcomplete-mini-odos-problemoms\/","og_site_name":"anivet.lt","article_modified_time":"2025-08-29T00:20:45+00:00","og_image":[{"width":768,"height":768,"url":"https:\/\/anivet.lt\/elparduotuve\/wp-content\/uploads\/2025\/01\/10Hills-Prescription-Diet\u00ae-Canine-DermComplete-Mini-odos-problemoms.jpg","type":"image\/jpeg"}],"twitter_card":"summary_large_image","twitter_misc":{"Est. reading time":"1 minut\u0117"},"schema":{"@context":"https:\/\/schema.org","@graph":[{"@type":"WebPage","@id":"https:\/\/anivet.lt\/elparduotuve\/produktas\/hills-prescription-diet-canine-dermcomplete-mini-odos-problemoms\/","url":"https:\/\/anivet.lt\/elparduotuve\/produktas\/hills-prescription-diet-canine-dermcomplete-mini-odos-problemoms\/","name":"Hill\u2019s Prescription Diet\u00ae Canine DermComplete Mini odos problemoms - anivet.lt","isPartOf":{"@id":"https:\/\/anivet.lt\/elparduotuve\/#website"},"primaryImageOfPage":{"@id":"https:\/\/anivet.lt\/elparduotuve\/produktas\/hills-prescription-diet-canine-dermcomplete-mini-odos-problemoms\/#primaryimage"},"image":{"@id":"https:\/\/anivet.lt\/elparduotuve\/produktas\/hills-prescription-diet-canine-dermcomplete-mini-odos-problemoms\/#primaryimage"},"thumbnailUrl":"https:\/\/anivet.lt\/elparduotuve\/wp-content\/uploads\/2025\/01\/10Hills-Prescription-Diet\u00ae-Canine-DermComplete-Mini-odos-problemoms.jpg","datePublished":"2025-01-08T13:15:36+00:00","dateModified":"2025-08-29T00:20:45+00:00","description":"\u0160is sausas pa\u0161aras yra specialiai sukurtas ma\u017e\u0173 veisli\u0173 \u0161unims, jautriems aplinkos dirgikliams ir maisto alergenams. Pa\u0161aras turi ribot\u0105 ingredient\u0173","breadcrumb":{"@id":"https:\/\/anivet.lt\/elparduotuve\/produktas\/hills-prescription-diet-canine-dermcomplete-mini-odos-problemoms\/#breadcrumb"},"inLanguage":"lt-LT","potentialAction":[{"@type":"ReadAction","target":["https:\/\/anivet.lt\/elparduotuve\/produktas\/hills-prescription-diet-canine-dermcomplete-mini-odos-problemoms\/"]}]},{"@type":"ImageObject","inLanguage":"lt-LT","@id":"https:\/\/anivet.lt\/elparduotuve\/produktas\/hills-prescription-diet-canine-dermcomplete-mini-odos-problemoms\/#primaryimage","url":"https:\/\/anivet.lt\/elparduotuve\/wp-content\/uploads\/2025\/01\/10Hills-Prescription-Diet\u00ae-Canine-DermComplete-Mini-odos-problemoms.jpg","contentUrl":"https:\/\/anivet.lt\/elparduotuve\/wp-content\/uploads\/2025\/01\/10Hills-Prescription-Diet\u00ae-Canine-DermComplete-Mini-odos-problemoms.jpg","width":768,"height":768,"caption":"Hill\u2019s Prescription Diet\u00ae Canine DermComplete Mini odos problemoms"},{"@type":"BreadcrumbList","@id":"https:\/\/anivet.lt\/elparduotuve\/produktas\/hills-prescription-diet-canine-dermcomplete-mini-odos-problemoms\/#breadcrumb","itemListElement":[{"@type":"ListItem","position":1,"name":"Home","item":"https:\/\/anivet.lt\/elparduotuve\/"},{"@type":"ListItem","position":2,"name":"Produktai","item":"https:\/\/anivet.lt\/elparduotuve\/produktai\/"},{"@type":"ListItem","position":3,"name":"Hill\u2019s Prescription Diet\u00ae Canine DermComplete Mini odos problemoms"}]},{"@type":"WebSite","@id":"https:\/\/anivet.lt\/elparduotuve\/#website","url":"https:\/\/anivet.lt\/elparduotuve\/","name":"anivet.lt","description":"Viskas J\u016bs\u0173 \u0161uns, kat\u0117s prie\u017ei\u016brai","publisher":{"@id":"https:\/\/anivet.lt\/elparduotuve\/#organization"},"alternateName":"Viskas J\u016bs\u0173 \u0161uns, kat\u0117s prie\u017ei\u016brai","potentialAction":[{"@type":"SearchAction","target":{"@type":"EntryPoint","urlTemplate":"https:\/\/anivet.lt\/elparduotuve\/?s={search_term_string}"},"query-input":{"@type":"PropertyValueSpecification","valueRequired":true,"valueName":"search_term_string"}}],"inLanguage":"lt-LT"},{"@type":"Organization","@id":"https:\/\/anivet.lt\/elparduotuve\/#organization","name":"Viskas J\u016bs\u0173 \u0161uns, kat\u0117s prie\u017ei\u016brai","url":"https:\/\/anivet.lt\/elparduotuve\/","logo":{"@type":"ImageObject","inLanguage":"lt-LT","@id":"https:\/\/anivet.lt\/elparduotuve\/#\/schema\/logo\/image\/","url":"https:\/\/anivet.lt\/elparduotuve\/wp-content\/uploads\/2023\/06\/logo2.jpg","contentUrl":"https:\/\/anivet.lt\/elparduotuve\/wp-content\/uploads\/2023\/06\/logo2.jpg","width":655,"height":194,"caption":"Viskas J\u016bs\u0173 \u0161uns, kat\u0117s prie\u017ei\u016brai"},"image":{"@id":"https:\/\/anivet.lt\/elparduotuve\/#\/schema\/logo\/image\/"}}]}},"_links":{"self":[{"href":"https:\/\/anivet.lt\/elparduotuve\/wp-json\/wp\/v2\/product\/16125","targetHints":{"allow":["GET"]}}],"collection":[{"href":"https:\/\/anivet.lt\/elparduotuve\/wp-json\/wp\/v2\/product"}],"about":[{"href":"https:\/\/anivet.lt\/elparduotuve\/wp-json\/wp\/v2\/types\/product"}],"wp:featuredmedia":[{"embeddable":true,"href":"https:\/\/anivet.lt\/elparduotuve\/wp-json\/wp\/v2\/media\/16126"}],"wp:attachment":[{"href":"https:\/\/anivet.lt\/elparduotuve\/wp-json\/wp\/v2\/media?parent=16125"}],"wp:term":[{"taxonomy":"product_brand","embeddable":true,"href":"https:\/\/anivet.lt\/elparduotuve\/wp-json\/wp\/v2\/product_brand?post=16125"},{"taxonomy":"product_cat","embeddable":true,"href":"https:\/\/anivet.lt\/elparduotuve\/wp-json\/wp\/v2\/product_cat?post=16125"},{"taxonomy":"product_tag","embeddable":true,"href":"https:\/\/anivet.lt\/elparduotuve\/wp-json\/wp\/v2\/product_tag?post=16125"}],"curies":[{"name":"wp","href":"https:\/\/api.w.org\/{rel}","templated":true}]}}