{"id":16133,"date":"2025-01-08T13:32:26","date_gmt":"2025-01-08T13:32:26","guid":{"rendered":"https:\/\/anivet.lt\/elparduotuve\/?post_type=product&#038;p=16133"},"modified":"2025-05-27T13:34:37","modified_gmt":"2025-05-27T13:34:37","slug":"hills-prescription-diet-canine-metabolic-antsvorio-kontrolei","status":"publish","type":"product","link":"https:\/\/anivet.lt\/elparduotuve\/produktas\/hills-prescription-diet-canine-metabolic-antsvorio-kontrolei\/","title":{"rendered":"Hill\u2019s Prescription Diet\u00ae Canine Metabolic antsvorio kontrolei"},"content":{"rendered":"<p>Antsvoris gali suma\u017einti j\u016bs\u0173 \u0161uns gyvenimo kokyb\u0119, judrum\u0105 ir sukelti ilgalaikes sveikatos problemas. Idealus svoris ne tik prailgina augintinio gyvenimo trukm\u0119, bet ir suma\u017eina rizik\u0105 sirgti su antsvoriu susijusiomis ligomis. \u0160is sausas pa\u0161aras padeda efektyviai ir nat\u016braliai reguliuoti \u0161uns svor\u012f, leid\u017eiant jam i\u0161likti aktyviam ir energingam.<\/p>\n<ul>\n<li>Unikali energijos apykaitos reguliacija: Pa\u0161aras padeda nat\u016braliai reguliuoti \u0161uns organizmo energijos apykait\u0105, veiksmingai ma\u017einant svor\u012f.<\/li>\n<li>Riebal\u0173 deginimas: Stiprina nat\u016bral\u0173 \u0161uns geb\u0117jim\u0105 deginti riebalus, u\u017etikrinant ilgalaikius rezultatus.<\/li>\n<li>Ilgiau trunkantis sotumo jausmas: Specialus skaidul\u0173 mi\u0161inys suteikia ilgalaik\u012f sotumo jausm\u0105 ir padeda \u0161uniui jaustis patenkintam.<\/li>\n<li>Efektyvumas patvirtintas tyrimais: 96% namuose laikom\u0173 \u0161un\u0173 numet\u0117 svorio per 2 m\u0117nesius, \u0161eriant \u0161iuo pa\u0161aru.<\/li>\n<li>S+OXSHIELD formul\u0117: Palaiko sveik\u0105 \u0161lapimo sistem\u0105 ir ma\u017eina struvitini\u0173 bei kalcio oksalato akmen\u0173 susidarymo rizik\u0105.<\/li>\n<\/ul>\n<p>\u201eHill\u2019s Prescription Diet\u00ae Canine Metabolic\u201d pa\u0161aras apr\u016bpina \u0161unis visomis reikiamomis maistin\u0117mis med\u017eiagomis, tod\u0117l tinkamas ilgalaikiam naudojimui. Svoris ma\u017e\u0117ja efektyviai ir be dideli\u0173 pastang\u0173, o suma\u017e\u0117j\u0119s svoris i\u0161laikomas ilgam laikui.<\/p>\n","protected":false},"excerpt":{"rendered":"<p>Antsvoris gali suma\u017einti j\u016bs\u0173 \u0161uns gyvenimo kokyb\u0119, judrum\u0105 ir sukelti ilgalaikes sveikatos problemas. Idealus svoris ne tik prailgina augintinio gyvenimo<\/p>\n","protected":false},"featured_media":16134,"template":"","meta":[],"product_brand":[],"product_cat":[101,103,107,333],"product_tag":[],"class_list":{"0":"post-16133","1":"product","2":"type-product","3":"status-publish","4":"has-post-thumbnail","6":"product_cat-sunims","7":"product_cat-sunu-maistas","8":"product_cat-veterinarine-dieta","9":"product_cat-hills-sunu-maistas","10":"pa_prekinis-zenklas-hills","12":"first","13":"instock","14":"taxable","15":"shipping-taxable","16":"purchasable","17":"product-type-variable"},"yoast_head":"<!-- This site is optimized with the Yoast SEO Premium plugin v27.1 (Yoast SEO v27.5) - https:\/\/yoast.com\/product\/yoast-seo-premium-wordpress\/ -->\n<title>Hill\u2019s Prescription Diet\u00ae Canine Metabolic antsvorio kontrolei - anivet.lt<\/title>\n<meta name=\"description\" content=\"Antsvoris gali suma\u017einti j\u016bs\u0173 \u0161uns gyvenimo kokyb\u0119, judrum\u0105 ir sukelti ilgalaikes sveikatos problemas. Idealus svoris ne tik prailgina augintinio gyvenimo\" \/>\n<meta name=\"robots\" content=\"index, follow, max-snippet:-1, max-image-preview:large, max-video-preview:-1\" \/>\n<link rel=\"canonical\" href=\"https:\/\/anivet.lt\/elparduotuve\/produktas\/hills-prescription-diet-canine-metabolic-antsvorio-kontrolei\/\" \/>\n<meta property=\"og:locale\" content=\"lt_LT\" \/>\n<meta property=\"og:type\" content=\"article\" \/>\n<meta property=\"og:title\" content=\"Hill\u2019s Prescription Diet\u00ae Canine Metabolic antsvorio kontrolei\" \/>\n<meta property=\"og:description\" content=\"Antsvoris gali suma\u017einti j\u016bs\u0173 \u0161uns gyvenimo kokyb\u0119, judrum\u0105 ir sukelti ilgalaikes sveikatos problemas. Idealus svoris ne tik prailgina augintinio gyvenimo\" \/>\n<meta property=\"og:url\" content=\"https:\/\/anivet.lt\/elparduotuve\/produktas\/hills-prescription-diet-canine-metabolic-antsvorio-kontrolei\/\" \/>\n<meta property=\"og:site_name\" content=\"anivet.lt\" \/>\n<meta property=\"article:modified_time\" content=\"2025-05-27T13:34:37+00:00\" \/>\n<meta property=\"og:image\" content=\"https:\/\/anivet.lt\/elparduotuve\/wp-content\/uploads\/2025\/01\/12Hills-Prescription-Diet\u00ae-Canine-Metabolic-antsvorio-kontrolei.jpg\" \/>\n\t<meta property=\"og:image:width\" content=\"768\" \/>\n\t<meta property=\"og:image:height\" content=\"768\" \/>\n\t<meta property=\"og:image:type\" content=\"image\/jpeg\" \/>\n<meta name=\"twitter:card\" content=\"summary_large_image\" \/>\n<meta name=\"twitter:label1\" content=\"Est. reading time\" \/>\n\t<meta name=\"twitter:data1\" content=\"2 minut\u0117s\" \/>\n<script type=\"application\/ld+json\" class=\"yoast-schema-graph\">{\"@context\":\"https:\\\/\\\/schema.org\",\"@graph\":[{\"@type\":\"WebPage\",\"@id\":\"https:\\\/\\\/anivet.lt\\\/elparduotuve\\\/produktas\\\/hills-prescription-diet-canine-metabolic-antsvorio-kontrolei\\\/\",\"url\":\"https:\\\/\\\/anivet.lt\\\/elparduotuve\\\/produktas\\\/hills-prescription-diet-canine-metabolic-antsvorio-kontrolei\\\/\",\"name\":\"Hill\u2019s Prescription Diet\u00ae Canine Metabolic antsvorio kontrolei - anivet.lt\",\"isPartOf\":{\"@id\":\"https:\\\/\\\/anivet.lt\\\/elparduotuve\\\/#website\"},\"primaryImageOfPage\":{\"@id\":\"https:\\\/\\\/anivet.lt\\\/elparduotuve\\\/produktas\\\/hills-prescription-diet-canine-metabolic-antsvorio-kontrolei\\\/#primaryimage\"},\"image\":{\"@id\":\"https:\\\/\\\/anivet.lt\\\/elparduotuve\\\/produktas\\\/hills-prescription-diet-canine-metabolic-antsvorio-kontrolei\\\/#primaryimage\"},\"thumbnailUrl\":\"https:\\\/\\\/anivet.lt\\\/elparduotuve\\\/wp-content\\\/uploads\\\/2025\\\/01\\\/12Hills-Prescription-Diet\u00ae-Canine-Metabolic-antsvorio-kontrolei.jpg\",\"datePublished\":\"2025-01-08T13:32:26+00:00\",\"dateModified\":\"2025-05-27T13:34:37+00:00\",\"description\":\"Antsvoris gali suma\u017einti j\u016bs\u0173 \u0161uns gyvenimo kokyb\u0119, judrum\u0105 ir sukelti ilgalaikes sveikatos problemas. Idealus svoris ne tik prailgina augintinio gyvenimo\",\"breadcrumb\":{\"@id\":\"https:\\\/\\\/anivet.lt\\\/elparduotuve\\\/produktas\\\/hills-prescription-diet-canine-metabolic-antsvorio-kontrolei\\\/#breadcrumb\"},\"inLanguage\":\"lt-LT\",\"potentialAction\":[{\"@type\":\"ReadAction\",\"target\":[\"https:\\\/\\\/anivet.lt\\\/elparduotuve\\\/produktas\\\/hills-prescription-diet-canine-metabolic-antsvorio-kontrolei\\\/\"]}]},{\"@type\":\"ImageObject\",\"inLanguage\":\"lt-LT\",\"@id\":\"https:\\\/\\\/anivet.lt\\\/elparduotuve\\\/produktas\\\/hills-prescription-diet-canine-metabolic-antsvorio-kontrolei\\\/#primaryimage\",\"url\":\"https:\\\/\\\/anivet.lt\\\/elparduotuve\\\/wp-content\\\/uploads\\\/2025\\\/01\\\/12Hills-Prescription-Diet\u00ae-Canine-Metabolic-antsvorio-kontrolei.jpg\",\"contentUrl\":\"https:\\\/\\\/anivet.lt\\\/elparduotuve\\\/wp-content\\\/uploads\\\/2025\\\/01\\\/12Hills-Prescription-Diet\u00ae-Canine-Metabolic-antsvorio-kontrolei.jpg\",\"width\":768,\"height\":768,\"caption\":\"Hill\u2019s Prescription Diet\u00ae Canine Metabolic antsvorio kontrolei\"},{\"@type\":\"BreadcrumbList\",\"@id\":\"https:\\\/\\\/anivet.lt\\\/elparduotuve\\\/produktas\\\/hills-prescription-diet-canine-metabolic-antsvorio-kontrolei\\\/#breadcrumb\",\"itemListElement\":[{\"@type\":\"ListItem\",\"position\":1,\"name\":\"Home\",\"item\":\"https:\\\/\\\/anivet.lt\\\/elparduotuve\\\/\"},{\"@type\":\"ListItem\",\"position\":2,\"name\":\"Produktai\",\"item\":\"https:\\\/\\\/anivet.lt\\\/elparduotuve\\\/produktai\\\/\"},{\"@type\":\"ListItem\",\"position\":3,\"name\":\"Hill\u2019s Prescription Diet\u00ae Canine Metabolic antsvorio kontrolei\"}]},{\"@type\":\"WebSite\",\"@id\":\"https:\\\/\\\/anivet.lt\\\/elparduotuve\\\/#website\",\"url\":\"https:\\\/\\\/anivet.lt\\\/elparduotuve\\\/\",\"name\":\"anivet.lt\",\"description\":\"Viskas J\u016bs\u0173 \u0161uns, kat\u0117s prie\u017ei\u016brai\",\"publisher\":{\"@id\":\"https:\\\/\\\/anivet.lt\\\/elparduotuve\\\/#organization\"},\"alternateName\":\"Viskas J\u016bs\u0173 \u0161uns, kat\u0117s prie\u017ei\u016brai\",\"potentialAction\":[{\"@type\":\"SearchAction\",\"target\":{\"@type\":\"EntryPoint\",\"urlTemplate\":\"https:\\\/\\\/anivet.lt\\\/elparduotuve\\\/?s={search_term_string}\"},\"query-input\":{\"@type\":\"PropertyValueSpecification\",\"valueRequired\":true,\"valueName\":\"search_term_string\"}}],\"inLanguage\":\"lt-LT\"},{\"@type\":\"Organization\",\"@id\":\"https:\\\/\\\/anivet.lt\\\/elparduotuve\\\/#organization\",\"name\":\"Viskas J\u016bs\u0173 \u0161uns, kat\u0117s prie\u017ei\u016brai\",\"url\":\"https:\\\/\\\/anivet.lt\\\/elparduotuve\\\/\",\"logo\":{\"@type\":\"ImageObject\",\"inLanguage\":\"lt-LT\",\"@id\":\"https:\\\/\\\/anivet.lt\\\/elparduotuve\\\/#\\\/schema\\\/logo\\\/image\\\/\",\"url\":\"https:\\\/\\\/anivet.lt\\\/elparduotuve\\\/wp-content\\\/uploads\\\/2023\\\/06\\\/logo2.jpg\",\"contentUrl\":\"https:\\\/\\\/anivet.lt\\\/elparduotuve\\\/wp-content\\\/uploads\\\/2023\\\/06\\\/logo2.jpg\",\"width\":655,\"height\":194,\"caption\":\"Viskas J\u016bs\u0173 \u0161uns, kat\u0117s prie\u017ei\u016brai\"},\"image\":{\"@id\":\"https:\\\/\\\/anivet.lt\\\/elparduotuve\\\/#\\\/schema\\\/logo\\\/image\\\/\"}}]}<\/script>\n<!-- \/ Yoast SEO Premium plugin. -->","yoast_head_json":{"title":"Hill\u2019s Prescription Diet\u00ae Canine Metabolic antsvorio kontrolei - anivet.lt","description":"Antsvoris gali suma\u017einti j\u016bs\u0173 \u0161uns gyvenimo kokyb\u0119, judrum\u0105 ir sukelti ilgalaikes sveikatos problemas. Idealus svoris ne tik prailgina augintinio gyvenimo","robots":{"index":"index","follow":"follow","max-snippet":"max-snippet:-1","max-image-preview":"max-image-preview:large","max-video-preview":"max-video-preview:-1"},"canonical":"https:\/\/anivet.lt\/elparduotuve\/produktas\/hills-prescription-diet-canine-metabolic-antsvorio-kontrolei\/","og_locale":"lt_LT","og_type":"article","og_title":"Hill\u2019s Prescription Diet\u00ae Canine Metabolic antsvorio kontrolei","og_description":"Antsvoris gali suma\u017einti j\u016bs\u0173 \u0161uns gyvenimo kokyb\u0119, judrum\u0105 ir sukelti ilgalaikes sveikatos problemas. Idealus svoris ne tik prailgina augintinio gyvenimo","og_url":"https:\/\/anivet.lt\/elparduotuve\/produktas\/hills-prescription-diet-canine-metabolic-antsvorio-kontrolei\/","og_site_name":"anivet.lt","article_modified_time":"2025-05-27T13:34:37+00:00","og_image":[{"width":768,"height":768,"url":"https:\/\/anivet.lt\/elparduotuve\/wp-content\/uploads\/2025\/01\/12Hills-Prescription-Diet\u00ae-Canine-Metabolic-antsvorio-kontrolei.jpg","type":"image\/jpeg"}],"twitter_card":"summary_large_image","twitter_misc":{"Est. reading time":"2 minut\u0117s"},"schema":{"@context":"https:\/\/schema.org","@graph":[{"@type":"WebPage","@id":"https:\/\/anivet.lt\/elparduotuve\/produktas\/hills-prescription-diet-canine-metabolic-antsvorio-kontrolei\/","url":"https:\/\/anivet.lt\/elparduotuve\/produktas\/hills-prescription-diet-canine-metabolic-antsvorio-kontrolei\/","name":"Hill\u2019s Prescription Diet\u00ae Canine Metabolic antsvorio kontrolei - anivet.lt","isPartOf":{"@id":"https:\/\/anivet.lt\/elparduotuve\/#website"},"primaryImageOfPage":{"@id":"https:\/\/anivet.lt\/elparduotuve\/produktas\/hills-prescription-diet-canine-metabolic-antsvorio-kontrolei\/#primaryimage"},"image":{"@id":"https:\/\/anivet.lt\/elparduotuve\/produktas\/hills-prescription-diet-canine-metabolic-antsvorio-kontrolei\/#primaryimage"},"thumbnailUrl":"https:\/\/anivet.lt\/elparduotuve\/wp-content\/uploads\/2025\/01\/12Hills-Prescription-Diet\u00ae-Canine-Metabolic-antsvorio-kontrolei.jpg","datePublished":"2025-01-08T13:32:26+00:00","dateModified":"2025-05-27T13:34:37+00:00","description":"Antsvoris gali suma\u017einti j\u016bs\u0173 \u0161uns gyvenimo kokyb\u0119, judrum\u0105 ir sukelti ilgalaikes sveikatos problemas. Idealus svoris ne tik prailgina augintinio gyvenimo","breadcrumb":{"@id":"https:\/\/anivet.lt\/elparduotuve\/produktas\/hills-prescription-diet-canine-metabolic-antsvorio-kontrolei\/#breadcrumb"},"inLanguage":"lt-LT","potentialAction":[{"@type":"ReadAction","target":["https:\/\/anivet.lt\/elparduotuve\/produktas\/hills-prescription-diet-canine-metabolic-antsvorio-kontrolei\/"]}]},{"@type":"ImageObject","inLanguage":"lt-LT","@id":"https:\/\/anivet.lt\/elparduotuve\/produktas\/hills-prescription-diet-canine-metabolic-antsvorio-kontrolei\/#primaryimage","url":"https:\/\/anivet.lt\/elparduotuve\/wp-content\/uploads\/2025\/01\/12Hills-Prescription-Diet\u00ae-Canine-Metabolic-antsvorio-kontrolei.jpg","contentUrl":"https:\/\/anivet.lt\/elparduotuve\/wp-content\/uploads\/2025\/01\/12Hills-Prescription-Diet\u00ae-Canine-Metabolic-antsvorio-kontrolei.jpg","width":768,"height":768,"caption":"Hill\u2019s Prescription Diet\u00ae Canine Metabolic antsvorio kontrolei"},{"@type":"BreadcrumbList","@id":"https:\/\/anivet.lt\/elparduotuve\/produktas\/hills-prescription-diet-canine-metabolic-antsvorio-kontrolei\/#breadcrumb","itemListElement":[{"@type":"ListItem","position":1,"name":"Home","item":"https:\/\/anivet.lt\/elparduotuve\/"},{"@type":"ListItem","position":2,"name":"Produktai","item":"https:\/\/anivet.lt\/elparduotuve\/produktai\/"},{"@type":"ListItem","position":3,"name":"Hill\u2019s Prescription Diet\u00ae Canine Metabolic antsvorio kontrolei"}]},{"@type":"WebSite","@id":"https:\/\/anivet.lt\/elparduotuve\/#website","url":"https:\/\/anivet.lt\/elparduotuve\/","name":"anivet.lt","description":"Viskas J\u016bs\u0173 \u0161uns, kat\u0117s prie\u017ei\u016brai","publisher":{"@id":"https:\/\/anivet.lt\/elparduotuve\/#organization"},"alternateName":"Viskas J\u016bs\u0173 \u0161uns, kat\u0117s prie\u017ei\u016brai","potentialAction":[{"@type":"SearchAction","target":{"@type":"EntryPoint","urlTemplate":"https:\/\/anivet.lt\/elparduotuve\/?s={search_term_string}"},"query-input":{"@type":"PropertyValueSpecification","valueRequired":true,"valueName":"search_term_string"}}],"inLanguage":"lt-LT"},{"@type":"Organization","@id":"https:\/\/anivet.lt\/elparduotuve\/#organization","name":"Viskas J\u016bs\u0173 \u0161uns, kat\u0117s prie\u017ei\u016brai","url":"https:\/\/anivet.lt\/elparduotuve\/","logo":{"@type":"ImageObject","inLanguage":"lt-LT","@id":"https:\/\/anivet.lt\/elparduotuve\/#\/schema\/logo\/image\/","url":"https:\/\/anivet.lt\/elparduotuve\/wp-content\/uploads\/2023\/06\/logo2.jpg","contentUrl":"https:\/\/anivet.lt\/elparduotuve\/wp-content\/uploads\/2023\/06\/logo2.jpg","width":655,"height":194,"caption":"Viskas J\u016bs\u0173 \u0161uns, kat\u0117s prie\u017ei\u016brai"},"image":{"@id":"https:\/\/anivet.lt\/elparduotuve\/#\/schema\/logo\/image\/"}}]}},"_links":{"self":[{"href":"https:\/\/anivet.lt\/elparduotuve\/wp-json\/wp\/v2\/product\/16133","targetHints":{"allow":["GET"]}}],"collection":[{"href":"https:\/\/anivet.lt\/elparduotuve\/wp-json\/wp\/v2\/product"}],"about":[{"href":"https:\/\/anivet.lt\/elparduotuve\/wp-json\/wp\/v2\/types\/product"}],"wp:featuredmedia":[{"embeddable":true,"href":"https:\/\/anivet.lt\/elparduotuve\/wp-json\/wp\/v2\/media\/16134"}],"wp:attachment":[{"href":"https:\/\/anivet.lt\/elparduotuve\/wp-json\/wp\/v2\/media?parent=16133"}],"wp:term":[{"taxonomy":"product_brand","embeddable":true,"href":"https:\/\/anivet.lt\/elparduotuve\/wp-json\/wp\/v2\/product_brand?post=16133"},{"taxonomy":"product_cat","embeddable":true,"href":"https:\/\/anivet.lt\/elparduotuve\/wp-json\/wp\/v2\/product_cat?post=16133"},{"taxonomy":"product_tag","embeddable":true,"href":"https:\/\/anivet.lt\/elparduotuve\/wp-json\/wp\/v2\/product_tag?post=16133"}],"curies":[{"name":"wp","href":"https:\/\/api.w.org\/{rel}","templated":true}]}}