{"id":16139,"date":"2025-01-08T13:42:42","date_gmt":"2025-01-08T13:42:42","guid":{"rendered":"https:\/\/anivet.lt\/elparduotuve\/?post_type=product&#038;p=16139"},"modified":"2026-02-23T12:32:59","modified_gmt":"2026-02-23T12:32:59","slug":"hills-prescription-diet-canine-metabolicmobility-antsvorio-sanariu-kontrolei","status":"publish","type":"product","link":"https:\/\/anivet.lt\/elparduotuve\/produktas\/hills-prescription-diet-canine-metabolicmobility-antsvorio-sanariu-kontrolei\/","title":{"rendered":"Hill\u2019s Prescription Diet\u00ae Canine Metabolic+Mobility antsvorio s\u0105nari\u0173 kontrolei"},"content":{"rendered":"<p>\u0160is sausas pa\u0161aras yra specialiai sukurtas Hill\u2019s veterinar\u0173 ir mitybos specialist\u0173, siekiant pad\u0117ti \u0161unims numesti svorio, palaikyti s\u0105nari\u0173 sveikat\u0105 ir u\u017etikrinti j\u0173 ger\u0105 savijaut\u0105. Jo subalansuota formul\u0117 nat\u016braliai reguliuoja \u0161uns energijos apykait\u0105, padeda ma\u017einti svor\u012f be vargo ir stiprina judrum\u0105.<\/p>\n<ul>\n<li>Energijos apykaitos reguliavimas: Pa\u0161aras nat\u016braliai reguliuoja \u0161uns energijos apykait\u0105, leid\u017eiant efektyviai ma\u017einti svor\u012f.<\/li>\n<li>S\u0105nari\u0173 stiprinimas: Sud\u0117tyje yra gliukozamino, chondroitino sulfato ir Omega-3 riebal\u0173 r\u016bg\u0161\u010di\u0173, palaikan\u010di\u0173 s\u0105nari\u0173 sveikat\u0105.<\/li>\n<li>Riebal\u0173 deginimo skatinimas: Stiprina nat\u016bral\u0173 \u0161uns geb\u0117jim\u0105 deginti riebalus ir palaiko aktyvum\u0105.<\/li>\n<li>Efektyvumas patvirtintas tyrimais: Pagerina \u0161uns judrum\u0105 vos per 21 dien\u0105 ir padeda numesti svorio per 2 m\u0117nesius.<\/li>\n<li>S+OXSHIELD formul\u0117: Ma\u017eina struvit\u0173 ir kalcio oksalato kristal\u0173 susidarymo rizik\u0105, u\u017etikrinant sveik\u0105 \u0161lapimo sistem\u0105.<\/li>\n<\/ul>\n<p>\u201eHill\u2019s Prescription Diet\u00ae Canine Metabolic+Mobility\u201d yra tinkamas ilgalaikiam naudojimui, u\u017etikrinant \u0161uns svorio kontrol\u0119 ir s\u0105nari\u0173 sveikat\u0105. Subalansuota mityba leid\u017eia \u0161unims aktyviai \u017eaisti ir m\u0117gautis gyvenimu.<\/p>\n","protected":false},"excerpt":{"rendered":"<p>\u0160is sausas pa\u0161aras yra specialiai sukurtas Hill\u2019s veterinar\u0173 ir mitybos specialist\u0173, siekiant pad\u0117ti \u0161unims numesti svorio, palaikyti s\u0105nari\u0173 sveikat\u0105 ir<\/p>\n","protected":false},"featured_media":16140,"template":"","meta":[],"product_brand":[],"product_cat":[101,103,107,333],"product_tag":[],"class_list":{"0":"post-16139","1":"product","2":"type-product","3":"status-publish","4":"has-post-thumbnail","6":"product_cat-sunims","7":"product_cat-sunu-maistas","8":"product_cat-veterinarine-dieta","9":"product_cat-hills-sunu-maistas","10":"pa_prekinis-zenklas-hills","12":"first","13":"instock","14":"taxable","15":"shipping-taxable","16":"purchasable","17":"product-type-simple"},"yoast_head":"<!-- This site is optimized with the Yoast SEO Premium plugin v27.1 (Yoast SEO v27.5) - https:\/\/yoast.com\/product\/yoast-seo-premium-wordpress\/ -->\n<title>Hill\u2019s Prescription Diet\u00ae Canine Metabolic+Mobility antsvorio s\u0105nari\u0173 kontrolei - anivet.lt<\/title>\n<meta name=\"description\" content=\"\u0160is sausas pa\u0161aras yra specialiai sukurtas Hill\u2019s veterinar\u0173 ir mitybos specialist\u0173, siekiant pad\u0117ti \u0161unims numesti svorio, palaikyti s\u0105nari\u0173 sveikat\u0105 ir\" \/>\n<meta name=\"robots\" content=\"index, follow, max-snippet:-1, max-image-preview:large, max-video-preview:-1\" \/>\n<link rel=\"canonical\" href=\"https:\/\/anivet.lt\/elparduotuve\/produktas\/hills-prescription-diet-canine-metabolicmobility-antsvorio-sanariu-kontrolei\/\" \/>\n<meta property=\"og:locale\" content=\"lt_LT\" \/>\n<meta property=\"og:type\" content=\"article\" \/>\n<meta property=\"og:title\" content=\"Hill\u2019s Prescription Diet\u00ae Canine Metabolic+Mobility antsvorio s\u0105nari\u0173 kontrolei\" \/>\n<meta property=\"og:description\" content=\"\u0160is sausas pa\u0161aras yra specialiai sukurtas Hill\u2019s veterinar\u0173 ir mitybos specialist\u0173, siekiant pad\u0117ti \u0161unims numesti svorio, palaikyti s\u0105nari\u0173 sveikat\u0105 ir\" \/>\n<meta property=\"og:url\" content=\"https:\/\/anivet.lt\/elparduotuve\/produktas\/hills-prescription-diet-canine-metabolicmobility-antsvorio-sanariu-kontrolei\/\" \/>\n<meta property=\"og:site_name\" content=\"anivet.lt\" \/>\n<meta property=\"article:modified_time\" content=\"2026-02-23T12:32:59+00:00\" \/>\n<meta property=\"og:image\" content=\"https:\/\/anivet.lt\/elparduotuve\/wp-content\/uploads\/2025\/01\/14Hills-Prescription-Diet\u00ae-Canine-Metabolic-Mobility-antsvorio-sanariu-kontrolei.jpg\" \/>\n\t<meta property=\"og:image:width\" content=\"768\" \/>\n\t<meta property=\"og:image:height\" content=\"768\" \/>\n\t<meta property=\"og:image:type\" content=\"image\/jpeg\" \/>\n<meta name=\"twitter:card\" content=\"summary_large_image\" \/>\n<meta name=\"twitter:label1\" content=\"Est. reading time\" \/>\n\t<meta name=\"twitter:data1\" content=\"1 minut\u0117\" \/>\n<script type=\"application\/ld+json\" class=\"yoast-schema-graph\">{\"@context\":\"https:\\\/\\\/schema.org\",\"@graph\":[{\"@type\":\"WebPage\",\"@id\":\"https:\\\/\\\/anivet.lt\\\/elparduotuve\\\/produktas\\\/hills-prescription-diet-canine-metabolicmobility-antsvorio-sanariu-kontrolei\\\/\",\"url\":\"https:\\\/\\\/anivet.lt\\\/elparduotuve\\\/produktas\\\/hills-prescription-diet-canine-metabolicmobility-antsvorio-sanariu-kontrolei\\\/\",\"name\":\"Hill\u2019s Prescription Diet\u00ae Canine Metabolic+Mobility antsvorio s\u0105nari\u0173 kontrolei - anivet.lt\",\"isPartOf\":{\"@id\":\"https:\\\/\\\/anivet.lt\\\/elparduotuve\\\/#website\"},\"primaryImageOfPage\":{\"@id\":\"https:\\\/\\\/anivet.lt\\\/elparduotuve\\\/produktas\\\/hills-prescription-diet-canine-metabolicmobility-antsvorio-sanariu-kontrolei\\\/#primaryimage\"},\"image\":{\"@id\":\"https:\\\/\\\/anivet.lt\\\/elparduotuve\\\/produktas\\\/hills-prescription-diet-canine-metabolicmobility-antsvorio-sanariu-kontrolei\\\/#primaryimage\"},\"thumbnailUrl\":\"https:\\\/\\\/anivet.lt\\\/elparduotuve\\\/wp-content\\\/uploads\\\/2025\\\/01\\\/14Hills-Prescription-Diet\u00ae-Canine-Metabolic-Mobility-antsvorio-sanariu-kontrolei.jpg\",\"datePublished\":\"2025-01-08T13:42:42+00:00\",\"dateModified\":\"2026-02-23T12:32:59+00:00\",\"description\":\"\u0160is sausas pa\u0161aras yra specialiai sukurtas Hill\u2019s veterinar\u0173 ir mitybos specialist\u0173, siekiant pad\u0117ti \u0161unims numesti svorio, palaikyti s\u0105nari\u0173 sveikat\u0105 ir\",\"breadcrumb\":{\"@id\":\"https:\\\/\\\/anivet.lt\\\/elparduotuve\\\/produktas\\\/hills-prescription-diet-canine-metabolicmobility-antsvorio-sanariu-kontrolei\\\/#breadcrumb\"},\"inLanguage\":\"lt-LT\",\"potentialAction\":[{\"@type\":\"ReadAction\",\"target\":[\"https:\\\/\\\/anivet.lt\\\/elparduotuve\\\/produktas\\\/hills-prescription-diet-canine-metabolicmobility-antsvorio-sanariu-kontrolei\\\/\"]}]},{\"@type\":\"ImageObject\",\"inLanguage\":\"lt-LT\",\"@id\":\"https:\\\/\\\/anivet.lt\\\/elparduotuve\\\/produktas\\\/hills-prescription-diet-canine-metabolicmobility-antsvorio-sanariu-kontrolei\\\/#primaryimage\",\"url\":\"https:\\\/\\\/anivet.lt\\\/elparduotuve\\\/wp-content\\\/uploads\\\/2025\\\/01\\\/14Hills-Prescription-Diet\u00ae-Canine-Metabolic-Mobility-antsvorio-sanariu-kontrolei.jpg\",\"contentUrl\":\"https:\\\/\\\/anivet.lt\\\/elparduotuve\\\/wp-content\\\/uploads\\\/2025\\\/01\\\/14Hills-Prescription-Diet\u00ae-Canine-Metabolic-Mobility-antsvorio-sanariu-kontrolei.jpg\",\"width\":768,\"height\":768,\"caption\":\"Hill\u2019s Prescription Diet\u00ae Canine Metabolic+Mobility antsvorio s\u0105nari\u0173 kontrolei\"},{\"@type\":\"BreadcrumbList\",\"@id\":\"https:\\\/\\\/anivet.lt\\\/elparduotuve\\\/produktas\\\/hills-prescription-diet-canine-metabolicmobility-antsvorio-sanariu-kontrolei\\\/#breadcrumb\",\"itemListElement\":[{\"@type\":\"ListItem\",\"position\":1,\"name\":\"Home\",\"item\":\"https:\\\/\\\/anivet.lt\\\/elparduotuve\\\/\"},{\"@type\":\"ListItem\",\"position\":2,\"name\":\"Produktai\",\"item\":\"https:\\\/\\\/anivet.lt\\\/elparduotuve\\\/produktai\\\/\"},{\"@type\":\"ListItem\",\"position\":3,\"name\":\"Hill\u2019s Prescription Diet\u00ae Canine Metabolic+Mobility antsvorio s\u0105nari\u0173 kontrolei\"}]},{\"@type\":\"WebSite\",\"@id\":\"https:\\\/\\\/anivet.lt\\\/elparduotuve\\\/#website\",\"url\":\"https:\\\/\\\/anivet.lt\\\/elparduotuve\\\/\",\"name\":\"anivet.lt\",\"description\":\"Viskas J\u016bs\u0173 \u0161uns, kat\u0117s prie\u017ei\u016brai\",\"publisher\":{\"@id\":\"https:\\\/\\\/anivet.lt\\\/elparduotuve\\\/#organization\"},\"alternateName\":\"Viskas J\u016bs\u0173 \u0161uns, kat\u0117s prie\u017ei\u016brai\",\"potentialAction\":[{\"@type\":\"SearchAction\",\"target\":{\"@type\":\"EntryPoint\",\"urlTemplate\":\"https:\\\/\\\/anivet.lt\\\/elparduotuve\\\/?s={search_term_string}\"},\"query-input\":{\"@type\":\"PropertyValueSpecification\",\"valueRequired\":true,\"valueName\":\"search_term_string\"}}],\"inLanguage\":\"lt-LT\"},{\"@type\":\"Organization\",\"@id\":\"https:\\\/\\\/anivet.lt\\\/elparduotuve\\\/#organization\",\"name\":\"Viskas J\u016bs\u0173 \u0161uns, kat\u0117s prie\u017ei\u016brai\",\"url\":\"https:\\\/\\\/anivet.lt\\\/elparduotuve\\\/\",\"logo\":{\"@type\":\"ImageObject\",\"inLanguage\":\"lt-LT\",\"@id\":\"https:\\\/\\\/anivet.lt\\\/elparduotuve\\\/#\\\/schema\\\/logo\\\/image\\\/\",\"url\":\"https:\\\/\\\/anivet.lt\\\/elparduotuve\\\/wp-content\\\/uploads\\\/2023\\\/06\\\/logo2.jpg\",\"contentUrl\":\"https:\\\/\\\/anivet.lt\\\/elparduotuve\\\/wp-content\\\/uploads\\\/2023\\\/06\\\/logo2.jpg\",\"width\":655,\"height\":194,\"caption\":\"Viskas J\u016bs\u0173 \u0161uns, kat\u0117s prie\u017ei\u016brai\"},\"image\":{\"@id\":\"https:\\\/\\\/anivet.lt\\\/elparduotuve\\\/#\\\/schema\\\/logo\\\/image\\\/\"}}]}<\/script>\n<!-- \/ Yoast SEO Premium plugin. -->","yoast_head_json":{"title":"Hill\u2019s Prescription Diet\u00ae Canine Metabolic+Mobility antsvorio s\u0105nari\u0173 kontrolei - anivet.lt","description":"\u0160is sausas pa\u0161aras yra specialiai sukurtas Hill\u2019s veterinar\u0173 ir mitybos specialist\u0173, siekiant pad\u0117ti \u0161unims numesti svorio, palaikyti s\u0105nari\u0173 sveikat\u0105 ir","robots":{"index":"index","follow":"follow","max-snippet":"max-snippet:-1","max-image-preview":"max-image-preview:large","max-video-preview":"max-video-preview:-1"},"canonical":"https:\/\/anivet.lt\/elparduotuve\/produktas\/hills-prescription-diet-canine-metabolicmobility-antsvorio-sanariu-kontrolei\/","og_locale":"lt_LT","og_type":"article","og_title":"Hill\u2019s Prescription Diet\u00ae Canine Metabolic+Mobility antsvorio s\u0105nari\u0173 kontrolei","og_description":"\u0160is sausas pa\u0161aras yra specialiai sukurtas Hill\u2019s veterinar\u0173 ir mitybos specialist\u0173, siekiant pad\u0117ti \u0161unims numesti svorio, palaikyti s\u0105nari\u0173 sveikat\u0105 ir","og_url":"https:\/\/anivet.lt\/elparduotuve\/produktas\/hills-prescription-diet-canine-metabolicmobility-antsvorio-sanariu-kontrolei\/","og_site_name":"anivet.lt","article_modified_time":"2026-02-23T12:32:59+00:00","og_image":[{"width":768,"height":768,"url":"https:\/\/anivet.lt\/elparduotuve\/wp-content\/uploads\/2025\/01\/14Hills-Prescription-Diet\u00ae-Canine-Metabolic-Mobility-antsvorio-sanariu-kontrolei.jpg","type":"image\/jpeg"}],"twitter_card":"summary_large_image","twitter_misc":{"Est. reading time":"1 minut\u0117"},"schema":{"@context":"https:\/\/schema.org","@graph":[{"@type":"WebPage","@id":"https:\/\/anivet.lt\/elparduotuve\/produktas\/hills-prescription-diet-canine-metabolicmobility-antsvorio-sanariu-kontrolei\/","url":"https:\/\/anivet.lt\/elparduotuve\/produktas\/hills-prescription-diet-canine-metabolicmobility-antsvorio-sanariu-kontrolei\/","name":"Hill\u2019s Prescription Diet\u00ae Canine Metabolic+Mobility antsvorio s\u0105nari\u0173 kontrolei - anivet.lt","isPartOf":{"@id":"https:\/\/anivet.lt\/elparduotuve\/#website"},"primaryImageOfPage":{"@id":"https:\/\/anivet.lt\/elparduotuve\/produktas\/hills-prescription-diet-canine-metabolicmobility-antsvorio-sanariu-kontrolei\/#primaryimage"},"image":{"@id":"https:\/\/anivet.lt\/elparduotuve\/produktas\/hills-prescription-diet-canine-metabolicmobility-antsvorio-sanariu-kontrolei\/#primaryimage"},"thumbnailUrl":"https:\/\/anivet.lt\/elparduotuve\/wp-content\/uploads\/2025\/01\/14Hills-Prescription-Diet\u00ae-Canine-Metabolic-Mobility-antsvorio-sanariu-kontrolei.jpg","datePublished":"2025-01-08T13:42:42+00:00","dateModified":"2026-02-23T12:32:59+00:00","description":"\u0160is sausas pa\u0161aras yra specialiai sukurtas Hill\u2019s veterinar\u0173 ir mitybos specialist\u0173, siekiant pad\u0117ti \u0161unims numesti svorio, palaikyti s\u0105nari\u0173 sveikat\u0105 ir","breadcrumb":{"@id":"https:\/\/anivet.lt\/elparduotuve\/produktas\/hills-prescription-diet-canine-metabolicmobility-antsvorio-sanariu-kontrolei\/#breadcrumb"},"inLanguage":"lt-LT","potentialAction":[{"@type":"ReadAction","target":["https:\/\/anivet.lt\/elparduotuve\/produktas\/hills-prescription-diet-canine-metabolicmobility-antsvorio-sanariu-kontrolei\/"]}]},{"@type":"ImageObject","inLanguage":"lt-LT","@id":"https:\/\/anivet.lt\/elparduotuve\/produktas\/hills-prescription-diet-canine-metabolicmobility-antsvorio-sanariu-kontrolei\/#primaryimage","url":"https:\/\/anivet.lt\/elparduotuve\/wp-content\/uploads\/2025\/01\/14Hills-Prescription-Diet\u00ae-Canine-Metabolic-Mobility-antsvorio-sanariu-kontrolei.jpg","contentUrl":"https:\/\/anivet.lt\/elparduotuve\/wp-content\/uploads\/2025\/01\/14Hills-Prescription-Diet\u00ae-Canine-Metabolic-Mobility-antsvorio-sanariu-kontrolei.jpg","width":768,"height":768,"caption":"Hill\u2019s Prescription Diet\u00ae Canine Metabolic+Mobility antsvorio s\u0105nari\u0173 kontrolei"},{"@type":"BreadcrumbList","@id":"https:\/\/anivet.lt\/elparduotuve\/produktas\/hills-prescription-diet-canine-metabolicmobility-antsvorio-sanariu-kontrolei\/#breadcrumb","itemListElement":[{"@type":"ListItem","position":1,"name":"Home","item":"https:\/\/anivet.lt\/elparduotuve\/"},{"@type":"ListItem","position":2,"name":"Produktai","item":"https:\/\/anivet.lt\/elparduotuve\/produktai\/"},{"@type":"ListItem","position":3,"name":"Hill\u2019s Prescription Diet\u00ae Canine Metabolic+Mobility antsvorio s\u0105nari\u0173 kontrolei"}]},{"@type":"WebSite","@id":"https:\/\/anivet.lt\/elparduotuve\/#website","url":"https:\/\/anivet.lt\/elparduotuve\/","name":"anivet.lt","description":"Viskas J\u016bs\u0173 \u0161uns, kat\u0117s prie\u017ei\u016brai","publisher":{"@id":"https:\/\/anivet.lt\/elparduotuve\/#organization"},"alternateName":"Viskas J\u016bs\u0173 \u0161uns, kat\u0117s prie\u017ei\u016brai","potentialAction":[{"@type":"SearchAction","target":{"@type":"EntryPoint","urlTemplate":"https:\/\/anivet.lt\/elparduotuve\/?s={search_term_string}"},"query-input":{"@type":"PropertyValueSpecification","valueRequired":true,"valueName":"search_term_string"}}],"inLanguage":"lt-LT"},{"@type":"Organization","@id":"https:\/\/anivet.lt\/elparduotuve\/#organization","name":"Viskas J\u016bs\u0173 \u0161uns, kat\u0117s prie\u017ei\u016brai","url":"https:\/\/anivet.lt\/elparduotuve\/","logo":{"@type":"ImageObject","inLanguage":"lt-LT","@id":"https:\/\/anivet.lt\/elparduotuve\/#\/schema\/logo\/image\/","url":"https:\/\/anivet.lt\/elparduotuve\/wp-content\/uploads\/2023\/06\/logo2.jpg","contentUrl":"https:\/\/anivet.lt\/elparduotuve\/wp-content\/uploads\/2023\/06\/logo2.jpg","width":655,"height":194,"caption":"Viskas J\u016bs\u0173 \u0161uns, kat\u0117s prie\u017ei\u016brai"},"image":{"@id":"https:\/\/anivet.lt\/elparduotuve\/#\/schema\/logo\/image\/"}}]}},"_links":{"self":[{"href":"https:\/\/anivet.lt\/elparduotuve\/wp-json\/wp\/v2\/product\/16139","targetHints":{"allow":["GET"]}}],"collection":[{"href":"https:\/\/anivet.lt\/elparduotuve\/wp-json\/wp\/v2\/product"}],"about":[{"href":"https:\/\/anivet.lt\/elparduotuve\/wp-json\/wp\/v2\/types\/product"}],"wp:featuredmedia":[{"embeddable":true,"href":"https:\/\/anivet.lt\/elparduotuve\/wp-json\/wp\/v2\/media\/16140"}],"wp:attachment":[{"href":"https:\/\/anivet.lt\/elparduotuve\/wp-json\/wp\/v2\/media?parent=16139"}],"wp:term":[{"taxonomy":"product_brand","embeddable":true,"href":"https:\/\/anivet.lt\/elparduotuve\/wp-json\/wp\/v2\/product_brand?post=16139"},{"taxonomy":"product_cat","embeddable":true,"href":"https:\/\/anivet.lt\/elparduotuve\/wp-json\/wp\/v2\/product_cat?post=16139"},{"taxonomy":"product_tag","embeddable":true,"href":"https:\/\/anivet.lt\/elparduotuve\/wp-json\/wp\/v2\/product_tag?post=16139"}],"curies":[{"name":"wp","href":"https:\/\/api.w.org\/{rel}","templated":true}]}}