{"id":16141,"date":"2025-01-08T13:51:19","date_gmt":"2025-01-08T13:51:19","guid":{"rendered":"https:\/\/anivet.lt\/elparduotuve\/?post_type=product&#038;p=16141"},"modified":"2025-05-27T13:34:39","modified_gmt":"2025-05-27T13:34:39","slug":"hills-prescription-diet-canine-metabolic-mini-antsvorio-kontrolei","status":"publish","type":"product","link":"https:\/\/anivet.lt\/elparduotuve\/produktas\/hills-prescription-diet-canine-metabolic-mini-antsvorio-kontrolei\/","title":{"rendered":"Hill\u2019s Prescription Diet\u00ae Canine Metabolic Mini antsvorio kontrolei"},"content":{"rendered":"<p>\u0160is sausas pa\u0161aras su vi\u0161tiena yra specialiai sukurtas Hill\u2019s veterinar\u0173 ir mitybos specialist\u0173, kad pad\u0117t\u0173 ma\u017e\u0173 veisli\u0173 \u0161unims efektyviai numesti svorio ir i\u0161laikyti j\u012f stabil\u0173. Subalansuota formul\u0117 padeda nat\u016braliai reguliuoti \u0161uns energijos apykait\u0105, ma\u017eina svor\u012f be vargo ir suteikia energijos aktyviems \u017eaidimams.<\/p>\n<ul>\n<li>Energijos apykaitos reguliavimas: Nat\u016braliai reguliuoja \u0161uns energijos apykait\u0105, u\u017etikrindamas veiksming\u0105 svorio ma\u017einim\u0105.<\/li>\n<li>Riebal\u0173 deginimo skatinimas: Padeda stiprinti \u0161uns organizmo geb\u0117jim\u0105 deginti riebalus.<\/li>\n<li>Ilgiau trunkantis sotumo jausmas: Specialus skaidul\u0173 mi\u0161inys u\u017etikrina, kad j\u016bs\u0173 \u0161uo ilgiau jaust\u0173si sotus.<\/li>\n<li>Patvirtintas efektyvumas: Klinikiniais tyrimais \u012frodyta, kad 96% namuose laikom\u0173 \u0161un\u0173 numet\u0117 svorio per 2 m\u0117nesius, \u0161eriant \u0161iuo pa\u0161aru.<\/li>\n<li>S+OXSHIELD formul\u0117: Palaiko sveik\u0105 \u0161lapimo sistem\u0105 ir ma\u017eina struvitini\u0173 bei kalcio oksalato kristal\u0173 susidarymo rizik\u0105.<\/li>\n<\/ul>\n<p>\u201eHill\u2019s Prescription Diet\u00ae Canine Metabolic Mini\u201d pa\u0161aras tinka ilgalaikiam naudojimui, u\u017etikrinant j\u016bs\u0173 augintinio svorio kontrol\u0119 ir sveik\u0105 gyvenimo b\u016bd\u0105. Ma\u017eos granul\u0117s puikiai pritaikytos ma\u017e\u0173 veisli\u0173 \u0161unims, u\u017etikrinant patog\u0173 maitinim\u0105 ir puik\u0173 skon\u012f.<\/p>\n","protected":false},"excerpt":{"rendered":"<p>\u0160is sausas pa\u0161aras su vi\u0161tiena yra specialiai sukurtas Hill\u2019s veterinar\u0173 ir mitybos specialist\u0173, kad pad\u0117t\u0173 ma\u017e\u0173 veisli\u0173 \u0161unims efektyviai numesti<\/p>\n","protected":false},"featured_media":16142,"template":"","meta":[],"product_brand":[],"product_cat":[101,103,107,333],"product_tag":[],"class_list":{"0":"post-16141","1":"product","2":"type-product","3":"status-publish","4":"has-post-thumbnail","6":"product_cat-sunims","7":"product_cat-sunu-maistas","8":"product_cat-veterinarine-dieta","9":"product_cat-hills-sunu-maistas","10":"pa_prekinis-zenklas-hills","12":"first","13":"instock","14":"taxable","15":"shipping-taxable","16":"purchasable","17":"product-type-variable"},"yoast_head":"<!-- This site is optimized with the Yoast SEO Premium plugin v27.1 (Yoast SEO v27.5) - https:\/\/yoast.com\/product\/yoast-seo-premium-wordpress\/ -->\n<title>Hill\u2019s Prescription Diet\u00ae Canine Metabolic Mini antsvorio kontrolei - anivet.lt<\/title>\n<meta name=\"description\" content=\"\u0160is sausas pa\u0161aras su vi\u0161tiena yra specialiai sukurtas Hill\u2019s veterinar\u0173 ir mitybos specialist\u0173, kad pad\u0117t\u0173 ma\u017e\u0173 veisli\u0173 \u0161unims efektyviai numesti svorio\" \/>\n<meta name=\"robots\" content=\"index, follow, max-snippet:-1, max-image-preview:large, max-video-preview:-1\" \/>\n<link rel=\"canonical\" href=\"https:\/\/anivet.lt\/elparduotuve\/produktas\/hills-prescription-diet-canine-metabolic-mini-antsvorio-kontrolei\/\" \/>\n<meta property=\"og:locale\" content=\"lt_LT\" \/>\n<meta property=\"og:type\" content=\"article\" \/>\n<meta property=\"og:title\" content=\"Hill\u2019s Prescription Diet\u00ae Canine Metabolic Mini antsvorio kontrolei\" \/>\n<meta property=\"og:description\" content=\"\u0160is sausas pa\u0161aras su vi\u0161tiena yra specialiai sukurtas Hill\u2019s veterinar\u0173 ir mitybos specialist\u0173, kad pad\u0117t\u0173 ma\u017e\u0173 veisli\u0173 \u0161unims efektyviai numesti svorio\" \/>\n<meta property=\"og:url\" content=\"https:\/\/anivet.lt\/elparduotuve\/produktas\/hills-prescription-diet-canine-metabolic-mini-antsvorio-kontrolei\/\" \/>\n<meta property=\"og:site_name\" content=\"anivet.lt\" \/>\n<meta property=\"article:modified_time\" content=\"2025-05-27T13:34:39+00:00\" \/>\n<meta property=\"og:image\" content=\"https:\/\/anivet.lt\/elparduotuve\/wp-content\/uploads\/2025\/01\/15Hills-Prescription-Diet\u00ae-Canine-Metabolic-Mini-antsvorio-kontrolei.jpg\" \/>\n\t<meta property=\"og:image:width\" content=\"768\" \/>\n\t<meta property=\"og:image:height\" content=\"768\" \/>\n\t<meta property=\"og:image:type\" content=\"image\/jpeg\" \/>\n<meta name=\"twitter:card\" content=\"summary_large_image\" \/>\n<meta name=\"twitter:label1\" content=\"Est. reading time\" \/>\n\t<meta name=\"twitter:data1\" content=\"1 minut\u0117\" \/>\n<script type=\"application\/ld+json\" class=\"yoast-schema-graph\">{\"@context\":\"https:\\\/\\\/schema.org\",\"@graph\":[{\"@type\":\"WebPage\",\"@id\":\"https:\\\/\\\/anivet.lt\\\/elparduotuve\\\/produktas\\\/hills-prescription-diet-canine-metabolic-mini-antsvorio-kontrolei\\\/\",\"url\":\"https:\\\/\\\/anivet.lt\\\/elparduotuve\\\/produktas\\\/hills-prescription-diet-canine-metabolic-mini-antsvorio-kontrolei\\\/\",\"name\":\"Hill\u2019s Prescription Diet\u00ae Canine Metabolic Mini antsvorio kontrolei - anivet.lt\",\"isPartOf\":{\"@id\":\"https:\\\/\\\/anivet.lt\\\/elparduotuve\\\/#website\"},\"primaryImageOfPage\":{\"@id\":\"https:\\\/\\\/anivet.lt\\\/elparduotuve\\\/produktas\\\/hills-prescription-diet-canine-metabolic-mini-antsvorio-kontrolei\\\/#primaryimage\"},\"image\":{\"@id\":\"https:\\\/\\\/anivet.lt\\\/elparduotuve\\\/produktas\\\/hills-prescription-diet-canine-metabolic-mini-antsvorio-kontrolei\\\/#primaryimage\"},\"thumbnailUrl\":\"https:\\\/\\\/anivet.lt\\\/elparduotuve\\\/wp-content\\\/uploads\\\/2025\\\/01\\\/15Hills-Prescription-Diet\u00ae-Canine-Metabolic-Mini-antsvorio-kontrolei.jpg\",\"datePublished\":\"2025-01-08T13:51:19+00:00\",\"dateModified\":\"2025-05-27T13:34:39+00:00\",\"description\":\"\u0160is sausas pa\u0161aras su vi\u0161tiena yra specialiai sukurtas Hill\u2019s veterinar\u0173 ir mitybos specialist\u0173, kad pad\u0117t\u0173 ma\u017e\u0173 veisli\u0173 \u0161unims efektyviai numesti svorio\",\"breadcrumb\":{\"@id\":\"https:\\\/\\\/anivet.lt\\\/elparduotuve\\\/produktas\\\/hills-prescription-diet-canine-metabolic-mini-antsvorio-kontrolei\\\/#breadcrumb\"},\"inLanguage\":\"lt-LT\",\"potentialAction\":[{\"@type\":\"ReadAction\",\"target\":[\"https:\\\/\\\/anivet.lt\\\/elparduotuve\\\/produktas\\\/hills-prescription-diet-canine-metabolic-mini-antsvorio-kontrolei\\\/\"]}]},{\"@type\":\"ImageObject\",\"inLanguage\":\"lt-LT\",\"@id\":\"https:\\\/\\\/anivet.lt\\\/elparduotuve\\\/produktas\\\/hills-prescription-diet-canine-metabolic-mini-antsvorio-kontrolei\\\/#primaryimage\",\"url\":\"https:\\\/\\\/anivet.lt\\\/elparduotuve\\\/wp-content\\\/uploads\\\/2025\\\/01\\\/15Hills-Prescription-Diet\u00ae-Canine-Metabolic-Mini-antsvorio-kontrolei.jpg\",\"contentUrl\":\"https:\\\/\\\/anivet.lt\\\/elparduotuve\\\/wp-content\\\/uploads\\\/2025\\\/01\\\/15Hills-Prescription-Diet\u00ae-Canine-Metabolic-Mini-antsvorio-kontrolei.jpg\",\"width\":768,\"height\":768,\"caption\":\"Hill\u2019s Prescription Diet\u00ae Canine Metabolic Mini antsvorio kontrolei\"},{\"@type\":\"BreadcrumbList\",\"@id\":\"https:\\\/\\\/anivet.lt\\\/elparduotuve\\\/produktas\\\/hills-prescription-diet-canine-metabolic-mini-antsvorio-kontrolei\\\/#breadcrumb\",\"itemListElement\":[{\"@type\":\"ListItem\",\"position\":1,\"name\":\"Home\",\"item\":\"https:\\\/\\\/anivet.lt\\\/elparduotuve\\\/\"},{\"@type\":\"ListItem\",\"position\":2,\"name\":\"Produktai\",\"item\":\"https:\\\/\\\/anivet.lt\\\/elparduotuve\\\/produktai\\\/\"},{\"@type\":\"ListItem\",\"position\":3,\"name\":\"Hill\u2019s Prescription Diet\u00ae Canine Metabolic Mini antsvorio kontrolei\"}]},{\"@type\":\"WebSite\",\"@id\":\"https:\\\/\\\/anivet.lt\\\/elparduotuve\\\/#website\",\"url\":\"https:\\\/\\\/anivet.lt\\\/elparduotuve\\\/\",\"name\":\"anivet.lt\",\"description\":\"Viskas J\u016bs\u0173 \u0161uns, kat\u0117s prie\u017ei\u016brai\",\"publisher\":{\"@id\":\"https:\\\/\\\/anivet.lt\\\/elparduotuve\\\/#organization\"},\"alternateName\":\"Viskas J\u016bs\u0173 \u0161uns, kat\u0117s prie\u017ei\u016brai\",\"potentialAction\":[{\"@type\":\"SearchAction\",\"target\":{\"@type\":\"EntryPoint\",\"urlTemplate\":\"https:\\\/\\\/anivet.lt\\\/elparduotuve\\\/?s={search_term_string}\"},\"query-input\":{\"@type\":\"PropertyValueSpecification\",\"valueRequired\":true,\"valueName\":\"search_term_string\"}}],\"inLanguage\":\"lt-LT\"},{\"@type\":\"Organization\",\"@id\":\"https:\\\/\\\/anivet.lt\\\/elparduotuve\\\/#organization\",\"name\":\"Viskas J\u016bs\u0173 \u0161uns, kat\u0117s prie\u017ei\u016brai\",\"url\":\"https:\\\/\\\/anivet.lt\\\/elparduotuve\\\/\",\"logo\":{\"@type\":\"ImageObject\",\"inLanguage\":\"lt-LT\",\"@id\":\"https:\\\/\\\/anivet.lt\\\/elparduotuve\\\/#\\\/schema\\\/logo\\\/image\\\/\",\"url\":\"https:\\\/\\\/anivet.lt\\\/elparduotuve\\\/wp-content\\\/uploads\\\/2023\\\/06\\\/logo2.jpg\",\"contentUrl\":\"https:\\\/\\\/anivet.lt\\\/elparduotuve\\\/wp-content\\\/uploads\\\/2023\\\/06\\\/logo2.jpg\",\"width\":655,\"height\":194,\"caption\":\"Viskas J\u016bs\u0173 \u0161uns, kat\u0117s prie\u017ei\u016brai\"},\"image\":{\"@id\":\"https:\\\/\\\/anivet.lt\\\/elparduotuve\\\/#\\\/schema\\\/logo\\\/image\\\/\"}}]}<\/script>\n<!-- \/ Yoast SEO Premium plugin. -->","yoast_head_json":{"title":"Hill\u2019s Prescription Diet\u00ae Canine Metabolic Mini antsvorio kontrolei - anivet.lt","description":"\u0160is sausas pa\u0161aras su vi\u0161tiena yra specialiai sukurtas Hill\u2019s veterinar\u0173 ir mitybos specialist\u0173, kad pad\u0117t\u0173 ma\u017e\u0173 veisli\u0173 \u0161unims efektyviai numesti svorio","robots":{"index":"index","follow":"follow","max-snippet":"max-snippet:-1","max-image-preview":"max-image-preview:large","max-video-preview":"max-video-preview:-1"},"canonical":"https:\/\/anivet.lt\/elparduotuve\/produktas\/hills-prescription-diet-canine-metabolic-mini-antsvorio-kontrolei\/","og_locale":"lt_LT","og_type":"article","og_title":"Hill\u2019s Prescription Diet\u00ae Canine Metabolic Mini antsvorio kontrolei","og_description":"\u0160is sausas pa\u0161aras su vi\u0161tiena yra specialiai sukurtas Hill\u2019s veterinar\u0173 ir mitybos specialist\u0173, kad pad\u0117t\u0173 ma\u017e\u0173 veisli\u0173 \u0161unims efektyviai numesti svorio","og_url":"https:\/\/anivet.lt\/elparduotuve\/produktas\/hills-prescription-diet-canine-metabolic-mini-antsvorio-kontrolei\/","og_site_name":"anivet.lt","article_modified_time":"2025-05-27T13:34:39+00:00","og_image":[{"width":768,"height":768,"url":"https:\/\/anivet.lt\/elparduotuve\/wp-content\/uploads\/2025\/01\/15Hills-Prescription-Diet\u00ae-Canine-Metabolic-Mini-antsvorio-kontrolei.jpg","type":"image\/jpeg"}],"twitter_card":"summary_large_image","twitter_misc":{"Est. reading time":"1 minut\u0117"},"schema":{"@context":"https:\/\/schema.org","@graph":[{"@type":"WebPage","@id":"https:\/\/anivet.lt\/elparduotuve\/produktas\/hills-prescription-diet-canine-metabolic-mini-antsvorio-kontrolei\/","url":"https:\/\/anivet.lt\/elparduotuve\/produktas\/hills-prescription-diet-canine-metabolic-mini-antsvorio-kontrolei\/","name":"Hill\u2019s Prescription Diet\u00ae Canine Metabolic Mini antsvorio kontrolei - anivet.lt","isPartOf":{"@id":"https:\/\/anivet.lt\/elparduotuve\/#website"},"primaryImageOfPage":{"@id":"https:\/\/anivet.lt\/elparduotuve\/produktas\/hills-prescription-diet-canine-metabolic-mini-antsvorio-kontrolei\/#primaryimage"},"image":{"@id":"https:\/\/anivet.lt\/elparduotuve\/produktas\/hills-prescription-diet-canine-metabolic-mini-antsvorio-kontrolei\/#primaryimage"},"thumbnailUrl":"https:\/\/anivet.lt\/elparduotuve\/wp-content\/uploads\/2025\/01\/15Hills-Prescription-Diet\u00ae-Canine-Metabolic-Mini-antsvorio-kontrolei.jpg","datePublished":"2025-01-08T13:51:19+00:00","dateModified":"2025-05-27T13:34:39+00:00","description":"\u0160is sausas pa\u0161aras su vi\u0161tiena yra specialiai sukurtas Hill\u2019s veterinar\u0173 ir mitybos specialist\u0173, kad pad\u0117t\u0173 ma\u017e\u0173 veisli\u0173 \u0161unims efektyviai numesti svorio","breadcrumb":{"@id":"https:\/\/anivet.lt\/elparduotuve\/produktas\/hills-prescription-diet-canine-metabolic-mini-antsvorio-kontrolei\/#breadcrumb"},"inLanguage":"lt-LT","potentialAction":[{"@type":"ReadAction","target":["https:\/\/anivet.lt\/elparduotuve\/produktas\/hills-prescription-diet-canine-metabolic-mini-antsvorio-kontrolei\/"]}]},{"@type":"ImageObject","inLanguage":"lt-LT","@id":"https:\/\/anivet.lt\/elparduotuve\/produktas\/hills-prescription-diet-canine-metabolic-mini-antsvorio-kontrolei\/#primaryimage","url":"https:\/\/anivet.lt\/elparduotuve\/wp-content\/uploads\/2025\/01\/15Hills-Prescription-Diet\u00ae-Canine-Metabolic-Mini-antsvorio-kontrolei.jpg","contentUrl":"https:\/\/anivet.lt\/elparduotuve\/wp-content\/uploads\/2025\/01\/15Hills-Prescription-Diet\u00ae-Canine-Metabolic-Mini-antsvorio-kontrolei.jpg","width":768,"height":768,"caption":"Hill\u2019s Prescription Diet\u00ae Canine Metabolic Mini antsvorio kontrolei"},{"@type":"BreadcrumbList","@id":"https:\/\/anivet.lt\/elparduotuve\/produktas\/hills-prescription-diet-canine-metabolic-mini-antsvorio-kontrolei\/#breadcrumb","itemListElement":[{"@type":"ListItem","position":1,"name":"Home","item":"https:\/\/anivet.lt\/elparduotuve\/"},{"@type":"ListItem","position":2,"name":"Produktai","item":"https:\/\/anivet.lt\/elparduotuve\/produktai\/"},{"@type":"ListItem","position":3,"name":"Hill\u2019s Prescription Diet\u00ae Canine Metabolic Mini antsvorio kontrolei"}]},{"@type":"WebSite","@id":"https:\/\/anivet.lt\/elparduotuve\/#website","url":"https:\/\/anivet.lt\/elparduotuve\/","name":"anivet.lt","description":"Viskas J\u016bs\u0173 \u0161uns, kat\u0117s prie\u017ei\u016brai","publisher":{"@id":"https:\/\/anivet.lt\/elparduotuve\/#organization"},"alternateName":"Viskas J\u016bs\u0173 \u0161uns, kat\u0117s prie\u017ei\u016brai","potentialAction":[{"@type":"SearchAction","target":{"@type":"EntryPoint","urlTemplate":"https:\/\/anivet.lt\/elparduotuve\/?s={search_term_string}"},"query-input":{"@type":"PropertyValueSpecification","valueRequired":true,"valueName":"search_term_string"}}],"inLanguage":"lt-LT"},{"@type":"Organization","@id":"https:\/\/anivet.lt\/elparduotuve\/#organization","name":"Viskas J\u016bs\u0173 \u0161uns, kat\u0117s prie\u017ei\u016brai","url":"https:\/\/anivet.lt\/elparduotuve\/","logo":{"@type":"ImageObject","inLanguage":"lt-LT","@id":"https:\/\/anivet.lt\/elparduotuve\/#\/schema\/logo\/image\/","url":"https:\/\/anivet.lt\/elparduotuve\/wp-content\/uploads\/2023\/06\/logo2.jpg","contentUrl":"https:\/\/anivet.lt\/elparduotuve\/wp-content\/uploads\/2023\/06\/logo2.jpg","width":655,"height":194,"caption":"Viskas J\u016bs\u0173 \u0161uns, kat\u0117s prie\u017ei\u016brai"},"image":{"@id":"https:\/\/anivet.lt\/elparduotuve\/#\/schema\/logo\/image\/"}}]}},"_links":{"self":[{"href":"https:\/\/anivet.lt\/elparduotuve\/wp-json\/wp\/v2\/product\/16141","targetHints":{"allow":["GET"]}}],"collection":[{"href":"https:\/\/anivet.lt\/elparduotuve\/wp-json\/wp\/v2\/product"}],"about":[{"href":"https:\/\/anivet.lt\/elparduotuve\/wp-json\/wp\/v2\/types\/product"}],"wp:featuredmedia":[{"embeddable":true,"href":"https:\/\/anivet.lt\/elparduotuve\/wp-json\/wp\/v2\/media\/16142"}],"wp:attachment":[{"href":"https:\/\/anivet.lt\/elparduotuve\/wp-json\/wp\/v2\/media?parent=16141"}],"wp:term":[{"taxonomy":"product_brand","embeddable":true,"href":"https:\/\/anivet.lt\/elparduotuve\/wp-json\/wp\/v2\/product_brand?post=16141"},{"taxonomy":"product_cat","embeddable":true,"href":"https:\/\/anivet.lt\/elparduotuve\/wp-json\/wp\/v2\/product_cat?post=16141"},{"taxonomy":"product_tag","embeddable":true,"href":"https:\/\/anivet.lt\/elparduotuve\/wp-json\/wp\/v2\/product_tag?post=16141"}],"curies":[{"name":"wp","href":"https:\/\/api.w.org\/{rel}","templated":true}]}}