{"id":16145,"date":"2025-01-08T14:01:14","date_gmt":"2025-01-08T14:01:14","guid":{"rendered":"https:\/\/anivet.lt\/elparduotuve\/?post_type=product&#038;p=16145"},"modified":"2025-05-27T13:34:40","modified_gmt":"2025-05-27T13:34:40","slug":"hills-prescription-diet-canine-r-d-svorio-kontrolei","status":"publish","type":"product","link":"https:\/\/anivet.lt\/elparduotuve\/produktas\/hills-prescription-diet-canine-r-d-svorio-kontrolei\/","title":{"rendered":"Hill\u2019s Prescription Diet\u00ae Canine r\/d  svorio kontrolei"},"content":{"rendered":"<p>\u0160is sausas pa\u0161aras su vi\u0161tiena yra specialiai sukurtas Hill\u2019s pa\u0161aro specialist\u0173 ir veterinar\u0173, siekiant pad\u0117ti \u0161unims veiksmingai ma\u017einti svor\u012f. Pa\u0161aro formul\u0117 skirta ne tik deginti riebalus, bet ir i\u0161saugoti liesuosius raumenis, u\u017etikrinant augintinio sveikat\u0105 ir energij\u0105.<\/p>\n<ul>\n<li>Efektyvus L-karnitino kiekis: Skatina riebal\u0173 deginim\u0105 ir palaiko lies\u0105 raumen\u0173 mas\u0119.<\/li>\n<li>Subalansuotas skaidul\u0173 mi\u0161inys: Optimalus tirpi\u0173 ir netirpi\u0173 skaidul\u0173 santykis padeda \u0161uniui jaustis so\u010diam ir patenkintam.<\/li>\n<li>Klinikiniais tyrimais patvirtintas efektyvumas: Pa\u0161aras padeda pasiekti sveik\u0105 svor\u012f vos per 8 savaites.<\/li>\n<li>Imunin\u0117s sistemos palaikymas: Antioksidantai padeda stiprinti imunin\u0119 sistem\u0105 ir u\u017etikrina bendr\u0105 \u0161uns sveikat\u0105.<\/li>\n<li>S+OXSHIELD formul\u0117: Ma\u017eina struvitini\u0173 ir kalcio oksalato akmen\u0173 susidarymo rizik\u0105, u\u017etikrinant sveik\u0105 \u0161lapimo sistem\u0105.<\/li>\n<\/ul>\n<p>\u201eHill\u2019s Prescription Diet\u00ae Canine r\/d\u201d yra skirtas tik protarpiniam \u0161\u0117rimui ir nerekomenduojamas naudoti ilgiau nei 6 m\u0117nesius. Jis padeda efektyviai suma\u017einti svor\u012f ir palaikyti ger\u0105 fizin\u0119 b\u016bkl\u0119, u\u017etikrindamas, kad j\u016bs\u0173 augintinis jaust\u0173si energingas ir aktyvus.<\/p>\n","protected":false},"excerpt":{"rendered":"<p>\u0160is sausas pa\u0161aras su vi\u0161tiena yra specialiai sukurtas Hill\u2019s pa\u0161aro specialist\u0173 ir veterinar\u0173, siekiant pad\u0117ti \u0161unims veiksmingai ma\u017einti svor\u012f. Pa\u0161aro<\/p>\n","protected":false},"featured_media":16146,"template":"","meta":[],"product_brand":[],"product_cat":[101,103,107,333],"product_tag":[],"class_list":{"0":"post-16145","1":"product","2":"type-product","3":"status-publish","4":"has-post-thumbnail","6":"product_cat-sunims","7":"product_cat-sunu-maistas","8":"product_cat-veterinarine-dieta","9":"product_cat-hills-sunu-maistas","10":"pa_prekinis-zenklas-hills","12":"first","13":"instock","14":"taxable","15":"shipping-taxable","16":"purchasable","17":"product-type-variable"},"yoast_head":"<!-- This site is optimized with the Yoast SEO Premium plugin v27.1 (Yoast SEO v27.5) - https:\/\/yoast.com\/product\/yoast-seo-premium-wordpress\/ -->\n<title>Hill\u2019s Prescription Diet\u00ae Canine r\/d svorio kontrolei - anivet.lt<\/title>\n<meta name=\"description\" content=\"\u0160is sausas pa\u0161aras su vi\u0161tiena yra specialiai sukurtas Hill\u2019s pa\u0161aro specialist\u0173 ir veterinar\u0173, siekiant pad\u0117ti \u0161unims veiksmingai ma\u017einti svor\u012f. Pa\u0161aro\" \/>\n<meta name=\"robots\" content=\"index, follow, max-snippet:-1, max-image-preview:large, max-video-preview:-1\" \/>\n<link rel=\"canonical\" href=\"https:\/\/anivet.lt\/elparduotuve\/produktas\/hills-prescription-diet-canine-r-d-svorio-kontrolei\/\" \/>\n<meta property=\"og:locale\" content=\"lt_LT\" \/>\n<meta property=\"og:type\" content=\"article\" \/>\n<meta property=\"og:title\" content=\"Hill\u2019s Prescription Diet\u00ae Canine r\/d svorio kontrolei\" \/>\n<meta property=\"og:description\" content=\"\u0160is sausas pa\u0161aras su vi\u0161tiena yra specialiai sukurtas Hill\u2019s pa\u0161aro specialist\u0173 ir veterinar\u0173, siekiant pad\u0117ti \u0161unims veiksmingai ma\u017einti svor\u012f. Pa\u0161aro\" \/>\n<meta property=\"og:url\" content=\"https:\/\/anivet.lt\/elparduotuve\/produktas\/hills-prescription-diet-canine-r-d-svorio-kontrolei\/\" \/>\n<meta property=\"og:site_name\" content=\"anivet.lt\" \/>\n<meta property=\"article:modified_time\" content=\"2025-05-27T13:34:40+00:00\" \/>\n<meta property=\"og:image\" content=\"https:\/\/anivet.lt\/elparduotuve\/wp-content\/uploads\/2025\/01\/16Hills-Prescription-Diet\u00ae-Canine-rd-svorio-kontrolei.jpg\" \/>\n\t<meta property=\"og:image:width\" content=\"768\" \/>\n\t<meta property=\"og:image:height\" content=\"768\" \/>\n\t<meta property=\"og:image:type\" content=\"image\/jpeg\" \/>\n<meta name=\"twitter:card\" content=\"summary_large_image\" \/>\n<meta name=\"twitter:label1\" content=\"Est. reading time\" \/>\n\t<meta name=\"twitter:data1\" content=\"1 minut\u0117\" \/>\n<script type=\"application\/ld+json\" class=\"yoast-schema-graph\">{\"@context\":\"https:\\\/\\\/schema.org\",\"@graph\":[{\"@type\":\"WebPage\",\"@id\":\"https:\\\/\\\/anivet.lt\\\/elparduotuve\\\/produktas\\\/hills-prescription-diet-canine-r-d-svorio-kontrolei\\\/\",\"url\":\"https:\\\/\\\/anivet.lt\\\/elparduotuve\\\/produktas\\\/hills-prescription-diet-canine-r-d-svorio-kontrolei\\\/\",\"name\":\"Hill\u2019s Prescription Diet\u00ae Canine r\\\/d svorio kontrolei - anivet.lt\",\"isPartOf\":{\"@id\":\"https:\\\/\\\/anivet.lt\\\/elparduotuve\\\/#website\"},\"primaryImageOfPage\":{\"@id\":\"https:\\\/\\\/anivet.lt\\\/elparduotuve\\\/produktas\\\/hills-prescription-diet-canine-r-d-svorio-kontrolei\\\/#primaryimage\"},\"image\":{\"@id\":\"https:\\\/\\\/anivet.lt\\\/elparduotuve\\\/produktas\\\/hills-prescription-diet-canine-r-d-svorio-kontrolei\\\/#primaryimage\"},\"thumbnailUrl\":\"https:\\\/\\\/anivet.lt\\\/elparduotuve\\\/wp-content\\\/uploads\\\/2025\\\/01\\\/16Hills-Prescription-Diet\u00ae-Canine-rd-svorio-kontrolei.jpg\",\"datePublished\":\"2025-01-08T14:01:14+00:00\",\"dateModified\":\"2025-05-27T13:34:40+00:00\",\"description\":\"\u0160is sausas pa\u0161aras su vi\u0161tiena yra specialiai sukurtas Hill\u2019s pa\u0161aro specialist\u0173 ir veterinar\u0173, siekiant pad\u0117ti \u0161unims veiksmingai ma\u017einti svor\u012f. Pa\u0161aro\",\"breadcrumb\":{\"@id\":\"https:\\\/\\\/anivet.lt\\\/elparduotuve\\\/produktas\\\/hills-prescription-diet-canine-r-d-svorio-kontrolei\\\/#breadcrumb\"},\"inLanguage\":\"lt-LT\",\"potentialAction\":[{\"@type\":\"ReadAction\",\"target\":[\"https:\\\/\\\/anivet.lt\\\/elparduotuve\\\/produktas\\\/hills-prescription-diet-canine-r-d-svorio-kontrolei\\\/\"]}]},{\"@type\":\"ImageObject\",\"inLanguage\":\"lt-LT\",\"@id\":\"https:\\\/\\\/anivet.lt\\\/elparduotuve\\\/produktas\\\/hills-prescription-diet-canine-r-d-svorio-kontrolei\\\/#primaryimage\",\"url\":\"https:\\\/\\\/anivet.lt\\\/elparduotuve\\\/wp-content\\\/uploads\\\/2025\\\/01\\\/16Hills-Prescription-Diet\u00ae-Canine-rd-svorio-kontrolei.jpg\",\"contentUrl\":\"https:\\\/\\\/anivet.lt\\\/elparduotuve\\\/wp-content\\\/uploads\\\/2025\\\/01\\\/16Hills-Prescription-Diet\u00ae-Canine-rd-svorio-kontrolei.jpg\",\"width\":768,\"height\":768,\"caption\":\"Hill\u2019s Prescription Diet\u00ae Canine r\\\/d svorio kontrolei\"},{\"@type\":\"BreadcrumbList\",\"@id\":\"https:\\\/\\\/anivet.lt\\\/elparduotuve\\\/produktas\\\/hills-prescription-diet-canine-r-d-svorio-kontrolei\\\/#breadcrumb\",\"itemListElement\":[{\"@type\":\"ListItem\",\"position\":1,\"name\":\"Home\",\"item\":\"https:\\\/\\\/anivet.lt\\\/elparduotuve\\\/\"},{\"@type\":\"ListItem\",\"position\":2,\"name\":\"Produktai\",\"item\":\"https:\\\/\\\/anivet.lt\\\/elparduotuve\\\/produktai\\\/\"},{\"@type\":\"ListItem\",\"position\":3,\"name\":\"Hill\u2019s Prescription Diet\u00ae Canine r\\\/d svorio kontrolei\"}]},{\"@type\":\"WebSite\",\"@id\":\"https:\\\/\\\/anivet.lt\\\/elparduotuve\\\/#website\",\"url\":\"https:\\\/\\\/anivet.lt\\\/elparduotuve\\\/\",\"name\":\"anivet.lt\",\"description\":\"Viskas J\u016bs\u0173 \u0161uns, kat\u0117s prie\u017ei\u016brai\",\"publisher\":{\"@id\":\"https:\\\/\\\/anivet.lt\\\/elparduotuve\\\/#organization\"},\"alternateName\":\"Viskas J\u016bs\u0173 \u0161uns, kat\u0117s prie\u017ei\u016brai\",\"potentialAction\":[{\"@type\":\"SearchAction\",\"target\":{\"@type\":\"EntryPoint\",\"urlTemplate\":\"https:\\\/\\\/anivet.lt\\\/elparduotuve\\\/?s={search_term_string}\"},\"query-input\":{\"@type\":\"PropertyValueSpecification\",\"valueRequired\":true,\"valueName\":\"search_term_string\"}}],\"inLanguage\":\"lt-LT\"},{\"@type\":\"Organization\",\"@id\":\"https:\\\/\\\/anivet.lt\\\/elparduotuve\\\/#organization\",\"name\":\"Viskas J\u016bs\u0173 \u0161uns, kat\u0117s prie\u017ei\u016brai\",\"url\":\"https:\\\/\\\/anivet.lt\\\/elparduotuve\\\/\",\"logo\":{\"@type\":\"ImageObject\",\"inLanguage\":\"lt-LT\",\"@id\":\"https:\\\/\\\/anivet.lt\\\/elparduotuve\\\/#\\\/schema\\\/logo\\\/image\\\/\",\"url\":\"https:\\\/\\\/anivet.lt\\\/elparduotuve\\\/wp-content\\\/uploads\\\/2023\\\/06\\\/logo2.jpg\",\"contentUrl\":\"https:\\\/\\\/anivet.lt\\\/elparduotuve\\\/wp-content\\\/uploads\\\/2023\\\/06\\\/logo2.jpg\",\"width\":655,\"height\":194,\"caption\":\"Viskas J\u016bs\u0173 \u0161uns, kat\u0117s prie\u017ei\u016brai\"},\"image\":{\"@id\":\"https:\\\/\\\/anivet.lt\\\/elparduotuve\\\/#\\\/schema\\\/logo\\\/image\\\/\"}}]}<\/script>\n<!-- \/ Yoast SEO Premium plugin. -->","yoast_head_json":{"title":"Hill\u2019s Prescription Diet\u00ae Canine r\/d svorio kontrolei - anivet.lt","description":"\u0160is sausas pa\u0161aras su vi\u0161tiena yra specialiai sukurtas Hill\u2019s pa\u0161aro specialist\u0173 ir veterinar\u0173, siekiant pad\u0117ti \u0161unims veiksmingai ma\u017einti svor\u012f. Pa\u0161aro","robots":{"index":"index","follow":"follow","max-snippet":"max-snippet:-1","max-image-preview":"max-image-preview:large","max-video-preview":"max-video-preview:-1"},"canonical":"https:\/\/anivet.lt\/elparduotuve\/produktas\/hills-prescription-diet-canine-r-d-svorio-kontrolei\/","og_locale":"lt_LT","og_type":"article","og_title":"Hill\u2019s Prescription Diet\u00ae Canine r\/d svorio kontrolei","og_description":"\u0160is sausas pa\u0161aras su vi\u0161tiena yra specialiai sukurtas Hill\u2019s pa\u0161aro specialist\u0173 ir veterinar\u0173, siekiant pad\u0117ti \u0161unims veiksmingai ma\u017einti svor\u012f. Pa\u0161aro","og_url":"https:\/\/anivet.lt\/elparduotuve\/produktas\/hills-prescription-diet-canine-r-d-svorio-kontrolei\/","og_site_name":"anivet.lt","article_modified_time":"2025-05-27T13:34:40+00:00","og_image":[{"width":768,"height":768,"url":"https:\/\/anivet.lt\/elparduotuve\/wp-content\/uploads\/2025\/01\/16Hills-Prescription-Diet\u00ae-Canine-rd-svorio-kontrolei.jpg","type":"image\/jpeg"}],"twitter_card":"summary_large_image","twitter_misc":{"Est. reading time":"1 minut\u0117"},"schema":{"@context":"https:\/\/schema.org","@graph":[{"@type":"WebPage","@id":"https:\/\/anivet.lt\/elparduotuve\/produktas\/hills-prescription-diet-canine-r-d-svorio-kontrolei\/","url":"https:\/\/anivet.lt\/elparduotuve\/produktas\/hills-prescription-diet-canine-r-d-svorio-kontrolei\/","name":"Hill\u2019s Prescription Diet\u00ae Canine r\/d svorio kontrolei - anivet.lt","isPartOf":{"@id":"https:\/\/anivet.lt\/elparduotuve\/#website"},"primaryImageOfPage":{"@id":"https:\/\/anivet.lt\/elparduotuve\/produktas\/hills-prescription-diet-canine-r-d-svorio-kontrolei\/#primaryimage"},"image":{"@id":"https:\/\/anivet.lt\/elparduotuve\/produktas\/hills-prescription-diet-canine-r-d-svorio-kontrolei\/#primaryimage"},"thumbnailUrl":"https:\/\/anivet.lt\/elparduotuve\/wp-content\/uploads\/2025\/01\/16Hills-Prescription-Diet\u00ae-Canine-rd-svorio-kontrolei.jpg","datePublished":"2025-01-08T14:01:14+00:00","dateModified":"2025-05-27T13:34:40+00:00","description":"\u0160is sausas pa\u0161aras su vi\u0161tiena yra specialiai sukurtas Hill\u2019s pa\u0161aro specialist\u0173 ir veterinar\u0173, siekiant pad\u0117ti \u0161unims veiksmingai ma\u017einti svor\u012f. Pa\u0161aro","breadcrumb":{"@id":"https:\/\/anivet.lt\/elparduotuve\/produktas\/hills-prescription-diet-canine-r-d-svorio-kontrolei\/#breadcrumb"},"inLanguage":"lt-LT","potentialAction":[{"@type":"ReadAction","target":["https:\/\/anivet.lt\/elparduotuve\/produktas\/hills-prescription-diet-canine-r-d-svorio-kontrolei\/"]}]},{"@type":"ImageObject","inLanguage":"lt-LT","@id":"https:\/\/anivet.lt\/elparduotuve\/produktas\/hills-prescription-diet-canine-r-d-svorio-kontrolei\/#primaryimage","url":"https:\/\/anivet.lt\/elparduotuve\/wp-content\/uploads\/2025\/01\/16Hills-Prescription-Diet\u00ae-Canine-rd-svorio-kontrolei.jpg","contentUrl":"https:\/\/anivet.lt\/elparduotuve\/wp-content\/uploads\/2025\/01\/16Hills-Prescription-Diet\u00ae-Canine-rd-svorio-kontrolei.jpg","width":768,"height":768,"caption":"Hill\u2019s Prescription Diet\u00ae Canine r\/d svorio kontrolei"},{"@type":"BreadcrumbList","@id":"https:\/\/anivet.lt\/elparduotuve\/produktas\/hills-prescription-diet-canine-r-d-svorio-kontrolei\/#breadcrumb","itemListElement":[{"@type":"ListItem","position":1,"name":"Home","item":"https:\/\/anivet.lt\/elparduotuve\/"},{"@type":"ListItem","position":2,"name":"Produktai","item":"https:\/\/anivet.lt\/elparduotuve\/produktai\/"},{"@type":"ListItem","position":3,"name":"Hill\u2019s Prescription Diet\u00ae Canine r\/d svorio kontrolei"}]},{"@type":"WebSite","@id":"https:\/\/anivet.lt\/elparduotuve\/#website","url":"https:\/\/anivet.lt\/elparduotuve\/","name":"anivet.lt","description":"Viskas J\u016bs\u0173 \u0161uns, kat\u0117s prie\u017ei\u016brai","publisher":{"@id":"https:\/\/anivet.lt\/elparduotuve\/#organization"},"alternateName":"Viskas J\u016bs\u0173 \u0161uns, kat\u0117s prie\u017ei\u016brai","potentialAction":[{"@type":"SearchAction","target":{"@type":"EntryPoint","urlTemplate":"https:\/\/anivet.lt\/elparduotuve\/?s={search_term_string}"},"query-input":{"@type":"PropertyValueSpecification","valueRequired":true,"valueName":"search_term_string"}}],"inLanguage":"lt-LT"},{"@type":"Organization","@id":"https:\/\/anivet.lt\/elparduotuve\/#organization","name":"Viskas J\u016bs\u0173 \u0161uns, kat\u0117s prie\u017ei\u016brai","url":"https:\/\/anivet.lt\/elparduotuve\/","logo":{"@type":"ImageObject","inLanguage":"lt-LT","@id":"https:\/\/anivet.lt\/elparduotuve\/#\/schema\/logo\/image\/","url":"https:\/\/anivet.lt\/elparduotuve\/wp-content\/uploads\/2023\/06\/logo2.jpg","contentUrl":"https:\/\/anivet.lt\/elparduotuve\/wp-content\/uploads\/2023\/06\/logo2.jpg","width":655,"height":194,"caption":"Viskas J\u016bs\u0173 \u0161uns, kat\u0117s prie\u017ei\u016brai"},"image":{"@id":"https:\/\/anivet.lt\/elparduotuve\/#\/schema\/logo\/image\/"}}]}},"_links":{"self":[{"href":"https:\/\/anivet.lt\/elparduotuve\/wp-json\/wp\/v2\/product\/16145","targetHints":{"allow":["GET"]}}],"collection":[{"href":"https:\/\/anivet.lt\/elparduotuve\/wp-json\/wp\/v2\/product"}],"about":[{"href":"https:\/\/anivet.lt\/elparduotuve\/wp-json\/wp\/v2\/types\/product"}],"wp:featuredmedia":[{"embeddable":true,"href":"https:\/\/anivet.lt\/elparduotuve\/wp-json\/wp\/v2\/media\/16146"}],"wp:attachment":[{"href":"https:\/\/anivet.lt\/elparduotuve\/wp-json\/wp\/v2\/media?parent=16145"}],"wp:term":[{"taxonomy":"product_brand","embeddable":true,"href":"https:\/\/anivet.lt\/elparduotuve\/wp-json\/wp\/v2\/product_brand?post=16145"},{"taxonomy":"product_cat","embeddable":true,"href":"https:\/\/anivet.lt\/elparduotuve\/wp-json\/wp\/v2\/product_cat?post=16145"},{"taxonomy":"product_tag","embeddable":true,"href":"https:\/\/anivet.lt\/elparduotuve\/wp-json\/wp\/v2\/product_tag?post=16145"}],"curies":[{"name":"wp","href":"https:\/\/api.w.org\/{rel}","templated":true}]}}