{"id":16151,"date":"2025-01-08T14:46:20","date_gmt":"2025-01-08T14:46:20","guid":{"rendered":"https:\/\/anivet.lt\/elparduotuve\/?post_type=product&#038;p=16151"},"modified":"2025-05-27T13:34:41","modified_gmt":"2025-05-27T13:34:41","slug":"hills-prescription-diet-canine-w-d-diabeto-antsvorio-kontrolei","status":"publish","type":"product","link":"https:\/\/anivet.lt\/elparduotuve\/produktas\/hills-prescription-diet-canine-w-d-diabeto-antsvorio-kontrolei\/","title":{"rendered":"Hill\u2019s Prescription Diet\u00ae Canine w\/d  diabeto\/antsvorio kontrolei"},"content":{"rendered":"<p>\u0160is sausas pa\u0161aras yra sukurtas Hill\u2019s veterinar\u0173 ir mitybos specialist\u0173, siekiant pad\u0117ti \u0161unims efektyviai valdyti cukraus kiek\u012f kraujyje ir palaikyti sveik\u0105 svor\u012f. Subalansuota sud\u0117tis su nedideliu cukraus kiekiu ir skaidul\u0173 mi\u0161iniu u\u017etikrina, kad j\u016bs\u0173 augintinis gal\u0117t\u0173 m\u0117gautis aktyviu gyvenimu ir gera savijauta.<\/p>\n<ul>\n<li>Ma\u017eas cukraus kiekis: Padeda reguliuoti cukraus kiek\u012f kraujyje, palaikant stabili\u0105 organizmo b\u016bkl\u0119.<\/li>\n<li>Skaidul\u0173 mi\u0161inys: Optimalus tirpi\u0173 ir netirpi\u0173 skaidul\u0173 santykis gerina vir\u0161kinim\u0105 ir ilgesn\u012f sotumo jausm\u0105.<\/li>\n<li>Auk\u0161tos kokyb\u0117s baltymai: Stiprina raumen\u0173 mas\u0119 ir palaiko \u0161uns fizin\u0119 b\u016bkl\u0119.<\/li>\n<li>L-karnitinas: Skatina riebal\u0173 deginim\u0105 ir padeda i\u0161laikyti sveik\u0105 k\u016bno svor\u012f.<\/li>\n<li>S+OXSHIELD formul\u0117: Ma\u017eina struvitini\u0173 ir kalcio oksalato akmen\u0173 susidarymo rizik\u0105, palaikant \u0161lapimo sistemos sveikat\u0105.<\/li>\n<\/ul>\n<p>\u201eHill\u2019s Prescription Diet\u00ae Canine w\/d\u201d yra visavertis pa\u0161aras, tinkantis \u0161unims, kuriems reikia reguliuoti cukraus kiek\u012f kraujyje ar valdyti k\u016bno svor\u012f. Subalansuota formul\u0117 apr\u016bpina augintin\u012f visomis reikiamomis maistin\u0117mis med\u017eiagomis ir padeda i\u0161laikyti ger\u0105 fizin\u0119 savijaut\u0105.<\/p>\n","protected":false},"excerpt":{"rendered":"<p>\u0160is sausas pa\u0161aras yra sukurtas Hill\u2019s veterinar\u0173 ir mitybos specialist\u0173, siekiant pad\u0117ti \u0161unims efektyviai valdyti cukraus kiek\u012f kraujyje ir palaikyti<\/p>\n","protected":false},"featured_media":16152,"template":"","meta":[],"product_brand":[],"product_cat":[101,103,107,333],"product_tag":[],"class_list":{"0":"post-16151","1":"product","2":"type-product","3":"status-publish","4":"has-post-thumbnail","6":"product_cat-sunims","7":"product_cat-sunu-maistas","8":"product_cat-veterinarine-dieta","9":"product_cat-hills-sunu-maistas","10":"pa_prekinis-zenklas-hills","12":"first","13":"instock","14":"taxable","15":"shipping-taxable","16":"purchasable","17":"product-type-variable"},"yoast_head":"<!-- This site is optimized with the Yoast SEO Premium plugin v27.1 (Yoast SEO v27.5) - https:\/\/yoast.com\/product\/yoast-seo-premium-wordpress\/ -->\n<title>Hill\u2019s Prescription Diet\u00ae Canine w\/d diabeto\/antsvorio kontrolei - anivet.lt<\/title>\n<meta name=\"description\" content=\"\u0160is sausas pa\u0161aras yra sukurtas Hill\u2019s veterinar\u0173 ir mitybos specialist\u0173, siekiant pad\u0117ti \u0161unims efektyviai valdyti cukraus kiek\u012f kraujyje ir palaikyti\" \/>\n<meta name=\"robots\" content=\"index, follow, max-snippet:-1, max-image-preview:large, max-video-preview:-1\" \/>\n<link rel=\"canonical\" href=\"https:\/\/anivet.lt\/elparduotuve\/produktas\/hills-prescription-diet-canine-w-d-diabeto-antsvorio-kontrolei\/\" \/>\n<meta property=\"og:locale\" content=\"lt_LT\" \/>\n<meta property=\"og:type\" content=\"article\" \/>\n<meta property=\"og:title\" content=\"Hill\u2019s Prescription Diet\u00ae Canine w\/d diabeto\/antsvorio kontrolei\" \/>\n<meta property=\"og:description\" content=\"\u0160is sausas pa\u0161aras yra sukurtas Hill\u2019s veterinar\u0173 ir mitybos specialist\u0173, siekiant pad\u0117ti \u0161unims efektyviai valdyti cukraus kiek\u012f kraujyje ir palaikyti\" \/>\n<meta property=\"og:url\" content=\"https:\/\/anivet.lt\/elparduotuve\/produktas\/hills-prescription-diet-canine-w-d-diabeto-antsvorio-kontrolei\/\" \/>\n<meta property=\"og:site_name\" content=\"anivet.lt\" \/>\n<meta property=\"article:modified_time\" content=\"2025-05-27T13:34:41+00:00\" \/>\n<meta property=\"og:image\" content=\"https:\/\/anivet.lt\/elparduotuve\/wp-content\/uploads\/2025\/01\/17Hills-Prescription-Diet\u00ae-Canine-wd-diabeto-antsvorio-kontrolei.jpg\" \/>\n\t<meta property=\"og:image:width\" content=\"768\" \/>\n\t<meta property=\"og:image:height\" content=\"768\" \/>\n\t<meta property=\"og:image:type\" content=\"image\/jpeg\" \/>\n<meta name=\"twitter:card\" content=\"summary_large_image\" \/>\n<meta name=\"twitter:label1\" content=\"Est. reading time\" \/>\n\t<meta name=\"twitter:data1\" content=\"1 minut\u0117\" \/>\n<script type=\"application\/ld+json\" class=\"yoast-schema-graph\">{\"@context\":\"https:\\\/\\\/schema.org\",\"@graph\":[{\"@type\":\"WebPage\",\"@id\":\"https:\\\/\\\/anivet.lt\\\/elparduotuve\\\/produktas\\\/hills-prescription-diet-canine-w-d-diabeto-antsvorio-kontrolei\\\/\",\"url\":\"https:\\\/\\\/anivet.lt\\\/elparduotuve\\\/produktas\\\/hills-prescription-diet-canine-w-d-diabeto-antsvorio-kontrolei\\\/\",\"name\":\"Hill\u2019s Prescription Diet\u00ae Canine w\\\/d diabeto\\\/antsvorio kontrolei - anivet.lt\",\"isPartOf\":{\"@id\":\"https:\\\/\\\/anivet.lt\\\/elparduotuve\\\/#website\"},\"primaryImageOfPage\":{\"@id\":\"https:\\\/\\\/anivet.lt\\\/elparduotuve\\\/produktas\\\/hills-prescription-diet-canine-w-d-diabeto-antsvorio-kontrolei\\\/#primaryimage\"},\"image\":{\"@id\":\"https:\\\/\\\/anivet.lt\\\/elparduotuve\\\/produktas\\\/hills-prescription-diet-canine-w-d-diabeto-antsvorio-kontrolei\\\/#primaryimage\"},\"thumbnailUrl\":\"https:\\\/\\\/anivet.lt\\\/elparduotuve\\\/wp-content\\\/uploads\\\/2025\\\/01\\\/17Hills-Prescription-Diet\u00ae-Canine-wd-diabeto-antsvorio-kontrolei.jpg\",\"datePublished\":\"2025-01-08T14:46:20+00:00\",\"dateModified\":\"2025-05-27T13:34:41+00:00\",\"description\":\"\u0160is sausas pa\u0161aras yra sukurtas Hill\u2019s veterinar\u0173 ir mitybos specialist\u0173, siekiant pad\u0117ti \u0161unims efektyviai valdyti cukraus kiek\u012f kraujyje ir palaikyti\",\"breadcrumb\":{\"@id\":\"https:\\\/\\\/anivet.lt\\\/elparduotuve\\\/produktas\\\/hills-prescription-diet-canine-w-d-diabeto-antsvorio-kontrolei\\\/#breadcrumb\"},\"inLanguage\":\"lt-LT\",\"potentialAction\":[{\"@type\":\"ReadAction\",\"target\":[\"https:\\\/\\\/anivet.lt\\\/elparduotuve\\\/produktas\\\/hills-prescription-diet-canine-w-d-diabeto-antsvorio-kontrolei\\\/\"]}]},{\"@type\":\"ImageObject\",\"inLanguage\":\"lt-LT\",\"@id\":\"https:\\\/\\\/anivet.lt\\\/elparduotuve\\\/produktas\\\/hills-prescription-diet-canine-w-d-diabeto-antsvorio-kontrolei\\\/#primaryimage\",\"url\":\"https:\\\/\\\/anivet.lt\\\/elparduotuve\\\/wp-content\\\/uploads\\\/2025\\\/01\\\/17Hills-Prescription-Diet\u00ae-Canine-wd-diabeto-antsvorio-kontrolei.jpg\",\"contentUrl\":\"https:\\\/\\\/anivet.lt\\\/elparduotuve\\\/wp-content\\\/uploads\\\/2025\\\/01\\\/17Hills-Prescription-Diet\u00ae-Canine-wd-diabeto-antsvorio-kontrolei.jpg\",\"width\":768,\"height\":768,\"caption\":\"Hill\u2019s Prescription Diet\u00ae Canine w\\\/d diabeto\\\/antsvorio kontrolei\"},{\"@type\":\"BreadcrumbList\",\"@id\":\"https:\\\/\\\/anivet.lt\\\/elparduotuve\\\/produktas\\\/hills-prescription-diet-canine-w-d-diabeto-antsvorio-kontrolei\\\/#breadcrumb\",\"itemListElement\":[{\"@type\":\"ListItem\",\"position\":1,\"name\":\"Home\",\"item\":\"https:\\\/\\\/anivet.lt\\\/elparduotuve\\\/\"},{\"@type\":\"ListItem\",\"position\":2,\"name\":\"Produktai\",\"item\":\"https:\\\/\\\/anivet.lt\\\/elparduotuve\\\/produktai\\\/\"},{\"@type\":\"ListItem\",\"position\":3,\"name\":\"Hill\u2019s Prescription Diet\u00ae Canine w\\\/d diabeto\\\/antsvorio kontrolei\"}]},{\"@type\":\"WebSite\",\"@id\":\"https:\\\/\\\/anivet.lt\\\/elparduotuve\\\/#website\",\"url\":\"https:\\\/\\\/anivet.lt\\\/elparduotuve\\\/\",\"name\":\"anivet.lt\",\"description\":\"Viskas J\u016bs\u0173 \u0161uns, kat\u0117s prie\u017ei\u016brai\",\"publisher\":{\"@id\":\"https:\\\/\\\/anivet.lt\\\/elparduotuve\\\/#organization\"},\"alternateName\":\"Viskas J\u016bs\u0173 \u0161uns, kat\u0117s prie\u017ei\u016brai\",\"potentialAction\":[{\"@type\":\"SearchAction\",\"target\":{\"@type\":\"EntryPoint\",\"urlTemplate\":\"https:\\\/\\\/anivet.lt\\\/elparduotuve\\\/?s={search_term_string}\"},\"query-input\":{\"@type\":\"PropertyValueSpecification\",\"valueRequired\":true,\"valueName\":\"search_term_string\"}}],\"inLanguage\":\"lt-LT\"},{\"@type\":\"Organization\",\"@id\":\"https:\\\/\\\/anivet.lt\\\/elparduotuve\\\/#organization\",\"name\":\"Viskas J\u016bs\u0173 \u0161uns, kat\u0117s prie\u017ei\u016brai\",\"url\":\"https:\\\/\\\/anivet.lt\\\/elparduotuve\\\/\",\"logo\":{\"@type\":\"ImageObject\",\"inLanguage\":\"lt-LT\",\"@id\":\"https:\\\/\\\/anivet.lt\\\/elparduotuve\\\/#\\\/schema\\\/logo\\\/image\\\/\",\"url\":\"https:\\\/\\\/anivet.lt\\\/elparduotuve\\\/wp-content\\\/uploads\\\/2023\\\/06\\\/logo2.jpg\",\"contentUrl\":\"https:\\\/\\\/anivet.lt\\\/elparduotuve\\\/wp-content\\\/uploads\\\/2023\\\/06\\\/logo2.jpg\",\"width\":655,\"height\":194,\"caption\":\"Viskas J\u016bs\u0173 \u0161uns, kat\u0117s prie\u017ei\u016brai\"},\"image\":{\"@id\":\"https:\\\/\\\/anivet.lt\\\/elparduotuve\\\/#\\\/schema\\\/logo\\\/image\\\/\"}}]}<\/script>\n<!-- \/ Yoast SEO Premium plugin. -->","yoast_head_json":{"title":"Hill\u2019s Prescription Diet\u00ae Canine w\/d diabeto\/antsvorio kontrolei - anivet.lt","description":"\u0160is sausas pa\u0161aras yra sukurtas Hill\u2019s veterinar\u0173 ir mitybos specialist\u0173, siekiant pad\u0117ti \u0161unims efektyviai valdyti cukraus kiek\u012f kraujyje ir palaikyti","robots":{"index":"index","follow":"follow","max-snippet":"max-snippet:-1","max-image-preview":"max-image-preview:large","max-video-preview":"max-video-preview:-1"},"canonical":"https:\/\/anivet.lt\/elparduotuve\/produktas\/hills-prescription-diet-canine-w-d-diabeto-antsvorio-kontrolei\/","og_locale":"lt_LT","og_type":"article","og_title":"Hill\u2019s Prescription Diet\u00ae Canine w\/d diabeto\/antsvorio kontrolei","og_description":"\u0160is sausas pa\u0161aras yra sukurtas Hill\u2019s veterinar\u0173 ir mitybos specialist\u0173, siekiant pad\u0117ti \u0161unims efektyviai valdyti cukraus kiek\u012f kraujyje ir palaikyti","og_url":"https:\/\/anivet.lt\/elparduotuve\/produktas\/hills-prescription-diet-canine-w-d-diabeto-antsvorio-kontrolei\/","og_site_name":"anivet.lt","article_modified_time":"2025-05-27T13:34:41+00:00","og_image":[{"width":768,"height":768,"url":"https:\/\/anivet.lt\/elparduotuve\/wp-content\/uploads\/2025\/01\/17Hills-Prescription-Diet\u00ae-Canine-wd-diabeto-antsvorio-kontrolei.jpg","type":"image\/jpeg"}],"twitter_card":"summary_large_image","twitter_misc":{"Est. reading time":"1 minut\u0117"},"schema":{"@context":"https:\/\/schema.org","@graph":[{"@type":"WebPage","@id":"https:\/\/anivet.lt\/elparduotuve\/produktas\/hills-prescription-diet-canine-w-d-diabeto-antsvorio-kontrolei\/","url":"https:\/\/anivet.lt\/elparduotuve\/produktas\/hills-prescription-diet-canine-w-d-diabeto-antsvorio-kontrolei\/","name":"Hill\u2019s Prescription Diet\u00ae Canine w\/d diabeto\/antsvorio kontrolei - anivet.lt","isPartOf":{"@id":"https:\/\/anivet.lt\/elparduotuve\/#website"},"primaryImageOfPage":{"@id":"https:\/\/anivet.lt\/elparduotuve\/produktas\/hills-prescription-diet-canine-w-d-diabeto-antsvorio-kontrolei\/#primaryimage"},"image":{"@id":"https:\/\/anivet.lt\/elparduotuve\/produktas\/hills-prescription-diet-canine-w-d-diabeto-antsvorio-kontrolei\/#primaryimage"},"thumbnailUrl":"https:\/\/anivet.lt\/elparduotuve\/wp-content\/uploads\/2025\/01\/17Hills-Prescription-Diet\u00ae-Canine-wd-diabeto-antsvorio-kontrolei.jpg","datePublished":"2025-01-08T14:46:20+00:00","dateModified":"2025-05-27T13:34:41+00:00","description":"\u0160is sausas pa\u0161aras yra sukurtas Hill\u2019s veterinar\u0173 ir mitybos specialist\u0173, siekiant pad\u0117ti \u0161unims efektyviai valdyti cukraus kiek\u012f kraujyje ir palaikyti","breadcrumb":{"@id":"https:\/\/anivet.lt\/elparduotuve\/produktas\/hills-prescription-diet-canine-w-d-diabeto-antsvorio-kontrolei\/#breadcrumb"},"inLanguage":"lt-LT","potentialAction":[{"@type":"ReadAction","target":["https:\/\/anivet.lt\/elparduotuve\/produktas\/hills-prescription-diet-canine-w-d-diabeto-antsvorio-kontrolei\/"]}]},{"@type":"ImageObject","inLanguage":"lt-LT","@id":"https:\/\/anivet.lt\/elparduotuve\/produktas\/hills-prescription-diet-canine-w-d-diabeto-antsvorio-kontrolei\/#primaryimage","url":"https:\/\/anivet.lt\/elparduotuve\/wp-content\/uploads\/2025\/01\/17Hills-Prescription-Diet\u00ae-Canine-wd-diabeto-antsvorio-kontrolei.jpg","contentUrl":"https:\/\/anivet.lt\/elparduotuve\/wp-content\/uploads\/2025\/01\/17Hills-Prescription-Diet\u00ae-Canine-wd-diabeto-antsvorio-kontrolei.jpg","width":768,"height":768,"caption":"Hill\u2019s Prescription Diet\u00ae Canine w\/d diabeto\/antsvorio kontrolei"},{"@type":"BreadcrumbList","@id":"https:\/\/anivet.lt\/elparduotuve\/produktas\/hills-prescription-diet-canine-w-d-diabeto-antsvorio-kontrolei\/#breadcrumb","itemListElement":[{"@type":"ListItem","position":1,"name":"Home","item":"https:\/\/anivet.lt\/elparduotuve\/"},{"@type":"ListItem","position":2,"name":"Produktai","item":"https:\/\/anivet.lt\/elparduotuve\/produktai\/"},{"@type":"ListItem","position":3,"name":"Hill\u2019s Prescription Diet\u00ae Canine w\/d diabeto\/antsvorio kontrolei"}]},{"@type":"WebSite","@id":"https:\/\/anivet.lt\/elparduotuve\/#website","url":"https:\/\/anivet.lt\/elparduotuve\/","name":"anivet.lt","description":"Viskas J\u016bs\u0173 \u0161uns, kat\u0117s prie\u017ei\u016brai","publisher":{"@id":"https:\/\/anivet.lt\/elparduotuve\/#organization"},"alternateName":"Viskas J\u016bs\u0173 \u0161uns, kat\u0117s prie\u017ei\u016brai","potentialAction":[{"@type":"SearchAction","target":{"@type":"EntryPoint","urlTemplate":"https:\/\/anivet.lt\/elparduotuve\/?s={search_term_string}"},"query-input":{"@type":"PropertyValueSpecification","valueRequired":true,"valueName":"search_term_string"}}],"inLanguage":"lt-LT"},{"@type":"Organization","@id":"https:\/\/anivet.lt\/elparduotuve\/#organization","name":"Viskas J\u016bs\u0173 \u0161uns, kat\u0117s prie\u017ei\u016brai","url":"https:\/\/anivet.lt\/elparduotuve\/","logo":{"@type":"ImageObject","inLanguage":"lt-LT","@id":"https:\/\/anivet.lt\/elparduotuve\/#\/schema\/logo\/image\/","url":"https:\/\/anivet.lt\/elparduotuve\/wp-content\/uploads\/2023\/06\/logo2.jpg","contentUrl":"https:\/\/anivet.lt\/elparduotuve\/wp-content\/uploads\/2023\/06\/logo2.jpg","width":655,"height":194,"caption":"Viskas J\u016bs\u0173 \u0161uns, kat\u0117s prie\u017ei\u016brai"},"image":{"@id":"https:\/\/anivet.lt\/elparduotuve\/#\/schema\/logo\/image\/"}}]}},"_links":{"self":[{"href":"https:\/\/anivet.lt\/elparduotuve\/wp-json\/wp\/v2\/product\/16151","targetHints":{"allow":["GET"]}}],"collection":[{"href":"https:\/\/anivet.lt\/elparduotuve\/wp-json\/wp\/v2\/product"}],"about":[{"href":"https:\/\/anivet.lt\/elparduotuve\/wp-json\/wp\/v2\/types\/product"}],"wp:featuredmedia":[{"embeddable":true,"href":"https:\/\/anivet.lt\/elparduotuve\/wp-json\/wp\/v2\/media\/16152"}],"wp:attachment":[{"href":"https:\/\/anivet.lt\/elparduotuve\/wp-json\/wp\/v2\/media?parent=16151"}],"wp:term":[{"taxonomy":"product_brand","embeddable":true,"href":"https:\/\/anivet.lt\/elparduotuve\/wp-json\/wp\/v2\/product_brand?post=16151"},{"taxonomy":"product_cat","embeddable":true,"href":"https:\/\/anivet.lt\/elparduotuve\/wp-json\/wp\/v2\/product_cat?post=16151"},{"taxonomy":"product_tag","embeddable":true,"href":"https:\/\/anivet.lt\/elparduotuve\/wp-json\/wp\/v2\/product_tag?post=16151"}],"curies":[{"name":"wp","href":"https:\/\/api.w.org\/{rel}","templated":true}]}}