{"id":16156,"date":"2025-01-08T14:53:08","date_gmt":"2025-01-08T14:53:08","guid":{"rendered":"https:\/\/anivet.lt\/elparduotuve\/?post_type=product&#038;p=16156"},"modified":"2025-05-27T13:34:47","modified_gmt":"2025-05-27T13:34:47","slug":"hills-prescription-diet-canine-j-d-sanariu-ligoms","status":"publish","type":"product","link":"https:\/\/anivet.lt\/elparduotuve\/produktas\/hills-prescription-diet-canine-j-d-sanariu-ligoms\/","title":{"rendered":"Hill\u2019s Prescription Diet\u00ae Canine j\/d  s\u0105nari\u0173 ligoms"},"content":{"rendered":"<p>\u0160is pa\u0161aras padeda j\u016bs\u0173 \u0161uniui lengviau vaik\u0161\u010dioti, b\u0117gioti ir \u0161okin\u0117ti vos per 21 dien\u0105. \u0160is sausas pa\u0161aras yra visavertis ir subalansuotas, apr\u016bpinantis augintin\u012f visomis reikalingomis maistin\u0117mis med\u017eiagomis, palaikan\u010diomis sveikus s\u0105narius.<\/p>\n<ul>\n<li>Omega-3 riebal\u0173 r\u016bg\u0161tys: Ma\u017eina u\u017edegim\u0105 ir palaiko s\u0105nari\u0173 sveikat\u0105.<\/li>\n<li>Gliukozaminas ir chondroitino sulfatas: Skatina sveik\u0105 kremzli\u0173 strukt\u016br\u0105 ir j\u0173 atsinaujinim\u0105.<\/li>\n<li>L-karnitinas: Padeda palaikyti lies\u0105 raumen\u0173 mas\u0119, svarbi\u0105 jud\u0117jimui ir aktyvumui.<\/li>\n<li>Klinikiniais tyrimais patvirtinti antioksidantai: Stiprina imunin\u0119 sistem\u0105 ir saugo l\u0105steles nuo oksidacinio streso.<\/li>\n<li>S+OXSHIELD formul\u0117: Ma\u017eina struvitini\u0173 ir kalcio oksalato kristal\u0173 susidarymo rizik\u0105, palaikant sveik\u0105 \u0161lapimo sistem\u0105.<\/li>\n<\/ul>\n<p>\u201eHill\u2019s Prescription Diet\u00ae Canine j\/d\u201d yra subalansuotas pa\u0161aras, tinkamas ilgalaikiam naudojimui \u0161unims, kuriems reikia pagerinti judrum\u0105 ir palaikyti s\u0105nari\u0173 sveikat\u0105. Jo unikali sud\u0117tis padeda \u0161uniui i\u0161laikyti aktyv\u0173 gyvenim\u0105 ir m\u0117gautis geresne jud\u0117jimo laisve.<\/p>\n","protected":false},"excerpt":{"rendered":"<p>\u0160is pa\u0161aras padeda j\u016bs\u0173 \u0161uniui lengviau vaik\u0161\u010dioti, b\u0117gioti ir \u0161okin\u0117ti vos per 21 dien\u0105. \u0160is sausas pa\u0161aras yra visavertis ir<\/p>\n","protected":false},"featured_media":16157,"template":"","meta":[],"product_brand":[],"product_cat":[101,103,107,333],"product_tag":[],"class_list":{"0":"post-16156","1":"product","2":"type-product","3":"status-publish","4":"has-post-thumbnail","6":"product_cat-sunims","7":"product_cat-sunu-maistas","8":"product_cat-veterinarine-dieta","9":"product_cat-hills-sunu-maistas","10":"pa_prekinis-zenklas-hills","12":"first","13":"instock","14":"taxable","15":"shipping-taxable","16":"purchasable","17":"product-type-simple"},"yoast_head":"<!-- This site is optimized with the Yoast SEO Premium plugin v27.1 (Yoast SEO v27.5) - https:\/\/yoast.com\/product\/yoast-seo-premium-wordpress\/ -->\n<title>Hill\u2019s Prescription Diet\u00ae Canine j\/d s\u0105nari\u0173 ligoms - anivet.lt<\/title>\n<meta name=\"description\" content=\"\u0160is pa\u0161aras padeda j\u016bs\u0173 \u0161uniui lengviau vaik\u0161\u010dioti, b\u0117gioti ir \u0161okin\u0117ti vos per 21 dien\u0105. \u0160is sausas pa\u0161aras yra visavertis ir subalansuotas, apr\u016bpinantis\" \/>\n<meta name=\"robots\" content=\"index, follow, max-snippet:-1, max-image-preview:large, max-video-preview:-1\" \/>\n<link rel=\"canonical\" href=\"https:\/\/anivet.lt\/elparduotuve\/produktas\/hills-prescription-diet-canine-j-d-sanariu-ligoms\/\" \/>\n<meta property=\"og:locale\" content=\"lt_LT\" \/>\n<meta property=\"og:type\" content=\"article\" \/>\n<meta property=\"og:title\" content=\"Hill\u2019s Prescription Diet\u00ae Canine j\/d s\u0105nari\u0173 ligoms\" \/>\n<meta property=\"og:description\" content=\"\u0160is pa\u0161aras padeda j\u016bs\u0173 \u0161uniui lengviau vaik\u0161\u010dioti, b\u0117gioti ir \u0161okin\u0117ti vos per 21 dien\u0105. \u0160is sausas pa\u0161aras yra visavertis ir subalansuotas, apr\u016bpinantis\" \/>\n<meta property=\"og:url\" content=\"https:\/\/anivet.lt\/elparduotuve\/produktas\/hills-prescription-diet-canine-j-d-sanariu-ligoms\/\" \/>\n<meta property=\"og:site_name\" content=\"anivet.lt\" \/>\n<meta property=\"article:modified_time\" content=\"2025-05-27T13:34:47+00:00\" \/>\n<meta property=\"og:image\" content=\"https:\/\/anivet.lt\/elparduotuve\/wp-content\/uploads\/2025\/01\/18Hills-Prescription-Diet\u00ae-Canine-jd-sanariu-ligoms.jpg\" \/>\n\t<meta property=\"og:image:width\" content=\"768\" \/>\n\t<meta property=\"og:image:height\" content=\"768\" \/>\n\t<meta property=\"og:image:type\" content=\"image\/jpeg\" \/>\n<meta name=\"twitter:card\" content=\"summary_large_image\" \/>\n<meta name=\"twitter:label1\" content=\"Est. reading time\" \/>\n\t<meta name=\"twitter:data1\" content=\"1 minut\u0117\" \/>\n<script type=\"application\/ld+json\" class=\"yoast-schema-graph\">{\"@context\":\"https:\\\/\\\/schema.org\",\"@graph\":[{\"@type\":\"WebPage\",\"@id\":\"https:\\\/\\\/anivet.lt\\\/elparduotuve\\\/produktas\\\/hills-prescription-diet-canine-j-d-sanariu-ligoms\\\/\",\"url\":\"https:\\\/\\\/anivet.lt\\\/elparduotuve\\\/produktas\\\/hills-prescription-diet-canine-j-d-sanariu-ligoms\\\/\",\"name\":\"Hill\u2019s Prescription Diet\u00ae Canine j\\\/d s\u0105nari\u0173 ligoms - anivet.lt\",\"isPartOf\":{\"@id\":\"https:\\\/\\\/anivet.lt\\\/elparduotuve\\\/#website\"},\"primaryImageOfPage\":{\"@id\":\"https:\\\/\\\/anivet.lt\\\/elparduotuve\\\/produktas\\\/hills-prescription-diet-canine-j-d-sanariu-ligoms\\\/#primaryimage\"},\"image\":{\"@id\":\"https:\\\/\\\/anivet.lt\\\/elparduotuve\\\/produktas\\\/hills-prescription-diet-canine-j-d-sanariu-ligoms\\\/#primaryimage\"},\"thumbnailUrl\":\"https:\\\/\\\/anivet.lt\\\/elparduotuve\\\/wp-content\\\/uploads\\\/2025\\\/01\\\/18Hills-Prescription-Diet\u00ae-Canine-jd-sanariu-ligoms.jpg\",\"datePublished\":\"2025-01-08T14:53:08+00:00\",\"dateModified\":\"2025-05-27T13:34:47+00:00\",\"description\":\"\u0160is pa\u0161aras padeda j\u016bs\u0173 \u0161uniui lengviau vaik\u0161\u010dioti, b\u0117gioti ir \u0161okin\u0117ti vos per 21 dien\u0105. \u0160is sausas pa\u0161aras yra visavertis ir subalansuotas, apr\u016bpinantis\",\"breadcrumb\":{\"@id\":\"https:\\\/\\\/anivet.lt\\\/elparduotuve\\\/produktas\\\/hills-prescription-diet-canine-j-d-sanariu-ligoms\\\/#breadcrumb\"},\"inLanguage\":\"lt-LT\",\"potentialAction\":[{\"@type\":\"ReadAction\",\"target\":[\"https:\\\/\\\/anivet.lt\\\/elparduotuve\\\/produktas\\\/hills-prescription-diet-canine-j-d-sanariu-ligoms\\\/\"]}]},{\"@type\":\"ImageObject\",\"inLanguage\":\"lt-LT\",\"@id\":\"https:\\\/\\\/anivet.lt\\\/elparduotuve\\\/produktas\\\/hills-prescription-diet-canine-j-d-sanariu-ligoms\\\/#primaryimage\",\"url\":\"https:\\\/\\\/anivet.lt\\\/elparduotuve\\\/wp-content\\\/uploads\\\/2025\\\/01\\\/18Hills-Prescription-Diet\u00ae-Canine-jd-sanariu-ligoms.jpg\",\"contentUrl\":\"https:\\\/\\\/anivet.lt\\\/elparduotuve\\\/wp-content\\\/uploads\\\/2025\\\/01\\\/18Hills-Prescription-Diet\u00ae-Canine-jd-sanariu-ligoms.jpg\",\"width\":768,\"height\":768,\"caption\":\"Hill\u2019s Prescription Diet\u00ae Canine j\\\/d s\u0105nari\u0173 ligoms\"},{\"@type\":\"BreadcrumbList\",\"@id\":\"https:\\\/\\\/anivet.lt\\\/elparduotuve\\\/produktas\\\/hills-prescription-diet-canine-j-d-sanariu-ligoms\\\/#breadcrumb\",\"itemListElement\":[{\"@type\":\"ListItem\",\"position\":1,\"name\":\"Home\",\"item\":\"https:\\\/\\\/anivet.lt\\\/elparduotuve\\\/\"},{\"@type\":\"ListItem\",\"position\":2,\"name\":\"Produktai\",\"item\":\"https:\\\/\\\/anivet.lt\\\/elparduotuve\\\/produktai\\\/\"},{\"@type\":\"ListItem\",\"position\":3,\"name\":\"Hill\u2019s Prescription Diet\u00ae Canine j\\\/d s\u0105nari\u0173 ligoms\"}]},{\"@type\":\"WebSite\",\"@id\":\"https:\\\/\\\/anivet.lt\\\/elparduotuve\\\/#website\",\"url\":\"https:\\\/\\\/anivet.lt\\\/elparduotuve\\\/\",\"name\":\"anivet.lt\",\"description\":\"Viskas J\u016bs\u0173 \u0161uns, kat\u0117s prie\u017ei\u016brai\",\"publisher\":{\"@id\":\"https:\\\/\\\/anivet.lt\\\/elparduotuve\\\/#organization\"},\"alternateName\":\"Viskas J\u016bs\u0173 \u0161uns, kat\u0117s prie\u017ei\u016brai\",\"potentialAction\":[{\"@type\":\"SearchAction\",\"target\":{\"@type\":\"EntryPoint\",\"urlTemplate\":\"https:\\\/\\\/anivet.lt\\\/elparduotuve\\\/?s={search_term_string}\"},\"query-input\":{\"@type\":\"PropertyValueSpecification\",\"valueRequired\":true,\"valueName\":\"search_term_string\"}}],\"inLanguage\":\"lt-LT\"},{\"@type\":\"Organization\",\"@id\":\"https:\\\/\\\/anivet.lt\\\/elparduotuve\\\/#organization\",\"name\":\"Viskas J\u016bs\u0173 \u0161uns, kat\u0117s prie\u017ei\u016brai\",\"url\":\"https:\\\/\\\/anivet.lt\\\/elparduotuve\\\/\",\"logo\":{\"@type\":\"ImageObject\",\"inLanguage\":\"lt-LT\",\"@id\":\"https:\\\/\\\/anivet.lt\\\/elparduotuve\\\/#\\\/schema\\\/logo\\\/image\\\/\",\"url\":\"https:\\\/\\\/anivet.lt\\\/elparduotuve\\\/wp-content\\\/uploads\\\/2023\\\/06\\\/logo2.jpg\",\"contentUrl\":\"https:\\\/\\\/anivet.lt\\\/elparduotuve\\\/wp-content\\\/uploads\\\/2023\\\/06\\\/logo2.jpg\",\"width\":655,\"height\":194,\"caption\":\"Viskas J\u016bs\u0173 \u0161uns, kat\u0117s prie\u017ei\u016brai\"},\"image\":{\"@id\":\"https:\\\/\\\/anivet.lt\\\/elparduotuve\\\/#\\\/schema\\\/logo\\\/image\\\/\"}}]}<\/script>\n<!-- \/ Yoast SEO Premium plugin. -->","yoast_head_json":{"title":"Hill\u2019s Prescription Diet\u00ae Canine j\/d s\u0105nari\u0173 ligoms - anivet.lt","description":"\u0160is pa\u0161aras padeda j\u016bs\u0173 \u0161uniui lengviau vaik\u0161\u010dioti, b\u0117gioti ir \u0161okin\u0117ti vos per 21 dien\u0105. \u0160is sausas pa\u0161aras yra visavertis ir subalansuotas, apr\u016bpinantis","robots":{"index":"index","follow":"follow","max-snippet":"max-snippet:-1","max-image-preview":"max-image-preview:large","max-video-preview":"max-video-preview:-1"},"canonical":"https:\/\/anivet.lt\/elparduotuve\/produktas\/hills-prescription-diet-canine-j-d-sanariu-ligoms\/","og_locale":"lt_LT","og_type":"article","og_title":"Hill\u2019s Prescription Diet\u00ae Canine j\/d s\u0105nari\u0173 ligoms","og_description":"\u0160is pa\u0161aras padeda j\u016bs\u0173 \u0161uniui lengviau vaik\u0161\u010dioti, b\u0117gioti ir \u0161okin\u0117ti vos per 21 dien\u0105. \u0160is sausas pa\u0161aras yra visavertis ir subalansuotas, apr\u016bpinantis","og_url":"https:\/\/anivet.lt\/elparduotuve\/produktas\/hills-prescription-diet-canine-j-d-sanariu-ligoms\/","og_site_name":"anivet.lt","article_modified_time":"2025-05-27T13:34:47+00:00","og_image":[{"width":768,"height":768,"url":"https:\/\/anivet.lt\/elparduotuve\/wp-content\/uploads\/2025\/01\/18Hills-Prescription-Diet\u00ae-Canine-jd-sanariu-ligoms.jpg","type":"image\/jpeg"}],"twitter_card":"summary_large_image","twitter_misc":{"Est. reading time":"1 minut\u0117"},"schema":{"@context":"https:\/\/schema.org","@graph":[{"@type":"WebPage","@id":"https:\/\/anivet.lt\/elparduotuve\/produktas\/hills-prescription-diet-canine-j-d-sanariu-ligoms\/","url":"https:\/\/anivet.lt\/elparduotuve\/produktas\/hills-prescription-diet-canine-j-d-sanariu-ligoms\/","name":"Hill\u2019s Prescription Diet\u00ae Canine j\/d s\u0105nari\u0173 ligoms - anivet.lt","isPartOf":{"@id":"https:\/\/anivet.lt\/elparduotuve\/#website"},"primaryImageOfPage":{"@id":"https:\/\/anivet.lt\/elparduotuve\/produktas\/hills-prescription-diet-canine-j-d-sanariu-ligoms\/#primaryimage"},"image":{"@id":"https:\/\/anivet.lt\/elparduotuve\/produktas\/hills-prescription-diet-canine-j-d-sanariu-ligoms\/#primaryimage"},"thumbnailUrl":"https:\/\/anivet.lt\/elparduotuve\/wp-content\/uploads\/2025\/01\/18Hills-Prescription-Diet\u00ae-Canine-jd-sanariu-ligoms.jpg","datePublished":"2025-01-08T14:53:08+00:00","dateModified":"2025-05-27T13:34:47+00:00","description":"\u0160is pa\u0161aras padeda j\u016bs\u0173 \u0161uniui lengviau vaik\u0161\u010dioti, b\u0117gioti ir \u0161okin\u0117ti vos per 21 dien\u0105. \u0160is sausas pa\u0161aras yra visavertis ir subalansuotas, apr\u016bpinantis","breadcrumb":{"@id":"https:\/\/anivet.lt\/elparduotuve\/produktas\/hills-prescription-diet-canine-j-d-sanariu-ligoms\/#breadcrumb"},"inLanguage":"lt-LT","potentialAction":[{"@type":"ReadAction","target":["https:\/\/anivet.lt\/elparduotuve\/produktas\/hills-prescription-diet-canine-j-d-sanariu-ligoms\/"]}]},{"@type":"ImageObject","inLanguage":"lt-LT","@id":"https:\/\/anivet.lt\/elparduotuve\/produktas\/hills-prescription-diet-canine-j-d-sanariu-ligoms\/#primaryimage","url":"https:\/\/anivet.lt\/elparduotuve\/wp-content\/uploads\/2025\/01\/18Hills-Prescription-Diet\u00ae-Canine-jd-sanariu-ligoms.jpg","contentUrl":"https:\/\/anivet.lt\/elparduotuve\/wp-content\/uploads\/2025\/01\/18Hills-Prescription-Diet\u00ae-Canine-jd-sanariu-ligoms.jpg","width":768,"height":768,"caption":"Hill\u2019s Prescription Diet\u00ae Canine j\/d s\u0105nari\u0173 ligoms"},{"@type":"BreadcrumbList","@id":"https:\/\/anivet.lt\/elparduotuve\/produktas\/hills-prescription-diet-canine-j-d-sanariu-ligoms\/#breadcrumb","itemListElement":[{"@type":"ListItem","position":1,"name":"Home","item":"https:\/\/anivet.lt\/elparduotuve\/"},{"@type":"ListItem","position":2,"name":"Produktai","item":"https:\/\/anivet.lt\/elparduotuve\/produktai\/"},{"@type":"ListItem","position":3,"name":"Hill\u2019s Prescription Diet\u00ae Canine j\/d s\u0105nari\u0173 ligoms"}]},{"@type":"WebSite","@id":"https:\/\/anivet.lt\/elparduotuve\/#website","url":"https:\/\/anivet.lt\/elparduotuve\/","name":"anivet.lt","description":"Viskas J\u016bs\u0173 \u0161uns, kat\u0117s prie\u017ei\u016brai","publisher":{"@id":"https:\/\/anivet.lt\/elparduotuve\/#organization"},"alternateName":"Viskas J\u016bs\u0173 \u0161uns, kat\u0117s prie\u017ei\u016brai","potentialAction":[{"@type":"SearchAction","target":{"@type":"EntryPoint","urlTemplate":"https:\/\/anivet.lt\/elparduotuve\/?s={search_term_string}"},"query-input":{"@type":"PropertyValueSpecification","valueRequired":true,"valueName":"search_term_string"}}],"inLanguage":"lt-LT"},{"@type":"Organization","@id":"https:\/\/anivet.lt\/elparduotuve\/#organization","name":"Viskas J\u016bs\u0173 \u0161uns, kat\u0117s prie\u017ei\u016brai","url":"https:\/\/anivet.lt\/elparduotuve\/","logo":{"@type":"ImageObject","inLanguage":"lt-LT","@id":"https:\/\/anivet.lt\/elparduotuve\/#\/schema\/logo\/image\/","url":"https:\/\/anivet.lt\/elparduotuve\/wp-content\/uploads\/2023\/06\/logo2.jpg","contentUrl":"https:\/\/anivet.lt\/elparduotuve\/wp-content\/uploads\/2023\/06\/logo2.jpg","width":655,"height":194,"caption":"Viskas J\u016bs\u0173 \u0161uns, kat\u0117s prie\u017ei\u016brai"},"image":{"@id":"https:\/\/anivet.lt\/elparduotuve\/#\/schema\/logo\/image\/"}}]}},"_links":{"self":[{"href":"https:\/\/anivet.lt\/elparduotuve\/wp-json\/wp\/v2\/product\/16156","targetHints":{"allow":["GET"]}}],"collection":[{"href":"https:\/\/anivet.lt\/elparduotuve\/wp-json\/wp\/v2\/product"}],"about":[{"href":"https:\/\/anivet.lt\/elparduotuve\/wp-json\/wp\/v2\/types\/product"}],"wp:featuredmedia":[{"embeddable":true,"href":"https:\/\/anivet.lt\/elparduotuve\/wp-json\/wp\/v2\/media\/16157"}],"wp:attachment":[{"href":"https:\/\/anivet.lt\/elparduotuve\/wp-json\/wp\/v2\/media?parent=16156"}],"wp:term":[{"taxonomy":"product_brand","embeddable":true,"href":"https:\/\/anivet.lt\/elparduotuve\/wp-json\/wp\/v2\/product_brand?post=16156"},{"taxonomy":"product_cat","embeddable":true,"href":"https:\/\/anivet.lt\/elparduotuve\/wp-json\/wp\/v2\/product_cat?post=16156"},{"taxonomy":"product_tag","embeddable":true,"href":"https:\/\/anivet.lt\/elparduotuve\/wp-json\/wp\/v2\/product_tag?post=16156"}],"curies":[{"name":"wp","href":"https:\/\/api.w.org\/{rel}","templated":true}]}}