{"id":16168,"date":"2025-01-08T15:17:42","date_gmt":"2025-01-08T15:17:42","guid":{"rendered":"https:\/\/anivet.lt\/elparduotuve\/?post_type=product&#038;p=16168"},"modified":"2025-10-31T09:26:30","modified_gmt":"2025-10-31T09:26:30","slug":"hills-prescription-diet-canine-i-d-low-fat-virskinimo-sistemai","status":"publish","type":"product","link":"https:\/\/anivet.lt\/elparduotuve\/produktas\/hills-prescription-diet-canine-i-d-low-fat-virskinimo-sistemai\/","title":{"rendered":"Hill\u2019s Prescription Diet\u00ae Canine i\/d Low Fat  vir\u0161kinimo sistemai"},"content":{"rendered":"<p>\u0160is ma\u017eai riebal\u0173 turintis dietinis pa\u0161aras yra sukurtas Hill\u2019s veterinar\u0173 ir mitybos specialist\u0173, siekiant spr\u0119sti vir\u0161kinimo trakto problemas ir palaikyti \u017earnyno mikrobiomo pusiausvyr\u0105. Pagamintas i\u0161 gard\u017ei\u0173 ir lengvai vir\u0161kinam\u0173 ingredient\u0173, \u0161is pa\u0161aras ne tik padeda gerinti vir\u0161kinim\u0105, bet ir yra tinkamas ilgalaikiam naudojimui.<\/p>\n<ul>\n<li>Lengvai vir\u0161kinama sud\u0117tis: Ma\u017eas riebal\u0173 kiekis padeda spr\u0119sti vir\u0161kinimo problemas.<\/li>\n<li>Unikalus prebiotik\u0173 mi\u0161inys: Maitina \u017earnyno mikrobiom\u0105, palaiko sveik\u0105 vir\u0161kinim\u0105 ir gerina i\u0161mat\u0173 kokyb\u0119.<\/li>\n<li>Imbiero priedai: Ramina vir\u0161kinimo trakt\u0105 ir ma\u017eina diskomfort\u0105.<\/li>\n<li>Antioksidantai ir omega-3 riebal\u0173 r\u016bg\u0161tys: Stiprina imunin\u0119 sistem\u0105 ir ma\u017eina u\u017edegiminius procesus.<\/li>\n<li>Tinka ilgalaikiam naudojimui: Apr\u016bpina visomis b\u016btinosiomis maistin\u0117mis med\u017eiagomis.<\/li>\n<\/ul>\n<p>\u201eHill\u2019s Prescription Diet\u00ae Canine i\/d Low Fat\u201d yra visavertis dietinis pa\u0161aras, tinkamas kasdieninei mitybai ir ilgalaikiam naudojimui. Jo sud\u0117tyje esantys ingredientai padeda palaikyti vir\u0161kinimo sveikat\u0105 ir gerina bendr\u0105 augintinio savijaut\u0105.<\/p>\n","protected":false},"excerpt":{"rendered":"<p>\u0160is ma\u017eai riebal\u0173 turintis dietinis pa\u0161aras yra sukurtas Hill\u2019s veterinar\u0173 ir mitybos specialist\u0173, siekiant spr\u0119sti vir\u0161kinimo trakto problemas ir palaikyti<\/p>\n","protected":false},"featured_media":16169,"template":"","meta":[],"product_brand":[],"product_cat":[101,103,107,333],"product_tag":[],"class_list":{"0":"post-16168","1":"product","2":"type-product","3":"status-publish","4":"has-post-thumbnail","6":"product_cat-sunims","7":"product_cat-sunu-maistas","8":"product_cat-veterinarine-dieta","9":"product_cat-hills-sunu-maistas","10":"pa_prekinis-zenklas-hills","12":"first","13":"instock","14":"taxable","15":"shipping-taxable","16":"purchasable","17":"product-type-variable"},"yoast_head":"<!-- This site is optimized with the Yoast SEO Premium plugin v27.1 (Yoast SEO v27.5) - https:\/\/yoast.com\/product\/yoast-seo-premium-wordpress\/ -->\n<title>Hill\u2019s Prescription Diet\u00ae Canine i\/d Low Fat vir\u0161kinimo sistemai - anivet.lt<\/title>\n<meta name=\"description\" content=\"\u0160is ma\u017eai riebal\u0173 turintis dietinis pa\u0161aras yra sukurtas Hill\u2019s veterinar\u0173 ir mitybos specialist\u0173, siekiant spr\u0119sti vir\u0161kinimo trakto problemas ir\" \/>\n<meta name=\"robots\" content=\"index, follow, max-snippet:-1, max-image-preview:large, max-video-preview:-1\" \/>\n<link rel=\"canonical\" href=\"https:\/\/anivet.lt\/elparduotuve\/produktas\/hills-prescription-diet-canine-i-d-low-fat-virskinimo-sistemai\/\" \/>\n<meta property=\"og:locale\" content=\"lt_LT\" \/>\n<meta property=\"og:type\" content=\"article\" \/>\n<meta property=\"og:title\" content=\"Hill\u2019s Prescription Diet\u00ae Canine i\/d Low Fat vir\u0161kinimo sistemai\" \/>\n<meta property=\"og:description\" content=\"\u0160is ma\u017eai riebal\u0173 turintis dietinis pa\u0161aras yra sukurtas Hill\u2019s veterinar\u0173 ir mitybos specialist\u0173, siekiant spr\u0119sti vir\u0161kinimo trakto problemas ir\" \/>\n<meta property=\"og:url\" content=\"https:\/\/anivet.lt\/elparduotuve\/produktas\/hills-prescription-diet-canine-i-d-low-fat-virskinimo-sistemai\/\" \/>\n<meta property=\"og:site_name\" content=\"anivet.lt\" \/>\n<meta property=\"article:modified_time\" content=\"2025-10-31T09:26:30+00:00\" \/>\n<meta property=\"og:image\" content=\"https:\/\/anivet.lt\/elparduotuve\/wp-content\/uploads\/2025\/01\/21Hills-Prescription-Diet\u00ae-Canine-id-Low-Fat-virskinimo-sistemai.jpg\" \/>\n\t<meta property=\"og:image:width\" content=\"768\" \/>\n\t<meta property=\"og:image:height\" content=\"768\" \/>\n\t<meta property=\"og:image:type\" content=\"image\/jpeg\" \/>\n<meta name=\"twitter:card\" content=\"summary_large_image\" \/>\n<meta name=\"twitter:label1\" content=\"Est. reading time\" \/>\n\t<meta name=\"twitter:data1\" content=\"1 minut\u0117\" \/>\n<script type=\"application\/ld+json\" class=\"yoast-schema-graph\">{\"@context\":\"https:\\\/\\\/schema.org\",\"@graph\":[{\"@type\":\"WebPage\",\"@id\":\"https:\\\/\\\/anivet.lt\\\/elparduotuve\\\/produktas\\\/hills-prescription-diet-canine-i-d-low-fat-virskinimo-sistemai\\\/\",\"url\":\"https:\\\/\\\/anivet.lt\\\/elparduotuve\\\/produktas\\\/hills-prescription-diet-canine-i-d-low-fat-virskinimo-sistemai\\\/\",\"name\":\"Hill\u2019s Prescription Diet\u00ae Canine i\\\/d Low Fat vir\u0161kinimo sistemai - anivet.lt\",\"isPartOf\":{\"@id\":\"https:\\\/\\\/anivet.lt\\\/elparduotuve\\\/#website\"},\"primaryImageOfPage\":{\"@id\":\"https:\\\/\\\/anivet.lt\\\/elparduotuve\\\/produktas\\\/hills-prescription-diet-canine-i-d-low-fat-virskinimo-sistemai\\\/#primaryimage\"},\"image\":{\"@id\":\"https:\\\/\\\/anivet.lt\\\/elparduotuve\\\/produktas\\\/hills-prescription-diet-canine-i-d-low-fat-virskinimo-sistemai\\\/#primaryimage\"},\"thumbnailUrl\":\"https:\\\/\\\/anivet.lt\\\/elparduotuve\\\/wp-content\\\/uploads\\\/2025\\\/01\\\/21Hills-Prescription-Diet\u00ae-Canine-id-Low-Fat-virskinimo-sistemai.jpg\",\"datePublished\":\"2025-01-08T15:17:42+00:00\",\"dateModified\":\"2025-10-31T09:26:30+00:00\",\"description\":\"\u0160is ma\u017eai riebal\u0173 turintis dietinis pa\u0161aras yra sukurtas Hill\u2019s veterinar\u0173 ir mitybos specialist\u0173, siekiant spr\u0119sti vir\u0161kinimo trakto problemas ir\",\"breadcrumb\":{\"@id\":\"https:\\\/\\\/anivet.lt\\\/elparduotuve\\\/produktas\\\/hills-prescription-diet-canine-i-d-low-fat-virskinimo-sistemai\\\/#breadcrumb\"},\"inLanguage\":\"lt-LT\",\"potentialAction\":[{\"@type\":\"ReadAction\",\"target\":[\"https:\\\/\\\/anivet.lt\\\/elparduotuve\\\/produktas\\\/hills-prescription-diet-canine-i-d-low-fat-virskinimo-sistemai\\\/\"]}]},{\"@type\":\"ImageObject\",\"inLanguage\":\"lt-LT\",\"@id\":\"https:\\\/\\\/anivet.lt\\\/elparduotuve\\\/produktas\\\/hills-prescription-diet-canine-i-d-low-fat-virskinimo-sistemai\\\/#primaryimage\",\"url\":\"https:\\\/\\\/anivet.lt\\\/elparduotuve\\\/wp-content\\\/uploads\\\/2025\\\/01\\\/21Hills-Prescription-Diet\u00ae-Canine-id-Low-Fat-virskinimo-sistemai.jpg\",\"contentUrl\":\"https:\\\/\\\/anivet.lt\\\/elparduotuve\\\/wp-content\\\/uploads\\\/2025\\\/01\\\/21Hills-Prescription-Diet\u00ae-Canine-id-Low-Fat-virskinimo-sistemai.jpg\",\"width\":768,\"height\":768,\"caption\":\"Hill\u2019s Prescription Diet\u00ae Canine i\\\/d Low Fat vir\u0161kinimo sistemai\"},{\"@type\":\"BreadcrumbList\",\"@id\":\"https:\\\/\\\/anivet.lt\\\/elparduotuve\\\/produktas\\\/hills-prescription-diet-canine-i-d-low-fat-virskinimo-sistemai\\\/#breadcrumb\",\"itemListElement\":[{\"@type\":\"ListItem\",\"position\":1,\"name\":\"Home\",\"item\":\"https:\\\/\\\/anivet.lt\\\/elparduotuve\\\/\"},{\"@type\":\"ListItem\",\"position\":2,\"name\":\"Produktai\",\"item\":\"https:\\\/\\\/anivet.lt\\\/elparduotuve\\\/produktai\\\/\"},{\"@type\":\"ListItem\",\"position\":3,\"name\":\"Hill\u2019s Prescription Diet\u00ae Canine i\\\/d Low Fat vir\u0161kinimo sistemai\"}]},{\"@type\":\"WebSite\",\"@id\":\"https:\\\/\\\/anivet.lt\\\/elparduotuve\\\/#website\",\"url\":\"https:\\\/\\\/anivet.lt\\\/elparduotuve\\\/\",\"name\":\"anivet.lt\",\"description\":\"Viskas J\u016bs\u0173 \u0161uns, kat\u0117s prie\u017ei\u016brai\",\"publisher\":{\"@id\":\"https:\\\/\\\/anivet.lt\\\/elparduotuve\\\/#organization\"},\"alternateName\":\"Viskas J\u016bs\u0173 \u0161uns, kat\u0117s prie\u017ei\u016brai\",\"potentialAction\":[{\"@type\":\"SearchAction\",\"target\":{\"@type\":\"EntryPoint\",\"urlTemplate\":\"https:\\\/\\\/anivet.lt\\\/elparduotuve\\\/?s={search_term_string}\"},\"query-input\":{\"@type\":\"PropertyValueSpecification\",\"valueRequired\":true,\"valueName\":\"search_term_string\"}}],\"inLanguage\":\"lt-LT\"},{\"@type\":\"Organization\",\"@id\":\"https:\\\/\\\/anivet.lt\\\/elparduotuve\\\/#organization\",\"name\":\"Viskas J\u016bs\u0173 \u0161uns, kat\u0117s prie\u017ei\u016brai\",\"url\":\"https:\\\/\\\/anivet.lt\\\/elparduotuve\\\/\",\"logo\":{\"@type\":\"ImageObject\",\"inLanguage\":\"lt-LT\",\"@id\":\"https:\\\/\\\/anivet.lt\\\/elparduotuve\\\/#\\\/schema\\\/logo\\\/image\\\/\",\"url\":\"https:\\\/\\\/anivet.lt\\\/elparduotuve\\\/wp-content\\\/uploads\\\/2023\\\/06\\\/logo2.jpg\",\"contentUrl\":\"https:\\\/\\\/anivet.lt\\\/elparduotuve\\\/wp-content\\\/uploads\\\/2023\\\/06\\\/logo2.jpg\",\"width\":655,\"height\":194,\"caption\":\"Viskas J\u016bs\u0173 \u0161uns, kat\u0117s prie\u017ei\u016brai\"},\"image\":{\"@id\":\"https:\\\/\\\/anivet.lt\\\/elparduotuve\\\/#\\\/schema\\\/logo\\\/image\\\/\"}}]}<\/script>\n<!-- \/ Yoast SEO Premium plugin. -->","yoast_head_json":{"title":"Hill\u2019s Prescription Diet\u00ae Canine i\/d Low Fat vir\u0161kinimo sistemai - anivet.lt","description":"\u0160is ma\u017eai riebal\u0173 turintis dietinis pa\u0161aras yra sukurtas Hill\u2019s veterinar\u0173 ir mitybos specialist\u0173, siekiant spr\u0119sti vir\u0161kinimo trakto problemas ir","robots":{"index":"index","follow":"follow","max-snippet":"max-snippet:-1","max-image-preview":"max-image-preview:large","max-video-preview":"max-video-preview:-1"},"canonical":"https:\/\/anivet.lt\/elparduotuve\/produktas\/hills-prescription-diet-canine-i-d-low-fat-virskinimo-sistemai\/","og_locale":"lt_LT","og_type":"article","og_title":"Hill\u2019s Prescription Diet\u00ae Canine i\/d Low Fat vir\u0161kinimo sistemai","og_description":"\u0160is ma\u017eai riebal\u0173 turintis dietinis pa\u0161aras yra sukurtas Hill\u2019s veterinar\u0173 ir mitybos specialist\u0173, siekiant spr\u0119sti vir\u0161kinimo trakto problemas ir","og_url":"https:\/\/anivet.lt\/elparduotuve\/produktas\/hills-prescription-diet-canine-i-d-low-fat-virskinimo-sistemai\/","og_site_name":"anivet.lt","article_modified_time":"2025-10-31T09:26:30+00:00","og_image":[{"width":768,"height":768,"url":"https:\/\/anivet.lt\/elparduotuve\/wp-content\/uploads\/2025\/01\/21Hills-Prescription-Diet\u00ae-Canine-id-Low-Fat-virskinimo-sistemai.jpg","type":"image\/jpeg"}],"twitter_card":"summary_large_image","twitter_misc":{"Est. reading time":"1 minut\u0117"},"schema":{"@context":"https:\/\/schema.org","@graph":[{"@type":"WebPage","@id":"https:\/\/anivet.lt\/elparduotuve\/produktas\/hills-prescription-diet-canine-i-d-low-fat-virskinimo-sistemai\/","url":"https:\/\/anivet.lt\/elparduotuve\/produktas\/hills-prescription-diet-canine-i-d-low-fat-virskinimo-sistemai\/","name":"Hill\u2019s Prescription Diet\u00ae Canine i\/d Low Fat vir\u0161kinimo sistemai - anivet.lt","isPartOf":{"@id":"https:\/\/anivet.lt\/elparduotuve\/#website"},"primaryImageOfPage":{"@id":"https:\/\/anivet.lt\/elparduotuve\/produktas\/hills-prescription-diet-canine-i-d-low-fat-virskinimo-sistemai\/#primaryimage"},"image":{"@id":"https:\/\/anivet.lt\/elparduotuve\/produktas\/hills-prescription-diet-canine-i-d-low-fat-virskinimo-sistemai\/#primaryimage"},"thumbnailUrl":"https:\/\/anivet.lt\/elparduotuve\/wp-content\/uploads\/2025\/01\/21Hills-Prescription-Diet\u00ae-Canine-id-Low-Fat-virskinimo-sistemai.jpg","datePublished":"2025-01-08T15:17:42+00:00","dateModified":"2025-10-31T09:26:30+00:00","description":"\u0160is ma\u017eai riebal\u0173 turintis dietinis pa\u0161aras yra sukurtas Hill\u2019s veterinar\u0173 ir mitybos specialist\u0173, siekiant spr\u0119sti vir\u0161kinimo trakto problemas ir","breadcrumb":{"@id":"https:\/\/anivet.lt\/elparduotuve\/produktas\/hills-prescription-diet-canine-i-d-low-fat-virskinimo-sistemai\/#breadcrumb"},"inLanguage":"lt-LT","potentialAction":[{"@type":"ReadAction","target":["https:\/\/anivet.lt\/elparduotuve\/produktas\/hills-prescription-diet-canine-i-d-low-fat-virskinimo-sistemai\/"]}]},{"@type":"ImageObject","inLanguage":"lt-LT","@id":"https:\/\/anivet.lt\/elparduotuve\/produktas\/hills-prescription-diet-canine-i-d-low-fat-virskinimo-sistemai\/#primaryimage","url":"https:\/\/anivet.lt\/elparduotuve\/wp-content\/uploads\/2025\/01\/21Hills-Prescription-Diet\u00ae-Canine-id-Low-Fat-virskinimo-sistemai.jpg","contentUrl":"https:\/\/anivet.lt\/elparduotuve\/wp-content\/uploads\/2025\/01\/21Hills-Prescription-Diet\u00ae-Canine-id-Low-Fat-virskinimo-sistemai.jpg","width":768,"height":768,"caption":"Hill\u2019s Prescription Diet\u00ae Canine i\/d Low Fat vir\u0161kinimo sistemai"},{"@type":"BreadcrumbList","@id":"https:\/\/anivet.lt\/elparduotuve\/produktas\/hills-prescription-diet-canine-i-d-low-fat-virskinimo-sistemai\/#breadcrumb","itemListElement":[{"@type":"ListItem","position":1,"name":"Home","item":"https:\/\/anivet.lt\/elparduotuve\/"},{"@type":"ListItem","position":2,"name":"Produktai","item":"https:\/\/anivet.lt\/elparduotuve\/produktai\/"},{"@type":"ListItem","position":3,"name":"Hill\u2019s Prescription Diet\u00ae Canine i\/d Low Fat vir\u0161kinimo sistemai"}]},{"@type":"WebSite","@id":"https:\/\/anivet.lt\/elparduotuve\/#website","url":"https:\/\/anivet.lt\/elparduotuve\/","name":"anivet.lt","description":"Viskas J\u016bs\u0173 \u0161uns, kat\u0117s prie\u017ei\u016brai","publisher":{"@id":"https:\/\/anivet.lt\/elparduotuve\/#organization"},"alternateName":"Viskas J\u016bs\u0173 \u0161uns, kat\u0117s prie\u017ei\u016brai","potentialAction":[{"@type":"SearchAction","target":{"@type":"EntryPoint","urlTemplate":"https:\/\/anivet.lt\/elparduotuve\/?s={search_term_string}"},"query-input":{"@type":"PropertyValueSpecification","valueRequired":true,"valueName":"search_term_string"}}],"inLanguage":"lt-LT"},{"@type":"Organization","@id":"https:\/\/anivet.lt\/elparduotuve\/#organization","name":"Viskas J\u016bs\u0173 \u0161uns, kat\u0117s prie\u017ei\u016brai","url":"https:\/\/anivet.lt\/elparduotuve\/","logo":{"@type":"ImageObject","inLanguage":"lt-LT","@id":"https:\/\/anivet.lt\/elparduotuve\/#\/schema\/logo\/image\/","url":"https:\/\/anivet.lt\/elparduotuve\/wp-content\/uploads\/2023\/06\/logo2.jpg","contentUrl":"https:\/\/anivet.lt\/elparduotuve\/wp-content\/uploads\/2023\/06\/logo2.jpg","width":655,"height":194,"caption":"Viskas J\u016bs\u0173 \u0161uns, kat\u0117s prie\u017ei\u016brai"},"image":{"@id":"https:\/\/anivet.lt\/elparduotuve\/#\/schema\/logo\/image\/"}}]}},"_links":{"self":[{"href":"https:\/\/anivet.lt\/elparduotuve\/wp-json\/wp\/v2\/product\/16168","targetHints":{"allow":["GET"]}}],"collection":[{"href":"https:\/\/anivet.lt\/elparduotuve\/wp-json\/wp\/v2\/product"}],"about":[{"href":"https:\/\/anivet.lt\/elparduotuve\/wp-json\/wp\/v2\/types\/product"}],"wp:featuredmedia":[{"embeddable":true,"href":"https:\/\/anivet.lt\/elparduotuve\/wp-json\/wp\/v2\/media\/16169"}],"wp:attachment":[{"href":"https:\/\/anivet.lt\/elparduotuve\/wp-json\/wp\/v2\/media?parent=16168"}],"wp:term":[{"taxonomy":"product_brand","embeddable":true,"href":"https:\/\/anivet.lt\/elparduotuve\/wp-json\/wp\/v2\/product_brand?post=16168"},{"taxonomy":"product_cat","embeddable":true,"href":"https:\/\/anivet.lt\/elparduotuve\/wp-json\/wp\/v2\/product_cat?post=16168"},{"taxonomy":"product_tag","embeddable":true,"href":"https:\/\/anivet.lt\/elparduotuve\/wp-json\/wp\/v2\/product_tag?post=16168"}],"curies":[{"name":"wp","href":"https:\/\/api.w.org\/{rel}","templated":true}]}}