{"id":16172,"date":"2025-01-08T15:51:41","date_gmt":"2025-01-08T15:51:41","guid":{"rendered":"https:\/\/anivet.lt\/elparduotuve\/?post_type=product&#038;p=16172"},"modified":"2025-05-27T13:34:50","modified_gmt":"2025-05-27T13:34:50","slug":"hills-prescription-diet-canine-gastrointestinal-biome-virskinimo-sistemai","status":"publish","type":"product","link":"https:\/\/anivet.lt\/elparduotuve\/produktas\/hills-prescription-diet-canine-gastrointestinal-biome-virskinimo-sistemai\/","title":{"rendered":"Hill\u2019s Prescription Diet\u00ae Canine Gastrointestinal Biome vir\u0161kinimo sistemai"},"content":{"rendered":"<p>\u0160is daug skaidul\u0173 turintis pa\u0161aras padeda atkurti reguliar\u0173 sveik\u0105 tu\u0161tinim\u0105si ma\u017eiau nei per 24 valandas ir suma\u017eina vir\u0161kinimo sutrikim\u0173 pasikartojimo rizik\u0105. Pa\u0161aras sukurtas su patentuota \u201eActivBiome+\u201c technologija, kuri palaiko sveik\u0105 \u017earnyno mikrobiom\u0105.<\/p>\n<ul>\n<li>Greitas poveikis: Klini\u0161kai \u012frodyta, kad padeda atkurti sveik\u0105 tu\u0161tinim\u0105si per 24 valandas.<\/li>\n<li>\u201eActivBiome+\u201c technologija: Maitina \u017earnyno mikrobiom\u0105, skatindama nauding\u0173 postbiotik\u0173 gamyb\u0105.<\/li>\n<li>Unikalus skaidul\u0173 mi\u0161inys: Skatina nauding\u0173 bakterij\u0173 aktyvum\u0105, stiprinant vir\u0161kinimo sveikat\u0105.<\/li>\n<li>Lengvai vir\u0161kinamos sudedamosios dalys: Vi\u0161tiena, kalakutiena, ry\u017eiai ir kukur\u016bzai u\u017etikrina optimal\u0173 maistini\u0173 med\u017eiag\u0173 \u012fsisavinim\u0105.<\/li>\n<li>Pasikartojim\u0173 prevencija: Padeda suma\u017einti vir\u0161kinimo sutrikim\u0173 rizik\u0105 ir ramina vir\u0161kinimo trakt\u0105.<\/li>\n<\/ul>\n<p>\u201eHill\u2019s Prescription Diet Gastrointestinal Biome\u201d \u2013 tai gardus ir efektyvus sprendimas j\u016bs\u0173 \u0161uns vir\u0161kinimo problemoms. Rekomenduojama ilgalaikiam naudojimui, pasitarus su veterinaru d\u0117l tinkamiausio \u0161\u0117rimo plano.<\/p>\n","protected":false},"excerpt":{"rendered":"<p>\u0160is daug skaidul\u0173 turintis pa\u0161aras padeda atkurti reguliar\u0173 sveik\u0105 tu\u0161tinim\u0105si ma\u017eiau nei per 24 valandas ir suma\u017eina vir\u0161kinimo sutrikim\u0173 pasikartojimo<\/p>\n","protected":false},"featured_media":16173,"template":"","meta":[],"product_brand":[],"product_cat":[101,103,107,333],"product_tag":[],"class_list":{"0":"post-16172","1":"product","2":"type-product","3":"status-publish","4":"has-post-thumbnail","6":"product_cat-sunims","7":"product_cat-sunu-maistas","8":"product_cat-veterinarine-dieta","9":"product_cat-hills-sunu-maistas","10":"pa_prekinis-zenklas-hills","12":"first","13":"instock","14":"taxable","15":"shipping-taxable","16":"purchasable","17":"product-type-variable"},"yoast_head":"<!-- This site is optimized with the Yoast SEO Premium plugin v27.1 (Yoast SEO v27.5) - https:\/\/yoast.com\/product\/yoast-seo-premium-wordpress\/ -->\n<title>Hill\u2019s Prescription Diet\u00ae Canine Gastrointestinal Biome vir\u0161kinimo sistemai - anivet.lt<\/title>\n<meta name=\"description\" content=\"\u0160is daug skaidul\u0173 turintis pa\u0161aras padeda atkurti reguliar\u0173 sveik\u0105 tu\u0161tinim\u0105si ma\u017eiau nei per 24 valandas ir suma\u017eina vir\u0161kinimo sutrikim\u0173 pasikartojimo\" \/>\n<meta name=\"robots\" content=\"index, follow, max-snippet:-1, max-image-preview:large, max-video-preview:-1\" \/>\n<link rel=\"canonical\" href=\"https:\/\/anivet.lt\/elparduotuve\/produktas\/hills-prescription-diet-canine-gastrointestinal-biome-virskinimo-sistemai\/\" \/>\n<meta property=\"og:locale\" content=\"lt_LT\" \/>\n<meta property=\"og:type\" content=\"article\" \/>\n<meta property=\"og:title\" content=\"Hill\u2019s Prescription Diet\u00ae Canine Gastrointestinal Biome vir\u0161kinimo sistemai\" \/>\n<meta property=\"og:description\" content=\"\u0160is daug skaidul\u0173 turintis pa\u0161aras padeda atkurti reguliar\u0173 sveik\u0105 tu\u0161tinim\u0105si ma\u017eiau nei per 24 valandas ir suma\u017eina vir\u0161kinimo sutrikim\u0173 pasikartojimo\" \/>\n<meta property=\"og:url\" content=\"https:\/\/anivet.lt\/elparduotuve\/produktas\/hills-prescription-diet-canine-gastrointestinal-biome-virskinimo-sistemai\/\" \/>\n<meta property=\"og:site_name\" content=\"anivet.lt\" \/>\n<meta property=\"article:modified_time\" content=\"2025-05-27T13:34:50+00:00\" \/>\n<meta property=\"og:image\" content=\"https:\/\/anivet.lt\/elparduotuve\/wp-content\/uploads\/2025\/01\/23Hills-Prescription-Diet\u00ae-Canine-Gastrointestinal-Biome-virskinimo-sistemai.jpg\" \/>\n\t<meta property=\"og:image:width\" content=\"768\" \/>\n\t<meta property=\"og:image:height\" content=\"768\" \/>\n\t<meta property=\"og:image:type\" content=\"image\/jpeg\" \/>\n<meta name=\"twitter:card\" content=\"summary_large_image\" \/>\n<meta name=\"twitter:label1\" content=\"Est. reading time\" \/>\n\t<meta name=\"twitter:data1\" content=\"1 minut\u0117\" \/>\n<script type=\"application\/ld+json\" class=\"yoast-schema-graph\">{\"@context\":\"https:\\\/\\\/schema.org\",\"@graph\":[{\"@type\":\"WebPage\",\"@id\":\"https:\\\/\\\/anivet.lt\\\/elparduotuve\\\/produktas\\\/hills-prescription-diet-canine-gastrointestinal-biome-virskinimo-sistemai\\\/\",\"url\":\"https:\\\/\\\/anivet.lt\\\/elparduotuve\\\/produktas\\\/hills-prescription-diet-canine-gastrointestinal-biome-virskinimo-sistemai\\\/\",\"name\":\"Hill\u2019s Prescription Diet\u00ae Canine Gastrointestinal Biome vir\u0161kinimo sistemai - anivet.lt\",\"isPartOf\":{\"@id\":\"https:\\\/\\\/anivet.lt\\\/elparduotuve\\\/#website\"},\"primaryImageOfPage\":{\"@id\":\"https:\\\/\\\/anivet.lt\\\/elparduotuve\\\/produktas\\\/hills-prescription-diet-canine-gastrointestinal-biome-virskinimo-sistemai\\\/#primaryimage\"},\"image\":{\"@id\":\"https:\\\/\\\/anivet.lt\\\/elparduotuve\\\/produktas\\\/hills-prescription-diet-canine-gastrointestinal-biome-virskinimo-sistemai\\\/#primaryimage\"},\"thumbnailUrl\":\"https:\\\/\\\/anivet.lt\\\/elparduotuve\\\/wp-content\\\/uploads\\\/2025\\\/01\\\/23Hills-Prescription-Diet\u00ae-Canine-Gastrointestinal-Biome-virskinimo-sistemai.jpg\",\"datePublished\":\"2025-01-08T15:51:41+00:00\",\"dateModified\":\"2025-05-27T13:34:50+00:00\",\"description\":\"\u0160is daug skaidul\u0173 turintis pa\u0161aras padeda atkurti reguliar\u0173 sveik\u0105 tu\u0161tinim\u0105si ma\u017eiau nei per 24 valandas ir suma\u017eina vir\u0161kinimo sutrikim\u0173 pasikartojimo\",\"breadcrumb\":{\"@id\":\"https:\\\/\\\/anivet.lt\\\/elparduotuve\\\/produktas\\\/hills-prescription-diet-canine-gastrointestinal-biome-virskinimo-sistemai\\\/#breadcrumb\"},\"inLanguage\":\"lt-LT\",\"potentialAction\":[{\"@type\":\"ReadAction\",\"target\":[\"https:\\\/\\\/anivet.lt\\\/elparduotuve\\\/produktas\\\/hills-prescription-diet-canine-gastrointestinal-biome-virskinimo-sistemai\\\/\"]}]},{\"@type\":\"ImageObject\",\"inLanguage\":\"lt-LT\",\"@id\":\"https:\\\/\\\/anivet.lt\\\/elparduotuve\\\/produktas\\\/hills-prescription-diet-canine-gastrointestinal-biome-virskinimo-sistemai\\\/#primaryimage\",\"url\":\"https:\\\/\\\/anivet.lt\\\/elparduotuve\\\/wp-content\\\/uploads\\\/2025\\\/01\\\/23Hills-Prescription-Diet\u00ae-Canine-Gastrointestinal-Biome-virskinimo-sistemai.jpg\",\"contentUrl\":\"https:\\\/\\\/anivet.lt\\\/elparduotuve\\\/wp-content\\\/uploads\\\/2025\\\/01\\\/23Hills-Prescription-Diet\u00ae-Canine-Gastrointestinal-Biome-virskinimo-sistemai.jpg\",\"width\":768,\"height\":768,\"caption\":\"Hill\u2019s Prescription Diet\u00ae Canine Gastrointestinal Biome vir\u0161kinimo sistemai\"},{\"@type\":\"BreadcrumbList\",\"@id\":\"https:\\\/\\\/anivet.lt\\\/elparduotuve\\\/produktas\\\/hills-prescription-diet-canine-gastrointestinal-biome-virskinimo-sistemai\\\/#breadcrumb\",\"itemListElement\":[{\"@type\":\"ListItem\",\"position\":1,\"name\":\"Home\",\"item\":\"https:\\\/\\\/anivet.lt\\\/elparduotuve\\\/\"},{\"@type\":\"ListItem\",\"position\":2,\"name\":\"Produktai\",\"item\":\"https:\\\/\\\/anivet.lt\\\/elparduotuve\\\/produktai\\\/\"},{\"@type\":\"ListItem\",\"position\":3,\"name\":\"Hill\u2019s Prescription Diet\u00ae Canine Gastrointestinal Biome vir\u0161kinimo sistemai\"}]},{\"@type\":\"WebSite\",\"@id\":\"https:\\\/\\\/anivet.lt\\\/elparduotuve\\\/#website\",\"url\":\"https:\\\/\\\/anivet.lt\\\/elparduotuve\\\/\",\"name\":\"anivet.lt\",\"description\":\"Viskas J\u016bs\u0173 \u0161uns, kat\u0117s prie\u017ei\u016brai\",\"publisher\":{\"@id\":\"https:\\\/\\\/anivet.lt\\\/elparduotuve\\\/#organization\"},\"alternateName\":\"Viskas J\u016bs\u0173 \u0161uns, kat\u0117s prie\u017ei\u016brai\",\"potentialAction\":[{\"@type\":\"SearchAction\",\"target\":{\"@type\":\"EntryPoint\",\"urlTemplate\":\"https:\\\/\\\/anivet.lt\\\/elparduotuve\\\/?s={search_term_string}\"},\"query-input\":{\"@type\":\"PropertyValueSpecification\",\"valueRequired\":true,\"valueName\":\"search_term_string\"}}],\"inLanguage\":\"lt-LT\"},{\"@type\":\"Organization\",\"@id\":\"https:\\\/\\\/anivet.lt\\\/elparduotuve\\\/#organization\",\"name\":\"Viskas J\u016bs\u0173 \u0161uns, kat\u0117s prie\u017ei\u016brai\",\"url\":\"https:\\\/\\\/anivet.lt\\\/elparduotuve\\\/\",\"logo\":{\"@type\":\"ImageObject\",\"inLanguage\":\"lt-LT\",\"@id\":\"https:\\\/\\\/anivet.lt\\\/elparduotuve\\\/#\\\/schema\\\/logo\\\/image\\\/\",\"url\":\"https:\\\/\\\/anivet.lt\\\/elparduotuve\\\/wp-content\\\/uploads\\\/2023\\\/06\\\/logo2.jpg\",\"contentUrl\":\"https:\\\/\\\/anivet.lt\\\/elparduotuve\\\/wp-content\\\/uploads\\\/2023\\\/06\\\/logo2.jpg\",\"width\":655,\"height\":194,\"caption\":\"Viskas J\u016bs\u0173 \u0161uns, kat\u0117s prie\u017ei\u016brai\"},\"image\":{\"@id\":\"https:\\\/\\\/anivet.lt\\\/elparduotuve\\\/#\\\/schema\\\/logo\\\/image\\\/\"}}]}<\/script>\n<!-- \/ Yoast SEO Premium plugin. -->","yoast_head_json":{"title":"Hill\u2019s Prescription Diet\u00ae Canine Gastrointestinal Biome vir\u0161kinimo sistemai - anivet.lt","description":"\u0160is daug skaidul\u0173 turintis pa\u0161aras padeda atkurti reguliar\u0173 sveik\u0105 tu\u0161tinim\u0105si ma\u017eiau nei per 24 valandas ir suma\u017eina vir\u0161kinimo sutrikim\u0173 pasikartojimo","robots":{"index":"index","follow":"follow","max-snippet":"max-snippet:-1","max-image-preview":"max-image-preview:large","max-video-preview":"max-video-preview:-1"},"canonical":"https:\/\/anivet.lt\/elparduotuve\/produktas\/hills-prescription-diet-canine-gastrointestinal-biome-virskinimo-sistemai\/","og_locale":"lt_LT","og_type":"article","og_title":"Hill\u2019s Prescription Diet\u00ae Canine Gastrointestinal Biome vir\u0161kinimo sistemai","og_description":"\u0160is daug skaidul\u0173 turintis pa\u0161aras padeda atkurti reguliar\u0173 sveik\u0105 tu\u0161tinim\u0105si ma\u017eiau nei per 24 valandas ir suma\u017eina vir\u0161kinimo sutrikim\u0173 pasikartojimo","og_url":"https:\/\/anivet.lt\/elparduotuve\/produktas\/hills-prescription-diet-canine-gastrointestinal-biome-virskinimo-sistemai\/","og_site_name":"anivet.lt","article_modified_time":"2025-05-27T13:34:50+00:00","og_image":[{"width":768,"height":768,"url":"https:\/\/anivet.lt\/elparduotuve\/wp-content\/uploads\/2025\/01\/23Hills-Prescription-Diet\u00ae-Canine-Gastrointestinal-Biome-virskinimo-sistemai.jpg","type":"image\/jpeg"}],"twitter_card":"summary_large_image","twitter_misc":{"Est. reading time":"1 minut\u0117"},"schema":{"@context":"https:\/\/schema.org","@graph":[{"@type":"WebPage","@id":"https:\/\/anivet.lt\/elparduotuve\/produktas\/hills-prescription-diet-canine-gastrointestinal-biome-virskinimo-sistemai\/","url":"https:\/\/anivet.lt\/elparduotuve\/produktas\/hills-prescription-diet-canine-gastrointestinal-biome-virskinimo-sistemai\/","name":"Hill\u2019s Prescription Diet\u00ae Canine Gastrointestinal Biome vir\u0161kinimo sistemai - anivet.lt","isPartOf":{"@id":"https:\/\/anivet.lt\/elparduotuve\/#website"},"primaryImageOfPage":{"@id":"https:\/\/anivet.lt\/elparduotuve\/produktas\/hills-prescription-diet-canine-gastrointestinal-biome-virskinimo-sistemai\/#primaryimage"},"image":{"@id":"https:\/\/anivet.lt\/elparduotuve\/produktas\/hills-prescription-diet-canine-gastrointestinal-biome-virskinimo-sistemai\/#primaryimage"},"thumbnailUrl":"https:\/\/anivet.lt\/elparduotuve\/wp-content\/uploads\/2025\/01\/23Hills-Prescription-Diet\u00ae-Canine-Gastrointestinal-Biome-virskinimo-sistemai.jpg","datePublished":"2025-01-08T15:51:41+00:00","dateModified":"2025-05-27T13:34:50+00:00","description":"\u0160is daug skaidul\u0173 turintis pa\u0161aras padeda atkurti reguliar\u0173 sveik\u0105 tu\u0161tinim\u0105si ma\u017eiau nei per 24 valandas ir suma\u017eina vir\u0161kinimo sutrikim\u0173 pasikartojimo","breadcrumb":{"@id":"https:\/\/anivet.lt\/elparduotuve\/produktas\/hills-prescription-diet-canine-gastrointestinal-biome-virskinimo-sistemai\/#breadcrumb"},"inLanguage":"lt-LT","potentialAction":[{"@type":"ReadAction","target":["https:\/\/anivet.lt\/elparduotuve\/produktas\/hills-prescription-diet-canine-gastrointestinal-biome-virskinimo-sistemai\/"]}]},{"@type":"ImageObject","inLanguage":"lt-LT","@id":"https:\/\/anivet.lt\/elparduotuve\/produktas\/hills-prescription-diet-canine-gastrointestinal-biome-virskinimo-sistemai\/#primaryimage","url":"https:\/\/anivet.lt\/elparduotuve\/wp-content\/uploads\/2025\/01\/23Hills-Prescription-Diet\u00ae-Canine-Gastrointestinal-Biome-virskinimo-sistemai.jpg","contentUrl":"https:\/\/anivet.lt\/elparduotuve\/wp-content\/uploads\/2025\/01\/23Hills-Prescription-Diet\u00ae-Canine-Gastrointestinal-Biome-virskinimo-sistemai.jpg","width":768,"height":768,"caption":"Hill\u2019s Prescription Diet\u00ae Canine Gastrointestinal Biome vir\u0161kinimo sistemai"},{"@type":"BreadcrumbList","@id":"https:\/\/anivet.lt\/elparduotuve\/produktas\/hills-prescription-diet-canine-gastrointestinal-biome-virskinimo-sistemai\/#breadcrumb","itemListElement":[{"@type":"ListItem","position":1,"name":"Home","item":"https:\/\/anivet.lt\/elparduotuve\/"},{"@type":"ListItem","position":2,"name":"Produktai","item":"https:\/\/anivet.lt\/elparduotuve\/produktai\/"},{"@type":"ListItem","position":3,"name":"Hill\u2019s Prescription Diet\u00ae Canine Gastrointestinal Biome vir\u0161kinimo sistemai"}]},{"@type":"WebSite","@id":"https:\/\/anivet.lt\/elparduotuve\/#website","url":"https:\/\/anivet.lt\/elparduotuve\/","name":"anivet.lt","description":"Viskas J\u016bs\u0173 \u0161uns, kat\u0117s prie\u017ei\u016brai","publisher":{"@id":"https:\/\/anivet.lt\/elparduotuve\/#organization"},"alternateName":"Viskas J\u016bs\u0173 \u0161uns, kat\u0117s prie\u017ei\u016brai","potentialAction":[{"@type":"SearchAction","target":{"@type":"EntryPoint","urlTemplate":"https:\/\/anivet.lt\/elparduotuve\/?s={search_term_string}"},"query-input":{"@type":"PropertyValueSpecification","valueRequired":true,"valueName":"search_term_string"}}],"inLanguage":"lt-LT"},{"@type":"Organization","@id":"https:\/\/anivet.lt\/elparduotuve\/#organization","name":"Viskas J\u016bs\u0173 \u0161uns, kat\u0117s prie\u017ei\u016brai","url":"https:\/\/anivet.lt\/elparduotuve\/","logo":{"@type":"ImageObject","inLanguage":"lt-LT","@id":"https:\/\/anivet.lt\/elparduotuve\/#\/schema\/logo\/image\/","url":"https:\/\/anivet.lt\/elparduotuve\/wp-content\/uploads\/2023\/06\/logo2.jpg","contentUrl":"https:\/\/anivet.lt\/elparduotuve\/wp-content\/uploads\/2023\/06\/logo2.jpg","width":655,"height":194,"caption":"Viskas J\u016bs\u0173 \u0161uns, kat\u0117s prie\u017ei\u016brai"},"image":{"@id":"https:\/\/anivet.lt\/elparduotuve\/#\/schema\/logo\/image\/"}}]}},"_links":{"self":[{"href":"https:\/\/anivet.lt\/elparduotuve\/wp-json\/wp\/v2\/product\/16172","targetHints":{"allow":["GET"]}}],"collection":[{"href":"https:\/\/anivet.lt\/elparduotuve\/wp-json\/wp\/v2\/product"}],"about":[{"href":"https:\/\/anivet.lt\/elparduotuve\/wp-json\/wp\/v2\/types\/product"}],"wp:featuredmedia":[{"embeddable":true,"href":"https:\/\/anivet.lt\/elparduotuve\/wp-json\/wp\/v2\/media\/16173"}],"wp:attachment":[{"href":"https:\/\/anivet.lt\/elparduotuve\/wp-json\/wp\/v2\/media?parent=16172"}],"wp:term":[{"taxonomy":"product_brand","embeddable":true,"href":"https:\/\/anivet.lt\/elparduotuve\/wp-json\/wp\/v2\/product_brand?post=16172"},{"taxonomy":"product_cat","embeddable":true,"href":"https:\/\/anivet.lt\/elparduotuve\/wp-json\/wp\/v2\/product_cat?post=16172"},{"taxonomy":"product_tag","embeddable":true,"href":"https:\/\/anivet.lt\/elparduotuve\/wp-json\/wp\/v2\/product_tag?post=16172"}],"curies":[{"name":"wp","href":"https:\/\/api.w.org\/{rel}","templated":true}]}}