{"id":16181,"date":"2025-01-08T16:03:55","date_gmt":"2025-01-08T16:03:55","guid":{"rendered":"https:\/\/anivet.lt\/elparduotuve\/?post_type=product&#038;p=16181"},"modified":"2025-05-27T13:34:52","modified_gmt":"2025-05-27T13:34:52","slug":"hills-prescription-diet-canine-t-d-mini-dantu-prieziurai","status":"publish","type":"product","link":"https:\/\/anivet.lt\/elparduotuve\/produktas\/hills-prescription-diet-canine-t-d-mini-dantu-prieziurai\/","title":{"rendered":"Hill\u2019s Prescription Diet\u00ae Canine t\/d Mini dant\u0173 prie\u017ei\u016brai"},"content":{"rendered":"<p>\u0160is klinikiniais tyrimais patvirtintas sausas pa\u0161aras ma\u017eina dant\u0173 apna\u0161as, d\u0117mes ir akmen\u0173 susidarym\u0105, taip pat valo dantis iki danten\u0173 linijos. Idealus pasirinkimas \u0161unims, kuriems svarbi kasdien\u0117 burnos higiena.<\/p>\n<ul>\n<li>Trejopas poveikis: Speciali skaidul\u0173 matricos technologija efektyviai pa\u0161alina apna\u0161as, d\u0117mes ir dant\u0173 akmenis.<\/li>\n<li>Unikali granuli\u0173 strukt\u016bra: Tinkamas dydis, forma ir tekst\u016bra padeda valyti dantis iki pat danten\u0173 linijos.<\/li>\n<li>Gerina burnos kvap\u0105: Pa\u0161alina nemalonaus kvapo prie\u017eastis tiesiogiai burnos ertm\u0117je.<\/li>\n<li>Visavert\u0117 mityba: Subalansuotos maistin\u0117s med\u017eiagos ir antioksidantai palaiko bendr\u0105 \u0161uns sveikat\u0105.<\/li>\n<li>VOHC pripa\u017einimas: Patvirtintas kaip veiksmingas pa\u0161aras ma\u017einant dant\u0173 apna\u0161\u0173 ir akmen\u0173 susidarym\u0105.<\/li>\n<\/ul>\n<p>\u201eHill\u2019s Prescription Diet t\/d Mini\u201d \u2013 tai ne tik puiki pagalba j\u016bs\u0173 \u0161uns burnos higienai, bet ir visavertis pa\u0161aras, kuris prisideda prie bendros sveikatos ir geros savijautos. \u0160is produktas pad\u0117s u\u017etikrinti j\u016bs\u0173 augintinio dant\u0173 ir danten\u0173 sveikat\u0105, suteikdamas jam ilgalaik\u012f komfort\u0105.<\/p>\n","protected":false},"excerpt":{"rendered":"<p>\u0160is klinikiniais tyrimais patvirtintas sausas pa\u0161aras ma\u017eina dant\u0173 apna\u0161as, d\u0117mes ir akmen\u0173 susidarym\u0105, taip pat valo dantis iki danten\u0173 linijos.<\/p>\n","protected":false},"featured_media":16182,"template":"","meta":[],"product_brand":[],"product_cat":[101,103,107,333],"product_tag":[],"class_list":{"0":"post-16181","1":"product","2":"type-product","3":"status-publish","4":"has-post-thumbnail","6":"product_cat-sunims","7":"product_cat-sunu-maistas","8":"product_cat-veterinarine-dieta","9":"product_cat-hills-sunu-maistas","10":"pa_prekinis-zenklas-hills","12":"first","13":"instock","14":"taxable","15":"shipping-taxable","16":"purchasable","17":"product-type-simple"},"yoast_head":"<!-- This site is optimized with the Yoast SEO Premium plugin v27.1 (Yoast SEO v27.5) - https:\/\/yoast.com\/product\/yoast-seo-premium-wordpress\/ -->\n<title>Hill\u2019s Prescription Diet\u00ae Canine t\/d Mini dant\u0173 prie\u017ei\u016brai - anivet.lt<\/title>\n<meta name=\"description\" content=\"\u0160is klinikiniais tyrimais patvirtintas sausas pa\u0161aras ma\u017eina dant\u0173 apna\u0161as, d\u0117mes ir akmen\u0173 susidarym\u0105, taip pat valo dantis iki danten\u0173 linijos. Idealus\" \/>\n<meta name=\"robots\" content=\"index, follow, max-snippet:-1, max-image-preview:large, max-video-preview:-1\" \/>\n<link rel=\"canonical\" href=\"https:\/\/anivet.lt\/elparduotuve\/produktas\/hills-prescription-diet-canine-t-d-mini-dantu-prieziurai\/\" \/>\n<meta property=\"og:locale\" content=\"lt_LT\" \/>\n<meta property=\"og:type\" content=\"article\" \/>\n<meta property=\"og:title\" content=\"Hill\u2019s Prescription Diet\u00ae Canine t\/d Mini dant\u0173 prie\u017ei\u016brai\" \/>\n<meta property=\"og:description\" content=\"\u0160is klinikiniais tyrimais patvirtintas sausas pa\u0161aras ma\u017eina dant\u0173 apna\u0161as, d\u0117mes ir akmen\u0173 susidarym\u0105, taip pat valo dantis iki danten\u0173 linijos. Idealus\" \/>\n<meta property=\"og:url\" content=\"https:\/\/anivet.lt\/elparduotuve\/produktas\/hills-prescription-diet-canine-t-d-mini-dantu-prieziurai\/\" \/>\n<meta property=\"og:site_name\" content=\"anivet.lt\" \/>\n<meta property=\"article:modified_time\" content=\"2025-05-27T13:34:52+00:00\" \/>\n<meta property=\"og:image\" content=\"https:\/\/anivet.lt\/elparduotuve\/wp-content\/uploads\/2025\/01\/25Hills-Prescription-Diet\u00ae-Canine-td-Mini-dantu-prieziurai.jpg\" \/>\n\t<meta property=\"og:image:width\" content=\"768\" \/>\n\t<meta property=\"og:image:height\" content=\"768\" \/>\n\t<meta property=\"og:image:type\" content=\"image\/jpeg\" \/>\n<meta name=\"twitter:card\" content=\"summary_large_image\" \/>\n<meta name=\"twitter:label1\" content=\"Est. reading time\" \/>\n\t<meta name=\"twitter:data1\" content=\"1 minut\u0117\" \/>\n<script type=\"application\/ld+json\" class=\"yoast-schema-graph\">{\"@context\":\"https:\\\/\\\/schema.org\",\"@graph\":[{\"@type\":\"WebPage\",\"@id\":\"https:\\\/\\\/anivet.lt\\\/elparduotuve\\\/produktas\\\/hills-prescription-diet-canine-t-d-mini-dantu-prieziurai\\\/\",\"url\":\"https:\\\/\\\/anivet.lt\\\/elparduotuve\\\/produktas\\\/hills-prescription-diet-canine-t-d-mini-dantu-prieziurai\\\/\",\"name\":\"Hill\u2019s Prescription Diet\u00ae Canine t\\\/d Mini dant\u0173 prie\u017ei\u016brai - anivet.lt\",\"isPartOf\":{\"@id\":\"https:\\\/\\\/anivet.lt\\\/elparduotuve\\\/#website\"},\"primaryImageOfPage\":{\"@id\":\"https:\\\/\\\/anivet.lt\\\/elparduotuve\\\/produktas\\\/hills-prescription-diet-canine-t-d-mini-dantu-prieziurai\\\/#primaryimage\"},\"image\":{\"@id\":\"https:\\\/\\\/anivet.lt\\\/elparduotuve\\\/produktas\\\/hills-prescription-diet-canine-t-d-mini-dantu-prieziurai\\\/#primaryimage\"},\"thumbnailUrl\":\"https:\\\/\\\/anivet.lt\\\/elparduotuve\\\/wp-content\\\/uploads\\\/2025\\\/01\\\/25Hills-Prescription-Diet\u00ae-Canine-td-Mini-dantu-prieziurai.jpg\",\"datePublished\":\"2025-01-08T16:03:55+00:00\",\"dateModified\":\"2025-05-27T13:34:52+00:00\",\"description\":\"\u0160is klinikiniais tyrimais patvirtintas sausas pa\u0161aras ma\u017eina dant\u0173 apna\u0161as, d\u0117mes ir akmen\u0173 susidarym\u0105, taip pat valo dantis iki danten\u0173 linijos. Idealus\",\"breadcrumb\":{\"@id\":\"https:\\\/\\\/anivet.lt\\\/elparduotuve\\\/produktas\\\/hills-prescription-diet-canine-t-d-mini-dantu-prieziurai\\\/#breadcrumb\"},\"inLanguage\":\"lt-LT\",\"potentialAction\":[{\"@type\":\"ReadAction\",\"target\":[\"https:\\\/\\\/anivet.lt\\\/elparduotuve\\\/produktas\\\/hills-prescription-diet-canine-t-d-mini-dantu-prieziurai\\\/\"]}]},{\"@type\":\"ImageObject\",\"inLanguage\":\"lt-LT\",\"@id\":\"https:\\\/\\\/anivet.lt\\\/elparduotuve\\\/produktas\\\/hills-prescription-diet-canine-t-d-mini-dantu-prieziurai\\\/#primaryimage\",\"url\":\"https:\\\/\\\/anivet.lt\\\/elparduotuve\\\/wp-content\\\/uploads\\\/2025\\\/01\\\/25Hills-Prescription-Diet\u00ae-Canine-td-Mini-dantu-prieziurai.jpg\",\"contentUrl\":\"https:\\\/\\\/anivet.lt\\\/elparduotuve\\\/wp-content\\\/uploads\\\/2025\\\/01\\\/25Hills-Prescription-Diet\u00ae-Canine-td-Mini-dantu-prieziurai.jpg\",\"width\":768,\"height\":768,\"caption\":\"Hill\u2019s Prescription Diet\u00ae Canine t\\\/d Mini dant\u0173 prie\u017ei\u016brai\"},{\"@type\":\"BreadcrumbList\",\"@id\":\"https:\\\/\\\/anivet.lt\\\/elparduotuve\\\/produktas\\\/hills-prescription-diet-canine-t-d-mini-dantu-prieziurai\\\/#breadcrumb\",\"itemListElement\":[{\"@type\":\"ListItem\",\"position\":1,\"name\":\"Home\",\"item\":\"https:\\\/\\\/anivet.lt\\\/elparduotuve\\\/\"},{\"@type\":\"ListItem\",\"position\":2,\"name\":\"Produktai\",\"item\":\"https:\\\/\\\/anivet.lt\\\/elparduotuve\\\/produktai\\\/\"},{\"@type\":\"ListItem\",\"position\":3,\"name\":\"Hill\u2019s Prescription Diet\u00ae Canine t\\\/d Mini dant\u0173 prie\u017ei\u016brai\"}]},{\"@type\":\"WebSite\",\"@id\":\"https:\\\/\\\/anivet.lt\\\/elparduotuve\\\/#website\",\"url\":\"https:\\\/\\\/anivet.lt\\\/elparduotuve\\\/\",\"name\":\"anivet.lt\",\"description\":\"Viskas J\u016bs\u0173 \u0161uns, kat\u0117s prie\u017ei\u016brai\",\"publisher\":{\"@id\":\"https:\\\/\\\/anivet.lt\\\/elparduotuve\\\/#organization\"},\"alternateName\":\"Viskas J\u016bs\u0173 \u0161uns, kat\u0117s prie\u017ei\u016brai\",\"potentialAction\":[{\"@type\":\"SearchAction\",\"target\":{\"@type\":\"EntryPoint\",\"urlTemplate\":\"https:\\\/\\\/anivet.lt\\\/elparduotuve\\\/?s={search_term_string}\"},\"query-input\":{\"@type\":\"PropertyValueSpecification\",\"valueRequired\":true,\"valueName\":\"search_term_string\"}}],\"inLanguage\":\"lt-LT\"},{\"@type\":\"Organization\",\"@id\":\"https:\\\/\\\/anivet.lt\\\/elparduotuve\\\/#organization\",\"name\":\"Viskas J\u016bs\u0173 \u0161uns, kat\u0117s prie\u017ei\u016brai\",\"url\":\"https:\\\/\\\/anivet.lt\\\/elparduotuve\\\/\",\"logo\":{\"@type\":\"ImageObject\",\"inLanguage\":\"lt-LT\",\"@id\":\"https:\\\/\\\/anivet.lt\\\/elparduotuve\\\/#\\\/schema\\\/logo\\\/image\\\/\",\"url\":\"https:\\\/\\\/anivet.lt\\\/elparduotuve\\\/wp-content\\\/uploads\\\/2023\\\/06\\\/logo2.jpg\",\"contentUrl\":\"https:\\\/\\\/anivet.lt\\\/elparduotuve\\\/wp-content\\\/uploads\\\/2023\\\/06\\\/logo2.jpg\",\"width\":655,\"height\":194,\"caption\":\"Viskas J\u016bs\u0173 \u0161uns, kat\u0117s prie\u017ei\u016brai\"},\"image\":{\"@id\":\"https:\\\/\\\/anivet.lt\\\/elparduotuve\\\/#\\\/schema\\\/logo\\\/image\\\/\"}}]}<\/script>\n<!-- \/ Yoast SEO Premium plugin. -->","yoast_head_json":{"title":"Hill\u2019s Prescription Diet\u00ae Canine t\/d Mini dant\u0173 prie\u017ei\u016brai - anivet.lt","description":"\u0160is klinikiniais tyrimais patvirtintas sausas pa\u0161aras ma\u017eina dant\u0173 apna\u0161as, d\u0117mes ir akmen\u0173 susidarym\u0105, taip pat valo dantis iki danten\u0173 linijos. Idealus","robots":{"index":"index","follow":"follow","max-snippet":"max-snippet:-1","max-image-preview":"max-image-preview:large","max-video-preview":"max-video-preview:-1"},"canonical":"https:\/\/anivet.lt\/elparduotuve\/produktas\/hills-prescription-diet-canine-t-d-mini-dantu-prieziurai\/","og_locale":"lt_LT","og_type":"article","og_title":"Hill\u2019s Prescription Diet\u00ae Canine t\/d Mini dant\u0173 prie\u017ei\u016brai","og_description":"\u0160is klinikiniais tyrimais patvirtintas sausas pa\u0161aras ma\u017eina dant\u0173 apna\u0161as, d\u0117mes ir akmen\u0173 susidarym\u0105, taip pat valo dantis iki danten\u0173 linijos. Idealus","og_url":"https:\/\/anivet.lt\/elparduotuve\/produktas\/hills-prescription-diet-canine-t-d-mini-dantu-prieziurai\/","og_site_name":"anivet.lt","article_modified_time":"2025-05-27T13:34:52+00:00","og_image":[{"width":768,"height":768,"url":"https:\/\/anivet.lt\/elparduotuve\/wp-content\/uploads\/2025\/01\/25Hills-Prescription-Diet\u00ae-Canine-td-Mini-dantu-prieziurai.jpg","type":"image\/jpeg"}],"twitter_card":"summary_large_image","twitter_misc":{"Est. reading time":"1 minut\u0117"},"schema":{"@context":"https:\/\/schema.org","@graph":[{"@type":"WebPage","@id":"https:\/\/anivet.lt\/elparduotuve\/produktas\/hills-prescription-diet-canine-t-d-mini-dantu-prieziurai\/","url":"https:\/\/anivet.lt\/elparduotuve\/produktas\/hills-prescription-diet-canine-t-d-mini-dantu-prieziurai\/","name":"Hill\u2019s Prescription Diet\u00ae Canine t\/d Mini dant\u0173 prie\u017ei\u016brai - anivet.lt","isPartOf":{"@id":"https:\/\/anivet.lt\/elparduotuve\/#website"},"primaryImageOfPage":{"@id":"https:\/\/anivet.lt\/elparduotuve\/produktas\/hills-prescription-diet-canine-t-d-mini-dantu-prieziurai\/#primaryimage"},"image":{"@id":"https:\/\/anivet.lt\/elparduotuve\/produktas\/hills-prescription-diet-canine-t-d-mini-dantu-prieziurai\/#primaryimage"},"thumbnailUrl":"https:\/\/anivet.lt\/elparduotuve\/wp-content\/uploads\/2025\/01\/25Hills-Prescription-Diet\u00ae-Canine-td-Mini-dantu-prieziurai.jpg","datePublished":"2025-01-08T16:03:55+00:00","dateModified":"2025-05-27T13:34:52+00:00","description":"\u0160is klinikiniais tyrimais patvirtintas sausas pa\u0161aras ma\u017eina dant\u0173 apna\u0161as, d\u0117mes ir akmen\u0173 susidarym\u0105, taip pat valo dantis iki danten\u0173 linijos. Idealus","breadcrumb":{"@id":"https:\/\/anivet.lt\/elparduotuve\/produktas\/hills-prescription-diet-canine-t-d-mini-dantu-prieziurai\/#breadcrumb"},"inLanguage":"lt-LT","potentialAction":[{"@type":"ReadAction","target":["https:\/\/anivet.lt\/elparduotuve\/produktas\/hills-prescription-diet-canine-t-d-mini-dantu-prieziurai\/"]}]},{"@type":"ImageObject","inLanguage":"lt-LT","@id":"https:\/\/anivet.lt\/elparduotuve\/produktas\/hills-prescription-diet-canine-t-d-mini-dantu-prieziurai\/#primaryimage","url":"https:\/\/anivet.lt\/elparduotuve\/wp-content\/uploads\/2025\/01\/25Hills-Prescription-Diet\u00ae-Canine-td-Mini-dantu-prieziurai.jpg","contentUrl":"https:\/\/anivet.lt\/elparduotuve\/wp-content\/uploads\/2025\/01\/25Hills-Prescription-Diet\u00ae-Canine-td-Mini-dantu-prieziurai.jpg","width":768,"height":768,"caption":"Hill\u2019s Prescription Diet\u00ae Canine t\/d Mini dant\u0173 prie\u017ei\u016brai"},{"@type":"BreadcrumbList","@id":"https:\/\/anivet.lt\/elparduotuve\/produktas\/hills-prescription-diet-canine-t-d-mini-dantu-prieziurai\/#breadcrumb","itemListElement":[{"@type":"ListItem","position":1,"name":"Home","item":"https:\/\/anivet.lt\/elparduotuve\/"},{"@type":"ListItem","position":2,"name":"Produktai","item":"https:\/\/anivet.lt\/elparduotuve\/produktai\/"},{"@type":"ListItem","position":3,"name":"Hill\u2019s Prescription Diet\u00ae Canine t\/d Mini dant\u0173 prie\u017ei\u016brai"}]},{"@type":"WebSite","@id":"https:\/\/anivet.lt\/elparduotuve\/#website","url":"https:\/\/anivet.lt\/elparduotuve\/","name":"anivet.lt","description":"Viskas J\u016bs\u0173 \u0161uns, kat\u0117s prie\u017ei\u016brai","publisher":{"@id":"https:\/\/anivet.lt\/elparduotuve\/#organization"},"alternateName":"Viskas J\u016bs\u0173 \u0161uns, kat\u0117s prie\u017ei\u016brai","potentialAction":[{"@type":"SearchAction","target":{"@type":"EntryPoint","urlTemplate":"https:\/\/anivet.lt\/elparduotuve\/?s={search_term_string}"},"query-input":{"@type":"PropertyValueSpecification","valueRequired":true,"valueName":"search_term_string"}}],"inLanguage":"lt-LT"},{"@type":"Organization","@id":"https:\/\/anivet.lt\/elparduotuve\/#organization","name":"Viskas J\u016bs\u0173 \u0161uns, kat\u0117s prie\u017ei\u016brai","url":"https:\/\/anivet.lt\/elparduotuve\/","logo":{"@type":"ImageObject","inLanguage":"lt-LT","@id":"https:\/\/anivet.lt\/elparduotuve\/#\/schema\/logo\/image\/","url":"https:\/\/anivet.lt\/elparduotuve\/wp-content\/uploads\/2023\/06\/logo2.jpg","contentUrl":"https:\/\/anivet.lt\/elparduotuve\/wp-content\/uploads\/2023\/06\/logo2.jpg","width":655,"height":194,"caption":"Viskas J\u016bs\u0173 \u0161uns, kat\u0117s prie\u017ei\u016brai"},"image":{"@id":"https:\/\/anivet.lt\/elparduotuve\/#\/schema\/logo\/image\/"}}]}},"_links":{"self":[{"href":"https:\/\/anivet.lt\/elparduotuve\/wp-json\/wp\/v2\/product\/16181","targetHints":{"allow":["GET"]}}],"collection":[{"href":"https:\/\/anivet.lt\/elparduotuve\/wp-json\/wp\/v2\/product"}],"about":[{"href":"https:\/\/anivet.lt\/elparduotuve\/wp-json\/wp\/v2\/types\/product"}],"wp:featuredmedia":[{"embeddable":true,"href":"https:\/\/anivet.lt\/elparduotuve\/wp-json\/wp\/v2\/media\/16182"}],"wp:attachment":[{"href":"https:\/\/anivet.lt\/elparduotuve\/wp-json\/wp\/v2\/media?parent=16181"}],"wp:term":[{"taxonomy":"product_brand","embeddable":true,"href":"https:\/\/anivet.lt\/elparduotuve\/wp-json\/wp\/v2\/product_brand?post=16181"},{"taxonomy":"product_cat","embeddable":true,"href":"https:\/\/anivet.lt\/elparduotuve\/wp-json\/wp\/v2\/product_cat?post=16181"},{"taxonomy":"product_tag","embeddable":true,"href":"https:\/\/anivet.lt\/elparduotuve\/wp-json\/wp\/v2\/product_tag?post=16181"}],"curies":[{"name":"wp","href":"https:\/\/api.w.org\/{rel}","templated":true}]}}