{"id":16183,"date":"2025-01-08T16:08:10","date_gmt":"2025-01-08T16:08:10","guid":{"rendered":"https:\/\/anivet.lt\/elparduotuve\/?post_type=product&#038;p=16183"},"modified":"2026-01-30T03:51:27","modified_gmt":"2026-01-30T03:51:27","slug":"hills-prescription-diet-canine-t-d-dantu-prieziura","status":"publish","type":"product","link":"https:\/\/anivet.lt\/elparduotuve\/produktas\/hills-prescription-diet-canine-t-d-dantu-prieziura\/","title":{"rendered":"Hill\u2019s Prescription Diet\u00ae Canine t\/d  dant\u0173 prie\u017ei\u016bra"},"content":{"rendered":"<p>\u0160is klinikiniais tyrimais patvirtintas sausas pa\u0161aras padeda suma\u017einti dant\u0173 apna\u0161\u0173, d\u0117mi\u0173 ir akmen\u0173 susidarym\u0105 bei palaiko sveik\u0105 danten\u0173 b\u016bkl\u0119. Kasdieninis \u0161\u0117rimas \u0161iuo pa\u0161aru u\u017etikrina \u0161uns burnos higien\u0105 ir bendr\u0105 sveikat\u0105.<\/p>\n<ul>\n<li>Trejopas skaidul\u0173 poveikis: Skaidul\u0173 matricos technologija veiksmingai pa\u0161alina apna\u0161as, d\u0117mes ir dant\u0173 akmenis.<\/li>\n<li>Granuli\u0173 dizainas: Specialiai sukurtas dydis, forma ir tekst\u016bra valo dantis iki pat danten\u0173 linijos.<\/li>\n<li>Gerina burnos kvap\u0105: Efektyviai pa\u0161alina blog\u0105 kvap\u0105 sukelian\u010dias apna\u0161as.<\/li>\n<li>Subalansuotas maistas: Visavert\u0117s maistin\u0117s med\u017eiagos ir antioksidantai palaiko bendr\u0105 \u0161uns sveikat\u0105.<\/li>\n<li>VOHC pripa\u017einimas: Veterinarin\u0117s burnos sveikatos tarybos patvirtintas kaip veiksmingas dant\u0173 higienos sprendimas.<\/li>\n<\/ul>\n<p>\u201eHill\u2019s Prescription Diet t\/d\u201d \u2013 tai patikimas b\u016bdas i\u0161saugoti j\u016bs\u0173 \u0161uns dant\u0173 ir danten\u0173 sveikat\u0105. \u0160is pa\u0161aras ne tik valo dantis, bet ir suteikia visavert\u0119 mityb\u0105, pad\u0117damas palaikyti bendr\u0105 gerov\u0119 ir ilgalaik\u012f j\u016bs\u0173 augintinio komfort\u0105.<\/p>\n","protected":false},"excerpt":{"rendered":"<p>\u0160is klinikiniais tyrimais patvirtintas sausas pa\u0161aras padeda suma\u017einti dant\u0173 apna\u0161\u0173, d\u0117mi\u0173 ir akmen\u0173 susidarym\u0105 bei palaiko sveik\u0105 danten\u0173 b\u016bkl\u0119. Kasdieninis<\/p>\n","protected":false},"featured_media":16184,"template":"","meta":[],"product_brand":[],"product_cat":[101,103,107,333],"product_tag":[],"class_list":{"0":"post-16183","1":"product","2":"type-product","3":"status-publish","4":"has-post-thumbnail","6":"product_cat-sunims","7":"product_cat-sunu-maistas","8":"product_cat-veterinarine-dieta","9":"product_cat-hills-sunu-maistas","10":"pa_prekinis-zenklas-hills","12":"first","13":"instock","14":"taxable","15":"shipping-taxable","16":"purchasable","17":"product-type-simple"},"yoast_head":"<!-- This site is optimized with the Yoast SEO Premium plugin v27.1 (Yoast SEO v27.5) - https:\/\/yoast.com\/product\/yoast-seo-premium-wordpress\/ -->\n<title>Hill\u2019s Prescription Diet\u00ae Canine t\/d dant\u0173 prie\u017ei\u016bra - anivet.lt<\/title>\n<meta name=\"description\" content=\"\u0160is klinikiniais tyrimais patvirtintas sausas pa\u0161aras padeda suma\u017einti dant\u0173 apna\u0161\u0173, d\u0117mi\u0173 ir akmen\u0173 susidarym\u0105 bei palaiko sveik\u0105 danten\u0173 b\u016bkl\u0119.\" \/>\n<meta name=\"robots\" content=\"index, follow, max-snippet:-1, max-image-preview:large, max-video-preview:-1\" \/>\n<link rel=\"canonical\" href=\"https:\/\/anivet.lt\/elparduotuve\/produktas\/hills-prescription-diet-canine-t-d-dantu-prieziura\/\" \/>\n<meta property=\"og:locale\" content=\"lt_LT\" \/>\n<meta property=\"og:type\" content=\"article\" \/>\n<meta property=\"og:title\" content=\"Hill\u2019s Prescription Diet\u00ae Canine t\/d dant\u0173 prie\u017ei\u016bra\" \/>\n<meta property=\"og:description\" content=\"\u0160is klinikiniais tyrimais patvirtintas sausas pa\u0161aras padeda suma\u017einti dant\u0173 apna\u0161\u0173, d\u0117mi\u0173 ir akmen\u0173 susidarym\u0105 bei palaiko sveik\u0105 danten\u0173 b\u016bkl\u0119.\" \/>\n<meta property=\"og:url\" content=\"https:\/\/anivet.lt\/elparduotuve\/produktas\/hills-prescription-diet-canine-t-d-dantu-prieziura\/\" \/>\n<meta property=\"og:site_name\" content=\"anivet.lt\" \/>\n<meta property=\"article:modified_time\" content=\"2026-01-30T03:51:27+00:00\" \/>\n<meta property=\"og:image\" content=\"https:\/\/anivet.lt\/elparduotuve\/wp-content\/uploads\/2025\/01\/26Hills-Prescription-Diet\u00ae-Canine-td-dantu-prieziura.jpg\" \/>\n\t<meta property=\"og:image:width\" content=\"768\" \/>\n\t<meta property=\"og:image:height\" content=\"768\" \/>\n\t<meta property=\"og:image:type\" content=\"image\/jpeg\" \/>\n<meta name=\"twitter:card\" content=\"summary_large_image\" \/>\n<meta name=\"twitter:label1\" content=\"Est. reading time\" \/>\n\t<meta name=\"twitter:data1\" content=\"1 minut\u0117\" \/>\n<script type=\"application\/ld+json\" class=\"yoast-schema-graph\">{\"@context\":\"https:\\\/\\\/schema.org\",\"@graph\":[{\"@type\":\"WebPage\",\"@id\":\"https:\\\/\\\/anivet.lt\\\/elparduotuve\\\/produktas\\\/hills-prescription-diet-canine-t-d-dantu-prieziura\\\/\",\"url\":\"https:\\\/\\\/anivet.lt\\\/elparduotuve\\\/produktas\\\/hills-prescription-diet-canine-t-d-dantu-prieziura\\\/\",\"name\":\"Hill\u2019s Prescription Diet\u00ae Canine t\\\/d dant\u0173 prie\u017ei\u016bra - anivet.lt\",\"isPartOf\":{\"@id\":\"https:\\\/\\\/anivet.lt\\\/elparduotuve\\\/#website\"},\"primaryImageOfPage\":{\"@id\":\"https:\\\/\\\/anivet.lt\\\/elparduotuve\\\/produktas\\\/hills-prescription-diet-canine-t-d-dantu-prieziura\\\/#primaryimage\"},\"image\":{\"@id\":\"https:\\\/\\\/anivet.lt\\\/elparduotuve\\\/produktas\\\/hills-prescription-diet-canine-t-d-dantu-prieziura\\\/#primaryimage\"},\"thumbnailUrl\":\"https:\\\/\\\/anivet.lt\\\/elparduotuve\\\/wp-content\\\/uploads\\\/2025\\\/01\\\/26Hills-Prescription-Diet\u00ae-Canine-td-dantu-prieziura.jpg\",\"datePublished\":\"2025-01-08T16:08:10+00:00\",\"dateModified\":\"2026-01-30T03:51:27+00:00\",\"description\":\"\u0160is klinikiniais tyrimais patvirtintas sausas pa\u0161aras padeda suma\u017einti dant\u0173 apna\u0161\u0173, d\u0117mi\u0173 ir akmen\u0173 susidarym\u0105 bei palaiko sveik\u0105 danten\u0173 b\u016bkl\u0119.\",\"breadcrumb\":{\"@id\":\"https:\\\/\\\/anivet.lt\\\/elparduotuve\\\/produktas\\\/hills-prescription-diet-canine-t-d-dantu-prieziura\\\/#breadcrumb\"},\"inLanguage\":\"lt-LT\",\"potentialAction\":[{\"@type\":\"ReadAction\",\"target\":[\"https:\\\/\\\/anivet.lt\\\/elparduotuve\\\/produktas\\\/hills-prescription-diet-canine-t-d-dantu-prieziura\\\/\"]}]},{\"@type\":\"ImageObject\",\"inLanguage\":\"lt-LT\",\"@id\":\"https:\\\/\\\/anivet.lt\\\/elparduotuve\\\/produktas\\\/hills-prescription-diet-canine-t-d-dantu-prieziura\\\/#primaryimage\",\"url\":\"https:\\\/\\\/anivet.lt\\\/elparduotuve\\\/wp-content\\\/uploads\\\/2025\\\/01\\\/26Hills-Prescription-Diet\u00ae-Canine-td-dantu-prieziura.jpg\",\"contentUrl\":\"https:\\\/\\\/anivet.lt\\\/elparduotuve\\\/wp-content\\\/uploads\\\/2025\\\/01\\\/26Hills-Prescription-Diet\u00ae-Canine-td-dantu-prieziura.jpg\",\"width\":768,\"height\":768,\"caption\":\"Hill\u2019s Prescription Diet\u00ae Canine t\\\/d dant\u0173 prie\u017ei\u016bra\"},{\"@type\":\"BreadcrumbList\",\"@id\":\"https:\\\/\\\/anivet.lt\\\/elparduotuve\\\/produktas\\\/hills-prescription-diet-canine-t-d-dantu-prieziura\\\/#breadcrumb\",\"itemListElement\":[{\"@type\":\"ListItem\",\"position\":1,\"name\":\"Home\",\"item\":\"https:\\\/\\\/anivet.lt\\\/elparduotuve\\\/\"},{\"@type\":\"ListItem\",\"position\":2,\"name\":\"Produktai\",\"item\":\"https:\\\/\\\/anivet.lt\\\/elparduotuve\\\/produktai\\\/\"},{\"@type\":\"ListItem\",\"position\":3,\"name\":\"Hill\u2019s Prescription Diet\u00ae Canine t\\\/d dant\u0173 prie\u017ei\u016bra\"}]},{\"@type\":\"WebSite\",\"@id\":\"https:\\\/\\\/anivet.lt\\\/elparduotuve\\\/#website\",\"url\":\"https:\\\/\\\/anivet.lt\\\/elparduotuve\\\/\",\"name\":\"anivet.lt\",\"description\":\"Viskas J\u016bs\u0173 \u0161uns, kat\u0117s prie\u017ei\u016brai\",\"publisher\":{\"@id\":\"https:\\\/\\\/anivet.lt\\\/elparduotuve\\\/#organization\"},\"alternateName\":\"Viskas J\u016bs\u0173 \u0161uns, kat\u0117s prie\u017ei\u016brai\",\"potentialAction\":[{\"@type\":\"SearchAction\",\"target\":{\"@type\":\"EntryPoint\",\"urlTemplate\":\"https:\\\/\\\/anivet.lt\\\/elparduotuve\\\/?s={search_term_string}\"},\"query-input\":{\"@type\":\"PropertyValueSpecification\",\"valueRequired\":true,\"valueName\":\"search_term_string\"}}],\"inLanguage\":\"lt-LT\"},{\"@type\":\"Organization\",\"@id\":\"https:\\\/\\\/anivet.lt\\\/elparduotuve\\\/#organization\",\"name\":\"Viskas J\u016bs\u0173 \u0161uns, kat\u0117s prie\u017ei\u016brai\",\"url\":\"https:\\\/\\\/anivet.lt\\\/elparduotuve\\\/\",\"logo\":{\"@type\":\"ImageObject\",\"inLanguage\":\"lt-LT\",\"@id\":\"https:\\\/\\\/anivet.lt\\\/elparduotuve\\\/#\\\/schema\\\/logo\\\/image\\\/\",\"url\":\"https:\\\/\\\/anivet.lt\\\/elparduotuve\\\/wp-content\\\/uploads\\\/2023\\\/06\\\/logo2.jpg\",\"contentUrl\":\"https:\\\/\\\/anivet.lt\\\/elparduotuve\\\/wp-content\\\/uploads\\\/2023\\\/06\\\/logo2.jpg\",\"width\":655,\"height\":194,\"caption\":\"Viskas J\u016bs\u0173 \u0161uns, kat\u0117s prie\u017ei\u016brai\"},\"image\":{\"@id\":\"https:\\\/\\\/anivet.lt\\\/elparduotuve\\\/#\\\/schema\\\/logo\\\/image\\\/\"}}]}<\/script>\n<!-- \/ Yoast SEO Premium plugin. -->","yoast_head_json":{"title":"Hill\u2019s Prescription Diet\u00ae Canine t\/d dant\u0173 prie\u017ei\u016bra - anivet.lt","description":"\u0160is klinikiniais tyrimais patvirtintas sausas pa\u0161aras padeda suma\u017einti dant\u0173 apna\u0161\u0173, d\u0117mi\u0173 ir akmen\u0173 susidarym\u0105 bei palaiko sveik\u0105 danten\u0173 b\u016bkl\u0119.","robots":{"index":"index","follow":"follow","max-snippet":"max-snippet:-1","max-image-preview":"max-image-preview:large","max-video-preview":"max-video-preview:-1"},"canonical":"https:\/\/anivet.lt\/elparduotuve\/produktas\/hills-prescription-diet-canine-t-d-dantu-prieziura\/","og_locale":"lt_LT","og_type":"article","og_title":"Hill\u2019s Prescription Diet\u00ae Canine t\/d dant\u0173 prie\u017ei\u016bra","og_description":"\u0160is klinikiniais tyrimais patvirtintas sausas pa\u0161aras padeda suma\u017einti dant\u0173 apna\u0161\u0173, d\u0117mi\u0173 ir akmen\u0173 susidarym\u0105 bei palaiko sveik\u0105 danten\u0173 b\u016bkl\u0119.","og_url":"https:\/\/anivet.lt\/elparduotuve\/produktas\/hills-prescription-diet-canine-t-d-dantu-prieziura\/","og_site_name":"anivet.lt","article_modified_time":"2026-01-30T03:51:27+00:00","og_image":[{"width":768,"height":768,"url":"https:\/\/anivet.lt\/elparduotuve\/wp-content\/uploads\/2025\/01\/26Hills-Prescription-Diet\u00ae-Canine-td-dantu-prieziura.jpg","type":"image\/jpeg"}],"twitter_card":"summary_large_image","twitter_misc":{"Est. reading time":"1 minut\u0117"},"schema":{"@context":"https:\/\/schema.org","@graph":[{"@type":"WebPage","@id":"https:\/\/anivet.lt\/elparduotuve\/produktas\/hills-prescription-diet-canine-t-d-dantu-prieziura\/","url":"https:\/\/anivet.lt\/elparduotuve\/produktas\/hills-prescription-diet-canine-t-d-dantu-prieziura\/","name":"Hill\u2019s Prescription Diet\u00ae Canine t\/d dant\u0173 prie\u017ei\u016bra - anivet.lt","isPartOf":{"@id":"https:\/\/anivet.lt\/elparduotuve\/#website"},"primaryImageOfPage":{"@id":"https:\/\/anivet.lt\/elparduotuve\/produktas\/hills-prescription-diet-canine-t-d-dantu-prieziura\/#primaryimage"},"image":{"@id":"https:\/\/anivet.lt\/elparduotuve\/produktas\/hills-prescription-diet-canine-t-d-dantu-prieziura\/#primaryimage"},"thumbnailUrl":"https:\/\/anivet.lt\/elparduotuve\/wp-content\/uploads\/2025\/01\/26Hills-Prescription-Diet\u00ae-Canine-td-dantu-prieziura.jpg","datePublished":"2025-01-08T16:08:10+00:00","dateModified":"2026-01-30T03:51:27+00:00","description":"\u0160is klinikiniais tyrimais patvirtintas sausas pa\u0161aras padeda suma\u017einti dant\u0173 apna\u0161\u0173, d\u0117mi\u0173 ir akmen\u0173 susidarym\u0105 bei palaiko sveik\u0105 danten\u0173 b\u016bkl\u0119.","breadcrumb":{"@id":"https:\/\/anivet.lt\/elparduotuve\/produktas\/hills-prescription-diet-canine-t-d-dantu-prieziura\/#breadcrumb"},"inLanguage":"lt-LT","potentialAction":[{"@type":"ReadAction","target":["https:\/\/anivet.lt\/elparduotuve\/produktas\/hills-prescription-diet-canine-t-d-dantu-prieziura\/"]}]},{"@type":"ImageObject","inLanguage":"lt-LT","@id":"https:\/\/anivet.lt\/elparduotuve\/produktas\/hills-prescription-diet-canine-t-d-dantu-prieziura\/#primaryimage","url":"https:\/\/anivet.lt\/elparduotuve\/wp-content\/uploads\/2025\/01\/26Hills-Prescription-Diet\u00ae-Canine-td-dantu-prieziura.jpg","contentUrl":"https:\/\/anivet.lt\/elparduotuve\/wp-content\/uploads\/2025\/01\/26Hills-Prescription-Diet\u00ae-Canine-td-dantu-prieziura.jpg","width":768,"height":768,"caption":"Hill\u2019s Prescription Diet\u00ae Canine t\/d dant\u0173 prie\u017ei\u016bra"},{"@type":"BreadcrumbList","@id":"https:\/\/anivet.lt\/elparduotuve\/produktas\/hills-prescription-diet-canine-t-d-dantu-prieziura\/#breadcrumb","itemListElement":[{"@type":"ListItem","position":1,"name":"Home","item":"https:\/\/anivet.lt\/elparduotuve\/"},{"@type":"ListItem","position":2,"name":"Produktai","item":"https:\/\/anivet.lt\/elparduotuve\/produktai\/"},{"@type":"ListItem","position":3,"name":"Hill\u2019s Prescription Diet\u00ae Canine t\/d dant\u0173 prie\u017ei\u016bra"}]},{"@type":"WebSite","@id":"https:\/\/anivet.lt\/elparduotuve\/#website","url":"https:\/\/anivet.lt\/elparduotuve\/","name":"anivet.lt","description":"Viskas J\u016bs\u0173 \u0161uns, kat\u0117s prie\u017ei\u016brai","publisher":{"@id":"https:\/\/anivet.lt\/elparduotuve\/#organization"},"alternateName":"Viskas J\u016bs\u0173 \u0161uns, kat\u0117s prie\u017ei\u016brai","potentialAction":[{"@type":"SearchAction","target":{"@type":"EntryPoint","urlTemplate":"https:\/\/anivet.lt\/elparduotuve\/?s={search_term_string}"},"query-input":{"@type":"PropertyValueSpecification","valueRequired":true,"valueName":"search_term_string"}}],"inLanguage":"lt-LT"},{"@type":"Organization","@id":"https:\/\/anivet.lt\/elparduotuve\/#organization","name":"Viskas J\u016bs\u0173 \u0161uns, kat\u0117s prie\u017ei\u016brai","url":"https:\/\/anivet.lt\/elparduotuve\/","logo":{"@type":"ImageObject","inLanguage":"lt-LT","@id":"https:\/\/anivet.lt\/elparduotuve\/#\/schema\/logo\/image\/","url":"https:\/\/anivet.lt\/elparduotuve\/wp-content\/uploads\/2023\/06\/logo2.jpg","contentUrl":"https:\/\/anivet.lt\/elparduotuve\/wp-content\/uploads\/2023\/06\/logo2.jpg","width":655,"height":194,"caption":"Viskas J\u016bs\u0173 \u0161uns, kat\u0117s prie\u017ei\u016brai"},"image":{"@id":"https:\/\/anivet.lt\/elparduotuve\/#\/schema\/logo\/image\/"}}]}},"_links":{"self":[{"href":"https:\/\/anivet.lt\/elparduotuve\/wp-json\/wp\/v2\/product\/16183","targetHints":{"allow":["GET"]}}],"collection":[{"href":"https:\/\/anivet.lt\/elparduotuve\/wp-json\/wp\/v2\/product"}],"about":[{"href":"https:\/\/anivet.lt\/elparduotuve\/wp-json\/wp\/v2\/types\/product"}],"wp:featuredmedia":[{"embeddable":true,"href":"https:\/\/anivet.lt\/elparduotuve\/wp-json\/wp\/v2\/media\/16184"}],"wp:attachment":[{"href":"https:\/\/anivet.lt\/elparduotuve\/wp-json\/wp\/v2\/media?parent=16183"}],"wp:term":[{"taxonomy":"product_brand","embeddable":true,"href":"https:\/\/anivet.lt\/elparduotuve\/wp-json\/wp\/v2\/product_brand?post=16183"},{"taxonomy":"product_cat","embeddable":true,"href":"https:\/\/anivet.lt\/elparduotuve\/wp-json\/wp\/v2\/product_cat?post=16183"},{"taxonomy":"product_tag","embeddable":true,"href":"https:\/\/anivet.lt\/elparduotuve\/wp-json\/wp\/v2\/product_tag?post=16183"}],"curies":[{"name":"wp","href":"https:\/\/api.w.org\/{rel}","templated":true}]}}