{"id":16185,"date":"2025-01-08T16:19:12","date_gmt":"2025-01-08T16:19:12","guid":{"rendered":"https:\/\/anivet.lt\/elparduotuve\/?post_type=product&#038;p=16185"},"modified":"2025-11-28T02:26:23","modified_gmt":"2025-11-28T02:26:23","slug":"hills-prescription-diet-canine-oncare-chicken-stiprinamoji-slauga","status":"publish","type":"product","link":"https:\/\/anivet.lt\/elparduotuve\/produktas\/hills-prescription-diet-canine-oncare-chicken-stiprinamoji-slauga\/","title":{"rendered":"Hill\u2019s Prescription Diet\u00ae Canine ONCare Chicken  stiprinamoji slauga"},"content":{"rendered":"<p>Visavertis pa\u0161aras sukurtas u\u017etikrinti tinkam\u0105 mityb\u0105 ir energij\u0105, skatinant \u0161un\u012f \u0117sti jau nuo pirmojo duben\u0117lio. Tai puikus pasirinkimas \u0161unims, kuriems reikia papildomo palaikymo sunkios ligos metu.<\/p>\n<ul>\n<li>Apetito skatinimas: Nepakartojamas skonis \u017eadina \u0161uns apetit\u0105 net sud\u0117ting\u0173 lig\u0173 metu.<\/li>\n<li>Lengvai vir\u0161kinami baltymai: U\u017etikrina energij\u0105 ir padeda palaikyti kasdien\u012f aktyvum\u0105.<\/li>\n<li>ActivBiome+ technologija: Maitina \u017earnyno mikrobiom\u0105 ir gerina vir\u0161kinim\u0105 bei i\u0161mat\u0173 kokyb\u0119.<\/li>\n<li>Didel\u0117 kaloringumo koncentracija: Suteikia optimali\u0105 mityb\u0105 be papildomo maisto kiekio didinimo.<\/li>\n<li>S+OXSHIELD sistema: Sukurta siekiant palaikyti sveik\u0105 \u0161lapimo sistem\u0105 ir suma\u017einti akmen\u0173 susidarymo rizik\u0105.<\/li>\n<\/ul>\n<p>\u201eHill\u2019s Prescription Diet ONCare\u201d su vi\u0161tiena \u2013 tai visavertis ir gardus pa\u0161aras, padedantis palaikyti j\u016bs\u0173 augintinio sveikat\u0105 ir gyvenimo kokyb\u0119 sunki\u0173 lig\u0173 metu. \u0160is pa\u0161aras tinka ilgam kasdieniam naudojimui, kad j\u016bs\u0173 \u0161uo jaust\u0173si stiprus ir energingas.<\/p>\n","protected":false},"excerpt":{"rendered":"<p>Visavertis pa\u0161aras sukurtas u\u017etikrinti tinkam\u0105 mityb\u0105 ir energij\u0105, skatinant \u0161un\u012f \u0117sti jau nuo pirmojo duben\u0117lio. Tai puikus pasirinkimas \u0161unims, kuriems<\/p>\n","protected":false},"featured_media":16186,"template":"","meta":[],"product_brand":[],"product_cat":[101,103,107,333],"product_tag":[],"class_list":{"0":"post-16185","1":"product","2":"type-product","3":"status-publish","4":"has-post-thumbnail","6":"product_cat-sunims","7":"product_cat-sunu-maistas","8":"product_cat-veterinarine-dieta","9":"product_cat-hills-sunu-maistas","10":"pa_prekinis-zenklas-hills","12":"first","13":"instock","14":"taxable","15":"shipping-taxable","16":"purchasable","17":"product-type-variable"},"yoast_head":"<!-- This site is optimized with the Yoast SEO Premium plugin v27.1 (Yoast SEO v27.3) - https:\/\/yoast.com\/product\/yoast-seo-premium-wordpress\/ -->\n<title>Hill\u2019s Prescription Diet\u00ae Canine ONCare Chicken stiprinamoji slauga - anivet.lt<\/title>\n<meta name=\"description\" content=\"Visavertis pa\u0161aras sukurtas u\u017etikrinti tinkam\u0105 mityb\u0105 ir energij\u0105, skatinant \u0161un\u012f \u0117sti jau nuo pirmojo duben\u0117lio. Tai puikus pasirinkimas \u0161unims, kuriems\" \/>\n<meta name=\"robots\" content=\"index, follow, max-snippet:-1, max-image-preview:large, max-video-preview:-1\" \/>\n<link rel=\"canonical\" href=\"https:\/\/anivet.lt\/elparduotuve\/produktas\/hills-prescription-diet-canine-oncare-chicken-stiprinamoji-slauga\/\" \/>\n<meta property=\"og:locale\" content=\"lt_LT\" \/>\n<meta property=\"og:type\" content=\"article\" \/>\n<meta property=\"og:title\" content=\"Hill\u2019s Prescription Diet\u00ae Canine ONCare Chicken stiprinamoji slauga\" \/>\n<meta property=\"og:description\" content=\"Visavertis pa\u0161aras sukurtas u\u017etikrinti tinkam\u0105 mityb\u0105 ir energij\u0105, skatinant \u0161un\u012f \u0117sti jau nuo pirmojo duben\u0117lio. Tai puikus pasirinkimas \u0161unims, kuriems\" \/>\n<meta property=\"og:url\" content=\"https:\/\/anivet.lt\/elparduotuve\/produktas\/hills-prescription-diet-canine-oncare-chicken-stiprinamoji-slauga\/\" \/>\n<meta property=\"og:site_name\" content=\"anivet.lt\" \/>\n<meta property=\"article:modified_time\" content=\"2025-11-28T02:26:23+00:00\" \/>\n<meta property=\"og:image\" content=\"https:\/\/anivet.lt\/elparduotuve\/wp-content\/uploads\/2025\/01\/27Hills-Prescription-Diet\u00ae-Canine-ONCare-Chicken-onkologinems-ligoms.jpg\" \/>\n\t<meta property=\"og:image:width\" content=\"768\" \/>\n\t<meta property=\"og:image:height\" content=\"768\" \/>\n\t<meta property=\"og:image:type\" content=\"image\/jpeg\" \/>\n<meta name=\"twitter:card\" content=\"summary_large_image\" \/>\n<meta name=\"twitter:label1\" content=\"Est. reading time\" \/>\n\t<meta name=\"twitter:data1\" content=\"1 minut\u0117\" \/>\n<script type=\"application\/ld+json\" class=\"yoast-schema-graph\">{\"@context\":\"https:\\\/\\\/schema.org\",\"@graph\":[{\"@type\":\"WebPage\",\"@id\":\"https:\\\/\\\/anivet.lt\\\/elparduotuve\\\/produktas\\\/hills-prescription-diet-canine-oncare-chicken-stiprinamoji-slauga\\\/\",\"url\":\"https:\\\/\\\/anivet.lt\\\/elparduotuve\\\/produktas\\\/hills-prescription-diet-canine-oncare-chicken-stiprinamoji-slauga\\\/\",\"name\":\"Hill\u2019s Prescription Diet\u00ae Canine ONCare Chicken stiprinamoji slauga - anivet.lt\",\"isPartOf\":{\"@id\":\"https:\\\/\\\/anivet.lt\\\/elparduotuve\\\/#website\"},\"primaryImageOfPage\":{\"@id\":\"https:\\\/\\\/anivet.lt\\\/elparduotuve\\\/produktas\\\/hills-prescription-diet-canine-oncare-chicken-stiprinamoji-slauga\\\/#primaryimage\"},\"image\":{\"@id\":\"https:\\\/\\\/anivet.lt\\\/elparduotuve\\\/produktas\\\/hills-prescription-diet-canine-oncare-chicken-stiprinamoji-slauga\\\/#primaryimage\"},\"thumbnailUrl\":\"https:\\\/\\\/anivet.lt\\\/elparduotuve\\\/wp-content\\\/uploads\\\/2025\\\/01\\\/27Hills-Prescription-Diet\u00ae-Canine-ONCare-Chicken-onkologinems-ligoms.jpg\",\"datePublished\":\"2025-01-08T16:19:12+00:00\",\"dateModified\":\"2025-11-28T02:26:23+00:00\",\"description\":\"Visavertis pa\u0161aras sukurtas u\u017etikrinti tinkam\u0105 mityb\u0105 ir energij\u0105, skatinant \u0161un\u012f \u0117sti jau nuo pirmojo duben\u0117lio. Tai puikus pasirinkimas \u0161unims, kuriems\",\"breadcrumb\":{\"@id\":\"https:\\\/\\\/anivet.lt\\\/elparduotuve\\\/produktas\\\/hills-prescription-diet-canine-oncare-chicken-stiprinamoji-slauga\\\/#breadcrumb\"},\"inLanguage\":\"lt-LT\",\"potentialAction\":[{\"@type\":\"ReadAction\",\"target\":[\"https:\\\/\\\/anivet.lt\\\/elparduotuve\\\/produktas\\\/hills-prescription-diet-canine-oncare-chicken-stiprinamoji-slauga\\\/\"]}]},{\"@type\":\"ImageObject\",\"inLanguage\":\"lt-LT\",\"@id\":\"https:\\\/\\\/anivet.lt\\\/elparduotuve\\\/produktas\\\/hills-prescription-diet-canine-oncare-chicken-stiprinamoji-slauga\\\/#primaryimage\",\"url\":\"https:\\\/\\\/anivet.lt\\\/elparduotuve\\\/wp-content\\\/uploads\\\/2025\\\/01\\\/27Hills-Prescription-Diet\u00ae-Canine-ONCare-Chicken-onkologinems-ligoms.jpg\",\"contentUrl\":\"https:\\\/\\\/anivet.lt\\\/elparduotuve\\\/wp-content\\\/uploads\\\/2025\\\/01\\\/27Hills-Prescription-Diet\u00ae-Canine-ONCare-Chicken-onkologinems-ligoms.jpg\",\"width\":768,\"height\":768,\"caption\":\"Hill\u2019s Prescription Diet\u00ae Canine ONCare Chicken stiprinamoji slauga\"},{\"@type\":\"BreadcrumbList\",\"@id\":\"https:\\\/\\\/anivet.lt\\\/elparduotuve\\\/produktas\\\/hills-prescription-diet-canine-oncare-chicken-stiprinamoji-slauga\\\/#breadcrumb\",\"itemListElement\":[{\"@type\":\"ListItem\",\"position\":1,\"name\":\"Home\",\"item\":\"https:\\\/\\\/anivet.lt\\\/elparduotuve\\\/\"},{\"@type\":\"ListItem\",\"position\":2,\"name\":\"Produktai\",\"item\":\"https:\\\/\\\/anivet.lt\\\/elparduotuve\\\/produktai\\\/\"},{\"@type\":\"ListItem\",\"position\":3,\"name\":\"Hill\u2019s Prescription Diet\u00ae Canine ONCare Chicken stiprinamoji slauga\"}]},{\"@type\":\"WebSite\",\"@id\":\"https:\\\/\\\/anivet.lt\\\/elparduotuve\\\/#website\",\"url\":\"https:\\\/\\\/anivet.lt\\\/elparduotuve\\\/\",\"name\":\"anivet.lt\",\"description\":\"Viskas J\u016bs\u0173 \u0161uns, kat\u0117s prie\u017ei\u016brai\",\"publisher\":{\"@id\":\"https:\\\/\\\/anivet.lt\\\/elparduotuve\\\/#organization\"},\"alternateName\":\"Viskas J\u016bs\u0173 \u0161uns, kat\u0117s prie\u017ei\u016brai\",\"potentialAction\":[{\"@type\":\"SearchAction\",\"target\":{\"@type\":\"EntryPoint\",\"urlTemplate\":\"https:\\\/\\\/anivet.lt\\\/elparduotuve\\\/?s={search_term_string}\"},\"query-input\":{\"@type\":\"PropertyValueSpecification\",\"valueRequired\":true,\"valueName\":\"search_term_string\"}}],\"inLanguage\":\"lt-LT\"},{\"@type\":\"Organization\",\"@id\":\"https:\\\/\\\/anivet.lt\\\/elparduotuve\\\/#organization\",\"name\":\"Viskas J\u016bs\u0173 \u0161uns, kat\u0117s prie\u017ei\u016brai\",\"url\":\"https:\\\/\\\/anivet.lt\\\/elparduotuve\\\/\",\"logo\":{\"@type\":\"ImageObject\",\"inLanguage\":\"lt-LT\",\"@id\":\"https:\\\/\\\/anivet.lt\\\/elparduotuve\\\/#\\\/schema\\\/logo\\\/image\\\/\",\"url\":\"https:\\\/\\\/anivet.lt\\\/elparduotuve\\\/wp-content\\\/uploads\\\/2023\\\/06\\\/logo2.jpg\",\"contentUrl\":\"https:\\\/\\\/anivet.lt\\\/elparduotuve\\\/wp-content\\\/uploads\\\/2023\\\/06\\\/logo2.jpg\",\"width\":655,\"height\":194,\"caption\":\"Viskas J\u016bs\u0173 \u0161uns, kat\u0117s prie\u017ei\u016brai\"},\"image\":{\"@id\":\"https:\\\/\\\/anivet.lt\\\/elparduotuve\\\/#\\\/schema\\\/logo\\\/image\\\/\"}}]}<\/script>\n<!-- \/ Yoast SEO Premium plugin. -->","yoast_head_json":{"title":"Hill\u2019s Prescription Diet\u00ae Canine ONCare Chicken stiprinamoji slauga - anivet.lt","description":"Visavertis pa\u0161aras sukurtas u\u017etikrinti tinkam\u0105 mityb\u0105 ir energij\u0105, skatinant \u0161un\u012f \u0117sti jau nuo pirmojo duben\u0117lio. Tai puikus pasirinkimas \u0161unims, kuriems","robots":{"index":"index","follow":"follow","max-snippet":"max-snippet:-1","max-image-preview":"max-image-preview:large","max-video-preview":"max-video-preview:-1"},"canonical":"https:\/\/anivet.lt\/elparduotuve\/produktas\/hills-prescription-diet-canine-oncare-chicken-stiprinamoji-slauga\/","og_locale":"lt_LT","og_type":"article","og_title":"Hill\u2019s Prescription Diet\u00ae Canine ONCare Chicken stiprinamoji slauga","og_description":"Visavertis pa\u0161aras sukurtas u\u017etikrinti tinkam\u0105 mityb\u0105 ir energij\u0105, skatinant \u0161un\u012f \u0117sti jau nuo pirmojo duben\u0117lio. Tai puikus pasirinkimas \u0161unims, kuriems","og_url":"https:\/\/anivet.lt\/elparduotuve\/produktas\/hills-prescription-diet-canine-oncare-chicken-stiprinamoji-slauga\/","og_site_name":"anivet.lt","article_modified_time":"2025-11-28T02:26:23+00:00","og_image":[{"width":768,"height":768,"url":"https:\/\/anivet.lt\/elparduotuve\/wp-content\/uploads\/2025\/01\/27Hills-Prescription-Diet\u00ae-Canine-ONCare-Chicken-onkologinems-ligoms.jpg","type":"image\/jpeg"}],"twitter_card":"summary_large_image","twitter_misc":{"Est. reading time":"1 minut\u0117"},"schema":{"@context":"https:\/\/schema.org","@graph":[{"@type":"WebPage","@id":"https:\/\/anivet.lt\/elparduotuve\/produktas\/hills-prescription-diet-canine-oncare-chicken-stiprinamoji-slauga\/","url":"https:\/\/anivet.lt\/elparduotuve\/produktas\/hills-prescription-diet-canine-oncare-chicken-stiprinamoji-slauga\/","name":"Hill\u2019s Prescription Diet\u00ae Canine ONCare Chicken stiprinamoji slauga - anivet.lt","isPartOf":{"@id":"https:\/\/anivet.lt\/elparduotuve\/#website"},"primaryImageOfPage":{"@id":"https:\/\/anivet.lt\/elparduotuve\/produktas\/hills-prescription-diet-canine-oncare-chicken-stiprinamoji-slauga\/#primaryimage"},"image":{"@id":"https:\/\/anivet.lt\/elparduotuve\/produktas\/hills-prescription-diet-canine-oncare-chicken-stiprinamoji-slauga\/#primaryimage"},"thumbnailUrl":"https:\/\/anivet.lt\/elparduotuve\/wp-content\/uploads\/2025\/01\/27Hills-Prescription-Diet\u00ae-Canine-ONCare-Chicken-onkologinems-ligoms.jpg","datePublished":"2025-01-08T16:19:12+00:00","dateModified":"2025-11-28T02:26:23+00:00","description":"Visavertis pa\u0161aras sukurtas u\u017etikrinti tinkam\u0105 mityb\u0105 ir energij\u0105, skatinant \u0161un\u012f \u0117sti jau nuo pirmojo duben\u0117lio. Tai puikus pasirinkimas \u0161unims, kuriems","breadcrumb":{"@id":"https:\/\/anivet.lt\/elparduotuve\/produktas\/hills-prescription-diet-canine-oncare-chicken-stiprinamoji-slauga\/#breadcrumb"},"inLanguage":"lt-LT","potentialAction":[{"@type":"ReadAction","target":["https:\/\/anivet.lt\/elparduotuve\/produktas\/hills-prescription-diet-canine-oncare-chicken-stiprinamoji-slauga\/"]}]},{"@type":"ImageObject","inLanguage":"lt-LT","@id":"https:\/\/anivet.lt\/elparduotuve\/produktas\/hills-prescription-diet-canine-oncare-chicken-stiprinamoji-slauga\/#primaryimage","url":"https:\/\/anivet.lt\/elparduotuve\/wp-content\/uploads\/2025\/01\/27Hills-Prescription-Diet\u00ae-Canine-ONCare-Chicken-onkologinems-ligoms.jpg","contentUrl":"https:\/\/anivet.lt\/elparduotuve\/wp-content\/uploads\/2025\/01\/27Hills-Prescription-Diet\u00ae-Canine-ONCare-Chicken-onkologinems-ligoms.jpg","width":768,"height":768,"caption":"Hill\u2019s Prescription Diet\u00ae Canine ONCare Chicken stiprinamoji slauga"},{"@type":"BreadcrumbList","@id":"https:\/\/anivet.lt\/elparduotuve\/produktas\/hills-prescription-diet-canine-oncare-chicken-stiprinamoji-slauga\/#breadcrumb","itemListElement":[{"@type":"ListItem","position":1,"name":"Home","item":"https:\/\/anivet.lt\/elparduotuve\/"},{"@type":"ListItem","position":2,"name":"Produktai","item":"https:\/\/anivet.lt\/elparduotuve\/produktai\/"},{"@type":"ListItem","position":3,"name":"Hill\u2019s Prescription Diet\u00ae Canine ONCare Chicken stiprinamoji slauga"}]},{"@type":"WebSite","@id":"https:\/\/anivet.lt\/elparduotuve\/#website","url":"https:\/\/anivet.lt\/elparduotuve\/","name":"anivet.lt","description":"Viskas J\u016bs\u0173 \u0161uns, kat\u0117s prie\u017ei\u016brai","publisher":{"@id":"https:\/\/anivet.lt\/elparduotuve\/#organization"},"alternateName":"Viskas J\u016bs\u0173 \u0161uns, kat\u0117s prie\u017ei\u016brai","potentialAction":[{"@type":"SearchAction","target":{"@type":"EntryPoint","urlTemplate":"https:\/\/anivet.lt\/elparduotuve\/?s={search_term_string}"},"query-input":{"@type":"PropertyValueSpecification","valueRequired":true,"valueName":"search_term_string"}}],"inLanguage":"lt-LT"},{"@type":"Organization","@id":"https:\/\/anivet.lt\/elparduotuve\/#organization","name":"Viskas J\u016bs\u0173 \u0161uns, kat\u0117s prie\u017ei\u016brai","url":"https:\/\/anivet.lt\/elparduotuve\/","logo":{"@type":"ImageObject","inLanguage":"lt-LT","@id":"https:\/\/anivet.lt\/elparduotuve\/#\/schema\/logo\/image\/","url":"https:\/\/anivet.lt\/elparduotuve\/wp-content\/uploads\/2023\/06\/logo2.jpg","contentUrl":"https:\/\/anivet.lt\/elparduotuve\/wp-content\/uploads\/2023\/06\/logo2.jpg","width":655,"height":194,"caption":"Viskas J\u016bs\u0173 \u0161uns, kat\u0117s prie\u017ei\u016brai"},"image":{"@id":"https:\/\/anivet.lt\/elparduotuve\/#\/schema\/logo\/image\/"}}]}},"_links":{"self":[{"href":"https:\/\/anivet.lt\/elparduotuve\/wp-json\/wp\/v2\/product\/16185","targetHints":{"allow":["GET"]}}],"collection":[{"href":"https:\/\/anivet.lt\/elparduotuve\/wp-json\/wp\/v2\/product"}],"about":[{"href":"https:\/\/anivet.lt\/elparduotuve\/wp-json\/wp\/v2\/types\/product"}],"wp:featuredmedia":[{"embeddable":true,"href":"https:\/\/anivet.lt\/elparduotuve\/wp-json\/wp\/v2\/media\/16186"}],"wp:attachment":[{"href":"https:\/\/anivet.lt\/elparduotuve\/wp-json\/wp\/v2\/media?parent=16185"}],"wp:term":[{"taxonomy":"product_brand","embeddable":true,"href":"https:\/\/anivet.lt\/elparduotuve\/wp-json\/wp\/v2\/product_brand?post=16185"},{"taxonomy":"product_cat","embeddable":true,"href":"https:\/\/anivet.lt\/elparduotuve\/wp-json\/wp\/v2\/product_cat?post=16185"},{"taxonomy":"product_tag","embeddable":true,"href":"https:\/\/anivet.lt\/elparduotuve\/wp-json\/wp\/v2\/product_tag?post=16185"}],"curies":[{"name":"wp","href":"https:\/\/api.w.org\/{rel}","templated":true}]}}