{"id":16216,"date":"2025-01-10T09:38:04","date_gmt":"2025-01-10T09:38:04","guid":{"rendered":"https:\/\/anivet.lt\/elparduotuve\/?post_type=product&#038;p=16216"},"modified":"2026-01-29T17:16:10","modified_gmt":"2026-01-29T17:16:10","slug":"wepharm-wecalm-streso-kontrolei-10tab","status":"publish","type":"product","link":"https:\/\/anivet.lt\/elparduotuve\/produktas\/wepharm-wecalm-streso-kontrolei-10tab\/","title":{"rendered":"Wepharm WeCalm streso kontrolei 10tab."},"content":{"rendered":"<p><span style=\"font-weight: 400;\">Pa\u0161aro papildas, padedantis \u0161unims ir kat\u0117ms i\u0161likti ramiems stresin\u0117se situacijose. \u0160i priemon\u0117 sukurta specialiai raminimui ir \u012ftampos ma\u017einimui, naudinga \u012fvairi\u0173 streso veiksni\u0173 metu, kaip perk\u016bnija, fejerverkai ar kelion\u0117s.<\/span><\/p>\n<ul>\n<li style=\"font-weight: 400;\" aria-level=\"1\"><span style=\"font-weight: 400;\">Streso ma\u017einimas: L-triptofanas ir L-teaninas skatina serotonino gamyb\u0105, prisidedant prie gyv\u016bno ramyb\u0117s ir emocinio balanso.<\/span><\/li>\n<li style=\"font-weight: 400;\" aria-level=\"1\"><span style=\"font-weight: 400;\">Nat\u016bral\u016bs ekstraktai: Kininio arbatmed\u017eio ekstraktas (Camellia sinensis) veikia atpalaiduojan\u010diai, suma\u017eina nerim\u0105.<\/span><\/li>\n<li style=\"font-weight: 400;\" aria-level=\"1\"><span style=\"font-weight: 400;\">Vitamin\u0173 kompleksas: B grup\u0117s vitaminai (B1, B3, B6) palaiko nerv\u0173 sistemos veikl\u0105, gerina atsparum\u0105 stresui.<\/span><\/li>\n<li style=\"font-weight: 400;\" aria-level=\"1\"><span style=\"font-weight: 400;\">Patogi forma: Tabletes lengva dozuoti ir naudoti kasdien arba pagal poreik\u012f.<\/span><\/li>\n<li style=\"font-weight: 400;\" aria-level=\"1\"><span style=\"font-weight: 400;\">Platus pritaikymas: Idealiai tinka stresin\u0117ms situacijoms, tokioms kaip kelion\u0117s, nujunkymas, atskyrimas ar gars\u016bs triuk\u0161mai.<\/span><\/li>\n<\/ul>\n<p><span style=\"font-weight: 400;\">Saugus ir veiksmingas pasirinkimas, skirtas j\u016bs\u0173 augintinio emocinei b\u016bsenai palaikyti. \u0160is papildas padeda suma\u017einti stres\u0105 ir u\u017etikrina augintinio gerov\u0119 net ir \u012ftemptose situacijose.<\/span><\/p>\n","protected":false},"excerpt":{"rendered":"<p>Pa\u0161aro papildas, padedantis \u0161unims ir kat\u0117ms i\u0161likti ramiems stresin\u0117se situacijose. \u0160i priemon\u0117 sukurta specialiai raminimui ir \u012ftampos ma\u017einimui, naudinga \u012fvairi\u0173<\/p>\n","protected":false},"featured_media":16218,"template":"","meta":[],"product_brand":[],"product_cat":[101,102,113,124],"product_tag":[],"class_list":{"0":"post-16216","1":"product","2":"type-product","3":"status-publish","4":"has-post-thumbnail","6":"product_cat-sunims","7":"product_cat-katems","8":"product_cat-vitaminai-ir-papildai","9":"product_cat-vitaminai-ir-papildai-katems","10":"pa_prekinis-zenklas-wepharm","12":"first","13":"outofstock","14":"taxable","15":"shipping-taxable","16":"purchasable","17":"product-type-simple"},"yoast_head":"<!-- This site is optimized with the Yoast SEO Premium plugin v27.1 (Yoast SEO v27.3) - https:\/\/yoast.com\/product\/yoast-seo-premium-wordpress\/ -->\n<title>Wepharm WeCalm streso kontrolei 10tab. - anivet.lt<\/title>\n<meta name=\"description\" content=\"Pa\u0161aro papildas, padedantis \u0161unims ir kat\u0117ms i\u0161likti ramiems stresin\u0117se situacijose. \u0160i priemon\u0117 sukurta specialiai raminimui ir \u012ftampos ma\u017einimui,\" \/>\n<meta name=\"robots\" content=\"index, follow, max-snippet:-1, max-image-preview:large, max-video-preview:-1\" \/>\n<link rel=\"canonical\" href=\"https:\/\/anivet.lt\/elparduotuve\/produktas\/wepharm-wecalm-streso-kontrolei-10tab\/\" \/>\n<meta property=\"og:locale\" content=\"lt_LT\" \/>\n<meta property=\"og:type\" content=\"article\" \/>\n<meta property=\"og:title\" content=\"Wepharm WeCalm streso kontrolei 10tab.\" \/>\n<meta property=\"og:description\" content=\"Pa\u0161aro papildas, padedantis \u0161unims ir kat\u0117ms i\u0161likti ramiems stresin\u0117se situacijose. \u0160i priemon\u0117 sukurta specialiai raminimui ir \u012ftampos ma\u017einimui,\" \/>\n<meta property=\"og:url\" content=\"https:\/\/anivet.lt\/elparduotuve\/produktas\/wepharm-wecalm-streso-kontrolei-10tab\/\" \/>\n<meta property=\"og:site_name\" content=\"anivet.lt\" \/>\n<meta property=\"article:modified_time\" content=\"2026-01-29T17:16:10+00:00\" \/>\n<meta property=\"og:image\" content=\"https:\/\/anivet.lt\/elparduotuve\/wp-content\/uploads\/2025\/01\/48.-Wepharm-WeCalm-streso-kontrolei-10-tab.jpeg\" \/>\n\t<meta property=\"og:image:width\" content=\"950\" \/>\n\t<meta property=\"og:image:height\" content=\"870\" \/>\n\t<meta property=\"og:image:type\" content=\"image\/jpeg\" \/>\n<meta name=\"twitter:card\" content=\"summary_large_image\" \/>\n<meta name=\"twitter:label1\" content=\"Est. reading time\" \/>\n\t<meta name=\"twitter:data1\" content=\"1 minut\u0117\" \/>\n<script type=\"application\/ld+json\" class=\"yoast-schema-graph\">{\"@context\":\"https:\\\/\\\/schema.org\",\"@graph\":[{\"@type\":\"WebPage\",\"@id\":\"https:\\\/\\\/anivet.lt\\\/elparduotuve\\\/produktas\\\/wepharm-wecalm-streso-kontrolei-10tab\\\/\",\"url\":\"https:\\\/\\\/anivet.lt\\\/elparduotuve\\\/produktas\\\/wepharm-wecalm-streso-kontrolei-10tab\\\/\",\"name\":\"Wepharm WeCalm streso kontrolei 10tab. - anivet.lt\",\"isPartOf\":{\"@id\":\"https:\\\/\\\/anivet.lt\\\/elparduotuve\\\/#website\"},\"primaryImageOfPage\":{\"@id\":\"https:\\\/\\\/anivet.lt\\\/elparduotuve\\\/produktas\\\/wepharm-wecalm-streso-kontrolei-10tab\\\/#primaryimage\"},\"image\":{\"@id\":\"https:\\\/\\\/anivet.lt\\\/elparduotuve\\\/produktas\\\/wepharm-wecalm-streso-kontrolei-10tab\\\/#primaryimage\"},\"thumbnailUrl\":\"https:\\\/\\\/anivet.lt\\\/elparduotuve\\\/wp-content\\\/uploads\\\/2025\\\/01\\\/48.-Wepharm-WeCalm-streso-kontrolei-10-tab.jpeg\",\"datePublished\":\"2025-01-10T09:38:04+00:00\",\"dateModified\":\"2026-01-29T17:16:10+00:00\",\"description\":\"Pa\u0161aro papildas, padedantis \u0161unims ir kat\u0117ms i\u0161likti ramiems stresin\u0117se situacijose. \u0160i priemon\u0117 sukurta specialiai raminimui ir \u012ftampos ma\u017einimui,\",\"breadcrumb\":{\"@id\":\"https:\\\/\\\/anivet.lt\\\/elparduotuve\\\/produktas\\\/wepharm-wecalm-streso-kontrolei-10tab\\\/#breadcrumb\"},\"inLanguage\":\"lt-LT\",\"potentialAction\":[{\"@type\":\"ReadAction\",\"target\":[\"https:\\\/\\\/anivet.lt\\\/elparduotuve\\\/produktas\\\/wepharm-wecalm-streso-kontrolei-10tab\\\/\"]}]},{\"@type\":\"ImageObject\",\"inLanguage\":\"lt-LT\",\"@id\":\"https:\\\/\\\/anivet.lt\\\/elparduotuve\\\/produktas\\\/wepharm-wecalm-streso-kontrolei-10tab\\\/#primaryimage\",\"url\":\"https:\\\/\\\/anivet.lt\\\/elparduotuve\\\/wp-content\\\/uploads\\\/2025\\\/01\\\/48.-Wepharm-WeCalm-streso-kontrolei-10-tab.jpeg\",\"contentUrl\":\"https:\\\/\\\/anivet.lt\\\/elparduotuve\\\/wp-content\\\/uploads\\\/2025\\\/01\\\/48.-Wepharm-WeCalm-streso-kontrolei-10-tab.jpeg\",\"width\":950,\"height\":870,\"caption\":\"Wepharm WeCalm streso kontrolei 10tab.\"},{\"@type\":\"BreadcrumbList\",\"@id\":\"https:\\\/\\\/anivet.lt\\\/elparduotuve\\\/produktas\\\/wepharm-wecalm-streso-kontrolei-10tab\\\/#breadcrumb\",\"itemListElement\":[{\"@type\":\"ListItem\",\"position\":1,\"name\":\"Home\",\"item\":\"https:\\\/\\\/anivet.lt\\\/elparduotuve\\\/\"},{\"@type\":\"ListItem\",\"position\":2,\"name\":\"Produktai\",\"item\":\"https:\\\/\\\/anivet.lt\\\/elparduotuve\\\/produktai\\\/\"},{\"@type\":\"ListItem\",\"position\":3,\"name\":\"Wepharm WeCalm streso kontrolei 10tab.\"}]},{\"@type\":\"WebSite\",\"@id\":\"https:\\\/\\\/anivet.lt\\\/elparduotuve\\\/#website\",\"url\":\"https:\\\/\\\/anivet.lt\\\/elparduotuve\\\/\",\"name\":\"anivet.lt\",\"description\":\"Viskas J\u016bs\u0173 \u0161uns, kat\u0117s prie\u017ei\u016brai\",\"publisher\":{\"@id\":\"https:\\\/\\\/anivet.lt\\\/elparduotuve\\\/#organization\"},\"alternateName\":\"Viskas J\u016bs\u0173 \u0161uns, kat\u0117s prie\u017ei\u016brai\",\"potentialAction\":[{\"@type\":\"SearchAction\",\"target\":{\"@type\":\"EntryPoint\",\"urlTemplate\":\"https:\\\/\\\/anivet.lt\\\/elparduotuve\\\/?s={search_term_string}\"},\"query-input\":{\"@type\":\"PropertyValueSpecification\",\"valueRequired\":true,\"valueName\":\"search_term_string\"}}],\"inLanguage\":\"lt-LT\"},{\"@type\":\"Organization\",\"@id\":\"https:\\\/\\\/anivet.lt\\\/elparduotuve\\\/#organization\",\"name\":\"Viskas J\u016bs\u0173 \u0161uns, kat\u0117s prie\u017ei\u016brai\",\"url\":\"https:\\\/\\\/anivet.lt\\\/elparduotuve\\\/\",\"logo\":{\"@type\":\"ImageObject\",\"inLanguage\":\"lt-LT\",\"@id\":\"https:\\\/\\\/anivet.lt\\\/elparduotuve\\\/#\\\/schema\\\/logo\\\/image\\\/\",\"url\":\"https:\\\/\\\/anivet.lt\\\/elparduotuve\\\/wp-content\\\/uploads\\\/2023\\\/06\\\/logo2.jpg\",\"contentUrl\":\"https:\\\/\\\/anivet.lt\\\/elparduotuve\\\/wp-content\\\/uploads\\\/2023\\\/06\\\/logo2.jpg\",\"width\":655,\"height\":194,\"caption\":\"Viskas J\u016bs\u0173 \u0161uns, kat\u0117s prie\u017ei\u016brai\"},\"image\":{\"@id\":\"https:\\\/\\\/anivet.lt\\\/elparduotuve\\\/#\\\/schema\\\/logo\\\/image\\\/\"}}]}<\/script>\n<!-- \/ Yoast SEO Premium plugin. -->","yoast_head_json":{"title":"Wepharm WeCalm streso kontrolei 10tab. - anivet.lt","description":"Pa\u0161aro papildas, padedantis \u0161unims ir kat\u0117ms i\u0161likti ramiems stresin\u0117se situacijose. \u0160i priemon\u0117 sukurta specialiai raminimui ir \u012ftampos ma\u017einimui,","robots":{"index":"index","follow":"follow","max-snippet":"max-snippet:-1","max-image-preview":"max-image-preview:large","max-video-preview":"max-video-preview:-1"},"canonical":"https:\/\/anivet.lt\/elparduotuve\/produktas\/wepharm-wecalm-streso-kontrolei-10tab\/","og_locale":"lt_LT","og_type":"article","og_title":"Wepharm WeCalm streso kontrolei 10tab.","og_description":"Pa\u0161aro papildas, padedantis \u0161unims ir kat\u0117ms i\u0161likti ramiems stresin\u0117se situacijose. \u0160i priemon\u0117 sukurta specialiai raminimui ir \u012ftampos ma\u017einimui,","og_url":"https:\/\/anivet.lt\/elparduotuve\/produktas\/wepharm-wecalm-streso-kontrolei-10tab\/","og_site_name":"anivet.lt","article_modified_time":"2026-01-29T17:16:10+00:00","og_image":[{"width":950,"height":870,"url":"https:\/\/anivet.lt\/elparduotuve\/wp-content\/uploads\/2025\/01\/48.-Wepharm-WeCalm-streso-kontrolei-10-tab.jpeg","type":"image\/jpeg"}],"twitter_card":"summary_large_image","twitter_misc":{"Est. reading time":"1 minut\u0117"},"schema":{"@context":"https:\/\/schema.org","@graph":[{"@type":"WebPage","@id":"https:\/\/anivet.lt\/elparduotuve\/produktas\/wepharm-wecalm-streso-kontrolei-10tab\/","url":"https:\/\/anivet.lt\/elparduotuve\/produktas\/wepharm-wecalm-streso-kontrolei-10tab\/","name":"Wepharm WeCalm streso kontrolei 10tab. - anivet.lt","isPartOf":{"@id":"https:\/\/anivet.lt\/elparduotuve\/#website"},"primaryImageOfPage":{"@id":"https:\/\/anivet.lt\/elparduotuve\/produktas\/wepharm-wecalm-streso-kontrolei-10tab\/#primaryimage"},"image":{"@id":"https:\/\/anivet.lt\/elparduotuve\/produktas\/wepharm-wecalm-streso-kontrolei-10tab\/#primaryimage"},"thumbnailUrl":"https:\/\/anivet.lt\/elparduotuve\/wp-content\/uploads\/2025\/01\/48.-Wepharm-WeCalm-streso-kontrolei-10-tab.jpeg","datePublished":"2025-01-10T09:38:04+00:00","dateModified":"2026-01-29T17:16:10+00:00","description":"Pa\u0161aro papildas, padedantis \u0161unims ir kat\u0117ms i\u0161likti ramiems stresin\u0117se situacijose. \u0160i priemon\u0117 sukurta specialiai raminimui ir \u012ftampos ma\u017einimui,","breadcrumb":{"@id":"https:\/\/anivet.lt\/elparduotuve\/produktas\/wepharm-wecalm-streso-kontrolei-10tab\/#breadcrumb"},"inLanguage":"lt-LT","potentialAction":[{"@type":"ReadAction","target":["https:\/\/anivet.lt\/elparduotuve\/produktas\/wepharm-wecalm-streso-kontrolei-10tab\/"]}]},{"@type":"ImageObject","inLanguage":"lt-LT","@id":"https:\/\/anivet.lt\/elparduotuve\/produktas\/wepharm-wecalm-streso-kontrolei-10tab\/#primaryimage","url":"https:\/\/anivet.lt\/elparduotuve\/wp-content\/uploads\/2025\/01\/48.-Wepharm-WeCalm-streso-kontrolei-10-tab.jpeg","contentUrl":"https:\/\/anivet.lt\/elparduotuve\/wp-content\/uploads\/2025\/01\/48.-Wepharm-WeCalm-streso-kontrolei-10-tab.jpeg","width":950,"height":870,"caption":"Wepharm WeCalm streso kontrolei 10tab."},{"@type":"BreadcrumbList","@id":"https:\/\/anivet.lt\/elparduotuve\/produktas\/wepharm-wecalm-streso-kontrolei-10tab\/#breadcrumb","itemListElement":[{"@type":"ListItem","position":1,"name":"Home","item":"https:\/\/anivet.lt\/elparduotuve\/"},{"@type":"ListItem","position":2,"name":"Produktai","item":"https:\/\/anivet.lt\/elparduotuve\/produktai\/"},{"@type":"ListItem","position":3,"name":"Wepharm WeCalm streso kontrolei 10tab."}]},{"@type":"WebSite","@id":"https:\/\/anivet.lt\/elparduotuve\/#website","url":"https:\/\/anivet.lt\/elparduotuve\/","name":"anivet.lt","description":"Viskas J\u016bs\u0173 \u0161uns, kat\u0117s prie\u017ei\u016brai","publisher":{"@id":"https:\/\/anivet.lt\/elparduotuve\/#organization"},"alternateName":"Viskas J\u016bs\u0173 \u0161uns, kat\u0117s prie\u017ei\u016brai","potentialAction":[{"@type":"SearchAction","target":{"@type":"EntryPoint","urlTemplate":"https:\/\/anivet.lt\/elparduotuve\/?s={search_term_string}"},"query-input":{"@type":"PropertyValueSpecification","valueRequired":true,"valueName":"search_term_string"}}],"inLanguage":"lt-LT"},{"@type":"Organization","@id":"https:\/\/anivet.lt\/elparduotuve\/#organization","name":"Viskas J\u016bs\u0173 \u0161uns, kat\u0117s prie\u017ei\u016brai","url":"https:\/\/anivet.lt\/elparduotuve\/","logo":{"@type":"ImageObject","inLanguage":"lt-LT","@id":"https:\/\/anivet.lt\/elparduotuve\/#\/schema\/logo\/image\/","url":"https:\/\/anivet.lt\/elparduotuve\/wp-content\/uploads\/2023\/06\/logo2.jpg","contentUrl":"https:\/\/anivet.lt\/elparduotuve\/wp-content\/uploads\/2023\/06\/logo2.jpg","width":655,"height":194,"caption":"Viskas J\u016bs\u0173 \u0161uns, kat\u0117s prie\u017ei\u016brai"},"image":{"@id":"https:\/\/anivet.lt\/elparduotuve\/#\/schema\/logo\/image\/"}}]}},"_links":{"self":[{"href":"https:\/\/anivet.lt\/elparduotuve\/wp-json\/wp\/v2\/product\/16216","targetHints":{"allow":["GET"]}}],"collection":[{"href":"https:\/\/anivet.lt\/elparduotuve\/wp-json\/wp\/v2\/product"}],"about":[{"href":"https:\/\/anivet.lt\/elparduotuve\/wp-json\/wp\/v2\/types\/product"}],"wp:featuredmedia":[{"embeddable":true,"href":"https:\/\/anivet.lt\/elparduotuve\/wp-json\/wp\/v2\/media\/16218"}],"wp:attachment":[{"href":"https:\/\/anivet.lt\/elparduotuve\/wp-json\/wp\/v2\/media?parent=16216"}],"wp:term":[{"taxonomy":"product_brand","embeddable":true,"href":"https:\/\/anivet.lt\/elparduotuve\/wp-json\/wp\/v2\/product_brand?post=16216"},{"taxonomy":"product_cat","embeddable":true,"href":"https:\/\/anivet.lt\/elparduotuve\/wp-json\/wp\/v2\/product_cat?post=16216"},{"taxonomy":"product_tag","embeddable":true,"href":"https:\/\/anivet.lt\/elparduotuve\/wp-json\/wp\/v2\/product_tag?post=16216"}],"curies":[{"name":"wp","href":"https:\/\/api.w.org\/{rel}","templated":true}]}}